{"id":34102,"date":"2026-03-12T22:36:56","date_gmt":"2026-03-12T22:36:56","guid":{"rendered":"https:\/\/vitablanca.ma\/?post_type=product&#038;p=34102"},"modified":"2026-03-28T17:51:57","modified_gmt":"2026-03-28T17:51:57","slug":"source-naturals-hgh-surge-150-comprimes-maroc-prix","status":"publish","type":"product","link":"https:\/\/vitablanca.ma\/ar\/product-2\/source-naturals-hgh-surge-150-comprimes-maroc-prix\/","title":{"rendered":"Source Naturals, HGH Surge\u2122, 150 comprim\u00e9s"},"content":{"rendered":"<div class=\"row item-row\">\n<div class=\"col-xs-24\">\n<div>\n<p>HGH\u00a0Surge de Source\u00a0Naturals est une formule Bio-Aligned\u00a0Formula \u00e0 multiples facettes favorisant des taux sains d\u2019hormones de croissance humaines naturelles. HGH\u00a0Surge apporte un soutien nutritionnel et des neurotransmetteurs qui ont fait leurs preuves pour stimuler la production et la lib\u00e9ration d\u2019hormones de croissance humaines par l\u2019organisme.<\/p>\n<\/div>\n<\/div>\n<\/div>\n<div class=\"row item-row\">\n<div class=\"col-xs-24\">\n<h3><strong>Usage sugg\u00e9r\u00e9<\/strong><\/h3>\n<div class=\"prodOverviewDetail\">\n<p>5\u00a0comprim\u00e9s avant l\u2019activit\u00e9 physique et\/ou au coucher avec beaucoup d\u2019eau au moins deux heures apr\u00e8s le dernier repas. Cesser l\u2019utilisation ou r\u00e9duire la posologie si l\u2019un des sympt\u00f4mes suivants appara\u00eet\u00a0: naus\u00e9es, salivation excessive, vomissements, diarrh\u00e9e, spasmes musculaires, crampes, miction excessive, insomnie, maux de t\u00eate, arythmies cardiaques, hypertension art\u00e9rielle, sautes d\u2019humeur ou d\u00e9s\u00e9quilibre \u00e9motionnel.<\/p>\n<\/div>\n<\/div>\n<\/div>\n<div class=\"row item-row\">\n<div class=\"col-xs-24\">\n<h3><strong>Autres ingr\u00e9dients<\/strong><\/h3>\n<div class=\"prodOverviewIngred\">\n<p>Cellulose microcristalline silicifi\u00e9e, silice, acide st\u00e9arique, et st\u00e9arate de magn\u00e9sium.<\/p>\n<\/div>\n<\/div>\n<\/div>\n<div class=\"row item-row\">\n<div class=\"col-xs-24\">\n<h3><strong>Avertissements<\/strong><\/h3>\n<div class=\"prodOverviewDetail\">\n<p>Ce produit n\u2019est pas destin<\/p>\n<table border=\"1\" width=\"100%\" cellspacing=\"0\" cellpadding=\"3\">\n<tbody>\n<tr valign=\"top\">\n<td colspan=\"3\"><strong>Propri\u00e9t\u00e9s<\/strong><\/td>\n<\/tr>\n<tr valign=\"top\">\n<td colspan=\"3\"><strong>Portion\u00a0:<\/strong>\u00a05\u00a0comprim\u00e9s<\/td>\n<\/tr>\n<tr valign=\"top\">\n<td colspan=\"3\"><strong>Portions par contenant\u00a0:\u00a0<\/strong>30<\/td>\n<\/tr>\n<tr valign=\"top\">\n<td width=\"58%\"><\/td>\n<td width=\"21%\"><strong>Quantit\u00e9 par portion<\/strong><\/td>\n<td width=\"21%\"><strong>%\u00a0D\u2019AJ<\/strong><\/td>\n<\/tr>\n<tr valign=\"top\">\n<td>Calories<\/td>\n<td>20<\/td>\n<td><\/td>\n<\/tr>\n<tr>\n<td>Total des glucides<\/td>\n<td>1\u00a0g<\/td>\n<td><1\u00a0%*<\/td>\n<\/tr>\n<tr valign=\"top\">\n<td>Fibres alimentaires<\/td>\n<td>1\u00a0g<\/td>\n<td>4\u00a0%*<\/td>\n<\/tr>\n<tr valign=\"top\">\n<td>Prot\u00e9ines<\/td>\n<td>1\u00a0g<\/td>\n<td>2\u00a0%*<\/td>\n<\/tr>\n<tr valign=\"top\">\n<td>Niacine (sous forme de nicotinate d\u2019inositol)<\/td>\n<td>400\u00a0mg<\/td>\n<td>2500\u00a0%<\/td>\n<\/tr>\n<tr valign=\"top\">\n<td>Chrome (sous forme de polynicotinate de chrome [ChromeMate\u00ae])<\/td>\n<td>200\u00a0\u00b5g<\/td>\n<td>571\u00a0%<\/td>\n<\/tr>\n<tr valign=\"top\">\n<td>L-arginine L-pyroglutamate<\/td>\n<td>1\u00a0g<\/td>\n<td>*<\/td>\n<\/tr>\n<tr valign=\"top\">\n<td>Chlorhydrate de L-lysine<\/td>\n<td>740\u00a0mg<\/td>\n<td>*<\/td>\n<\/tr>\n<tr valign=\"top\">\n<td>L-glutamine<\/td>\n<td>500\u00a0mg<\/td>\n<td>*<\/td>\n<\/tr>\n<tr>\n<td>Chlorhydrate de L-ornithine<\/td>\n<td>500\u00a0mg<\/td>\n<td>*<\/td>\n<\/tr>\n<tr valign=\"top\">\n<td>Chlorhydrate\u00a0d\u2019ac\u00e9tyl-L-carnitine<\/td>\n<td>450\u00a0mg<\/td>\n<td>*<\/td>\n<\/tr>\n<tr valign=\"top\">\n<td>Glycine<\/td>\n<td>400\u00a0mg<\/td>\n<td>*<\/td>\n<\/tr>\n<tr valign=\"top\">\n<td>Acide \u03b3-aminobutyrique<\/td>\n<td>350\u00a0mg<\/td>\n<td>*<\/td>\n<\/tr>\n<tr>\n<td>L-citrulline<\/td>\n<td>250\u00a0mg<\/td>\n<td>*<\/td>\n<\/tr>\n<tr>\n<td>DMAE (sous forme de bitartrate)<\/td>\n<td>100\u00a0mg<\/td>\n<td>*<\/td>\n<\/tr>\n<tr>\n<td>Extrait de feuille de ginkgo biloba (24\u00a0% de flavone glycosides et 6\u00a0% de lactones terp\u00e9niques)<\/td>\n<td>100\u00a0mg<\/td>\n<td>*<\/td>\n<\/tr>\n<tr>\n<td>Extrait de pois mascate standardis\u00e9 \u00e0 60\u00a0%<br \/>\n(fournissant 45\u00a0mg de L-Dopa)<\/td>\n<td>75\u00a0mg<\/td>\n<td>*<\/td>\n<\/tr>\n<tr valign=\"top\">\n<td>5-HTP (L-5-hydroxytryptophane)<\/td>\n<td>50\u00a0mg<\/td>\n<td>*<\/td>\n<\/tr>\n<tr valign=\"top\">\n<td>Huperzine A (issue d\u2019extrait d\u2019Huperzia serrata enti\u00e8re)<\/td>\n<td>50\u00a0\u00b5g<\/td>\n<td>*<\/td>\n<\/tr>\n<tr valign=\"top\">\n<td colspan=\"3\">*\u00a0Pourcentage d\u2019apport journalier (% d\u2019apport journalier) bas\u00e9 sur un r\u00e9gime \u00e0 2000\u00a0calories.<br \/>\nApport journalier non \u00e9tabli.<\/td>\n<\/tr>\n<\/tbody>\n<\/table>\n<p>\u00e9 aux enfants, aux femmes enceintes, susceptibles de tomber enceintes ou qui allaitent, ou \u00e0 toute personne ayant re\u00e7u un diagnostic de toute forme de cancer. Si vous souffrez de troubles psychiatriques, d\u2019ulc\u00e8res, de diab\u00e8te, de tremblements, d\u2019\u00e9pilepsie, d\u2019asthme, d\u2019incontinence urinaire, d\u2019arythmie cardiaque, d\u2019hypertension art\u00e9rielle ou du syndrome du canal carpien, ou si vous prenez de la warfarine (Coumadin) ou tout autre m\u00e9dicament sur ordonnance, consultez votre m\u00e9decin avant d\u2019utiliser ce produit.<\/p>\n<p>Avertissement \u00e9mis par la Californie\u00a0: risques pour la reproduction.<\/p>\n<p>Ne pas utiliser si l\u2019opercule de protection est perc\u00e9 ou manquant. Tenir hors de port\u00e9e des enfants.<\/p>\n<p>\u00a0<\/p>\n<\/div>\n<\/div>\n<\/div>\n","protected":false},"excerpt":{"rendered":"<ul>\n<li>BioAlign<\/li>\n<li>\u0645\u0643\u0645\u0644 \u063a\u0630\u0627\u0626\u064a<\/li>\n<li>Stimulateur d&rsquo;hormones de croissance pour une vitalit\u00e9 juv\u00e9nile<\/li>\n<\/ul>","protected":false},"featured_media":34103,"template":"","meta":{"om_disable_all_campaigns":false},"product_brand":[405],"product_cat":[18,8967,3366,11912,8014,8038,11913],"product_tag":[11915,1699,181,398,11916,11914,3492,11032,406,4307],"class_list":{"0":"post-34102","1":"product","2":"type-product","3":"status-publish","4":"has-post-thumbnail","6":"product_brand-source-naturals-prix-maroc","7":"product_cat-beaute-sante","8":"product_cat-complements","9":"product_cat-complements-alimentaires-au-maroc-vitablanca","10":"product_cat-mens-formulas","11":"product_cat-sante-feminine","12":"product_cat-sante-masculine","13":"product_cat-soutien-a-la-perimenopause-et-a-la-menopause","14":"product_tag-150-comprimes","15":"product_tag-bien-etre","16":"product_tag-complement-alimentaire","17":"product_tag-energie","18":"product_tag-formule-avancee","19":"product_tag-hgh-surge","20":"product_tag-maroc","21":"product_tag-recuperation","22":"product_tag-source-naturals","23":"product_tag-vitalite","25":"first","26":"instock","27":"sale","28":"taxable","29":"shipping-taxable","30":"purchasable","31":"product-type-simple"},"yoast_head":"<!-- This site is optimized with the Yoast SEO plugin v27.5 - https:\/\/yoast.com\/product\/yoast-seo-wordpress\/ -->\n<title>Source Naturals HGH Surge 150 Comprim\u00e9s \u2013 Maroc Prix<\/title>\n<meta name=\"description\" content=\"Source Naturals HGH Surge, 150 comprim\u00e9s. Formule avanc\u00e9e con\u00e7ue pour soutenir la vitalit\u00e9, la r\u00e9cup\u00e9ration et le bien-\u00eatre g\u00e9n\u00e9ral. Disponible au Maroc.\" \/>\n<meta name=\"robots\" content=\"index, follow, max-snippet:-1, max-image-preview:large, max-video-preview:-1\" \/>\n<link rel=\"canonical\" href=\"https:\/\/vitablanca.ma\/ar\/product-2\/source-naturals-hgh-surge-150-comprimes-maroc-prix\/\" \/>\n<meta property=\"og:locale\" content=\"ar_AR\" \/>\n<meta property=\"og:type\" content=\"article\" \/>\n<meta property=\"og:title\" content=\"Source Naturals HGH Surge 150 Comprim\u00e9s \u2013 Maroc Prix\" \/>\n<meta property=\"og:description\" content=\"Source Naturals HGH Surge, 150 comprim\u00e9s. Formule avanc\u00e9e con\u00e7ue pour soutenir la vitalit\u00e9, la r\u00e9cup\u00e9ration et le bien-\u00eatre g\u00e9n\u00e9ral. Disponible au Maroc.\" \/>\n<meta property=\"og:url\" content=\"https:\/\/vitablanca.ma\/ar\/product-2\/source-naturals-hgh-surge-150-comprimes-maroc-prix\/\" \/>\n<meta property=\"og:site_name\" content=\"Vitablanca.ma &ndash; Sant&eacute;, vitalit&eacute; et bien-&ecirc;tre pour tous les Marocains\" \/>\n<meta property=\"article:publisher\" content=\"https:\/\/www.facebook.com\/profile.php?id=61576678196717\" \/>\n<meta property=\"article:modified_time\" content=\"2026-03-28T17:51:57+00:00\" \/>\n<meta property=\"og:image\" content=\"https:\/\/vitablanca.ma\/wp-content\/uploads\/2026\/03\/Source-Naturals-HGH-Surge\u2122-150-comprimes1.jpg\" \/>\n\t<meta property=\"og:image:width\" content=\"1600\" \/>\n\t<meta property=\"og:image:height\" content=\"1600\" \/>\n\t<meta property=\"og:image:type\" content=\"image\/jpeg\" \/>\n<meta name=\"twitter:card\" content=\"summary_large_image\" \/>\n<meta name=\"twitter:label1\" content=\"\u0648\u0642\u062a \u0627\u0644\u0642\u0631\u0627\u0621\u0629 \u0627\u0644\u0645\u064f\u0642\u062f\u0651\u0631\" \/>\n\t<meta name=\"twitter:data1\" content=\"3 \u062f\u0642\u0627\u0626\u0642\" \/>\n<script type=\"application\/ld+json\" class=\"yoast-schema-graph\">{\"@context\":\"https:\\\/\\\/schema.org\",\"@graph\":[{\"@type\":[\"WebPage\",\"ItemPage\"],\"@id\":\"https:\\\/\\\/vitablanca.ma\\\/produit\\\/source-naturals-hgh-surge-150-comprimes-maroc-prix\\\/\",\"url\":\"https:\\\/\\\/vitablanca.ma\\\/produit\\\/source-naturals-hgh-surge-150-comprimes-maroc-prix\\\/\",\"name\":\"Source Naturals HGH Surge 150 Comprim\u00e9s \u2013 Maroc Prix\",\"isPartOf\":{\"@id\":\"https:\\\/\\\/vitablanca.ma\\\/#website\"},\"primaryImageOfPage\":{\"@id\":\"https:\\\/\\\/vitablanca.ma\\\/produit\\\/source-naturals-hgh-surge-150-comprimes-maroc-prix\\\/#primaryimage\"},\"image\":{\"@id\":\"https:\\\/\\\/vitablanca.ma\\\/produit\\\/source-naturals-hgh-surge-150-comprimes-maroc-prix\\\/#primaryimage\"},\"thumbnailUrl\":\"https:\\\/\\\/vitablanca.ma\\\/wp-content\\\/uploads\\\/2026\\\/03\\\/Source-Naturals-HGH-Surge\u2122-150-comprimes1.jpg\",\"datePublished\":\"2026-03-12T22:36:56+00:00\",\"dateModified\":\"2026-03-28T17:51:57+00:00\",\"description\":\"Source Naturals HGH Surge, 150 comprim\u00e9s. Formule avanc\u00e9e con\u00e7ue pour soutenir la vitalit\u00e9, la r\u00e9cup\u00e9ration et le bien-\u00eatre g\u00e9n\u00e9ral. Disponible au Maroc.\",\"breadcrumb\":{\"@id\":\"https:\\\/\\\/vitablanca.ma\\\/produit\\\/source-naturals-hgh-surge-150-comprimes-maroc-prix\\\/#breadcrumb\"},\"inLanguage\":\"ar\",\"potentialAction\":[{\"@type\":\"ReadAction\",\"target\":[\"https:\\\/\\\/vitablanca.ma\\\/produit\\\/source-naturals-hgh-surge-150-comprimes-maroc-prix\\\/\"]}]},{\"@type\":\"ImageObject\",\"inLanguage\":\"ar\",\"@id\":\"https:\\\/\\\/vitablanca.ma\\\/produit\\\/source-naturals-hgh-surge-150-comprimes-maroc-prix\\\/#primaryimage\",\"url\":\"https:\\\/\\\/vitablanca.ma\\\/wp-content\\\/uploads\\\/2026\\\/03\\\/Source-Naturals-HGH-Surge\u2122-150-comprimes1.jpg\",\"contentUrl\":\"https:\\\/\\\/vitablanca.ma\\\/wp-content\\\/uploads\\\/2026\\\/03\\\/Source-Naturals-HGH-Surge\u2122-150-comprimes1.jpg\",\"width\":1600,\"height\":1600},{\"@type\":\"BreadcrumbList\",\"@id\":\"https:\\\/\\\/vitablanca.ma\\\/produit\\\/source-naturals-hgh-surge-150-comprimes-maroc-prix\\\/#breadcrumb\",\"itemListElement\":[{\"@type\":\"ListItem\",\"position\":1,\"name\":\"Home\",\"item\":\"https:\\\/\\\/vitablanca.ma\\\/\"},{\"@type\":\"ListItem\",\"position\":2,\"name\":\"Tous Les Produits\",\"item\":\"https:\\\/\\\/vitablanca.ma\\\/tous-les-produits\\\/\"},{\"@type\":\"ListItem\",\"position\":3,\"name\":\"Source Naturals, HGH Surge\u2122, 150 comprim\u00e9s\"}]},{\"@type\":\"WebSite\",\"@id\":\"https:\\\/\\\/vitablanca.ma\\\/#website\",\"url\":\"https:\\\/\\\/vitablanca.ma\\\/\",\"name\":\"VitaBlanca.ma | Compl\u00e9ments alimentaires, sant\u00e9 & beaut\u00e9 au Maroc\",\"description\":\"vendre vitamines et compl\u00e9ments premium des USA &amp; Canada, Nouvelle Z\u00e9lande,Maroc (NOW Foods, Solgar, Manuka). Livraison rapide partout au Maroc.\",\"publisher\":{\"@id\":\"https:\\\/\\\/vitablanca.ma\\\/#organization\"},\"alternateName\":\"VitaBlanca.ma\",\"potentialAction\":[{\"@type\":\"SearchAction\",\"target\":{\"@type\":\"EntryPoint\",\"urlTemplate\":\"https:\\\/\\\/vitablanca.ma\\\/?s={search_term_string}\"},\"query-input\":{\"@type\":\"PropertyValueSpecification\",\"valueRequired\":true,\"valueName\":\"search_term_string\"}}],\"inLanguage\":\"ar\"},{\"@type\":\"Organization\",\"@id\":\"https:\\\/\\\/vitablanca.ma\\\/#organization\",\"name\":\"VitaBlanca\",\"url\":\"https:\\\/\\\/vitablanca.ma\\\/\",\"logo\":{\"@type\":\"ImageObject\",\"inLanguage\":\"ar\",\"@id\":\"https:\\\/\\\/vitablanca.ma\\\/#\\\/schema\\\/logo\\\/image\\\/\",\"url\":\"https:\\\/\\\/vitablanca.ma\\\/wp-content\\\/uploads\\\/2025\\\/05\\\/cropped-vitablanca.png\",\"contentUrl\":\"https:\\\/\\\/vitablanca.ma\\\/wp-content\\\/uploads\\\/2025\\\/05\\\/cropped-vitablanca.png\",\"width\":360,\"height\":67,\"caption\":\"VitaBlanca\"},\"image\":{\"@id\":\"https:\\\/\\\/vitablanca.ma\\\/#\\\/schema\\\/logo\\\/image\\\/\"},\"sameAs\":[\"https:\\\/\\\/www.facebook.com\\\/profile.php?id=61576678196717\",\"https:\\\/\\\/www.tiktok.com\\\/@vitablanca.ma\",\"https:\\\/\\\/www.instagram.com\\\/vitablanca.ma\\\/\"]}]}<\/script>\n<!-- \/ Yoast SEO plugin. -->","yoast_head_json":{"title":"Source Naturals HGH Surge 150 Comprim\u00e9s \u2013 Maroc Prix","description":"Source Naturals HGH Surge, 150 comprim\u00e9s. Formule avanc\u00e9e con\u00e7ue pour soutenir la vitalit\u00e9, la r\u00e9cup\u00e9ration et le bien-\u00eatre g\u00e9n\u00e9ral. Disponible au Maroc.","robots":{"index":"index","follow":"follow","max-snippet":"max-snippet:-1","max-image-preview":"max-image-preview:large","max-video-preview":"max-video-preview:-1"},"canonical":"https:\/\/vitablanca.ma\/ar\/product-2\/source-naturals-hgh-surge-150-comprimes-maroc-prix\/","og_locale":"ar_AR","og_type":"article","og_title":"Source Naturals HGH Surge 150 Comprim\u00e9s \u2013 Maroc Prix","og_description":"Source Naturals HGH Surge, 150 comprim\u00e9s. Formule avanc\u00e9e con\u00e7ue pour soutenir la vitalit\u00e9, la r\u00e9cup\u00e9ration et le bien-\u00eatre g\u00e9n\u00e9ral. Disponible au Maroc.","og_url":"https:\/\/vitablanca.ma\/ar\/product-2\/source-naturals-hgh-surge-150-comprimes-maroc-prix\/","og_site_name":"Vitablanca.ma &ndash; Sant&eacute;, vitalit&eacute; et bien-&ecirc;tre pour tous les Marocains","article_publisher":"https:\/\/www.facebook.com\/profile.php?id=61576678196717","article_modified_time":"2026-03-28T17:51:57+00:00","og_image":[{"width":1600,"height":1600,"url":"https:\/\/vitablanca.ma\/wp-content\/uploads\/2026\/03\/Source-Naturals-HGH-Surge\u2122-150-comprimes1.jpg","type":"image\/jpeg"}],"twitter_card":"summary_large_image","twitter_misc":{"\u0648\u0642\u062a \u0627\u0644\u0642\u0631\u0627\u0621\u0629 \u0627\u0644\u0645\u064f\u0642\u062f\u0651\u0631":"3 \u062f\u0642\u0627\u0626\u0642"},"schema":{"@context":"https:\/\/schema.org","@graph":[{"@type":["WebPage","ItemPage"],"@id":"https:\/\/vitablanca.ma\/produit\/source-naturals-hgh-surge-150-comprimes-maroc-prix\/","url":"https:\/\/vitablanca.ma\/produit\/source-naturals-hgh-surge-150-comprimes-maroc-prix\/","name":"Source Naturals HGH Surge 150 Comprim\u00e9s \u2013 Maroc Prix","isPartOf":{"@id":"https:\/\/vitablanca.ma\/#website"},"primaryImageOfPage":{"@id":"https:\/\/vitablanca.ma\/produit\/source-naturals-hgh-surge-150-comprimes-maroc-prix\/#primaryimage"},"image":{"@id":"https:\/\/vitablanca.ma\/produit\/source-naturals-hgh-surge-150-comprimes-maroc-prix\/#primaryimage"},"thumbnailUrl":"https:\/\/vitablanca.ma\/wp-content\/uploads\/2026\/03\/Source-Naturals-HGH-Surge\u2122-150-comprimes1.jpg","datePublished":"2026-03-12T22:36:56+00:00","dateModified":"2026-03-28T17:51:57+00:00","description":"Source Naturals HGH Surge, 150 comprim\u00e9s. Formule avanc\u00e9e con\u00e7ue pour soutenir la vitalit\u00e9, la r\u00e9cup\u00e9ration et le bien-\u00eatre g\u00e9n\u00e9ral. Disponible au Maroc.","breadcrumb":{"@id":"https:\/\/vitablanca.ma\/produit\/source-naturals-hgh-surge-150-comprimes-maroc-prix\/#breadcrumb"},"inLanguage":"ar","potentialAction":[{"@type":"ReadAction","target":["https:\/\/vitablanca.ma\/produit\/source-naturals-hgh-surge-150-comprimes-maroc-prix\/"]}]},{"@type":"ImageObject","inLanguage":"ar","@id":"https:\/\/vitablanca.ma\/produit\/source-naturals-hgh-surge-150-comprimes-maroc-prix\/#primaryimage","url":"https:\/\/vitablanca.ma\/wp-content\/uploads\/2026\/03\/Source-Naturals-HGH-Surge\u2122-150-comprimes1.jpg","contentUrl":"https:\/\/vitablanca.ma\/wp-content\/uploads\/2026\/03\/Source-Naturals-HGH-Surge\u2122-150-comprimes1.jpg","width":1600,"height":1600},{"@type":"BreadcrumbList","@id":"https:\/\/vitablanca.ma\/produit\/source-naturals-hgh-surge-150-comprimes-maroc-prix\/#breadcrumb","itemListElement":[{"@type":"ListItem","position":1,"name":"Home","item":"https:\/\/vitablanca.ma\/"},{"@type":"ListItem","position":2,"name":"Tous Les Produits","item":"https:\/\/vitablanca.ma\/tous-les-produits\/"},{"@type":"ListItem","position":3,"name":"Source Naturals, HGH Surge\u2122, 150 comprim\u00e9s"}]},{"@type":"WebSite","@id":"https:\/\/vitablanca.ma\/#website","url":"https:\/\/vitablanca.ma\/","name":"VitaBlanca.ma | \u0627\u0644\u0645\u0643\u0645\u0644\u0627\u062a \u0627\u0644\u063a\u0630\u0627\u0626\u064a\u0629\u060c \u0627\u0644\u0635\u062d\u0629 \u0648\u0627\u0644\u062c\u0645\u0627\u0644 \u0641\u064a \u0627\u0644\u0645\u063a\u0631\u0628","description":"\u0646\u0628\u064a\u0639 \u0641\u064a\u062a\u0627\u0645\u064a\u0646\u0627\u062a \u0648\u0645\u0643\u0645\u0644\u0627\u062a \u063a\u0630\u0627\u0626\u064a\u0629 \u0641\u0627\u062e\u0631\u0629 \u0645\u0646 \u0627\u0644\u0648\u0644\u0627\u064a\u0627\u062a \u0627\u0644\u0645\u062a\u062d\u062f\u0629 \u0627\u0644\u0623\u0645\u0631\u064a\u0643\u064a\u0629 \u0648\u0643\u0646\u062f\u0627 \u0648\u0646\u064a\u0648\u0632\u064a\u0644\u0646\u062f\u0627 \u0648\u0627\u0644\u0645\u063a\u0631\u0628 (\u0646\u0627\u0648 \u0641\u0648\u062f\u0632\u060c \u0633\u0648\u0644\u062c\u0627\u0631\u060c \u0645\u0627\u0646\u0648\u0643\u0627). \u062a\u0648\u0635\u064a\u0644 \u0633\u0631\u064a\u0639 \u0625\u0644\u0649 \u062c\u0645\u064a\u0639 \u0623\u0646\u062d\u0627\u0621 \u0627\u0644\u0645\u063a\u0631\u0628.","publisher":{"@id":"https:\/\/vitablanca.ma\/#organization"},"alternateName":"VitaBlanca.ma","potentialAction":[{"@type":"SearchAction","target":{"@type":"EntryPoint","urlTemplate":"https:\/\/vitablanca.ma\/?s={search_term_string}"},"query-input":{"@type":"PropertyValueSpecification","valueRequired":true,"valueName":"search_term_string"}}],"inLanguage":"ar"},{"@type":"Organization","@id":"https:\/\/vitablanca.ma\/#organization","name":"\u0641\u064a\u062a\u0627\u0628\u0644\u0627\u0646\u0643\u0627","url":"https:\/\/vitablanca.ma\/","logo":{"@type":"ImageObject","inLanguage":"ar","@id":"https:\/\/vitablanca.ma\/#\/schema\/logo\/image\/","url":"https:\/\/vitablanca.ma\/wp-content\/uploads\/2025\/05\/cropped-vitablanca.png","contentUrl":"https:\/\/vitablanca.ma\/wp-content\/uploads\/2025\/05\/cropped-vitablanca.png","width":360,"height":67,"caption":"VitaBlanca"},"image":{"@id":"https:\/\/vitablanca.ma\/#\/schema\/logo\/image\/"},"sameAs":["https:\/\/www.facebook.com\/profile.php?id=61576678196717","https:\/\/www.tiktok.com\/@vitablanca.ma","https:\/\/www.instagram.com\/vitablanca.ma\/"]}]}},"jetpack_sharing_enabled":true,"_links":{"self":[{"href":"https:\/\/vitablanca.ma\/ar\/wp-json\/wp\/v2\/product\/34102","targetHints":{"allow":["GET"]}}],"collection":[{"href":"https:\/\/vitablanca.ma\/ar\/wp-json\/wp\/v2\/product"}],"about":[{"href":"https:\/\/vitablanca.ma\/ar\/wp-json\/wp\/v2\/types\/product"}],"wp:featuredmedia":[{"embeddable":true,"href":"https:\/\/vitablanca.ma\/ar\/wp-json\/wp\/v2\/media\/34103"}],"wp:attachment":[{"href":"https:\/\/vitablanca.ma\/ar\/wp-json\/wp\/v2\/media?parent=34102"}],"wp:term":[{"taxonomy":"product_brand","embeddable":true,"href":"https:\/\/vitablanca.ma\/ar\/wp-json\/wp\/v2\/product_brand?post=34102"},{"taxonomy":"product_cat","embeddable":true,"href":"https:\/\/vitablanca.ma\/ar\/wp-json\/wp\/v2\/product_cat?post=34102"},{"taxonomy":"product_tag","embeddable":true,"href":"https:\/\/vitablanca.ma\/ar\/wp-json\/wp\/v2\/product_tag?post=34102"}],"curies":[{"name":"wp","href":"https:\/\/api.w.org\/{rel}","templated":true}]}}