{"id":34010,"date":"2026-03-10T04:15:13","date_gmt":"2026-03-10T04:15:13","guid":{"rendered":"https:\/\/vitablanca.ma\/produit\/dr-althea-aqua-marine-deep-serum-30-ml\/"},"modified":"2026-03-10T04:23:43","modified_gmt":"2026-03-10T04:23:43","slug":"dr-althea-aqua-marine-deep-serum-30-ml","status":"publish","type":"product","link":"https:\/\/vitablanca.ma\/ar\/product-2\/dr-althea-aqua-marine-deep-serum-30-ml\/","title":{"rendered":"DR. ALTHEA AQUA MARINE DEEP SERUM 30 ml"},"content":{"rendered":"<p><strong data-start=\"632\" data-end=\"669\">Dr. Althea Aqua Marine Deep Serum<\/strong> est un s\u00e9rum hydratant cor\u00e9en qui aide \u00e0 nourrir intens\u00e9ment la peau, renforcer la barri\u00e8re cutan\u00e9e et am\u00e9liorer l\u2019\u00e9lasticit\u00e9 pour un teint plus frais et lumineux.<\/p>\n<p data-start=\"914\" data-end=\"1289\"><strong data-start=\"914\" data-end=\"959\">Dr. Althea Aqua Marine Deep Serum (30 ml)<\/strong> est un s\u00e9rum hydratant avanc\u00e9 con\u00e7u pour apporter une <strong data-start=\"1014\" data-end=\"1049\">hydratation profonde et durable<\/strong> \u00e0 la peau tout en am\u00e9liorant son \u00e9lasticit\u00e9 et sa texture. Sa formule l\u00e9g\u00e8re p\u00e9n\u00e8tre rapidement dans la peau sans laisser de sensation collante, ce qui le rend id\u00e9al pour une utilisation quotidienne.<\/p>\n<p data-start=\"1291\" data-end=\"1732\">Ce s\u00e9rum est formul\u00e9 avec <strong data-start=\"1317\" data-end=\"1341\">70 % d\u2019eau de bambou<\/strong>, un ingr\u00e9dient riche en min\u00e9raux et en antioxydants qui aide \u00e0 hydrater intens\u00e9ment la peau et \u00e0 renforcer sa barri\u00e8re protectrice. Il contient \u00e9galement plusieurs actifs hydratants et apaisants comme l\u2019<strong data-start=\"1545\" data-end=\"1567\">\u062d\u0645\u0636 \u0627\u0644\u0647\u064a\u0627\u0644\u0648\u0631\u0648\u0646\u064a\u0643<\/strong>\u060c \u0627\u0644 <strong data-start=\"1572\" data-end=\"1599\">panth\u00e9nol (vitamine B5)<\/strong> \u0648 <strong data-start=\"1607\" data-end=\"1626\">extraits marins<\/strong>, qui contribuent \u00e0 revitaliser la peau et am\u00e9liorer sa souplesse.<\/p>\n<p data-start=\"1734\" data-end=\"1948\">\u0645\u064f\u062e\u0635\u0628 \u0628\u0640 <strong data-start=\"1745\" data-end=\"1795\">niacinamide, Centella Asiatica et PDRN v\u00e9g\u00e9tal<\/strong>, ce s\u00e9rum aide \u00e9galement \u00e0 calmer les irritations, uniformiser le teint et favoriser la r\u00e9g\u00e9n\u00e9ration de la peau.<\/p>\n<p data-start=\"1950\" data-end=\"2163\">Sa texture gel l\u00e9g\u00e8re convient \u00e0 tous les types de peau, notamment les <strong data-start=\"2021\" data-end=\"2067\">peaux d\u00e9shydrat\u00e9es, sensibles ou fatigu\u00e9es<\/strong>, en laissant la peau plus douce, repulp\u00e9e et \u00e9clatante.<\/p>\n<h2 data-section-id=\"wnurfd\" data-start=\"2799\" data-end=\"2824\">\u0637\u0631\u064a\u0642\u0629 \u0627\u0644\u0627\u0633\u062a\u062e\u062f\u0627\u0645<\/h2>\n<ol data-start=\"2825\" data-end=\"3121\">\n<li data-section-id=\"n1iylp\" data-start=\"2825\" data-end=\"2861\">\n<p data-start=\"2828\" data-end=\"2861\">Nettoyer et tonifier le visage.<\/p>\n<\/li>\n<li data-section-id=\"j55h5x\" data-start=\"2862\" data-end=\"2926\">\n<p data-start=\"2865\" data-end=\"2926\">\u064a\u062a\u0642\u062f\u0645 <strong data-start=\"2875\" data-end=\"2899\">2-3 gouttes de s\u00e9rum<\/strong> sur le visage et le cou.<\/p>\n<\/li>\n<li data-section-id=\"pwtt8h\" data-start=\"2927\" data-end=\"2978\">\n<p data-start=\"2930\" data-end=\"2978\">Tapoter doucement jusqu\u2019\u00e0 absorption compl\u00e8te.<\/p>\n<\/li>\n<li data-section-id=\"27p7jb\" data-start=\"2979\" data-end=\"3121\">\n<p data-start=\"2982\" data-end=\"3121\">Appliquer ensuite votre cr\u00e8me hydratante.<br data-start=\"3023\" data-end=\"3026\" \/>Utiliser <strong data-start=\"3035\" data-end=\"3052\">\u0635\u0628\u0627\u062d\u0627 \u0648\u0645\u0633\u0627\u0621\u0627<\/strong> pour de meilleurs r\u00e9sultats.<\/p>\n<\/li>\n<\/ol>","protected":false},"excerpt":{"rendered":"<p>Dr. Althea Aqua Marine Deep Serum est un s\u00e9rum hydratant cor\u00e9en qui aide \u00e0 nourrir intens\u00e9ment la peau, renforcer la barri\u00e8re cutan\u00e9e et am\u00e9liorer l\u2019\u00e9lasticit\u00e9 pour un teint plus frais et lumineux. Dr. Althea Aqua Marine Deep Serum (30 ml) est un s\u00e9rum hydratant avanc\u00e9 con\u00e7u pour apporter une hydratation profonde et durable \u00e0 la [&hellip;]<\/p>\n","protected":false},"featured_media":34007,"template":"","meta":{"om_disable_all_campaigns":false},"product_brand":[5666],"product_cat":[18,15,1117],"product_tag":[11788,5657,11793,11790,11795,11791,11794,11789,11792,7207,6448],"class_list":{"0":"post-34010","1":"product","2":"type-product","3":"status-publish","4":"has-post-thumbnail","6":"product_brand-dr-althea-maroc-prix","7":"product_cat-beaute-sante","8":"product_cat-beaute-sante-complements-alimentaires-soins-et-bien-etre-au-meilleur-prix","9":"product_cat-korean-skin-care","10":"product_tag-aqua-marine-deep-serum","11":"product_tag-dr-althea-maroc","12":"product_tag-k-beauty-hydratation","13":"product_tag-k-beauty-serum-maroc","14":"product_tag-routine-skincare-coreenne","15":"product_tag-serum-acide-hyaluronique-maroc","16":"product_tag-serum-acide-hyaluronique-visage","17":"product_tag-serum-hydratant-coreen","18":"product_tag-serum-hydratant-coreen-maroc","19":"product_tag-serum-peau-sensible","20":"product_tag-soin-hydratation-visage","22":"first","23":"instock","24":"sale","25":"taxable","26":"shipping-taxable","27":"purchasable","28":"product-type-simple"},"yoast_head":"<!-- This site is optimized with the Yoast SEO plugin v27.4 - https:\/\/yoast.com\/product\/yoast-seo-wordpress\/ -->\n<title>DR. ALTHEA AQUA MARINE DEEP SERUM 30 ml - Maroc Prix<\/title>\n<meta name=\"description\" content=\"Dr. Althea Aqua Marine Deep Serum hydrate intens\u00e9ment la peau gr\u00e2ce \u00e0 l\u2019eau de bambou et l\u2019acide hyaluronique. S\u00e9rum apaisant pour peau sensible.\" \/>\n<meta name=\"robots\" content=\"index, follow, max-snippet:-1, max-image-preview:large, max-video-preview:-1\" \/>\n<link rel=\"canonical\" href=\"https:\/\/vitablanca.ma\/ar\/product-2\/dr-althea-aqua-marine-deep-serum-30-ml\/\" \/>\n<meta property=\"og:locale\" content=\"ar_AR\" \/>\n<meta property=\"og:type\" content=\"article\" \/>\n<meta property=\"og:title\" content=\"DR. ALTHEA AQUA MARINE DEEP SERUM 30 ml - Maroc Prix\" \/>\n<meta property=\"og:description\" content=\"Dr. Althea Aqua Marine Deep Serum hydrate intens\u00e9ment la peau gr\u00e2ce \u00e0 l\u2019eau de bambou et l\u2019acide hyaluronique. S\u00e9rum apaisant pour peau sensible.\" \/>\n<meta property=\"og:url\" content=\"https:\/\/vitablanca.ma\/ar\/product-2\/dr-althea-aqua-marine-deep-serum-30-ml\/\" \/>\n<meta property=\"og:site_name\" content=\"Vitablanca.ma &ndash; Sant&eacute;, vitalit&eacute; et bien-&ecirc;tre pour tous les Marocains\" \/>\n<meta property=\"article:publisher\" content=\"https:\/\/www.facebook.com\/profile.php?id=61576678196717\" \/>\n<meta property=\"article:modified_time\" content=\"2026-03-10T04:23:43+00:00\" \/>\n<meta property=\"og:image\" content=\"https:\/\/vitablanca.ma\/wp-content\/uploads\/2026\/03\/29-800x800-1.png\" \/>\n\t<meta property=\"og:image:width\" content=\"800\" \/>\n\t<meta property=\"og:image:height\" content=\"800\" \/>\n\t<meta property=\"og:image:type\" content=\"image\/png\" \/>\n<meta name=\"twitter:card\" content=\"summary_large_image\" \/>\n<meta name=\"twitter:label1\" content=\"\u0648\u0642\u062a \u0627\u0644\u0642\u0631\u0627\u0621\u0629 \u0627\u0644\u0645\u064f\u0642\u062f\u0651\u0631\" \/>\n\t<meta name=\"twitter:data1\" content=\"\u062f\u0642\u064a\u0642\u062a\u0627\u0646\" \/>\n<script type=\"application\/ld+json\" class=\"yoast-schema-graph\">{\"@context\":\"https:\\\/\\\/schema.org\",\"@graph\":[{\"@type\":[\"WebPage\",\"ItemPage\"],\"@id\":\"https:\\\/\\\/vitablanca.ma\\\/produit\\\/dr-althea-aqua-marine-deep-serum-30-ml\\\/\",\"url\":\"https:\\\/\\\/vitablanca.ma\\\/produit\\\/dr-althea-aqua-marine-deep-serum-30-ml\\\/\",\"name\":\"DR. ALTHEA AQUA MARINE DEEP SERUM 30 ml - Maroc Prix\",\"isPartOf\":{\"@id\":\"https:\\\/\\\/vitablanca.ma\\\/#website\"},\"primaryImageOfPage\":{\"@id\":\"https:\\\/\\\/vitablanca.ma\\\/produit\\\/dr-althea-aqua-marine-deep-serum-30-ml\\\/#primaryimage\"},\"image\":{\"@id\":\"https:\\\/\\\/vitablanca.ma\\\/produit\\\/dr-althea-aqua-marine-deep-serum-30-ml\\\/#primaryimage\"},\"thumbnailUrl\":\"https:\\\/\\\/vitablanca.ma\\\/wp-content\\\/uploads\\\/2026\\\/03\\\/29-800x800-1.png\",\"datePublished\":\"2026-03-10T04:15:13+00:00\",\"dateModified\":\"2026-03-10T04:23:43+00:00\",\"description\":\"Dr. Althea Aqua Marine Deep Serum hydrate intens\u00e9ment la peau gr\u00e2ce \u00e0 l\u2019eau de bambou et l\u2019acide hyaluronique. S\u00e9rum apaisant pour peau sensible.\",\"breadcrumb\":{\"@id\":\"https:\\\/\\\/vitablanca.ma\\\/produit\\\/dr-althea-aqua-marine-deep-serum-30-ml\\\/#breadcrumb\"},\"inLanguage\":\"ar\",\"potentialAction\":[{\"@type\":\"ReadAction\",\"target\":[\"https:\\\/\\\/vitablanca.ma\\\/produit\\\/dr-althea-aqua-marine-deep-serum-30-ml\\\/\"]}]},{\"@type\":\"ImageObject\",\"inLanguage\":\"ar\",\"@id\":\"https:\\\/\\\/vitablanca.ma\\\/produit\\\/dr-althea-aqua-marine-deep-serum-30-ml\\\/#primaryimage\",\"url\":\"https:\\\/\\\/vitablanca.ma\\\/wp-content\\\/uploads\\\/2026\\\/03\\\/29-800x800-1.png\",\"contentUrl\":\"https:\\\/\\\/vitablanca.ma\\\/wp-content\\\/uploads\\\/2026\\\/03\\\/29-800x800-1.png\",\"width\":800,\"height\":800},{\"@type\":\"BreadcrumbList\",\"@id\":\"https:\\\/\\\/vitablanca.ma\\\/produit\\\/dr-althea-aqua-marine-deep-serum-30-ml\\\/#breadcrumb\",\"itemListElement\":[{\"@type\":\"ListItem\",\"position\":1,\"name\":\"Home\",\"item\":\"https:\\\/\\\/vitablanca.ma\\\/\"},{\"@type\":\"ListItem\",\"position\":2,\"name\":\"Tous Les Produits\",\"item\":\"https:\\\/\\\/vitablanca.ma\\\/tous-les-produits\\\/\"},{\"@type\":\"ListItem\",\"position\":3,\"name\":\"DR. ALTHEA AQUA MARINE DEEP SERUM 30 ml\"}]},{\"@type\":\"WebSite\",\"@id\":\"https:\\\/\\\/vitablanca.ma\\\/#website\",\"url\":\"https:\\\/\\\/vitablanca.ma\\\/\",\"name\":\"VitaBlanca.ma | Compl\u00e9ments alimentaires, sant\u00e9 & beaut\u00e9 au Maroc\",\"description\":\"vendre vitamines et compl\u00e9ments premium des USA &amp; Canada, Nouvelle Z\u00e9lande,Maroc (NOW Foods, Solgar, Manuka). Livraison rapide partout au Maroc.\",\"publisher\":{\"@id\":\"https:\\\/\\\/vitablanca.ma\\\/#organization\"},\"alternateName\":\"VitaBlanca.ma\",\"potentialAction\":[{\"@type\":\"SearchAction\",\"target\":{\"@type\":\"EntryPoint\",\"urlTemplate\":\"https:\\\/\\\/vitablanca.ma\\\/?s={search_term_string}\"},\"query-input\":{\"@type\":\"PropertyValueSpecification\",\"valueRequired\":true,\"valueName\":\"search_term_string\"}}],\"inLanguage\":\"ar\"},{\"@type\":\"Organization\",\"@id\":\"https:\\\/\\\/vitablanca.ma\\\/#organization\",\"name\":\"VitaBlanca\",\"url\":\"https:\\\/\\\/vitablanca.ma\\\/\",\"logo\":{\"@type\":\"ImageObject\",\"inLanguage\":\"ar\",\"@id\":\"https:\\\/\\\/vitablanca.ma\\\/#\\\/schema\\\/logo\\\/image\\\/\",\"url\":\"https:\\\/\\\/vitablanca.ma\\\/wp-content\\\/uploads\\\/2025\\\/05\\\/cropped-vitablanca.png\",\"contentUrl\":\"https:\\\/\\\/vitablanca.ma\\\/wp-content\\\/uploads\\\/2025\\\/05\\\/cropped-vitablanca.png\",\"width\":360,\"height\":67,\"caption\":\"VitaBlanca\"},\"image\":{\"@id\":\"https:\\\/\\\/vitablanca.ma\\\/#\\\/schema\\\/logo\\\/image\\\/\"},\"sameAs\":[\"https:\\\/\\\/www.facebook.com\\\/profile.php?id=61576678196717\",\"https:\\\/\\\/www.tiktok.com\\\/@vitablanca.ma\",\"https:\\\/\\\/www.instagram.com\\\/vitablanca.ma\\\/\"]}]}<\/script>\n<!-- \/ Yoast SEO plugin. -->","yoast_head_json":{"title":"DR. ALTHEA AQUA MARINE DEEP SERUM 30 ml - Maroc Prix","description":"Dr. Althea Aqua Marine Deep Serum hydrate intens\u00e9ment la peau gr\u00e2ce \u00e0 l\u2019eau de bambou et l\u2019acide hyaluronique. S\u00e9rum apaisant pour peau sensible.","robots":{"index":"index","follow":"follow","max-snippet":"max-snippet:-1","max-image-preview":"max-image-preview:large","max-video-preview":"max-video-preview:-1"},"canonical":"https:\/\/vitablanca.ma\/ar\/product-2\/dr-althea-aqua-marine-deep-serum-30-ml\/","og_locale":"ar_AR","og_type":"article","og_title":"DR. ALTHEA AQUA MARINE DEEP SERUM 30 ml - Maroc Prix","og_description":"Dr. Althea Aqua Marine Deep Serum hydrate intens\u00e9ment la peau gr\u00e2ce \u00e0 l\u2019eau de bambou et l\u2019acide hyaluronique. S\u00e9rum apaisant pour peau sensible.","og_url":"https:\/\/vitablanca.ma\/ar\/product-2\/dr-althea-aqua-marine-deep-serum-30-ml\/","og_site_name":"Vitablanca.ma &ndash; Sant&eacute;, vitalit&eacute; et bien-&ecirc;tre pour tous les Marocains","article_publisher":"https:\/\/www.facebook.com\/profile.php?id=61576678196717","article_modified_time":"2026-03-10T04:23:43+00:00","og_image":[{"width":800,"height":800,"url":"https:\/\/vitablanca.ma\/wp-content\/uploads\/2026\/03\/29-800x800-1.png","type":"image\/png"}],"twitter_card":"summary_large_image","twitter_misc":{"\u0648\u0642\u062a \u0627\u0644\u0642\u0631\u0627\u0621\u0629 \u0627\u0644\u0645\u064f\u0642\u062f\u0651\u0631":"\u062f\u0642\u064a\u0642\u062a\u0627\u0646"},"schema":{"@context":"https:\/\/schema.org","@graph":[{"@type":["WebPage","ItemPage"],"@id":"https:\/\/vitablanca.ma\/produit\/dr-althea-aqua-marine-deep-serum-30-ml\/","url":"https:\/\/vitablanca.ma\/produit\/dr-althea-aqua-marine-deep-serum-30-ml\/","name":"DR. ALTHEA AQUA MARINE DEEP SERUM 30 ml - Maroc Prix","isPartOf":{"@id":"https:\/\/vitablanca.ma\/#website"},"primaryImageOfPage":{"@id":"https:\/\/vitablanca.ma\/produit\/dr-althea-aqua-marine-deep-serum-30-ml\/#primaryimage"},"image":{"@id":"https:\/\/vitablanca.ma\/produit\/dr-althea-aqua-marine-deep-serum-30-ml\/#primaryimage"},"thumbnailUrl":"https:\/\/vitablanca.ma\/wp-content\/uploads\/2026\/03\/29-800x800-1.png","datePublished":"2026-03-10T04:15:13+00:00","dateModified":"2026-03-10T04:23:43+00:00","description":"Dr. Althea Aqua Marine Deep Serum hydrate intens\u00e9ment la peau gr\u00e2ce \u00e0 l\u2019eau de bambou et l\u2019acide hyaluronique. S\u00e9rum apaisant pour peau sensible.","breadcrumb":{"@id":"https:\/\/vitablanca.ma\/produit\/dr-althea-aqua-marine-deep-serum-30-ml\/#breadcrumb"},"inLanguage":"ar","potentialAction":[{"@type":"ReadAction","target":["https:\/\/vitablanca.ma\/produit\/dr-althea-aqua-marine-deep-serum-30-ml\/"]}]},{"@type":"ImageObject","inLanguage":"ar","@id":"https:\/\/vitablanca.ma\/produit\/dr-althea-aqua-marine-deep-serum-30-ml\/#primaryimage","url":"https:\/\/vitablanca.ma\/wp-content\/uploads\/2026\/03\/29-800x800-1.png","contentUrl":"https:\/\/vitablanca.ma\/wp-content\/uploads\/2026\/03\/29-800x800-1.png","width":800,"height":800},{"@type":"BreadcrumbList","@id":"https:\/\/vitablanca.ma\/produit\/dr-althea-aqua-marine-deep-serum-30-ml\/#breadcrumb","itemListElement":[{"@type":"ListItem","position":1,"name":"Home","item":"https:\/\/vitablanca.ma\/"},{"@type":"ListItem","position":2,"name":"Tous Les Produits","item":"https:\/\/vitablanca.ma\/tous-les-produits\/"},{"@type":"ListItem","position":3,"name":"DR. ALTHEA AQUA MARINE DEEP SERUM 30 ml"}]},{"@type":"WebSite","@id":"https:\/\/vitablanca.ma\/#website","url":"https:\/\/vitablanca.ma\/","name":"VitaBlanca.ma | \u0627\u0644\u0645\u0643\u0645\u0644\u0627\u062a \u0627\u0644\u063a\u0630\u0627\u0626\u064a\u0629\u060c \u0627\u0644\u0635\u062d\u0629 \u0648\u0627\u0644\u062c\u0645\u0627\u0644 \u0641\u064a \u0627\u0644\u0645\u063a\u0631\u0628","description":"\u0646\u0628\u064a\u0639 \u0641\u064a\u062a\u0627\u0645\u064a\u0646\u0627\u062a \u0648\u0645\u0643\u0645\u0644\u0627\u062a \u063a\u0630\u0627\u0626\u064a\u0629 \u0641\u0627\u062e\u0631\u0629 \u0645\u0646 \u0627\u0644\u0648\u0644\u0627\u064a\u0627\u062a \u0627\u0644\u0645\u062a\u062d\u062f\u0629 \u0627\u0644\u0623\u0645\u0631\u064a\u0643\u064a\u0629 \u0648\u0643\u0646\u062f\u0627 \u0648\u0646\u064a\u0648\u0632\u064a\u0644\u0646\u062f\u0627 \u0648\u0627\u0644\u0645\u063a\u0631\u0628 (\u0646\u0627\u0648 \u0641\u0648\u062f\u0632\u060c \u0633\u0648\u0644\u062c\u0627\u0631\u060c \u0645\u0627\u0646\u0648\u0643\u0627). \u062a\u0648\u0635\u064a\u0644 \u0633\u0631\u064a\u0639 \u0625\u0644\u0649 \u062c\u0645\u064a\u0639 \u0623\u0646\u062d\u0627\u0621 \u0627\u0644\u0645\u063a\u0631\u0628.","publisher":{"@id":"https:\/\/vitablanca.ma\/#organization"},"alternateName":"VitaBlanca.ma","potentialAction":[{"@type":"SearchAction","target":{"@type":"EntryPoint","urlTemplate":"https:\/\/vitablanca.ma\/?s={search_term_string}"},"query-input":{"@type":"PropertyValueSpecification","valueRequired":true,"valueName":"search_term_string"}}],"inLanguage":"ar"},{"@type":"Organization","@id":"https:\/\/vitablanca.ma\/#organization","name":"\u0641\u064a\u062a\u0627\u0628\u0644\u0627\u0646\u0643\u0627","url":"https:\/\/vitablanca.ma\/","logo":{"@type":"ImageObject","inLanguage":"ar","@id":"https:\/\/vitablanca.ma\/#\/schema\/logo\/image\/","url":"https:\/\/vitablanca.ma\/wp-content\/uploads\/2025\/05\/cropped-vitablanca.png","contentUrl":"https:\/\/vitablanca.ma\/wp-content\/uploads\/2025\/05\/cropped-vitablanca.png","width":360,"height":67,"caption":"VitaBlanca"},"image":{"@id":"https:\/\/vitablanca.ma\/#\/schema\/logo\/image\/"},"sameAs":["https:\/\/www.facebook.com\/profile.php?id=61576678196717","https:\/\/www.tiktok.com\/@vitablanca.ma","https:\/\/www.instagram.com\/vitablanca.ma\/"]}]}},"jetpack_sharing_enabled":true,"_links":{"self":[{"href":"https:\/\/vitablanca.ma\/ar\/wp-json\/wp\/v2\/product\/34010","targetHints":{"allow":["GET"]}}],"collection":[{"href":"https:\/\/vitablanca.ma\/ar\/wp-json\/wp\/v2\/product"}],"about":[{"href":"https:\/\/vitablanca.ma\/ar\/wp-json\/wp\/v2\/types\/product"}],"wp:featuredmedia":[{"embeddable":true,"href":"https:\/\/vitablanca.ma\/ar\/wp-json\/wp\/v2\/media\/34007"}],"wp:attachment":[{"href":"https:\/\/vitablanca.ma\/ar\/wp-json\/wp\/v2\/media?parent=34010"}],"wp:term":[{"taxonomy":"product_brand","embeddable":true,"href":"https:\/\/vitablanca.ma\/ar\/wp-json\/wp\/v2\/product_brand?post=34010"},{"taxonomy":"product_cat","embeddable":true,"href":"https:\/\/vitablanca.ma\/ar\/wp-json\/wp\/v2\/product_cat?post=34010"},{"taxonomy":"product_tag","embeddable":true,"href":"https:\/\/vitablanca.ma\/ar\/wp-json\/wp\/v2\/product_tag?post=34010"}],"curies":[{"name":"wp","href":"https:\/\/api.w.org\/{rel}","templated":true}]}}