{"id":33986,"date":"2026-03-10T00:47:17","date_gmt":"2026-03-10T00:47:17","guid":{"rendered":"https:\/\/vitablanca.ma\/?post_type=product&#038;p=33986"},"modified":"2026-04-08T13:17:10","modified_gmt":"2026-04-08T13:17:10","slug":"now-foods-complexe-de-fer-100-comprimes-maroc-prix","status":"publish","type":"product","link":"https:\/\/vitablanca.ma\/ar\/product-2\/now-foods-complexe-de-fer-100-comprimes-maroc-prix\/","title":{"rendered":"NOW Foods, Complexe de fer, 100 comprim\u00e9s"},"content":{"rendered":"<div class=\"row item-row\">\n<div class=\"col-xs-24\">\n<div>\n<p>Le complexe de fer de NOW\u00ae est un m\u00e9lange unique de fer Ferrochel\u2122 (une forme biodisponible de fer) et de ses conutriments importants, auxquels des plantes compl\u00e9mentaires ont \u00e9t\u00e9 ajout\u00e9es. Le fer est un min\u00e9ral n\u00e9cessaire \u00e0 la formation de l\u2019h\u00e9moglobine, une mol\u00e9cule qui, dans les globules rouges, transporte l\u2019oxyg\u00e8ne vers les cellules de l\u2019ensemble de l\u2019organisme. La vitamine\u00a0B12 et le folate sont n\u00e9cessaires \u00e0 la production des globules rouges, tandis que la vitamine\u00a0C est reconnue pour sa capacit\u00e9 \u00e0 am\u00e9liorer l\u2019absorption du fer par l\u2019appareil digestif. Cette formule v\u00e9g\u00e9tarienne est bien tol\u00e9r\u00e9e et ne constipe pas. Elle a \u00e9t\u00e9 con\u00e7ue pour optimiser l\u2019absorption et l\u2019utilisation du fer par l\u2019organisme.<\/p>\n<\/div>\n<\/div>\n<\/div>\n<div class=\"row item-row\">\n<div class=\"col-xs-24\">\n<h3><strong>\u0627\u0644\u0627\u0633\u062a\u062e\u062f\u0627\u0645 \u0627\u0644\u0645\u0642\u062a\u0631\u062d<\/strong><\/h3>\n<div class=\"prodOverviewDetail\">\n<p>Prenez 1\u00a0comprim\u00e9 par jour au cours d\u2019un repas.<\/p>\n<\/div>\n<\/div>\n<\/div>\n<div class=\"row item-row\">\n<div class=\"col-xs-24\">\n<h3><strong>\u0627\u0644\u0645\u0643\u0648\u0646\u0627\u062a \u0627\u0644\u0623\u062e\u0631\u0649<\/strong><\/h3>\n<div class=\"prodOverviewIngred\">\n<p>Cellulose microcristalline, Acide st\u00e9arique (source v\u00e9g\u00e9tale), croscarmellose sodique, maltodextrine (sans OGM), enrobage v\u00e9g\u00e9tarien \u2018hypromellose (cellulose), Acide st\u00e9arique (source v\u00e9g\u00e9tale), l\u00e9cithine de tournesol, citrate de tri\u00e9thyle, huile de tournesol&, dioxyde de silicium et st\u00e9arate de magn\u00e9sium (d\u2019origine v\u00e9g\u00e9tale).<\/p>\n<p>Fabriqu\u00e9 et test\u00e9 aux \u00c9tats-Unis avec des ingr\u00e9dients provenant du monde entier.<\/p>\n<p>Non fabriqu\u00e9 avec du bl\u00e9, gluten, soja, lait, oeuf, poisson, coquillage, Ingr\u00e9dients \u00e0 base de noix ou de s\u00e9same. Produit dans une installation BPF qui traite d\u2019autres ingr\u00e9dients contenant ces allerg\u00e8nes.<\/p>\n<\/div>\n<\/div>\n<\/div>\n<div class=\"row item-row\">\n<div class=\"col-xs-24\">\n<h3><strong>\u062a\u062d\u0630\u064a\u0631\u0627\u062a<\/strong><\/h3>\n<div class=\"prodOverviewDetail\">\n<p>Le surdosage accidentel de produits contenant du fer constitue l\u2019une des principales causes d\u2019empoisonnement mortel chez les enfants de moins de 6\u00a0ans. Tenir ce produit hors de port\u00e9e des enfants. En cas de surdose accidentelle, contacter un m\u00e9decin ou un centre antipoison imm\u00e9diatement.<\/p>\n<p>R\u00e9serv\u00e9 aux adultes. D\u00e9conseill\u00e9 aux femmes enceintes\/allaitantes. Consultez un m\u00e9decin si vous suivez un traitement m\u00e9dical ou souffrez d\u2019une affection m\u00e9dicale. Tenir hors de port\u00e9e des enfants.<\/p>\n<p>Une variation naturelle de couleur peut se produire.<\/p>\n<p>Conserver dans un endroit frais et sec apr\u00e8s ouverture.<\/p>\n<table border=\"1\" width=\"100%\" cellspacing=\"0\" cellpadding=\"3\">\n<tbody>\n<tr valign=\"top\">\n<td colspan=\"3\"><strong>aits sur les suppl\u00e9ments<\/strong><\/td>\n<\/tr>\n<tr valign=\"top\">\n<td colspan=\"3\"><strong>Portion\u00a0:<\/strong>\u00a01\u00a0comprim\u00e9<\/td>\n<\/tr>\n<tr valign=\"top\">\n<td><\/td>\n<td><strong>Quantit\u00e9 par portion<\/strong><\/td>\n<td><strong>% Valeur quotidienne<\/strong><\/td>\n<\/tr>\n<tr valign=\"top\">\n<td>Vitamine C (sous forme d\u2019acide ascorbique)<\/td>\n<td>50 mg<\/td>\n<td>56%<\/td>\n<\/tr>\n<tr valign=\"top\">\n<td>Folate<\/td>\n<td>340 \u00b5g d\u2019EFA<br \/>\n(200 \u00b5g d\u2019acide folique)<\/td>\n<td>85 %<\/td>\n<\/tr>\n<tr valign=\"top\">\n<td>Vitamine B-12 (sous forme de cyanocobalamine)<\/td>\n<td>50 \u00b5g<\/td>\n<td>2083 %<\/td>\n<\/tr>\n<tr valign=\"top\">\n<td>Fer (\u00e9l\u00e9mentaire)<br \/>\n(\u00e0 partir de 135 mg de bisglycinate de fer) (Ferrochel\u2122)<\/td>\n<td>27 mg<\/td>\n<td>150%<\/td>\n<\/tr>\n<tr valign=\"top\">\n<td>Ang\u00e9lique de Chine biologique<br \/>\nRhizome\/racine d\u2019Angelica sinensis<\/td>\n<td>100 \u0645\u0644\u063a<\/td>\n<td>*<\/td>\n<\/tr>\n<tr valign=\"top\">\n<td>Feuille de framboisier rouge<\/td>\n<td>100 \u0645\u0644\u063a<\/td>\n<td>*<\/td>\n<\/tr>\n<tr valign=\"top\">\n<td>Valeur quotidienne non \u00e9tablie.<\/td>\n<\/tr>\n<\/tbody>\n<\/table>\n<\/div>\n<\/div>\n<\/div>","protected":false},"excerpt":{"rendered":"<ul>\n<li><span class=\"fr-close-ul\">Min\u00e9ral essentiel<\/span><\/li>\n<li><span class=\"fr-close-ul\">Source de fer biodisponible<\/span><\/li>\n<li><span class=\"fr-close-ul\">Ne constipe pas<\/span><\/li>\n<li><span class=\"fr-close-ul\">\u062e\u0627\u0644\u064a\u0629 \u0645\u0646 \u0627\u0644\u0643\u0627\u0626\u0646\u0627\u062a \u0627\u0644\u0645\u0639\u062f\u0644\u0629 \u0648\u0631\u0627\u062b\u064a\u064b\u0627<\/span><\/li>\n<li><span class=\"fr-close-ul\">\u0645\u0643\u0645\u0644 \u063a\u0630\u0627\u0626\u064a<\/span><\/li>\n<li><span class=\"fr-close-ul\">V\u00e9g\u00e9tarien\/V\u00e9gan<\/span><\/li>\n<li><span class=\"fr-close-ul\">\u0643\u0648\u0634\u064a\u0631<\/span><\/li>\n<li><span class=\"fr-close-ul\">\u0627\u0644\u0645\u0639\u0627\u062f\u0646<\/span><\/li>\n<li><span class=\"fr-close-ul\">\u0634\u0631\u0643\u0629 \u0639\u0627\u0626\u0644\u064a\u0629 \u0645\u0646\u0630 \u0639\u0627\u0645 1968<\/span><\/li>\n<li><span class=\"fr-close-ul\">\u062d\u0644\u0627\u0644<\/span><\/li>\n<li><span class=\"fr-close-ul\">\u0636\u0645\u0627\u0646 \u062c\u0648\u062f\u0629 GMP<\/span><\/li>\n<li><span class=\"fr-close-ul\">Albion\u00a0Minerals<\/span><\/li>\n<\/ul>","protected":false},"featured_media":33987,"template":"","meta":{"om_disable_all_campaigns":false},"product_brand":[83],"product_cat":[18,8967,3366,313,7961],"product_tag":[11781,11782,181,11780,398,314,1762,3492,239,88],"class_list":{"0":"post-33986","1":"product","2":"type-product","3":"status-publish","4":"has-post-thumbnail","6":"product_brand-now-foods-maroc-prix","7":"product_cat-beaute-sante","8":"product_cat-complements","9":"product_cat-complements-alimentaires-au-maroc-vitablanca","10":"product_cat-fer-2","11":"product_cat-mineraux-2","12":"product_tag-100-comprimes","13":"product_tag-carence-en-fer","14":"product_tag-complement-alimentaire","15":"product_tag-complexe-de-fer","16":"product_tag-energie","17":"product_tag-fer","18":"product_tag-globules-rouges","19":"product_tag-maroc","20":"product_tag-mineraux","21":"product_tag-now-foods","23":"first","24":"outofstock","25":"sale","26":"taxable","27":"shipping-taxable","28":"purchasable","29":"product-type-simple"},"yoast_head":"<!-- This site is optimized with the Yoast SEO plugin v27.5 - https:\/\/yoast.com\/product\/yoast-seo-wordpress\/ -->\n<title>NOW Foods Complexe de Fer 100 Comprim\u00e9s \u2013 Maroc Prix<\/title>\n<meta name=\"description\" content=\"NOW Foods Complexe de Fer, 100 comprim\u00e9s. Formule avanc\u00e9e pour soutenir la production de globules rouges, l\u2019\u00e9nergie et l\u2019\u00e9quilibre du fer dans l\u2019organisme.\" \/>\n<meta name=\"robots\" content=\"index, follow, max-snippet:-1, max-image-preview:large, max-video-preview:-1\" \/>\n<link rel=\"canonical\" href=\"https:\/\/vitablanca.ma\/ar\/product-2\/now-foods-complexe-de-fer-100-comprimes-maroc-prix\/\" \/>\n<meta property=\"og:locale\" content=\"ar_AR\" \/>\n<meta property=\"og:type\" content=\"article\" \/>\n<meta property=\"og:title\" content=\"NOW Foods Complexe de Fer 100 Comprim\u00e9s \u2013 Maroc Prix\" \/>\n<meta property=\"og:description\" content=\"NOW Foods Complexe de Fer, 100 comprim\u00e9s. Formule avanc\u00e9e pour soutenir la production de globules rouges, l\u2019\u00e9nergie et l\u2019\u00e9quilibre du fer dans l\u2019organisme.\" \/>\n<meta property=\"og:url\" content=\"https:\/\/vitablanca.ma\/ar\/product-2\/now-foods-complexe-de-fer-100-comprimes-maroc-prix\/\" \/>\n<meta property=\"og:site_name\" content=\"Vitablanca.ma &ndash; Sant&eacute;, vitalit&eacute; et bien-&ecirc;tre pour tous les Marocains\" \/>\n<meta property=\"article:publisher\" content=\"https:\/\/www.facebook.com\/profile.php?id=61576678196717\" \/>\n<meta property=\"article:modified_time\" content=\"2026-04-08T13:17:10+00:00\" \/>\n<meta property=\"og:image\" content=\"https:\/\/vitablanca.ma\/wp-content\/uploads\/2026\/03\/NOW-Foods-Complexe-de-fer-100-comprimes1.jpg\" \/>\n\t<meta property=\"og:image:width\" content=\"1600\" \/>\n\t<meta property=\"og:image:height\" content=\"1600\" \/>\n\t<meta property=\"og:image:type\" content=\"image\/jpeg\" \/>\n<meta name=\"twitter:card\" content=\"summary_large_image\" \/>\n<meta name=\"twitter:label1\" content=\"\u0648\u0642\u062a \u0627\u0644\u0642\u0631\u0627\u0621\u0629 \u0627\u0644\u0645\u064f\u0642\u062f\u0651\u0631\" \/>\n\t<meta name=\"twitter:data1\" content=\"3 \u062f\u0642\u0627\u0626\u0642\" \/>\n<script type=\"application\/ld+json\" class=\"yoast-schema-graph\">{\"@context\":\"https:\\\/\\\/schema.org\",\"@graph\":[{\"@type\":[\"WebPage\",\"ItemPage\"],\"@id\":\"https:\\\/\\\/vitablanca.ma\\\/produit\\\/now-foods-complexe-de-fer-100-comprimes-maroc-prix\\\/\",\"url\":\"https:\\\/\\\/vitablanca.ma\\\/produit\\\/now-foods-complexe-de-fer-100-comprimes-maroc-prix\\\/\",\"name\":\"NOW Foods Complexe de Fer 100 Comprim\u00e9s \u2013 Maroc Prix\",\"isPartOf\":{\"@id\":\"https:\\\/\\\/vitablanca.ma\\\/#website\"},\"primaryImageOfPage\":{\"@id\":\"https:\\\/\\\/vitablanca.ma\\\/produit\\\/now-foods-complexe-de-fer-100-comprimes-maroc-prix\\\/#primaryimage\"},\"image\":{\"@id\":\"https:\\\/\\\/vitablanca.ma\\\/produit\\\/now-foods-complexe-de-fer-100-comprimes-maroc-prix\\\/#primaryimage\"},\"thumbnailUrl\":\"https:\\\/\\\/vitablanca.ma\\\/wp-content\\\/uploads\\\/2026\\\/03\\\/NOW-Foods-Complexe-de-fer-100-comprimes1.jpg\",\"datePublished\":\"2026-03-10T00:47:17+00:00\",\"dateModified\":\"2026-04-08T13:17:10+00:00\",\"description\":\"NOW Foods Complexe de Fer, 100 comprim\u00e9s. Formule avanc\u00e9e pour soutenir la production de globules rouges, l\u2019\u00e9nergie et l\u2019\u00e9quilibre du fer dans l\u2019organisme.\",\"breadcrumb\":{\"@id\":\"https:\\\/\\\/vitablanca.ma\\\/produit\\\/now-foods-complexe-de-fer-100-comprimes-maroc-prix\\\/#breadcrumb\"},\"inLanguage\":\"ar\",\"potentialAction\":[{\"@type\":\"ReadAction\",\"target\":[\"https:\\\/\\\/vitablanca.ma\\\/produit\\\/now-foods-complexe-de-fer-100-comprimes-maroc-prix\\\/\"]}]},{\"@type\":\"ImageObject\",\"inLanguage\":\"ar\",\"@id\":\"https:\\\/\\\/vitablanca.ma\\\/produit\\\/now-foods-complexe-de-fer-100-comprimes-maroc-prix\\\/#primaryimage\",\"url\":\"https:\\\/\\\/vitablanca.ma\\\/wp-content\\\/uploads\\\/2026\\\/03\\\/NOW-Foods-Complexe-de-fer-100-comprimes1.jpg\",\"contentUrl\":\"https:\\\/\\\/vitablanca.ma\\\/wp-content\\\/uploads\\\/2026\\\/03\\\/NOW-Foods-Complexe-de-fer-100-comprimes1.jpg\",\"width\":1600,\"height\":1600},{\"@type\":\"BreadcrumbList\",\"@id\":\"https:\\\/\\\/vitablanca.ma\\\/produit\\\/now-foods-complexe-de-fer-100-comprimes-maroc-prix\\\/#breadcrumb\",\"itemListElement\":[{\"@type\":\"ListItem\",\"position\":1,\"name\":\"Home\",\"item\":\"https:\\\/\\\/vitablanca.ma\\\/\"},{\"@type\":\"ListItem\",\"position\":2,\"name\":\"Tous Les Produits\",\"item\":\"https:\\\/\\\/vitablanca.ma\\\/tous-les-produits\\\/\"},{\"@type\":\"ListItem\",\"position\":3,\"name\":\"NOW Foods, Complexe de fer, 100 comprim\u00e9s\"}]},{\"@type\":\"WebSite\",\"@id\":\"https:\\\/\\\/vitablanca.ma\\\/#website\",\"url\":\"https:\\\/\\\/vitablanca.ma\\\/\",\"name\":\"VitaBlanca.ma | Compl\u00e9ments alimentaires, sant\u00e9 & beaut\u00e9 au Maroc\",\"description\":\"vendre vitamines et compl\u00e9ments premium des USA &amp; Canada, Nouvelle Z\u00e9lande,Maroc (NOW Foods, Solgar, Manuka). Livraison rapide partout au Maroc.\",\"publisher\":{\"@id\":\"https:\\\/\\\/vitablanca.ma\\\/#organization\"},\"alternateName\":\"VitaBlanca.ma\",\"potentialAction\":[{\"@type\":\"SearchAction\",\"target\":{\"@type\":\"EntryPoint\",\"urlTemplate\":\"https:\\\/\\\/vitablanca.ma\\\/?s={search_term_string}\"},\"query-input\":{\"@type\":\"PropertyValueSpecification\",\"valueRequired\":true,\"valueName\":\"search_term_string\"}}],\"inLanguage\":\"ar\"},{\"@type\":\"Organization\",\"@id\":\"https:\\\/\\\/vitablanca.ma\\\/#organization\",\"name\":\"VitaBlanca\",\"url\":\"https:\\\/\\\/vitablanca.ma\\\/\",\"logo\":{\"@type\":\"ImageObject\",\"inLanguage\":\"ar\",\"@id\":\"https:\\\/\\\/vitablanca.ma\\\/#\\\/schema\\\/logo\\\/image\\\/\",\"url\":\"https:\\\/\\\/vitablanca.ma\\\/wp-content\\\/uploads\\\/2025\\\/05\\\/cropped-vitablanca.png\",\"contentUrl\":\"https:\\\/\\\/vitablanca.ma\\\/wp-content\\\/uploads\\\/2025\\\/05\\\/cropped-vitablanca.png\",\"width\":360,\"height\":67,\"caption\":\"VitaBlanca\"},\"image\":{\"@id\":\"https:\\\/\\\/vitablanca.ma\\\/#\\\/schema\\\/logo\\\/image\\\/\"},\"sameAs\":[\"https:\\\/\\\/www.facebook.com\\\/profile.php?id=61576678196717\",\"https:\\\/\\\/www.tiktok.com\\\/@vitablanca.ma\",\"https:\\\/\\\/www.instagram.com\\\/vitablanca.ma\\\/\"]}]}<\/script>\n<!-- \/ Yoast SEO plugin. -->","yoast_head_json":{"title":"NOW Foods Complexe de Fer 100 Comprim\u00e9s \u2013 Maroc Prix","description":"NOW Foods Complexe de Fer, 100 comprim\u00e9s. Formule avanc\u00e9e pour soutenir la production de globules rouges, l\u2019\u00e9nergie et l\u2019\u00e9quilibre du fer dans l\u2019organisme.","robots":{"index":"index","follow":"follow","max-snippet":"max-snippet:-1","max-image-preview":"max-image-preview:large","max-video-preview":"max-video-preview:-1"},"canonical":"https:\/\/vitablanca.ma\/ar\/product-2\/now-foods-complexe-de-fer-100-comprimes-maroc-prix\/","og_locale":"ar_AR","og_type":"article","og_title":"NOW Foods Complexe de Fer 100 Comprim\u00e9s \u2013 Maroc Prix","og_description":"NOW Foods Complexe de Fer, 100 comprim\u00e9s. Formule avanc\u00e9e pour soutenir la production de globules rouges, l\u2019\u00e9nergie et l\u2019\u00e9quilibre du fer dans l\u2019organisme.","og_url":"https:\/\/vitablanca.ma\/ar\/product-2\/now-foods-complexe-de-fer-100-comprimes-maroc-prix\/","og_site_name":"Vitablanca.ma &ndash; Sant&eacute;, vitalit&eacute; et bien-&ecirc;tre pour tous les Marocains","article_publisher":"https:\/\/www.facebook.com\/profile.php?id=61576678196717","article_modified_time":"2026-04-08T13:17:10+00:00","og_image":[{"width":1600,"height":1600,"url":"https:\/\/vitablanca.ma\/wp-content\/uploads\/2026\/03\/NOW-Foods-Complexe-de-fer-100-comprimes1.jpg","type":"image\/jpeg"}],"twitter_card":"summary_large_image","twitter_misc":{"\u0648\u0642\u062a \u0627\u0644\u0642\u0631\u0627\u0621\u0629 \u0627\u0644\u0645\u064f\u0642\u062f\u0651\u0631":"3 \u062f\u0642\u0627\u0626\u0642"},"schema":{"@context":"https:\/\/schema.org","@graph":[{"@type":["WebPage","ItemPage"],"@id":"https:\/\/vitablanca.ma\/produit\/now-foods-complexe-de-fer-100-comprimes-maroc-prix\/","url":"https:\/\/vitablanca.ma\/produit\/now-foods-complexe-de-fer-100-comprimes-maroc-prix\/","name":"NOW Foods Complexe de Fer 100 Comprim\u00e9s \u2013 Maroc Prix","isPartOf":{"@id":"https:\/\/vitablanca.ma\/#website"},"primaryImageOfPage":{"@id":"https:\/\/vitablanca.ma\/produit\/now-foods-complexe-de-fer-100-comprimes-maroc-prix\/#primaryimage"},"image":{"@id":"https:\/\/vitablanca.ma\/produit\/now-foods-complexe-de-fer-100-comprimes-maroc-prix\/#primaryimage"},"thumbnailUrl":"https:\/\/vitablanca.ma\/wp-content\/uploads\/2026\/03\/NOW-Foods-Complexe-de-fer-100-comprimes1.jpg","datePublished":"2026-03-10T00:47:17+00:00","dateModified":"2026-04-08T13:17:10+00:00","description":"NOW Foods Complexe de Fer, 100 comprim\u00e9s. Formule avanc\u00e9e pour soutenir la production de globules rouges, l\u2019\u00e9nergie et l\u2019\u00e9quilibre du fer dans l\u2019organisme.","breadcrumb":{"@id":"https:\/\/vitablanca.ma\/produit\/now-foods-complexe-de-fer-100-comprimes-maroc-prix\/#breadcrumb"},"inLanguage":"ar","potentialAction":[{"@type":"ReadAction","target":["https:\/\/vitablanca.ma\/produit\/now-foods-complexe-de-fer-100-comprimes-maroc-prix\/"]}]},{"@type":"ImageObject","inLanguage":"ar","@id":"https:\/\/vitablanca.ma\/produit\/now-foods-complexe-de-fer-100-comprimes-maroc-prix\/#primaryimage","url":"https:\/\/vitablanca.ma\/wp-content\/uploads\/2026\/03\/NOW-Foods-Complexe-de-fer-100-comprimes1.jpg","contentUrl":"https:\/\/vitablanca.ma\/wp-content\/uploads\/2026\/03\/NOW-Foods-Complexe-de-fer-100-comprimes1.jpg","width":1600,"height":1600},{"@type":"BreadcrumbList","@id":"https:\/\/vitablanca.ma\/produit\/now-foods-complexe-de-fer-100-comprimes-maroc-prix\/#breadcrumb","itemListElement":[{"@type":"ListItem","position":1,"name":"Home","item":"https:\/\/vitablanca.ma\/"},{"@type":"ListItem","position":2,"name":"Tous Les Produits","item":"https:\/\/vitablanca.ma\/tous-les-produits\/"},{"@type":"ListItem","position":3,"name":"NOW Foods, Complexe de fer, 100 comprim\u00e9s"}]},{"@type":"WebSite","@id":"https:\/\/vitablanca.ma\/#website","url":"https:\/\/vitablanca.ma\/","name":"VitaBlanca.ma | \u0627\u0644\u0645\u0643\u0645\u0644\u0627\u062a \u0627\u0644\u063a\u0630\u0627\u0626\u064a\u0629\u060c \u0627\u0644\u0635\u062d\u0629 \u0648\u0627\u0644\u062c\u0645\u0627\u0644 \u0641\u064a \u0627\u0644\u0645\u063a\u0631\u0628","description":"\u0646\u0628\u064a\u0639 \u0641\u064a\u062a\u0627\u0645\u064a\u0646\u0627\u062a \u0648\u0645\u0643\u0645\u0644\u0627\u062a \u063a\u0630\u0627\u0626\u064a\u0629 \u0641\u0627\u062e\u0631\u0629 \u0645\u0646 \u0627\u0644\u0648\u0644\u0627\u064a\u0627\u062a \u0627\u0644\u0645\u062a\u062d\u062f\u0629 \u0627\u0644\u0623\u0645\u0631\u064a\u0643\u064a\u0629 \u0648\u0643\u0646\u062f\u0627 \u0648\u0646\u064a\u0648\u0632\u064a\u0644\u0646\u062f\u0627 \u0648\u0627\u0644\u0645\u063a\u0631\u0628 (\u0646\u0627\u0648 \u0641\u0648\u062f\u0632\u060c \u0633\u0648\u0644\u062c\u0627\u0631\u060c \u0645\u0627\u0646\u0648\u0643\u0627). \u062a\u0648\u0635\u064a\u0644 \u0633\u0631\u064a\u0639 \u0625\u0644\u0649 \u062c\u0645\u064a\u0639 \u0623\u0646\u062d\u0627\u0621 \u0627\u0644\u0645\u063a\u0631\u0628.","publisher":{"@id":"https:\/\/vitablanca.ma\/#organization"},"alternateName":"VitaBlanca.ma","potentialAction":[{"@type":"SearchAction","target":{"@type":"EntryPoint","urlTemplate":"https:\/\/vitablanca.ma\/?s={search_term_string}"},"query-input":{"@type":"PropertyValueSpecification","valueRequired":true,"valueName":"search_term_string"}}],"inLanguage":"ar"},{"@type":"Organization","@id":"https:\/\/vitablanca.ma\/#organization","name":"\u0641\u064a\u062a\u0627\u0628\u0644\u0627\u0646\u0643\u0627","url":"https:\/\/vitablanca.ma\/","logo":{"@type":"ImageObject","inLanguage":"ar","@id":"https:\/\/vitablanca.ma\/#\/schema\/logo\/image\/","url":"https:\/\/vitablanca.ma\/wp-content\/uploads\/2025\/05\/cropped-vitablanca.png","contentUrl":"https:\/\/vitablanca.ma\/wp-content\/uploads\/2025\/05\/cropped-vitablanca.png","width":360,"height":67,"caption":"VitaBlanca"},"image":{"@id":"https:\/\/vitablanca.ma\/#\/schema\/logo\/image\/"},"sameAs":["https:\/\/www.facebook.com\/profile.php?id=61576678196717","https:\/\/www.tiktok.com\/@vitablanca.ma","https:\/\/www.instagram.com\/vitablanca.ma\/"]}]}},"jetpack_sharing_enabled":true,"_links":{"self":[{"href":"https:\/\/vitablanca.ma\/ar\/wp-json\/wp\/v2\/product\/33986","targetHints":{"allow":["GET"]}}],"collection":[{"href":"https:\/\/vitablanca.ma\/ar\/wp-json\/wp\/v2\/product"}],"about":[{"href":"https:\/\/vitablanca.ma\/ar\/wp-json\/wp\/v2\/types\/product"}],"wp:featuredmedia":[{"embeddable":true,"href":"https:\/\/vitablanca.ma\/ar\/wp-json\/wp\/v2\/media\/33987"}],"wp:attachment":[{"href":"https:\/\/vitablanca.ma\/ar\/wp-json\/wp\/v2\/media?parent=33986"}],"wp:term":[{"taxonomy":"product_brand","embeddable":true,"href":"https:\/\/vitablanca.ma\/ar\/wp-json\/wp\/v2\/product_brand?post=33986"},{"taxonomy":"product_cat","embeddable":true,"href":"https:\/\/vitablanca.ma\/ar\/wp-json\/wp\/v2\/product_cat?post=33986"},{"taxonomy":"product_tag","embeddable":true,"href":"https:\/\/vitablanca.ma\/ar\/wp-json\/wp\/v2\/product_tag?post=33986"}],"curies":[{"name":"wp","href":"https:\/\/api.w.org\/{rel}","templated":true}]}}