{"id":33896,"date":"2026-03-08T02:30:53","date_gmt":"2026-03-08T02:30:53","guid":{"rendered":"https:\/\/vitablanca.ma\/produit\/phormax-levure-de-biere-selenium-120-comprimes\/"},"modified":"2026-03-08T02:30:53","modified_gmt":"2026-03-08T02:30:53","slug":"phormax-levure-de-biere-selenium-120-comprimes","status":"publish","type":"product","link":"https:\/\/vitablanca.ma\/ar\/product-2\/phormax-levure-de-biere-selenium-120-comprimes\/","title":{"rendered":"Phormax Levure de Biere &amp; Selenium 120 Comprimes"},"content":{"rendered":"<h2>\u0648\u0635\u0641<\/h2>\n<p data-start=\"0\" data-end=\"433\">la combinaison de levure de bi\u00e8re et de s\u00e9l\u00e9nium est couramment utilis\u00e9e pour soutenir la sant\u00e9 des cheveux, de la peau et des ongles. La levure de bi\u00e8re est une source naturelle de vitamines B, de prot\u00e9ines et de min\u00e9raux, tandis que le s\u00e9l\u00e9nium est un oligo-\u00e9l\u00e9ment essentiel aux propri\u00e9t\u00e9s antioxydantes.<\/p>\n<p data-start=\"435\" data-end=\"461\"><strong data-start=\"435\" data-end=\"461\">Bienfaits potentiels :<\/strong><\/p>\n<ul data-start=\"463\" data-end=\"758\">\n<li data-start=\"463\" data-end=\"606\">\n<p data-start=\"465\" data-end=\"606\"><strong data-start=\"465\" data-end=\"486\">Cheveux et ongles<\/strong> : La levure de bi\u00e8re, riche en vitamines B, peut favoriser la croissance et la fortification des cheveux et des ongles.<\/p>\n<\/li>\n<li data-start=\"608\" data-end=\"758\">\n<p data-start=\"610\" data-end=\"758\"><strong data-start=\"610\" data-end=\"618\">Peau<\/strong> : Le s\u00e9l\u00e9nium, en tant qu\u2019antioxydant, aide \u00e0 prot\u00e9ger les cellules cutan\u00e9es contre le stress oxydatif, contribuant ainsi \u00e0 une peau saine.<\/p>\n<\/li>\n<\/ul>\n<p data-start=\"760\" data-end=\"797\"><strong data-start=\"760\" data-end=\"797\">Conseils d\u2019utilisation g\u00e9n\u00e9raux :<\/strong><\/p>\n<p data-start=\"799\" data-end=\"1100\">Bien que les dosages puissent varier selon les produits, une posologie courante est de prendre 3 comprim\u00e9s, 3 fois par jour, avec un verre d\u2019eau. Il est essentiel de suivre les recommandations sp\u00e9cifiques du fabricant ou de consulter un professionnel de sant\u00e9 avant de commencer toute suppl\u00e9mentation.<\/p>\n<p data-start=\"1102\" data-end=\"1119\"><strong data-start=\"1102\" data-end=\"1119\">\u0627\u062d\u062a\u064a\u0627\u0637\u0627\u062a:<\/strong><\/p>\n<ul data-start=\"1121\" data-end=\"1343\">\n<li data-start=\"1121\" data-end=\"1165\">\n<p data-start=\"1123\" data-end=\"1165\">Respectez la dose journali\u00e8re recommand\u00e9e.<\/p>\n<\/li>\n<li data-start=\"1167\" data-end=\"1292\">\n<p data-start=\"1169\" data-end=\"1292\">Les compl\u00e9ments alimentaires ne doivent pas se substituer \u00e0 une alimentation vari\u00e9e et \u00e9quilibr\u00e9e ni \u00e0 un mode de vie sain.<\/p>\n<\/li>\n<li data-start=\"1294\" data-end=\"1343\">\n<p data-start=\"1296\" data-end=\"1343\">Conservez hors de la port\u00e9e des jeunes enfants.<\/p>\n<\/li>\n<\/ul>\n<p data-start=\"1345\" data-end=\"1483\">Pour des informations pr\u00e9cises sur le produit Phormax, il est conseill\u00e9 de consulter l\u2019emballage ou de contacter directement le fabricant.<\/p>","protected":false},"excerpt":{"rendered":"<p>Description la combinaison de levure de bi\u00e8re et de s\u00e9l\u00e9nium est couramment utilis\u00e9e pour soutenir la sant\u00e9 des cheveux, de la peau et des ongles. La levure de bi\u00e8re est une source naturelle de vitamines B, de prot\u00e9ines et de min\u00e9raux, tandis que le s\u00e9l\u00e9nium est un oligo-\u00e9l\u00e9ment essentiel aux propri\u00e9t\u00e9s antioxydantes. Bienfaits potentiels : [&hellip;]<\/p>\n","protected":false},"featured_media":33895,"template":"","meta":{"om_disable_all_campaigns":false},"product_brand":[],"product_cat":[15],"product_tag":[],"class_list":{"0":"post-33896","1":"product","2":"type-product","3":"status-publish","4":"has-post-thumbnail","6":"product_cat-beaute-sante-complements-alimentaires-soins-et-bien-etre-au-meilleur-prix","8":"first","9":"instock","10":"taxable","11":"shipping-taxable","12":"purchasable","13":"product-type-simple"},"yoast_head":"<!-- This site is optimized with the Yoast SEO plugin v27.5 - https:\/\/yoast.com\/product\/yoast-seo-wordpress\/ -->\n<title>Phormax Levure de Biere &amp; Selenium 120 Comprimes - Maroc Prix<\/title>\n<meta name=\"description\" content=\"Phormax Levure de Biere &amp; Selenium 120 Comprimes\" \/>\n<meta name=\"robots\" content=\"index, follow, max-snippet:-1, max-image-preview:large, max-video-preview:-1\" \/>\n<link rel=\"canonical\" href=\"https:\/\/vitablanca.ma\/ar\/product-2\/phormax-levure-de-biere-selenium-120-comprimes\/\" \/>\n<meta property=\"og:locale\" content=\"ar_AR\" \/>\n<meta property=\"og:type\" content=\"article\" \/>\n<meta property=\"og:title\" content=\"Phormax Levure de Biere &amp; Selenium 120 Comprimes - Maroc Prix\" \/>\n<meta property=\"og:description\" content=\"Phormax Levure de Biere &amp; Selenium 120 Comprimes\" \/>\n<meta property=\"og:url\" content=\"https:\/\/vitablanca.ma\/ar\/product-2\/phormax-levure-de-biere-selenium-120-comprimes\/\" \/>\n<meta property=\"og:site_name\" content=\"Vitablanca.ma &ndash; Sant&eacute;, vitalit&eacute; et bien-&ecirc;tre pour tous les Marocains\" \/>\n<meta property=\"article:publisher\" content=\"https:\/\/www.facebook.com\/profile.php?id=61576678196717\" \/>\n<meta property=\"og:image\" content=\"https:\/\/vitablanca.ma\/wp-content\/uploads\/2025\/06\/Magnesium_2024_1400_x787_002.jpg\" \/>\n\t<meta property=\"og:image:width\" content=\"950\" \/>\n\t<meta property=\"og:image:height\" content=\"534\" \/>\n\t<meta property=\"og:image:type\" content=\"image\/jpeg\" \/>\n<meta name=\"twitter:card\" content=\"summary_large_image\" \/>\n<meta name=\"twitter:label1\" content=\"\u0648\u0642\u062a \u0627\u0644\u0642\u0631\u0627\u0621\u0629 \u0627\u0644\u0645\u064f\u0642\u062f\u0651\u0631\" \/>\n\t<meta name=\"twitter:data1\" content=\"\u062f\u0642\u064a\u0642\u0629 \u0648\u0627\u062d\u062f\u0629\" \/>\n<script type=\"application\/ld+json\" class=\"yoast-schema-graph\">{\"@context\":\"https:\\\/\\\/schema.org\",\"@graph\":[{\"@type\":[\"WebPage\",\"ItemPage\"],\"@id\":\"https:\\\/\\\/vitablanca.ma\\\/produit\\\/phormax-levure-de-biere-selenium-120-comprimes\\\/\",\"url\":\"https:\\\/\\\/vitablanca.ma\\\/produit\\\/phormax-levure-de-biere-selenium-120-comprimes\\\/\",\"name\":\"Phormax Levure de Biere &amp; Selenium 120 Comprimes - Maroc Prix\",\"isPartOf\":{\"@id\":\"https:\\\/\\\/vitablanca.ma\\\/#website\"},\"primaryImageOfPage\":{\"@id\":\"https:\\\/\\\/vitablanca.ma\\\/produit\\\/phormax-levure-de-biere-selenium-120-comprimes\\\/#primaryimage\"},\"image\":{\"@id\":\"https:\\\/\\\/vitablanca.ma\\\/produit\\\/phormax-levure-de-biere-selenium-120-comprimes\\\/#primaryimage\"},\"thumbnailUrl\":\"https:\\\/\\\/vitablanca.ma\\\/wp-content\\\/uploads\\\/2026\\\/03\\\/phormax-levure-de-biere-selenium-.jpg\",\"datePublished\":\"2026-03-08T02:30:53+00:00\",\"description\":\"Phormax Levure de Biere &amp; Selenium 120 Comprimes\",\"breadcrumb\":{\"@id\":\"https:\\\/\\\/vitablanca.ma\\\/produit\\\/phormax-levure-de-biere-selenium-120-comprimes\\\/#breadcrumb\"},\"inLanguage\":\"ar\",\"potentialAction\":[{\"@type\":\"ReadAction\",\"target\":[\"https:\\\/\\\/vitablanca.ma\\\/produit\\\/phormax-levure-de-biere-selenium-120-comprimes\\\/\"]}]},{\"@type\":\"ImageObject\",\"inLanguage\":\"ar\",\"@id\":\"https:\\\/\\\/vitablanca.ma\\\/produit\\\/phormax-levure-de-biere-selenium-120-comprimes\\\/#primaryimage\",\"url\":\"https:\\\/\\\/vitablanca.ma\\\/wp-content\\\/uploads\\\/2026\\\/03\\\/phormax-levure-de-biere-selenium-.jpg\",\"contentUrl\":\"https:\\\/\\\/vitablanca.ma\\\/wp-content\\\/uploads\\\/2026\\\/03\\\/phormax-levure-de-biere-selenium-.jpg\",\"width\":1080,\"height\":1080},{\"@type\":\"BreadcrumbList\",\"@id\":\"https:\\\/\\\/vitablanca.ma\\\/produit\\\/phormax-levure-de-biere-selenium-120-comprimes\\\/#breadcrumb\",\"itemListElement\":[{\"@type\":\"ListItem\",\"position\":1,\"name\":\"Home\",\"item\":\"https:\\\/\\\/vitablanca.ma\\\/\"},{\"@type\":\"ListItem\",\"position\":2,\"name\":\"Tous Les Produits\",\"item\":\"https:\\\/\\\/vitablanca.ma\\\/tous-les-produits\\\/\"},{\"@type\":\"ListItem\",\"position\":3,\"name\":\"Phormax Levure de Biere &amp; Selenium 120 Comprimes\"}]},{\"@type\":\"WebSite\",\"@id\":\"https:\\\/\\\/vitablanca.ma\\\/#website\",\"url\":\"https:\\\/\\\/vitablanca.ma\\\/\",\"name\":\"VitaBlanca.ma | Compl\u00e9ments alimentaires, sant\u00e9 & beaut\u00e9 au Maroc\",\"description\":\"vendre vitamines et compl\u00e9ments premium des USA &amp; Canada, Nouvelle Z\u00e9lande,Maroc (NOW Foods, Solgar, Manuka). Livraison rapide partout au Maroc.\",\"publisher\":{\"@id\":\"https:\\\/\\\/vitablanca.ma\\\/#organization\"},\"alternateName\":\"VitaBlanca.ma\",\"potentialAction\":[{\"@type\":\"SearchAction\",\"target\":{\"@type\":\"EntryPoint\",\"urlTemplate\":\"https:\\\/\\\/vitablanca.ma\\\/?s={search_term_string}\"},\"query-input\":{\"@type\":\"PropertyValueSpecification\",\"valueRequired\":true,\"valueName\":\"search_term_string\"}}],\"inLanguage\":\"ar\"},{\"@type\":\"Organization\",\"@id\":\"https:\\\/\\\/vitablanca.ma\\\/#organization\",\"name\":\"VitaBlanca\",\"url\":\"https:\\\/\\\/vitablanca.ma\\\/\",\"logo\":{\"@type\":\"ImageObject\",\"inLanguage\":\"ar\",\"@id\":\"https:\\\/\\\/vitablanca.ma\\\/#\\\/schema\\\/logo\\\/image\\\/\",\"url\":\"https:\\\/\\\/vitablanca.ma\\\/wp-content\\\/uploads\\\/2025\\\/05\\\/cropped-vitablanca.png\",\"contentUrl\":\"https:\\\/\\\/vitablanca.ma\\\/wp-content\\\/uploads\\\/2025\\\/05\\\/cropped-vitablanca.png\",\"width\":360,\"height\":67,\"caption\":\"VitaBlanca\"},\"image\":{\"@id\":\"https:\\\/\\\/vitablanca.ma\\\/#\\\/schema\\\/logo\\\/image\\\/\"},\"sameAs\":[\"https:\\\/\\\/www.facebook.com\\\/profile.php?id=61576678196717\",\"https:\\\/\\\/www.tiktok.com\\\/@vitablanca.ma\",\"https:\\\/\\\/www.instagram.com\\\/vitablanca.ma\\\/\"]}]}<\/script>\n<!-- \/ Yoast SEO plugin. -->","yoast_head_json":{"title":"Phormax Levure de Biere &amp; Selenium 120 Comprimes - Maroc Prix","description":"Phormax Levure de Biere &amp; Selenium 120 Comprimes","robots":{"index":"index","follow":"follow","max-snippet":"max-snippet:-1","max-image-preview":"max-image-preview:large","max-video-preview":"max-video-preview:-1"},"canonical":"https:\/\/vitablanca.ma\/ar\/product-2\/phormax-levure-de-biere-selenium-120-comprimes\/","og_locale":"ar_AR","og_type":"article","og_title":"Phormax Levure de Biere &amp; Selenium 120 Comprimes - Maroc Prix","og_description":"Phormax Levure de Biere &amp; Selenium 120 Comprimes","og_url":"https:\/\/vitablanca.ma\/ar\/product-2\/phormax-levure-de-biere-selenium-120-comprimes\/","og_site_name":"Vitablanca.ma &ndash; Sant&eacute;, vitalit&eacute; et bien-&ecirc;tre pour tous les Marocains","article_publisher":"https:\/\/www.facebook.com\/profile.php?id=61576678196717","og_image":[{"width":950,"height":534,"url":"https:\/\/vitablanca.ma\/wp-content\/uploads\/2025\/06\/Magnesium_2024_1400_x787_002.jpg","type":"image\/jpeg"}],"twitter_card":"summary_large_image","twitter_misc":{"\u0648\u0642\u062a \u0627\u0644\u0642\u0631\u0627\u0621\u0629 \u0627\u0644\u0645\u064f\u0642\u062f\u0651\u0631":"\u062f\u0642\u064a\u0642\u0629 \u0648\u0627\u062d\u062f\u0629"},"schema":{"@context":"https:\/\/schema.org","@graph":[{"@type":["WebPage","ItemPage"],"@id":"https:\/\/vitablanca.ma\/produit\/phormax-levure-de-biere-selenium-120-comprimes\/","url":"https:\/\/vitablanca.ma\/produit\/phormax-levure-de-biere-selenium-120-comprimes\/","name":"Phormax Levure de Biere &amp; Selenium 120 Comprimes - Maroc Prix","isPartOf":{"@id":"https:\/\/vitablanca.ma\/#website"},"primaryImageOfPage":{"@id":"https:\/\/vitablanca.ma\/produit\/phormax-levure-de-biere-selenium-120-comprimes\/#primaryimage"},"image":{"@id":"https:\/\/vitablanca.ma\/produit\/phormax-levure-de-biere-selenium-120-comprimes\/#primaryimage"},"thumbnailUrl":"https:\/\/vitablanca.ma\/wp-content\/uploads\/2026\/03\/phormax-levure-de-biere-selenium-.jpg","datePublished":"2026-03-08T02:30:53+00:00","description":"Phormax Levure de Biere &amp; Selenium 120 Comprimes","breadcrumb":{"@id":"https:\/\/vitablanca.ma\/produit\/phormax-levure-de-biere-selenium-120-comprimes\/#breadcrumb"},"inLanguage":"ar","potentialAction":[{"@type":"ReadAction","target":["https:\/\/vitablanca.ma\/produit\/phormax-levure-de-biere-selenium-120-comprimes\/"]}]},{"@type":"ImageObject","inLanguage":"ar","@id":"https:\/\/vitablanca.ma\/produit\/phormax-levure-de-biere-selenium-120-comprimes\/#primaryimage","url":"https:\/\/vitablanca.ma\/wp-content\/uploads\/2026\/03\/phormax-levure-de-biere-selenium-.jpg","contentUrl":"https:\/\/vitablanca.ma\/wp-content\/uploads\/2026\/03\/phormax-levure-de-biere-selenium-.jpg","width":1080,"height":1080},{"@type":"BreadcrumbList","@id":"https:\/\/vitablanca.ma\/produit\/phormax-levure-de-biere-selenium-120-comprimes\/#breadcrumb","itemListElement":[{"@type":"ListItem","position":1,"name":"Home","item":"https:\/\/vitablanca.ma\/"},{"@type":"ListItem","position":2,"name":"Tous Les Produits","item":"https:\/\/vitablanca.ma\/tous-les-produits\/"},{"@type":"ListItem","position":3,"name":"Phormax Levure de Biere &amp; Selenium 120 Comprimes"}]},{"@type":"WebSite","@id":"https:\/\/vitablanca.ma\/#website","url":"https:\/\/vitablanca.ma\/","name":"VitaBlanca.ma | \u0627\u0644\u0645\u0643\u0645\u0644\u0627\u062a \u0627\u0644\u063a\u0630\u0627\u0626\u064a\u0629\u060c \u0627\u0644\u0635\u062d\u0629 \u0648\u0627\u0644\u062c\u0645\u0627\u0644 \u0641\u064a \u0627\u0644\u0645\u063a\u0631\u0628","description":"\u0646\u0628\u064a\u0639 \u0641\u064a\u062a\u0627\u0645\u064a\u0646\u0627\u062a \u0648\u0645\u0643\u0645\u0644\u0627\u062a \u063a\u0630\u0627\u0626\u064a\u0629 \u0641\u0627\u062e\u0631\u0629 \u0645\u0646 \u0627\u0644\u0648\u0644\u0627\u064a\u0627\u062a \u0627\u0644\u0645\u062a\u062d\u062f\u0629 \u0627\u0644\u0623\u0645\u0631\u064a\u0643\u064a\u0629 \u0648\u0643\u0646\u062f\u0627 \u0648\u0646\u064a\u0648\u0632\u064a\u0644\u0646\u062f\u0627 \u0648\u0627\u0644\u0645\u063a\u0631\u0628 (\u0646\u0627\u0648 \u0641\u0648\u062f\u0632\u060c \u0633\u0648\u0644\u062c\u0627\u0631\u060c \u0645\u0627\u0646\u0648\u0643\u0627). \u062a\u0648\u0635\u064a\u0644 \u0633\u0631\u064a\u0639 \u0625\u0644\u0649 \u062c\u0645\u064a\u0639 \u0623\u0646\u062d\u0627\u0621 \u0627\u0644\u0645\u063a\u0631\u0628.","publisher":{"@id":"https:\/\/vitablanca.ma\/#organization"},"alternateName":"VitaBlanca.ma","potentialAction":[{"@type":"SearchAction","target":{"@type":"EntryPoint","urlTemplate":"https:\/\/vitablanca.ma\/?s={search_term_string}"},"query-input":{"@type":"PropertyValueSpecification","valueRequired":true,"valueName":"search_term_string"}}],"inLanguage":"ar"},{"@type":"Organization","@id":"https:\/\/vitablanca.ma\/#organization","name":"\u0641\u064a\u062a\u0627\u0628\u0644\u0627\u0646\u0643\u0627","url":"https:\/\/vitablanca.ma\/","logo":{"@type":"ImageObject","inLanguage":"ar","@id":"https:\/\/vitablanca.ma\/#\/schema\/logo\/image\/","url":"https:\/\/vitablanca.ma\/wp-content\/uploads\/2025\/05\/cropped-vitablanca.png","contentUrl":"https:\/\/vitablanca.ma\/wp-content\/uploads\/2025\/05\/cropped-vitablanca.png","width":360,"height":67,"caption":"VitaBlanca"},"image":{"@id":"https:\/\/vitablanca.ma\/#\/schema\/logo\/image\/"},"sameAs":["https:\/\/www.facebook.com\/profile.php?id=61576678196717","https:\/\/www.tiktok.com\/@vitablanca.ma","https:\/\/www.instagram.com\/vitablanca.ma\/"]}]}},"jetpack_sharing_enabled":true,"_links":{"self":[{"href":"https:\/\/vitablanca.ma\/ar\/wp-json\/wp\/v2\/product\/33896","targetHints":{"allow":["GET"]}}],"collection":[{"href":"https:\/\/vitablanca.ma\/ar\/wp-json\/wp\/v2\/product"}],"about":[{"href":"https:\/\/vitablanca.ma\/ar\/wp-json\/wp\/v2\/types\/product"}],"wp:featuredmedia":[{"embeddable":true,"href":"https:\/\/vitablanca.ma\/ar\/wp-json\/wp\/v2\/media\/33895"}],"wp:attachment":[{"href":"https:\/\/vitablanca.ma\/ar\/wp-json\/wp\/v2\/media?parent=33896"}],"wp:term":[{"taxonomy":"product_brand","embeddable":true,"href":"https:\/\/vitablanca.ma\/ar\/wp-json\/wp\/v2\/product_brand?post=33896"},{"taxonomy":"product_cat","embeddable":true,"href":"https:\/\/vitablanca.ma\/ar\/wp-json\/wp\/v2\/product_cat?post=33896"},{"taxonomy":"product_tag","embeddable":true,"href":"https:\/\/vitablanca.ma\/ar\/wp-json\/wp\/v2\/product_tag?post=33896"}],"curies":[{"name":"wp","href":"https:\/\/api.w.org\/{rel}","templated":true}]}}