{"id":33846,"date":"2026-03-06T22:52:31","date_gmt":"2026-03-06T22:52:31","guid":{"rendered":"https:\/\/vitablanca.ma\/?post_type=product&#038;p=33846"},"modified":"2026-04-19T17:46:29","modified_gmt":"2026-04-19T17:46:29","slug":"kirkland-minoxidil-5-homme-traitement-repousse-cheveux-4-mois","status":"publish","type":"product","link":"https:\/\/vitablanca.ma\/ar\/product-2\/kirkland-minoxidil-5-homme-traitement-repousse-cheveux-4-mois\/","title":{"rendered":"Kirkland Minoxidil 5% Homme Traitement Repousse Cheveux 4 Mois"},"content":{"rendered":"<p data-start=\"959\" data-end=\"1313\"><strong data-start=\"959\" data-end=\"1027\">Kirkland Minoxidil 5% Homme \u2013 Traitement Repousse Cheveux 4 Mois<\/strong> est une solution reconnue pour aider \u00e0 combattre la <strong data-start=\"1080\" data-end=\"1138\">chute de cheveux h\u00e9r\u00e9ditaire (alop\u00e9cie androg\u00e9n\u00e9tique)<\/strong> chez les hommes. Sa formule \u00e0 <strong data-start=\"1169\" data-end=\"1189\">5 % de minoxidil<\/strong> agit directement sur les follicules capillaires afin de prolonger la phase de croissance du cheveu et stimuler la repousse.<\/p>\n<p data-start=\"1315\" data-end=\"1540\">Utilis\u00e9 r\u00e9guli\u00e8rement, ce traitement aide \u00e0 <strong data-start=\"1359\" data-end=\"1392\">ralentir la chute des cheveux<\/strong>, am\u00e9liorer la densit\u00e9 capillaire et favoriser la croissance de nouveaux cheveux dans les zones clairsem\u00e9es, notamment au niveau du sommet du cr\u00e2ne.<\/p>\n<p data-start=\"1542\" data-end=\"1661\">Le format 4<strong data-start=\"1552\" data-end=\"1576\">\u00a0mois de traitement<\/strong> est id\u00e9al pour d\u00e9buter une cure capillaire ou pour compl\u00e9ter un traitement existant.<\/p>\n<h4 data-start=\"1630\" data-end=\"1661\"><strong data-start=\"1635\" data-end=\"1661\">Bienfaits principaux :<\/strong><\/h4>\n<ul data-start=\"1662\" data-end=\"1865\">\n<li data-start=\"1662\" data-end=\"1697\">\n<p data-start=\"1664\" data-end=\"1697\">Stimule la repousse des cheveux<\/p>\n<\/li>\n<li data-start=\"1698\" data-end=\"1743\">\n<p data-start=\"1700\" data-end=\"1743\">Ralentit efficacement la chute capillaire<\/p>\n<\/li>\n<li data-start=\"1744\" data-end=\"1778\">\n<p data-start=\"1746\" data-end=\"1778\">Renforce les follicules pileux<\/p>\n<\/li>\n<li data-start=\"1779\" data-end=\"1829\">\n<p data-start=\"1781\" data-end=\"1829\">Am\u00e9liore la densit\u00e9 et l\u2019\u00e9paisseur des cheveux<\/p>\n<\/li>\n<li data-start=\"1830\" data-end=\"1865\">\n<p data-start=\"1832\" data-end=\"1865\">Traitement cliniquement reconnu<\/p>\n<\/li>\n<\/ul>\n<h4 data-start=\"1867\" data-end=\"1916\"><strong data-start=\"1872\" data-end=\"1916\">Pourquoi choisir Kirkland Minoxidil 5% ?<\/strong><\/h4>\n<ul data-start=\"1917\" data-end=\"2138\">\n<li data-start=\"1917\" data-end=\"1956\">\n<p data-start=\"1919\" data-end=\"1956\">Formule concentr\u00e9e \u00e0 5% pour hommes<\/p>\n<\/li>\n<li data-start=\"1957\" data-end=\"2010\">\n<p data-start=\"1959\" data-end=\"2010\">R\u00e9sultats visibles avec une utilisation r\u00e9guli\u00e8re<\/p>\n<\/li>\n<li data-start=\"2011\" data-end=\"2064\">\n<p data-start=\"2013\" data-end=\"2064\">Marque fiable et largement utilis\u00e9e dans le monde<\/p>\n<\/li>\n<li data-start=\"2065\" data-end=\"2100\">\n<p data-start=\"2067\" data-end=\"2100\">Facile \u00e0 appliquer au quotidien<\/p>\n<\/li>\n<li data-start=\"2101\" data-end=\"2138\">\n<p data-start=\"2103\" data-end=\"2138\">Excellent rapport efficacit\u00e9\/prix<\/p>\n<\/li>\n<\/ul>\n<h4 data-start=\"2140\" data-end=\"2173\"><strong data-start=\"2145\" data-end=\"2173\">\u0637\u0631\u064a\u0642\u0629 \u0627\u0644\u0627\u0633\u062a\u062e\u062f\u0627\u0645:<\/strong><\/h4>\n<p data-start=\"2174\" data-end=\"2351\">\u064a\u062a\u0642\u062f\u0645\u00a0<strong data-start=\"2184\" data-end=\"2203\">2 fois par jour<\/strong>\u00a0sur le cuir chevelu sec, directement sur les zones concern\u00e9es. Ne pas rincer. Une utilisation continue est n\u00e9cessaire pour maintenir les r\u00e9sultats.<\/p>","protected":false},"excerpt":{"rendered":"<p>Kirkland Minoxidil 5% Homme \u2013 Traitement Repousse Cheveux 4 Mois est une solution reconnue pour aider \u00e0 combattre la chute de cheveux h\u00e9r\u00e9ditaire (alop\u00e9cie androg\u00e9n\u00e9tique) chez les hommes. Sa formule \u00e0 5 % de minoxidil agit directement sur les follicules capillaires afin de prolonger la phase de croissance du cheveu et stimuler la repousse. Utilis\u00e9 [&hellip;]<\/p>\n","protected":false},"featured_media":33847,"template":"","meta":[],"product_brand":[3441],"product_cat":[18,15],"product_tag":[11208,11210,5718,5720,12176,5721,5723,5716,6242,11209,5715,11211,11200,5722],"class_list":{"0":"post-33846","1":"product","2":"type-product","3":"status-publish","4":"has-post-thumbnail","6":"product_brand-kirkland","7":"product_cat-beaute-sante","8":"product_cat-beaute-sante-complements-alimentaires-soins-et-bien-etre-au-meilleur-prix","9":"product_tag-anti-calvitie-maroc","10":"product_tag-chute-cheveux-solution","11":"product_tag-densite-capillaire-homme","12":"product_tag-kirkland-minoxidil-maroc","13":"product_tag-kirkland-minoxidil-maroc-vitablanca","14":"product_tag-minoxidil-5-homme","15":"product_tag-repousse-cheveux-homme","16":"product_tag-repousse-cheveux-minoxidil","17":"product_tag-soin-cuir-chevelu","18":"product_tag-solution-minoxidil-kirkland","19":"product_tag-traitement-alopecie-homme","20":"product_tag-traitement-alopecie-homme-maroc","21":"product_tag-traitement-calvitie-homme-maroc","22":"product_tag-traitement-chute-cheveux-maroc","24":"first","25":"instock","26":"sale","27":"taxable","28":"shipping-taxable","29":"purchasable","30":"product-type-simple"},"yoast_head":"<!-- This site is optimized with the Yoast SEO plugin v27.6 - https:\/\/yoast.com\/product\/yoast-seo-wordpress\/ -->\n<title>Kirkland Minoxidil 5% Homme traitement 4 mois - Maroc Prix<\/title>\n<meta name=\"description\" content=\"Kirkland Minoxidil 5% Homme \u2013 traitement 4 mois contre la chute de cheveux. Stimule la repousse et renforce les follicules capillaires. Disponible au Maroc.\" \/>\n<meta name=\"robots\" content=\"index, follow, max-snippet:-1, max-image-preview:large, max-video-preview:-1\" \/>\n<link rel=\"canonical\" href=\"https:\/\/vitablanca.ma\/ar\/product-2\/kirkland-minoxidil-5-homme-traitement-repousse-cheveux-4-mois\/\" \/>\n<meta property=\"og:locale\" content=\"ar_AR\" \/>\n<meta property=\"og:type\" content=\"article\" \/>\n<meta property=\"og:title\" content=\"Kirkland Minoxidil 5% Homme traitement 4 mois - Maroc Prix\" \/>\n<meta property=\"og:description\" content=\"Kirkland Minoxidil 5% Homme \u2013 traitement 4 mois contre la chute de cheveux. Stimule la repousse et renforce les follicules capillaires. Disponible au Maroc.\" \/>\n<meta property=\"og:url\" content=\"https:\/\/vitablanca.ma\/ar\/product-2\/kirkland-minoxidil-5-homme-traitement-repousse-cheveux-4-mois\/\" \/>\n<meta property=\"og:site_name\" content=\"Vitablanca.ma &ndash; Sant&eacute;, vitalit&eacute; et bien-&ecirc;tre pour tous les Marocains\" \/>\n<meta property=\"article:publisher\" content=\"https:\/\/www.facebook.com\/profile.php?id=61576678196717\" \/>\n<meta property=\"article:modified_time\" content=\"2026-04-19T17:46:29+00:00\" \/>\n<meta property=\"og:image\" content=\"https:\/\/vitablanca.ma\/wp-content\/uploads\/2026\/03\/kirkland-minoxidil-5.webp\" \/>\n\t<meta property=\"og:image:width\" content=\"960\" \/>\n\t<meta property=\"og:image:height\" content=\"1088\" \/>\n\t<meta property=\"og:image:type\" content=\"image\/webp\" \/>\n<meta name=\"twitter:card\" content=\"summary_large_image\" \/>\n<meta name=\"twitter:label1\" content=\"\u0648\u0642\u062a \u0627\u0644\u0642\u0631\u0627\u0621\u0629 \u0627\u0644\u0645\u064f\u0642\u062f\u0651\u0631\" \/>\n\t<meta name=\"twitter:data1\" content=\"\u062f\u0642\u064a\u0642\u062a\u0627\u0646\" \/>\n<script type=\"application\/ld+json\" class=\"yoast-schema-graph\">{\"@context\":\"https:\\\/\\\/schema.org\",\"@graph\":[{\"@type\":[\"WebPage\",\"ItemPage\"],\"@id\":\"https:\\\/\\\/vitablanca.ma\\\/produit\\\/kirkland-minoxidil-5-homme-traitement-repousse-cheveux-4-mois\\\/\",\"url\":\"https:\\\/\\\/vitablanca.ma\\\/produit\\\/kirkland-minoxidil-5-homme-traitement-repousse-cheveux-4-mois\\\/\",\"name\":\"Kirkland Minoxidil 5% Homme traitement 4 mois - Maroc Prix\",\"isPartOf\":{\"@id\":\"https:\\\/\\\/vitablanca.ma\\\/#website\"},\"primaryImageOfPage\":{\"@id\":\"https:\\\/\\\/vitablanca.ma\\\/produit\\\/kirkland-minoxidil-5-homme-traitement-repousse-cheveux-4-mois\\\/#primaryimage\"},\"image\":{\"@id\":\"https:\\\/\\\/vitablanca.ma\\\/produit\\\/kirkland-minoxidil-5-homme-traitement-repousse-cheveux-4-mois\\\/#primaryimage\"},\"thumbnailUrl\":\"https:\\\/\\\/vitablanca.ma\\\/wp-content\\\/uploads\\\/2026\\\/03\\\/kirkland-minoxidil-5.webp\",\"datePublished\":\"2026-03-06T22:52:31+00:00\",\"dateModified\":\"2026-04-19T17:46:29+00:00\",\"description\":\"Kirkland Minoxidil 5% Homme \u2013 traitement 4 mois contre la chute de cheveux. Stimule la repousse et renforce les follicules capillaires. Disponible au Maroc.\",\"breadcrumb\":{\"@id\":\"https:\\\/\\\/vitablanca.ma\\\/produit\\\/kirkland-minoxidil-5-homme-traitement-repousse-cheveux-4-mois\\\/#breadcrumb\"},\"inLanguage\":\"ar\",\"potentialAction\":[{\"@type\":\"ReadAction\",\"target\":[\"https:\\\/\\\/vitablanca.ma\\\/produit\\\/kirkland-minoxidil-5-homme-traitement-repousse-cheveux-4-mois\\\/\"]}]},{\"@type\":\"ImageObject\",\"inLanguage\":\"ar\",\"@id\":\"https:\\\/\\\/vitablanca.ma\\\/produit\\\/kirkland-minoxidil-5-homme-traitement-repousse-cheveux-4-mois\\\/#primaryimage\",\"url\":\"https:\\\/\\\/vitablanca.ma\\\/wp-content\\\/uploads\\\/2026\\\/03\\\/kirkland-minoxidil-5.webp\",\"contentUrl\":\"https:\\\/\\\/vitablanca.ma\\\/wp-content\\\/uploads\\\/2026\\\/03\\\/kirkland-minoxidil-5.webp\",\"width\":960,\"height\":1088},{\"@type\":\"BreadcrumbList\",\"@id\":\"https:\\\/\\\/vitablanca.ma\\\/produit\\\/kirkland-minoxidil-5-homme-traitement-repousse-cheveux-4-mois\\\/#breadcrumb\",\"itemListElement\":[{\"@type\":\"ListItem\",\"position\":1,\"name\":\"Home\",\"item\":\"https:\\\/\\\/vitablanca.ma\\\/\"},{\"@type\":\"ListItem\",\"position\":2,\"name\":\"Tous Les Produits\",\"item\":\"https:\\\/\\\/vitablanca.ma\\\/tous-les-produits\\\/\"},{\"@type\":\"ListItem\",\"position\":3,\"name\":\"Kirkland Minoxidil 5% Homme Traitement Repousse Cheveux 4 Mois\"}]},{\"@type\":\"WebSite\",\"@id\":\"https:\\\/\\\/vitablanca.ma\\\/#website\",\"url\":\"https:\\\/\\\/vitablanca.ma\\\/\",\"name\":\"VitaBlanca.ma | Compl\u00e9ments alimentaires, sant\u00e9 & beaut\u00e9 au Maroc\",\"description\":\"vendre vitamines et compl\u00e9ments premium des USA &amp; Canada, Nouvelle Z\u00e9lande,Maroc (NOW Foods, Solgar, Manuka). Livraison rapide partout au Maroc.\",\"publisher\":{\"@id\":\"https:\\\/\\\/vitablanca.ma\\\/#organization\"},\"alternateName\":\"VitaBlanca.ma\",\"potentialAction\":[{\"@type\":\"SearchAction\",\"target\":{\"@type\":\"EntryPoint\",\"urlTemplate\":\"https:\\\/\\\/vitablanca.ma\\\/?s={search_term_string}\"},\"query-input\":{\"@type\":\"PropertyValueSpecification\",\"valueRequired\":true,\"valueName\":\"search_term_string\"}}],\"inLanguage\":\"ar\"},{\"@type\":\"Organization\",\"@id\":\"https:\\\/\\\/vitablanca.ma\\\/#organization\",\"name\":\"VitaBlanca\",\"url\":\"https:\\\/\\\/vitablanca.ma\\\/\",\"logo\":{\"@type\":\"ImageObject\",\"inLanguage\":\"ar\",\"@id\":\"https:\\\/\\\/vitablanca.ma\\\/#\\\/schema\\\/logo\\\/image\\\/\",\"url\":\"https:\\\/\\\/vitablanca.ma\\\/wp-content\\\/uploads\\\/2025\\\/05\\\/cropped-vitablanca.png\",\"contentUrl\":\"https:\\\/\\\/vitablanca.ma\\\/wp-content\\\/uploads\\\/2025\\\/05\\\/cropped-vitablanca.png\",\"width\":360,\"height\":67,\"caption\":\"VitaBlanca\"},\"image\":{\"@id\":\"https:\\\/\\\/vitablanca.ma\\\/#\\\/schema\\\/logo\\\/image\\\/\"},\"sameAs\":[\"https:\\\/\\\/www.facebook.com\\\/profile.php?id=61576678196717\",\"https:\\\/\\\/www.tiktok.com\\\/@vitablanca.ma\",\"https:\\\/\\\/www.instagram.com\\\/vitablanca.ma\\\/\"]}]}<\/script>\n<!-- \/ Yoast SEO plugin. -->","yoast_head_json":{"title":"Kirkland Minoxidil 5% Homme traitement 4 mois - Maroc Prix","description":"Kirkland Minoxidil 5% Homme \u2013 traitement 4 mois contre la chute de cheveux. Stimule la repousse et renforce les follicules capillaires. Disponible au Maroc.","robots":{"index":"index","follow":"follow","max-snippet":"max-snippet:-1","max-image-preview":"max-image-preview:large","max-video-preview":"max-video-preview:-1"},"canonical":"https:\/\/vitablanca.ma\/ar\/product-2\/kirkland-minoxidil-5-homme-traitement-repousse-cheveux-4-mois\/","og_locale":"ar_AR","og_type":"article","og_title":"Kirkland Minoxidil 5% Homme traitement 4 mois - Maroc Prix","og_description":"Kirkland Minoxidil 5% Homme \u2013 traitement 4 mois contre la chute de cheveux. Stimule la repousse et renforce les follicules capillaires. Disponible au Maroc.","og_url":"https:\/\/vitablanca.ma\/ar\/product-2\/kirkland-minoxidil-5-homme-traitement-repousse-cheveux-4-mois\/","og_site_name":"Vitablanca.ma &ndash; Sant&eacute;, vitalit&eacute; et bien-&ecirc;tre pour tous les Marocains","article_publisher":"https:\/\/www.facebook.com\/profile.php?id=61576678196717","article_modified_time":"2026-04-19T17:46:29+00:00","og_image":[{"width":960,"height":1088,"url":"https:\/\/vitablanca.ma\/wp-content\/uploads\/2026\/03\/kirkland-minoxidil-5.webp","type":"image\/webp"}],"twitter_card":"summary_large_image","twitter_misc":{"\u0648\u0642\u062a \u0627\u0644\u0642\u0631\u0627\u0621\u0629 \u0627\u0644\u0645\u064f\u0642\u062f\u0651\u0631":"\u062f\u0642\u064a\u0642\u062a\u0627\u0646"},"schema":{"@context":"https:\/\/schema.org","@graph":[{"@type":["WebPage","ItemPage"],"@id":"https:\/\/vitablanca.ma\/produit\/kirkland-minoxidil-5-homme-traitement-repousse-cheveux-4-mois\/","url":"https:\/\/vitablanca.ma\/produit\/kirkland-minoxidil-5-homme-traitement-repousse-cheveux-4-mois\/","name":"Kirkland Minoxidil 5% Homme traitement 4 mois - Maroc Prix","isPartOf":{"@id":"https:\/\/vitablanca.ma\/#website"},"primaryImageOfPage":{"@id":"https:\/\/vitablanca.ma\/produit\/kirkland-minoxidil-5-homme-traitement-repousse-cheveux-4-mois\/#primaryimage"},"image":{"@id":"https:\/\/vitablanca.ma\/produit\/kirkland-minoxidil-5-homme-traitement-repousse-cheveux-4-mois\/#primaryimage"},"thumbnailUrl":"https:\/\/vitablanca.ma\/wp-content\/uploads\/2026\/03\/kirkland-minoxidil-5.webp","datePublished":"2026-03-06T22:52:31+00:00","dateModified":"2026-04-19T17:46:29+00:00","description":"Kirkland Minoxidil 5% Homme \u2013 traitement 4 mois contre la chute de cheveux. Stimule la repousse et renforce les follicules capillaires. Disponible au Maroc.","breadcrumb":{"@id":"https:\/\/vitablanca.ma\/produit\/kirkland-minoxidil-5-homme-traitement-repousse-cheveux-4-mois\/#breadcrumb"},"inLanguage":"ar","potentialAction":[{"@type":"ReadAction","target":["https:\/\/vitablanca.ma\/produit\/kirkland-minoxidil-5-homme-traitement-repousse-cheveux-4-mois\/"]}]},{"@type":"ImageObject","inLanguage":"ar","@id":"https:\/\/vitablanca.ma\/produit\/kirkland-minoxidil-5-homme-traitement-repousse-cheveux-4-mois\/#primaryimage","url":"https:\/\/vitablanca.ma\/wp-content\/uploads\/2026\/03\/kirkland-minoxidil-5.webp","contentUrl":"https:\/\/vitablanca.ma\/wp-content\/uploads\/2026\/03\/kirkland-minoxidil-5.webp","width":960,"height":1088},{"@type":"BreadcrumbList","@id":"https:\/\/vitablanca.ma\/produit\/kirkland-minoxidil-5-homme-traitement-repousse-cheveux-4-mois\/#breadcrumb","itemListElement":[{"@type":"ListItem","position":1,"name":"Home","item":"https:\/\/vitablanca.ma\/"},{"@type":"ListItem","position":2,"name":"Tous Les Produits","item":"https:\/\/vitablanca.ma\/tous-les-produits\/"},{"@type":"ListItem","position":3,"name":"Kirkland Minoxidil 5% Homme Traitement Repousse Cheveux 4 Mois"}]},{"@type":"WebSite","@id":"https:\/\/vitablanca.ma\/#website","url":"https:\/\/vitablanca.ma\/","name":"VitaBlanca.ma | \u0627\u0644\u0645\u0643\u0645\u0644\u0627\u062a \u0627\u0644\u063a\u0630\u0627\u0626\u064a\u0629\u060c \u0627\u0644\u0635\u062d\u0629 \u0648\u0627\u0644\u062c\u0645\u0627\u0644 \u0641\u064a \u0627\u0644\u0645\u063a\u0631\u0628","description":"\u0646\u0628\u064a\u0639 \u0641\u064a\u062a\u0627\u0645\u064a\u0646\u0627\u062a \u0648\u0645\u0643\u0645\u0644\u0627\u062a \u063a\u0630\u0627\u0626\u064a\u0629 \u0641\u0627\u062e\u0631\u0629 \u0645\u0646 \u0627\u0644\u0648\u0644\u0627\u064a\u0627\u062a \u0627\u0644\u0645\u062a\u062d\u062f\u0629 \u0627\u0644\u0623\u0645\u0631\u064a\u0643\u064a\u0629 \u0648\u0643\u0646\u062f\u0627 \u0648\u0646\u064a\u0648\u0632\u064a\u0644\u0646\u062f\u0627 \u0648\u0627\u0644\u0645\u063a\u0631\u0628 (\u0646\u0627\u0648 \u0641\u0648\u062f\u0632\u060c \u0633\u0648\u0644\u062c\u0627\u0631\u060c \u0645\u0627\u0646\u0648\u0643\u0627). \u062a\u0648\u0635\u064a\u0644 \u0633\u0631\u064a\u0639 \u0625\u0644\u0649 \u062c\u0645\u064a\u0639 \u0623\u0646\u062d\u0627\u0621 \u0627\u0644\u0645\u063a\u0631\u0628.","publisher":{"@id":"https:\/\/vitablanca.ma\/#organization"},"alternateName":"VitaBlanca.ma","potentialAction":[{"@type":"SearchAction","target":{"@type":"EntryPoint","urlTemplate":"https:\/\/vitablanca.ma\/?s={search_term_string}"},"query-input":{"@type":"PropertyValueSpecification","valueRequired":true,"valueName":"search_term_string"}}],"inLanguage":"ar"},{"@type":"Organization","@id":"https:\/\/vitablanca.ma\/#organization","name":"\u0641\u064a\u062a\u0627\u0628\u0644\u0627\u0646\u0643\u0627","url":"https:\/\/vitablanca.ma\/","logo":{"@type":"ImageObject","inLanguage":"ar","@id":"https:\/\/vitablanca.ma\/#\/schema\/logo\/image\/","url":"https:\/\/vitablanca.ma\/wp-content\/uploads\/2025\/05\/cropped-vitablanca.png","contentUrl":"https:\/\/vitablanca.ma\/wp-content\/uploads\/2025\/05\/cropped-vitablanca.png","width":360,"height":67,"caption":"VitaBlanca"},"image":{"@id":"https:\/\/vitablanca.ma\/#\/schema\/logo\/image\/"},"sameAs":["https:\/\/www.facebook.com\/profile.php?id=61576678196717","https:\/\/www.tiktok.com\/@vitablanca.ma","https:\/\/www.instagram.com\/vitablanca.ma\/"]}]}},"jetpack_sharing_enabled":true,"_links":{"self":[{"href":"https:\/\/vitablanca.ma\/ar\/wp-json\/wp\/v2\/product\/33846","targetHints":{"allow":["GET"]}}],"collection":[{"href":"https:\/\/vitablanca.ma\/ar\/wp-json\/wp\/v2\/product"}],"about":[{"href":"https:\/\/vitablanca.ma\/ar\/wp-json\/wp\/v2\/types\/product"}],"wp:featuredmedia":[{"embeddable":true,"href":"https:\/\/vitablanca.ma\/ar\/wp-json\/wp\/v2\/media\/33847"}],"wp:attachment":[{"href":"https:\/\/vitablanca.ma\/ar\/wp-json\/wp\/v2\/media?parent=33846"}],"wp:term":[{"taxonomy":"product_brand","embeddable":true,"href":"https:\/\/vitablanca.ma\/ar\/wp-json\/wp\/v2\/product_brand?post=33846"},{"taxonomy":"product_cat","embeddable":true,"href":"https:\/\/vitablanca.ma\/ar\/wp-json\/wp\/v2\/product_cat?post=33846"},{"taxonomy":"product_tag","embeddable":true,"href":"https:\/\/vitablanca.ma\/ar\/wp-json\/wp\/v2\/product_tag?post=33846"}],"curies":[{"name":"wp","href":"https:\/\/api.w.org\/{rel}","templated":true}]}}