{"id":33769,"date":"2026-03-05T01:05:50","date_gmt":"2026-03-05T01:05:50","guid":{"rendered":"https:\/\/vitablanca.ma\/?post_type=product&#038;p=33769"},"modified":"2026-03-06T03:38:32","modified_gmt":"2026-03-06T03:38:32","slug":"skin1004-kit-nettoyage-madagascar-centella-huile-200ml-mousse-125ml","status":"publish","type":"product","link":"https:\/\/vitablanca.ma\/ar\/product-2\/skin1004-kit-nettoyage-madagascar-centella-huile-200ml-mousse-125ml\/","title":{"rendered":"SKIN1004 Kit Nettoyage Madagascar Centella, Huile 200ml + Mousse 125ml"},"content":{"rendered":"<p><strong>Double nettoyage parfait avec SKIN 1004 Madagascar Centella Duo<\/strong><\/p>\n<p>Red\u00e9couvrez l\u2019art du nettoyage en profondeur avec le\u00a0<strong>Double Cleansing Duo de SKIN 1004 Madagascar Centella<\/strong>. Ce duo associe une huile nettoyante l\u00e9g\u00e8re et une mousse riche pour offrir une routine compl\u00e8te qui respecte et sublime votre peau.<\/p>\n<p><strong>\u00c9tape 1 : Huile nettoyante l\u00e9g\u00e8re Centella<\/strong><\/p>\n<p>Cette huile nettoyante, enrichie en\u00a0<strong>huile de Centella<\/strong>\u00a0et en 6 huiles v\u00e9g\u00e9tales, \u00e9limine efficacement le maquillage, les impuret\u00e9s et l\u2019exc\u00e8s de s\u00e9bum. Sa\u00a0<strong>texture l\u00e9g\u00e8re et non com\u00e9dog\u00e8ne<\/strong>\u00a0fond sur la peau, dissout le s\u00e9bum et emp\u00eache la congestion des pores tout en pr\u00e9servant les huiles naturelles essentielles. Parfait pour les d\u00e9butantes dans les nettoyants \u00e0 base d&rsquo;huile, elle nettoie tout en douceur sans irriter le contour des yeux.<\/p>\n<p><strong>\u00c9tape 2 : Mousse en ampoule Centella<\/strong><\/p>\n<p>Dot\u00e9e d\u2019un pH id\u00e9al de 5, cette mousse riche \u00e9limine les impuret\u00e9s et les poussi\u00e8res fines jusqu\u2019\u00e0\u00a0<strong>92,69 %<\/strong>, gr\u00e2ce \u00e0 la poudre de bicarbonate ultra-fine. Les tensioactifs d\u00e9riv\u00e9s de la noix de coco nettoient sans agresser, tandis que l\u2019ampoule de Centella apaise et \u00e9quilibre la peau, laissant une sensation de fra\u00eecheur et de confort.<\/p>\n<p>Ce duo est id\u00e9al pour toutes les peaux, m\u00eame sensibles, pour un teint net, apais\u00e9 et \u00e9clatant.<\/p>","protected":false},"excerpt":{"rendered":"<p>Double nettoyage parfait avec SKIN 1004 Madagascar Centella Duo Red\u00e9couvrez l\u2019art du nettoyage en profondeur avec le\u00a0Double Cleansing Duo de SKIN 1004 Madagascar Centella. Ce duo associe une huile nettoyante l\u00e9g\u00e8re et une mousse riche pour offrir une routine compl\u00e8te qui respecte et sublime votre peau. \u00c9tape 1 : Huile nettoyante l\u00e9g\u00e8re Centella Cette huile [&hellip;]<\/p>\n","protected":false},"featured_media":33770,"template":"","meta":{"om_disable_all_campaigns":false},"product_brand":[11141],"product_cat":[18,11142],"product_tag":[11147,11145,11151,11144,11146,10460,11150,11149,11143,11153,11148,11152],"class_list":{"0":"post-33769","1":"product","2":"type-product","3":"status-publish","4":"has-post-thumbnail","6":"product_brand-skin1004","7":"product_cat-beaute-sante","8":"product_cat-skin1004","9":"product_tag-double-nettoyage-coreen","10":"product_tag-huile-demaquillante-centella","11":"product_tag-huile-nettoyante-visage","12":"product_tag-kit-nettoyage-skin1004","13":"product_tag-mousse-nettoyante-centella","14":"product_tag-mousse-visage-douce","15":"product_tag-nettoyant-peau-mixte","16":"product_tag-routine-peau-sensible","17":"product_tag-skin1004-madagascar-centella","18":"product_tag-skin1004-maroc","19":"product_tag-skincare-coreenne","20":"product_tag-soin-apaisant-centella","22":"first","23":"instock","24":"taxable","25":"shipping-taxable","26":"purchasable","27":"product-type-simple"},"yoast_head":"<!-- This site is optimized with the Yoast SEO plugin v27.4 - https:\/\/yoast.com\/product\/yoast-seo-wordpress\/ -->\n<title>SKIN1004 Kit Nettoyage Centella, Huile + Mousse - Maroc Prix<\/title>\n<meta name=\"description\" content=\"D\u00e9couvrez le SKIN1004 Kit Nettoyage Madagascar Centella, duo nettoyant visage avec huile d\u00e9maquillante 200ml et mousse 125ml.\" \/>\n<meta name=\"robots\" content=\"index, follow, max-snippet:-1, max-image-preview:large, max-video-preview:-1\" \/>\n<link rel=\"canonical\" href=\"https:\/\/vitablanca.ma\/ar\/product-2\/skin1004-kit-nettoyage-madagascar-centella-huile-200ml-mousse-125ml\/\" \/>\n<meta property=\"og:locale\" content=\"ar_AR\" \/>\n<meta property=\"og:type\" content=\"article\" \/>\n<meta property=\"og:title\" content=\"SKIN1004 Kit Nettoyage Centella, Huile + Mousse - Maroc Prix\" \/>\n<meta property=\"og:description\" content=\"D\u00e9couvrez le SKIN1004 Kit Nettoyage Madagascar Centella, duo nettoyant visage avec huile d\u00e9maquillante 200ml et mousse 125ml.\" \/>\n<meta property=\"og:url\" content=\"https:\/\/vitablanca.ma\/ar\/product-2\/skin1004-kit-nettoyage-madagascar-centella-huile-200ml-mousse-125ml\/\" \/>\n<meta property=\"og:site_name\" content=\"Vitablanca.ma &ndash; Sant&eacute;, vitalit&eacute; et bien-&ecirc;tre pour tous les Marocains\" \/>\n<meta property=\"article:publisher\" content=\"https:\/\/www.facebook.com\/profile.php?id=61576678196717\" \/>\n<meta property=\"article:modified_time\" content=\"2026-03-06T03:38:32+00:00\" \/>\n<meta property=\"og:image\" content=\"https:\/\/vitablanca.ma\/wp-content\/uploads\/2026\/03\/skin1004-kit-nettoyage-madagascar-centella-huile.jpg\" \/>\n\t<meta property=\"og:image:width\" content=\"680\" \/>\n\t<meta property=\"og:image:height\" content=\"680\" \/>\n\t<meta property=\"og:image:type\" content=\"image\/jpeg\" \/>\n<meta name=\"twitter:card\" content=\"summary_large_image\" \/>\n<meta name=\"twitter:label1\" content=\"\u0648\u0642\u062a \u0627\u0644\u0642\u0631\u0627\u0621\u0629 \u0627\u0644\u0645\u064f\u0642\u062f\u0651\u0631\" \/>\n\t<meta name=\"twitter:data1\" content=\"\u062f\u0642\u064a\u0642\u062a\u0627\u0646\" \/>\n<script type=\"application\/ld+json\" class=\"yoast-schema-graph\">{\"@context\":\"https:\\\/\\\/schema.org\",\"@graph\":[{\"@type\":[\"WebPage\",\"ItemPage\"],\"@id\":\"https:\\\/\\\/vitablanca.ma\\\/produit\\\/skin1004-kit-nettoyage-madagascar-centella-huile-200ml-mousse-125ml\\\/\",\"url\":\"https:\\\/\\\/vitablanca.ma\\\/produit\\\/skin1004-kit-nettoyage-madagascar-centella-huile-200ml-mousse-125ml\\\/\",\"name\":\"SKIN1004 Kit Nettoyage Centella, Huile + Mousse - Maroc Prix\",\"isPartOf\":{\"@id\":\"https:\\\/\\\/vitablanca.ma\\\/#website\"},\"primaryImageOfPage\":{\"@id\":\"https:\\\/\\\/vitablanca.ma\\\/produit\\\/skin1004-kit-nettoyage-madagascar-centella-huile-200ml-mousse-125ml\\\/#primaryimage\"},\"image\":{\"@id\":\"https:\\\/\\\/vitablanca.ma\\\/produit\\\/skin1004-kit-nettoyage-madagascar-centella-huile-200ml-mousse-125ml\\\/#primaryimage\"},\"thumbnailUrl\":\"https:\\\/\\\/vitablanca.ma\\\/wp-content\\\/uploads\\\/2026\\\/03\\\/skin1004-kit-nettoyage-madagascar-centella-huile.jpg\",\"datePublished\":\"2026-03-05T01:05:50+00:00\",\"dateModified\":\"2026-03-06T03:38:32+00:00\",\"description\":\"D\u00e9couvrez le SKIN1004 Kit Nettoyage Madagascar Centella, duo nettoyant visage avec huile d\u00e9maquillante 200ml et mousse 125ml.\",\"breadcrumb\":{\"@id\":\"https:\\\/\\\/vitablanca.ma\\\/produit\\\/skin1004-kit-nettoyage-madagascar-centella-huile-200ml-mousse-125ml\\\/#breadcrumb\"},\"inLanguage\":\"ar\",\"potentialAction\":[{\"@type\":\"ReadAction\",\"target\":[\"https:\\\/\\\/vitablanca.ma\\\/produit\\\/skin1004-kit-nettoyage-madagascar-centella-huile-200ml-mousse-125ml\\\/\"]}]},{\"@type\":\"ImageObject\",\"inLanguage\":\"ar\",\"@id\":\"https:\\\/\\\/vitablanca.ma\\\/produit\\\/skin1004-kit-nettoyage-madagascar-centella-huile-200ml-mousse-125ml\\\/#primaryimage\",\"url\":\"https:\\\/\\\/vitablanca.ma\\\/wp-content\\\/uploads\\\/2026\\\/03\\\/skin1004-kit-nettoyage-madagascar-centella-huile.jpg\",\"contentUrl\":\"https:\\\/\\\/vitablanca.ma\\\/wp-content\\\/uploads\\\/2026\\\/03\\\/skin1004-kit-nettoyage-madagascar-centella-huile.jpg\",\"width\":680,\"height\":680},{\"@type\":\"BreadcrumbList\",\"@id\":\"https:\\\/\\\/vitablanca.ma\\\/produit\\\/skin1004-kit-nettoyage-madagascar-centella-huile-200ml-mousse-125ml\\\/#breadcrumb\",\"itemListElement\":[{\"@type\":\"ListItem\",\"position\":1,\"name\":\"Home\",\"item\":\"https:\\\/\\\/vitablanca.ma\\\/\"},{\"@type\":\"ListItem\",\"position\":2,\"name\":\"Tous Les Produits\",\"item\":\"https:\\\/\\\/vitablanca.ma\\\/tous-les-produits\\\/\"},{\"@type\":\"ListItem\",\"position\":3,\"name\":\"SKIN1004 Kit Nettoyage Madagascar Centella, Huile 200ml + Mousse 125ml\"}]},{\"@type\":\"WebSite\",\"@id\":\"https:\\\/\\\/vitablanca.ma\\\/#website\",\"url\":\"https:\\\/\\\/vitablanca.ma\\\/\",\"name\":\"VitaBlanca.ma | Compl\u00e9ments alimentaires, sant\u00e9 & beaut\u00e9 au Maroc\",\"description\":\"vendre vitamines et compl\u00e9ments premium des USA &amp; Canada, Nouvelle Z\u00e9lande,Maroc (NOW Foods, Solgar, Manuka). Livraison rapide partout au Maroc.\",\"publisher\":{\"@id\":\"https:\\\/\\\/vitablanca.ma\\\/#organization\"},\"alternateName\":\"VitaBlanca.ma\",\"potentialAction\":[{\"@type\":\"SearchAction\",\"target\":{\"@type\":\"EntryPoint\",\"urlTemplate\":\"https:\\\/\\\/vitablanca.ma\\\/?s={search_term_string}\"},\"query-input\":{\"@type\":\"PropertyValueSpecification\",\"valueRequired\":true,\"valueName\":\"search_term_string\"}}],\"inLanguage\":\"ar\"},{\"@type\":\"Organization\",\"@id\":\"https:\\\/\\\/vitablanca.ma\\\/#organization\",\"name\":\"VitaBlanca\",\"url\":\"https:\\\/\\\/vitablanca.ma\\\/\",\"logo\":{\"@type\":\"ImageObject\",\"inLanguage\":\"ar\",\"@id\":\"https:\\\/\\\/vitablanca.ma\\\/#\\\/schema\\\/logo\\\/image\\\/\",\"url\":\"https:\\\/\\\/vitablanca.ma\\\/wp-content\\\/uploads\\\/2025\\\/05\\\/cropped-vitablanca.png\",\"contentUrl\":\"https:\\\/\\\/vitablanca.ma\\\/wp-content\\\/uploads\\\/2025\\\/05\\\/cropped-vitablanca.png\",\"width\":360,\"height\":67,\"caption\":\"VitaBlanca\"},\"image\":{\"@id\":\"https:\\\/\\\/vitablanca.ma\\\/#\\\/schema\\\/logo\\\/image\\\/\"},\"sameAs\":[\"https:\\\/\\\/www.facebook.com\\\/profile.php?id=61576678196717\",\"https:\\\/\\\/www.tiktok.com\\\/@vitablanca.ma\",\"https:\\\/\\\/www.instagram.com\\\/vitablanca.ma\\\/\"]}]}<\/script>\n<!-- \/ Yoast SEO plugin. -->","yoast_head_json":{"title":"SKIN1004 Kit Nettoyage Centella, Huile + Mousse - Maroc Prix","description":"D\u00e9couvrez le SKIN1004 Kit Nettoyage Madagascar Centella, duo nettoyant visage avec huile d\u00e9maquillante 200ml et mousse 125ml.","robots":{"index":"index","follow":"follow","max-snippet":"max-snippet:-1","max-image-preview":"max-image-preview:large","max-video-preview":"max-video-preview:-1"},"canonical":"https:\/\/vitablanca.ma\/ar\/product-2\/skin1004-kit-nettoyage-madagascar-centella-huile-200ml-mousse-125ml\/","og_locale":"ar_AR","og_type":"article","og_title":"SKIN1004 Kit Nettoyage Centella, Huile + Mousse - Maroc Prix","og_description":"D\u00e9couvrez le SKIN1004 Kit Nettoyage Madagascar Centella, duo nettoyant visage avec huile d\u00e9maquillante 200ml et mousse 125ml.","og_url":"https:\/\/vitablanca.ma\/ar\/product-2\/skin1004-kit-nettoyage-madagascar-centella-huile-200ml-mousse-125ml\/","og_site_name":"Vitablanca.ma &ndash; Sant&eacute;, vitalit&eacute; et bien-&ecirc;tre pour tous les Marocains","article_publisher":"https:\/\/www.facebook.com\/profile.php?id=61576678196717","article_modified_time":"2026-03-06T03:38:32+00:00","og_image":[{"width":680,"height":680,"url":"https:\/\/vitablanca.ma\/wp-content\/uploads\/2026\/03\/skin1004-kit-nettoyage-madagascar-centella-huile.jpg","type":"image\/jpeg"}],"twitter_card":"summary_large_image","twitter_misc":{"\u0648\u0642\u062a \u0627\u0644\u0642\u0631\u0627\u0621\u0629 \u0627\u0644\u0645\u064f\u0642\u062f\u0651\u0631":"\u062f\u0642\u064a\u0642\u062a\u0627\u0646"},"schema":{"@context":"https:\/\/schema.org","@graph":[{"@type":["WebPage","ItemPage"],"@id":"https:\/\/vitablanca.ma\/produit\/skin1004-kit-nettoyage-madagascar-centella-huile-200ml-mousse-125ml\/","url":"https:\/\/vitablanca.ma\/produit\/skin1004-kit-nettoyage-madagascar-centella-huile-200ml-mousse-125ml\/","name":"SKIN1004 Kit Nettoyage Centella, Huile + Mousse - Maroc Prix","isPartOf":{"@id":"https:\/\/vitablanca.ma\/#website"},"primaryImageOfPage":{"@id":"https:\/\/vitablanca.ma\/produit\/skin1004-kit-nettoyage-madagascar-centella-huile-200ml-mousse-125ml\/#primaryimage"},"image":{"@id":"https:\/\/vitablanca.ma\/produit\/skin1004-kit-nettoyage-madagascar-centella-huile-200ml-mousse-125ml\/#primaryimage"},"thumbnailUrl":"https:\/\/vitablanca.ma\/wp-content\/uploads\/2026\/03\/skin1004-kit-nettoyage-madagascar-centella-huile.jpg","datePublished":"2026-03-05T01:05:50+00:00","dateModified":"2026-03-06T03:38:32+00:00","description":"D\u00e9couvrez le SKIN1004 Kit Nettoyage Madagascar Centella, duo nettoyant visage avec huile d\u00e9maquillante 200ml et mousse 125ml.","breadcrumb":{"@id":"https:\/\/vitablanca.ma\/produit\/skin1004-kit-nettoyage-madagascar-centella-huile-200ml-mousse-125ml\/#breadcrumb"},"inLanguage":"ar","potentialAction":[{"@type":"ReadAction","target":["https:\/\/vitablanca.ma\/produit\/skin1004-kit-nettoyage-madagascar-centella-huile-200ml-mousse-125ml\/"]}]},{"@type":"ImageObject","inLanguage":"ar","@id":"https:\/\/vitablanca.ma\/produit\/skin1004-kit-nettoyage-madagascar-centella-huile-200ml-mousse-125ml\/#primaryimage","url":"https:\/\/vitablanca.ma\/wp-content\/uploads\/2026\/03\/skin1004-kit-nettoyage-madagascar-centella-huile.jpg","contentUrl":"https:\/\/vitablanca.ma\/wp-content\/uploads\/2026\/03\/skin1004-kit-nettoyage-madagascar-centella-huile.jpg","width":680,"height":680},{"@type":"BreadcrumbList","@id":"https:\/\/vitablanca.ma\/produit\/skin1004-kit-nettoyage-madagascar-centella-huile-200ml-mousse-125ml\/#breadcrumb","itemListElement":[{"@type":"ListItem","position":1,"name":"Home","item":"https:\/\/vitablanca.ma\/"},{"@type":"ListItem","position":2,"name":"Tous Les Produits","item":"https:\/\/vitablanca.ma\/tous-les-produits\/"},{"@type":"ListItem","position":3,"name":"SKIN1004 Kit Nettoyage Madagascar Centella, Huile 200ml + Mousse 125ml"}]},{"@type":"WebSite","@id":"https:\/\/vitablanca.ma\/#website","url":"https:\/\/vitablanca.ma\/","name":"VitaBlanca.ma | \u0627\u0644\u0645\u0643\u0645\u0644\u0627\u062a \u0627\u0644\u063a\u0630\u0627\u0626\u064a\u0629\u060c \u0627\u0644\u0635\u062d\u0629 \u0648\u0627\u0644\u062c\u0645\u0627\u0644 \u0641\u064a \u0627\u0644\u0645\u063a\u0631\u0628","description":"\u0646\u0628\u064a\u0639 \u0641\u064a\u062a\u0627\u0645\u064a\u0646\u0627\u062a \u0648\u0645\u0643\u0645\u0644\u0627\u062a \u063a\u0630\u0627\u0626\u064a\u0629 \u0641\u0627\u062e\u0631\u0629 \u0645\u0646 \u0627\u0644\u0648\u0644\u0627\u064a\u0627\u062a \u0627\u0644\u0645\u062a\u062d\u062f\u0629 \u0627\u0644\u0623\u0645\u0631\u064a\u0643\u064a\u0629 \u0648\u0643\u0646\u062f\u0627 \u0648\u0646\u064a\u0648\u0632\u064a\u0644\u0646\u062f\u0627 \u0648\u0627\u0644\u0645\u063a\u0631\u0628 (\u0646\u0627\u0648 \u0641\u0648\u062f\u0632\u060c \u0633\u0648\u0644\u062c\u0627\u0631\u060c \u0645\u0627\u0646\u0648\u0643\u0627). \u062a\u0648\u0635\u064a\u0644 \u0633\u0631\u064a\u0639 \u0625\u0644\u0649 \u062c\u0645\u064a\u0639 \u0623\u0646\u062d\u0627\u0621 \u0627\u0644\u0645\u063a\u0631\u0628.","publisher":{"@id":"https:\/\/vitablanca.ma\/#organization"},"alternateName":"VitaBlanca.ma","potentialAction":[{"@type":"SearchAction","target":{"@type":"EntryPoint","urlTemplate":"https:\/\/vitablanca.ma\/?s={search_term_string}"},"query-input":{"@type":"PropertyValueSpecification","valueRequired":true,"valueName":"search_term_string"}}],"inLanguage":"ar"},{"@type":"Organization","@id":"https:\/\/vitablanca.ma\/#organization","name":"\u0641\u064a\u062a\u0627\u0628\u0644\u0627\u0646\u0643\u0627","url":"https:\/\/vitablanca.ma\/","logo":{"@type":"ImageObject","inLanguage":"ar","@id":"https:\/\/vitablanca.ma\/#\/schema\/logo\/image\/","url":"https:\/\/vitablanca.ma\/wp-content\/uploads\/2025\/05\/cropped-vitablanca.png","contentUrl":"https:\/\/vitablanca.ma\/wp-content\/uploads\/2025\/05\/cropped-vitablanca.png","width":360,"height":67,"caption":"VitaBlanca"},"image":{"@id":"https:\/\/vitablanca.ma\/#\/schema\/logo\/image\/"},"sameAs":["https:\/\/www.facebook.com\/profile.php?id=61576678196717","https:\/\/www.tiktok.com\/@vitablanca.ma","https:\/\/www.instagram.com\/vitablanca.ma\/"]}]}},"jetpack_sharing_enabled":true,"_links":{"self":[{"href":"https:\/\/vitablanca.ma\/ar\/wp-json\/wp\/v2\/product\/33769","targetHints":{"allow":["GET"]}}],"collection":[{"href":"https:\/\/vitablanca.ma\/ar\/wp-json\/wp\/v2\/product"}],"about":[{"href":"https:\/\/vitablanca.ma\/ar\/wp-json\/wp\/v2\/types\/product"}],"wp:featuredmedia":[{"embeddable":true,"href":"https:\/\/vitablanca.ma\/ar\/wp-json\/wp\/v2\/media\/33770"}],"wp:attachment":[{"href":"https:\/\/vitablanca.ma\/ar\/wp-json\/wp\/v2\/media?parent=33769"}],"wp:term":[{"taxonomy":"product_brand","embeddable":true,"href":"https:\/\/vitablanca.ma\/ar\/wp-json\/wp\/v2\/product_brand?post=33769"},{"taxonomy":"product_cat","embeddable":true,"href":"https:\/\/vitablanca.ma\/ar\/wp-json\/wp\/v2\/product_cat?post=33769"},{"taxonomy":"product_tag","embeddable":true,"href":"https:\/\/vitablanca.ma\/ar\/wp-json\/wp\/v2\/product_tag?post=33769"}],"curies":[{"name":"wp","href":"https:\/\/api.w.org\/{rel}","templated":true}]}}