{"id":33742,"date":"2026-03-04T04:33:21","date_gmt":"2026-03-04T04:33:21","guid":{"rendered":"https:\/\/vitablanca.ma\/produit\/carbon-protein-1l\/"},"modified":"2026-03-08T01:57:48","modified_gmt":"2026-03-08T01:57:48","slug":"carbon-protein-1l","status":"publish","type":"product","link":"https:\/\/vitablanca.ma\/ar\/product-2\/carbon-protein-1l\/","title":{"rendered":"CARBON PROTEIN 1L"},"content":{"rendered":"<h3 style=\"text-align: center;\" data-mce-fragment=\"1\">\u00a0CARBON PROTEIN &#8211; NUANCE<\/h3>\n<p data-mce-fragment=\"1\">La Carbonoplastia poss\u00e8de un puissant effet r\u00e9ducteur de volume et contribue \u00e0 restaurer la carbon naturel des cheveux et fortifie la structure capillaire en r\u00e9duisant la casse des cheveux. Effet nutritif et r\u00e9parateur, pour des cheveux plus sains plus souples et intens\u00e9ment brillants.<\/p>\n<p data-mce-fragment=\"1\">Application: Agitez avant utilisation, R\u00e9alisez un test sur une m\u00e8che avant d&rsquo;utiliser le produit. Apr\u00e8s vous \u00eatre lave les cheveux, appliquez le produit \u00e0 1cm de la racine, tout en alignant la fibre capillaire \u00e0 l&rsquo;aide d&rsquo;un peigne fin. Laissez agir 30 minutes sur cheveux blonds, et fin, entre 50 \u00e0 60 minutes sur cheveux difficiles et Afros. Apres la pause, rincez soigneusement \u00e0 l&rsquo;eau ti\u00e8de pour \u00e9liminer tout exc\u00e8s de produit et s\u00e9chez les cheveux \u00e0 100%. Passez les plaques en m\u00e8ches fines, 12 \u00e1 15 fois par m\u00e8che, puis rincez \u00e0 \u00a0l\u2019eau. Finalisez \u00e0 votre go\u00fbt.<\/p>\n<p data-mce-fragment=\"1\">Pr\u00e9cautions: Usage externe. Tenir hors de la port\u00e9e des enfants et animaux. En cas de contact avec les yeux, rincez abondamment avec de l\u2019eau<\/p>","protected":false},"excerpt":{"rendered":"<p>\u00a0CARBON PROTEIN &#8211; NUANCE La Carbonoplastia poss\u00e8de un puissant effet r\u00e9ducteur de volume et contribue \u00e0 restaurer la carbon naturel des cheveux et fortifie la structure capillaire en r\u00e9duisant la casse des cheveux. Effet nutritif et r\u00e9parateur, pour des cheveux plus sains plus souples et intens\u00e9ment brillants. Application: Agitez avant utilisation, R\u00e9alisez un test sur [&hellip;]<\/p>\n","protected":false},"featured_media":33741,"template":"","meta":{"om_disable_all_campaigns":false},"product_brand":[],"product_cat":[18,15],"product_tag":[11389,11382,11387,11390,11385,11386,11383,9753,11388,11384],"class_list":{"0":"post-33742","1":"product","2":"type-product","3":"status-publish","4":"has-post-thumbnail","6":"product_cat-beaute-sante","7":"product_cat-beaute-sante-complements-alimentaires-soins-et-bien-etre-au-meilleur-prix","8":"product_tag-brillance-et-douceur-cheveux","9":"product_tag-carbon-protein","10":"product_tag-cheveux-secs-et-cassants","11":"product_tag-hair-care-professional","12":"product_tag-proteines-capillaires","13":"product_tag-renforcement-cheveux","14":"product_tag-soin-capillaire-professionnel","15":"product_tag-soin-cheveux-nourrissant","16":"product_tag-soin-cheveux-reparateur","17":"product_tag-traitement-cheveux-abimes","19":"first","20":"instock","21":"taxable","22":"shipping-taxable","23":"purchasable","24":"product-type-simple"},"yoast_head":"<!-- This site is optimized with the Yoast SEO plugin v27.4 - https:\/\/yoast.com\/product\/yoast-seo-wordpress\/ -->\n<title>CARBON PROTEIN 1L - Maroc Prix<\/title>\n<meta name=\"description\" content=\"Carbon Protein 1L est un traitement capillaire professionnel enrichi en prot\u00e9ines de carbone qui renforce, nourrit et r\u00e9pare les cheveux ab\u00eem\u00e9s.\" \/>\n<meta name=\"robots\" content=\"index, follow, max-snippet:-1, max-image-preview:large, max-video-preview:-1\" \/>\n<link rel=\"canonical\" href=\"https:\/\/vitablanca.ma\/ar\/product-2\/carbon-protein-1l\/\" \/>\n<meta property=\"og:locale\" content=\"ar_AR\" \/>\n<meta property=\"og:type\" content=\"article\" \/>\n<meta property=\"og:title\" content=\"CARBON PROTEIN 1L - Maroc Prix\" \/>\n<meta property=\"og:description\" content=\"Carbon Protein 1L est un traitement capillaire professionnel enrichi en prot\u00e9ines de carbone qui renforce, nourrit et r\u00e9pare les cheveux ab\u00eem\u00e9s.\" \/>\n<meta property=\"og:url\" content=\"https:\/\/vitablanca.ma\/ar\/product-2\/carbon-protein-1l\/\" \/>\n<meta property=\"og:site_name\" content=\"Vitablanca.ma &ndash; Sant&eacute;, vitalit&eacute; et bien-&ecirc;tre pour tous les Marocains\" \/>\n<meta property=\"article:publisher\" content=\"https:\/\/www.facebook.com\/profile.php?id=61576678196717\" \/>\n<meta property=\"article:modified_time\" content=\"2026-03-08T01:57:48+00:00\" \/>\n<meta property=\"og:image\" content=\"https:\/\/vitablanca.ma\/wp-content\/uploads\/2026\/03\/CARBONPROTEIN1L-1024x1024.png\" \/>\n\t<meta property=\"og:image:width\" content=\"1024\" \/>\n\t<meta property=\"og:image:height\" content=\"1024\" \/>\n\t<meta property=\"og:image:type\" content=\"image\/png\" \/>\n<meta name=\"twitter:card\" content=\"summary_large_image\" \/>\n<meta name=\"twitter:label1\" content=\"\u0648\u0642\u062a \u0627\u0644\u0642\u0631\u0627\u0621\u0629 \u0627\u0644\u0645\u064f\u0642\u062f\u0651\u0631\" \/>\n\t<meta name=\"twitter:data1\" content=\"\u062f\u0642\u064a\u0642\u062a\u0627\u0646\" \/>\n<script type=\"application\/ld+json\" class=\"yoast-schema-graph\">{\"@context\":\"https:\\\/\\\/schema.org\",\"@graph\":[{\"@type\":[\"WebPage\",\"ItemPage\"],\"@id\":\"https:\\\/\\\/vitablanca.ma\\\/produit\\\/carbon-protein-1l\\\/\",\"url\":\"https:\\\/\\\/vitablanca.ma\\\/produit\\\/carbon-protein-1l\\\/\",\"name\":\"CARBON PROTEIN 1L - Maroc Prix\",\"isPartOf\":{\"@id\":\"https:\\\/\\\/vitablanca.ma\\\/#website\"},\"primaryImageOfPage\":{\"@id\":\"https:\\\/\\\/vitablanca.ma\\\/produit\\\/carbon-protein-1l\\\/#primaryimage\"},\"image\":{\"@id\":\"https:\\\/\\\/vitablanca.ma\\\/produit\\\/carbon-protein-1l\\\/#primaryimage\"},\"thumbnailUrl\":\"https:\\\/\\\/vitablanca.ma\\\/wp-content\\\/uploads\\\/2026\\\/03\\\/CARBONPROTEIN1L-scaled.png\",\"datePublished\":\"2026-03-04T04:33:21+00:00\",\"dateModified\":\"2026-03-08T01:57:48+00:00\",\"description\":\"Carbon Protein 1L est un traitement capillaire professionnel enrichi en prot\u00e9ines de carbone qui renforce, nourrit et r\u00e9pare les cheveux ab\u00eem\u00e9s.\",\"breadcrumb\":{\"@id\":\"https:\\\/\\\/vitablanca.ma\\\/produit\\\/carbon-protein-1l\\\/#breadcrumb\"},\"inLanguage\":\"ar\",\"potentialAction\":[{\"@type\":\"ReadAction\",\"target\":[\"https:\\\/\\\/vitablanca.ma\\\/produit\\\/carbon-protein-1l\\\/\"]}]},{\"@type\":\"ImageObject\",\"inLanguage\":\"ar\",\"@id\":\"https:\\\/\\\/vitablanca.ma\\\/produit\\\/carbon-protein-1l\\\/#primaryimage\",\"url\":\"https:\\\/\\\/vitablanca.ma\\\/wp-content\\\/uploads\\\/2026\\\/03\\\/CARBONPROTEIN1L-scaled.png\",\"contentUrl\":\"https:\\\/\\\/vitablanca.ma\\\/wp-content\\\/uploads\\\/2026\\\/03\\\/CARBONPROTEIN1L-scaled.png\",\"width\":2560,\"height\":2560},{\"@type\":\"BreadcrumbList\",\"@id\":\"https:\\\/\\\/vitablanca.ma\\\/produit\\\/carbon-protein-1l\\\/#breadcrumb\",\"itemListElement\":[{\"@type\":\"ListItem\",\"position\":1,\"name\":\"Home\",\"item\":\"https:\\\/\\\/vitablanca.ma\\\/\"},{\"@type\":\"ListItem\",\"position\":2,\"name\":\"Tous Les Produits\",\"item\":\"https:\\\/\\\/vitablanca.ma\\\/tous-les-produits\\\/\"},{\"@type\":\"ListItem\",\"position\":3,\"name\":\"CARBON PROTEIN 1L\"}]},{\"@type\":\"WebSite\",\"@id\":\"https:\\\/\\\/vitablanca.ma\\\/#website\",\"url\":\"https:\\\/\\\/vitablanca.ma\\\/\",\"name\":\"VitaBlanca.ma | Compl\u00e9ments alimentaires, sant\u00e9 & beaut\u00e9 au Maroc\",\"description\":\"vendre vitamines et compl\u00e9ments premium des USA &amp; Canada, Nouvelle Z\u00e9lande,Maroc (NOW Foods, Solgar, Manuka). Livraison rapide partout au Maroc.\",\"publisher\":{\"@id\":\"https:\\\/\\\/vitablanca.ma\\\/#organization\"},\"alternateName\":\"VitaBlanca.ma\",\"potentialAction\":[{\"@type\":\"SearchAction\",\"target\":{\"@type\":\"EntryPoint\",\"urlTemplate\":\"https:\\\/\\\/vitablanca.ma\\\/?s={search_term_string}\"},\"query-input\":{\"@type\":\"PropertyValueSpecification\",\"valueRequired\":true,\"valueName\":\"search_term_string\"}}],\"inLanguage\":\"ar\"},{\"@type\":\"Organization\",\"@id\":\"https:\\\/\\\/vitablanca.ma\\\/#organization\",\"name\":\"VitaBlanca\",\"url\":\"https:\\\/\\\/vitablanca.ma\\\/\",\"logo\":{\"@type\":\"ImageObject\",\"inLanguage\":\"ar\",\"@id\":\"https:\\\/\\\/vitablanca.ma\\\/#\\\/schema\\\/logo\\\/image\\\/\",\"url\":\"https:\\\/\\\/vitablanca.ma\\\/wp-content\\\/uploads\\\/2025\\\/05\\\/cropped-vitablanca.png\",\"contentUrl\":\"https:\\\/\\\/vitablanca.ma\\\/wp-content\\\/uploads\\\/2025\\\/05\\\/cropped-vitablanca.png\",\"width\":360,\"height\":67,\"caption\":\"VitaBlanca\"},\"image\":{\"@id\":\"https:\\\/\\\/vitablanca.ma\\\/#\\\/schema\\\/logo\\\/image\\\/\"},\"sameAs\":[\"https:\\\/\\\/www.facebook.com\\\/profile.php?id=61576678196717\",\"https:\\\/\\\/www.tiktok.com\\\/@vitablanca.ma\",\"https:\\\/\\\/www.instagram.com\\\/vitablanca.ma\\\/\"]}]}<\/script>\n<!-- \/ Yoast SEO plugin. -->","yoast_head_json":{"title":"CARBON PROTEIN 1L - Maroc Prix","description":"Carbon Protein 1L est un traitement capillaire professionnel enrichi en prot\u00e9ines de carbone qui renforce, nourrit et r\u00e9pare les cheveux ab\u00eem\u00e9s.","robots":{"index":"index","follow":"follow","max-snippet":"max-snippet:-1","max-image-preview":"max-image-preview:large","max-video-preview":"max-video-preview:-1"},"canonical":"https:\/\/vitablanca.ma\/ar\/product-2\/carbon-protein-1l\/","og_locale":"ar_AR","og_type":"article","og_title":"CARBON PROTEIN 1L - Maroc Prix","og_description":"Carbon Protein 1L est un traitement capillaire professionnel enrichi en prot\u00e9ines de carbone qui renforce, nourrit et r\u00e9pare les cheveux ab\u00eem\u00e9s.","og_url":"https:\/\/vitablanca.ma\/ar\/product-2\/carbon-protein-1l\/","og_site_name":"Vitablanca.ma &ndash; Sant&eacute;, vitalit&eacute; et bien-&ecirc;tre pour tous les Marocains","article_publisher":"https:\/\/www.facebook.com\/profile.php?id=61576678196717","article_modified_time":"2026-03-08T01:57:48+00:00","og_image":[{"width":1024,"height":1024,"url":"https:\/\/vitablanca.ma\/wp-content\/uploads\/2026\/03\/CARBONPROTEIN1L-1024x1024.png","type":"image\/png"}],"twitter_card":"summary_large_image","twitter_misc":{"\u0648\u0642\u062a \u0627\u0644\u0642\u0631\u0627\u0621\u0629 \u0627\u0644\u0645\u064f\u0642\u062f\u0651\u0631":"\u062f\u0642\u064a\u0642\u062a\u0627\u0646"},"schema":{"@context":"https:\/\/schema.org","@graph":[{"@type":["WebPage","ItemPage"],"@id":"https:\/\/vitablanca.ma\/produit\/carbon-protein-1l\/","url":"https:\/\/vitablanca.ma\/produit\/carbon-protein-1l\/","name":"CARBON PROTEIN 1L - Maroc Prix","isPartOf":{"@id":"https:\/\/vitablanca.ma\/#website"},"primaryImageOfPage":{"@id":"https:\/\/vitablanca.ma\/produit\/carbon-protein-1l\/#primaryimage"},"image":{"@id":"https:\/\/vitablanca.ma\/produit\/carbon-protein-1l\/#primaryimage"},"thumbnailUrl":"https:\/\/vitablanca.ma\/wp-content\/uploads\/2026\/03\/CARBONPROTEIN1L-scaled.png","datePublished":"2026-03-04T04:33:21+00:00","dateModified":"2026-03-08T01:57:48+00:00","description":"Carbon Protein 1L est un traitement capillaire professionnel enrichi en prot\u00e9ines de carbone qui renforce, nourrit et r\u00e9pare les cheveux ab\u00eem\u00e9s.","breadcrumb":{"@id":"https:\/\/vitablanca.ma\/produit\/carbon-protein-1l\/#breadcrumb"},"inLanguage":"ar","potentialAction":[{"@type":"ReadAction","target":["https:\/\/vitablanca.ma\/produit\/carbon-protein-1l\/"]}]},{"@type":"ImageObject","inLanguage":"ar","@id":"https:\/\/vitablanca.ma\/produit\/carbon-protein-1l\/#primaryimage","url":"https:\/\/vitablanca.ma\/wp-content\/uploads\/2026\/03\/CARBONPROTEIN1L-scaled.png","contentUrl":"https:\/\/vitablanca.ma\/wp-content\/uploads\/2026\/03\/CARBONPROTEIN1L-scaled.png","width":2560,"height":2560},{"@type":"BreadcrumbList","@id":"https:\/\/vitablanca.ma\/produit\/carbon-protein-1l\/#breadcrumb","itemListElement":[{"@type":"ListItem","position":1,"name":"Home","item":"https:\/\/vitablanca.ma\/"},{"@type":"ListItem","position":2,"name":"Tous Les Produits","item":"https:\/\/vitablanca.ma\/tous-les-produits\/"},{"@type":"ListItem","position":3,"name":"CARBON PROTEIN 1L"}]},{"@type":"WebSite","@id":"https:\/\/vitablanca.ma\/#website","url":"https:\/\/vitablanca.ma\/","name":"VitaBlanca.ma | \u0627\u0644\u0645\u0643\u0645\u0644\u0627\u062a \u0627\u0644\u063a\u0630\u0627\u0626\u064a\u0629\u060c \u0627\u0644\u0635\u062d\u0629 \u0648\u0627\u0644\u062c\u0645\u0627\u0644 \u0641\u064a \u0627\u0644\u0645\u063a\u0631\u0628","description":"\u0646\u0628\u064a\u0639 \u0641\u064a\u062a\u0627\u0645\u064a\u0646\u0627\u062a \u0648\u0645\u0643\u0645\u0644\u0627\u062a \u063a\u0630\u0627\u0626\u064a\u0629 \u0641\u0627\u062e\u0631\u0629 \u0645\u0646 \u0627\u0644\u0648\u0644\u0627\u064a\u0627\u062a \u0627\u0644\u0645\u062a\u062d\u062f\u0629 \u0627\u0644\u0623\u0645\u0631\u064a\u0643\u064a\u0629 \u0648\u0643\u0646\u062f\u0627 \u0648\u0646\u064a\u0648\u0632\u064a\u0644\u0646\u062f\u0627 \u0648\u0627\u0644\u0645\u063a\u0631\u0628 (\u0646\u0627\u0648 \u0641\u0648\u062f\u0632\u060c \u0633\u0648\u0644\u062c\u0627\u0631\u060c \u0645\u0627\u0646\u0648\u0643\u0627). \u062a\u0648\u0635\u064a\u0644 \u0633\u0631\u064a\u0639 \u0625\u0644\u0649 \u062c\u0645\u064a\u0639 \u0623\u0646\u062d\u0627\u0621 \u0627\u0644\u0645\u063a\u0631\u0628.","publisher":{"@id":"https:\/\/vitablanca.ma\/#organization"},"alternateName":"VitaBlanca.ma","potentialAction":[{"@type":"SearchAction","target":{"@type":"EntryPoint","urlTemplate":"https:\/\/vitablanca.ma\/?s={search_term_string}"},"query-input":{"@type":"PropertyValueSpecification","valueRequired":true,"valueName":"search_term_string"}}],"inLanguage":"ar"},{"@type":"Organization","@id":"https:\/\/vitablanca.ma\/#organization","name":"\u0641\u064a\u062a\u0627\u0628\u0644\u0627\u0646\u0643\u0627","url":"https:\/\/vitablanca.ma\/","logo":{"@type":"ImageObject","inLanguage":"ar","@id":"https:\/\/vitablanca.ma\/#\/schema\/logo\/image\/","url":"https:\/\/vitablanca.ma\/wp-content\/uploads\/2025\/05\/cropped-vitablanca.png","contentUrl":"https:\/\/vitablanca.ma\/wp-content\/uploads\/2025\/05\/cropped-vitablanca.png","width":360,"height":67,"caption":"VitaBlanca"},"image":{"@id":"https:\/\/vitablanca.ma\/#\/schema\/logo\/image\/"},"sameAs":["https:\/\/www.facebook.com\/profile.php?id=61576678196717","https:\/\/www.tiktok.com\/@vitablanca.ma","https:\/\/www.instagram.com\/vitablanca.ma\/"]}]}},"jetpack_sharing_enabled":true,"_links":{"self":[{"href":"https:\/\/vitablanca.ma\/ar\/wp-json\/wp\/v2\/product\/33742","targetHints":{"allow":["GET"]}}],"collection":[{"href":"https:\/\/vitablanca.ma\/ar\/wp-json\/wp\/v2\/product"}],"about":[{"href":"https:\/\/vitablanca.ma\/ar\/wp-json\/wp\/v2\/types\/product"}],"wp:featuredmedia":[{"embeddable":true,"href":"https:\/\/vitablanca.ma\/ar\/wp-json\/wp\/v2\/media\/33741"}],"wp:attachment":[{"href":"https:\/\/vitablanca.ma\/ar\/wp-json\/wp\/v2\/media?parent=33742"}],"wp:term":[{"taxonomy":"product_brand","embeddable":true,"href":"https:\/\/vitablanca.ma\/ar\/wp-json\/wp\/v2\/product_brand?post=33742"},{"taxonomy":"product_cat","embeddable":true,"href":"https:\/\/vitablanca.ma\/ar\/wp-json\/wp\/v2\/product_cat?post=33742"},{"taxonomy":"product_tag","embeddable":true,"href":"https:\/\/vitablanca.ma\/ar\/wp-json\/wp\/v2\/product_tag?post=33742"}],"curies":[{"name":"wp","href":"https:\/\/api.w.org\/{rel}","templated":true}]}}