{"id":33732,"date":"2026-03-04T04:26:47","date_gmt":"2026-03-04T04:26:47","guid":{"rendered":"https:\/\/vitablanca.ma\/produit\/lancaster-fast-tan-optimizer-huile-seche-soyeuse-spf50\/"},"modified":"2026-03-08T02:04:07","modified_gmt":"2026-03-08T02:04:07","slug":"lancaster-fast-tan-optimizer-huile-seche-soyeuse-spf50","status":"publish","type":"product","link":"https:\/\/vitablanca.ma\/ar\/product-2\/lancaster-fast-tan-optimizer-huile-seche-soyeuse-spf50\/","title":{"rendered":"LANCASTER FAST TAN OPTIMIZER &#8211; HUILE S\u00c8CHE SOYEUSE SPF50"},"content":{"rendered":"<p>Profitez des bienfaits d&rsquo;une huile sans la sensation de gras avec notre Huile S\u00e8che Soyeuse SPF50. Respectueuse de la peau et des oc\u00e9ans, notre huile sublimatrice non seulement cible 100 % du spectre solaire*, mais elle aide d\u00e9sormais aussi \u00e0 r\u00e9parer la peau endommag\u00e9e par le soleil. Sublimant votre peau avec un fini sec soyeux, elle offre un bronzage dor\u00e9 encore plus rapide, intense et uniforme avec un temps d\u2019exposition au soleil r\u00e9duit de moiti\u00e9.<\/p>\n<p>Cette huile pour le corps l\u00e9g\u00e8re et hautement sensorielle se fond instantan\u00e9ment \u00e0 la peau avec une sensation de confort imm\u00e9diate, y laissant un voile chatoyant qui la sublime tout en l\u2019hydratant durablement.<\/p>\n<p>*Aucun \u00e9cran solaire ne prot\u00e8ge compl\u00e8tement des rayons du soleil. L\u2019exposition prolong\u00e9e au soleil comporte des risques graves pour la sant\u00e9.<br \/>\n**Test in vitro sur le Complexe Activateur de Bronzage, sur la gamme Sun Beauty<\/p>","protected":false},"excerpt":{"rendered":"<p>Profitez des bienfaits d&rsquo;une huile sans la sensation de gras avec notre Huile S\u00e8che Soyeuse SPF50. Respectueuse de la peau et des oc\u00e9ans, notre huile sublimatrice non seulement cible 100 % du spectre solaire*, mais elle aide d\u00e9sormais aussi \u00e0 r\u00e9parer la peau endommag\u00e9e par le soleil. Sublimant votre peau avec un fini sec soyeux, [&hellip;]<\/p>\n","protected":false},"featured_media":33728,"template":"","meta":{"om_disable_all_campaigns":false},"product_brand":[],"product_cat":[18,15],"product_tag":[5860,11407,11403,11405,11408,11404,11402,10420,8442,11406],"class_list":{"0":"post-33732","1":"product","2":"type-product","3":"status-publish","4":"has-post-thumbnail","6":"product_cat-beaute-sante","7":"product_cat-beaute-sante-complements-alimentaires-soins-et-bien-etre-au-meilleur-prix","8":"product_tag-anti-uv","9":"product_tag-bronzage-rapide","10":"product_tag-fast-tan-optimizer","11":"product_tag-huile-seche-bronzage","12":"product_tag-huile-solaire-luxueuse","13":"product_tag-huile-solaire-spf50","14":"product_tag-lancaster","15":"product_tag-peau-hydratee-et-douce","16":"product_tag-protection-solaire-haute","17":"product_tag-soin-solaire-visage-et-corps","19":"first","20":"instock","21":"taxable","22":"shipping-taxable","23":"purchasable","24":"product-type-simple"},"yoast_head":"<!-- This site is optimized with the Yoast SEO plugin v27.4 - https:\/\/yoast.com\/product\/yoast-seo-wordpress\/ -->\n<title>LANCASTER FAST TAN OPTIMIZER - HUILE S\u00c8CHE - Maroc Prix<\/title>\n<meta name=\"description\" content=\"LANCASTER Fast Tan Optimizer Huile S\u00e8che Soyeuse SPF50 est une huile solaire haute protection qui pr\u00e9pare et sublime le bronzage tout en hydratant la peau.\" \/>\n<meta name=\"robots\" content=\"index, follow, max-snippet:-1, max-image-preview:large, max-video-preview:-1\" \/>\n<link rel=\"canonical\" href=\"https:\/\/vitablanca.ma\/ar\/product-2\/lancaster-fast-tan-optimizer-huile-seche-soyeuse-spf50\/\" \/>\n<meta property=\"og:locale\" content=\"ar_AR\" \/>\n<meta property=\"og:type\" content=\"article\" \/>\n<meta property=\"og:title\" content=\"LANCASTER FAST TAN OPTIMIZER - HUILE S\u00c8CHE - Maroc Prix\" \/>\n<meta property=\"og:description\" content=\"LANCASTER Fast Tan Optimizer Huile S\u00e8che Soyeuse SPF50 est une huile solaire haute protection qui pr\u00e9pare et sublime le bronzage tout en hydratant la peau.\" \/>\n<meta property=\"og:url\" content=\"https:\/\/vitablanca.ma\/ar\/product-2\/lancaster-fast-tan-optimizer-huile-seche-soyeuse-spf50\/\" \/>\n<meta property=\"og:site_name\" content=\"Vitablanca.ma &ndash; Sant&eacute;, vitalit&eacute; et bien-&ecirc;tre pour tous les Marocains\" \/>\n<meta property=\"article:publisher\" content=\"https:\/\/www.facebook.com\/profile.php?id=61576678196717\" \/>\n<meta property=\"article:modified_time\" content=\"2026-03-08T02:04:07+00:00\" \/>\n<meta property=\"og:image\" content=\"https:\/\/vitablanca.ma\/wp-content\/uploads\/2026\/03\/LANCASTERFASTTANOPTIMIZER-HUILESECHESOYEUSESPF50.jpg\" \/>\n\t<meta property=\"og:image:width\" content=\"713\" \/>\n\t<meta property=\"og:image:height\" content=\"713\" \/>\n\t<meta property=\"og:image:type\" content=\"image\/jpeg\" \/>\n<meta name=\"twitter:card\" content=\"summary_large_image\" \/>\n<meta name=\"twitter:label1\" content=\"\u0648\u0642\u062a \u0627\u0644\u0642\u0631\u0627\u0621\u0629 \u0627\u0644\u0645\u064f\u0642\u062f\u0651\u0631\" \/>\n\t<meta name=\"twitter:data1\" content=\"\u062f\u0642\u064a\u0642\u0629 \u0648\u0627\u062d\u062f\u0629\" \/>\n<script type=\"application\/ld+json\" class=\"yoast-schema-graph\">{\"@context\":\"https:\\\/\\\/schema.org\",\"@graph\":[{\"@type\":[\"WebPage\",\"ItemPage\"],\"@id\":\"https:\\\/\\\/vitablanca.ma\\\/produit\\\/lancaster-fast-tan-optimizer-huile-seche-soyeuse-spf50\\\/\",\"url\":\"https:\\\/\\\/vitablanca.ma\\\/produit\\\/lancaster-fast-tan-optimizer-huile-seche-soyeuse-spf50\\\/\",\"name\":\"LANCASTER FAST TAN OPTIMIZER - HUILE S\u00c8CHE - Maroc Prix\",\"isPartOf\":{\"@id\":\"https:\\\/\\\/vitablanca.ma\\\/#website\"},\"primaryImageOfPage\":{\"@id\":\"https:\\\/\\\/vitablanca.ma\\\/produit\\\/lancaster-fast-tan-optimizer-huile-seche-soyeuse-spf50\\\/#primaryimage\"},\"image\":{\"@id\":\"https:\\\/\\\/vitablanca.ma\\\/produit\\\/lancaster-fast-tan-optimizer-huile-seche-soyeuse-spf50\\\/#primaryimage\"},\"thumbnailUrl\":\"https:\\\/\\\/vitablanca.ma\\\/wp-content\\\/uploads\\\/2026\\\/03\\\/LANCASTERFASTTANOPTIMIZER-HUILESECHESOYEUSESPF50.jpg\",\"datePublished\":\"2026-03-04T04:26:47+00:00\",\"dateModified\":\"2026-03-08T02:04:07+00:00\",\"description\":\"LANCASTER Fast Tan Optimizer Huile S\u00e8che Soyeuse SPF50 est une huile solaire haute protection qui pr\u00e9pare et sublime le bronzage tout en hydratant la peau.\",\"breadcrumb\":{\"@id\":\"https:\\\/\\\/vitablanca.ma\\\/produit\\\/lancaster-fast-tan-optimizer-huile-seche-soyeuse-spf50\\\/#breadcrumb\"},\"inLanguage\":\"ar\",\"potentialAction\":[{\"@type\":\"ReadAction\",\"target\":[\"https:\\\/\\\/vitablanca.ma\\\/produit\\\/lancaster-fast-tan-optimizer-huile-seche-soyeuse-spf50\\\/\"]}]},{\"@type\":\"ImageObject\",\"inLanguage\":\"ar\",\"@id\":\"https:\\\/\\\/vitablanca.ma\\\/produit\\\/lancaster-fast-tan-optimizer-huile-seche-soyeuse-spf50\\\/#primaryimage\",\"url\":\"https:\\\/\\\/vitablanca.ma\\\/wp-content\\\/uploads\\\/2026\\\/03\\\/LANCASTERFASTTANOPTIMIZER-HUILESECHESOYEUSESPF50.jpg\",\"contentUrl\":\"https:\\\/\\\/vitablanca.ma\\\/wp-content\\\/uploads\\\/2026\\\/03\\\/LANCASTERFASTTANOPTIMIZER-HUILESECHESOYEUSESPF50.jpg\",\"width\":713,\"height\":713},{\"@type\":\"BreadcrumbList\",\"@id\":\"https:\\\/\\\/vitablanca.ma\\\/produit\\\/lancaster-fast-tan-optimizer-huile-seche-soyeuse-spf50\\\/#breadcrumb\",\"itemListElement\":[{\"@type\":\"ListItem\",\"position\":1,\"name\":\"Home\",\"item\":\"https:\\\/\\\/vitablanca.ma\\\/\"},{\"@type\":\"ListItem\",\"position\":2,\"name\":\"Tous Les Produits\",\"item\":\"https:\\\/\\\/vitablanca.ma\\\/tous-les-produits\\\/\"},{\"@type\":\"ListItem\",\"position\":3,\"name\":\"LANCASTER FAST TAN OPTIMIZER &#8211; HUILE S\u00c8CHE SOYEUSE SPF50\"}]},{\"@type\":\"WebSite\",\"@id\":\"https:\\\/\\\/vitablanca.ma\\\/#website\",\"url\":\"https:\\\/\\\/vitablanca.ma\\\/\",\"name\":\"VitaBlanca.ma | Compl\u00e9ments alimentaires, sant\u00e9 & beaut\u00e9 au Maroc\",\"description\":\"vendre vitamines et compl\u00e9ments premium des USA &amp; Canada, Nouvelle Z\u00e9lande,Maroc (NOW Foods, Solgar, Manuka). Livraison rapide partout au Maroc.\",\"publisher\":{\"@id\":\"https:\\\/\\\/vitablanca.ma\\\/#organization\"},\"alternateName\":\"VitaBlanca.ma\",\"potentialAction\":[{\"@type\":\"SearchAction\",\"target\":{\"@type\":\"EntryPoint\",\"urlTemplate\":\"https:\\\/\\\/vitablanca.ma\\\/?s={search_term_string}\"},\"query-input\":{\"@type\":\"PropertyValueSpecification\",\"valueRequired\":true,\"valueName\":\"search_term_string\"}}],\"inLanguage\":\"ar\"},{\"@type\":\"Organization\",\"@id\":\"https:\\\/\\\/vitablanca.ma\\\/#organization\",\"name\":\"VitaBlanca\",\"url\":\"https:\\\/\\\/vitablanca.ma\\\/\",\"logo\":{\"@type\":\"ImageObject\",\"inLanguage\":\"ar\",\"@id\":\"https:\\\/\\\/vitablanca.ma\\\/#\\\/schema\\\/logo\\\/image\\\/\",\"url\":\"https:\\\/\\\/vitablanca.ma\\\/wp-content\\\/uploads\\\/2025\\\/05\\\/cropped-vitablanca.png\",\"contentUrl\":\"https:\\\/\\\/vitablanca.ma\\\/wp-content\\\/uploads\\\/2025\\\/05\\\/cropped-vitablanca.png\",\"width\":360,\"height\":67,\"caption\":\"VitaBlanca\"},\"image\":{\"@id\":\"https:\\\/\\\/vitablanca.ma\\\/#\\\/schema\\\/logo\\\/image\\\/\"},\"sameAs\":[\"https:\\\/\\\/www.facebook.com\\\/profile.php?id=61576678196717\",\"https:\\\/\\\/www.tiktok.com\\\/@vitablanca.ma\",\"https:\\\/\\\/www.instagram.com\\\/vitablanca.ma\\\/\"]}]}<\/script>\n<!-- \/ Yoast SEO plugin. -->","yoast_head_json":{"title":"LANCASTER FAST TAN OPTIMIZER - HUILE S\u00c8CHE - Maroc Prix","description":"LANCASTER Fast Tan Optimizer Huile S\u00e8che Soyeuse SPF50 est une huile solaire haute protection qui pr\u00e9pare et sublime le bronzage tout en hydratant la peau.","robots":{"index":"index","follow":"follow","max-snippet":"max-snippet:-1","max-image-preview":"max-image-preview:large","max-video-preview":"max-video-preview:-1"},"canonical":"https:\/\/vitablanca.ma\/ar\/product-2\/lancaster-fast-tan-optimizer-huile-seche-soyeuse-spf50\/","og_locale":"ar_AR","og_type":"article","og_title":"LANCASTER FAST TAN OPTIMIZER - HUILE S\u00c8CHE - Maroc Prix","og_description":"LANCASTER Fast Tan Optimizer Huile S\u00e8che Soyeuse SPF50 est une huile solaire haute protection qui pr\u00e9pare et sublime le bronzage tout en hydratant la peau.","og_url":"https:\/\/vitablanca.ma\/ar\/product-2\/lancaster-fast-tan-optimizer-huile-seche-soyeuse-spf50\/","og_site_name":"Vitablanca.ma &ndash; Sant&eacute;, vitalit&eacute; et bien-&ecirc;tre pour tous les Marocains","article_publisher":"https:\/\/www.facebook.com\/profile.php?id=61576678196717","article_modified_time":"2026-03-08T02:04:07+00:00","og_image":[{"width":713,"height":713,"url":"https:\/\/vitablanca.ma\/wp-content\/uploads\/2026\/03\/LANCASTERFASTTANOPTIMIZER-HUILESECHESOYEUSESPF50.jpg","type":"image\/jpeg"}],"twitter_card":"summary_large_image","twitter_misc":{"\u0648\u0642\u062a \u0627\u0644\u0642\u0631\u0627\u0621\u0629 \u0627\u0644\u0645\u064f\u0642\u062f\u0651\u0631":"\u062f\u0642\u064a\u0642\u0629 \u0648\u0627\u062d\u062f\u0629"},"schema":{"@context":"https:\/\/schema.org","@graph":[{"@type":["WebPage","ItemPage"],"@id":"https:\/\/vitablanca.ma\/produit\/lancaster-fast-tan-optimizer-huile-seche-soyeuse-spf50\/","url":"https:\/\/vitablanca.ma\/produit\/lancaster-fast-tan-optimizer-huile-seche-soyeuse-spf50\/","name":"LANCASTER FAST TAN OPTIMIZER - HUILE S\u00c8CHE - Maroc Prix","isPartOf":{"@id":"https:\/\/vitablanca.ma\/#website"},"primaryImageOfPage":{"@id":"https:\/\/vitablanca.ma\/produit\/lancaster-fast-tan-optimizer-huile-seche-soyeuse-spf50\/#primaryimage"},"image":{"@id":"https:\/\/vitablanca.ma\/produit\/lancaster-fast-tan-optimizer-huile-seche-soyeuse-spf50\/#primaryimage"},"thumbnailUrl":"https:\/\/vitablanca.ma\/wp-content\/uploads\/2026\/03\/LANCASTERFASTTANOPTIMIZER-HUILESECHESOYEUSESPF50.jpg","datePublished":"2026-03-04T04:26:47+00:00","dateModified":"2026-03-08T02:04:07+00:00","description":"LANCASTER Fast Tan Optimizer Huile S\u00e8che Soyeuse SPF50 est une huile solaire haute protection qui pr\u00e9pare et sublime le bronzage tout en hydratant la peau.","breadcrumb":{"@id":"https:\/\/vitablanca.ma\/produit\/lancaster-fast-tan-optimizer-huile-seche-soyeuse-spf50\/#breadcrumb"},"inLanguage":"ar","potentialAction":[{"@type":"ReadAction","target":["https:\/\/vitablanca.ma\/produit\/lancaster-fast-tan-optimizer-huile-seche-soyeuse-spf50\/"]}]},{"@type":"ImageObject","inLanguage":"ar","@id":"https:\/\/vitablanca.ma\/produit\/lancaster-fast-tan-optimizer-huile-seche-soyeuse-spf50\/#primaryimage","url":"https:\/\/vitablanca.ma\/wp-content\/uploads\/2026\/03\/LANCASTERFASTTANOPTIMIZER-HUILESECHESOYEUSESPF50.jpg","contentUrl":"https:\/\/vitablanca.ma\/wp-content\/uploads\/2026\/03\/LANCASTERFASTTANOPTIMIZER-HUILESECHESOYEUSESPF50.jpg","width":713,"height":713},{"@type":"BreadcrumbList","@id":"https:\/\/vitablanca.ma\/produit\/lancaster-fast-tan-optimizer-huile-seche-soyeuse-spf50\/#breadcrumb","itemListElement":[{"@type":"ListItem","position":1,"name":"Home","item":"https:\/\/vitablanca.ma\/"},{"@type":"ListItem","position":2,"name":"Tous Les Produits","item":"https:\/\/vitablanca.ma\/tous-les-produits\/"},{"@type":"ListItem","position":3,"name":"LANCASTER FAST TAN OPTIMIZER &#8211; HUILE S\u00c8CHE SOYEUSE SPF50"}]},{"@type":"WebSite","@id":"https:\/\/vitablanca.ma\/#website","url":"https:\/\/vitablanca.ma\/","name":"VitaBlanca.ma | \u0627\u0644\u0645\u0643\u0645\u0644\u0627\u062a \u0627\u0644\u063a\u0630\u0627\u0626\u064a\u0629\u060c \u0627\u0644\u0635\u062d\u0629 \u0648\u0627\u0644\u062c\u0645\u0627\u0644 \u0641\u064a \u0627\u0644\u0645\u063a\u0631\u0628","description":"\u0646\u0628\u064a\u0639 \u0641\u064a\u062a\u0627\u0645\u064a\u0646\u0627\u062a \u0648\u0645\u0643\u0645\u0644\u0627\u062a \u063a\u0630\u0627\u0626\u064a\u0629 \u0641\u0627\u062e\u0631\u0629 \u0645\u0646 \u0627\u0644\u0648\u0644\u0627\u064a\u0627\u062a \u0627\u0644\u0645\u062a\u062d\u062f\u0629 \u0627\u0644\u0623\u0645\u0631\u064a\u0643\u064a\u0629 \u0648\u0643\u0646\u062f\u0627 \u0648\u0646\u064a\u0648\u0632\u064a\u0644\u0646\u062f\u0627 \u0648\u0627\u0644\u0645\u063a\u0631\u0628 (\u0646\u0627\u0648 \u0641\u0648\u062f\u0632\u060c \u0633\u0648\u0644\u062c\u0627\u0631\u060c \u0645\u0627\u0646\u0648\u0643\u0627). \u062a\u0648\u0635\u064a\u0644 \u0633\u0631\u064a\u0639 \u0625\u0644\u0649 \u062c\u0645\u064a\u0639 \u0623\u0646\u062d\u0627\u0621 \u0627\u0644\u0645\u063a\u0631\u0628.","publisher":{"@id":"https:\/\/vitablanca.ma\/#organization"},"alternateName":"VitaBlanca.ma","potentialAction":[{"@type":"SearchAction","target":{"@type":"EntryPoint","urlTemplate":"https:\/\/vitablanca.ma\/?s={search_term_string}"},"query-input":{"@type":"PropertyValueSpecification","valueRequired":true,"valueName":"search_term_string"}}],"inLanguage":"ar"},{"@type":"Organization","@id":"https:\/\/vitablanca.ma\/#organization","name":"\u0641\u064a\u062a\u0627\u0628\u0644\u0627\u0646\u0643\u0627","url":"https:\/\/vitablanca.ma\/","logo":{"@type":"ImageObject","inLanguage":"ar","@id":"https:\/\/vitablanca.ma\/#\/schema\/logo\/image\/","url":"https:\/\/vitablanca.ma\/wp-content\/uploads\/2025\/05\/cropped-vitablanca.png","contentUrl":"https:\/\/vitablanca.ma\/wp-content\/uploads\/2025\/05\/cropped-vitablanca.png","width":360,"height":67,"caption":"VitaBlanca"},"image":{"@id":"https:\/\/vitablanca.ma\/#\/schema\/logo\/image\/"},"sameAs":["https:\/\/www.facebook.com\/profile.php?id=61576678196717","https:\/\/www.tiktok.com\/@vitablanca.ma","https:\/\/www.instagram.com\/vitablanca.ma\/"]}]}},"jetpack_sharing_enabled":true,"_links":{"self":[{"href":"https:\/\/vitablanca.ma\/ar\/wp-json\/wp\/v2\/product\/33732","targetHints":{"allow":["GET"]}}],"collection":[{"href":"https:\/\/vitablanca.ma\/ar\/wp-json\/wp\/v2\/product"}],"about":[{"href":"https:\/\/vitablanca.ma\/ar\/wp-json\/wp\/v2\/types\/product"}],"wp:featuredmedia":[{"embeddable":true,"href":"https:\/\/vitablanca.ma\/ar\/wp-json\/wp\/v2\/media\/33728"}],"wp:attachment":[{"href":"https:\/\/vitablanca.ma\/ar\/wp-json\/wp\/v2\/media?parent=33732"}],"wp:term":[{"taxonomy":"product_brand","embeddable":true,"href":"https:\/\/vitablanca.ma\/ar\/wp-json\/wp\/v2\/product_brand?post=33732"},{"taxonomy":"product_cat","embeddable":true,"href":"https:\/\/vitablanca.ma\/ar\/wp-json\/wp\/v2\/product_cat?post=33732"},{"taxonomy":"product_tag","embeddable":true,"href":"https:\/\/vitablanca.ma\/ar\/wp-json\/wp\/v2\/product_tag?post=33732"}],"curies":[{"name":"wp","href":"https:\/\/api.w.org\/{rel}","templated":true}]}}