{"id":33632,"date":"2026-03-04T04:05:02","date_gmt":"2026-03-04T04:05:02","guid":{"rendered":"https:\/\/vitablanca.ma\/produit\/enzo-brosse-seche-cheveux-et-styler-volumateur-professionnelle-en-4129\/"},"modified":"2026-03-06T03:38:35","modified_gmt":"2026-03-06T03:38:35","slug":"enzo-brosse-seche-cheveux-et-styler-volumateur-professionnelle-en-4129","status":"publish","type":"product","link":"https:\/\/vitablanca.ma\/ar\/product-2\/enzo-brosse-seche-cheveux-et-styler-volumateur-professionnelle-en-4129\/","title":{"rendered":"Enzo Brosse S\u00e8che-cheveux et styler volumateur professionnelle EN-4129"},"content":{"rendered":"<p class=\"MsoNormal\" style=\"margin-bottom: 6.0pt;line-height: normal;background: white\"><span style=\"font-family: 'Arial','sans-serif';color: #262626\"><span dir=\"auto\" style=\"vertical-align: inherit\"><span dir=\"auto\" style=\"vertical-align: inherit\">D\u00e9couvrez la <\/span><\/span><b><span dir=\"auto\" style=\"vertical-align: inherit\"><span dir=\"auto\" style=\"vertical-align: inherit\">brosse chauffante originale One Step Brosse Chauffante Enzo EN-4129<\/span><\/span><\/b><span dir=\"auto\" style=\"vertical-align: inherit\"><span dir=\"auto\" style=\"vertical-align: inherit\"> ! Cette brosse r\u00e9volutionnaire est \u00e9quip\u00e9e d&rsquo;une t\u00eate en c\u00e9ramique et de dents r\u00e9sistantes aux hautes temp\u00e9ratures pour vous offrir des r\u00e9sultats exceptionnels.<\/span><\/span><\/span><\/p>\n<p class=\"MsoNormal\" style=\"margin-bottom: 6.0pt;line-height: normal;background: white\"><span style=\"font-family: 'Arial','sans-serif';color: #262626\"><span dir=\"auto\" style=\"vertical-align: inherit\"><span dir=\"auto\" style=\"vertical-align: inherit\">Gr\u00e2ce \u00e0 son c\u00e2ble d&rsquo;alimentation long et pivotant \u00e0 360\u00b0, vous pourrez facilement coiffer vos cheveux dans n&rsquo;importe quelle position.<\/span><\/span><\/span><\/p>\n<p class=\"MsoNormal\" style=\"margin-bottom: 6.0pt;line-height: normal;background: white\"><span style=\"font-family: 'Arial','sans-serif';color: #262626\"><span dir=\"auto\" style=\"vertical-align: inherit\"><span dir=\"auto\" style=\"vertical-align: inherit\">Ce s\u00e8che-cheveux \u00e0 air chaud est con\u00e7u pour s\u00e9cher et hydrater vos cheveux tout en consid\u00e9rablement le temps de coiffage. En seulement 2 \u00e0 5 minutes, vous obtiendrez un cheveu parfaitement s\u00e9ch\u00e9 et styl\u00e9.<\/span><\/span><\/span><\/p>\n<p class=\"MsoNormal\" style=\"margin-bottom: 6.0pt;line-height: normal;background: white\"><span style=\"font-family: 'Arial','sans-serif';color: #262626\"><span dir=\"auto\" style=\"vertical-align: inherit\"><span dir=\"auto\" style=\"vertical-align: inherit\">Le rev\u00eatement c\u00e9ramique et le mat\u00e9riau c\u00e9ramique prot\u00e8gent vos cheveux de la casse-tout en assurant une r\u00e9partition uniforme de la chaleur. Cela permet \u00e0 la chaleur de p\u00e9n\u00e9trer rapidement dans les cheveux, entra\u00eenant ainsi les dommages potentiels.<\/span><\/span><\/span><\/p>\n<p class=\"MsoNormal\" style=\"margin-bottom: 6.0pt;line-height: normal;background: white\"><span style=\"font-family: 'Arial','sans-serif';color: #262626\"><span dir=\"auto\" style=\"vertical-align: inherit\"><span dir=\"auto\" style=\"vertical-align: inherit\">De plus, les ions n\u00e9gatifs pr\u00e9sents dans cette brosse satureront le flux d&rsquo;air pour adoucir vos cheveux, tout en \u00e9liminant les frisottis ind\u00e9sirables. Vous obtiendrez ainsi une chevelure lisse et brillante.<\/span><\/span><\/span><\/p>\n<p class=\"MsoNormal\" style=\"margin-bottom: 6.0pt;line-height: normal;background: white\"><span style=\"font-family: 'Arial','sans-serif';color: #262626\"><span dir=\"auto\" style=\"vertical-align: inherit\"><span dir=\"auto\" style=\"vertical-align: inherit\">Contrairement aux lisseurs traditionnels, cette brosse peut \u00eatre plac\u00e9e pr\u00e8s du cuir chevelu sans aucun risque, facilitant ainsi le processus de s\u00e9chage.<\/span><\/span><\/span><\/p>\n<p class=\"MsoNormal\" style=\"margin-bottom: 6.0pt;line-height: normal;background: white\"><span style=\"font-family: 'Arial','sans-serif';color: #262626\"><span dir=\"auto\" style=\"vertical-align: inherit\"><span dir=\"auto\" style=\"vertical-align: inherit\">Avec une puissance de 1000W et la marque ENZO, cette brosse chauffante vous garantit des performances exceptionnelles \u00e0 chaque utilisation.<\/span><\/span><\/span><\/p>\n<p class=\"MsoNormal\" style=\"margin-bottom: 6.0pt;line-height: normal;background: white\"><span style=\"font-family: 'Arial','sans-serif';color: #262626\"><span dir=\"auto\" style=\"vertical-align: inherit\"><span dir=\"auto\" style=\"vertical-align: inherit\">Alors n&rsquo;attendez plus, adoptez la brosse chauffante originale One Step Brosse Chauffante Enzo EN-4129 pour des cheveux magnifiques et un coiffage rapide et facile.<\/span><\/span><\/span><\/p>\n<p class=\"MsoNormal\" style=\"margin-bottom: 6.0pt;line-height: normal;background: white\"><strong><span style=\"font-family: 'Arial','sans-serif';color: #262626\">Sp\u00e9cifications cl\u00e9s :<\/span><\/strong><\/p>\n<ul>\n<li>\n<span>\u00a0<\/span><span dir=\"auto\" style=\"vertical-align: inherit\"><span dir=\"auto\" style=\"vertical-align: inherit\">tonte et nettoyage du nez,<\/span><\/span>\n<\/li>\n<li><span dir=\"auto\" style=\"vertical-align: inherit\"><span dir=\"auto\" style=\"vertical-align: inherit\">Pile rempla\u00e7able : fonctionne avec deux piles AA incluses,<\/span><\/span><\/li>\n<li><span dir=\"auto\" style=\"vertical-align: inherit\"><span dir=\"auto\" style=\"vertical-align: inherit\">Lames double pr\u00e9cision : pour une coupe efficace et lisse sans irritation de la peau.<\/span><\/span><\/li>\n<li><span dir=\"auto\" style=\"vertical-align: inherit\"><span dir=\"auto\" style=\"vertical-align: inherit\">Faible consommation d&rsquo;\u00e9nergie : peut \u00eatre utilis\u00e9 jusqu&rsquo;\u00e0 60 minutes.<\/span><\/span><\/li>\n<li><span dir=\"auto\" style=\"vertical-align: inherit\"><span dir=\"auto\" style=\"vertical-align: inherit\">Facile \u00e0 utiliser et \u00e0 nettoyer : et facile \u00e0 nettoyer apr\u00e8s utilisation.<\/span><\/span><\/li>\n<\/ul>","protected":false},"excerpt":{"rendered":"<p>D\u00e9couvrez la brosse chauffante originale One Step Brosse Chauffante Enzo EN-4129 ! Cette brosse r\u00e9volutionnaire est \u00e9quip\u00e9e d&rsquo;une t\u00eate en c\u00e9ramique et de dents r\u00e9sistantes aux hautes temp\u00e9ratures pour vous offrir des r\u00e9sultats exceptionnels. Gr\u00e2ce \u00e0 son c\u00e2ble d&rsquo;alimentation long et pivotant \u00e0 360\u00b0, vous pourrez facilement coiffer vos cheveux dans n&rsquo;importe quelle position. Ce [&hellip;]<\/p>\n","protected":false},"featured_media":33627,"template":"","meta":{"om_disable_all_campaigns":false},"product_brand":[],"product_cat":[18,15],"product_tag":[],"class_list":{"0":"post-33632","1":"product","2":"type-product","3":"status-publish","4":"has-post-thumbnail","6":"product_cat-beaute-sante","7":"product_cat-beaute-sante-complements-alimentaires-soins-et-bien-etre-au-meilleur-prix","9":"first","10":"instock","11":"taxable","12":"shipping-taxable","13":"purchasable","14":"product-type-simple"},"yoast_head":"<!-- This site is optimized with the Yoast SEO plugin v27.3 - https:\/\/yoast.com\/product\/yoast-seo-wordpress\/ -->\n<title>Enzo Brosse S\u00e8che-cheveux et styler volumateur professionnelle EN-4129 - Maroc Prix<\/title>\n<meta name=\"description\" content=\"Enzo Brosse S\u00e8che-cheveux et styler volumateur professionnelle EN-4129\" \/>\n<meta name=\"robots\" content=\"index, follow, max-snippet:-1, max-image-preview:large, max-video-preview:-1\" \/>\n<link rel=\"canonical\" href=\"https:\/\/vitablanca.ma\/ar\/product-2\/enzo-brosse-seche-cheveux-et-styler-volumateur-professionnelle-en-4129\/\" \/>\n<meta property=\"og:locale\" content=\"ar_AR\" \/>\n<meta property=\"og:type\" content=\"article\" \/>\n<meta property=\"og:title\" content=\"Enzo Brosse S\u00e8che-cheveux et styler volumateur professionnelle EN-4129 - Maroc Prix\" \/>\n<meta property=\"og:description\" content=\"Enzo Brosse S\u00e8che-cheveux et styler volumateur professionnelle EN-4129\" \/>\n<meta property=\"og:url\" content=\"https:\/\/vitablanca.ma\/ar\/product-2\/enzo-brosse-seche-cheveux-et-styler-volumateur-professionnelle-en-4129\/\" \/>\n<meta property=\"og:site_name\" content=\"Vitablanca.ma &ndash; Sant&eacute;, vitalit&eacute; et bien-&ecirc;tre pour tous les Marocains\" \/>\n<meta property=\"article:publisher\" content=\"https:\/\/www.facebook.com\/profile.php?id=61576678196717\" \/>\n<meta property=\"article:modified_time\" content=\"2026-03-06T03:38:35+00:00\" \/>\n<meta property=\"og:image\" content=\"https:\/\/vitablanca.ma\/wp-content\/uploads\/2026\/03\/EnzoBrosseSeche-cheveuxetstylervolumateurprofessionnelleEN-41291.jpg\" \/>\n\t<meta property=\"og:image:width\" content=\"1080\" \/>\n\t<meta property=\"og:image:height\" content=\"1080\" \/>\n\t<meta property=\"og:image:type\" content=\"image\/jpeg\" \/>\n<meta name=\"twitter:card\" content=\"summary_large_image\" \/>\n<meta name=\"twitter:label1\" content=\"\u0648\u0642\u062a \u0627\u0644\u0642\u0631\u0627\u0621\u0629 \u0627\u0644\u0645\u064f\u0642\u062f\u0651\u0631\" \/>\n\t<meta name=\"twitter:data1\" content=\"\u062f\u0642\u064a\u0642\u0629 \u0648\u0627\u062d\u062f\u0629\" \/>\n<script type=\"application\/ld+json\" class=\"yoast-schema-graph\">{\"@context\":\"https:\\\/\\\/schema.org\",\"@graph\":[{\"@type\":[\"WebPage\",\"ItemPage\"],\"@id\":\"https:\\\/\\\/vitablanca.ma\\\/produit\\\/enzo-brosse-seche-cheveux-et-styler-volumateur-professionnelle-en-4129\\\/\",\"url\":\"https:\\\/\\\/vitablanca.ma\\\/produit\\\/enzo-brosse-seche-cheveux-et-styler-volumateur-professionnelle-en-4129\\\/\",\"name\":\"Enzo Brosse S\u00e8che-cheveux et styler volumateur professionnelle EN-4129 - Maroc Prix\",\"isPartOf\":{\"@id\":\"https:\\\/\\\/vitablanca.ma\\\/#website\"},\"primaryImageOfPage\":{\"@id\":\"https:\\\/\\\/vitablanca.ma\\\/produit\\\/enzo-brosse-seche-cheveux-et-styler-volumateur-professionnelle-en-4129\\\/#primaryimage\"},\"image\":{\"@id\":\"https:\\\/\\\/vitablanca.ma\\\/produit\\\/enzo-brosse-seche-cheveux-et-styler-volumateur-professionnelle-en-4129\\\/#primaryimage\"},\"thumbnailUrl\":\"https:\\\/\\\/vitablanca.ma\\\/wp-content\\\/uploads\\\/2026\\\/03\\\/EnzoBrosseSeche-cheveuxetstylervolumateurprofessionnelleEN-41291.jpg\",\"datePublished\":\"2026-03-04T04:05:02+00:00\",\"dateModified\":\"2026-03-06T03:38:35+00:00\",\"description\":\"Enzo Brosse S\u00e8che-cheveux et styler volumateur professionnelle EN-4129\",\"breadcrumb\":{\"@id\":\"https:\\\/\\\/vitablanca.ma\\\/produit\\\/enzo-brosse-seche-cheveux-et-styler-volumateur-professionnelle-en-4129\\\/#breadcrumb\"},\"inLanguage\":\"ar\",\"potentialAction\":[{\"@type\":\"ReadAction\",\"target\":[\"https:\\\/\\\/vitablanca.ma\\\/produit\\\/enzo-brosse-seche-cheveux-et-styler-volumateur-professionnelle-en-4129\\\/\"]}]},{\"@type\":\"ImageObject\",\"inLanguage\":\"ar\",\"@id\":\"https:\\\/\\\/vitablanca.ma\\\/produit\\\/enzo-brosse-seche-cheveux-et-styler-volumateur-professionnelle-en-4129\\\/#primaryimage\",\"url\":\"https:\\\/\\\/vitablanca.ma\\\/wp-content\\\/uploads\\\/2026\\\/03\\\/EnzoBrosseSeche-cheveuxetstylervolumateurprofessionnelleEN-41291.jpg\",\"contentUrl\":\"https:\\\/\\\/vitablanca.ma\\\/wp-content\\\/uploads\\\/2026\\\/03\\\/EnzoBrosseSeche-cheveuxetstylervolumateurprofessionnelleEN-41291.jpg\",\"width\":1080,\"height\":1080},{\"@type\":\"BreadcrumbList\",\"@id\":\"https:\\\/\\\/vitablanca.ma\\\/produit\\\/enzo-brosse-seche-cheveux-et-styler-volumateur-professionnelle-en-4129\\\/#breadcrumb\",\"itemListElement\":[{\"@type\":\"ListItem\",\"position\":1,\"name\":\"Home\",\"item\":\"https:\\\/\\\/vitablanca.ma\\\/\"},{\"@type\":\"ListItem\",\"position\":2,\"name\":\"Tous Les Produits\",\"item\":\"https:\\\/\\\/vitablanca.ma\\\/tous-les-produits\\\/\"},{\"@type\":\"ListItem\",\"position\":3,\"name\":\"Enzo Brosse S\u00e8che-cheveux et styler volumateur professionnelle EN-4129\"}]},{\"@type\":\"WebSite\",\"@id\":\"https:\\\/\\\/vitablanca.ma\\\/#website\",\"url\":\"https:\\\/\\\/vitablanca.ma\\\/\",\"name\":\"VitaBlanca.ma | Compl\u00e9ments alimentaires, sant\u00e9 & beaut\u00e9 au Maroc\",\"description\":\"vendre vitamines et compl\u00e9ments premium des USA &amp; Canada, Nouvelle Z\u00e9lande,Maroc (NOW Foods, Solgar, Manuka). Livraison rapide partout au Maroc.\",\"publisher\":{\"@id\":\"https:\\\/\\\/vitablanca.ma\\\/#organization\"},\"alternateName\":\"VitaBlanca.ma\",\"potentialAction\":[{\"@type\":\"SearchAction\",\"target\":{\"@type\":\"EntryPoint\",\"urlTemplate\":\"https:\\\/\\\/vitablanca.ma\\\/?s={search_term_string}\"},\"query-input\":{\"@type\":\"PropertyValueSpecification\",\"valueRequired\":true,\"valueName\":\"search_term_string\"}}],\"inLanguage\":\"ar\"},{\"@type\":\"Organization\",\"@id\":\"https:\\\/\\\/vitablanca.ma\\\/#organization\",\"name\":\"VitaBlanca\",\"url\":\"https:\\\/\\\/vitablanca.ma\\\/\",\"logo\":{\"@type\":\"ImageObject\",\"inLanguage\":\"ar\",\"@id\":\"https:\\\/\\\/vitablanca.ma\\\/#\\\/schema\\\/logo\\\/image\\\/\",\"url\":\"https:\\\/\\\/vitablanca.ma\\\/wp-content\\\/uploads\\\/2025\\\/05\\\/cropped-vitablanca.png\",\"contentUrl\":\"https:\\\/\\\/vitablanca.ma\\\/wp-content\\\/uploads\\\/2025\\\/05\\\/cropped-vitablanca.png\",\"width\":360,\"height\":67,\"caption\":\"VitaBlanca\"},\"image\":{\"@id\":\"https:\\\/\\\/vitablanca.ma\\\/#\\\/schema\\\/logo\\\/image\\\/\"},\"sameAs\":[\"https:\\\/\\\/www.facebook.com\\\/profile.php?id=61576678196717\",\"https:\\\/\\\/www.tiktok.com\\\/@vitablanca.ma\",\"https:\\\/\\\/www.instagram.com\\\/vitablanca.ma\\\/\"]}]}<\/script>\n<!-- \/ Yoast SEO plugin. -->","yoast_head_json":{"title":"Enzo Brosse S\u00e8che-cheveux et styler volumateur professionnelle EN-4129 - Maroc Prix","description":"Enzo Brosse S\u00e8che-cheveux et styler volumateur professionnelle EN-4129","robots":{"index":"index","follow":"follow","max-snippet":"max-snippet:-1","max-image-preview":"max-image-preview:large","max-video-preview":"max-video-preview:-1"},"canonical":"https:\/\/vitablanca.ma\/ar\/product-2\/enzo-brosse-seche-cheveux-et-styler-volumateur-professionnelle-en-4129\/","og_locale":"ar_AR","og_type":"article","og_title":"Enzo Brosse S\u00e8che-cheveux et styler volumateur professionnelle EN-4129 - Maroc Prix","og_description":"Enzo Brosse S\u00e8che-cheveux et styler volumateur professionnelle EN-4129","og_url":"https:\/\/vitablanca.ma\/ar\/product-2\/enzo-brosse-seche-cheveux-et-styler-volumateur-professionnelle-en-4129\/","og_site_name":"Vitablanca.ma &ndash; Sant&eacute;, vitalit&eacute; et bien-&ecirc;tre pour tous les Marocains","article_publisher":"https:\/\/www.facebook.com\/profile.php?id=61576678196717","article_modified_time":"2026-03-06T03:38:35+00:00","og_image":[{"width":1080,"height":1080,"url":"https:\/\/vitablanca.ma\/wp-content\/uploads\/2026\/03\/EnzoBrosseSeche-cheveuxetstylervolumateurprofessionnelleEN-41291.jpg","type":"image\/jpeg"}],"twitter_card":"summary_large_image","twitter_misc":{"\u0648\u0642\u062a \u0627\u0644\u0642\u0631\u0627\u0621\u0629 \u0627\u0644\u0645\u064f\u0642\u062f\u0651\u0631":"\u062f\u0642\u064a\u0642\u0629 \u0648\u0627\u062d\u062f\u0629"},"schema":{"@context":"https:\/\/schema.org","@graph":[{"@type":["WebPage","ItemPage"],"@id":"https:\/\/vitablanca.ma\/produit\/enzo-brosse-seche-cheveux-et-styler-volumateur-professionnelle-en-4129\/","url":"https:\/\/vitablanca.ma\/produit\/enzo-brosse-seche-cheveux-et-styler-volumateur-professionnelle-en-4129\/","name":"Enzo Brosse S\u00e8che-cheveux et styler volumateur professionnelle EN-4129 - Maroc Prix","isPartOf":{"@id":"https:\/\/vitablanca.ma\/#website"},"primaryImageOfPage":{"@id":"https:\/\/vitablanca.ma\/produit\/enzo-brosse-seche-cheveux-et-styler-volumateur-professionnelle-en-4129\/#primaryimage"},"image":{"@id":"https:\/\/vitablanca.ma\/produit\/enzo-brosse-seche-cheveux-et-styler-volumateur-professionnelle-en-4129\/#primaryimage"},"thumbnailUrl":"https:\/\/vitablanca.ma\/wp-content\/uploads\/2026\/03\/EnzoBrosseSeche-cheveuxetstylervolumateurprofessionnelleEN-41291.jpg","datePublished":"2026-03-04T04:05:02+00:00","dateModified":"2026-03-06T03:38:35+00:00","description":"Enzo Brosse S\u00e8che-cheveux et styler volumateur professionnelle EN-4129","breadcrumb":{"@id":"https:\/\/vitablanca.ma\/produit\/enzo-brosse-seche-cheveux-et-styler-volumateur-professionnelle-en-4129\/#breadcrumb"},"inLanguage":"ar","potentialAction":[{"@type":"ReadAction","target":["https:\/\/vitablanca.ma\/produit\/enzo-brosse-seche-cheveux-et-styler-volumateur-professionnelle-en-4129\/"]}]},{"@type":"ImageObject","inLanguage":"ar","@id":"https:\/\/vitablanca.ma\/produit\/enzo-brosse-seche-cheveux-et-styler-volumateur-professionnelle-en-4129\/#primaryimage","url":"https:\/\/vitablanca.ma\/wp-content\/uploads\/2026\/03\/EnzoBrosseSeche-cheveuxetstylervolumateurprofessionnelleEN-41291.jpg","contentUrl":"https:\/\/vitablanca.ma\/wp-content\/uploads\/2026\/03\/EnzoBrosseSeche-cheveuxetstylervolumateurprofessionnelleEN-41291.jpg","width":1080,"height":1080},{"@type":"BreadcrumbList","@id":"https:\/\/vitablanca.ma\/produit\/enzo-brosse-seche-cheveux-et-styler-volumateur-professionnelle-en-4129\/#breadcrumb","itemListElement":[{"@type":"ListItem","position":1,"name":"Home","item":"https:\/\/vitablanca.ma\/"},{"@type":"ListItem","position":2,"name":"Tous Les Produits","item":"https:\/\/vitablanca.ma\/tous-les-produits\/"},{"@type":"ListItem","position":3,"name":"Enzo Brosse S\u00e8che-cheveux et styler volumateur professionnelle EN-4129"}]},{"@type":"WebSite","@id":"https:\/\/vitablanca.ma\/#website","url":"https:\/\/vitablanca.ma\/","name":"VitaBlanca.ma | \u0627\u0644\u0645\u0643\u0645\u0644\u0627\u062a \u0627\u0644\u063a\u0630\u0627\u0626\u064a\u0629\u060c \u0627\u0644\u0635\u062d\u0629 \u0648\u0627\u0644\u062c\u0645\u0627\u0644 \u0641\u064a \u0627\u0644\u0645\u063a\u0631\u0628","description":"\u0646\u0628\u064a\u0639 \u0641\u064a\u062a\u0627\u0645\u064a\u0646\u0627\u062a \u0648\u0645\u0643\u0645\u0644\u0627\u062a \u063a\u0630\u0627\u0626\u064a\u0629 \u0641\u0627\u062e\u0631\u0629 \u0645\u0646 \u0627\u0644\u0648\u0644\u0627\u064a\u0627\u062a \u0627\u0644\u0645\u062a\u062d\u062f\u0629 \u0627\u0644\u0623\u0645\u0631\u064a\u0643\u064a\u0629 \u0648\u0643\u0646\u062f\u0627 \u0648\u0646\u064a\u0648\u0632\u064a\u0644\u0646\u062f\u0627 \u0648\u0627\u0644\u0645\u063a\u0631\u0628 (\u0646\u0627\u0648 \u0641\u0648\u062f\u0632\u060c \u0633\u0648\u0644\u062c\u0627\u0631\u060c \u0645\u0627\u0646\u0648\u0643\u0627). \u062a\u0648\u0635\u064a\u0644 \u0633\u0631\u064a\u0639 \u0625\u0644\u0649 \u062c\u0645\u064a\u0639 \u0623\u0646\u062d\u0627\u0621 \u0627\u0644\u0645\u063a\u0631\u0628.","publisher":{"@id":"https:\/\/vitablanca.ma\/#organization"},"alternateName":"VitaBlanca.ma","potentialAction":[{"@type":"SearchAction","target":{"@type":"EntryPoint","urlTemplate":"https:\/\/vitablanca.ma\/?s={search_term_string}"},"query-input":{"@type":"PropertyValueSpecification","valueRequired":true,"valueName":"search_term_string"}}],"inLanguage":"ar"},{"@type":"Organization","@id":"https:\/\/vitablanca.ma\/#organization","name":"\u0641\u064a\u062a\u0627\u0628\u0644\u0627\u0646\u0643\u0627","url":"https:\/\/vitablanca.ma\/","logo":{"@type":"ImageObject","inLanguage":"ar","@id":"https:\/\/vitablanca.ma\/#\/schema\/logo\/image\/","url":"https:\/\/vitablanca.ma\/wp-content\/uploads\/2025\/05\/cropped-vitablanca.png","contentUrl":"https:\/\/vitablanca.ma\/wp-content\/uploads\/2025\/05\/cropped-vitablanca.png","width":360,"height":67,"caption":"VitaBlanca"},"image":{"@id":"https:\/\/vitablanca.ma\/#\/schema\/logo\/image\/"},"sameAs":["https:\/\/www.facebook.com\/profile.php?id=61576678196717","https:\/\/www.tiktok.com\/@vitablanca.ma","https:\/\/www.instagram.com\/vitablanca.ma\/"]}]}},"jetpack_sharing_enabled":true,"_links":{"self":[{"href":"https:\/\/vitablanca.ma\/ar\/wp-json\/wp\/v2\/product\/33632","targetHints":{"allow":["GET"]}}],"collection":[{"href":"https:\/\/vitablanca.ma\/ar\/wp-json\/wp\/v2\/product"}],"about":[{"href":"https:\/\/vitablanca.ma\/ar\/wp-json\/wp\/v2\/types\/product"}],"wp:featuredmedia":[{"embeddable":true,"href":"https:\/\/vitablanca.ma\/ar\/wp-json\/wp\/v2\/media\/33627"}],"wp:attachment":[{"href":"https:\/\/vitablanca.ma\/ar\/wp-json\/wp\/v2\/media?parent=33632"}],"wp:term":[{"taxonomy":"product_brand","embeddable":true,"href":"https:\/\/vitablanca.ma\/ar\/wp-json\/wp\/v2\/product_brand?post=33632"},{"taxonomy":"product_cat","embeddable":true,"href":"https:\/\/vitablanca.ma\/ar\/wp-json\/wp\/v2\/product_cat?post=33632"},{"taxonomy":"product_tag","embeddable":true,"href":"https:\/\/vitablanca.ma\/ar\/wp-json\/wp\/v2\/product_tag?post=33632"}],"curies":[{"name":"wp","href":"https:\/\/api.w.org\/{rel}","templated":true}]}}