{"id":33566,"date":"2026-03-04T03:53:02","date_gmt":"2026-03-04T03:53:02","guid":{"rendered":"https:\/\/vitablanca.ma\/produit\/sol-de-janeiro-beija-flor-jet-set\/"},"modified":"2026-03-08T18:00:27","modified_gmt":"2026-03-08T18:00:27","slug":"sol-de-janeiro-beija-flor-jet-set","status":"publish","type":"product","link":"https:\/\/vitablanca.ma\/ar\/product-2\/sol-de-janeiro-beija-flor-jet-set\/","title":{"rendered":"SOL DE JANEIRO &#8211; Beija Flor Jet Set"},"content":{"rendered":"<p><b>Sol De Janeiro<\/b>\u00a0&#8211;\u00a0Un ensemble complet inspir\u00e9 du Br\u00e9sil, comprenant les produits phares de la marque pour une exp\u00e9rience de soin luxueuse.<\/p>\n<p style=\"background: white;\"><b><span lang=\"EN-US\" style=\"font-size: 9.0pt; font-family: 'Arial','sans-serif'; color: black; letter-spacing: .45pt;\">Beija Flor Cr\u00e8me Elasti 50ml<\/span><\/b><\/p>\n<p style=\"background: white;\"><span style=\"font-size: 9.0pt; font-family: 'Arial','sans-serif'; color: black; letter-spacing: .45pt;\">La cr\u00e8me Elasti est infus\u00e9e d&rsquo;un riche m\u00e9lange de plantes, dont le squalane, pournourrir la peau et lui donner un fini doux comme du velours. Le collag\u00e8ne d&rsquo;origine v\u00e9g\u00e9tale renforce l&rsquo;\u00e9lasticit\u00e9 visible de la peau, tandis que l&rsquo;huile de cacay, une alternative au r\u00e9tinol d&rsquo;origine v\u00e9g\u00e9tale, favorise un aspect lisse et rebondi. Le beurre corporel vous invite \u00e0 une \u00e9vasion exotique, avec des notes de jasmin br\u00e9silien et de fruit du dragon rose. Votre peau sentira aussi bon qu&rsquo;elle se sentira bien.<\/span><\/p>\n<p style=\"background: white;\"><b><span style=\"font-size: 9.0pt; font-family: 'Arial','sans-serif'; color: black; letter-spacing: .45pt;\">Beija Flor Gel douche r\u00e9g\u00e9n\u00e9rant 90ml<\/span><\/b><\/p>\n<p style=\"background: white;\"><span style=\"font-size: 9.0pt; font-family: 'Arial','sans-serif'; color: black; letter-spacing: .45pt;\">Am\u00e9liorez votre rituel de douche avec ce nettoyant cr\u00e9meux pour le corps, infus\u00e9 du divin parfum Cheirosa 68. Enrichie d&rsquo;une alternative v\u00e9g\u00e9tale au r\u00e9tinol et de squalane v\u00e9g\u00e9talien, la formule luxueuse fait mousser la peau avec une hydratation rafra\u00eechissante pour une apparence plus lisse et plus lumineuse. Le gel douche laisse sur la peau un voile de notes fruit\u00e9es et florales.<\/span><\/p>\n<p style=\"background: white;\"><b><span style=\"font-size: 9.0pt; font-family: 'Arial','sans-serif'; color: black; letter-spacing: .45pt;\">Brume de parfum Brazilian Crush Cheirosa 68 30ml<\/span><\/b><\/p>\n<p style=\"background: white;\"><span style=\"font-size: 9.0pt; font-family: 'Arial','sans-serif'; color: black; letter-spacing: .45pt;\">Sol de Janeiro pr\u00e9sente une fusion irr\u00e9sistible de fruit du dragon rose palpitant et de litchi transcendant pour transporter vos sens vers une \u00e9vasion tropicale. Des notes fra\u00eeches de jasmin br\u00e9silien, d&rsquo;air oc\u00e9anique et d&rsquo;hibiscus s&rsquo;unissent pour cr\u00e9er une exp\u00e9rience olfactive exaltante, tandis que le musc sensuel et la riche vanille s&rsquo;ass\u00e8chent \u00e0 la base pour un ar\u00f4me de r\u00eave.<\/span><\/p>\n<p class=\"MsoNormal\"><span style=\"font-size: 9.0pt; line-height: 107%;\">\u00a0<\/span><\/p>","protected":false},"excerpt":{"rendered":"<p>Sol De Janeiro\u00a0&#8211;\u00a0Un ensemble complet inspir\u00e9 du Br\u00e9sil, comprenant les produits phares de la marque pour une exp\u00e9rience de soin luxueuse. Beija Flor Cr\u00e8me Elasti 50ml La cr\u00e8me Elasti est infus\u00e9e d&rsquo;un riche m\u00e9lange de plantes, dont le squalane, pournourrir la peau et lui donner un fini doux comme du velours. Le collag\u00e8ne d&rsquo;origine v\u00e9g\u00e9tale [&hellip;]<\/p>\n","protected":false},"featured_media":33557,"template":"","meta":{"om_disable_all_campaigns":false},"product_brand":[],"product_cat":[18,15],"product_tag":[11527,11532,11529,11530,11531,11533,11526,11524,11525,11528],"class_list":{"0":"post-33566","1":"product","2":"type-product","3":"status-publish","4":"has-post-thumbnail","6":"product_cat-beaute-sante","7":"product_cat-beaute-sante-complements-alimentaires-soins-et-bien-etre-au-meilleur-prix","8":"product_tag-cheirosa-68-brume-parfumee","9":"product_tag-coffret-beaute-sol-de-janeiro","10":"product_tag-coffret-sol-de-janeiro-voyage","11":"product_tag-creme-corps-sol-de-janeiro","12":"product_tag-gel-douche-sol-de-janeiro","13":"product_tag-routine-corps-sol-de-janeiro","14":"product_tag-sol-de-janeiro-beija-flor-cream","15":"product_tag-sol-de-janeiro-beija-flor-jet-set","16":"product_tag-sol-de-janeiro-coffret","17":"product_tag-sol-de-janeiro-soins-corps","19":"first","20":"instock","21":"taxable","22":"shipping-taxable","23":"purchasable","24":"product-type-simple"},"yoast_head":"<!-- This site is optimized with the Yoast SEO plugin v27.3 - https:\/\/yoast.com\/product\/yoast-seo-wordpress\/ -->\n<title>SOL DE JANEIRO - Beija Flor Jet Set - Maroc Prix<\/title>\n<meta name=\"description\" content=\"D\u00e9couvrez Sol de Janeiro Beija Flor Jet Set, un coffret de soins corps comprenant cr\u00e8me Beija Flor, gel douche et brume parfum\u00e9e Cheirosa 68 pour hydrater .\" \/>\n<meta name=\"robots\" content=\"index, follow, max-snippet:-1, max-image-preview:large, max-video-preview:-1\" \/>\n<link rel=\"canonical\" href=\"https:\/\/vitablanca.ma\/ar\/product-2\/sol-de-janeiro-beija-flor-jet-set\/\" \/>\n<meta property=\"og:locale\" content=\"ar_AR\" \/>\n<meta property=\"og:type\" content=\"article\" \/>\n<meta property=\"og:title\" content=\"SOL DE JANEIRO - Beija Flor Jet Set - Maroc Prix\" \/>\n<meta property=\"og:description\" content=\"D\u00e9couvrez Sol de Janeiro Beija Flor Jet Set, un coffret de soins corps comprenant cr\u00e8me Beija Flor, gel douche et brume parfum\u00e9e Cheirosa 68 pour hydrater .\" \/>\n<meta property=\"og:url\" content=\"https:\/\/vitablanca.ma\/ar\/product-2\/sol-de-janeiro-beija-flor-jet-set\/\" \/>\n<meta property=\"og:site_name\" content=\"Vitablanca.ma &ndash; Sant&eacute;, vitalit&eacute; et bien-&ecirc;tre pour tous les Marocains\" \/>\n<meta property=\"article:publisher\" content=\"https:\/\/www.facebook.com\/profile.php?id=61576678196717\" \/>\n<meta property=\"article:modified_time\" content=\"2026-03-08T18:00:27+00:00\" \/>\n<meta property=\"og:image\" content=\"https:\/\/vitablanca.ma\/wp-content\/uploads\/2026\/03\/SOLDEJANEIRO-BeijaFlorJetSet1.jpg\" \/>\n\t<meta property=\"og:image:width\" content=\"1080\" \/>\n\t<meta property=\"og:image:height\" content=\"1080\" \/>\n\t<meta property=\"og:image:type\" content=\"image\/jpeg\" \/>\n<meta name=\"twitter:card\" content=\"summary_large_image\" \/>\n<meta name=\"twitter:label1\" content=\"\u0648\u0642\u062a \u0627\u0644\u0642\u0631\u0627\u0621\u0629 \u0627\u0644\u0645\u064f\u0642\u062f\u0651\u0631\" \/>\n\t<meta name=\"twitter:data1\" content=\"\u062f\u0642\u064a\u0642\u062a\u0627\u0646\" \/>\n<script type=\"application\/ld+json\" class=\"yoast-schema-graph\">{\"@context\":\"https:\\\/\\\/schema.org\",\"@graph\":[{\"@type\":[\"WebPage\",\"ItemPage\"],\"@id\":\"https:\\\/\\\/vitablanca.ma\\\/produit\\\/sol-de-janeiro-beija-flor-jet-set\\\/\",\"url\":\"https:\\\/\\\/vitablanca.ma\\\/produit\\\/sol-de-janeiro-beija-flor-jet-set\\\/\",\"name\":\"SOL DE JANEIRO - Beija Flor Jet Set - Maroc Prix\",\"isPartOf\":{\"@id\":\"https:\\\/\\\/vitablanca.ma\\\/#website\"},\"primaryImageOfPage\":{\"@id\":\"https:\\\/\\\/vitablanca.ma\\\/produit\\\/sol-de-janeiro-beija-flor-jet-set\\\/#primaryimage\"},\"image\":{\"@id\":\"https:\\\/\\\/vitablanca.ma\\\/produit\\\/sol-de-janeiro-beija-flor-jet-set\\\/#primaryimage\"},\"thumbnailUrl\":\"https:\\\/\\\/vitablanca.ma\\\/wp-content\\\/uploads\\\/2026\\\/03\\\/SOLDEJANEIRO-BeijaFlorJetSet1.jpg\",\"datePublished\":\"2026-03-04T03:53:02+00:00\",\"dateModified\":\"2026-03-08T18:00:27+00:00\",\"description\":\"D\u00e9couvrez Sol de Janeiro Beija Flor Jet Set, un coffret de soins corps comprenant cr\u00e8me Beija Flor, gel douche et brume parfum\u00e9e Cheirosa 68 pour hydrater .\",\"breadcrumb\":{\"@id\":\"https:\\\/\\\/vitablanca.ma\\\/produit\\\/sol-de-janeiro-beija-flor-jet-set\\\/#breadcrumb\"},\"inLanguage\":\"ar\",\"potentialAction\":[{\"@type\":\"ReadAction\",\"target\":[\"https:\\\/\\\/vitablanca.ma\\\/produit\\\/sol-de-janeiro-beija-flor-jet-set\\\/\"]}]},{\"@type\":\"ImageObject\",\"inLanguage\":\"ar\",\"@id\":\"https:\\\/\\\/vitablanca.ma\\\/produit\\\/sol-de-janeiro-beija-flor-jet-set\\\/#primaryimage\",\"url\":\"https:\\\/\\\/vitablanca.ma\\\/wp-content\\\/uploads\\\/2026\\\/03\\\/SOLDEJANEIRO-BeijaFlorJetSet1.jpg\",\"contentUrl\":\"https:\\\/\\\/vitablanca.ma\\\/wp-content\\\/uploads\\\/2026\\\/03\\\/SOLDEJANEIRO-BeijaFlorJetSet1.jpg\",\"width\":1080,\"height\":1080},{\"@type\":\"BreadcrumbList\",\"@id\":\"https:\\\/\\\/vitablanca.ma\\\/produit\\\/sol-de-janeiro-beija-flor-jet-set\\\/#breadcrumb\",\"itemListElement\":[{\"@type\":\"ListItem\",\"position\":1,\"name\":\"Home\",\"item\":\"https:\\\/\\\/vitablanca.ma\\\/\"},{\"@type\":\"ListItem\",\"position\":2,\"name\":\"Tous Les Produits\",\"item\":\"https:\\\/\\\/vitablanca.ma\\\/tous-les-produits\\\/\"},{\"@type\":\"ListItem\",\"position\":3,\"name\":\"SOL DE JANEIRO &#8211; Beija Flor Jet Set\"}]},{\"@type\":\"WebSite\",\"@id\":\"https:\\\/\\\/vitablanca.ma\\\/#website\",\"url\":\"https:\\\/\\\/vitablanca.ma\\\/\",\"name\":\"VitaBlanca.ma | Compl\u00e9ments alimentaires, sant\u00e9 & beaut\u00e9 au Maroc\",\"description\":\"vendre vitamines et compl\u00e9ments premium des USA &amp; Canada, Nouvelle Z\u00e9lande,Maroc (NOW Foods, Solgar, Manuka). Livraison rapide partout au Maroc.\",\"publisher\":{\"@id\":\"https:\\\/\\\/vitablanca.ma\\\/#organization\"},\"alternateName\":\"VitaBlanca.ma\",\"potentialAction\":[{\"@type\":\"SearchAction\",\"target\":{\"@type\":\"EntryPoint\",\"urlTemplate\":\"https:\\\/\\\/vitablanca.ma\\\/?s={search_term_string}\"},\"query-input\":{\"@type\":\"PropertyValueSpecification\",\"valueRequired\":true,\"valueName\":\"search_term_string\"}}],\"inLanguage\":\"ar\"},{\"@type\":\"Organization\",\"@id\":\"https:\\\/\\\/vitablanca.ma\\\/#organization\",\"name\":\"VitaBlanca\",\"url\":\"https:\\\/\\\/vitablanca.ma\\\/\",\"logo\":{\"@type\":\"ImageObject\",\"inLanguage\":\"ar\",\"@id\":\"https:\\\/\\\/vitablanca.ma\\\/#\\\/schema\\\/logo\\\/image\\\/\",\"url\":\"https:\\\/\\\/vitablanca.ma\\\/wp-content\\\/uploads\\\/2025\\\/05\\\/cropped-vitablanca.png\",\"contentUrl\":\"https:\\\/\\\/vitablanca.ma\\\/wp-content\\\/uploads\\\/2025\\\/05\\\/cropped-vitablanca.png\",\"width\":360,\"height\":67,\"caption\":\"VitaBlanca\"},\"image\":{\"@id\":\"https:\\\/\\\/vitablanca.ma\\\/#\\\/schema\\\/logo\\\/image\\\/\"},\"sameAs\":[\"https:\\\/\\\/www.facebook.com\\\/profile.php?id=61576678196717\",\"https:\\\/\\\/www.tiktok.com\\\/@vitablanca.ma\",\"https:\\\/\\\/www.instagram.com\\\/vitablanca.ma\\\/\"]}]}<\/script>\n<!-- \/ Yoast SEO plugin. -->","yoast_head_json":{"title":"SOL DE JANEIRO - Beija Flor Jet Set - Maroc Prix","description":"D\u00e9couvrez Sol de Janeiro Beija Flor Jet Set, un coffret de soins corps comprenant cr\u00e8me Beija Flor, gel douche et brume parfum\u00e9e Cheirosa 68 pour hydrater .","robots":{"index":"index","follow":"follow","max-snippet":"max-snippet:-1","max-image-preview":"max-image-preview:large","max-video-preview":"max-video-preview:-1"},"canonical":"https:\/\/vitablanca.ma\/ar\/product-2\/sol-de-janeiro-beija-flor-jet-set\/","og_locale":"ar_AR","og_type":"article","og_title":"SOL DE JANEIRO - Beija Flor Jet Set - Maroc Prix","og_description":"D\u00e9couvrez Sol de Janeiro Beija Flor Jet Set, un coffret de soins corps comprenant cr\u00e8me Beija Flor, gel douche et brume parfum\u00e9e Cheirosa 68 pour hydrater .","og_url":"https:\/\/vitablanca.ma\/ar\/product-2\/sol-de-janeiro-beija-flor-jet-set\/","og_site_name":"Vitablanca.ma &ndash; Sant&eacute;, vitalit&eacute; et bien-&ecirc;tre pour tous les Marocains","article_publisher":"https:\/\/www.facebook.com\/profile.php?id=61576678196717","article_modified_time":"2026-03-08T18:00:27+00:00","og_image":[{"width":1080,"height":1080,"url":"https:\/\/vitablanca.ma\/wp-content\/uploads\/2026\/03\/SOLDEJANEIRO-BeijaFlorJetSet1.jpg","type":"image\/jpeg"}],"twitter_card":"summary_large_image","twitter_misc":{"\u0648\u0642\u062a \u0627\u0644\u0642\u0631\u0627\u0621\u0629 \u0627\u0644\u0645\u064f\u0642\u062f\u0651\u0631":"\u062f\u0642\u064a\u0642\u062a\u0627\u0646"},"schema":{"@context":"https:\/\/schema.org","@graph":[{"@type":["WebPage","ItemPage"],"@id":"https:\/\/vitablanca.ma\/produit\/sol-de-janeiro-beija-flor-jet-set\/","url":"https:\/\/vitablanca.ma\/produit\/sol-de-janeiro-beija-flor-jet-set\/","name":"SOL DE JANEIRO - Beija Flor Jet Set - Maroc Prix","isPartOf":{"@id":"https:\/\/vitablanca.ma\/#website"},"primaryImageOfPage":{"@id":"https:\/\/vitablanca.ma\/produit\/sol-de-janeiro-beija-flor-jet-set\/#primaryimage"},"image":{"@id":"https:\/\/vitablanca.ma\/produit\/sol-de-janeiro-beija-flor-jet-set\/#primaryimage"},"thumbnailUrl":"https:\/\/vitablanca.ma\/wp-content\/uploads\/2026\/03\/SOLDEJANEIRO-BeijaFlorJetSet1.jpg","datePublished":"2026-03-04T03:53:02+00:00","dateModified":"2026-03-08T18:00:27+00:00","description":"D\u00e9couvrez Sol de Janeiro Beija Flor Jet Set, un coffret de soins corps comprenant cr\u00e8me Beija Flor, gel douche et brume parfum\u00e9e Cheirosa 68 pour hydrater .","breadcrumb":{"@id":"https:\/\/vitablanca.ma\/produit\/sol-de-janeiro-beija-flor-jet-set\/#breadcrumb"},"inLanguage":"ar","potentialAction":[{"@type":"ReadAction","target":["https:\/\/vitablanca.ma\/produit\/sol-de-janeiro-beija-flor-jet-set\/"]}]},{"@type":"ImageObject","inLanguage":"ar","@id":"https:\/\/vitablanca.ma\/produit\/sol-de-janeiro-beija-flor-jet-set\/#primaryimage","url":"https:\/\/vitablanca.ma\/wp-content\/uploads\/2026\/03\/SOLDEJANEIRO-BeijaFlorJetSet1.jpg","contentUrl":"https:\/\/vitablanca.ma\/wp-content\/uploads\/2026\/03\/SOLDEJANEIRO-BeijaFlorJetSet1.jpg","width":1080,"height":1080},{"@type":"BreadcrumbList","@id":"https:\/\/vitablanca.ma\/produit\/sol-de-janeiro-beija-flor-jet-set\/#breadcrumb","itemListElement":[{"@type":"ListItem","position":1,"name":"Home","item":"https:\/\/vitablanca.ma\/"},{"@type":"ListItem","position":2,"name":"Tous Les Produits","item":"https:\/\/vitablanca.ma\/tous-les-produits\/"},{"@type":"ListItem","position":3,"name":"SOL DE JANEIRO &#8211; Beija Flor Jet Set"}]},{"@type":"WebSite","@id":"https:\/\/vitablanca.ma\/#website","url":"https:\/\/vitablanca.ma\/","name":"VitaBlanca.ma | \u0627\u0644\u0645\u0643\u0645\u0644\u0627\u062a \u0627\u0644\u063a\u0630\u0627\u0626\u064a\u0629\u060c \u0627\u0644\u0635\u062d\u0629 \u0648\u0627\u0644\u062c\u0645\u0627\u0644 \u0641\u064a \u0627\u0644\u0645\u063a\u0631\u0628","description":"\u0646\u0628\u064a\u0639 \u0641\u064a\u062a\u0627\u0645\u064a\u0646\u0627\u062a \u0648\u0645\u0643\u0645\u0644\u0627\u062a \u063a\u0630\u0627\u0626\u064a\u0629 \u0641\u0627\u062e\u0631\u0629 \u0645\u0646 \u0627\u0644\u0648\u0644\u0627\u064a\u0627\u062a \u0627\u0644\u0645\u062a\u062d\u062f\u0629 \u0627\u0644\u0623\u0645\u0631\u064a\u0643\u064a\u0629 \u0648\u0643\u0646\u062f\u0627 \u0648\u0646\u064a\u0648\u0632\u064a\u0644\u0646\u062f\u0627 \u0648\u0627\u0644\u0645\u063a\u0631\u0628 (\u0646\u0627\u0648 \u0641\u0648\u062f\u0632\u060c \u0633\u0648\u0644\u062c\u0627\u0631\u060c \u0645\u0627\u0646\u0648\u0643\u0627). \u062a\u0648\u0635\u064a\u0644 \u0633\u0631\u064a\u0639 \u0625\u0644\u0649 \u062c\u0645\u064a\u0639 \u0623\u0646\u062d\u0627\u0621 \u0627\u0644\u0645\u063a\u0631\u0628.","publisher":{"@id":"https:\/\/vitablanca.ma\/#organization"},"alternateName":"VitaBlanca.ma","potentialAction":[{"@type":"SearchAction","target":{"@type":"EntryPoint","urlTemplate":"https:\/\/vitablanca.ma\/?s={search_term_string}"},"query-input":{"@type":"PropertyValueSpecification","valueRequired":true,"valueName":"search_term_string"}}],"inLanguage":"ar"},{"@type":"Organization","@id":"https:\/\/vitablanca.ma\/#organization","name":"\u0641\u064a\u062a\u0627\u0628\u0644\u0627\u0646\u0643\u0627","url":"https:\/\/vitablanca.ma\/","logo":{"@type":"ImageObject","inLanguage":"ar","@id":"https:\/\/vitablanca.ma\/#\/schema\/logo\/image\/","url":"https:\/\/vitablanca.ma\/wp-content\/uploads\/2025\/05\/cropped-vitablanca.png","contentUrl":"https:\/\/vitablanca.ma\/wp-content\/uploads\/2025\/05\/cropped-vitablanca.png","width":360,"height":67,"caption":"VitaBlanca"},"image":{"@id":"https:\/\/vitablanca.ma\/#\/schema\/logo\/image\/"},"sameAs":["https:\/\/www.facebook.com\/profile.php?id=61576678196717","https:\/\/www.tiktok.com\/@vitablanca.ma","https:\/\/www.instagram.com\/vitablanca.ma\/"]}]}},"jetpack_sharing_enabled":true,"_links":{"self":[{"href":"https:\/\/vitablanca.ma\/ar\/wp-json\/wp\/v2\/product\/33566","targetHints":{"allow":["GET"]}}],"collection":[{"href":"https:\/\/vitablanca.ma\/ar\/wp-json\/wp\/v2\/product"}],"about":[{"href":"https:\/\/vitablanca.ma\/ar\/wp-json\/wp\/v2\/types\/product"}],"wp:featuredmedia":[{"embeddable":true,"href":"https:\/\/vitablanca.ma\/ar\/wp-json\/wp\/v2\/media\/33557"}],"wp:attachment":[{"href":"https:\/\/vitablanca.ma\/ar\/wp-json\/wp\/v2\/media?parent=33566"}],"wp:term":[{"taxonomy":"product_brand","embeddable":true,"href":"https:\/\/vitablanca.ma\/ar\/wp-json\/wp\/v2\/product_brand?post=33566"},{"taxonomy":"product_cat","embeddable":true,"href":"https:\/\/vitablanca.ma\/ar\/wp-json\/wp\/v2\/product_cat?post=33566"},{"taxonomy":"product_tag","embeddable":true,"href":"https:\/\/vitablanca.ma\/ar\/wp-json\/wp\/v2\/product_tag?post=33566"}],"curies":[{"name":"wp","href":"https:\/\/api.w.org\/{rel}","templated":true}]}}