{"id":33458,"date":"2026-03-04T03:43:00","date_gmt":"2026-03-04T03:43:00","guid":{"rendered":"https:\/\/vitablanca.ma\/produit\/babylisspro-black-star-ionic-seche-cheveux-2000-w\/"},"modified":"2026-03-06T03:38:38","modified_gmt":"2026-03-06T03:38:38","slug":"babylisspro-black-star-ionic-seche-cheveux-2000-w","status":"publish","type":"product","link":"https:\/\/vitablanca.ma\/ar\/product-2\/babylisspro-black-star-ionic-seche-cheveux-2000-w\/","title":{"rendered":"BaBylissPro \u00ab Black Star Ionic \u00bb S\u00e8che- cheveux 2000 W"},"content":{"rendered":"<p class=\"MsoNormal\"><b><span style=\"font-family: 'Arial','sans-serif';color: #262626\">S\u00e8che-cheveux professionnel<\/span><\/b><span style=\"font-family: 'Arial','sans-serif';color: #262626\"> \u00e0 technologie ionique <b>BaBylissPro \u00ab Black Star Ionic \u00bb<\/b><\/span><\/p>\n<p class=\"MsoNormal\"><span style=\"font-family: 'Arial','sans-serif';color: #262626\">Con\u00e7u pour les professionnels, mais id\u00e9al pour un usage domestique !<\/span><\/p>\n<p class=\"MsoNormal\"><span style=\"font-family: 'Arial','sans-serif';color: #262626\">Cet appareil est fiable, puissant et durable. Son moteur compact et robuste le rend parfait aussi bien pour les coiffeurs exigeants que pour un usage quotidien. Il est \u00e9galement \u00e9quip\u00e9 d&rsquo;un g\u00e9n\u00e9rateur d&rsquo;ions qui prot\u00e8ge les cheveux pendant le s\u00e9chage. Vos cheveux seront plus doux, plus brillants, moins sujets aux frisottis, plus faciles \u00e0 coiffer et plus faciles \u00e0 travailler.<\/span><\/p>\n<p class=\"MsoNormal\"><b><span style=\"font-family: 'Arial','sans-serif';color: #262626\">Caract\u00e9ristiques techniques :<\/span><\/b><\/p>\n<ul>\n<li class=\"MsoNormal\"><span style=\"font-family: 'Arial','sans-serif';color: #262626\">Puissance : 2000 W <\/span><\/li>\n<li class=\"MsoNormal\"><span style=\"font-family: 'Arial','sans-serif';color: #262626\">Vitesse du flux d&rsquo;air : 120 km\/h <\/span><\/li>\n<li class=\"MsoNormal\"><span style=\"font-family: 'Arial','sans-serif';color: #262626\">G\u00e9n\u00e9rateur d&rsquo;ions <\/span><\/li>\n<li class=\"MsoNormal\"><span style=\"font-family: 'Arial','sans-serif';color: #262626\">Moteur AC fiable <\/span><\/li>\n<li class=\"MsoNormal\"><span style=\"font-family: 'Arial','sans-serif';color: #262626\">Vibrations r\u00e9duites <\/span><\/li>\n<li class=\"MsoNormal\"><span style=\"font-family: 'Arial','sans-serif';color: #262626\">6 modes de vitesse et de temp\u00e9rature <\/span><\/li>\n<li class=\"MsoNormal\"><span style=\"font-family: 'Arial','sans-serif';color: #262626\">Design ergonomique pour un confort d&rsquo;utilisation optimal <\/span><\/li>\n<li class=\"MsoNormal\"><span style=\"font-family: 'Arial','sans-serif';color: #262626\">Commandes en fa\u00e7ade <\/span><\/li>\n<li class=\"MsoNormal\"><span style=\"font-family: 'Arial','sans-serif';color: #262626\">Filtre en acier facilement amovible <\/span><\/li>\n<li class=\"MsoNormal\"><span style=\"font-family: 'Arial','sans-serif';color: #262626\">Poids : seulement 440 grammes <\/span><\/li>\n<\/ul>\n<p class=\"MsoNormal\"><b><span style=\"font-family: 'Arial','sans-serif';color: #262626\">Longueur du cordon :<\/span><\/b><span style=\"font-family: 'Arial','sans-serif';color: #262626\"> 2,7 m. BaByliss Pro \u2013 professionnalisme, qualit\u00e9 sup\u00e9rieure, ergonomie.<\/span><\/p>","protected":false},"excerpt":{"rendered":"<p>S\u00e8che-cheveux professionnel \u00e0 technologie ionique BaBylissPro \u00ab Black Star Ionic \u00bb Con\u00e7u pour les professionnels, mais id\u00e9al pour un usage domestique ! Cet appareil est fiable, puissant et durable. Son moteur compact et robuste le rend parfait aussi bien pour les coiffeurs exigeants que pour un usage quotidien. Il est \u00e9galement \u00e9quip\u00e9 d&rsquo;un g\u00e9n\u00e9rateur d&rsquo;ions [&hellip;]<\/p>\n","protected":false},"featured_media":33453,"template":"","meta":{"om_disable_all_campaigns":false},"product_brand":[],"product_cat":[18,15],"product_tag":[],"class_list":{"0":"post-33458","1":"product","2":"type-product","3":"status-publish","4":"has-post-thumbnail","6":"product_cat-beaute-sante","7":"product_cat-beaute-sante-complements-alimentaires-soins-et-bien-etre-au-meilleur-prix","9":"first","10":"instock","11":"taxable","12":"shipping-taxable","13":"purchasable","14":"product-type-simple"},"yoast_head":"<!-- This site is optimized with the Yoast SEO plugin v27.3 - https:\/\/yoast.com\/product\/yoast-seo-wordpress\/ -->\n<title>BaBylissPro \u00ab Black Star Ionic \u00bb S\u00e8che- cheveux 2000 W - Maroc Prix<\/title>\n<meta name=\"description\" content=\"BaBylissPro \u00ab Black Star Ionic \u00bb S\u00e8che- cheveux 2000 W\" \/>\n<meta name=\"robots\" content=\"index, follow, max-snippet:-1, max-image-preview:large, max-video-preview:-1\" \/>\n<link rel=\"canonical\" href=\"https:\/\/vitablanca.ma\/ar\/product-2\/babylisspro-black-star-ionic-seche-cheveux-2000-w\/\" \/>\n<meta property=\"og:locale\" content=\"ar_AR\" \/>\n<meta property=\"og:type\" content=\"article\" \/>\n<meta property=\"og:title\" content=\"BaBylissPro \u00ab Black Star Ionic \u00bb S\u00e8che- cheveux 2000 W - Maroc Prix\" \/>\n<meta property=\"og:description\" content=\"BaBylissPro \u00ab Black Star Ionic \u00bb S\u00e8che- cheveux 2000 W\" \/>\n<meta property=\"og:url\" content=\"https:\/\/vitablanca.ma\/ar\/product-2\/babylisspro-black-star-ionic-seche-cheveux-2000-w\/\" \/>\n<meta property=\"og:site_name\" content=\"Vitablanca.ma &ndash; Sant&eacute;, vitalit&eacute; et bien-&ecirc;tre pour tous les Marocains\" \/>\n<meta property=\"article:publisher\" content=\"https:\/\/www.facebook.com\/profile.php?id=61576678196717\" \/>\n<meta property=\"article:modified_time\" content=\"2026-03-06T03:38:38+00:00\" \/>\n<meta property=\"og:image\" content=\"https:\/\/vitablanca.ma\/wp-content\/uploads\/2026\/03\/BaBylissPro_Black_Star_Ionic_Seche-_cheveux_2000_W_1.jpg\" \/>\n\t<meta property=\"og:image:width\" content=\"1080\" \/>\n\t<meta property=\"og:image:height\" content=\"1080\" \/>\n\t<meta property=\"og:image:type\" content=\"image\/jpeg\" \/>\n<meta name=\"twitter:card\" content=\"summary_large_image\" \/>\n<meta name=\"twitter:label1\" content=\"\u0648\u0642\u062a \u0627\u0644\u0642\u0631\u0627\u0621\u0629 \u0627\u0644\u0645\u064f\u0642\u062f\u0651\u0631\" \/>\n\t<meta name=\"twitter:data1\" content=\"\u062f\u0642\u064a\u0642\u0629 \u0648\u0627\u062d\u062f\u0629\" \/>\n<script type=\"application\/ld+json\" class=\"yoast-schema-graph\">{\"@context\":\"https:\\\/\\\/schema.org\",\"@graph\":[{\"@type\":[\"WebPage\",\"ItemPage\"],\"@id\":\"https:\\\/\\\/vitablanca.ma\\\/produit\\\/babylisspro-black-star-ionic-seche-cheveux-2000-w\\\/\",\"url\":\"https:\\\/\\\/vitablanca.ma\\\/produit\\\/babylisspro-black-star-ionic-seche-cheveux-2000-w\\\/\",\"name\":\"BaBylissPro \u00ab Black Star Ionic \u00bb S\u00e8che- cheveux 2000 W - Maroc Prix\",\"isPartOf\":{\"@id\":\"https:\\\/\\\/vitablanca.ma\\\/#website\"},\"primaryImageOfPage\":{\"@id\":\"https:\\\/\\\/vitablanca.ma\\\/produit\\\/babylisspro-black-star-ionic-seche-cheveux-2000-w\\\/#primaryimage\"},\"image\":{\"@id\":\"https:\\\/\\\/vitablanca.ma\\\/produit\\\/babylisspro-black-star-ionic-seche-cheveux-2000-w\\\/#primaryimage\"},\"thumbnailUrl\":\"https:\\\/\\\/vitablanca.ma\\\/wp-content\\\/uploads\\\/2026\\\/03\\\/BaBylissPro_Black_Star_Ionic_Seche-_cheveux_2000_W_1.jpg\",\"datePublished\":\"2026-03-04T03:43:00+00:00\",\"dateModified\":\"2026-03-06T03:38:38+00:00\",\"description\":\"BaBylissPro \u00ab Black Star Ionic \u00bb S\u00e8che- cheveux 2000 W\",\"breadcrumb\":{\"@id\":\"https:\\\/\\\/vitablanca.ma\\\/produit\\\/babylisspro-black-star-ionic-seche-cheveux-2000-w\\\/#breadcrumb\"},\"inLanguage\":\"ar\",\"potentialAction\":[{\"@type\":\"ReadAction\",\"target\":[\"https:\\\/\\\/vitablanca.ma\\\/produit\\\/babylisspro-black-star-ionic-seche-cheveux-2000-w\\\/\"]}]},{\"@type\":\"ImageObject\",\"inLanguage\":\"ar\",\"@id\":\"https:\\\/\\\/vitablanca.ma\\\/produit\\\/babylisspro-black-star-ionic-seche-cheveux-2000-w\\\/#primaryimage\",\"url\":\"https:\\\/\\\/vitablanca.ma\\\/wp-content\\\/uploads\\\/2026\\\/03\\\/BaBylissPro_Black_Star_Ionic_Seche-_cheveux_2000_W_1.jpg\",\"contentUrl\":\"https:\\\/\\\/vitablanca.ma\\\/wp-content\\\/uploads\\\/2026\\\/03\\\/BaBylissPro_Black_Star_Ionic_Seche-_cheveux_2000_W_1.jpg\",\"width\":1080,\"height\":1080},{\"@type\":\"BreadcrumbList\",\"@id\":\"https:\\\/\\\/vitablanca.ma\\\/produit\\\/babylisspro-black-star-ionic-seche-cheveux-2000-w\\\/#breadcrumb\",\"itemListElement\":[{\"@type\":\"ListItem\",\"position\":1,\"name\":\"Home\",\"item\":\"https:\\\/\\\/vitablanca.ma\\\/\"},{\"@type\":\"ListItem\",\"position\":2,\"name\":\"Tous Les Produits\",\"item\":\"https:\\\/\\\/vitablanca.ma\\\/tous-les-produits\\\/\"},{\"@type\":\"ListItem\",\"position\":3,\"name\":\"BaBylissPro \u00ab Black Star Ionic \u00bb S\u00e8che- cheveux 2000 W\"}]},{\"@type\":\"WebSite\",\"@id\":\"https:\\\/\\\/vitablanca.ma\\\/#website\",\"url\":\"https:\\\/\\\/vitablanca.ma\\\/\",\"name\":\"VitaBlanca.ma | Compl\u00e9ments alimentaires, sant\u00e9 & beaut\u00e9 au Maroc\",\"description\":\"vendre vitamines et compl\u00e9ments premium des USA &amp; Canada, Nouvelle Z\u00e9lande,Maroc (NOW Foods, Solgar, Manuka). Livraison rapide partout au Maroc.\",\"publisher\":{\"@id\":\"https:\\\/\\\/vitablanca.ma\\\/#organization\"},\"alternateName\":\"VitaBlanca.ma\",\"potentialAction\":[{\"@type\":\"SearchAction\",\"target\":{\"@type\":\"EntryPoint\",\"urlTemplate\":\"https:\\\/\\\/vitablanca.ma\\\/?s={search_term_string}\"},\"query-input\":{\"@type\":\"PropertyValueSpecification\",\"valueRequired\":true,\"valueName\":\"search_term_string\"}}],\"inLanguage\":\"ar\"},{\"@type\":\"Organization\",\"@id\":\"https:\\\/\\\/vitablanca.ma\\\/#organization\",\"name\":\"VitaBlanca\",\"url\":\"https:\\\/\\\/vitablanca.ma\\\/\",\"logo\":{\"@type\":\"ImageObject\",\"inLanguage\":\"ar\",\"@id\":\"https:\\\/\\\/vitablanca.ma\\\/#\\\/schema\\\/logo\\\/image\\\/\",\"url\":\"https:\\\/\\\/vitablanca.ma\\\/wp-content\\\/uploads\\\/2025\\\/05\\\/cropped-vitablanca.png\",\"contentUrl\":\"https:\\\/\\\/vitablanca.ma\\\/wp-content\\\/uploads\\\/2025\\\/05\\\/cropped-vitablanca.png\",\"width\":360,\"height\":67,\"caption\":\"VitaBlanca\"},\"image\":{\"@id\":\"https:\\\/\\\/vitablanca.ma\\\/#\\\/schema\\\/logo\\\/image\\\/\"},\"sameAs\":[\"https:\\\/\\\/www.facebook.com\\\/profile.php?id=61576678196717\",\"https:\\\/\\\/www.tiktok.com\\\/@vitablanca.ma\",\"https:\\\/\\\/www.instagram.com\\\/vitablanca.ma\\\/\"]}]}<\/script>\n<!-- \/ Yoast SEO plugin. -->","yoast_head_json":{"title":"BaBylissPro \u00ab Black Star Ionic \u00bb S\u00e8che- cheveux 2000 W - Maroc Prix","description":"BaBylissPro \u00ab Black Star Ionic \u00bb S\u00e8che- cheveux 2000 W","robots":{"index":"index","follow":"follow","max-snippet":"max-snippet:-1","max-image-preview":"max-image-preview:large","max-video-preview":"max-video-preview:-1"},"canonical":"https:\/\/vitablanca.ma\/ar\/product-2\/babylisspro-black-star-ionic-seche-cheveux-2000-w\/","og_locale":"ar_AR","og_type":"article","og_title":"BaBylissPro \u00ab Black Star Ionic \u00bb S\u00e8che- cheveux 2000 W - Maroc Prix","og_description":"BaBylissPro \u00ab Black Star Ionic \u00bb S\u00e8che- cheveux 2000 W","og_url":"https:\/\/vitablanca.ma\/ar\/product-2\/babylisspro-black-star-ionic-seche-cheveux-2000-w\/","og_site_name":"Vitablanca.ma &ndash; Sant&eacute;, vitalit&eacute; et bien-&ecirc;tre pour tous les Marocains","article_publisher":"https:\/\/www.facebook.com\/profile.php?id=61576678196717","article_modified_time":"2026-03-06T03:38:38+00:00","og_image":[{"width":1080,"height":1080,"url":"https:\/\/vitablanca.ma\/wp-content\/uploads\/2026\/03\/BaBylissPro_Black_Star_Ionic_Seche-_cheveux_2000_W_1.jpg","type":"image\/jpeg"}],"twitter_card":"summary_large_image","twitter_misc":{"\u0648\u0642\u062a \u0627\u0644\u0642\u0631\u0627\u0621\u0629 \u0627\u0644\u0645\u064f\u0642\u062f\u0651\u0631":"\u062f\u0642\u064a\u0642\u0629 \u0648\u0627\u062d\u062f\u0629"},"schema":{"@context":"https:\/\/schema.org","@graph":[{"@type":["WebPage","ItemPage"],"@id":"https:\/\/vitablanca.ma\/produit\/babylisspro-black-star-ionic-seche-cheveux-2000-w\/","url":"https:\/\/vitablanca.ma\/produit\/babylisspro-black-star-ionic-seche-cheveux-2000-w\/","name":"BaBylissPro \u00ab Black Star Ionic \u00bb S\u00e8che- cheveux 2000 W - Maroc Prix","isPartOf":{"@id":"https:\/\/vitablanca.ma\/#website"},"primaryImageOfPage":{"@id":"https:\/\/vitablanca.ma\/produit\/babylisspro-black-star-ionic-seche-cheveux-2000-w\/#primaryimage"},"image":{"@id":"https:\/\/vitablanca.ma\/produit\/babylisspro-black-star-ionic-seche-cheveux-2000-w\/#primaryimage"},"thumbnailUrl":"https:\/\/vitablanca.ma\/wp-content\/uploads\/2026\/03\/BaBylissPro_Black_Star_Ionic_Seche-_cheveux_2000_W_1.jpg","datePublished":"2026-03-04T03:43:00+00:00","dateModified":"2026-03-06T03:38:38+00:00","description":"BaBylissPro \u00ab Black Star Ionic \u00bb S\u00e8che- cheveux 2000 W","breadcrumb":{"@id":"https:\/\/vitablanca.ma\/produit\/babylisspro-black-star-ionic-seche-cheveux-2000-w\/#breadcrumb"},"inLanguage":"ar","potentialAction":[{"@type":"ReadAction","target":["https:\/\/vitablanca.ma\/produit\/babylisspro-black-star-ionic-seche-cheveux-2000-w\/"]}]},{"@type":"ImageObject","inLanguage":"ar","@id":"https:\/\/vitablanca.ma\/produit\/babylisspro-black-star-ionic-seche-cheveux-2000-w\/#primaryimage","url":"https:\/\/vitablanca.ma\/wp-content\/uploads\/2026\/03\/BaBylissPro_Black_Star_Ionic_Seche-_cheveux_2000_W_1.jpg","contentUrl":"https:\/\/vitablanca.ma\/wp-content\/uploads\/2026\/03\/BaBylissPro_Black_Star_Ionic_Seche-_cheveux_2000_W_1.jpg","width":1080,"height":1080},{"@type":"BreadcrumbList","@id":"https:\/\/vitablanca.ma\/produit\/babylisspro-black-star-ionic-seche-cheveux-2000-w\/#breadcrumb","itemListElement":[{"@type":"ListItem","position":1,"name":"Home","item":"https:\/\/vitablanca.ma\/"},{"@type":"ListItem","position":2,"name":"Tous Les Produits","item":"https:\/\/vitablanca.ma\/tous-les-produits\/"},{"@type":"ListItem","position":3,"name":"BaBylissPro \u00ab Black Star Ionic \u00bb S\u00e8che- cheveux 2000 W"}]},{"@type":"WebSite","@id":"https:\/\/vitablanca.ma\/#website","url":"https:\/\/vitablanca.ma\/","name":"VitaBlanca.ma | \u0627\u0644\u0645\u0643\u0645\u0644\u0627\u062a \u0627\u0644\u063a\u0630\u0627\u0626\u064a\u0629\u060c \u0627\u0644\u0635\u062d\u0629 \u0648\u0627\u0644\u062c\u0645\u0627\u0644 \u0641\u064a \u0627\u0644\u0645\u063a\u0631\u0628","description":"\u0646\u0628\u064a\u0639 \u0641\u064a\u062a\u0627\u0645\u064a\u0646\u0627\u062a \u0648\u0645\u0643\u0645\u0644\u0627\u062a \u063a\u0630\u0627\u0626\u064a\u0629 \u0641\u0627\u062e\u0631\u0629 \u0645\u0646 \u0627\u0644\u0648\u0644\u0627\u064a\u0627\u062a \u0627\u0644\u0645\u062a\u062d\u062f\u0629 \u0627\u0644\u0623\u0645\u0631\u064a\u0643\u064a\u0629 \u0648\u0643\u0646\u062f\u0627 \u0648\u0646\u064a\u0648\u0632\u064a\u0644\u0646\u062f\u0627 \u0648\u0627\u0644\u0645\u063a\u0631\u0628 (\u0646\u0627\u0648 \u0641\u0648\u062f\u0632\u060c \u0633\u0648\u0644\u062c\u0627\u0631\u060c \u0645\u0627\u0646\u0648\u0643\u0627). \u062a\u0648\u0635\u064a\u0644 \u0633\u0631\u064a\u0639 \u0625\u0644\u0649 \u062c\u0645\u064a\u0639 \u0623\u0646\u062d\u0627\u0621 \u0627\u0644\u0645\u063a\u0631\u0628.","publisher":{"@id":"https:\/\/vitablanca.ma\/#organization"},"alternateName":"VitaBlanca.ma","potentialAction":[{"@type":"SearchAction","target":{"@type":"EntryPoint","urlTemplate":"https:\/\/vitablanca.ma\/?s={search_term_string}"},"query-input":{"@type":"PropertyValueSpecification","valueRequired":true,"valueName":"search_term_string"}}],"inLanguage":"ar"},{"@type":"Organization","@id":"https:\/\/vitablanca.ma\/#organization","name":"\u0641\u064a\u062a\u0627\u0628\u0644\u0627\u0646\u0643\u0627","url":"https:\/\/vitablanca.ma\/","logo":{"@type":"ImageObject","inLanguage":"ar","@id":"https:\/\/vitablanca.ma\/#\/schema\/logo\/image\/","url":"https:\/\/vitablanca.ma\/wp-content\/uploads\/2025\/05\/cropped-vitablanca.png","contentUrl":"https:\/\/vitablanca.ma\/wp-content\/uploads\/2025\/05\/cropped-vitablanca.png","width":360,"height":67,"caption":"VitaBlanca"},"image":{"@id":"https:\/\/vitablanca.ma\/#\/schema\/logo\/image\/"},"sameAs":["https:\/\/www.facebook.com\/profile.php?id=61576678196717","https:\/\/www.tiktok.com\/@vitablanca.ma","https:\/\/www.instagram.com\/vitablanca.ma\/"]}]}},"jetpack_sharing_enabled":true,"_links":{"self":[{"href":"https:\/\/vitablanca.ma\/ar\/wp-json\/wp\/v2\/product\/33458","targetHints":{"allow":["GET"]}}],"collection":[{"href":"https:\/\/vitablanca.ma\/ar\/wp-json\/wp\/v2\/product"}],"about":[{"href":"https:\/\/vitablanca.ma\/ar\/wp-json\/wp\/v2\/types\/product"}],"wp:featuredmedia":[{"embeddable":true,"href":"https:\/\/vitablanca.ma\/ar\/wp-json\/wp\/v2\/media\/33453"}],"wp:attachment":[{"href":"https:\/\/vitablanca.ma\/ar\/wp-json\/wp\/v2\/media?parent=33458"}],"wp:term":[{"taxonomy":"product_brand","embeddable":true,"href":"https:\/\/vitablanca.ma\/ar\/wp-json\/wp\/v2\/product_brand?post=33458"},{"taxonomy":"product_cat","embeddable":true,"href":"https:\/\/vitablanca.ma\/ar\/wp-json\/wp\/v2\/product_cat?post=33458"},{"taxonomy":"product_tag","embeddable":true,"href":"https:\/\/vitablanca.ma\/ar\/wp-json\/wp\/v2\/product_tag?post=33458"}],"curies":[{"name":"wp","href":"https:\/\/api.w.org\/{rel}","templated":true}]}}