{"id":33192,"date":"2026-03-04T03:17:36","date_gmt":"2026-03-04T03:17:36","guid":{"rendered":"https:\/\/vitablanca.ma\/produit\/numbuzin-vitamin-glutathione-dark-spot-laser-cream-5-50ml\/"},"modified":"2026-03-11T01:17:57","modified_gmt":"2026-03-11T01:17:57","slug":"numbuzin-vitamin-glutathione-dark-spot-laser-cream-5-50ml","status":"publish","type":"product","link":"https:\/\/vitablanca.ma\/ar\/product-2\/numbuzin-vitamin-glutathione-dark-spot-laser-cream-5-50ml\/","title":{"rendered":"NUMBUZIN VITAMIN GLUTATHIONE DARK SPOT LASER CREAM 5+ \u2013 50ML"},"content":{"rendered":"<p class=\"MsoNormal\" style=\"margin-bottom: 15.0pt; line-height: normal; background: white;\"><b><span style=\"font-family: 'Arial','sans-serif'; color: black;\">D\u00e9couvrez NUMBUZIN VITAMIN GLUTATHIONE DARK SPOT LASER CREAM 5+ 50ml,<\/span><\/b><span style=\"font-family: 'Arial','sans-serif'; color: black;\"> Les taches brunes, qu\u2019elles soient dues \u00e0 l\u2019\u00e2ge, au soleil, ou aux cicatrices d\u2019acn\u00e9, peuvent affecter l\u2019uniformit\u00e9 de votre teint et votre confiance en vous. Vous r\u00eavez d\u2019une peau visiblement plus claire, unifi\u00e9e, et d\u2019un \u00e9clat retrouv\u00e9, sans avoir recours \u00e0 des traitements invasifs ? <\/span><\/p>\n<p class=\"MsoNormal\" style=\"margin-bottom: 15.0pt; line-height: normal; background: white;\"><span style=\"font-family: 'Arial','sans-serif'; color: black;\">La\u00a0<b>Numbuzin N\u00b05+ Vitamine Glutathion Dark Spot Laser Cream 5+ 50ML<\/b>\u00a0est la solution r\u00e9volutionnaire que votre peau attendait ! Cette cr\u00e8me offre une formule \u00e9claircissante puissante et renforce la barri\u00e8re cutan\u00e9e pour une peau \u00e9clatante et saine.<\/span><b><\/b><\/p>\n<p class=\"MsoNormal\" style=\"margin-bottom: 11.25pt; line-height: normal; background: white;\"><span style=\"font-family: 'Arial','sans-serif'; color: black;\">Numbuzin, expert en solutions de soin cibl\u00e9es, a con\u00e7u cette cr\u00e8me innovante pour agir en profondeur sur la pigmentation, tout en respectant et en prot\u00e9geant votre peau :<\/span><\/p>\n<ul style=\"margin-top: 0cm;\" type=\"disc\">\n<li class=\"MsoNormal\" style=\"color: #7a7a7a; margin-bottom: 11.25pt; line-height: normal; background: white;\"><b><span style=\"font-family: 'Arial','sans-serif'; color: black;\">Action Cibl\u00e9e sur la M\u00e9lanine : Une Peau Sans Taches.<\/span><\/b><span style=\"font-family: 'Arial','sans-serif'; color: black;\">\u00a0Au c\u0153ur de cette formule de pointe, une synergie d\u2019actifs puissants. Elle aide \u00e0\u00a0<b>inhiber les effets de la m\u00e9lanine<\/b>\u00a0gr\u00e2ce \u00e0 la m\u00e9lase et aux effets combin\u00e9s du\u00a0<b>glutathion<\/b>\u00a0et de la\u00a0<b>L-cyst\u00e9ine<\/b>. Ces ingr\u00e9dients travaillent ensemble pour\u00a0<b>r\u00e9duire l\u2019apparence des taches brunes<\/b>, ciblant la production excessive de pigment responsable de leur formation. Le r\u00e9sultat ? Un teint visiblement plus uniforme et des taches estomp\u00e9es.<\/span><\/li>\n<li class=\"MsoNormal\" style=\"color: #7a7a7a; margin-bottom: 11.25pt; line-height: normal; background: white;\"><b><span style=\"font-family: 'Arial','sans-serif'; color: black;\">R\u00e9paration et R\u00e9g\u00e9n\u00e9ration Cutan\u00e9e : Huit Facteurs de Croissance.<\/span><\/b><span style=\"font-family: 'Arial','sans-serif'; color: black;\">\u00a0Plus qu\u2019une simple cr\u00e8me \u00e9claircissante, cette formule contient\u00a0<b>huit facteurs de croissance<\/b>\u00a0qui jouent un r\u00f4le crucial dans la\u00a0<b>cicatrisation des peaux ab\u00eem\u00e9es<\/b>. Ces facteurs contribuent \u00e0 la r\u00e9g\u00e9n\u00e9ration cellulaire, aidant \u00e0 restaurer les tissus et \u00e0\u00a0<b>unifier l\u2019hyperpigmentation<\/b>\u00a0laiss\u00e9e par les imperfections pass\u00e9es. Votre peau retrouve sa texture lisse et unifi\u00e9e.<\/span><\/li>\n<li class=\"MsoNormal\" style=\"color: #7a7a7a; margin-bottom: 11.25pt; line-height: normal; background: white;\"><b><span style=\"font-family: 'Arial','sans-serif'; color: black;\">Renforcement de la Barri\u00e8re Cutan\u00e9e : Des Ingr\u00e9dients Doux et Protecteurs.<\/span><\/b><span style=\"font-family: 'Arial','sans-serif'; color: black;\">\u00a0Une peau saine commence par une barri\u00e8re cutan\u00e9e forte. Enrichie en\u00a0<b>ingr\u00e9dients doux pour la peau<\/b>\u00a0comme le\u00a0<b>c\u00e9ramide<\/b>, le\u00a0<b>panth\u00e9nol<\/b>\u00a0(Vitamine B5), et le\u00a0<b>b\u00eata-sitost\u00e9rol<\/b>, cette cr\u00e8me contribue \u00e0\u00a0<b>restaurer une barri\u00e8re cutan\u00e9e saine<\/b>. Ces composants essentiels aident \u00e0 maintenir l\u2019hydratation, \u00e0 prot\u00e9ger contre les agressions ext\u00e9rieures et \u00e0 apaiser la peau, la laissant souple, r\u00e9sistante et \u00e9clatante.<\/span><\/li>\n<\/ul>\n<p style=\"text-indent: -18.0pt; background: white; margin: 0cm 0cm 11.25pt 36.0pt;\"><!-- [if !supportLists]--><span style=\"font-size: 10.0pt; font-family: Symbol; color: #7a7a7a;\">\u00b7<span style=\"font: 7.0pt 'Times New Roman';\">\u00a0\u00a0\u00a0\u00a0\u00a0\u00a0 <\/span><\/span><!--[endif]--><strong><span style=\"font-size: 11.0pt; font-family: 'Arial','sans-serif'; color: black;\">Engagement \u00c9thique et Formulation Pure :<\/span><\/strong><span style=\"font-size: 11.0pt; font-family: 'Arial','sans-serif'; color: black;\">\u00a0Numbuzin s\u2019engage pour votre bien-\u00eatre et le respect de l\u2019environnement. Cette cr\u00e8me est\u00a0<strong><span style=\"font-family: 'Arial','sans-serif';\">non test\u00e9e sur les animaux<\/span><\/strong>, garantissant une approche \u00e9thique de la beaut\u00e9. De plus, elle est\u00a0<strong><span style=\"font-family: 'Arial','sans-serif';\">formul\u00e9e sans parfum artificiel ni huiles essentielles<\/span><\/strong>, minimisant ainsi les risques d\u2019irritation, m\u00eame pour les peaux les plus sensibles. C\u2019est la garantie d\u2019un soin pur, performant et respectueux.<\/span><\/p>\n<p style=\"background: white; text-align: start; margin: 0cm 0cm 11.25pt 0cm;\" data-sourcepos=\"17:3-18:393\"><strong><span style=\"font-size: 11.0pt; font-family: 'Arial','sans-serif'; color: black;\">Conseils d\u2019utilisation :<\/span><\/strong><\/p>\n<p style=\"background: white; text-align: start; margin: 0cm 0cm 11.25pt 0cm;\" data-sourcepos=\"17:3-18:393\"><span style=\"font-size: 11.0pt; font-family: 'Arial','sans-serif'; color: black;\">Utilisez cette cr\u00e8me deux fois par jour, matin et soir, apr\u00e8s avoir nettoy\u00e9 et tonifi\u00e9 votre visage, et appliqu\u00e9 votre s\u00e9rum si vous en utilisez un.<\/span><\/p>\n","protected":false},"excerpt":{"rendered":"<p>D\u00e9couvrez NUMBUZIN VITAMIN GLUTATHIONE DARK SPOT LASER CREAM 5+ 50ml, Les taches brunes, qu\u2019elles soient dues \u00e0 l\u2019\u00e2ge, au soleil, ou aux cicatrices d\u2019acn\u00e9, peuvent affecter l\u2019uniformit\u00e9 de votre teint et votre confiance en vous. Vous r\u00eavez d\u2019une peau visiblement plus claire, unifi\u00e9e, et d\u2019un \u00e9clat retrouv\u00e9, sans avoir recours \u00e0 des traitements invasifs ? [&hellip;]<\/p>\n","protected":false},"featured_media":33185,"template":"","meta":{"om_disable_all_campaigns":false},"product_brand":[],"product_cat":[18,15],"product_tag":[11836,11837,11839,6405,8965,11833,11840,11828,5863,11838],"class_list":{"0":"post-33192","1":"product","2":"type-product","3":"status-publish","4":"has-post-thumbnail","6":"product_cat-beaute-sante","7":"product_cat-beaute-sante-complements-alimentaires-soins-et-bien-etre-au-meilleur-prix","8":"product_tag-beauty-care","9":"product_tag-creme-anti-taches","10":"product_tag-dark-spot-remover","11":"product_tag-eclat-peau","12":"product_tag-glutathione","13":"product_tag-numbuzin","14":"product_tag-peau-uniforme","15":"product_tag-skincare","16":"product_tag-soin-visage","17":"product_tag-vitamin-cream","19":"first","20":"instock","21":"taxable","22":"shipping-taxable","23":"purchasable","24":"product-type-simple"},"yoast_head":"<!-- This site is optimized with the Yoast SEO plugin v27.5 - https:\/\/yoast.com\/product\/yoast-seo-wordpress\/ -->\n<title>NUMBUZIN VITAMIN GLUTATHIONE DARK SPOT - Maroc Prix<\/title>\n<meta name=\"description\" content=\"Cr\u00e8me Numbuzin 5+ \u00e0 la Vitamine et Glutathione 50ml pour r\u00e9duire les taches sombres, uniformiser le teint et illuminer la peau.\" \/>\n<meta name=\"robots\" content=\"index, follow, max-snippet:-1, max-image-preview:large, max-video-preview:-1\" \/>\n<link rel=\"canonical\" href=\"https:\/\/vitablanca.ma\/ar\/product-2\/numbuzin-vitamin-glutathione-dark-spot-laser-cream-5-50ml\/\" \/>\n<meta property=\"og:locale\" content=\"ar_AR\" \/>\n<meta property=\"og:type\" content=\"article\" \/>\n<meta property=\"og:title\" content=\"NUMBUZIN VITAMIN GLUTATHIONE DARK SPOT - Maroc Prix\" \/>\n<meta property=\"og:description\" content=\"Cr\u00e8me Numbuzin 5+ \u00e0 la Vitamine et Glutathione 50ml pour r\u00e9duire les taches sombres, uniformiser le teint et illuminer la peau.\" \/>\n<meta property=\"og:url\" content=\"https:\/\/vitablanca.ma\/ar\/product-2\/numbuzin-vitamin-glutathione-dark-spot-laser-cream-5-50ml\/\" \/>\n<meta property=\"og:site_name\" content=\"Vitablanca.ma &ndash; Sant&eacute;, vitalit&eacute; et bien-&ecirc;tre pour tous les Marocains\" \/>\n<meta property=\"article:publisher\" content=\"https:\/\/www.facebook.com\/profile.php?id=61576678196717\" \/>\n<meta property=\"article:modified_time\" content=\"2026-03-11T01:17:57+00:00\" \/>\n<meta property=\"og:image\" content=\"https:\/\/vitablanca.ma\/wp-content\/uploads\/2026\/03\/NUMBUZINVITAMINGLUTATHIONEDARKSPOTLASERCREAM5_50ML4.jpg\" \/>\n\t<meta property=\"og:image:width\" content=\"1080\" \/>\n\t<meta property=\"og:image:height\" content=\"1080\" \/>\n\t<meta property=\"og:image:type\" content=\"image\/jpeg\" \/>\n<meta name=\"twitter:card\" content=\"summary_large_image\" \/>\n<meta name=\"twitter:label1\" content=\"\u0648\u0642\u062a \u0627\u0644\u0642\u0631\u0627\u0621\u0629 \u0627\u0644\u0645\u064f\u0642\u062f\u0651\u0631\" \/>\n\t<meta name=\"twitter:data1\" content=\"3 \u062f\u0642\u0627\u0626\u0642\" \/>\n<script type=\"application\/ld+json\" class=\"yoast-schema-graph\">{\"@context\":\"https:\\\/\\\/schema.org\",\"@graph\":[{\"@type\":[\"WebPage\",\"ItemPage\"],\"@id\":\"https:\\\/\\\/vitablanca.ma\\\/produit\\\/numbuzin-vitamin-glutathione-dark-spot-laser-cream-5-50ml\\\/\",\"url\":\"https:\\\/\\\/vitablanca.ma\\\/produit\\\/numbuzin-vitamin-glutathione-dark-spot-laser-cream-5-50ml\\\/\",\"name\":\"NUMBUZIN VITAMIN GLUTATHIONE DARK SPOT - Maroc Prix\",\"isPartOf\":{\"@id\":\"https:\\\/\\\/vitablanca.ma\\\/#website\"},\"primaryImageOfPage\":{\"@id\":\"https:\\\/\\\/vitablanca.ma\\\/produit\\\/numbuzin-vitamin-glutathione-dark-spot-laser-cream-5-50ml\\\/#primaryimage\"},\"image\":{\"@id\":\"https:\\\/\\\/vitablanca.ma\\\/produit\\\/numbuzin-vitamin-glutathione-dark-spot-laser-cream-5-50ml\\\/#primaryimage\"},\"thumbnailUrl\":\"https:\\\/\\\/vitablanca.ma\\\/wp-content\\\/uploads\\\/2026\\\/03\\\/NUMBUZINVITAMINGLUTATHIONEDARKSPOTLASERCREAM5_50ML4.jpg\",\"datePublished\":\"2026-03-04T03:17:36+00:00\",\"dateModified\":\"2026-03-11T01:17:57+00:00\",\"description\":\"Cr\u00e8me Numbuzin 5+ \u00e0 la Vitamine et Glutathione 50ml pour r\u00e9duire les taches sombres, uniformiser le teint et illuminer la peau.\",\"breadcrumb\":{\"@id\":\"https:\\\/\\\/vitablanca.ma\\\/produit\\\/numbuzin-vitamin-glutathione-dark-spot-laser-cream-5-50ml\\\/#breadcrumb\"},\"inLanguage\":\"ar\",\"potentialAction\":[{\"@type\":\"ReadAction\",\"target\":[\"https:\\\/\\\/vitablanca.ma\\\/produit\\\/numbuzin-vitamin-glutathione-dark-spot-laser-cream-5-50ml\\\/\"]}]},{\"@type\":\"ImageObject\",\"inLanguage\":\"ar\",\"@id\":\"https:\\\/\\\/vitablanca.ma\\\/produit\\\/numbuzin-vitamin-glutathione-dark-spot-laser-cream-5-50ml\\\/#primaryimage\",\"url\":\"https:\\\/\\\/vitablanca.ma\\\/wp-content\\\/uploads\\\/2026\\\/03\\\/NUMBUZINVITAMINGLUTATHIONEDARKSPOTLASERCREAM5_50ML4.jpg\",\"contentUrl\":\"https:\\\/\\\/vitablanca.ma\\\/wp-content\\\/uploads\\\/2026\\\/03\\\/NUMBUZINVITAMINGLUTATHIONEDARKSPOTLASERCREAM5_50ML4.jpg\",\"width\":1080,\"height\":1080},{\"@type\":\"BreadcrumbList\",\"@id\":\"https:\\\/\\\/vitablanca.ma\\\/produit\\\/numbuzin-vitamin-glutathione-dark-spot-laser-cream-5-50ml\\\/#breadcrumb\",\"itemListElement\":[{\"@type\":\"ListItem\",\"position\":1,\"name\":\"Home\",\"item\":\"https:\\\/\\\/vitablanca.ma\\\/\"},{\"@type\":\"ListItem\",\"position\":2,\"name\":\"Tous Les Produits\",\"item\":\"https:\\\/\\\/vitablanca.ma\\\/tous-les-produits\\\/\"},{\"@type\":\"ListItem\",\"position\":3,\"name\":\"NUMBUZIN VITAMIN GLUTATHIONE DARK SPOT LASER CREAM 5+ \u2013 50ML\"}]},{\"@type\":\"WebSite\",\"@id\":\"https:\\\/\\\/vitablanca.ma\\\/#website\",\"url\":\"https:\\\/\\\/vitablanca.ma\\\/\",\"name\":\"VitaBlanca.ma | Compl\u00e9ments alimentaires, sant\u00e9 & beaut\u00e9 au Maroc\",\"description\":\"vendre vitamines et compl\u00e9ments premium des USA &amp; Canada, Nouvelle Z\u00e9lande,Maroc (NOW Foods, Solgar, Manuka). Livraison rapide partout au Maroc.\",\"publisher\":{\"@id\":\"https:\\\/\\\/vitablanca.ma\\\/#organization\"},\"alternateName\":\"VitaBlanca.ma\",\"potentialAction\":[{\"@type\":\"SearchAction\",\"target\":{\"@type\":\"EntryPoint\",\"urlTemplate\":\"https:\\\/\\\/vitablanca.ma\\\/?s={search_term_string}\"},\"query-input\":{\"@type\":\"PropertyValueSpecification\",\"valueRequired\":true,\"valueName\":\"search_term_string\"}}],\"inLanguage\":\"ar\"},{\"@type\":\"Organization\",\"@id\":\"https:\\\/\\\/vitablanca.ma\\\/#organization\",\"name\":\"VitaBlanca\",\"url\":\"https:\\\/\\\/vitablanca.ma\\\/\",\"logo\":{\"@type\":\"ImageObject\",\"inLanguage\":\"ar\",\"@id\":\"https:\\\/\\\/vitablanca.ma\\\/#\\\/schema\\\/logo\\\/image\\\/\",\"url\":\"https:\\\/\\\/vitablanca.ma\\\/wp-content\\\/uploads\\\/2025\\\/05\\\/cropped-vitablanca.png\",\"contentUrl\":\"https:\\\/\\\/vitablanca.ma\\\/wp-content\\\/uploads\\\/2025\\\/05\\\/cropped-vitablanca.png\",\"width\":360,\"height\":67,\"caption\":\"VitaBlanca\"},\"image\":{\"@id\":\"https:\\\/\\\/vitablanca.ma\\\/#\\\/schema\\\/logo\\\/image\\\/\"},\"sameAs\":[\"https:\\\/\\\/www.facebook.com\\\/profile.php?id=61576678196717\",\"https:\\\/\\\/www.tiktok.com\\\/@vitablanca.ma\",\"https:\\\/\\\/www.instagram.com\\\/vitablanca.ma\\\/\"]}]}<\/script>\n<!-- \/ Yoast SEO plugin. -->","yoast_head_json":{"title":"NUMBUZIN VITAMIN GLUTATHIONE DARK SPOT - Maroc Prix","description":"Cr\u00e8me Numbuzin 5+ \u00e0 la Vitamine et Glutathione 50ml pour r\u00e9duire les taches sombres, uniformiser le teint et illuminer la peau.","robots":{"index":"index","follow":"follow","max-snippet":"max-snippet:-1","max-image-preview":"max-image-preview:large","max-video-preview":"max-video-preview:-1"},"canonical":"https:\/\/vitablanca.ma\/ar\/product-2\/numbuzin-vitamin-glutathione-dark-spot-laser-cream-5-50ml\/","og_locale":"ar_AR","og_type":"article","og_title":"NUMBUZIN VITAMIN GLUTATHIONE DARK SPOT - Maroc Prix","og_description":"Cr\u00e8me Numbuzin 5+ \u00e0 la Vitamine et Glutathione 50ml pour r\u00e9duire les taches sombres, uniformiser le teint et illuminer la peau.","og_url":"https:\/\/vitablanca.ma\/ar\/product-2\/numbuzin-vitamin-glutathione-dark-spot-laser-cream-5-50ml\/","og_site_name":"Vitablanca.ma &ndash; Sant&eacute;, vitalit&eacute; et bien-&ecirc;tre pour tous les Marocains","article_publisher":"https:\/\/www.facebook.com\/profile.php?id=61576678196717","article_modified_time":"2026-03-11T01:17:57+00:00","og_image":[{"width":1080,"height":1080,"url":"https:\/\/vitablanca.ma\/wp-content\/uploads\/2026\/03\/NUMBUZINVITAMINGLUTATHIONEDARKSPOTLASERCREAM5_50ML4.jpg","type":"image\/jpeg"}],"twitter_card":"summary_large_image","twitter_misc":{"\u0648\u0642\u062a \u0627\u0644\u0642\u0631\u0627\u0621\u0629 \u0627\u0644\u0645\u064f\u0642\u062f\u0651\u0631":"3 \u062f\u0642\u0627\u0626\u0642"},"schema":{"@context":"https:\/\/schema.org","@graph":[{"@type":["WebPage","ItemPage"],"@id":"https:\/\/vitablanca.ma\/produit\/numbuzin-vitamin-glutathione-dark-spot-laser-cream-5-50ml\/","url":"https:\/\/vitablanca.ma\/produit\/numbuzin-vitamin-glutathione-dark-spot-laser-cream-5-50ml\/","name":"NUMBUZIN VITAMIN GLUTATHIONE DARK SPOT - Maroc Prix","isPartOf":{"@id":"https:\/\/vitablanca.ma\/#website"},"primaryImageOfPage":{"@id":"https:\/\/vitablanca.ma\/produit\/numbuzin-vitamin-glutathione-dark-spot-laser-cream-5-50ml\/#primaryimage"},"image":{"@id":"https:\/\/vitablanca.ma\/produit\/numbuzin-vitamin-glutathione-dark-spot-laser-cream-5-50ml\/#primaryimage"},"thumbnailUrl":"https:\/\/vitablanca.ma\/wp-content\/uploads\/2026\/03\/NUMBUZINVITAMINGLUTATHIONEDARKSPOTLASERCREAM5_50ML4.jpg","datePublished":"2026-03-04T03:17:36+00:00","dateModified":"2026-03-11T01:17:57+00:00","description":"Cr\u00e8me Numbuzin 5+ \u00e0 la Vitamine et Glutathione 50ml pour r\u00e9duire les taches sombres, uniformiser le teint et illuminer la peau.","breadcrumb":{"@id":"https:\/\/vitablanca.ma\/produit\/numbuzin-vitamin-glutathione-dark-spot-laser-cream-5-50ml\/#breadcrumb"},"inLanguage":"ar","potentialAction":[{"@type":"ReadAction","target":["https:\/\/vitablanca.ma\/produit\/numbuzin-vitamin-glutathione-dark-spot-laser-cream-5-50ml\/"]}]},{"@type":"ImageObject","inLanguage":"ar","@id":"https:\/\/vitablanca.ma\/produit\/numbuzin-vitamin-glutathione-dark-spot-laser-cream-5-50ml\/#primaryimage","url":"https:\/\/vitablanca.ma\/wp-content\/uploads\/2026\/03\/NUMBUZINVITAMINGLUTATHIONEDARKSPOTLASERCREAM5_50ML4.jpg","contentUrl":"https:\/\/vitablanca.ma\/wp-content\/uploads\/2026\/03\/NUMBUZINVITAMINGLUTATHIONEDARKSPOTLASERCREAM5_50ML4.jpg","width":1080,"height":1080},{"@type":"BreadcrumbList","@id":"https:\/\/vitablanca.ma\/produit\/numbuzin-vitamin-glutathione-dark-spot-laser-cream-5-50ml\/#breadcrumb","itemListElement":[{"@type":"ListItem","position":1,"name":"Home","item":"https:\/\/vitablanca.ma\/"},{"@type":"ListItem","position":2,"name":"Tous Les Produits","item":"https:\/\/vitablanca.ma\/tous-les-produits\/"},{"@type":"ListItem","position":3,"name":"NUMBUZIN VITAMIN GLUTATHIONE DARK SPOT LASER CREAM 5+ \u2013 50ML"}]},{"@type":"WebSite","@id":"https:\/\/vitablanca.ma\/#website","url":"https:\/\/vitablanca.ma\/","name":"VitaBlanca.ma | \u0627\u0644\u0645\u0643\u0645\u0644\u0627\u062a \u0627\u0644\u063a\u0630\u0627\u0626\u064a\u0629\u060c \u0627\u0644\u0635\u062d\u0629 \u0648\u0627\u0644\u062c\u0645\u0627\u0644 \u0641\u064a \u0627\u0644\u0645\u063a\u0631\u0628","description":"\u0646\u0628\u064a\u0639 \u0641\u064a\u062a\u0627\u0645\u064a\u0646\u0627\u062a \u0648\u0645\u0643\u0645\u0644\u0627\u062a \u063a\u0630\u0627\u0626\u064a\u0629 \u0641\u0627\u062e\u0631\u0629 \u0645\u0646 \u0627\u0644\u0648\u0644\u0627\u064a\u0627\u062a \u0627\u0644\u0645\u062a\u062d\u062f\u0629 \u0627\u0644\u0623\u0645\u0631\u064a\u0643\u064a\u0629 \u0648\u0643\u0646\u062f\u0627 \u0648\u0646\u064a\u0648\u0632\u064a\u0644\u0646\u062f\u0627 \u0648\u0627\u0644\u0645\u063a\u0631\u0628 (\u0646\u0627\u0648 \u0641\u0648\u062f\u0632\u060c \u0633\u0648\u0644\u062c\u0627\u0631\u060c \u0645\u0627\u0646\u0648\u0643\u0627). \u062a\u0648\u0635\u064a\u0644 \u0633\u0631\u064a\u0639 \u0625\u0644\u0649 \u062c\u0645\u064a\u0639 \u0623\u0646\u062d\u0627\u0621 \u0627\u0644\u0645\u063a\u0631\u0628.","publisher":{"@id":"https:\/\/vitablanca.ma\/#organization"},"alternateName":"VitaBlanca.ma","potentialAction":[{"@type":"SearchAction","target":{"@type":"EntryPoint","urlTemplate":"https:\/\/vitablanca.ma\/?s={search_term_string}"},"query-input":{"@type":"PropertyValueSpecification","valueRequired":true,"valueName":"search_term_string"}}],"inLanguage":"ar"},{"@type":"Organization","@id":"https:\/\/vitablanca.ma\/#organization","name":"\u0641\u064a\u062a\u0627\u0628\u0644\u0627\u0646\u0643\u0627","url":"https:\/\/vitablanca.ma\/","logo":{"@type":"ImageObject","inLanguage":"ar","@id":"https:\/\/vitablanca.ma\/#\/schema\/logo\/image\/","url":"https:\/\/vitablanca.ma\/wp-content\/uploads\/2025\/05\/cropped-vitablanca.png","contentUrl":"https:\/\/vitablanca.ma\/wp-content\/uploads\/2025\/05\/cropped-vitablanca.png","width":360,"height":67,"caption":"VitaBlanca"},"image":{"@id":"https:\/\/vitablanca.ma\/#\/schema\/logo\/image\/"},"sameAs":["https:\/\/www.facebook.com\/profile.php?id=61576678196717","https:\/\/www.tiktok.com\/@vitablanca.ma","https:\/\/www.instagram.com\/vitablanca.ma\/"]}]}},"jetpack_sharing_enabled":true,"_links":{"self":[{"href":"https:\/\/vitablanca.ma\/ar\/wp-json\/wp\/v2\/product\/33192","targetHints":{"allow":["GET"]}}],"collection":[{"href":"https:\/\/vitablanca.ma\/ar\/wp-json\/wp\/v2\/product"}],"about":[{"href":"https:\/\/vitablanca.ma\/ar\/wp-json\/wp\/v2\/types\/product"}],"wp:featuredmedia":[{"embeddable":true,"href":"https:\/\/vitablanca.ma\/ar\/wp-json\/wp\/v2\/media\/33185"}],"wp:attachment":[{"href":"https:\/\/vitablanca.ma\/ar\/wp-json\/wp\/v2\/media?parent=33192"}],"wp:term":[{"taxonomy":"product_brand","embeddable":true,"href":"https:\/\/vitablanca.ma\/ar\/wp-json\/wp\/v2\/product_brand?post=33192"},{"taxonomy":"product_cat","embeddable":true,"href":"https:\/\/vitablanca.ma\/ar\/wp-json\/wp\/v2\/product_cat?post=33192"},{"taxonomy":"product_tag","embeddable":true,"href":"https:\/\/vitablanca.ma\/ar\/wp-json\/wp\/v2\/product_tag?post=33192"}],"curies":[{"name":"wp","href":"https:\/\/api.w.org\/{rel}","templated":true}]}}