{"id":33158,"date":"2026-03-04T03:06:50","date_gmt":"2026-03-04T03:06:50","guid":{"rendered":"https:\/\/vitablanca.ma\/produit\/cocomoca-lissage-bresilien-protein-1l\/"},"modified":"2026-03-06T03:38:45","modified_gmt":"2026-03-06T03:38:45","slug":"cocomoca-lissage-bresilien-protein-1l","status":"publish","type":"product","link":"https:\/\/vitablanca.ma\/ar\/product-2\/cocomoca-lissage-bresilien-protein-1l\/","title":{"rendered":"CocoMoca Lissage Br\u00e9silien Protein 1L"},"content":{"rendered":"<p><span>D\u00e9couvrez notre produit de traitement capillaire r\u00e9volutionnaire CocoMoca qui favorise une puissante action anti-frisottis,infus\u00e9 avec des prot\u00e9ines nourrissantes, \u00e0 base d&rsquo;huile de noix de coco hydratante et l&rsquo;\u00e9nergie revitalisante du caf\u00e9 vert.<\/span><\/p>\n<p><span>Notre formule unique combine ces ingr\u00e9dients puissants pour offrir une exp\u00e9rience capillaire exceptionnelle. Les prot\u00e9ines renforcent chaque m\u00e8che de cheveux, les rendant plus r\u00e9sistants et plus sains, tandis que l&rsquo;huile de noix de coco apporte une hydratation intense, r\u00e9v\u00e9lant une douceur soyeuse.<\/span><\/p>\n<p><span>La formule de ce produit contient du caf\u00e9 vert, qui contient de puissants antioxydants qui prot\u00e8gent les cheveux des dommages et favorisent leur croissance saine. Il contient \u00e9galement des prot\u00e9ines de bl\u00e9, qui contiennent les acides amin\u00e9s n\u00e9cessaires pour am\u00e9liorer la sant\u00e9 des cheveux et les prot\u00e9ger des dommages et des rides.<\/span><\/p>\n<p><span>Le Coco Moca Beauty Cocktail contient \u00e9galement de la s\u00e9ricine, une prot\u00e9ine naturelle qui aide \u00e0 restaurer les cheveux ab\u00eem\u00e9s et les nourrit des \u00e9l\u00e9ments n\u00e9cessaires \u00e0 leur sant\u00e9. Il contient \u00e9galement de l&rsquo;huile de macadamia et de l&rsquo;huile de noix de coco, qui aident \u00e0 nourrir et \u00e0 hydrater les cheveux, et aident \u00e0 r\u00e9duire les frisottis.<\/span><\/p>","protected":false},"excerpt":{"rendered":"<p>D\u00e9couvrez notre produit de traitement capillaire r\u00e9volutionnaire CocoMoca qui favorise une puissante action anti-frisottis,infus\u00e9 avec des prot\u00e9ines nourrissantes, \u00e0 base d&rsquo;huile de noix de coco hydratante et l&rsquo;\u00e9nergie revitalisante du caf\u00e9 vert. Notre formule unique combine ces ingr\u00e9dients puissants pour offrir une exp\u00e9rience capillaire exceptionnelle. Les prot\u00e9ines renforcent chaque m\u00e8che de cheveux, les rendant plus [&hellip;]<\/p>\n","protected":false},"featured_media":33155,"template":"","meta":{"om_disable_all_campaigns":false},"product_brand":[],"product_cat":[18,15],"product_tag":[],"class_list":{"0":"post-33158","1":"product","2":"type-product","3":"status-publish","4":"has-post-thumbnail","6":"product_cat-beaute-sante","7":"product_cat-beaute-sante-complements-alimentaires-soins-et-bien-etre-au-meilleur-prix","9":"first","10":"instock","11":"sale","12":"taxable","13":"shipping-taxable","14":"purchasable","15":"product-type-simple"},"yoast_head":"<!-- This site is optimized with the Yoast SEO plugin v27.3 - https:\/\/yoast.com\/product\/yoast-seo-wordpress\/ -->\n<title>CocoMoca Lissage Br\u00e9silien Protein 1L - Maroc Prix<\/title>\n<meta name=\"description\" content=\"CocoMoca Lissage Br\u00e9silien Protein 1L\" \/>\n<meta name=\"robots\" content=\"index, follow, max-snippet:-1, max-image-preview:large, max-video-preview:-1\" \/>\n<link rel=\"canonical\" href=\"https:\/\/vitablanca.ma\/ar\/product-2\/cocomoca-lissage-bresilien-protein-1l\/\" \/>\n<meta property=\"og:locale\" content=\"ar_AR\" \/>\n<meta property=\"og:type\" content=\"article\" \/>\n<meta property=\"og:title\" content=\"CocoMoca Lissage Br\u00e9silien Protein 1L - Maroc Prix\" \/>\n<meta property=\"og:description\" content=\"CocoMoca Lissage Br\u00e9silien Protein 1L\" \/>\n<meta property=\"og:url\" content=\"https:\/\/vitablanca.ma\/ar\/product-2\/cocomoca-lissage-bresilien-protein-1l\/\" \/>\n<meta property=\"og:site_name\" content=\"Vitablanca.ma &ndash; Sant&eacute;, vitalit&eacute; et bien-&ecirc;tre pour tous les Marocains\" \/>\n<meta property=\"article:publisher\" content=\"https:\/\/www.facebook.com\/profile.php?id=61576678196717\" \/>\n<meta property=\"article:modified_time\" content=\"2026-03-06T03:38:45+00:00\" \/>\n<meta property=\"og:image\" content=\"https:\/\/vitablanca.ma\/wp-content\/uploads\/2026\/03\/CocoMoca-Lissage.jpg\" \/>\n\t<meta property=\"og:image:width\" content=\"700\" \/>\n\t<meta property=\"og:image:height\" content=\"800\" \/>\n\t<meta property=\"og:image:type\" content=\"image\/jpeg\" \/>\n<meta name=\"twitter:card\" content=\"summary_large_image\" \/>\n<meta name=\"twitter:label1\" content=\"\u0648\u0642\u062a \u0627\u0644\u0642\u0631\u0627\u0621\u0629 \u0627\u0644\u0645\u064f\u0642\u062f\u0651\u0631\" \/>\n\t<meta name=\"twitter:data1\" content=\"\u062f\u0642\u064a\u0642\u0629 \u0648\u0627\u062d\u062f\u0629\" \/>\n<script type=\"application\/ld+json\" class=\"yoast-schema-graph\">{\"@context\":\"https:\\\/\\\/schema.org\",\"@graph\":[{\"@type\":[\"WebPage\",\"ItemPage\"],\"@id\":\"https:\\\/\\\/vitablanca.ma\\\/produit\\\/cocomoca-lissage-bresilien-protein-1l\\\/\",\"url\":\"https:\\\/\\\/vitablanca.ma\\\/produit\\\/cocomoca-lissage-bresilien-protein-1l\\\/\",\"name\":\"CocoMoca Lissage Br\u00e9silien Protein 1L - Maroc Prix\",\"isPartOf\":{\"@id\":\"https:\\\/\\\/vitablanca.ma\\\/#website\"},\"primaryImageOfPage\":{\"@id\":\"https:\\\/\\\/vitablanca.ma\\\/produit\\\/cocomoca-lissage-bresilien-protein-1l\\\/#primaryimage\"},\"image\":{\"@id\":\"https:\\\/\\\/vitablanca.ma\\\/produit\\\/cocomoca-lissage-bresilien-protein-1l\\\/#primaryimage\"},\"thumbnailUrl\":\"https:\\\/\\\/vitablanca.ma\\\/wp-content\\\/uploads\\\/2026\\\/03\\\/CocoMoca-Lissage.jpg\",\"datePublished\":\"2026-03-04T03:06:50+00:00\",\"dateModified\":\"2026-03-06T03:38:45+00:00\",\"description\":\"CocoMoca Lissage Br\u00e9silien Protein 1L\",\"breadcrumb\":{\"@id\":\"https:\\\/\\\/vitablanca.ma\\\/produit\\\/cocomoca-lissage-bresilien-protein-1l\\\/#breadcrumb\"},\"inLanguage\":\"ar\",\"potentialAction\":[{\"@type\":\"ReadAction\",\"target\":[\"https:\\\/\\\/vitablanca.ma\\\/produit\\\/cocomoca-lissage-bresilien-protein-1l\\\/\"]}]},{\"@type\":\"ImageObject\",\"inLanguage\":\"ar\",\"@id\":\"https:\\\/\\\/vitablanca.ma\\\/produit\\\/cocomoca-lissage-bresilien-protein-1l\\\/#primaryimage\",\"url\":\"https:\\\/\\\/vitablanca.ma\\\/wp-content\\\/uploads\\\/2026\\\/03\\\/CocoMoca-Lissage.jpg\",\"contentUrl\":\"https:\\\/\\\/vitablanca.ma\\\/wp-content\\\/uploads\\\/2026\\\/03\\\/CocoMoca-Lissage.jpg\",\"width\":700,\"height\":800},{\"@type\":\"BreadcrumbList\",\"@id\":\"https:\\\/\\\/vitablanca.ma\\\/produit\\\/cocomoca-lissage-bresilien-protein-1l\\\/#breadcrumb\",\"itemListElement\":[{\"@type\":\"ListItem\",\"position\":1,\"name\":\"Home\",\"item\":\"https:\\\/\\\/vitablanca.ma\\\/\"},{\"@type\":\"ListItem\",\"position\":2,\"name\":\"Tous Les Produits\",\"item\":\"https:\\\/\\\/vitablanca.ma\\\/tous-les-produits\\\/\"},{\"@type\":\"ListItem\",\"position\":3,\"name\":\"CocoMoca Lissage Br\u00e9silien Protein 1L\"}]},{\"@type\":\"WebSite\",\"@id\":\"https:\\\/\\\/vitablanca.ma\\\/#website\",\"url\":\"https:\\\/\\\/vitablanca.ma\\\/\",\"name\":\"VitaBlanca.ma | Compl\u00e9ments alimentaires, sant\u00e9 & beaut\u00e9 au Maroc\",\"description\":\"vendre vitamines et compl\u00e9ments premium des USA &amp; Canada, Nouvelle Z\u00e9lande,Maroc (NOW Foods, Solgar, Manuka). Livraison rapide partout au Maroc.\",\"publisher\":{\"@id\":\"https:\\\/\\\/vitablanca.ma\\\/#organization\"},\"alternateName\":\"VitaBlanca.ma\",\"potentialAction\":[{\"@type\":\"SearchAction\",\"target\":{\"@type\":\"EntryPoint\",\"urlTemplate\":\"https:\\\/\\\/vitablanca.ma\\\/?s={search_term_string}\"},\"query-input\":{\"@type\":\"PropertyValueSpecification\",\"valueRequired\":true,\"valueName\":\"search_term_string\"}}],\"inLanguage\":\"ar\"},{\"@type\":\"Organization\",\"@id\":\"https:\\\/\\\/vitablanca.ma\\\/#organization\",\"name\":\"VitaBlanca\",\"url\":\"https:\\\/\\\/vitablanca.ma\\\/\",\"logo\":{\"@type\":\"ImageObject\",\"inLanguage\":\"ar\",\"@id\":\"https:\\\/\\\/vitablanca.ma\\\/#\\\/schema\\\/logo\\\/image\\\/\",\"url\":\"https:\\\/\\\/vitablanca.ma\\\/wp-content\\\/uploads\\\/2025\\\/05\\\/cropped-vitablanca.png\",\"contentUrl\":\"https:\\\/\\\/vitablanca.ma\\\/wp-content\\\/uploads\\\/2025\\\/05\\\/cropped-vitablanca.png\",\"width\":360,\"height\":67,\"caption\":\"VitaBlanca\"},\"image\":{\"@id\":\"https:\\\/\\\/vitablanca.ma\\\/#\\\/schema\\\/logo\\\/image\\\/\"},\"sameAs\":[\"https:\\\/\\\/www.facebook.com\\\/profile.php?id=61576678196717\",\"https:\\\/\\\/www.tiktok.com\\\/@vitablanca.ma\",\"https:\\\/\\\/www.instagram.com\\\/vitablanca.ma\\\/\"]}]}<\/script>\n<!-- \/ Yoast SEO plugin. -->","yoast_head_json":{"title":"CocoMoca Lissage Br\u00e9silien Protein 1L - Maroc Prix","description":"CocoMoca Lissage Br\u00e9silien Protein 1L","robots":{"index":"index","follow":"follow","max-snippet":"max-snippet:-1","max-image-preview":"max-image-preview:large","max-video-preview":"max-video-preview:-1"},"canonical":"https:\/\/vitablanca.ma\/ar\/product-2\/cocomoca-lissage-bresilien-protein-1l\/","og_locale":"ar_AR","og_type":"article","og_title":"CocoMoca Lissage Br\u00e9silien Protein 1L - Maroc Prix","og_description":"CocoMoca Lissage Br\u00e9silien Protein 1L","og_url":"https:\/\/vitablanca.ma\/ar\/product-2\/cocomoca-lissage-bresilien-protein-1l\/","og_site_name":"Vitablanca.ma &ndash; Sant&eacute;, vitalit&eacute; et bien-&ecirc;tre pour tous les Marocains","article_publisher":"https:\/\/www.facebook.com\/profile.php?id=61576678196717","article_modified_time":"2026-03-06T03:38:45+00:00","og_image":[{"width":700,"height":800,"url":"https:\/\/vitablanca.ma\/wp-content\/uploads\/2026\/03\/CocoMoca-Lissage.jpg","type":"image\/jpeg"}],"twitter_card":"summary_large_image","twitter_misc":{"\u0648\u0642\u062a \u0627\u0644\u0642\u0631\u0627\u0621\u0629 \u0627\u0644\u0645\u064f\u0642\u062f\u0651\u0631":"\u062f\u0642\u064a\u0642\u0629 \u0648\u0627\u062d\u062f\u0629"},"schema":{"@context":"https:\/\/schema.org","@graph":[{"@type":["WebPage","ItemPage"],"@id":"https:\/\/vitablanca.ma\/produit\/cocomoca-lissage-bresilien-protein-1l\/","url":"https:\/\/vitablanca.ma\/produit\/cocomoca-lissage-bresilien-protein-1l\/","name":"CocoMoca Lissage Br\u00e9silien Protein 1L - Maroc Prix","isPartOf":{"@id":"https:\/\/vitablanca.ma\/#website"},"primaryImageOfPage":{"@id":"https:\/\/vitablanca.ma\/produit\/cocomoca-lissage-bresilien-protein-1l\/#primaryimage"},"image":{"@id":"https:\/\/vitablanca.ma\/produit\/cocomoca-lissage-bresilien-protein-1l\/#primaryimage"},"thumbnailUrl":"https:\/\/vitablanca.ma\/wp-content\/uploads\/2026\/03\/CocoMoca-Lissage.jpg","datePublished":"2026-03-04T03:06:50+00:00","dateModified":"2026-03-06T03:38:45+00:00","description":"CocoMoca Lissage Br\u00e9silien Protein 1L","breadcrumb":{"@id":"https:\/\/vitablanca.ma\/produit\/cocomoca-lissage-bresilien-protein-1l\/#breadcrumb"},"inLanguage":"ar","potentialAction":[{"@type":"ReadAction","target":["https:\/\/vitablanca.ma\/produit\/cocomoca-lissage-bresilien-protein-1l\/"]}]},{"@type":"ImageObject","inLanguage":"ar","@id":"https:\/\/vitablanca.ma\/produit\/cocomoca-lissage-bresilien-protein-1l\/#primaryimage","url":"https:\/\/vitablanca.ma\/wp-content\/uploads\/2026\/03\/CocoMoca-Lissage.jpg","contentUrl":"https:\/\/vitablanca.ma\/wp-content\/uploads\/2026\/03\/CocoMoca-Lissage.jpg","width":700,"height":800},{"@type":"BreadcrumbList","@id":"https:\/\/vitablanca.ma\/produit\/cocomoca-lissage-bresilien-protein-1l\/#breadcrumb","itemListElement":[{"@type":"ListItem","position":1,"name":"Home","item":"https:\/\/vitablanca.ma\/"},{"@type":"ListItem","position":2,"name":"Tous Les Produits","item":"https:\/\/vitablanca.ma\/tous-les-produits\/"},{"@type":"ListItem","position":3,"name":"CocoMoca Lissage Br\u00e9silien Protein 1L"}]},{"@type":"WebSite","@id":"https:\/\/vitablanca.ma\/#website","url":"https:\/\/vitablanca.ma\/","name":"VitaBlanca.ma | \u0627\u0644\u0645\u0643\u0645\u0644\u0627\u062a \u0627\u0644\u063a\u0630\u0627\u0626\u064a\u0629\u060c \u0627\u0644\u0635\u062d\u0629 \u0648\u0627\u0644\u062c\u0645\u0627\u0644 \u0641\u064a \u0627\u0644\u0645\u063a\u0631\u0628","description":"\u0646\u0628\u064a\u0639 \u0641\u064a\u062a\u0627\u0645\u064a\u0646\u0627\u062a \u0648\u0645\u0643\u0645\u0644\u0627\u062a \u063a\u0630\u0627\u0626\u064a\u0629 \u0641\u0627\u062e\u0631\u0629 \u0645\u0646 \u0627\u0644\u0648\u0644\u0627\u064a\u0627\u062a \u0627\u0644\u0645\u062a\u062d\u062f\u0629 \u0627\u0644\u0623\u0645\u0631\u064a\u0643\u064a\u0629 \u0648\u0643\u0646\u062f\u0627 \u0648\u0646\u064a\u0648\u0632\u064a\u0644\u0646\u062f\u0627 \u0648\u0627\u0644\u0645\u063a\u0631\u0628 (\u0646\u0627\u0648 \u0641\u0648\u062f\u0632\u060c \u0633\u0648\u0644\u062c\u0627\u0631\u060c \u0645\u0627\u0646\u0648\u0643\u0627). \u062a\u0648\u0635\u064a\u0644 \u0633\u0631\u064a\u0639 \u0625\u0644\u0649 \u062c\u0645\u064a\u0639 \u0623\u0646\u062d\u0627\u0621 \u0627\u0644\u0645\u063a\u0631\u0628.","publisher":{"@id":"https:\/\/vitablanca.ma\/#organization"},"alternateName":"VitaBlanca.ma","potentialAction":[{"@type":"SearchAction","target":{"@type":"EntryPoint","urlTemplate":"https:\/\/vitablanca.ma\/?s={search_term_string}"},"query-input":{"@type":"PropertyValueSpecification","valueRequired":true,"valueName":"search_term_string"}}],"inLanguage":"ar"},{"@type":"Organization","@id":"https:\/\/vitablanca.ma\/#organization","name":"\u0641\u064a\u062a\u0627\u0628\u0644\u0627\u0646\u0643\u0627","url":"https:\/\/vitablanca.ma\/","logo":{"@type":"ImageObject","inLanguage":"ar","@id":"https:\/\/vitablanca.ma\/#\/schema\/logo\/image\/","url":"https:\/\/vitablanca.ma\/wp-content\/uploads\/2025\/05\/cropped-vitablanca.png","contentUrl":"https:\/\/vitablanca.ma\/wp-content\/uploads\/2025\/05\/cropped-vitablanca.png","width":360,"height":67,"caption":"VitaBlanca"},"image":{"@id":"https:\/\/vitablanca.ma\/#\/schema\/logo\/image\/"},"sameAs":["https:\/\/www.facebook.com\/profile.php?id=61576678196717","https:\/\/www.tiktok.com\/@vitablanca.ma","https:\/\/www.instagram.com\/vitablanca.ma\/"]}]}},"jetpack_sharing_enabled":true,"_links":{"self":[{"href":"https:\/\/vitablanca.ma\/ar\/wp-json\/wp\/v2\/product\/33158","targetHints":{"allow":["GET"]}}],"collection":[{"href":"https:\/\/vitablanca.ma\/ar\/wp-json\/wp\/v2\/product"}],"about":[{"href":"https:\/\/vitablanca.ma\/ar\/wp-json\/wp\/v2\/types\/product"}],"wp:featuredmedia":[{"embeddable":true,"href":"https:\/\/vitablanca.ma\/ar\/wp-json\/wp\/v2\/media\/33155"}],"wp:attachment":[{"href":"https:\/\/vitablanca.ma\/ar\/wp-json\/wp\/v2\/media?parent=33158"}],"wp:term":[{"taxonomy":"product_brand","embeddable":true,"href":"https:\/\/vitablanca.ma\/ar\/wp-json\/wp\/v2\/product_brand?post=33158"},{"taxonomy":"product_cat","embeddable":true,"href":"https:\/\/vitablanca.ma\/ar\/wp-json\/wp\/v2\/product_cat?post=33158"},{"taxonomy":"product_tag","embeddable":true,"href":"https:\/\/vitablanca.ma\/ar\/wp-json\/wp\/v2\/product_tag?post=33158"}],"curies":[{"name":"wp","href":"https:\/\/api.w.org\/{rel}","templated":true}]}}