{"id":33146,"date":"2026-03-04T03:05:14","date_gmt":"2026-03-04T03:05:14","guid":{"rendered":"https:\/\/vitablanca.ma\/produit\/acretin-0-05-cream-for-acne-tretinoin-30g\/"},"modified":"2026-04-06T15:07:40","modified_gmt":"2026-04-06T15:07:40","slug":"acretin-0-05-cream-for-acne-tretinoin-30g","status":"publish","type":"product","link":"https:\/\/vitablanca.ma\/ar\/product-2\/acretin-0-05-cream-for-acne-tretinoin-30g\/","title":{"rendered":"Acretin 0.05% Cream for Acn\u00e9 (Tretinoin) 30g"},"content":{"rendered":"<p class=\"MsoNormal\"><b><span style=\"font-family: 'Arial','sans-serif'; color: #262626; background: white;\">Acretin 0.05%<\/span><\/b><span style=\"font-family: 'Arial','sans-serif'; color: #262626; background: white;\"> est une cr\u00e8me \u00e0 la tr\u00e9tino\u00efne pour le traitement de l\u2019acn\u00e9. Elle d\u00e9sobstrue les pores et am\u00e9liore la texture de la peau.<\/span><\/p>\n<p class=\"MsoNormal\" style=\"margin-bottom: 15.0pt; line-height: normal; background: white; vertical-align: baseline;\"><b><span style=\"font-family: 'Arial','sans-serif'; color: #262626;\">Acretin 0.05 %<\/span><\/b><span style=\"font-family: 'Arial','sans-serif'; color: #262626;\"> est une cr\u00e8me contenant de la tr\u00e9tino\u00efne (un d\u00e9riv\u00e9 de la vitamine A) utilis\u00e9e pour le traitement de l\u2019acn\u00e9 l\u00e9g\u00e8re \u00e0 mod\u00e9r\u00e9e. <\/span><\/p>\n<p class=\"MsoNormal\" style=\"margin-bottom: 15.0pt; line-height: normal; background: white; vertical-align: baseline;\"><span style=\"font-family: 'Arial','sans-serif'; color: #262626;\">La cr\u00e8me agit en augmentant le taux de renouvellement cellulaire et en \u00e9liminant le caput n\u00e9crotique et les d\u00e9bris cellulaires. Sa formule aide non seulement \u00e0 lisser la peau rugueuse mais aussi \u00e0 am\u00e9liorer son \u00e9tat g\u00e9n\u00e9ral.<\/span><\/p>\n<p class=\"MsoNormal\" style=\"margin-bottom: 15.0pt; line-height: normal; background: white; vertical-align: baseline;\"><b><span style=\"font-family: 'Arial','sans-serif'; color: #262626;\">\u0623\u0646\u0648\u0627\u0639 \u0627\u0644\u0628\u0634\u0631\u0629:<\/span><\/b><\/p>\n<ul>\n<li class=\"MsoNormal\" style=\"line-height: normal; background: white; vertical-align: baseline;\"><span style=\"font-family: 'Arial','sans-serif'; color: #262626;\">Peaux grasses \u00e0 tendance acn\u00e9ique<\/span><\/li>\n<li class=\"MsoNormal\" style=\"line-height: normal; background: white; vertical-align: baseline;\"><span style=\"font-family: 'Arial','sans-serif'; color: #262626;\">Peaux \u00e9paisses ou sujettes aux com\u00e9dons<\/span><\/li>\n<li class=\"MsoNormal\" style=\"line-height: normal; background: white; vertical-align: baseline;\"><span style=\"font-family: 'Arial','sans-serif'; color: #262626;\">Non recommand\u00e9e pour les peaux sensibles sans avis m\u00e9dical<\/span><\/li>\n<\/ul>\n<p class=\"MsoNormal\" style=\"margin-bottom: 15.0pt; line-height: normal; background: white; vertical-align: baseline;\"><b><span style=\"font-family: 'Arial','sans-serif'; color: #262626;\">Bienfaits principaux :<\/span><\/b><\/p>\n<ul>\n<li class=\"MsoNormal\" style=\"line-height: normal; background: white; vertical-align: baseline;\"><span style=\"font-family: 'Arial','sans-serif'; color: #262626;\">Aide \u00e0 d\u00e9sincruster les pores et pr\u00e9venir les \u00e9ruptions<\/span><\/li>\n<li class=\"MsoNormal\" style=\"line-height: normal; background: white; vertical-align: baseline;\"><span style=\"font-family: 'Arial','sans-serif'; color: #262626;\">Stimule le renouvellement cellulaire pour une peau plus nette<\/span><\/li>\n<li class=\"MsoNormal\" style=\"line-height: normal; background: white; vertical-align: baseline;\"><span style=\"font-family: 'Arial','sans-serif'; color: #262626;\">Att\u00e9nue les taches post-acn\u00e9iques avec le temps<\/span><\/li>\n<li class=\"MsoNormal\" style=\"line-height: normal; background: white; vertical-align: baseline;\"><span style=\"font-family: 'Arial','sans-serif'; color: #262626;\">Am\u00e9liore l\u2019aspect global de la peau, en la rendant plus lisse<\/span><\/li>\n<\/ul>\n<p class=\"MsoNormal\"><span style=\"font-family: 'Arial','sans-serif'; color: #262626;\">\u00a0<\/span><\/p>","protected":false},"excerpt":{"rendered":"<p>Acretin 0.05% est une cr\u00e8me \u00e0 la tr\u00e9tino\u00efne pour le traitement de l\u2019acn\u00e9. Elle d\u00e9sobstrue les pores et am\u00e9liore la texture de la peau. Acretin 0.05 % est une cr\u00e8me contenant de la tr\u00e9tino\u00efne (un d\u00e9riv\u00e9 de la vitamine A) utilis\u00e9e pour le traitement de l\u2019acn\u00e9 l\u00e9g\u00e8re \u00e0 mod\u00e9r\u00e9e. La cr\u00e8me agit en augmentant le [&hellip;]<\/p>\n","protected":false},"featured_media":33142,"template":"","meta":{"om_disable_all_campaigns":false},"product_brand":[],"product_cat":[18,15],"product_tag":[11852,11846,6414,11848,9481,11849,11828,6722,5863,6855,11847],"class_list":{"0":"post-33146","1":"product","2":"type-product","3":"status-publish","4":"has-post-thumbnail","6":"product_cat-beaute-sante","7":"product_cat-beaute-sante-complements-alimentaires-soins-et-bien-etre-au-meilleur-prix","8":"product_tag-acne-severe","9":"product_tag-acretin","10":"product_tag-anti-imperfections","11":"product_tag-creme-acne","12":"product_tag-dermatologique","13":"product_tag-peau-claire","14":"product_tag-skincare","15":"product_tag-soin-peau","16":"product_tag-soin-visage","17":"product_tag-traitement-boutons","18":"product_tag-tretinoin","20":"first","21":"outofstock","22":"taxable","23":"shipping-taxable","24":"purchasable","25":"product-type-simple"},"yoast_head":"<!-- This site is optimized with the Yoast SEO plugin v27.5 - https:\/\/yoast.com\/product\/yoast-seo-wordpress\/ -->\n<title>Acretin 0.05% Cream for Acn\u00e9 (Tretinoin) 30g - Maroc Prix<\/title>\n<meta name=\"description\" content=\"Cr\u00e8me Acretin 0.05% (Tretinoin) 30g pour traiter efficacement l\u2019acn\u00e9, r\u00e9duire boutons et points noirs, et am\u00e9liorer la texture de la peau pour un teint .\" \/>\n<meta name=\"robots\" content=\"index, follow, max-snippet:-1, max-image-preview:large, max-video-preview:-1\" \/>\n<link rel=\"canonical\" href=\"https:\/\/vitablanca.ma\/ar\/product-2\/acretin-0-05-cream-for-acne-tretinoin-30g\/\" \/>\n<meta property=\"og:locale\" content=\"ar_AR\" \/>\n<meta property=\"og:type\" content=\"article\" \/>\n<meta property=\"og:title\" content=\"Acretin 0.05% Cream for Acn\u00e9 (Tretinoin) 30g - Maroc Prix\" \/>\n<meta property=\"og:description\" content=\"Cr\u00e8me Acretin 0.05% (Tretinoin) 30g pour traiter efficacement l\u2019acn\u00e9, r\u00e9duire boutons et points noirs, et am\u00e9liorer la texture de la peau pour un teint .\" \/>\n<meta property=\"og:url\" content=\"https:\/\/vitablanca.ma\/ar\/product-2\/acretin-0-05-cream-for-acne-tretinoin-30g\/\" \/>\n<meta property=\"og:site_name\" content=\"Vitablanca.ma &ndash; Sant&eacute;, vitalit&eacute; et bien-&ecirc;tre pour tous les Marocains\" \/>\n<meta property=\"article:publisher\" content=\"https:\/\/www.facebook.com\/profile.php?id=61576678196717\" \/>\n<meta property=\"article:modified_time\" content=\"2026-04-06T15:07:40+00:00\" \/>\n<meta property=\"og:image\" content=\"https:\/\/vitablanca.ma\/wp-content\/uploads\/2026\/03\/Acretin_0.05_Cream_for_Acne_Tretinoin_30g_10.jpg\" \/>\n\t<meta property=\"og:image:width\" content=\"1080\" \/>\n\t<meta property=\"og:image:height\" content=\"1080\" \/>\n\t<meta property=\"og:image:type\" content=\"image\/jpeg\" \/>\n<meta name=\"twitter:card\" content=\"summary_large_image\" \/>\n<meta name=\"twitter:label1\" content=\"\u0648\u0642\u062a \u0627\u0644\u0642\u0631\u0627\u0621\u0629 \u0627\u0644\u0645\u064f\u0642\u062f\u0651\u0631\" \/>\n\t<meta name=\"twitter:data1\" content=\"\u062f\u0642\u064a\u0642\u0629 \u0648\u0627\u062d\u062f\u0629\" \/>\n<script type=\"application\/ld+json\" class=\"yoast-schema-graph\">{\"@context\":\"https:\\\/\\\/schema.org\",\"@graph\":[{\"@type\":[\"WebPage\",\"ItemPage\"],\"@id\":\"https:\\\/\\\/vitablanca.ma\\\/produit\\\/acretin-0-05-cream-for-acne-tretinoin-30g\\\/\",\"url\":\"https:\\\/\\\/vitablanca.ma\\\/produit\\\/acretin-0-05-cream-for-acne-tretinoin-30g\\\/\",\"name\":\"Acretin 0.05% Cream for Acn\u00e9 (Tretinoin) 30g - Maroc Prix\",\"isPartOf\":{\"@id\":\"https:\\\/\\\/vitablanca.ma\\\/#website\"},\"primaryImageOfPage\":{\"@id\":\"https:\\\/\\\/vitablanca.ma\\\/produit\\\/acretin-0-05-cream-for-acne-tretinoin-30g\\\/#primaryimage\"},\"image\":{\"@id\":\"https:\\\/\\\/vitablanca.ma\\\/produit\\\/acretin-0-05-cream-for-acne-tretinoin-30g\\\/#primaryimage\"},\"thumbnailUrl\":\"https:\\\/\\\/vitablanca.ma\\\/wp-content\\\/uploads\\\/2026\\\/03\\\/Acretin_0.05_Cream_for_Acne_Tretinoin_30g_10.jpg\",\"datePublished\":\"2026-03-04T03:05:14+00:00\",\"dateModified\":\"2026-04-06T15:07:40+00:00\",\"description\":\"Cr\u00e8me Acretin 0.05% (Tretinoin) 30g pour traiter efficacement l\u2019acn\u00e9, r\u00e9duire boutons et points noirs, et am\u00e9liorer la texture de la peau pour un teint .\",\"breadcrumb\":{\"@id\":\"https:\\\/\\\/vitablanca.ma\\\/produit\\\/acretin-0-05-cream-for-acne-tretinoin-30g\\\/#breadcrumb\"},\"inLanguage\":\"ar\",\"potentialAction\":[{\"@type\":\"ReadAction\",\"target\":[\"https:\\\/\\\/vitablanca.ma\\\/produit\\\/acretin-0-05-cream-for-acne-tretinoin-30g\\\/\"]}]},{\"@type\":\"ImageObject\",\"inLanguage\":\"ar\",\"@id\":\"https:\\\/\\\/vitablanca.ma\\\/produit\\\/acretin-0-05-cream-for-acne-tretinoin-30g\\\/#primaryimage\",\"url\":\"https:\\\/\\\/vitablanca.ma\\\/wp-content\\\/uploads\\\/2026\\\/03\\\/Acretin_0.05_Cream_for_Acne_Tretinoin_30g_10.jpg\",\"contentUrl\":\"https:\\\/\\\/vitablanca.ma\\\/wp-content\\\/uploads\\\/2026\\\/03\\\/Acretin_0.05_Cream_for_Acne_Tretinoin_30g_10.jpg\",\"width\":1080,\"height\":1080},{\"@type\":\"BreadcrumbList\",\"@id\":\"https:\\\/\\\/vitablanca.ma\\\/produit\\\/acretin-0-05-cream-for-acne-tretinoin-30g\\\/#breadcrumb\",\"itemListElement\":[{\"@type\":\"ListItem\",\"position\":1,\"name\":\"Home\",\"item\":\"https:\\\/\\\/vitablanca.ma\\\/\"},{\"@type\":\"ListItem\",\"position\":2,\"name\":\"Tous Les Produits\",\"item\":\"https:\\\/\\\/vitablanca.ma\\\/tous-les-produits\\\/\"},{\"@type\":\"ListItem\",\"position\":3,\"name\":\"Acretin 0.05% Cream for Acn\u00e9 (Tretinoin) 30g\"}]},{\"@type\":\"WebSite\",\"@id\":\"https:\\\/\\\/vitablanca.ma\\\/#website\",\"url\":\"https:\\\/\\\/vitablanca.ma\\\/\",\"name\":\"VitaBlanca.ma | Compl\u00e9ments alimentaires, sant\u00e9 & beaut\u00e9 au Maroc\",\"description\":\"vendre vitamines et compl\u00e9ments premium des USA &amp; Canada, Nouvelle Z\u00e9lande,Maroc (NOW Foods, Solgar, Manuka). Livraison rapide partout au Maroc.\",\"publisher\":{\"@id\":\"https:\\\/\\\/vitablanca.ma\\\/#organization\"},\"alternateName\":\"VitaBlanca.ma\",\"potentialAction\":[{\"@type\":\"SearchAction\",\"target\":{\"@type\":\"EntryPoint\",\"urlTemplate\":\"https:\\\/\\\/vitablanca.ma\\\/?s={search_term_string}\"},\"query-input\":{\"@type\":\"PropertyValueSpecification\",\"valueRequired\":true,\"valueName\":\"search_term_string\"}}],\"inLanguage\":\"ar\"},{\"@type\":\"Organization\",\"@id\":\"https:\\\/\\\/vitablanca.ma\\\/#organization\",\"name\":\"VitaBlanca\",\"url\":\"https:\\\/\\\/vitablanca.ma\\\/\",\"logo\":{\"@type\":\"ImageObject\",\"inLanguage\":\"ar\",\"@id\":\"https:\\\/\\\/vitablanca.ma\\\/#\\\/schema\\\/logo\\\/image\\\/\",\"url\":\"https:\\\/\\\/vitablanca.ma\\\/wp-content\\\/uploads\\\/2025\\\/05\\\/cropped-vitablanca.png\",\"contentUrl\":\"https:\\\/\\\/vitablanca.ma\\\/wp-content\\\/uploads\\\/2025\\\/05\\\/cropped-vitablanca.png\",\"width\":360,\"height\":67,\"caption\":\"VitaBlanca\"},\"image\":{\"@id\":\"https:\\\/\\\/vitablanca.ma\\\/#\\\/schema\\\/logo\\\/image\\\/\"},\"sameAs\":[\"https:\\\/\\\/www.facebook.com\\\/profile.php?id=61576678196717\",\"https:\\\/\\\/www.tiktok.com\\\/@vitablanca.ma\",\"https:\\\/\\\/www.instagram.com\\\/vitablanca.ma\\\/\"]}]}<\/script>\n<!-- \/ Yoast SEO plugin. -->","yoast_head_json":{"title":"Acretin 0.05% Cream for Acn\u00e9 (Tretinoin) 30g - Maroc Prix","description":"Cr\u00e8me Acretin 0.05% (Tretinoin) 30g pour traiter efficacement l\u2019acn\u00e9, r\u00e9duire boutons et points noirs, et am\u00e9liorer la texture de la peau pour un teint .","robots":{"index":"index","follow":"follow","max-snippet":"max-snippet:-1","max-image-preview":"max-image-preview:large","max-video-preview":"max-video-preview:-1"},"canonical":"https:\/\/vitablanca.ma\/ar\/product-2\/acretin-0-05-cream-for-acne-tretinoin-30g\/","og_locale":"ar_AR","og_type":"article","og_title":"Acretin 0.05% Cream for Acn\u00e9 (Tretinoin) 30g - Maroc Prix","og_description":"Cr\u00e8me Acretin 0.05% (Tretinoin) 30g pour traiter efficacement l\u2019acn\u00e9, r\u00e9duire boutons et points noirs, et am\u00e9liorer la texture de la peau pour un teint .","og_url":"https:\/\/vitablanca.ma\/ar\/product-2\/acretin-0-05-cream-for-acne-tretinoin-30g\/","og_site_name":"Vitablanca.ma &ndash; Sant&eacute;, vitalit&eacute; et bien-&ecirc;tre pour tous les Marocains","article_publisher":"https:\/\/www.facebook.com\/profile.php?id=61576678196717","article_modified_time":"2026-04-06T15:07:40+00:00","og_image":[{"width":1080,"height":1080,"url":"https:\/\/vitablanca.ma\/wp-content\/uploads\/2026\/03\/Acretin_0.05_Cream_for_Acne_Tretinoin_30g_10.jpg","type":"image\/jpeg"}],"twitter_card":"summary_large_image","twitter_misc":{"\u0648\u0642\u062a \u0627\u0644\u0642\u0631\u0627\u0621\u0629 \u0627\u0644\u0645\u064f\u0642\u062f\u0651\u0631":"\u062f\u0642\u064a\u0642\u0629 \u0648\u0627\u062d\u062f\u0629"},"schema":{"@context":"https:\/\/schema.org","@graph":[{"@type":["WebPage","ItemPage"],"@id":"https:\/\/vitablanca.ma\/produit\/acretin-0-05-cream-for-acne-tretinoin-30g\/","url":"https:\/\/vitablanca.ma\/produit\/acretin-0-05-cream-for-acne-tretinoin-30g\/","name":"Acretin 0.05% Cream for Acn\u00e9 (Tretinoin) 30g - Maroc Prix","isPartOf":{"@id":"https:\/\/vitablanca.ma\/#website"},"primaryImageOfPage":{"@id":"https:\/\/vitablanca.ma\/produit\/acretin-0-05-cream-for-acne-tretinoin-30g\/#primaryimage"},"image":{"@id":"https:\/\/vitablanca.ma\/produit\/acretin-0-05-cream-for-acne-tretinoin-30g\/#primaryimage"},"thumbnailUrl":"https:\/\/vitablanca.ma\/wp-content\/uploads\/2026\/03\/Acretin_0.05_Cream_for_Acne_Tretinoin_30g_10.jpg","datePublished":"2026-03-04T03:05:14+00:00","dateModified":"2026-04-06T15:07:40+00:00","description":"Cr\u00e8me Acretin 0.05% (Tretinoin) 30g pour traiter efficacement l\u2019acn\u00e9, r\u00e9duire boutons et points noirs, et am\u00e9liorer la texture de la peau pour un teint .","breadcrumb":{"@id":"https:\/\/vitablanca.ma\/produit\/acretin-0-05-cream-for-acne-tretinoin-30g\/#breadcrumb"},"inLanguage":"ar","potentialAction":[{"@type":"ReadAction","target":["https:\/\/vitablanca.ma\/produit\/acretin-0-05-cream-for-acne-tretinoin-30g\/"]}]},{"@type":"ImageObject","inLanguage":"ar","@id":"https:\/\/vitablanca.ma\/produit\/acretin-0-05-cream-for-acne-tretinoin-30g\/#primaryimage","url":"https:\/\/vitablanca.ma\/wp-content\/uploads\/2026\/03\/Acretin_0.05_Cream_for_Acne_Tretinoin_30g_10.jpg","contentUrl":"https:\/\/vitablanca.ma\/wp-content\/uploads\/2026\/03\/Acretin_0.05_Cream_for_Acne_Tretinoin_30g_10.jpg","width":1080,"height":1080},{"@type":"BreadcrumbList","@id":"https:\/\/vitablanca.ma\/produit\/acretin-0-05-cream-for-acne-tretinoin-30g\/#breadcrumb","itemListElement":[{"@type":"ListItem","position":1,"name":"Home","item":"https:\/\/vitablanca.ma\/"},{"@type":"ListItem","position":2,"name":"Tous Les Produits","item":"https:\/\/vitablanca.ma\/tous-les-produits\/"},{"@type":"ListItem","position":3,"name":"Acretin 0.05% Cream for Acn\u00e9 (Tretinoin) 30g"}]},{"@type":"WebSite","@id":"https:\/\/vitablanca.ma\/#website","url":"https:\/\/vitablanca.ma\/","name":"VitaBlanca.ma | \u0627\u0644\u0645\u0643\u0645\u0644\u0627\u062a \u0627\u0644\u063a\u0630\u0627\u0626\u064a\u0629\u060c \u0627\u0644\u0635\u062d\u0629 \u0648\u0627\u0644\u062c\u0645\u0627\u0644 \u0641\u064a \u0627\u0644\u0645\u063a\u0631\u0628","description":"\u0646\u0628\u064a\u0639 \u0641\u064a\u062a\u0627\u0645\u064a\u0646\u0627\u062a \u0648\u0645\u0643\u0645\u0644\u0627\u062a \u063a\u0630\u0627\u0626\u064a\u0629 \u0641\u0627\u062e\u0631\u0629 \u0645\u0646 \u0627\u0644\u0648\u0644\u0627\u064a\u0627\u062a \u0627\u0644\u0645\u062a\u062d\u062f\u0629 \u0627\u0644\u0623\u0645\u0631\u064a\u0643\u064a\u0629 \u0648\u0643\u0646\u062f\u0627 \u0648\u0646\u064a\u0648\u0632\u064a\u0644\u0646\u062f\u0627 \u0648\u0627\u0644\u0645\u063a\u0631\u0628 (\u0646\u0627\u0648 \u0641\u0648\u062f\u0632\u060c \u0633\u0648\u0644\u062c\u0627\u0631\u060c \u0645\u0627\u0646\u0648\u0643\u0627). \u062a\u0648\u0635\u064a\u0644 \u0633\u0631\u064a\u0639 \u0625\u0644\u0649 \u062c\u0645\u064a\u0639 \u0623\u0646\u062d\u0627\u0621 \u0627\u0644\u0645\u063a\u0631\u0628.","publisher":{"@id":"https:\/\/vitablanca.ma\/#organization"},"alternateName":"VitaBlanca.ma","potentialAction":[{"@type":"SearchAction","target":{"@type":"EntryPoint","urlTemplate":"https:\/\/vitablanca.ma\/?s={search_term_string}"},"query-input":{"@type":"PropertyValueSpecification","valueRequired":true,"valueName":"search_term_string"}}],"inLanguage":"ar"},{"@type":"Organization","@id":"https:\/\/vitablanca.ma\/#organization","name":"\u0641\u064a\u062a\u0627\u0628\u0644\u0627\u0646\u0643\u0627","url":"https:\/\/vitablanca.ma\/","logo":{"@type":"ImageObject","inLanguage":"ar","@id":"https:\/\/vitablanca.ma\/#\/schema\/logo\/image\/","url":"https:\/\/vitablanca.ma\/wp-content\/uploads\/2025\/05\/cropped-vitablanca.png","contentUrl":"https:\/\/vitablanca.ma\/wp-content\/uploads\/2025\/05\/cropped-vitablanca.png","width":360,"height":67,"caption":"VitaBlanca"},"image":{"@id":"https:\/\/vitablanca.ma\/#\/schema\/logo\/image\/"},"sameAs":["https:\/\/www.facebook.com\/profile.php?id=61576678196717","https:\/\/www.tiktok.com\/@vitablanca.ma","https:\/\/www.instagram.com\/vitablanca.ma\/"]}]}},"jetpack_sharing_enabled":true,"_links":{"self":[{"href":"https:\/\/vitablanca.ma\/ar\/wp-json\/wp\/v2\/product\/33146","targetHints":{"allow":["GET"]}}],"collection":[{"href":"https:\/\/vitablanca.ma\/ar\/wp-json\/wp\/v2\/product"}],"about":[{"href":"https:\/\/vitablanca.ma\/ar\/wp-json\/wp\/v2\/types\/product"}],"wp:featuredmedia":[{"embeddable":true,"href":"https:\/\/vitablanca.ma\/ar\/wp-json\/wp\/v2\/media\/33142"}],"wp:attachment":[{"href":"https:\/\/vitablanca.ma\/ar\/wp-json\/wp\/v2\/media?parent=33146"}],"wp:term":[{"taxonomy":"product_brand","embeddable":true,"href":"https:\/\/vitablanca.ma\/ar\/wp-json\/wp\/v2\/product_brand?post=33146"},{"taxonomy":"product_cat","embeddable":true,"href":"https:\/\/vitablanca.ma\/ar\/wp-json\/wp\/v2\/product_cat?post=33146"},{"taxonomy":"product_tag","embeddable":true,"href":"https:\/\/vitablanca.ma\/ar\/wp-json\/wp\/v2\/product_tag?post=33146"}],"curies":[{"name":"wp","href":"https:\/\/api.w.org\/{rel}","templated":true}]}}