{"id":33118,"date":"2026-03-04T03:01:03","date_gmt":"2026-03-04T03:01:03","guid":{"rendered":"https:\/\/vitablanca.ma\/produit\/st-dalfour-gluta-sunblock-spf90-pa-day-cream-50ml\/"},"modified":"2026-03-06T03:38:45","modified_gmt":"2026-03-06T03:38:45","slug":"st-dalfour-gluta-sunblock-spf90-pa-day-cream-50ml","status":"publish","type":"product","link":"https:\/\/vitablanca.ma\/ar\/product-2\/st-dalfour-gluta-sunblock-spf90-pa-day-cream-50ml\/","title":{"rendered":"St Dalfour &#8211; Gluta Sunblock Spf90 Pa++ Day Cream &#8211; 50ml"},"content":{"rendered":"<p class=\"MsoNormal\" style=\"line-height: normal\"><b><span style=\"font-family: 'Arial','sans-serif';color: #262626\">ST DALFOUR GLUTA SUNBLOCK SPF90 PA++ DAY CREAM 50ml<\/span><\/b><span style=\"font-family: 'Arial','sans-serif';color: #262626\">\u00a0\u2013 Une\u00a0<b>protection solaire ultime<\/b>\u00a0alliant\u00a0<b>blocage des UV<\/b>\u00a0\u0648\u00a0<b>soin \u00e9clat<\/b>\u00a0! Avec son\u00a0<b>SPF90<\/b>\u00a0et sa formule enrichie en\u00a0<b>glutathion, vitamine C et collag\u00e8ne<\/b>, ce soin prot\u00e8ge des rayons UVA\/UVB, unifie le teint et pr\u00e9vient le vieillissement cutan\u00e9. Adapt\u00e9 \u00e0 tous les types de peau, m\u00eame sensibles, et respectueux de l\u2019environnement.<\/span><\/p>\n<p class=\"MsoNormal\" style=\"margin-bottom: .0001pt;line-height: normal;background: white;vertical-align: baseline\"><b><span style=\"font-family: 'Arial','sans-serif';color: #262626;border: none windowtext 1.0pt;padding: 0cm\">SPF90 &amp; PA++<\/span><\/b><span style=\"font-family: 'Arial','sans-serif';color: #262626\">\u00a0: Bouclier contre les UVA\/UVB pour pr\u00e9venir br\u00fblures, taches et vieillissement pr\u00e9matur\u00e9.<\/span><\/p>\n<p class=\"MsoNormal\" style=\"margin-bottom: .0001pt;line-height: normal;background: white;vertical-align: baseline\"><b><span style=\"font-family: 'Arial','sans-serif';color: #262626;border: none windowtext 1.0pt;padding: 0cm\">Actifs Lumi\u00e8re<\/span><\/b><span style=\"font-family: 'Arial','sans-serif';color: #262626\">\u00a0: Glutathion + Vitamine C + Collag\u00e8ne pour un teint uniforme et \u00e9clatant.<\/span><\/p>\n<p class=\"MsoNormal\" style=\"margin-bottom: .0001pt;line-height: normal;background: white;vertical-align: baseline\"><b><span style=\"font-family: 'Arial','sans-serif';color: #262626;border: none windowtext 1.0pt;padding: 0cm\">\u00c9cran Min\u00e9ral<\/span><\/b><span style=\"font-family: 'Arial','sans-serif';color: #262626\">\u00a0: Oxyde de zinc et dioxyde de titane pour une protection physique sans irritation.<\/span><\/p>\n<p class=\"MsoNormal\" style=\"margin-bottom: .0001pt;line-height: normal;background: white;vertical-align: baseline\"><b><span style=\"font-family: 'Arial','sans-serif';color: #262626;border: none windowtext 1.0pt;padding: 0cm\">Hydratation Intensive<\/span><\/b><span style=\"font-family: 'Arial','sans-serif';color: #262626\">\u00a0: Aloe vera, glyc\u00e9rine et huile de coco pour une peau souple et confortable.<\/span><\/p>\n<p class=\"MsoNormal\" style=\"margin-bottom: .0001pt;line-height: normal;background: white;vertical-align: baseline\"><span style=\"font-family: 'Arial','sans-serif';color: #262626\">\u00a0<\/span><\/p>\n<p class=\"MsoNormal\" style=\"margin-bottom: .0001pt;line-height: normal;background: white;vertical-align: baseline\"><b><span style=\"font-family: 'Arial','sans-serif';color: #262626;border: none windowtext 1.0pt;padding: 0cm\">Avantages Cl\u00e9s :<\/span><\/b><\/p>\n<p class=\"MsoNormal\" style=\"margin-bottom: .0001pt;line-height: normal;background: white;vertical-align: baseline\"><span style=\"font-family: 'Arial','sans-serif';color: #262626\"><br \/><b><span style=\"border: none windowtext 1.0pt;padding: 0cm\">Protection Large Spectre<\/span><\/b>\u00a0: R\u00e9siste \u00e0 l\u2019eau, \u00e0 la transpiration et aux conditions extr\u00eames (plage, montagne).<br \/><b><span style=\"border: none windowtext 1.0pt;padding: 0cm\">Soin Anti-\u00c2ge<\/span><\/b>\u00a0: Q10 + Vitamine E pour lutter contre les radicaux libres et pr\u00e9server l\u2019\u00e9lasticit\u00e9.<br \/><b><span style=\"border: none windowtext 1.0pt;padding: 0cm\">Texture L\u00e9g\u00e8re<\/span><\/b>\u00a0: P\u00e9n\u00e8tre rapidement sans effet blanc ou gras, id\u00e9ale sous le maquillage.<br \/><b><span style=\"border: none windowtext 1.0pt;padding: 0cm\">\u00c9coresponsable<\/span><\/b>\u00a0: Sans oxybenzone ni octinoxate, safe pour les coraux et les peaux r\u00e9actives.<\/span><\/p>\n<p class=\"MsoNormal\" style=\"margin-bottom: .0001pt;line-height: normal;background: white;vertical-align: baseline\"><span style=\"font-family: 'Arial','sans-serif';color: #262626\">\u00a0<\/span><\/p>\n<p class=\"MsoNormal\" style=\"margin-bottom: .0001pt;line-height: normal;background: white;vertical-align: baseline\"><b><span style=\"font-family: 'Arial','sans-serif';color: #262626;border: none windowtext 1.0pt;padding: 0cm\">\u064a\u0633\u062a\u062e\u062f\u0645 :<\/span><\/b><\/p>\n<p class=\"MsoNormal\" style=\"margin-bottom: .0001pt;line-height: normal;background: white;vertical-align: baseline\"><span style=\"font-family: 'Arial','sans-serif';color: #262626\"><br \/>Appliquez g\u00e9n\u00e9reusement 15 min avant l\u2019exposition, et r\u00e9it\u00e9rez toutes les 2 heures. Convient pour le visage et le corps.<\/span><\/p>\n<p class=\"MsoNormal\" style=\"margin-bottom: .0001pt;line-height: normal;background: white;vertical-align: baseline\"><span style=\"font-family: 'Arial','sans-serif';color: #262626\">\u00a0<\/span><\/p>\n<p class=\"MsoNormal\" style=\"margin-bottom: .0001pt;line-height: normal;background: white;vertical-align: baseline\"><b><span style=\"font-family: 'Arial','sans-serif';color: #262626;border: none windowtext 1.0pt;padding: 0cm\">Composition Star :<\/span><\/b><\/p>\n<ul>\n<li class=\"MsoNormal\" style=\"line-height: normal;background: white;vertical-align: baseline\">\n<b><span style=\"font-family: 'Arial','sans-serif';color: #262626;border: none windowtext 1.0pt;padding: 0cm\">Glutathion<\/span><\/b><span style=\"font-family: 'Arial','sans-serif';color: #262626\">\u00a0: \u00c9claircit et prot\u00e8ge des dommages oxydatifs.<\/span>\n<\/li>\n<li class=\"MsoNormal\" style=\"line-height: normal;background: white;vertical-align: baseline\">\n<b><span style=\"font-family: 'Arial','sans-serif';color: #262626;border: none windowtext 1.0pt;padding: 0cm\">Huile de carotte<\/span><\/b><span style=\"font-family: 'Arial','sans-serif';color: #262626\">\u00a0: Renforce la r\u00e9sistance naturelle au soleil.<\/span>\n<\/li>\n<li class=\"MsoNormal\" style=\"line-height: normal;background: white;vertical-align: baseline\">\n<b><span style=\"font-family: 'Arial','sans-serif';color: #262626;border: none windowtext 1.0pt;padding: 0cm\">Enzymes v\u00e9g\u00e9tales<\/span><\/b><span style=\"font-family: 'Arial','sans-serif';color: #262626\">\u00a0: Apaisent et r\u00e9parent les agressions quotidiennes.<\/span>\n<\/li>\n<\/ul>","protected":false},"excerpt":{"rendered":"<p>ST DALFOUR GLUTA SUNBLOCK SPF90 PA++ DAY CREAM 50ml\u00a0\u2013 Une\u00a0protection solaire ultime\u00a0alliant\u00a0blocage des UV\u00a0et\u00a0soin \u00e9clat\u00a0! Avec son\u00a0SPF90\u00a0et sa formule enrichie en\u00a0glutathion, vitamine C et collag\u00e8ne, ce soin prot\u00e8ge des rayons UVA\/UVB, unifie le teint et pr\u00e9vient le vieillissement cutan\u00e9. Adapt\u00e9 \u00e0 tous les types de peau, m\u00eame sensibles, et respectueux de l\u2019environnement. SPF90 &amp; PA++\u00a0: [&hellip;]<\/p>\n","protected":false},"featured_media":33113,"template":"","meta":{"om_disable_all_campaigns":false},"product_brand":[],"product_cat":[18,15],"product_tag":[],"class_list":{"0":"post-33118","1":"product","2":"type-product","3":"status-publish","4":"has-post-thumbnail","6":"product_cat-beaute-sante","7":"product_cat-beaute-sante-complements-alimentaires-soins-et-bien-etre-au-meilleur-prix","9":"first","10":"instock","11":"taxable","12":"shipping-taxable","13":"purchasable","14":"product-type-simple"},"yoast_head":"<!-- This site is optimized with the Yoast SEO plugin v27.3 - https:\/\/yoast.com\/product\/yoast-seo-wordpress\/ -->\n<title>St Dalfour - Gluta Sunblock Spf90 Pa++ Day Cream - 50ml - Maroc Prix<\/title>\n<meta name=\"description\" content=\"St Dalfour - Gluta Sunblock Spf90 Pa++ Day Cream - 50ml\" \/>\n<meta name=\"robots\" content=\"index, follow, max-snippet:-1, max-image-preview:large, max-video-preview:-1\" \/>\n<link rel=\"canonical\" href=\"https:\/\/vitablanca.ma\/ar\/product-2\/st-dalfour-gluta-sunblock-spf90-pa-day-cream-50ml\/\" \/>\n<meta property=\"og:locale\" content=\"ar_AR\" \/>\n<meta property=\"og:type\" content=\"article\" \/>\n<meta property=\"og:title\" content=\"St Dalfour - Gluta Sunblock Spf90 Pa++ Day Cream - 50ml - Maroc Prix\" \/>\n<meta property=\"og:description\" content=\"St Dalfour - Gluta Sunblock Spf90 Pa++ Day Cream - 50ml\" \/>\n<meta property=\"og:url\" content=\"https:\/\/vitablanca.ma\/ar\/product-2\/st-dalfour-gluta-sunblock-spf90-pa-day-cream-50ml\/\" \/>\n<meta property=\"og:site_name\" content=\"Vitablanca.ma &ndash; Sant&eacute;, vitalit&eacute; et bien-&ecirc;tre pour tous les Marocains\" \/>\n<meta property=\"article:publisher\" content=\"https:\/\/www.facebook.com\/profile.php?id=61576678196717\" \/>\n<meta property=\"article:modified_time\" content=\"2026-03-06T03:38:45+00:00\" \/>\n<meta property=\"og:image\" content=\"https:\/\/vitablanca.ma\/wp-content\/uploads\/2026\/03\/StDalfour-GlutaSunblockSpf90Pa_DayCream-50ml4.jpg\" \/>\n\t<meta property=\"og:image:width\" content=\"1080\" \/>\n\t<meta property=\"og:image:height\" content=\"1080\" \/>\n\t<meta property=\"og:image:type\" content=\"image\/jpeg\" \/>\n<meta name=\"twitter:card\" content=\"summary_large_image\" \/>\n<meta name=\"twitter:label1\" content=\"\u0648\u0642\u062a \u0627\u0644\u0642\u0631\u0627\u0621\u0629 \u0627\u0644\u0645\u064f\u0642\u062f\u0651\u0631\" \/>\n\t<meta name=\"twitter:data1\" content=\"\u062f\u0642\u064a\u0642\u0629 \u0648\u0627\u062d\u062f\u0629\" \/>\n<script type=\"application\/ld+json\" class=\"yoast-schema-graph\">{\"@context\":\"https:\\\/\\\/schema.org\",\"@graph\":[{\"@type\":[\"WebPage\",\"ItemPage\"],\"@id\":\"https:\\\/\\\/vitablanca.ma\\\/produit\\\/st-dalfour-gluta-sunblock-spf90-pa-day-cream-50ml\\\/\",\"url\":\"https:\\\/\\\/vitablanca.ma\\\/produit\\\/st-dalfour-gluta-sunblock-spf90-pa-day-cream-50ml\\\/\",\"name\":\"St Dalfour - Gluta Sunblock Spf90 Pa++ Day Cream - 50ml - Maroc Prix\",\"isPartOf\":{\"@id\":\"https:\\\/\\\/vitablanca.ma\\\/#website\"},\"primaryImageOfPage\":{\"@id\":\"https:\\\/\\\/vitablanca.ma\\\/produit\\\/st-dalfour-gluta-sunblock-spf90-pa-day-cream-50ml\\\/#primaryimage\"},\"image\":{\"@id\":\"https:\\\/\\\/vitablanca.ma\\\/produit\\\/st-dalfour-gluta-sunblock-spf90-pa-day-cream-50ml\\\/#primaryimage\"},\"thumbnailUrl\":\"https:\\\/\\\/vitablanca.ma\\\/wp-content\\\/uploads\\\/2026\\\/03\\\/StDalfour-GlutaSunblockSpf90Pa_DayCream-50ml4.jpg\",\"datePublished\":\"2026-03-04T03:01:03+00:00\",\"dateModified\":\"2026-03-06T03:38:45+00:00\",\"description\":\"St Dalfour - Gluta Sunblock Spf90 Pa++ Day Cream - 50ml\",\"breadcrumb\":{\"@id\":\"https:\\\/\\\/vitablanca.ma\\\/produit\\\/st-dalfour-gluta-sunblock-spf90-pa-day-cream-50ml\\\/#breadcrumb\"},\"inLanguage\":\"ar\",\"potentialAction\":[{\"@type\":\"ReadAction\",\"target\":[\"https:\\\/\\\/vitablanca.ma\\\/produit\\\/st-dalfour-gluta-sunblock-spf90-pa-day-cream-50ml\\\/\"]}]},{\"@type\":\"ImageObject\",\"inLanguage\":\"ar\",\"@id\":\"https:\\\/\\\/vitablanca.ma\\\/produit\\\/st-dalfour-gluta-sunblock-spf90-pa-day-cream-50ml\\\/#primaryimage\",\"url\":\"https:\\\/\\\/vitablanca.ma\\\/wp-content\\\/uploads\\\/2026\\\/03\\\/StDalfour-GlutaSunblockSpf90Pa_DayCream-50ml4.jpg\",\"contentUrl\":\"https:\\\/\\\/vitablanca.ma\\\/wp-content\\\/uploads\\\/2026\\\/03\\\/StDalfour-GlutaSunblockSpf90Pa_DayCream-50ml4.jpg\",\"width\":1080,\"height\":1080},{\"@type\":\"BreadcrumbList\",\"@id\":\"https:\\\/\\\/vitablanca.ma\\\/produit\\\/st-dalfour-gluta-sunblock-spf90-pa-day-cream-50ml\\\/#breadcrumb\",\"itemListElement\":[{\"@type\":\"ListItem\",\"position\":1,\"name\":\"Home\",\"item\":\"https:\\\/\\\/vitablanca.ma\\\/\"},{\"@type\":\"ListItem\",\"position\":2,\"name\":\"Tous Les Produits\",\"item\":\"https:\\\/\\\/vitablanca.ma\\\/tous-les-produits\\\/\"},{\"@type\":\"ListItem\",\"position\":3,\"name\":\"St Dalfour &#8211; Gluta Sunblock Spf90 Pa++ Day Cream &#8211; 50ml\"}]},{\"@type\":\"WebSite\",\"@id\":\"https:\\\/\\\/vitablanca.ma\\\/#website\",\"url\":\"https:\\\/\\\/vitablanca.ma\\\/\",\"name\":\"VitaBlanca.ma | Compl\u00e9ments alimentaires, sant\u00e9 & beaut\u00e9 au Maroc\",\"description\":\"vendre vitamines et compl\u00e9ments premium des USA &amp; Canada, Nouvelle Z\u00e9lande,Maroc (NOW Foods, Solgar, Manuka). Livraison rapide partout au Maroc.\",\"publisher\":{\"@id\":\"https:\\\/\\\/vitablanca.ma\\\/#organization\"},\"alternateName\":\"VitaBlanca.ma\",\"potentialAction\":[{\"@type\":\"SearchAction\",\"target\":{\"@type\":\"EntryPoint\",\"urlTemplate\":\"https:\\\/\\\/vitablanca.ma\\\/?s={search_term_string}\"},\"query-input\":{\"@type\":\"PropertyValueSpecification\",\"valueRequired\":true,\"valueName\":\"search_term_string\"}}],\"inLanguage\":\"ar\"},{\"@type\":\"Organization\",\"@id\":\"https:\\\/\\\/vitablanca.ma\\\/#organization\",\"name\":\"VitaBlanca\",\"url\":\"https:\\\/\\\/vitablanca.ma\\\/\",\"logo\":{\"@type\":\"ImageObject\",\"inLanguage\":\"ar\",\"@id\":\"https:\\\/\\\/vitablanca.ma\\\/#\\\/schema\\\/logo\\\/image\\\/\",\"url\":\"https:\\\/\\\/vitablanca.ma\\\/wp-content\\\/uploads\\\/2025\\\/05\\\/cropped-vitablanca.png\",\"contentUrl\":\"https:\\\/\\\/vitablanca.ma\\\/wp-content\\\/uploads\\\/2025\\\/05\\\/cropped-vitablanca.png\",\"width\":360,\"height\":67,\"caption\":\"VitaBlanca\"},\"image\":{\"@id\":\"https:\\\/\\\/vitablanca.ma\\\/#\\\/schema\\\/logo\\\/image\\\/\"},\"sameAs\":[\"https:\\\/\\\/www.facebook.com\\\/profile.php?id=61576678196717\",\"https:\\\/\\\/www.tiktok.com\\\/@vitablanca.ma\",\"https:\\\/\\\/www.instagram.com\\\/vitablanca.ma\\\/\"]}]}<\/script>\n<!-- \/ Yoast SEO plugin. -->","yoast_head_json":{"title":"St Dalfour - Gluta Sunblock Spf90 Pa++ Day Cream - 50ml - Maroc Prix","description":"St Dalfour - Gluta Sunblock Spf90 Pa++ Day Cream - 50ml","robots":{"index":"index","follow":"follow","max-snippet":"max-snippet:-1","max-image-preview":"max-image-preview:large","max-video-preview":"max-video-preview:-1"},"canonical":"https:\/\/vitablanca.ma\/ar\/product-2\/st-dalfour-gluta-sunblock-spf90-pa-day-cream-50ml\/","og_locale":"ar_AR","og_type":"article","og_title":"St Dalfour - Gluta Sunblock Spf90 Pa++ Day Cream - 50ml - Maroc Prix","og_description":"St Dalfour - Gluta Sunblock Spf90 Pa++ Day Cream - 50ml","og_url":"https:\/\/vitablanca.ma\/ar\/product-2\/st-dalfour-gluta-sunblock-spf90-pa-day-cream-50ml\/","og_site_name":"Vitablanca.ma &ndash; Sant&eacute;, vitalit&eacute; et bien-&ecirc;tre pour tous les Marocains","article_publisher":"https:\/\/www.facebook.com\/profile.php?id=61576678196717","article_modified_time":"2026-03-06T03:38:45+00:00","og_image":[{"width":1080,"height":1080,"url":"https:\/\/vitablanca.ma\/wp-content\/uploads\/2026\/03\/StDalfour-GlutaSunblockSpf90Pa_DayCream-50ml4.jpg","type":"image\/jpeg"}],"twitter_card":"summary_large_image","twitter_misc":{"\u0648\u0642\u062a \u0627\u0644\u0642\u0631\u0627\u0621\u0629 \u0627\u0644\u0645\u064f\u0642\u062f\u0651\u0631":"\u062f\u0642\u064a\u0642\u0629 \u0648\u0627\u062d\u062f\u0629"},"schema":{"@context":"https:\/\/schema.org","@graph":[{"@type":["WebPage","ItemPage"],"@id":"https:\/\/vitablanca.ma\/produit\/st-dalfour-gluta-sunblock-spf90-pa-day-cream-50ml\/","url":"https:\/\/vitablanca.ma\/produit\/st-dalfour-gluta-sunblock-spf90-pa-day-cream-50ml\/","name":"St Dalfour - Gluta Sunblock Spf90 Pa++ Day Cream - 50ml - Maroc Prix","isPartOf":{"@id":"https:\/\/vitablanca.ma\/#website"},"primaryImageOfPage":{"@id":"https:\/\/vitablanca.ma\/produit\/st-dalfour-gluta-sunblock-spf90-pa-day-cream-50ml\/#primaryimage"},"image":{"@id":"https:\/\/vitablanca.ma\/produit\/st-dalfour-gluta-sunblock-spf90-pa-day-cream-50ml\/#primaryimage"},"thumbnailUrl":"https:\/\/vitablanca.ma\/wp-content\/uploads\/2026\/03\/StDalfour-GlutaSunblockSpf90Pa_DayCream-50ml4.jpg","datePublished":"2026-03-04T03:01:03+00:00","dateModified":"2026-03-06T03:38:45+00:00","description":"St Dalfour - Gluta Sunblock Spf90 Pa++ Day Cream - 50ml","breadcrumb":{"@id":"https:\/\/vitablanca.ma\/produit\/st-dalfour-gluta-sunblock-spf90-pa-day-cream-50ml\/#breadcrumb"},"inLanguage":"ar","potentialAction":[{"@type":"ReadAction","target":["https:\/\/vitablanca.ma\/produit\/st-dalfour-gluta-sunblock-spf90-pa-day-cream-50ml\/"]}]},{"@type":"ImageObject","inLanguage":"ar","@id":"https:\/\/vitablanca.ma\/produit\/st-dalfour-gluta-sunblock-spf90-pa-day-cream-50ml\/#primaryimage","url":"https:\/\/vitablanca.ma\/wp-content\/uploads\/2026\/03\/StDalfour-GlutaSunblockSpf90Pa_DayCream-50ml4.jpg","contentUrl":"https:\/\/vitablanca.ma\/wp-content\/uploads\/2026\/03\/StDalfour-GlutaSunblockSpf90Pa_DayCream-50ml4.jpg","width":1080,"height":1080},{"@type":"BreadcrumbList","@id":"https:\/\/vitablanca.ma\/produit\/st-dalfour-gluta-sunblock-spf90-pa-day-cream-50ml\/#breadcrumb","itemListElement":[{"@type":"ListItem","position":1,"name":"Home","item":"https:\/\/vitablanca.ma\/"},{"@type":"ListItem","position":2,"name":"Tous Les Produits","item":"https:\/\/vitablanca.ma\/tous-les-produits\/"},{"@type":"ListItem","position":3,"name":"St Dalfour &#8211; Gluta Sunblock Spf90 Pa++ Day Cream &#8211; 50ml"}]},{"@type":"WebSite","@id":"https:\/\/vitablanca.ma\/#website","url":"https:\/\/vitablanca.ma\/","name":"VitaBlanca.ma | \u0627\u0644\u0645\u0643\u0645\u0644\u0627\u062a \u0627\u0644\u063a\u0630\u0627\u0626\u064a\u0629\u060c \u0627\u0644\u0635\u062d\u0629 \u0648\u0627\u0644\u062c\u0645\u0627\u0644 \u0641\u064a \u0627\u0644\u0645\u063a\u0631\u0628","description":"\u0646\u0628\u064a\u0639 \u0641\u064a\u062a\u0627\u0645\u064a\u0646\u0627\u062a \u0648\u0645\u0643\u0645\u0644\u0627\u062a \u063a\u0630\u0627\u0626\u064a\u0629 \u0641\u0627\u062e\u0631\u0629 \u0645\u0646 \u0627\u0644\u0648\u0644\u0627\u064a\u0627\u062a \u0627\u0644\u0645\u062a\u062d\u062f\u0629 \u0627\u0644\u0623\u0645\u0631\u064a\u0643\u064a\u0629 \u0648\u0643\u0646\u062f\u0627 \u0648\u0646\u064a\u0648\u0632\u064a\u0644\u0646\u062f\u0627 \u0648\u0627\u0644\u0645\u063a\u0631\u0628 (\u0646\u0627\u0648 \u0641\u0648\u062f\u0632\u060c \u0633\u0648\u0644\u062c\u0627\u0631\u060c \u0645\u0627\u0646\u0648\u0643\u0627). \u062a\u0648\u0635\u064a\u0644 \u0633\u0631\u064a\u0639 \u0625\u0644\u0649 \u062c\u0645\u064a\u0639 \u0623\u0646\u062d\u0627\u0621 \u0627\u0644\u0645\u063a\u0631\u0628.","publisher":{"@id":"https:\/\/vitablanca.ma\/#organization"},"alternateName":"VitaBlanca.ma","potentialAction":[{"@type":"SearchAction","target":{"@type":"EntryPoint","urlTemplate":"https:\/\/vitablanca.ma\/?s={search_term_string}"},"query-input":{"@type":"PropertyValueSpecification","valueRequired":true,"valueName":"search_term_string"}}],"inLanguage":"ar"},{"@type":"Organization","@id":"https:\/\/vitablanca.ma\/#organization","name":"\u0641\u064a\u062a\u0627\u0628\u0644\u0627\u0646\u0643\u0627","url":"https:\/\/vitablanca.ma\/","logo":{"@type":"ImageObject","inLanguage":"ar","@id":"https:\/\/vitablanca.ma\/#\/schema\/logo\/image\/","url":"https:\/\/vitablanca.ma\/wp-content\/uploads\/2025\/05\/cropped-vitablanca.png","contentUrl":"https:\/\/vitablanca.ma\/wp-content\/uploads\/2025\/05\/cropped-vitablanca.png","width":360,"height":67,"caption":"VitaBlanca"},"image":{"@id":"https:\/\/vitablanca.ma\/#\/schema\/logo\/image\/"},"sameAs":["https:\/\/www.facebook.com\/profile.php?id=61576678196717","https:\/\/www.tiktok.com\/@vitablanca.ma","https:\/\/www.instagram.com\/vitablanca.ma\/"]}]}},"jetpack_sharing_enabled":true,"_links":{"self":[{"href":"https:\/\/vitablanca.ma\/ar\/wp-json\/wp\/v2\/product\/33118","targetHints":{"allow":["GET"]}}],"collection":[{"href":"https:\/\/vitablanca.ma\/ar\/wp-json\/wp\/v2\/product"}],"about":[{"href":"https:\/\/vitablanca.ma\/ar\/wp-json\/wp\/v2\/types\/product"}],"wp:featuredmedia":[{"embeddable":true,"href":"https:\/\/vitablanca.ma\/ar\/wp-json\/wp\/v2\/media\/33113"}],"wp:attachment":[{"href":"https:\/\/vitablanca.ma\/ar\/wp-json\/wp\/v2\/media?parent=33118"}],"wp:term":[{"taxonomy":"product_brand","embeddable":true,"href":"https:\/\/vitablanca.ma\/ar\/wp-json\/wp\/v2\/product_brand?post=33118"},{"taxonomy":"product_cat","embeddable":true,"href":"https:\/\/vitablanca.ma\/ar\/wp-json\/wp\/v2\/product_cat?post=33118"},{"taxonomy":"product_tag","embeddable":true,"href":"https:\/\/vitablanca.ma\/ar\/wp-json\/wp\/v2\/product_tag?post=33118"}],"curies":[{"name":"wp","href":"https:\/\/api.w.org\/{rel}","templated":true}]}}