{"id":33112,"date":"2026-03-04T03:00:17","date_gmt":"2026-03-04T03:00:17","guid":{"rendered":"https:\/\/vitablanca.ma\/produit\/skinoren-20-cream\/"},"modified":"2026-04-10T18:10:46","modified_gmt":"2026-04-10T18:10:46","slug":"skinoren-creme-azelaique-acide-20-30g-maroc-prix","status":"publish","type":"product","link":"https:\/\/vitablanca.ma\/ar\/product-2\/skinoren-creme-azelaique-acide-20-30g-maroc-prix\/","title":{"rendered":"SKINOREN Cr\u00e8me az\u00e9la\u00efque acide 20% \u2013 30g"},"content":{"rendered":"<p>Skinoren 20% Cream est un traitement topique anti-acn\u00e9. Sa formule brevet\u00e9e contient de l&rsquo;acide az\u00e9la\u00efque qui tue les bact\u00e9ries responsables de l&rsquo;acn\u00e9 et aide \u00e0 r\u00e9guler la croissance des cellules de la peau pour pr\u00e9venir l&rsquo;obstruction des pores. Profitez d&rsquo;une peau nette et \u00e9clatante.<\/p>\n<p data-start=\"599\" data-end=\"979\"><strong data-start=\"599\" data-end=\"641\">Skinoren Cr\u00e8me \u00e0 l\u2019acide az\u00e9la\u00efque 20%<\/strong> est un traitement dermatologique reconnu pour son efficacit\u00e9 contre l\u2019<strong data-start=\"712\" data-end=\"720\">acn\u00e9<\/strong>\u060c \u0627\u0644 <strong data-start=\"726\" data-end=\"749\">taches pigmentaires<\/strong> \u0648 \u0627\u0644 <strong data-start=\"757\" data-end=\"783\">irr\u00e9gularit\u00e9s du teint<\/strong>. Gr\u00e2ce \u00e0 sa concentration \u00e9lev\u00e9e en acide az\u00e9la\u00efque, cette cr\u00e8me agit directement sur les bact\u00e9ries responsables de l\u2019acn\u00e9, tout en r\u00e9gulant la production de s\u00e9bum et en r\u00e9duisant l\u2019inflammation.<\/p>\n<p data-start=\"981\" data-end=\"1248\">L\u2019acide az\u00e9la\u00efque est \u00e9galement appr\u00e9ci\u00e9 pour ses propri\u00e9t\u00e9s \u00e9claircissantes, aidant \u00e0 att\u00e9nuer les <strong data-start=\"1081\" data-end=\"1098\">taches brunes<\/strong>\u060c \u0627\u0644 <strong data-start=\"1104\" data-end=\"1125\">marques post-acn\u00e9<\/strong> \u0648 \u0627\u0644 <strong data-start=\"1132\" data-end=\"1143\">m\u00e9lasma<\/strong>, tout en unifiant le teint. Sa formule convient aux peaux grasses, mixtes et sujettes aux imperfections.<\/p>\n<p data-start=\"1250\" data-end=\"1406\">Utilis\u00e9e r\u00e9guli\u00e8rement, Skinoren am\u00e9liore visiblement la texture de la peau, r\u00e9duit les rougeurs et laisse la peau plus nette, plus lisse et plus \u00e9clatante.<\/p>\n<h3 data-section-id=\"1kjaxoc\" data-start=\"1408\" data-end=\"1434\">Bienfaits principaux<\/h3>\n<ul data-start=\"1435\" data-end=\"1698\">\n<li data-section-id=\"xtxw1d\" data-start=\"1435\" data-end=\"1482\">Traite efficacement l\u2019acn\u00e9 l\u00e9g\u00e8re \u00e0 mod\u00e9r\u00e9e<\/li>\n<li data-section-id=\"mqybsm\" data-start=\"1483\" data-end=\"1538\">R\u00e9duit les taches pigmentaires et cicatrices d\u2019acn\u00e9<\/li>\n<li data-section-id=\"xxa16v\" data-start=\"1539\" data-end=\"1572\">R\u00e9gule la production de s\u00e9bum<\/li>\n<li data-section-id=\"1ks8ewg\" data-start=\"1573\" data-end=\"1613\">Apaise les inflammations et rougeurs<\/li>\n<li data-section-id=\"z5l4c8\" data-start=\"1614\" data-end=\"1659\">Am\u00e9liore la texture et l\u2019\u00e9clat de la peau<\/li>\n<li data-section-id=\"1j3bvlf\" data-start=\"1660\" data-end=\"1698\">Convient aux peaux \u00e0 imperfections<\/li>\n<\/ul>\n<h2 data-section-id=\"1i5876h\" data-start=\"1705\" data-end=\"1732\">\u0637\u0631\u064a\u0642\u0629 \u0627\u0644\u0627\u0633\u062a\u062e\u062f\u0627\u0645<\/h2>\n<p data-start=\"1733\" data-end=\"1914\">Appliquer une fine couche sur une peau propre et s\u00e8che, 1 \u00e0 2 fois par jour selon les recommandations. \u00c9viter le contact avec les yeux et utiliser une protection solaire en journ\u00e9e.<\/p>","protected":false},"excerpt":{"rendered":"<p>Skinoren 20% Cream est un traitement topique anti-acn\u00e9. Sa formule brevet\u00e9e contient de l&rsquo;acide az\u00e9la\u00efque qui tue les bact\u00e9ries responsables de l&rsquo;acn\u00e9 et aide \u00e0 r\u00e9guler la croissance des cellules de la peau pour pr\u00e9venir l&rsquo;obstruction des pores. Profitez d&rsquo;une peau nette et \u00e9clatante. Skinoren Cr\u00e8me \u00e0 l\u2019acide az\u00e9la\u00efque 20% est un traitement dermatologique reconnu [&hellip;]<\/p>\n","protected":false},"featured_media":33110,"template":"","meta":{"om_disable_all_campaigns":false},"product_brand":[],"product_cat":[18,15],"product_tag":[12100,12103,12101,12104,8284,12102,12099,12105,9553],"class_list":{"0":"post-33112","1":"product","2":"type-product","3":"status-publish","4":"has-post-thumbnail","6":"product_cat-beaute-sante","7":"product_cat-beaute-sante-complements-alimentaires-soins-et-bien-etre-au-meilleur-prix","8":"product_tag-acide-azelaique-20","9":"product_tag-acne-traitement-efficace","10":"product_tag-creme-acne-maroc","11":"product_tag-melasma-traitement-maroc","12":"product_tag-parapharmacie-maroc","13":"product_tag-skinoren-creme","14":"product_tag-skinoren-maroc","15":"product_tag-soins-peau-acneique","16":"product_tag-traitement-taches-brunes","18":"first","19":"instock","20":"sale","21":"taxable","22":"shipping-taxable","23":"purchasable","24":"product-type-simple"},"yoast_head":"<!-- This site is optimized with the Yoast SEO plugin v27.4 - https:\/\/yoast.com\/product\/yoast-seo-wordpress\/ -->\n<title>SKINOREN Cr\u00e8me az\u00e9la\u00efque acide 20% \u2013 30g - Maroc Prix<\/title>\n<meta name=\"description\" content=\"Achetez Skinoren Cr\u00e8me 20% \u00e0 l\u2019acide az\u00e9la\u00efque au Maroc. Traitement efficace contre l\u2019acn\u00e9, les taches pigmentaires et les imperfections. sur Vitablanca.ma.\" \/>\n<meta name=\"robots\" content=\"index, follow, max-snippet:-1, max-image-preview:large, max-video-preview:-1\" \/>\n<link rel=\"canonical\" href=\"https:\/\/vitablanca.ma\/ar\/product-2\/skinoren-creme-azelaique-acide-20-30g-maroc-prix\/\" \/>\n<meta property=\"og:locale\" content=\"ar_AR\" \/>\n<meta property=\"og:type\" content=\"article\" \/>\n<meta property=\"og:title\" content=\"SKINOREN Cr\u00e8me az\u00e9la\u00efque acide 20% \u2013 30g - Maroc Prix\" \/>\n<meta property=\"og:description\" content=\"Achetez Skinoren Cr\u00e8me 20% \u00e0 l\u2019acide az\u00e9la\u00efque au Maroc. Traitement efficace contre l\u2019acn\u00e9, les taches pigmentaires et les imperfections. sur Vitablanca.ma.\" \/>\n<meta property=\"og:url\" content=\"https:\/\/vitablanca.ma\/ar\/product-2\/skinoren-creme-azelaique-acide-20-30g-maroc-prix\/\" \/>\n<meta property=\"og:site_name\" content=\"Vitablanca.ma &ndash; Sant&eacute;, vitalit&eacute; et bien-&ecirc;tre pour tous les Marocains\" \/>\n<meta property=\"article:publisher\" content=\"https:\/\/www.facebook.com\/profile.php?id=61576678196717\" \/>\n<meta property=\"article:modified_time\" content=\"2026-04-10T18:10:46+00:00\" \/>\n<meta property=\"og:image\" content=\"https:\/\/vitablanca.ma\/wp-content\/uploads\/2026\/03\/skinoren.jpg\" \/>\n\t<meta property=\"og:image:width\" content=\"600\" \/>\n\t<meta property=\"og:image:height\" content=\"750\" \/>\n\t<meta property=\"og:image:type\" content=\"image\/jpeg\" \/>\n<meta name=\"twitter:card\" content=\"summary_large_image\" \/>\n<meta name=\"twitter:label1\" content=\"\u0648\u0642\u062a \u0627\u0644\u0642\u0631\u0627\u0621\u0629 \u0627\u0644\u0645\u064f\u0642\u062f\u0651\u0631\" \/>\n\t<meta name=\"twitter:data1\" content=\"\u062f\u0642\u064a\u0642\u062a\u0627\u0646\" \/>\n<script type=\"application\/ld+json\" class=\"yoast-schema-graph\">{\"@context\":\"https:\\\/\\\/schema.org\",\"@graph\":[{\"@type\":[\"WebPage\",\"ItemPage\"],\"@id\":\"https:\\\/\\\/vitablanca.ma\\\/produit\\\/skinoren-creme-azelaique-acide-20-30g-maroc-prix\\\/\",\"url\":\"https:\\\/\\\/vitablanca.ma\\\/produit\\\/skinoren-creme-azelaique-acide-20-30g-maroc-prix\\\/\",\"name\":\"SKINOREN Cr\u00e8me az\u00e9la\u00efque acide 20% \u2013 30g - Maroc Prix\",\"isPartOf\":{\"@id\":\"https:\\\/\\\/vitablanca.ma\\\/#website\"},\"primaryImageOfPage\":{\"@id\":\"https:\\\/\\\/vitablanca.ma\\\/produit\\\/skinoren-creme-azelaique-acide-20-30g-maroc-prix\\\/#primaryimage\"},\"image\":{\"@id\":\"https:\\\/\\\/vitablanca.ma\\\/produit\\\/skinoren-creme-azelaique-acide-20-30g-maroc-prix\\\/#primaryimage\"},\"thumbnailUrl\":\"https:\\\/\\\/vitablanca.ma\\\/wp-content\\\/uploads\\\/2026\\\/03\\\/skinoren.jpg\",\"datePublished\":\"2026-03-04T03:00:17+00:00\",\"dateModified\":\"2026-04-10T18:10:46+00:00\",\"description\":\"Achetez Skinoren Cr\u00e8me 20% \u00e0 l\u2019acide az\u00e9la\u00efque au Maroc. Traitement efficace contre l\u2019acn\u00e9, les taches pigmentaires et les imperfections. sur Vitablanca.ma.\",\"breadcrumb\":{\"@id\":\"https:\\\/\\\/vitablanca.ma\\\/produit\\\/skinoren-creme-azelaique-acide-20-30g-maroc-prix\\\/#breadcrumb\"},\"inLanguage\":\"ar\",\"potentialAction\":[{\"@type\":\"ReadAction\",\"target\":[\"https:\\\/\\\/vitablanca.ma\\\/produit\\\/skinoren-creme-azelaique-acide-20-30g-maroc-prix\\\/\"]}]},{\"@type\":\"ImageObject\",\"inLanguage\":\"ar\",\"@id\":\"https:\\\/\\\/vitablanca.ma\\\/produit\\\/skinoren-creme-azelaique-acide-20-30g-maroc-prix\\\/#primaryimage\",\"url\":\"https:\\\/\\\/vitablanca.ma\\\/wp-content\\\/uploads\\\/2026\\\/03\\\/skinoren.jpg\",\"contentUrl\":\"https:\\\/\\\/vitablanca.ma\\\/wp-content\\\/uploads\\\/2026\\\/03\\\/skinoren.jpg\",\"width\":600,\"height\":750},{\"@type\":\"BreadcrumbList\",\"@id\":\"https:\\\/\\\/vitablanca.ma\\\/produit\\\/skinoren-creme-azelaique-acide-20-30g-maroc-prix\\\/#breadcrumb\",\"itemListElement\":[{\"@type\":\"ListItem\",\"position\":1,\"name\":\"Home\",\"item\":\"https:\\\/\\\/vitablanca.ma\\\/\"},{\"@type\":\"ListItem\",\"position\":2,\"name\":\"Tous Les Produits\",\"item\":\"https:\\\/\\\/vitablanca.ma\\\/tous-les-produits\\\/\"},{\"@type\":\"ListItem\",\"position\":3,\"name\":\"SKINOREN Cr\u00e8me az\u00e9la\u00efque acide 20% \u2013 30g\"}]},{\"@type\":\"WebSite\",\"@id\":\"https:\\\/\\\/vitablanca.ma\\\/#website\",\"url\":\"https:\\\/\\\/vitablanca.ma\\\/\",\"name\":\"VitaBlanca.ma | Compl\u00e9ments alimentaires, sant\u00e9 & beaut\u00e9 au Maroc\",\"description\":\"vendre vitamines et compl\u00e9ments premium des USA &amp; Canada, Nouvelle Z\u00e9lande,Maroc (NOW Foods, Solgar, Manuka). Livraison rapide partout au Maroc.\",\"publisher\":{\"@id\":\"https:\\\/\\\/vitablanca.ma\\\/#organization\"},\"alternateName\":\"VitaBlanca.ma\",\"potentialAction\":[{\"@type\":\"SearchAction\",\"target\":{\"@type\":\"EntryPoint\",\"urlTemplate\":\"https:\\\/\\\/vitablanca.ma\\\/?s={search_term_string}\"},\"query-input\":{\"@type\":\"PropertyValueSpecification\",\"valueRequired\":true,\"valueName\":\"search_term_string\"}}],\"inLanguage\":\"ar\"},{\"@type\":\"Organization\",\"@id\":\"https:\\\/\\\/vitablanca.ma\\\/#organization\",\"name\":\"VitaBlanca\",\"url\":\"https:\\\/\\\/vitablanca.ma\\\/\",\"logo\":{\"@type\":\"ImageObject\",\"inLanguage\":\"ar\",\"@id\":\"https:\\\/\\\/vitablanca.ma\\\/#\\\/schema\\\/logo\\\/image\\\/\",\"url\":\"https:\\\/\\\/vitablanca.ma\\\/wp-content\\\/uploads\\\/2025\\\/05\\\/cropped-vitablanca.png\",\"contentUrl\":\"https:\\\/\\\/vitablanca.ma\\\/wp-content\\\/uploads\\\/2025\\\/05\\\/cropped-vitablanca.png\",\"width\":360,\"height\":67,\"caption\":\"VitaBlanca\"},\"image\":{\"@id\":\"https:\\\/\\\/vitablanca.ma\\\/#\\\/schema\\\/logo\\\/image\\\/\"},\"sameAs\":[\"https:\\\/\\\/www.facebook.com\\\/profile.php?id=61576678196717\",\"https:\\\/\\\/www.tiktok.com\\\/@vitablanca.ma\",\"https:\\\/\\\/www.instagram.com\\\/vitablanca.ma\\\/\"]}]}<\/script>\n<!-- \/ Yoast SEO plugin. -->","yoast_head_json":{"title":"SKINOREN Cr\u00e8me az\u00e9la\u00efque acide 20% \u2013 30g - Maroc Prix","description":"Achetez Skinoren Cr\u00e8me 20% \u00e0 l\u2019acide az\u00e9la\u00efque au Maroc. Traitement efficace contre l\u2019acn\u00e9, les taches pigmentaires et les imperfections. sur Vitablanca.ma.","robots":{"index":"index","follow":"follow","max-snippet":"max-snippet:-1","max-image-preview":"max-image-preview:large","max-video-preview":"max-video-preview:-1"},"canonical":"https:\/\/vitablanca.ma\/ar\/product-2\/skinoren-creme-azelaique-acide-20-30g-maroc-prix\/","og_locale":"ar_AR","og_type":"article","og_title":"SKINOREN Cr\u00e8me az\u00e9la\u00efque acide 20% \u2013 30g - Maroc Prix","og_description":"Achetez Skinoren Cr\u00e8me 20% \u00e0 l\u2019acide az\u00e9la\u00efque au Maroc. Traitement efficace contre l\u2019acn\u00e9, les taches pigmentaires et les imperfections. sur Vitablanca.ma.","og_url":"https:\/\/vitablanca.ma\/ar\/product-2\/skinoren-creme-azelaique-acide-20-30g-maroc-prix\/","og_site_name":"Vitablanca.ma &ndash; Sant&eacute;, vitalit&eacute; et bien-&ecirc;tre pour tous les Marocains","article_publisher":"https:\/\/www.facebook.com\/profile.php?id=61576678196717","article_modified_time":"2026-04-10T18:10:46+00:00","og_image":[{"width":600,"height":750,"url":"https:\/\/vitablanca.ma\/wp-content\/uploads\/2026\/03\/skinoren.jpg","type":"image\/jpeg"}],"twitter_card":"summary_large_image","twitter_misc":{"\u0648\u0642\u062a \u0627\u0644\u0642\u0631\u0627\u0621\u0629 \u0627\u0644\u0645\u064f\u0642\u062f\u0651\u0631":"\u062f\u0642\u064a\u0642\u062a\u0627\u0646"},"schema":{"@context":"https:\/\/schema.org","@graph":[{"@type":["WebPage","ItemPage"],"@id":"https:\/\/vitablanca.ma\/produit\/skinoren-creme-azelaique-acide-20-30g-maroc-prix\/","url":"https:\/\/vitablanca.ma\/produit\/skinoren-creme-azelaique-acide-20-30g-maroc-prix\/","name":"SKINOREN Cr\u00e8me az\u00e9la\u00efque acide 20% \u2013 30g - Maroc Prix","isPartOf":{"@id":"https:\/\/vitablanca.ma\/#website"},"primaryImageOfPage":{"@id":"https:\/\/vitablanca.ma\/produit\/skinoren-creme-azelaique-acide-20-30g-maroc-prix\/#primaryimage"},"image":{"@id":"https:\/\/vitablanca.ma\/produit\/skinoren-creme-azelaique-acide-20-30g-maroc-prix\/#primaryimage"},"thumbnailUrl":"https:\/\/vitablanca.ma\/wp-content\/uploads\/2026\/03\/skinoren.jpg","datePublished":"2026-03-04T03:00:17+00:00","dateModified":"2026-04-10T18:10:46+00:00","description":"Achetez Skinoren Cr\u00e8me 20% \u00e0 l\u2019acide az\u00e9la\u00efque au Maroc. Traitement efficace contre l\u2019acn\u00e9, les taches pigmentaires et les imperfections. sur Vitablanca.ma.","breadcrumb":{"@id":"https:\/\/vitablanca.ma\/produit\/skinoren-creme-azelaique-acide-20-30g-maroc-prix\/#breadcrumb"},"inLanguage":"ar","potentialAction":[{"@type":"ReadAction","target":["https:\/\/vitablanca.ma\/produit\/skinoren-creme-azelaique-acide-20-30g-maroc-prix\/"]}]},{"@type":"ImageObject","inLanguage":"ar","@id":"https:\/\/vitablanca.ma\/produit\/skinoren-creme-azelaique-acide-20-30g-maroc-prix\/#primaryimage","url":"https:\/\/vitablanca.ma\/wp-content\/uploads\/2026\/03\/skinoren.jpg","contentUrl":"https:\/\/vitablanca.ma\/wp-content\/uploads\/2026\/03\/skinoren.jpg","width":600,"height":750},{"@type":"BreadcrumbList","@id":"https:\/\/vitablanca.ma\/produit\/skinoren-creme-azelaique-acide-20-30g-maroc-prix\/#breadcrumb","itemListElement":[{"@type":"ListItem","position":1,"name":"Home","item":"https:\/\/vitablanca.ma\/"},{"@type":"ListItem","position":2,"name":"Tous Les Produits","item":"https:\/\/vitablanca.ma\/tous-les-produits\/"},{"@type":"ListItem","position":3,"name":"SKINOREN Cr\u00e8me az\u00e9la\u00efque acide 20% \u2013 30g"}]},{"@type":"WebSite","@id":"https:\/\/vitablanca.ma\/#website","url":"https:\/\/vitablanca.ma\/","name":"VitaBlanca.ma | \u0627\u0644\u0645\u0643\u0645\u0644\u0627\u062a \u0627\u0644\u063a\u0630\u0627\u0626\u064a\u0629\u060c \u0627\u0644\u0635\u062d\u0629 \u0648\u0627\u0644\u062c\u0645\u0627\u0644 \u0641\u064a \u0627\u0644\u0645\u063a\u0631\u0628","description":"\u0646\u0628\u064a\u0639 \u0641\u064a\u062a\u0627\u0645\u064a\u0646\u0627\u062a \u0648\u0645\u0643\u0645\u0644\u0627\u062a \u063a\u0630\u0627\u0626\u064a\u0629 \u0641\u0627\u062e\u0631\u0629 \u0645\u0646 \u0627\u0644\u0648\u0644\u0627\u064a\u0627\u062a \u0627\u0644\u0645\u062a\u062d\u062f\u0629 \u0627\u0644\u0623\u0645\u0631\u064a\u0643\u064a\u0629 \u0648\u0643\u0646\u062f\u0627 \u0648\u0646\u064a\u0648\u0632\u064a\u0644\u0646\u062f\u0627 \u0648\u0627\u0644\u0645\u063a\u0631\u0628 (\u0646\u0627\u0648 \u0641\u0648\u062f\u0632\u060c \u0633\u0648\u0644\u062c\u0627\u0631\u060c \u0645\u0627\u0646\u0648\u0643\u0627). \u062a\u0648\u0635\u064a\u0644 \u0633\u0631\u064a\u0639 \u0625\u0644\u0649 \u062c\u0645\u064a\u0639 \u0623\u0646\u062d\u0627\u0621 \u0627\u0644\u0645\u063a\u0631\u0628.","publisher":{"@id":"https:\/\/vitablanca.ma\/#organization"},"alternateName":"VitaBlanca.ma","potentialAction":[{"@type":"SearchAction","target":{"@type":"EntryPoint","urlTemplate":"https:\/\/vitablanca.ma\/?s={search_term_string}"},"query-input":{"@type":"PropertyValueSpecification","valueRequired":true,"valueName":"search_term_string"}}],"inLanguage":"ar"},{"@type":"Organization","@id":"https:\/\/vitablanca.ma\/#organization","name":"\u0641\u064a\u062a\u0627\u0628\u0644\u0627\u0646\u0643\u0627","url":"https:\/\/vitablanca.ma\/","logo":{"@type":"ImageObject","inLanguage":"ar","@id":"https:\/\/vitablanca.ma\/#\/schema\/logo\/image\/","url":"https:\/\/vitablanca.ma\/wp-content\/uploads\/2025\/05\/cropped-vitablanca.png","contentUrl":"https:\/\/vitablanca.ma\/wp-content\/uploads\/2025\/05\/cropped-vitablanca.png","width":360,"height":67,"caption":"VitaBlanca"},"image":{"@id":"https:\/\/vitablanca.ma\/#\/schema\/logo\/image\/"},"sameAs":["https:\/\/www.facebook.com\/profile.php?id=61576678196717","https:\/\/www.tiktok.com\/@vitablanca.ma","https:\/\/www.instagram.com\/vitablanca.ma\/"]}]}},"jetpack_sharing_enabled":true,"_links":{"self":[{"href":"https:\/\/vitablanca.ma\/ar\/wp-json\/wp\/v2\/product\/33112","targetHints":{"allow":["GET"]}}],"collection":[{"href":"https:\/\/vitablanca.ma\/ar\/wp-json\/wp\/v2\/product"}],"about":[{"href":"https:\/\/vitablanca.ma\/ar\/wp-json\/wp\/v2\/types\/product"}],"wp:featuredmedia":[{"embeddable":true,"href":"https:\/\/vitablanca.ma\/ar\/wp-json\/wp\/v2\/media\/33110"}],"wp:attachment":[{"href":"https:\/\/vitablanca.ma\/ar\/wp-json\/wp\/v2\/media?parent=33112"}],"wp:term":[{"taxonomy":"product_brand","embeddable":true,"href":"https:\/\/vitablanca.ma\/ar\/wp-json\/wp\/v2\/product_brand?post=33112"},{"taxonomy":"product_cat","embeddable":true,"href":"https:\/\/vitablanca.ma\/ar\/wp-json\/wp\/v2\/product_cat?post=33112"},{"taxonomy":"product_tag","embeddable":true,"href":"https:\/\/vitablanca.ma\/ar\/wp-json\/wp\/v2\/product_tag?post=33112"}],"curies":[{"name":"wp","href":"https:\/\/api.w.org\/{rel}","templated":true}]}}