{"id":33088,"date":"2026-03-04T02:57:29","date_gmt":"2026-03-04T02:57:29","guid":{"rendered":"https:\/\/vitablanca.ma\/produit\/keratine-queen-moisturizing-protein-brazilian-conditioner-800ml\/"},"modified":"2026-03-06T03:38:46","modified_gmt":"2026-03-06T03:38:46","slug":"keratine-queen-moisturizing-protein-brazilian-conditioner-800ml","status":"publish","type":"product","link":"https:\/\/vitablanca.ma\/ar\/product-2\/keratine-queen-moisturizing-protein-brazilian-conditioner-800ml\/","title":{"rendered":"Keratine Queen Moisturizing Protein Brazilian Conditioner 800ml"},"content":{"rendered":"<article class=\"col8 -pvs\">\n<div class=\"card-b -fh\">\n<div class=\"markup -pam\">\n<p><b>Il nettoie en profondeur et nourrit les cheveux tout en conservant leur douceur<\/b><span>. Il prot\u00e8ge \u00e9galement les cheveux de la casse et de la s\u00e9cheresse caus\u00e9es par le traitement capillaire des boucles de cheveux et de toute autre substance nocive.<\/span><\/p>\n<ul>\n<li>Avec des prot\u00e9ines riches et de l&rsquo;huile d&rsquo;argan.<\/li>\n<li>Convient \u00e0 tous les types de poils.<\/li>\n<li>Keratine queen Protein brazilian Conditionner<\/li>\n<li>COLLAG\u00c8NE &#8211; Cheveux r\u00e9parateurs, anti-casse.<\/li>\n<li>K\u00c9RATINE &#8211; Lissage des cheveux.<\/li>\n<li>HUILE DE JOJOBA &#8211; La graisse \u00e9quilibrante inhibe la croissance des bact\u00e9ries du follicule pileux.<\/li>\n<li>Conditionner sans sulfate, ni paraben ni silicone<\/li>\n<li>Volume : 800 ml\u00a0<\/li>\n<li>HUILE D&rsquo;ARGAN &#8211; Cheveux nourrissants et hydratants.<\/li>\n<\/ul>\n<ul>\n<li style=\"text-align: left\">Color Free<\/li>\n<li style=\"text-align: left\">Sulfate Free<\/li>\n<li style=\"text-align: left\">Paraben Free\n<\/li>\n<li>pour les gens qui ont fait\u00a0 un traitement k\u00e9ratine ou prot\u00e9ine<\/li>\n<\/ul>\n<\/div>\n<\/div>\n<\/article>","protected":false},"excerpt":{"rendered":"<p>Il nettoie en profondeur et nourrit les cheveux tout en conservant leur douceur. Il prot\u00e8ge \u00e9galement les cheveux de la casse et de la s\u00e9cheresse caus\u00e9es par le traitement capillaire des boucles de cheveux et de toute autre substance nocive. Avec des prot\u00e9ines riches et de l&rsquo;huile d&rsquo;argan. Convient \u00e0 tous les types de poils. [&hellip;]<\/p>\n","protected":false},"featured_media":33086,"template":"","meta":{"om_disable_all_campaigns":false},"product_brand":[],"product_cat":[18,15],"product_tag":[],"class_list":{"0":"post-33088","1":"product","2":"type-product","3":"status-publish","4":"has-post-thumbnail","6":"product_cat-beaute-sante","7":"product_cat-beaute-sante-complements-alimentaires-soins-et-bien-etre-au-meilleur-prix","9":"first","10":"instock","11":"taxable","12":"shipping-taxable","13":"purchasable","14":"product-type-simple"},"yoast_head":"<!-- This site is optimized with the Yoast SEO plugin v27.3 - https:\/\/yoast.com\/product\/yoast-seo-wordpress\/ -->\n<title>Keratine Queen Moisturizing Protein Brazilian Conditioner 800ml - Maroc Prix<\/title>\n<meta name=\"description\" content=\"Keratine Queen Moisturizing Protein Brazilian Conditioner 800ml\" \/>\n<meta name=\"robots\" content=\"index, follow, max-snippet:-1, max-image-preview:large, max-video-preview:-1\" \/>\n<link rel=\"canonical\" href=\"https:\/\/vitablanca.ma\/ar\/product-2\/keratine-queen-moisturizing-protein-brazilian-conditioner-800ml\/\" \/>\n<meta property=\"og:locale\" content=\"ar_AR\" \/>\n<meta property=\"og:type\" content=\"article\" \/>\n<meta property=\"og:title\" content=\"Keratine Queen Moisturizing Protein Brazilian Conditioner 800ml - Maroc Prix\" \/>\n<meta property=\"og:description\" content=\"Keratine Queen Moisturizing Protein Brazilian Conditioner 800ml\" \/>\n<meta property=\"og:url\" content=\"https:\/\/vitablanca.ma\/ar\/product-2\/keratine-queen-moisturizing-protein-brazilian-conditioner-800ml\/\" \/>\n<meta property=\"og:site_name\" content=\"Vitablanca.ma &ndash; Sant&eacute;, vitalit&eacute; et bien-&ecirc;tre pour tous les Marocains\" \/>\n<meta property=\"article:publisher\" content=\"https:\/\/www.facebook.com\/profile.php?id=61576678196717\" \/>\n<meta property=\"article:modified_time\" content=\"2026-03-06T03:38:46+00:00\" \/>\n<meta property=\"og:image\" content=\"https:\/\/vitablanca.ma\/wp-content\/uploads\/2026\/03\/1.KeratineQueenMoisturizingProteinBrazilianConditioner800ml.jpg\" \/>\n\t<meta property=\"og:image:width\" content=\"500\" \/>\n\t<meta property=\"og:image:height\" content=\"500\" \/>\n\t<meta property=\"og:image:type\" content=\"image\/jpeg\" \/>\n<meta name=\"twitter:card\" content=\"summary_large_image\" \/>\n<meta name=\"twitter:label1\" content=\"\u0648\u0642\u062a \u0627\u0644\u0642\u0631\u0627\u0621\u0629 \u0627\u0644\u0645\u064f\u0642\u062f\u0651\u0631\" \/>\n\t<meta name=\"twitter:data1\" content=\"\u062f\u0642\u064a\u0642\u0629 \u0648\u0627\u062d\u062f\u0629\" \/>\n<script type=\"application\/ld+json\" class=\"yoast-schema-graph\">{\"@context\":\"https:\\\/\\\/schema.org\",\"@graph\":[{\"@type\":[\"WebPage\",\"ItemPage\"],\"@id\":\"https:\\\/\\\/vitablanca.ma\\\/produit\\\/keratine-queen-moisturizing-protein-brazilian-conditioner-800ml\\\/\",\"url\":\"https:\\\/\\\/vitablanca.ma\\\/produit\\\/keratine-queen-moisturizing-protein-brazilian-conditioner-800ml\\\/\",\"name\":\"Keratine Queen Moisturizing Protein Brazilian Conditioner 800ml - Maroc Prix\",\"isPartOf\":{\"@id\":\"https:\\\/\\\/vitablanca.ma\\\/#website\"},\"primaryImageOfPage\":{\"@id\":\"https:\\\/\\\/vitablanca.ma\\\/produit\\\/keratine-queen-moisturizing-protein-brazilian-conditioner-800ml\\\/#primaryimage\"},\"image\":{\"@id\":\"https:\\\/\\\/vitablanca.ma\\\/produit\\\/keratine-queen-moisturizing-protein-brazilian-conditioner-800ml\\\/#primaryimage\"},\"thumbnailUrl\":\"https:\\\/\\\/vitablanca.ma\\\/wp-content\\\/uploads\\\/2026\\\/03\\\/1.KeratineQueenMoisturizingProteinBrazilianConditioner800ml.jpg\",\"datePublished\":\"2026-03-04T02:57:29+00:00\",\"dateModified\":\"2026-03-06T03:38:46+00:00\",\"description\":\"Keratine Queen Moisturizing Protein Brazilian Conditioner 800ml\",\"breadcrumb\":{\"@id\":\"https:\\\/\\\/vitablanca.ma\\\/produit\\\/keratine-queen-moisturizing-protein-brazilian-conditioner-800ml\\\/#breadcrumb\"},\"inLanguage\":\"ar\",\"potentialAction\":[{\"@type\":\"ReadAction\",\"target\":[\"https:\\\/\\\/vitablanca.ma\\\/produit\\\/keratine-queen-moisturizing-protein-brazilian-conditioner-800ml\\\/\"]}]},{\"@type\":\"ImageObject\",\"inLanguage\":\"ar\",\"@id\":\"https:\\\/\\\/vitablanca.ma\\\/produit\\\/keratine-queen-moisturizing-protein-brazilian-conditioner-800ml\\\/#primaryimage\",\"url\":\"https:\\\/\\\/vitablanca.ma\\\/wp-content\\\/uploads\\\/2026\\\/03\\\/1.KeratineQueenMoisturizingProteinBrazilianConditioner800ml.jpg\",\"contentUrl\":\"https:\\\/\\\/vitablanca.ma\\\/wp-content\\\/uploads\\\/2026\\\/03\\\/1.KeratineQueenMoisturizingProteinBrazilianConditioner800ml.jpg\",\"width\":500,\"height\":500},{\"@type\":\"BreadcrumbList\",\"@id\":\"https:\\\/\\\/vitablanca.ma\\\/produit\\\/keratine-queen-moisturizing-protein-brazilian-conditioner-800ml\\\/#breadcrumb\",\"itemListElement\":[{\"@type\":\"ListItem\",\"position\":1,\"name\":\"Home\",\"item\":\"https:\\\/\\\/vitablanca.ma\\\/\"},{\"@type\":\"ListItem\",\"position\":2,\"name\":\"Tous Les Produits\",\"item\":\"https:\\\/\\\/vitablanca.ma\\\/tous-les-produits\\\/\"},{\"@type\":\"ListItem\",\"position\":3,\"name\":\"Keratine Queen Moisturizing Protein Brazilian Conditioner 800ml\"}]},{\"@type\":\"WebSite\",\"@id\":\"https:\\\/\\\/vitablanca.ma\\\/#website\",\"url\":\"https:\\\/\\\/vitablanca.ma\\\/\",\"name\":\"VitaBlanca.ma | Compl\u00e9ments alimentaires, sant\u00e9 & beaut\u00e9 au Maroc\",\"description\":\"vendre vitamines et compl\u00e9ments premium des USA &amp; Canada, Nouvelle Z\u00e9lande,Maroc (NOW Foods, Solgar, Manuka). Livraison rapide partout au Maroc.\",\"publisher\":{\"@id\":\"https:\\\/\\\/vitablanca.ma\\\/#organization\"},\"alternateName\":\"VitaBlanca.ma\",\"potentialAction\":[{\"@type\":\"SearchAction\",\"target\":{\"@type\":\"EntryPoint\",\"urlTemplate\":\"https:\\\/\\\/vitablanca.ma\\\/?s={search_term_string}\"},\"query-input\":{\"@type\":\"PropertyValueSpecification\",\"valueRequired\":true,\"valueName\":\"search_term_string\"}}],\"inLanguage\":\"ar\"},{\"@type\":\"Organization\",\"@id\":\"https:\\\/\\\/vitablanca.ma\\\/#organization\",\"name\":\"VitaBlanca\",\"url\":\"https:\\\/\\\/vitablanca.ma\\\/\",\"logo\":{\"@type\":\"ImageObject\",\"inLanguage\":\"ar\",\"@id\":\"https:\\\/\\\/vitablanca.ma\\\/#\\\/schema\\\/logo\\\/image\\\/\",\"url\":\"https:\\\/\\\/vitablanca.ma\\\/wp-content\\\/uploads\\\/2025\\\/05\\\/cropped-vitablanca.png\",\"contentUrl\":\"https:\\\/\\\/vitablanca.ma\\\/wp-content\\\/uploads\\\/2025\\\/05\\\/cropped-vitablanca.png\",\"width\":360,\"height\":67,\"caption\":\"VitaBlanca\"},\"image\":{\"@id\":\"https:\\\/\\\/vitablanca.ma\\\/#\\\/schema\\\/logo\\\/image\\\/\"},\"sameAs\":[\"https:\\\/\\\/www.facebook.com\\\/profile.php?id=61576678196717\",\"https:\\\/\\\/www.tiktok.com\\\/@vitablanca.ma\",\"https:\\\/\\\/www.instagram.com\\\/vitablanca.ma\\\/\"]}]}<\/script>\n<!-- \/ Yoast SEO plugin. -->","yoast_head_json":{"title":"Keratine Queen Moisturizing Protein Brazilian Conditioner 800ml - Maroc Prix","description":"Keratine Queen Moisturizing Protein Brazilian Conditioner 800ml","robots":{"index":"index","follow":"follow","max-snippet":"max-snippet:-1","max-image-preview":"max-image-preview:large","max-video-preview":"max-video-preview:-1"},"canonical":"https:\/\/vitablanca.ma\/ar\/product-2\/keratine-queen-moisturizing-protein-brazilian-conditioner-800ml\/","og_locale":"ar_AR","og_type":"article","og_title":"Keratine Queen Moisturizing Protein Brazilian Conditioner 800ml - Maroc Prix","og_description":"Keratine Queen Moisturizing Protein Brazilian Conditioner 800ml","og_url":"https:\/\/vitablanca.ma\/ar\/product-2\/keratine-queen-moisturizing-protein-brazilian-conditioner-800ml\/","og_site_name":"Vitablanca.ma &ndash; Sant&eacute;, vitalit&eacute; et bien-&ecirc;tre pour tous les Marocains","article_publisher":"https:\/\/www.facebook.com\/profile.php?id=61576678196717","article_modified_time":"2026-03-06T03:38:46+00:00","og_image":[{"width":500,"height":500,"url":"https:\/\/vitablanca.ma\/wp-content\/uploads\/2026\/03\/1.KeratineQueenMoisturizingProteinBrazilianConditioner800ml.jpg","type":"image\/jpeg"}],"twitter_card":"summary_large_image","twitter_misc":{"\u0648\u0642\u062a \u0627\u0644\u0642\u0631\u0627\u0621\u0629 \u0627\u0644\u0645\u064f\u0642\u062f\u0651\u0631":"\u062f\u0642\u064a\u0642\u0629 \u0648\u0627\u062d\u062f\u0629"},"schema":{"@context":"https:\/\/schema.org","@graph":[{"@type":["WebPage","ItemPage"],"@id":"https:\/\/vitablanca.ma\/produit\/keratine-queen-moisturizing-protein-brazilian-conditioner-800ml\/","url":"https:\/\/vitablanca.ma\/produit\/keratine-queen-moisturizing-protein-brazilian-conditioner-800ml\/","name":"Keratine Queen Moisturizing Protein Brazilian Conditioner 800ml - Maroc Prix","isPartOf":{"@id":"https:\/\/vitablanca.ma\/#website"},"primaryImageOfPage":{"@id":"https:\/\/vitablanca.ma\/produit\/keratine-queen-moisturizing-protein-brazilian-conditioner-800ml\/#primaryimage"},"image":{"@id":"https:\/\/vitablanca.ma\/produit\/keratine-queen-moisturizing-protein-brazilian-conditioner-800ml\/#primaryimage"},"thumbnailUrl":"https:\/\/vitablanca.ma\/wp-content\/uploads\/2026\/03\/1.KeratineQueenMoisturizingProteinBrazilianConditioner800ml.jpg","datePublished":"2026-03-04T02:57:29+00:00","dateModified":"2026-03-06T03:38:46+00:00","description":"Keratine Queen Moisturizing Protein Brazilian Conditioner 800ml","breadcrumb":{"@id":"https:\/\/vitablanca.ma\/produit\/keratine-queen-moisturizing-protein-brazilian-conditioner-800ml\/#breadcrumb"},"inLanguage":"ar","potentialAction":[{"@type":"ReadAction","target":["https:\/\/vitablanca.ma\/produit\/keratine-queen-moisturizing-protein-brazilian-conditioner-800ml\/"]}]},{"@type":"ImageObject","inLanguage":"ar","@id":"https:\/\/vitablanca.ma\/produit\/keratine-queen-moisturizing-protein-brazilian-conditioner-800ml\/#primaryimage","url":"https:\/\/vitablanca.ma\/wp-content\/uploads\/2026\/03\/1.KeratineQueenMoisturizingProteinBrazilianConditioner800ml.jpg","contentUrl":"https:\/\/vitablanca.ma\/wp-content\/uploads\/2026\/03\/1.KeratineQueenMoisturizingProteinBrazilianConditioner800ml.jpg","width":500,"height":500},{"@type":"BreadcrumbList","@id":"https:\/\/vitablanca.ma\/produit\/keratine-queen-moisturizing-protein-brazilian-conditioner-800ml\/#breadcrumb","itemListElement":[{"@type":"ListItem","position":1,"name":"Home","item":"https:\/\/vitablanca.ma\/"},{"@type":"ListItem","position":2,"name":"Tous Les Produits","item":"https:\/\/vitablanca.ma\/tous-les-produits\/"},{"@type":"ListItem","position":3,"name":"Keratine Queen Moisturizing Protein Brazilian Conditioner 800ml"}]},{"@type":"WebSite","@id":"https:\/\/vitablanca.ma\/#website","url":"https:\/\/vitablanca.ma\/","name":"VitaBlanca.ma | \u0627\u0644\u0645\u0643\u0645\u0644\u0627\u062a \u0627\u0644\u063a\u0630\u0627\u0626\u064a\u0629\u060c \u0627\u0644\u0635\u062d\u0629 \u0648\u0627\u0644\u062c\u0645\u0627\u0644 \u0641\u064a \u0627\u0644\u0645\u063a\u0631\u0628","description":"\u0646\u0628\u064a\u0639 \u0641\u064a\u062a\u0627\u0645\u064a\u0646\u0627\u062a \u0648\u0645\u0643\u0645\u0644\u0627\u062a \u063a\u0630\u0627\u0626\u064a\u0629 \u0641\u0627\u062e\u0631\u0629 \u0645\u0646 \u0627\u0644\u0648\u0644\u0627\u064a\u0627\u062a \u0627\u0644\u0645\u062a\u062d\u062f\u0629 \u0627\u0644\u0623\u0645\u0631\u064a\u0643\u064a\u0629 \u0648\u0643\u0646\u062f\u0627 \u0648\u0646\u064a\u0648\u0632\u064a\u0644\u0646\u062f\u0627 \u0648\u0627\u0644\u0645\u063a\u0631\u0628 (\u0646\u0627\u0648 \u0641\u0648\u062f\u0632\u060c \u0633\u0648\u0644\u062c\u0627\u0631\u060c \u0645\u0627\u0646\u0648\u0643\u0627). \u062a\u0648\u0635\u064a\u0644 \u0633\u0631\u064a\u0639 \u0625\u0644\u0649 \u062c\u0645\u064a\u0639 \u0623\u0646\u062d\u0627\u0621 \u0627\u0644\u0645\u063a\u0631\u0628.","publisher":{"@id":"https:\/\/vitablanca.ma\/#organization"},"alternateName":"VitaBlanca.ma","potentialAction":[{"@type":"SearchAction","target":{"@type":"EntryPoint","urlTemplate":"https:\/\/vitablanca.ma\/?s={search_term_string}"},"query-input":{"@type":"PropertyValueSpecification","valueRequired":true,"valueName":"search_term_string"}}],"inLanguage":"ar"},{"@type":"Organization","@id":"https:\/\/vitablanca.ma\/#organization","name":"\u0641\u064a\u062a\u0627\u0628\u0644\u0627\u0646\u0643\u0627","url":"https:\/\/vitablanca.ma\/","logo":{"@type":"ImageObject","inLanguage":"ar","@id":"https:\/\/vitablanca.ma\/#\/schema\/logo\/image\/","url":"https:\/\/vitablanca.ma\/wp-content\/uploads\/2025\/05\/cropped-vitablanca.png","contentUrl":"https:\/\/vitablanca.ma\/wp-content\/uploads\/2025\/05\/cropped-vitablanca.png","width":360,"height":67,"caption":"VitaBlanca"},"image":{"@id":"https:\/\/vitablanca.ma\/#\/schema\/logo\/image\/"},"sameAs":["https:\/\/www.facebook.com\/profile.php?id=61576678196717","https:\/\/www.tiktok.com\/@vitablanca.ma","https:\/\/www.instagram.com\/vitablanca.ma\/"]}]}},"jetpack_sharing_enabled":true,"_links":{"self":[{"href":"https:\/\/vitablanca.ma\/ar\/wp-json\/wp\/v2\/product\/33088","targetHints":{"allow":["GET"]}}],"collection":[{"href":"https:\/\/vitablanca.ma\/ar\/wp-json\/wp\/v2\/product"}],"about":[{"href":"https:\/\/vitablanca.ma\/ar\/wp-json\/wp\/v2\/types\/product"}],"wp:featuredmedia":[{"embeddable":true,"href":"https:\/\/vitablanca.ma\/ar\/wp-json\/wp\/v2\/media\/33086"}],"wp:attachment":[{"href":"https:\/\/vitablanca.ma\/ar\/wp-json\/wp\/v2\/media?parent=33088"}],"wp:term":[{"taxonomy":"product_brand","embeddable":true,"href":"https:\/\/vitablanca.ma\/ar\/wp-json\/wp\/v2\/product_brand?post=33088"},{"taxonomy":"product_cat","embeddable":true,"href":"https:\/\/vitablanca.ma\/ar\/wp-json\/wp\/v2\/product_cat?post=33088"},{"taxonomy":"product_tag","embeddable":true,"href":"https:\/\/vitablanca.ma\/ar\/wp-json\/wp\/v2\/product_tag?post=33088"}],"curies":[{"name":"wp","href":"https:\/\/api.w.org\/{rel}","templated":true}]}}