{"id":33059,"date":"2026-03-04T02:41:56","date_gmt":"2026-03-04T02:41:56","guid":{"rendered":"https:\/\/vitablanca.ma\/produit\/ameerat-al-arab-prive-rose-eau-de-parfum-pour-femme-asdaaf-100ml\/"},"modified":"2026-03-15T23:08:26","modified_gmt":"2026-03-15T23:08:26","slug":"ameerat-al-arab-prive-rose-eau-de-parfum-pour-femme-asdaaf-100ml","status":"publish","type":"product","link":"https:\/\/vitablanca.ma\/ar\/product-2\/ameerat-al-arab-prive-rose-eau-de-parfum-pour-femme-asdaaf-100ml\/","title":{"rendered":"Ameerat Al Arab Prive Rose Eau De Parfum Pour Femme &#8211; ASDAAF 100ml"},"content":{"rendered":"<p><strong>Ameerat Al Arab [\u0623\u0645\u064a\u0631\u0629 \u0627\u0644\u0639\u0631\u0628]<\/strong> Prive Rose est la derni\u00e8re \u00e9dition limit\u00e9e de la marque. Un parfum original et unique, sa fragrance vous fera d\u00e9couvrir un voyage olfactif inoubliable. Son ar\u00f4me saura s\u00e9duire et enchanter vos sens. D\u00e9couvrez cette eau de parfum unique.<\/p>\n<p class=\"MsoNormal\"><b>Notes olfactives :<\/b><\/p>\n<p><strong>Notes de t\u00eate :\u00a0<\/strong>Fraise, Raisin, Orange<br \/>\n<strong>Notes de coeur :\u00a0<\/strong>Rose, Musc Blanc, Jasmin, Gard\u00e9nia, Ylang-Ylang, Lys<br \/>\n<strong>Notes de fond :\u00a0<\/strong>F\u00e8ve Tonka, Ambre, Bois De Santal<\/p>\n","protected":false},"excerpt":{"rendered":"<p>Ameerat Al Arab [\u0623\u0645\u064a\u0631\u0629 \u0627\u0644\u0639\u0631\u0628] Prive Rose est la derni\u00e8re \u00e9dition limit\u00e9e de la marque. Un parfum original et unique, sa fragrance vous fera d\u00e9couvrir un voyage olfactif inoubliable. Son ar\u00f4me saura s\u00e9duire et enchanter vos sens. D\u00e9couvrez cette eau de parfum unique. Notes olfactives : Notes de t\u00eate :\u00a0Fraise, Raisin, Orange Notes de coeur [&hellip;]<\/p>\n","protected":false},"featured_media":33053,"template":"","meta":{"om_disable_all_campaigns":false},"product_brand":[],"product_cat":[18,15,1091],"product_tag":[11740,11741,11744,11746,11742,11745,11572,11595,11743],"class_list":{"0":"post-33059","1":"product","2":"type-product","3":"status-publish","4":"has-post-thumbnail","6":"product_cat-beaute-sante","7":"product_cat-beaute-sante-complements-alimentaires-soins-et-bien-etre-au-meilleur-prix","8":"product_cat-beaute-parfums-maroc-prix","9":"product_tag-ameerat-al-arab-prive-rose","10":"product_tag-asdaaf-parfum","11":"product_tag-lattafa-asdaaf","12":"product_tag-parfum-arabe-femme","13":"product_tag-parfum-femme-asdaaf","14":"product_tag-parfum-femme-longue-tenue","15":"product_tag-parfum-floral-femme","16":"product_tag-parfum-oriental-femme","17":"product_tag-parfum-rose-femme","19":"first","20":"outofstock","21":"taxable","22":"shipping-taxable","23":"purchasable","24":"product-type-simple"},"yoast_head":"<!-- This site is optimized with the Yoast SEO plugin v27.3 - https:\/\/yoast.com\/product\/yoast-seo-wordpress\/ -->\n<title>Ameerat Al Arab Prive Rose Eau De Parfum - Maroc Prix<\/title>\n<meta name=\"description\" content=\"D\u00e9couvrez Ameerat Al Arab Prive Rose d\u2019ASDAAF 100ml, un parfum f\u00e9minin \u00e9l\u00e9gant aux notes de rose, fruits et musc. Une fragrance douce .\" \/>\n<meta name=\"robots\" content=\"index, follow, max-snippet:-1, max-image-preview:large, max-video-preview:-1\" \/>\n<link rel=\"canonical\" href=\"https:\/\/vitablanca.ma\/ar\/product-2\/ameerat-al-arab-prive-rose-eau-de-parfum-pour-femme-asdaaf-100ml\/\" \/>\n<meta property=\"og:locale\" content=\"ar_AR\" \/>\n<meta property=\"og:type\" content=\"article\" \/>\n<meta property=\"og:title\" content=\"Ameerat Al Arab Prive Rose Eau De Parfum - Maroc Prix\" \/>\n<meta property=\"og:description\" content=\"D\u00e9couvrez Ameerat Al Arab Prive Rose d\u2019ASDAAF 100ml, un parfum f\u00e9minin \u00e9l\u00e9gant aux notes de rose, fruits et musc. Une fragrance douce .\" \/>\n<meta property=\"og:url\" content=\"https:\/\/vitablanca.ma\/ar\/product-2\/ameerat-al-arab-prive-rose-eau-de-parfum-pour-femme-asdaaf-100ml\/\" \/>\n<meta property=\"og:site_name\" content=\"Vitablanca.ma &ndash; Sant&eacute;, vitalit&eacute; et bien-&ecirc;tre pour tous les Marocains\" \/>\n<meta property=\"article:publisher\" content=\"https:\/\/www.facebook.com\/profile.php?id=61576678196717\" \/>\n<meta property=\"article:modified_time\" content=\"2026-03-15T23:08:26+00:00\" \/>\n<meta property=\"og:image\" content=\"https:\/\/vitablanca.ma\/wp-content\/uploads\/2026\/03\/AmeeratAlArabPriveRoseEauDeParfumPourFemme-ASDAAF100ml6.jpg\" \/>\n\t<meta property=\"og:image:width\" content=\"1080\" \/>\n\t<meta property=\"og:image:height\" content=\"1080\" \/>\n\t<meta property=\"og:image:type\" content=\"image\/jpeg\" \/>\n<meta name=\"twitter:card\" content=\"summary_large_image\" \/>\n<meta name=\"twitter:label1\" content=\"\u0648\u0642\u062a \u0627\u0644\u0642\u0631\u0627\u0621\u0629 \u0627\u0644\u0645\u064f\u0642\u062f\u0651\u0631\" \/>\n\t<meta name=\"twitter:data1\" content=\"\u062f\u0642\u064a\u0642\u0629 \u0648\u0627\u062d\u062f\u0629\" \/>\n<script type=\"application\/ld+json\" class=\"yoast-schema-graph\">{\"@context\":\"https:\\\/\\\/schema.org\",\"@graph\":[{\"@type\":[\"WebPage\",\"ItemPage\"],\"@id\":\"https:\\\/\\\/vitablanca.ma\\\/produit\\\/ameerat-al-arab-prive-rose-eau-de-parfum-pour-femme-asdaaf-100ml\\\/\",\"url\":\"https:\\\/\\\/vitablanca.ma\\\/produit\\\/ameerat-al-arab-prive-rose-eau-de-parfum-pour-femme-asdaaf-100ml\\\/\",\"name\":\"Ameerat Al Arab Prive Rose Eau De Parfum - Maroc Prix\",\"isPartOf\":{\"@id\":\"https:\\\/\\\/vitablanca.ma\\\/#website\"},\"primaryImageOfPage\":{\"@id\":\"https:\\\/\\\/vitablanca.ma\\\/produit\\\/ameerat-al-arab-prive-rose-eau-de-parfum-pour-femme-asdaaf-100ml\\\/#primaryimage\"},\"image\":{\"@id\":\"https:\\\/\\\/vitablanca.ma\\\/produit\\\/ameerat-al-arab-prive-rose-eau-de-parfum-pour-femme-asdaaf-100ml\\\/#primaryimage\"},\"thumbnailUrl\":\"https:\\\/\\\/vitablanca.ma\\\/wp-content\\\/uploads\\\/2026\\\/03\\\/AmeeratAlArabPriveRoseEauDeParfumPourFemme-ASDAAF100ml6.jpg\",\"datePublished\":\"2026-03-04T02:41:56+00:00\",\"dateModified\":\"2026-03-15T23:08:26+00:00\",\"description\":\"D\u00e9couvrez Ameerat Al Arab Prive Rose d\u2019ASDAAF 100ml, un parfum f\u00e9minin \u00e9l\u00e9gant aux notes de rose, fruits et musc. Une fragrance douce .\",\"breadcrumb\":{\"@id\":\"https:\\\/\\\/vitablanca.ma\\\/produit\\\/ameerat-al-arab-prive-rose-eau-de-parfum-pour-femme-asdaaf-100ml\\\/#breadcrumb\"},\"inLanguage\":\"ar\",\"potentialAction\":[{\"@type\":\"ReadAction\",\"target\":[\"https:\\\/\\\/vitablanca.ma\\\/produit\\\/ameerat-al-arab-prive-rose-eau-de-parfum-pour-femme-asdaaf-100ml\\\/\"]}]},{\"@type\":\"ImageObject\",\"inLanguage\":\"ar\",\"@id\":\"https:\\\/\\\/vitablanca.ma\\\/produit\\\/ameerat-al-arab-prive-rose-eau-de-parfum-pour-femme-asdaaf-100ml\\\/#primaryimage\",\"url\":\"https:\\\/\\\/vitablanca.ma\\\/wp-content\\\/uploads\\\/2026\\\/03\\\/AmeeratAlArabPriveRoseEauDeParfumPourFemme-ASDAAF100ml6.jpg\",\"contentUrl\":\"https:\\\/\\\/vitablanca.ma\\\/wp-content\\\/uploads\\\/2026\\\/03\\\/AmeeratAlArabPriveRoseEauDeParfumPourFemme-ASDAAF100ml6.jpg\",\"width\":1080,\"height\":1080},{\"@type\":\"BreadcrumbList\",\"@id\":\"https:\\\/\\\/vitablanca.ma\\\/produit\\\/ameerat-al-arab-prive-rose-eau-de-parfum-pour-femme-asdaaf-100ml\\\/#breadcrumb\",\"itemListElement\":[{\"@type\":\"ListItem\",\"position\":1,\"name\":\"Home\",\"item\":\"https:\\\/\\\/vitablanca.ma\\\/\"},{\"@type\":\"ListItem\",\"position\":2,\"name\":\"Tous Les Produits\",\"item\":\"https:\\\/\\\/vitablanca.ma\\\/tous-les-produits\\\/\"},{\"@type\":\"ListItem\",\"position\":3,\"name\":\"Ameerat Al Arab Prive Rose Eau De Parfum Pour Femme &#8211; ASDAAF 100ml\"}]},{\"@type\":\"WebSite\",\"@id\":\"https:\\\/\\\/vitablanca.ma\\\/#website\",\"url\":\"https:\\\/\\\/vitablanca.ma\\\/\",\"name\":\"VitaBlanca.ma | Compl\u00e9ments alimentaires, sant\u00e9 & beaut\u00e9 au Maroc\",\"description\":\"vendre vitamines et compl\u00e9ments premium des USA &amp; Canada, Nouvelle Z\u00e9lande,Maroc (NOW Foods, Solgar, Manuka). Livraison rapide partout au Maroc.\",\"publisher\":{\"@id\":\"https:\\\/\\\/vitablanca.ma\\\/#organization\"},\"alternateName\":\"VitaBlanca.ma\",\"potentialAction\":[{\"@type\":\"SearchAction\",\"target\":{\"@type\":\"EntryPoint\",\"urlTemplate\":\"https:\\\/\\\/vitablanca.ma\\\/?s={search_term_string}\"},\"query-input\":{\"@type\":\"PropertyValueSpecification\",\"valueRequired\":true,\"valueName\":\"search_term_string\"}}],\"inLanguage\":\"ar\"},{\"@type\":\"Organization\",\"@id\":\"https:\\\/\\\/vitablanca.ma\\\/#organization\",\"name\":\"VitaBlanca\",\"url\":\"https:\\\/\\\/vitablanca.ma\\\/\",\"logo\":{\"@type\":\"ImageObject\",\"inLanguage\":\"ar\",\"@id\":\"https:\\\/\\\/vitablanca.ma\\\/#\\\/schema\\\/logo\\\/image\\\/\",\"url\":\"https:\\\/\\\/vitablanca.ma\\\/wp-content\\\/uploads\\\/2025\\\/05\\\/cropped-vitablanca.png\",\"contentUrl\":\"https:\\\/\\\/vitablanca.ma\\\/wp-content\\\/uploads\\\/2025\\\/05\\\/cropped-vitablanca.png\",\"width\":360,\"height\":67,\"caption\":\"VitaBlanca\"},\"image\":{\"@id\":\"https:\\\/\\\/vitablanca.ma\\\/#\\\/schema\\\/logo\\\/image\\\/\"},\"sameAs\":[\"https:\\\/\\\/www.facebook.com\\\/profile.php?id=61576678196717\",\"https:\\\/\\\/www.tiktok.com\\\/@vitablanca.ma\",\"https:\\\/\\\/www.instagram.com\\\/vitablanca.ma\\\/\"]}]}<\/script>\n<!-- \/ Yoast SEO plugin. -->","yoast_head_json":{"title":"Ameerat Al Arab Prive Rose Eau De Parfum - Maroc Prix","description":"D\u00e9couvrez Ameerat Al Arab Prive Rose d\u2019ASDAAF 100ml, un parfum f\u00e9minin \u00e9l\u00e9gant aux notes de rose, fruits et musc. Une fragrance douce .","robots":{"index":"index","follow":"follow","max-snippet":"max-snippet:-1","max-image-preview":"max-image-preview:large","max-video-preview":"max-video-preview:-1"},"canonical":"https:\/\/vitablanca.ma\/ar\/product-2\/ameerat-al-arab-prive-rose-eau-de-parfum-pour-femme-asdaaf-100ml\/","og_locale":"ar_AR","og_type":"article","og_title":"Ameerat Al Arab Prive Rose Eau De Parfum - Maroc Prix","og_description":"D\u00e9couvrez Ameerat Al Arab Prive Rose d\u2019ASDAAF 100ml, un parfum f\u00e9minin \u00e9l\u00e9gant aux notes de rose, fruits et musc. Une fragrance douce .","og_url":"https:\/\/vitablanca.ma\/ar\/product-2\/ameerat-al-arab-prive-rose-eau-de-parfum-pour-femme-asdaaf-100ml\/","og_site_name":"Vitablanca.ma &ndash; Sant&eacute;, vitalit&eacute; et bien-&ecirc;tre pour tous les Marocains","article_publisher":"https:\/\/www.facebook.com\/profile.php?id=61576678196717","article_modified_time":"2026-03-15T23:08:26+00:00","og_image":[{"width":1080,"height":1080,"url":"https:\/\/vitablanca.ma\/wp-content\/uploads\/2026\/03\/AmeeratAlArabPriveRoseEauDeParfumPourFemme-ASDAAF100ml6.jpg","type":"image\/jpeg"}],"twitter_card":"summary_large_image","twitter_misc":{"\u0648\u0642\u062a \u0627\u0644\u0642\u0631\u0627\u0621\u0629 \u0627\u0644\u0645\u064f\u0642\u062f\u0651\u0631":"\u062f\u0642\u064a\u0642\u0629 \u0648\u0627\u062d\u062f\u0629"},"schema":{"@context":"https:\/\/schema.org","@graph":[{"@type":["WebPage","ItemPage"],"@id":"https:\/\/vitablanca.ma\/produit\/ameerat-al-arab-prive-rose-eau-de-parfum-pour-femme-asdaaf-100ml\/","url":"https:\/\/vitablanca.ma\/produit\/ameerat-al-arab-prive-rose-eau-de-parfum-pour-femme-asdaaf-100ml\/","name":"Ameerat Al Arab Prive Rose Eau De Parfum - Maroc Prix","isPartOf":{"@id":"https:\/\/vitablanca.ma\/#website"},"primaryImageOfPage":{"@id":"https:\/\/vitablanca.ma\/produit\/ameerat-al-arab-prive-rose-eau-de-parfum-pour-femme-asdaaf-100ml\/#primaryimage"},"image":{"@id":"https:\/\/vitablanca.ma\/produit\/ameerat-al-arab-prive-rose-eau-de-parfum-pour-femme-asdaaf-100ml\/#primaryimage"},"thumbnailUrl":"https:\/\/vitablanca.ma\/wp-content\/uploads\/2026\/03\/AmeeratAlArabPriveRoseEauDeParfumPourFemme-ASDAAF100ml6.jpg","datePublished":"2026-03-04T02:41:56+00:00","dateModified":"2026-03-15T23:08:26+00:00","description":"D\u00e9couvrez Ameerat Al Arab Prive Rose d\u2019ASDAAF 100ml, un parfum f\u00e9minin \u00e9l\u00e9gant aux notes de rose, fruits et musc. Une fragrance douce .","breadcrumb":{"@id":"https:\/\/vitablanca.ma\/produit\/ameerat-al-arab-prive-rose-eau-de-parfum-pour-femme-asdaaf-100ml\/#breadcrumb"},"inLanguage":"ar","potentialAction":[{"@type":"ReadAction","target":["https:\/\/vitablanca.ma\/produit\/ameerat-al-arab-prive-rose-eau-de-parfum-pour-femme-asdaaf-100ml\/"]}]},{"@type":"ImageObject","inLanguage":"ar","@id":"https:\/\/vitablanca.ma\/produit\/ameerat-al-arab-prive-rose-eau-de-parfum-pour-femme-asdaaf-100ml\/#primaryimage","url":"https:\/\/vitablanca.ma\/wp-content\/uploads\/2026\/03\/AmeeratAlArabPriveRoseEauDeParfumPourFemme-ASDAAF100ml6.jpg","contentUrl":"https:\/\/vitablanca.ma\/wp-content\/uploads\/2026\/03\/AmeeratAlArabPriveRoseEauDeParfumPourFemme-ASDAAF100ml6.jpg","width":1080,"height":1080},{"@type":"BreadcrumbList","@id":"https:\/\/vitablanca.ma\/produit\/ameerat-al-arab-prive-rose-eau-de-parfum-pour-femme-asdaaf-100ml\/#breadcrumb","itemListElement":[{"@type":"ListItem","position":1,"name":"Home","item":"https:\/\/vitablanca.ma\/"},{"@type":"ListItem","position":2,"name":"Tous Les Produits","item":"https:\/\/vitablanca.ma\/tous-les-produits\/"},{"@type":"ListItem","position":3,"name":"Ameerat Al Arab Prive Rose Eau De Parfum Pour Femme &#8211; ASDAAF 100ml"}]},{"@type":"WebSite","@id":"https:\/\/vitablanca.ma\/#website","url":"https:\/\/vitablanca.ma\/","name":"VitaBlanca.ma | \u0627\u0644\u0645\u0643\u0645\u0644\u0627\u062a \u0627\u0644\u063a\u0630\u0627\u0626\u064a\u0629\u060c \u0627\u0644\u0635\u062d\u0629 \u0648\u0627\u0644\u062c\u0645\u0627\u0644 \u0641\u064a \u0627\u0644\u0645\u063a\u0631\u0628","description":"\u0646\u0628\u064a\u0639 \u0641\u064a\u062a\u0627\u0645\u064a\u0646\u0627\u062a \u0648\u0645\u0643\u0645\u0644\u0627\u062a \u063a\u0630\u0627\u0626\u064a\u0629 \u0641\u0627\u062e\u0631\u0629 \u0645\u0646 \u0627\u0644\u0648\u0644\u0627\u064a\u0627\u062a \u0627\u0644\u0645\u062a\u062d\u062f\u0629 \u0627\u0644\u0623\u0645\u0631\u064a\u0643\u064a\u0629 \u0648\u0643\u0646\u062f\u0627 \u0648\u0646\u064a\u0648\u0632\u064a\u0644\u0646\u062f\u0627 \u0648\u0627\u0644\u0645\u063a\u0631\u0628 (\u0646\u0627\u0648 \u0641\u0648\u062f\u0632\u060c \u0633\u0648\u0644\u062c\u0627\u0631\u060c \u0645\u0627\u0646\u0648\u0643\u0627). \u062a\u0648\u0635\u064a\u0644 \u0633\u0631\u064a\u0639 \u0625\u0644\u0649 \u062c\u0645\u064a\u0639 \u0623\u0646\u062d\u0627\u0621 \u0627\u0644\u0645\u063a\u0631\u0628.","publisher":{"@id":"https:\/\/vitablanca.ma\/#organization"},"alternateName":"VitaBlanca.ma","potentialAction":[{"@type":"SearchAction","target":{"@type":"EntryPoint","urlTemplate":"https:\/\/vitablanca.ma\/?s={search_term_string}"},"query-input":{"@type":"PropertyValueSpecification","valueRequired":true,"valueName":"search_term_string"}}],"inLanguage":"ar"},{"@type":"Organization","@id":"https:\/\/vitablanca.ma\/#organization","name":"\u0641\u064a\u062a\u0627\u0628\u0644\u0627\u0646\u0643\u0627","url":"https:\/\/vitablanca.ma\/","logo":{"@type":"ImageObject","inLanguage":"ar","@id":"https:\/\/vitablanca.ma\/#\/schema\/logo\/image\/","url":"https:\/\/vitablanca.ma\/wp-content\/uploads\/2025\/05\/cropped-vitablanca.png","contentUrl":"https:\/\/vitablanca.ma\/wp-content\/uploads\/2025\/05\/cropped-vitablanca.png","width":360,"height":67,"caption":"VitaBlanca"},"image":{"@id":"https:\/\/vitablanca.ma\/#\/schema\/logo\/image\/"},"sameAs":["https:\/\/www.facebook.com\/profile.php?id=61576678196717","https:\/\/www.tiktok.com\/@vitablanca.ma","https:\/\/www.instagram.com\/vitablanca.ma\/"]}]}},"jetpack_sharing_enabled":true,"_links":{"self":[{"href":"https:\/\/vitablanca.ma\/ar\/wp-json\/wp\/v2\/product\/33059","targetHints":{"allow":["GET"]}}],"collection":[{"href":"https:\/\/vitablanca.ma\/ar\/wp-json\/wp\/v2\/product"}],"about":[{"href":"https:\/\/vitablanca.ma\/ar\/wp-json\/wp\/v2\/types\/product"}],"wp:featuredmedia":[{"embeddable":true,"href":"https:\/\/vitablanca.ma\/ar\/wp-json\/wp\/v2\/media\/33053"}],"wp:attachment":[{"href":"https:\/\/vitablanca.ma\/ar\/wp-json\/wp\/v2\/media?parent=33059"}],"wp:term":[{"taxonomy":"product_brand","embeddable":true,"href":"https:\/\/vitablanca.ma\/ar\/wp-json\/wp\/v2\/product_brand?post=33059"},{"taxonomy":"product_cat","embeddable":true,"href":"https:\/\/vitablanca.ma\/ar\/wp-json\/wp\/v2\/product_cat?post=33059"},{"taxonomy":"product_tag","embeddable":true,"href":"https:\/\/vitablanca.ma\/ar\/wp-json\/wp\/v2\/product_tag?post=33059"}],"curies":[{"name":"wp","href":"https:\/\/api.w.org\/{rel}","templated":true}]}}