{"id":32986,"date":"2026-03-04T02:40:12","date_gmt":"2026-03-04T02:40:12","guid":{"rendered":"https:\/\/vitablanca.ma\/produit\/como-moiselle-eau-de-parfum-maison-alhambra-100ml\/"},"modified":"2026-03-15T23:08:28","modified_gmt":"2026-03-15T23:08:28","slug":"como-moiselle-eau-de-parfum-maison-alhambra-100ml","status":"publish","type":"product","link":"https:\/\/vitablanca.ma\/ar\/product-2\/como-moiselle-eau-de-parfum-maison-alhambra-100ml\/","title":{"rendered":"COMO MOISELLE EAU DE PARFUM &#8211; MAISON ALHAMBRA &#8211; 100ml"},"content":{"rendered":"<p>Ce parfum eau de parfum COMO MOISELLE Maison Alhambra 100 ml est sp\u00e9cialement con\u00e7u pour les femmes et offre une fragrance similaire \u00e0 celle du c\u00e9l\u00e8bre parfum Chanel Coco Mademoiselle. Avec ses 100 ml, vous profitez d&rsquo;une longue tenue et d&rsquo;un parfum sensuel et envo\u00fbtant. Sublimez votre f\u00e9minit\u00e9 avec ce parfum exclusif.<\/p>\n<p class=\"MsoNormal\"><b>Notes olfactives :<\/b><\/p>\n<p><strong>\u0627\u0644\u0645\u0643\u0648\u0646\u0627\u062a \u0627\u0644\u0639\u0644\u064a\u0627<\/strong>: Bergamote, Orange, Mandarine<\/p>\n<p><strong>Notes de coeu<\/strong>r: Jasmin, Rose, Accord de Patchouli<\/p>\n<p><strong>\u0627\u0644\u0645\u0643\u0648\u0646\u0627\u062a \u0627\u0644\u0623\u0633\u0627\u0633\u064a\u0629<\/strong>: Vetiver, Vanille, Musc Blanc<\/p>\n<p><strong>Similaire<\/strong>: coco mademoiselle<\/p>","protected":false},"excerpt":{"rendered":"<p>Ce parfum eau de parfum COMO MOISELLE Maison Alhambra 100 ml est sp\u00e9cialement con\u00e7u pour les femmes et offre une fragrance similaire \u00e0 celle du c\u00e9l\u00e8bre parfum Chanel Coco Mademoiselle. Avec ses 100 ml, vous profitez d&rsquo;une longue tenue et d&rsquo;un parfum sensuel et envo\u00fbtant. Sublimez votre f\u00e9minit\u00e9 avec ce parfum exclusif. Notes olfactives : [&hellip;]<\/p>\n","protected":false},"featured_media":32981,"template":"","meta":{"om_disable_all_campaigns":false},"product_brand":[],"product_cat":[18,15,1091],"product_tag":[11626,11620,11615,11629,11577,11630,11627,9561,11610,11628],"class_list":{"0":"post-32986","1":"product","2":"type-product","3":"status-publish","4":"has-post-thumbnail","6":"product_cat-beaute-sante","7":"product_cat-beaute-sante-complements-alimentaires-soins-et-bien-etre-au-meilleur-prix","8":"product_cat-beaute-parfums-maroc-prix","9":"product_tag-como-moiselle-maison-alhambra","10":"product_tag-eau-de-parfum-floral-fruite","11":"product_tag-fragrance-sophistiquee","12":"product_tag-maison-alhambra-como-moiselle","13":"product_tag-parfum-elegant-femme","14":"product_tag-parfum-feminin-raffine","15":"product_tag-parfum-femme-maison-alhambra","16":"product_tag-parfum-longue-tenue","17":"product_tag-parfum-luxe-100-ml","18":"product_tag-parfum-quotidien-feminin","20":"first","21":"outofstock","22":"taxable","23":"shipping-taxable","24":"purchasable","25":"product-type-simple"},"yoast_head":"<!-- This site is optimized with the Yoast SEO plugin v27.3 - https:\/\/yoast.com\/product\/yoast-seo-wordpress\/ -->\n<title>COMO MOISELLE PARFUM - MAISON ALHAMBRA - Maroc Prix<\/title>\n<meta name=\"description\" content=\"D\u00e9couvrez Como Moiselle Eau de Parfum 100 ml de Maison Alhambra, un parfum f\u00e9minin \u00e9l\u00e9gant aux notes florales et fruit\u00e9es, raffin\u00e9 et sophistiqu\u00e9 .\" \/>\n<meta name=\"robots\" content=\"index, follow, max-snippet:-1, max-image-preview:large, max-video-preview:-1\" \/>\n<link rel=\"canonical\" href=\"https:\/\/vitablanca.ma\/ar\/product-2\/como-moiselle-eau-de-parfum-maison-alhambra-100ml\/\" \/>\n<meta property=\"og:locale\" content=\"ar_AR\" \/>\n<meta property=\"og:type\" content=\"article\" \/>\n<meta property=\"og:title\" content=\"COMO MOISELLE PARFUM - MAISON ALHAMBRA - Maroc Prix\" \/>\n<meta property=\"og:description\" content=\"D\u00e9couvrez Como Moiselle Eau de Parfum 100 ml de Maison Alhambra, un parfum f\u00e9minin \u00e9l\u00e9gant aux notes florales et fruit\u00e9es, raffin\u00e9 et sophistiqu\u00e9 .\" \/>\n<meta property=\"og:url\" content=\"https:\/\/vitablanca.ma\/ar\/product-2\/como-moiselle-eau-de-parfum-maison-alhambra-100ml\/\" \/>\n<meta property=\"og:site_name\" content=\"Vitablanca.ma &ndash; Sant&eacute;, vitalit&eacute; et bien-&ecirc;tre pour tous les Marocains\" \/>\n<meta property=\"article:publisher\" content=\"https:\/\/www.facebook.com\/profile.php?id=61576678196717\" \/>\n<meta property=\"article:modified_time\" content=\"2026-03-15T23:08:28+00:00\" \/>\n<meta property=\"og:image\" content=\"https:\/\/vitablanca.ma\/wp-content\/uploads\/2026\/03\/COMOMOISELLE2.png\" \/>\n\t<meta property=\"og:image:width\" content=\"833\" \/>\n\t<meta property=\"og:image:height\" content=\"833\" \/>\n\t<meta property=\"og:image:type\" content=\"image\/png\" \/>\n<meta name=\"twitter:card\" content=\"summary_large_image\" \/>\n<meta name=\"twitter:label1\" content=\"\u0648\u0642\u062a \u0627\u0644\u0642\u0631\u0627\u0621\u0629 \u0627\u0644\u0645\u064f\u0642\u062f\u0651\u0631\" \/>\n\t<meta name=\"twitter:data1\" content=\"\u062f\u0642\u064a\u0642\u0629 \u0648\u0627\u062d\u062f\u0629\" \/>\n<script type=\"application\/ld+json\" class=\"yoast-schema-graph\">{\"@context\":\"https:\\\/\\\/schema.org\",\"@graph\":[{\"@type\":[\"WebPage\",\"ItemPage\"],\"@id\":\"https:\\\/\\\/vitablanca.ma\\\/produit\\\/como-moiselle-eau-de-parfum-maison-alhambra-100ml\\\/\",\"url\":\"https:\\\/\\\/vitablanca.ma\\\/produit\\\/como-moiselle-eau-de-parfum-maison-alhambra-100ml\\\/\",\"name\":\"COMO MOISELLE PARFUM - MAISON ALHAMBRA - Maroc Prix\",\"isPartOf\":{\"@id\":\"https:\\\/\\\/vitablanca.ma\\\/#website\"},\"primaryImageOfPage\":{\"@id\":\"https:\\\/\\\/vitablanca.ma\\\/produit\\\/como-moiselle-eau-de-parfum-maison-alhambra-100ml\\\/#primaryimage\"},\"image\":{\"@id\":\"https:\\\/\\\/vitablanca.ma\\\/produit\\\/como-moiselle-eau-de-parfum-maison-alhambra-100ml\\\/#primaryimage\"},\"thumbnailUrl\":\"https:\\\/\\\/vitablanca.ma\\\/wp-content\\\/uploads\\\/2026\\\/03\\\/COMOMOISELLE2.png\",\"datePublished\":\"2026-03-04T02:40:12+00:00\",\"dateModified\":\"2026-03-15T23:08:28+00:00\",\"description\":\"D\u00e9couvrez Como Moiselle Eau de Parfum 100 ml de Maison Alhambra, un parfum f\u00e9minin \u00e9l\u00e9gant aux notes florales et fruit\u00e9es, raffin\u00e9 et sophistiqu\u00e9 .\",\"breadcrumb\":{\"@id\":\"https:\\\/\\\/vitablanca.ma\\\/produit\\\/como-moiselle-eau-de-parfum-maison-alhambra-100ml\\\/#breadcrumb\"},\"inLanguage\":\"ar\",\"potentialAction\":[{\"@type\":\"ReadAction\",\"target\":[\"https:\\\/\\\/vitablanca.ma\\\/produit\\\/como-moiselle-eau-de-parfum-maison-alhambra-100ml\\\/\"]}]},{\"@type\":\"ImageObject\",\"inLanguage\":\"ar\",\"@id\":\"https:\\\/\\\/vitablanca.ma\\\/produit\\\/como-moiselle-eau-de-parfum-maison-alhambra-100ml\\\/#primaryimage\",\"url\":\"https:\\\/\\\/vitablanca.ma\\\/wp-content\\\/uploads\\\/2026\\\/03\\\/COMOMOISELLE2.png\",\"contentUrl\":\"https:\\\/\\\/vitablanca.ma\\\/wp-content\\\/uploads\\\/2026\\\/03\\\/COMOMOISELLE2.png\",\"width\":833,\"height\":833},{\"@type\":\"BreadcrumbList\",\"@id\":\"https:\\\/\\\/vitablanca.ma\\\/produit\\\/como-moiselle-eau-de-parfum-maison-alhambra-100ml\\\/#breadcrumb\",\"itemListElement\":[{\"@type\":\"ListItem\",\"position\":1,\"name\":\"Home\",\"item\":\"https:\\\/\\\/vitablanca.ma\\\/\"},{\"@type\":\"ListItem\",\"position\":2,\"name\":\"Tous Les Produits\",\"item\":\"https:\\\/\\\/vitablanca.ma\\\/tous-les-produits\\\/\"},{\"@type\":\"ListItem\",\"position\":3,\"name\":\"COMO MOISELLE EAU DE PARFUM &#8211; MAISON ALHAMBRA &#8211; 100ml\"}]},{\"@type\":\"WebSite\",\"@id\":\"https:\\\/\\\/vitablanca.ma\\\/#website\",\"url\":\"https:\\\/\\\/vitablanca.ma\\\/\",\"name\":\"VitaBlanca.ma | Compl\u00e9ments alimentaires, sant\u00e9 & beaut\u00e9 au Maroc\",\"description\":\"vendre vitamines et compl\u00e9ments premium des USA &amp; Canada, Nouvelle Z\u00e9lande,Maroc (NOW Foods, Solgar, Manuka). Livraison rapide partout au Maroc.\",\"publisher\":{\"@id\":\"https:\\\/\\\/vitablanca.ma\\\/#organization\"},\"alternateName\":\"VitaBlanca.ma\",\"potentialAction\":[{\"@type\":\"SearchAction\",\"target\":{\"@type\":\"EntryPoint\",\"urlTemplate\":\"https:\\\/\\\/vitablanca.ma\\\/?s={search_term_string}\"},\"query-input\":{\"@type\":\"PropertyValueSpecification\",\"valueRequired\":true,\"valueName\":\"search_term_string\"}}],\"inLanguage\":\"ar\"},{\"@type\":\"Organization\",\"@id\":\"https:\\\/\\\/vitablanca.ma\\\/#organization\",\"name\":\"VitaBlanca\",\"url\":\"https:\\\/\\\/vitablanca.ma\\\/\",\"logo\":{\"@type\":\"ImageObject\",\"inLanguage\":\"ar\",\"@id\":\"https:\\\/\\\/vitablanca.ma\\\/#\\\/schema\\\/logo\\\/image\\\/\",\"url\":\"https:\\\/\\\/vitablanca.ma\\\/wp-content\\\/uploads\\\/2025\\\/05\\\/cropped-vitablanca.png\",\"contentUrl\":\"https:\\\/\\\/vitablanca.ma\\\/wp-content\\\/uploads\\\/2025\\\/05\\\/cropped-vitablanca.png\",\"width\":360,\"height\":67,\"caption\":\"VitaBlanca\"},\"image\":{\"@id\":\"https:\\\/\\\/vitablanca.ma\\\/#\\\/schema\\\/logo\\\/image\\\/\"},\"sameAs\":[\"https:\\\/\\\/www.facebook.com\\\/profile.php?id=61576678196717\",\"https:\\\/\\\/www.tiktok.com\\\/@vitablanca.ma\",\"https:\\\/\\\/www.instagram.com\\\/vitablanca.ma\\\/\"]}]}<\/script>\n<!-- \/ Yoast SEO plugin. -->","yoast_head_json":{"title":"COMO MOISELLE PARFUM - MAISON ALHAMBRA - Maroc Prix","description":"D\u00e9couvrez Como Moiselle Eau de Parfum 100 ml de Maison Alhambra, un parfum f\u00e9minin \u00e9l\u00e9gant aux notes florales et fruit\u00e9es, raffin\u00e9 et sophistiqu\u00e9 .","robots":{"index":"index","follow":"follow","max-snippet":"max-snippet:-1","max-image-preview":"max-image-preview:large","max-video-preview":"max-video-preview:-1"},"canonical":"https:\/\/vitablanca.ma\/ar\/product-2\/como-moiselle-eau-de-parfum-maison-alhambra-100ml\/","og_locale":"ar_AR","og_type":"article","og_title":"COMO MOISELLE PARFUM - MAISON ALHAMBRA - Maroc Prix","og_description":"D\u00e9couvrez Como Moiselle Eau de Parfum 100 ml de Maison Alhambra, un parfum f\u00e9minin \u00e9l\u00e9gant aux notes florales et fruit\u00e9es, raffin\u00e9 et sophistiqu\u00e9 .","og_url":"https:\/\/vitablanca.ma\/ar\/product-2\/como-moiselle-eau-de-parfum-maison-alhambra-100ml\/","og_site_name":"Vitablanca.ma &ndash; Sant&eacute;, vitalit&eacute; et bien-&ecirc;tre pour tous les Marocains","article_publisher":"https:\/\/www.facebook.com\/profile.php?id=61576678196717","article_modified_time":"2026-03-15T23:08:28+00:00","og_image":[{"width":833,"height":833,"url":"https:\/\/vitablanca.ma\/wp-content\/uploads\/2026\/03\/COMOMOISELLE2.png","type":"image\/png"}],"twitter_card":"summary_large_image","twitter_misc":{"\u0648\u0642\u062a \u0627\u0644\u0642\u0631\u0627\u0621\u0629 \u0627\u0644\u0645\u064f\u0642\u062f\u0651\u0631":"\u062f\u0642\u064a\u0642\u0629 \u0648\u0627\u062d\u062f\u0629"},"schema":{"@context":"https:\/\/schema.org","@graph":[{"@type":["WebPage","ItemPage"],"@id":"https:\/\/vitablanca.ma\/produit\/como-moiselle-eau-de-parfum-maison-alhambra-100ml\/","url":"https:\/\/vitablanca.ma\/produit\/como-moiselle-eau-de-parfum-maison-alhambra-100ml\/","name":"COMO MOISELLE PARFUM - MAISON ALHAMBRA - Maroc Prix","isPartOf":{"@id":"https:\/\/vitablanca.ma\/#website"},"primaryImageOfPage":{"@id":"https:\/\/vitablanca.ma\/produit\/como-moiselle-eau-de-parfum-maison-alhambra-100ml\/#primaryimage"},"image":{"@id":"https:\/\/vitablanca.ma\/produit\/como-moiselle-eau-de-parfum-maison-alhambra-100ml\/#primaryimage"},"thumbnailUrl":"https:\/\/vitablanca.ma\/wp-content\/uploads\/2026\/03\/COMOMOISELLE2.png","datePublished":"2026-03-04T02:40:12+00:00","dateModified":"2026-03-15T23:08:28+00:00","description":"D\u00e9couvrez Como Moiselle Eau de Parfum 100 ml de Maison Alhambra, un parfum f\u00e9minin \u00e9l\u00e9gant aux notes florales et fruit\u00e9es, raffin\u00e9 et sophistiqu\u00e9 .","breadcrumb":{"@id":"https:\/\/vitablanca.ma\/produit\/como-moiselle-eau-de-parfum-maison-alhambra-100ml\/#breadcrumb"},"inLanguage":"ar","potentialAction":[{"@type":"ReadAction","target":["https:\/\/vitablanca.ma\/produit\/como-moiselle-eau-de-parfum-maison-alhambra-100ml\/"]}]},{"@type":"ImageObject","inLanguage":"ar","@id":"https:\/\/vitablanca.ma\/produit\/como-moiselle-eau-de-parfum-maison-alhambra-100ml\/#primaryimage","url":"https:\/\/vitablanca.ma\/wp-content\/uploads\/2026\/03\/COMOMOISELLE2.png","contentUrl":"https:\/\/vitablanca.ma\/wp-content\/uploads\/2026\/03\/COMOMOISELLE2.png","width":833,"height":833},{"@type":"BreadcrumbList","@id":"https:\/\/vitablanca.ma\/produit\/como-moiselle-eau-de-parfum-maison-alhambra-100ml\/#breadcrumb","itemListElement":[{"@type":"ListItem","position":1,"name":"Home","item":"https:\/\/vitablanca.ma\/"},{"@type":"ListItem","position":2,"name":"Tous Les Produits","item":"https:\/\/vitablanca.ma\/tous-les-produits\/"},{"@type":"ListItem","position":3,"name":"COMO MOISELLE EAU DE PARFUM &#8211; MAISON ALHAMBRA &#8211; 100ml"}]},{"@type":"WebSite","@id":"https:\/\/vitablanca.ma\/#website","url":"https:\/\/vitablanca.ma\/","name":"VitaBlanca.ma | \u0627\u0644\u0645\u0643\u0645\u0644\u0627\u062a \u0627\u0644\u063a\u0630\u0627\u0626\u064a\u0629\u060c \u0627\u0644\u0635\u062d\u0629 \u0648\u0627\u0644\u062c\u0645\u0627\u0644 \u0641\u064a \u0627\u0644\u0645\u063a\u0631\u0628","description":"\u0646\u0628\u064a\u0639 \u0641\u064a\u062a\u0627\u0645\u064a\u0646\u0627\u062a \u0648\u0645\u0643\u0645\u0644\u0627\u062a \u063a\u0630\u0627\u0626\u064a\u0629 \u0641\u0627\u062e\u0631\u0629 \u0645\u0646 \u0627\u0644\u0648\u0644\u0627\u064a\u0627\u062a \u0627\u0644\u0645\u062a\u062d\u062f\u0629 \u0627\u0644\u0623\u0645\u0631\u064a\u0643\u064a\u0629 \u0648\u0643\u0646\u062f\u0627 \u0648\u0646\u064a\u0648\u0632\u064a\u0644\u0646\u062f\u0627 \u0648\u0627\u0644\u0645\u063a\u0631\u0628 (\u0646\u0627\u0648 \u0641\u0648\u062f\u0632\u060c \u0633\u0648\u0644\u062c\u0627\u0631\u060c \u0645\u0627\u0646\u0648\u0643\u0627). \u062a\u0648\u0635\u064a\u0644 \u0633\u0631\u064a\u0639 \u0625\u0644\u0649 \u062c\u0645\u064a\u0639 \u0623\u0646\u062d\u0627\u0621 \u0627\u0644\u0645\u063a\u0631\u0628.","publisher":{"@id":"https:\/\/vitablanca.ma\/#organization"},"alternateName":"VitaBlanca.ma","potentialAction":[{"@type":"SearchAction","target":{"@type":"EntryPoint","urlTemplate":"https:\/\/vitablanca.ma\/?s={search_term_string}"},"query-input":{"@type":"PropertyValueSpecification","valueRequired":true,"valueName":"search_term_string"}}],"inLanguage":"ar"},{"@type":"Organization","@id":"https:\/\/vitablanca.ma\/#organization","name":"\u0641\u064a\u062a\u0627\u0628\u0644\u0627\u0646\u0643\u0627","url":"https:\/\/vitablanca.ma\/","logo":{"@type":"ImageObject","inLanguage":"ar","@id":"https:\/\/vitablanca.ma\/#\/schema\/logo\/image\/","url":"https:\/\/vitablanca.ma\/wp-content\/uploads\/2025\/05\/cropped-vitablanca.png","contentUrl":"https:\/\/vitablanca.ma\/wp-content\/uploads\/2025\/05\/cropped-vitablanca.png","width":360,"height":67,"caption":"VitaBlanca"},"image":{"@id":"https:\/\/vitablanca.ma\/#\/schema\/logo\/image\/"},"sameAs":["https:\/\/www.facebook.com\/profile.php?id=61576678196717","https:\/\/www.tiktok.com\/@vitablanca.ma","https:\/\/www.instagram.com\/vitablanca.ma\/"]}]}},"jetpack_sharing_enabled":true,"_links":{"self":[{"href":"https:\/\/vitablanca.ma\/ar\/wp-json\/wp\/v2\/product\/32986","targetHints":{"allow":["GET"]}}],"collection":[{"href":"https:\/\/vitablanca.ma\/ar\/wp-json\/wp\/v2\/product"}],"about":[{"href":"https:\/\/vitablanca.ma\/ar\/wp-json\/wp\/v2\/types\/product"}],"wp:featuredmedia":[{"embeddable":true,"href":"https:\/\/vitablanca.ma\/ar\/wp-json\/wp\/v2\/media\/32981"}],"wp:attachment":[{"href":"https:\/\/vitablanca.ma\/ar\/wp-json\/wp\/v2\/media?parent=32986"}],"wp:term":[{"taxonomy":"product_brand","embeddable":true,"href":"https:\/\/vitablanca.ma\/ar\/wp-json\/wp\/v2\/product_brand?post=32986"},{"taxonomy":"product_cat","embeddable":true,"href":"https:\/\/vitablanca.ma\/ar\/wp-json\/wp\/v2\/product_cat?post=32986"},{"taxonomy":"product_tag","embeddable":true,"href":"https:\/\/vitablanca.ma\/ar\/wp-json\/wp\/v2\/product_tag?post=32986"}],"curies":[{"name":"wp","href":"https:\/\/api.w.org\/{rel}","templated":true}]}}