{"id":32970,"date":"2026-03-04T02:39:36","date_gmt":"2026-03-04T02:39:36","guid":{"rendered":"https:\/\/vitablanca.ma\/produit\/la-charmante-eclatant-maison-alhambra-100ml\/"},"modified":"2026-03-15T23:08:28","modified_gmt":"2026-03-15T23:08:28","slug":"la-charmante-eclatant-maison-alhambra-100ml","status":"publish","type":"product","link":"https:\/\/vitablanca.ma\/ar\/product-2\/la-charmante-eclatant-maison-alhambra-100ml\/","title":{"rendered":"LA CHARMANTE ECLATANT &#8211; MAISON ALHAMBRA &#8211; 100ml"},"content":{"rendered":"<p><strong>La Charmante Eclatant<\/strong> de Maison <strong>Alhambra<\/strong> est un luxueux parfum en vaporisateur de\u00a0 pour un usage unisexe, offrant un m\u00e9lange d\u00e9licat mais vibrant de notes fruit\u00e9es, florales et cr\u00e9meuses. Le parfum s&rsquo;ouvre sur la combinaison vive et acidul\u00e9e du cassis et de la framboise, offrant une introduction fra\u00eeche et fruit\u00e9e. En son c\u0153ur, l&rsquo;\u00e9l\u00e9gant m\u00e9lange de rose et de pivoine ajoute une sophistication florale, \u00e9quilibrant la douceur avec une touche de romantisme. La base r\u00e9v\u00e8le un m\u00e9lange doux et r\u00e9confortant de cr\u00e8me, de vanille et de musc, laissant une finition douce et sensuelle. La Charmante \u00c9clatant est parfaite pour celles qui appr\u00e9cient un parfum frais mais chaleureux avec une allure raffin\u00e9e et durable.<\/p>\n<p><strong>Notes olfactives :<\/strong><\/p>\n<p><strong>Notes de t\u00eate:<\/strong> Cassis, Framboise<strong><br \/>\nNotes de coeur: <\/strong>Rose, Pivoine<strong><br \/>\nNotes de fond: <\/strong>Cr\u00e8me, Vanille, Musc<\/p>","protected":false},"excerpt":{"rendered":"<p>La Charmante Eclatant de Maison Alhambra est un luxueux parfum en vaporisateur de\u00a0 pour un usage unisexe, offrant un m\u00e9lange d\u00e9licat mais vibrant de notes fruit\u00e9es, florales et cr\u00e9meuses. Le parfum s&rsquo;ouvre sur la combinaison vive et acidul\u00e9e du cassis et de la framboise, offrant une introduction fra\u00eeche et fruit\u00e9e. En son c\u0153ur, l&rsquo;\u00e9l\u00e9gant m\u00e9lange [&hellip;]<\/p>\n","protected":false},"featured_media":32965,"template":"","meta":{"om_disable_all_campaigns":false},"product_brand":[],"product_cat":[18,15,1091],"product_tag":[11620,11604,11619,11617,9561,11621,11610,11622,11623,11599],"class_list":{"0":"post-32970","1":"product","2":"type-product","3":"status-publish","4":"has-post-thumbnail","6":"product_cat-beaute-sante","7":"product_cat-beaute-sante-complements-alimentaires-soins-et-bien-etre-au-meilleur-prix","8":"product_cat-beaute-parfums-maroc-prix","9":"product_tag-eau-de-parfum-floral-fruite","10":"product_tag-fragrance-elegante","11":"product_tag-la-charmante-eclatant-maison-alhambra","12":"product_tag-maison-alhambra-la-charmante","13":"product_tag-parfum-longue-tenue","14":"product_tag-parfum-lumineux-unisexe","15":"product_tag-parfum-luxe-100-ml","16":"product_tag-parfum-quotidien-mixte","17":"product_tag-parfum-sophistique-unisexe","18":"product_tag-parfum-unisexe-maison-alhambra","20":"first","21":"outofstock","22":"taxable","23":"shipping-taxable","24":"purchasable","25":"product-type-simple"},"yoast_head":"<!-- This site is optimized with the Yoast SEO plugin v27.3 - https:\/\/yoast.com\/product\/yoast-seo-wordpress\/ -->\n<title>LA CHARMANTE - MAISON ALHAMBRA - 100ml - Maroc Prix<\/title>\n<meta name=\"description\" content=\"D\u00e9couvrez La Charmante \u00c9clatant 100 ml de Maison Alhambra, un parfum unisexe lumineux aux notes florales et fruit\u00e9es, \u00e9l\u00e9gant et raffin\u00e9 .\" \/>\n<meta name=\"robots\" content=\"index, follow, max-snippet:-1, max-image-preview:large, max-video-preview:-1\" \/>\n<link rel=\"canonical\" href=\"https:\/\/vitablanca.ma\/ar\/product-2\/la-charmante-eclatant-maison-alhambra-100ml\/\" \/>\n<meta property=\"og:locale\" content=\"ar_AR\" \/>\n<meta property=\"og:type\" content=\"article\" \/>\n<meta property=\"og:title\" content=\"LA CHARMANTE - MAISON ALHAMBRA - 100ml - Maroc Prix\" \/>\n<meta property=\"og:description\" content=\"D\u00e9couvrez La Charmante \u00c9clatant 100 ml de Maison Alhambra, un parfum unisexe lumineux aux notes florales et fruit\u00e9es, \u00e9l\u00e9gant et raffin\u00e9 .\" \/>\n<meta property=\"og:url\" content=\"https:\/\/vitablanca.ma\/ar\/product-2\/la-charmante-eclatant-maison-alhambra-100ml\/\" \/>\n<meta property=\"og:site_name\" content=\"Vitablanca.ma &ndash; Sant&eacute;, vitalit&eacute; et bien-&ecirc;tre pour tous les Marocains\" \/>\n<meta property=\"article:publisher\" content=\"https:\/\/www.facebook.com\/profile.php?id=61576678196717\" \/>\n<meta property=\"article:modified_time\" content=\"2026-03-15T23:08:28+00:00\" \/>\n<meta property=\"og:image\" content=\"https:\/\/vitablanca.ma\/wp-content\/uploads\/2026\/03\/71Sc-a6DZKL._AC_UF1000_1000_QL80__1.jpg\" \/>\n\t<meta property=\"og:image:width\" content=\"1104\" \/>\n\t<meta property=\"og:image:height\" content=\"1000\" \/>\n\t<meta property=\"og:image:type\" content=\"image\/jpeg\" \/>\n<meta name=\"twitter:card\" content=\"summary_large_image\" \/>\n<meta name=\"twitter:label1\" content=\"\u0648\u0642\u062a \u0627\u0644\u0642\u0631\u0627\u0621\u0629 \u0627\u0644\u0645\u064f\u0642\u062f\u0651\u0631\" \/>\n\t<meta name=\"twitter:data1\" content=\"\u062f\u0642\u064a\u0642\u0629 \u0648\u0627\u062d\u062f\u0629\" \/>\n<script type=\"application\/ld+json\" class=\"yoast-schema-graph\">{\"@context\":\"https:\\\/\\\/schema.org\",\"@graph\":[{\"@type\":[\"WebPage\",\"ItemPage\"],\"@id\":\"https:\\\/\\\/vitablanca.ma\\\/produit\\\/la-charmante-eclatant-maison-alhambra-100ml\\\/\",\"url\":\"https:\\\/\\\/vitablanca.ma\\\/produit\\\/la-charmante-eclatant-maison-alhambra-100ml\\\/\",\"name\":\"LA CHARMANTE - MAISON ALHAMBRA - 100ml - Maroc Prix\",\"isPartOf\":{\"@id\":\"https:\\\/\\\/vitablanca.ma\\\/#website\"},\"primaryImageOfPage\":{\"@id\":\"https:\\\/\\\/vitablanca.ma\\\/produit\\\/la-charmante-eclatant-maison-alhambra-100ml\\\/#primaryimage\"},\"image\":{\"@id\":\"https:\\\/\\\/vitablanca.ma\\\/produit\\\/la-charmante-eclatant-maison-alhambra-100ml\\\/#primaryimage\"},\"thumbnailUrl\":\"https:\\\/\\\/vitablanca.ma\\\/wp-content\\\/uploads\\\/2026\\\/03\\\/71Sc-a6DZKL._AC_UF1000_1000_QL80__1.jpg\",\"datePublished\":\"2026-03-04T02:39:36+00:00\",\"dateModified\":\"2026-03-15T23:08:28+00:00\",\"description\":\"D\u00e9couvrez La Charmante \u00c9clatant 100 ml de Maison Alhambra, un parfum unisexe lumineux aux notes florales et fruit\u00e9es, \u00e9l\u00e9gant et raffin\u00e9 .\",\"breadcrumb\":{\"@id\":\"https:\\\/\\\/vitablanca.ma\\\/produit\\\/la-charmante-eclatant-maison-alhambra-100ml\\\/#breadcrumb\"},\"inLanguage\":\"ar\",\"potentialAction\":[{\"@type\":\"ReadAction\",\"target\":[\"https:\\\/\\\/vitablanca.ma\\\/produit\\\/la-charmante-eclatant-maison-alhambra-100ml\\\/\"]}]},{\"@type\":\"ImageObject\",\"inLanguage\":\"ar\",\"@id\":\"https:\\\/\\\/vitablanca.ma\\\/produit\\\/la-charmante-eclatant-maison-alhambra-100ml\\\/#primaryimage\",\"url\":\"https:\\\/\\\/vitablanca.ma\\\/wp-content\\\/uploads\\\/2026\\\/03\\\/71Sc-a6DZKL._AC_UF1000_1000_QL80__1.jpg\",\"contentUrl\":\"https:\\\/\\\/vitablanca.ma\\\/wp-content\\\/uploads\\\/2026\\\/03\\\/71Sc-a6DZKL._AC_UF1000_1000_QL80__1.jpg\",\"width\":1104,\"height\":1000},{\"@type\":\"BreadcrumbList\",\"@id\":\"https:\\\/\\\/vitablanca.ma\\\/produit\\\/la-charmante-eclatant-maison-alhambra-100ml\\\/#breadcrumb\",\"itemListElement\":[{\"@type\":\"ListItem\",\"position\":1,\"name\":\"Home\",\"item\":\"https:\\\/\\\/vitablanca.ma\\\/\"},{\"@type\":\"ListItem\",\"position\":2,\"name\":\"Tous Les Produits\",\"item\":\"https:\\\/\\\/vitablanca.ma\\\/tous-les-produits\\\/\"},{\"@type\":\"ListItem\",\"position\":3,\"name\":\"LA CHARMANTE ECLATANT &#8211; MAISON ALHAMBRA &#8211; 100ml\"}]},{\"@type\":\"WebSite\",\"@id\":\"https:\\\/\\\/vitablanca.ma\\\/#website\",\"url\":\"https:\\\/\\\/vitablanca.ma\\\/\",\"name\":\"VitaBlanca.ma | Compl\u00e9ments alimentaires, sant\u00e9 & beaut\u00e9 au Maroc\",\"description\":\"vendre vitamines et compl\u00e9ments premium des USA &amp; Canada, Nouvelle Z\u00e9lande,Maroc (NOW Foods, Solgar, Manuka). Livraison rapide partout au Maroc.\",\"publisher\":{\"@id\":\"https:\\\/\\\/vitablanca.ma\\\/#organization\"},\"alternateName\":\"VitaBlanca.ma\",\"potentialAction\":[{\"@type\":\"SearchAction\",\"target\":{\"@type\":\"EntryPoint\",\"urlTemplate\":\"https:\\\/\\\/vitablanca.ma\\\/?s={search_term_string}\"},\"query-input\":{\"@type\":\"PropertyValueSpecification\",\"valueRequired\":true,\"valueName\":\"search_term_string\"}}],\"inLanguage\":\"ar\"},{\"@type\":\"Organization\",\"@id\":\"https:\\\/\\\/vitablanca.ma\\\/#organization\",\"name\":\"VitaBlanca\",\"url\":\"https:\\\/\\\/vitablanca.ma\\\/\",\"logo\":{\"@type\":\"ImageObject\",\"inLanguage\":\"ar\",\"@id\":\"https:\\\/\\\/vitablanca.ma\\\/#\\\/schema\\\/logo\\\/image\\\/\",\"url\":\"https:\\\/\\\/vitablanca.ma\\\/wp-content\\\/uploads\\\/2025\\\/05\\\/cropped-vitablanca.png\",\"contentUrl\":\"https:\\\/\\\/vitablanca.ma\\\/wp-content\\\/uploads\\\/2025\\\/05\\\/cropped-vitablanca.png\",\"width\":360,\"height\":67,\"caption\":\"VitaBlanca\"},\"image\":{\"@id\":\"https:\\\/\\\/vitablanca.ma\\\/#\\\/schema\\\/logo\\\/image\\\/\"},\"sameAs\":[\"https:\\\/\\\/www.facebook.com\\\/profile.php?id=61576678196717\",\"https:\\\/\\\/www.tiktok.com\\\/@vitablanca.ma\",\"https:\\\/\\\/www.instagram.com\\\/vitablanca.ma\\\/\"]}]}<\/script>\n<!-- \/ Yoast SEO plugin. -->","yoast_head_json":{"title":"LA CHARMANTE - MAISON ALHAMBRA - 100ml - Maroc Prix","description":"D\u00e9couvrez La Charmante \u00c9clatant 100 ml de Maison Alhambra, un parfum unisexe lumineux aux notes florales et fruit\u00e9es, \u00e9l\u00e9gant et raffin\u00e9 .","robots":{"index":"index","follow":"follow","max-snippet":"max-snippet:-1","max-image-preview":"max-image-preview:large","max-video-preview":"max-video-preview:-1"},"canonical":"https:\/\/vitablanca.ma\/ar\/product-2\/la-charmante-eclatant-maison-alhambra-100ml\/","og_locale":"ar_AR","og_type":"article","og_title":"LA CHARMANTE - MAISON ALHAMBRA - 100ml - Maroc Prix","og_description":"D\u00e9couvrez La Charmante \u00c9clatant 100 ml de Maison Alhambra, un parfum unisexe lumineux aux notes florales et fruit\u00e9es, \u00e9l\u00e9gant et raffin\u00e9 .","og_url":"https:\/\/vitablanca.ma\/ar\/product-2\/la-charmante-eclatant-maison-alhambra-100ml\/","og_site_name":"Vitablanca.ma &ndash; Sant&eacute;, vitalit&eacute; et bien-&ecirc;tre pour tous les Marocains","article_publisher":"https:\/\/www.facebook.com\/profile.php?id=61576678196717","article_modified_time":"2026-03-15T23:08:28+00:00","og_image":[{"width":1104,"height":1000,"url":"https:\/\/vitablanca.ma\/wp-content\/uploads\/2026\/03\/71Sc-a6DZKL._AC_UF1000_1000_QL80__1.jpg","type":"image\/jpeg"}],"twitter_card":"summary_large_image","twitter_misc":{"\u0648\u0642\u062a \u0627\u0644\u0642\u0631\u0627\u0621\u0629 \u0627\u0644\u0645\u064f\u0642\u062f\u0651\u0631":"\u062f\u0642\u064a\u0642\u0629 \u0648\u0627\u062d\u062f\u0629"},"schema":{"@context":"https:\/\/schema.org","@graph":[{"@type":["WebPage","ItemPage"],"@id":"https:\/\/vitablanca.ma\/produit\/la-charmante-eclatant-maison-alhambra-100ml\/","url":"https:\/\/vitablanca.ma\/produit\/la-charmante-eclatant-maison-alhambra-100ml\/","name":"LA CHARMANTE - MAISON ALHAMBRA - 100ml - Maroc Prix","isPartOf":{"@id":"https:\/\/vitablanca.ma\/#website"},"primaryImageOfPage":{"@id":"https:\/\/vitablanca.ma\/produit\/la-charmante-eclatant-maison-alhambra-100ml\/#primaryimage"},"image":{"@id":"https:\/\/vitablanca.ma\/produit\/la-charmante-eclatant-maison-alhambra-100ml\/#primaryimage"},"thumbnailUrl":"https:\/\/vitablanca.ma\/wp-content\/uploads\/2026\/03\/71Sc-a6DZKL._AC_UF1000_1000_QL80__1.jpg","datePublished":"2026-03-04T02:39:36+00:00","dateModified":"2026-03-15T23:08:28+00:00","description":"D\u00e9couvrez La Charmante \u00c9clatant 100 ml de Maison Alhambra, un parfum unisexe lumineux aux notes florales et fruit\u00e9es, \u00e9l\u00e9gant et raffin\u00e9 .","breadcrumb":{"@id":"https:\/\/vitablanca.ma\/produit\/la-charmante-eclatant-maison-alhambra-100ml\/#breadcrumb"},"inLanguage":"ar","potentialAction":[{"@type":"ReadAction","target":["https:\/\/vitablanca.ma\/produit\/la-charmante-eclatant-maison-alhambra-100ml\/"]}]},{"@type":"ImageObject","inLanguage":"ar","@id":"https:\/\/vitablanca.ma\/produit\/la-charmante-eclatant-maison-alhambra-100ml\/#primaryimage","url":"https:\/\/vitablanca.ma\/wp-content\/uploads\/2026\/03\/71Sc-a6DZKL._AC_UF1000_1000_QL80__1.jpg","contentUrl":"https:\/\/vitablanca.ma\/wp-content\/uploads\/2026\/03\/71Sc-a6DZKL._AC_UF1000_1000_QL80__1.jpg","width":1104,"height":1000},{"@type":"BreadcrumbList","@id":"https:\/\/vitablanca.ma\/produit\/la-charmante-eclatant-maison-alhambra-100ml\/#breadcrumb","itemListElement":[{"@type":"ListItem","position":1,"name":"Home","item":"https:\/\/vitablanca.ma\/"},{"@type":"ListItem","position":2,"name":"Tous Les Produits","item":"https:\/\/vitablanca.ma\/tous-les-produits\/"},{"@type":"ListItem","position":3,"name":"LA CHARMANTE ECLATANT &#8211; MAISON ALHAMBRA &#8211; 100ml"}]},{"@type":"WebSite","@id":"https:\/\/vitablanca.ma\/#website","url":"https:\/\/vitablanca.ma\/","name":"VitaBlanca.ma | \u0627\u0644\u0645\u0643\u0645\u0644\u0627\u062a \u0627\u0644\u063a\u0630\u0627\u0626\u064a\u0629\u060c \u0627\u0644\u0635\u062d\u0629 \u0648\u0627\u0644\u062c\u0645\u0627\u0644 \u0641\u064a \u0627\u0644\u0645\u063a\u0631\u0628","description":"\u0646\u0628\u064a\u0639 \u0641\u064a\u062a\u0627\u0645\u064a\u0646\u0627\u062a \u0648\u0645\u0643\u0645\u0644\u0627\u062a \u063a\u0630\u0627\u0626\u064a\u0629 \u0641\u0627\u062e\u0631\u0629 \u0645\u0646 \u0627\u0644\u0648\u0644\u0627\u064a\u0627\u062a \u0627\u0644\u0645\u062a\u062d\u062f\u0629 \u0627\u0644\u0623\u0645\u0631\u064a\u0643\u064a\u0629 \u0648\u0643\u0646\u062f\u0627 \u0648\u0646\u064a\u0648\u0632\u064a\u0644\u0646\u062f\u0627 \u0648\u0627\u0644\u0645\u063a\u0631\u0628 (\u0646\u0627\u0648 \u0641\u0648\u062f\u0632\u060c \u0633\u0648\u0644\u062c\u0627\u0631\u060c \u0645\u0627\u0646\u0648\u0643\u0627). \u062a\u0648\u0635\u064a\u0644 \u0633\u0631\u064a\u0639 \u0625\u0644\u0649 \u062c\u0645\u064a\u0639 \u0623\u0646\u062d\u0627\u0621 \u0627\u0644\u0645\u063a\u0631\u0628.","publisher":{"@id":"https:\/\/vitablanca.ma\/#organization"},"alternateName":"VitaBlanca.ma","potentialAction":[{"@type":"SearchAction","target":{"@type":"EntryPoint","urlTemplate":"https:\/\/vitablanca.ma\/?s={search_term_string}"},"query-input":{"@type":"PropertyValueSpecification","valueRequired":true,"valueName":"search_term_string"}}],"inLanguage":"ar"},{"@type":"Organization","@id":"https:\/\/vitablanca.ma\/#organization","name":"\u0641\u064a\u062a\u0627\u0628\u0644\u0627\u0646\u0643\u0627","url":"https:\/\/vitablanca.ma\/","logo":{"@type":"ImageObject","inLanguage":"ar","@id":"https:\/\/vitablanca.ma\/#\/schema\/logo\/image\/","url":"https:\/\/vitablanca.ma\/wp-content\/uploads\/2025\/05\/cropped-vitablanca.png","contentUrl":"https:\/\/vitablanca.ma\/wp-content\/uploads\/2025\/05\/cropped-vitablanca.png","width":360,"height":67,"caption":"VitaBlanca"},"image":{"@id":"https:\/\/vitablanca.ma\/#\/schema\/logo\/image\/"},"sameAs":["https:\/\/www.facebook.com\/profile.php?id=61576678196717","https:\/\/www.tiktok.com\/@vitablanca.ma","https:\/\/www.instagram.com\/vitablanca.ma\/"]}]}},"jetpack_sharing_enabled":true,"_links":{"self":[{"href":"https:\/\/vitablanca.ma\/ar\/wp-json\/wp\/v2\/product\/32970","targetHints":{"allow":["GET"]}}],"collection":[{"href":"https:\/\/vitablanca.ma\/ar\/wp-json\/wp\/v2\/product"}],"about":[{"href":"https:\/\/vitablanca.ma\/ar\/wp-json\/wp\/v2\/types\/product"}],"wp:featuredmedia":[{"embeddable":true,"href":"https:\/\/vitablanca.ma\/ar\/wp-json\/wp\/v2\/media\/32965"}],"wp:attachment":[{"href":"https:\/\/vitablanca.ma\/ar\/wp-json\/wp\/v2\/media?parent=32970"}],"wp:term":[{"taxonomy":"product_brand","embeddable":true,"href":"https:\/\/vitablanca.ma\/ar\/wp-json\/wp\/v2\/product_brand?post=32970"},{"taxonomy":"product_cat","embeddable":true,"href":"https:\/\/vitablanca.ma\/ar\/wp-json\/wp\/v2\/product_cat?post=32970"},{"taxonomy":"product_tag","embeddable":true,"href":"https:\/\/vitablanca.ma\/ar\/wp-json\/wp\/v2\/product_tag?post=32970"}],"curies":[{"name":"wp","href":"https:\/\/api.w.org\/{rel}","templated":true}]}}