{"id":32851,"date":"2026-03-04T02:36:08","date_gmt":"2026-03-04T02:36:08","guid":{"rendered":"https:\/\/vitablanca.ma\/produit\/raneen-eau-de-parfum-pour-femmes-et-hommes-asdaaf-100ml\/"},"modified":"2026-04-17T22:32:35","modified_gmt":"2026-04-17T22:32:35","slug":"raneen-eau-de-parfum-pour-femmes-et-hommes-asdaaf-100ml","status":"publish","type":"product","link":"https:\/\/vitablanca.ma\/ar\/product-2\/raneen-eau-de-parfum-pour-femmes-et-hommes-asdaaf-100ml\/","title":{"rendered":"RANEEN EAU DE PARFUM Pour Femmes et Hommes  &#8211; ASDAAF 100ml"},"content":{"rendered":"<p><strong>RANEEN EAU DE PARFUM Pour Femmes et Hommes \u00a0\u2013 ASDAAF 100ml <\/strong>est une fragrance captivante con\u00e7ue pour les femmes qui appr\u00e9cient l\u2019\u00e9l\u00e9gance et le charme. Ce parfum envo\u00fbtant s\u2019ouvre sur un m\u00e9lange gourmand de fruit du dragon, de poire juteuse et de mandarine acidul\u00e9e, cr\u00e9ant une premi\u00e8re impression vibrante et rafra\u00eechissante. En c\u0153ur, un d\u00e9licat bouquet de jasmin, de freesia et de fleur d\u2019oranger se d\u00e9voile, apportant une touche florale.<\/p>\n<p>Sophistication. La fragrance s\u2019installe sur un fond chaud et sensuel de musc, de vanille cr\u00e9meuse, de f\u00e8ve tonka et d\u2019ambre riche, laissant un sillage durable et irr\u00e9sistible. Parfait en toute occasion, Asdaaf Raneen est une expression radieuse de f\u00e9minit\u00e9 et de gr\u00e2ce.<\/p>\n<p class=\"MsoNormal\"><b>Notes olfactives :<\/b><\/p>\n<p><strong>\u0627\u0644\u0645\u0643\u0648\u0646\u0627\u062a \u0627\u0644\u0639\u0644\u064a\u0627: <\/strong>Fruit du dragon, Cl\u00e9mentine, Poire<br \/>\n<strong>Notes de c\u0153ur:<\/strong> Jasmin, Freesia, Fleur d\u2019oranger<br \/>\n<strong>Notes de fond:<\/strong> Musc, Vanille, F\u00e8ve tonka, Ambre<\/p>","protected":false},"excerpt":{"rendered":"<p>RANEEN EAU DE PARFUM Pour Femmes et Hommes \u00a0\u2013 ASDAAF 100ml est une fragrance captivante con\u00e7ue pour les femmes qui appr\u00e9cient l\u2019\u00e9l\u00e9gance et le charme. Ce parfum envo\u00fbtant s\u2019ouvre sur un m\u00e9lange gourmand de fruit du dragon, de poire juteuse et de mandarine acidul\u00e9e, cr\u00e9ant une premi\u00e8re impression vibrante et rafra\u00eechissante. En c\u0153ur, un d\u00e9licat [&hellip;]<\/p>\n","protected":false},"featured_media":32848,"template":"","meta":{"om_disable_all_campaigns":false},"product_brand":[],"product_cat":[18,15,1091],"product_tag":[11890,3251,9682,11888,11862,6719,9562,11856,11696,11889],"class_list":{"0":"post-32851","1":"product","2":"type-product","3":"status-publish","4":"has-post-thumbnail","6":"product_cat-beaute-sante","7":"product_cat-beaute-sante-complements-alimentaires-soins-et-bien-etre-au-meilleur-prix","8":"product_cat-beaute-parfums-maroc-prix","9":"product_tag-asdaaf","10":"product_tag-eau-de-parfum","11":"product_tag-fragrance-florale","12":"product_tag-parfum-boise","13":"product_tag-parfum-durable","14":"product_tag-parfum-elegant","15":"product_tag-parfum-luxe","16":"product_tag-parfum-raffine","17":"product_tag-parfum-unisexe","18":"product_tag-raneen","20":"first","21":"instock","22":"taxable","23":"shipping-taxable","24":"purchasable","25":"product-type-simple"},"yoast_head":"<!-- This site is optimized with the Yoast SEO plugin v27.5 - https:\/\/yoast.com\/product\/yoast-seo-wordpress\/ -->\n<title>RANEEN EAU DE PARFUM ASDAAF 100ml - Maroc Prix<\/title>\n<meta name=\"description\" content=\"Raneen Asdaaf Eau de Parfum 100ml pour hommes et femmes. Fragrance unisexe sophistiqu\u00e9e aux notes florales et bois\u00e9es, durable et captivante .\" \/>\n<meta name=\"robots\" content=\"index, follow, max-snippet:-1, max-image-preview:large, max-video-preview:-1\" \/>\n<link rel=\"canonical\" href=\"https:\/\/vitablanca.ma\/ar\/product-2\/raneen-eau-de-parfum-pour-femmes-et-hommes-asdaaf-100ml\/\" \/>\n<meta property=\"og:locale\" content=\"ar_AR\" \/>\n<meta property=\"og:type\" content=\"article\" \/>\n<meta property=\"og:title\" content=\"RANEEN EAU DE PARFUM ASDAAF 100ml - Maroc Prix\" \/>\n<meta property=\"og:description\" content=\"Raneen Asdaaf Eau de Parfum 100ml pour hommes et femmes. Fragrance unisexe sophistiqu\u00e9e aux notes florales et bois\u00e9es, durable et captivante .\" \/>\n<meta property=\"og:url\" content=\"https:\/\/vitablanca.ma\/ar\/product-2\/raneen-eau-de-parfum-pour-femmes-et-hommes-asdaaf-100ml\/\" \/>\n<meta property=\"og:site_name\" content=\"Vitablanca.ma &ndash; Sant&eacute;, vitalit&eacute; et bien-&ecirc;tre pour tous les Marocains\" \/>\n<meta property=\"article:publisher\" content=\"https:\/\/www.facebook.com\/profile.php?id=61576678196717\" \/>\n<meta property=\"article:modified_time\" content=\"2026-04-17T22:32:35+00:00\" \/>\n<meta property=\"og:image\" content=\"https:\/\/vitablanca.ma\/wp-content\/uploads\/2026\/03\/RANEEN.png\" \/>\n\t<meta property=\"og:image:width\" content=\"933\" \/>\n\t<meta property=\"og:image:height\" content=\"815\" \/>\n\t<meta property=\"og:image:type\" content=\"image\/png\" \/>\n<meta name=\"twitter:card\" content=\"summary_large_image\" \/>\n<meta name=\"twitter:label1\" content=\"\u0648\u0642\u062a \u0627\u0644\u0642\u0631\u0627\u0621\u0629 \u0627\u0644\u0645\u064f\u0642\u062f\u0651\u0631\" \/>\n\t<meta name=\"twitter:data1\" content=\"\u062f\u0642\u064a\u0642\u0629 \u0648\u0627\u062d\u062f\u0629\" \/>\n<script type=\"application\/ld+json\" class=\"yoast-schema-graph\">{\"@context\":\"https:\\\/\\\/schema.org\",\"@graph\":[{\"@type\":[\"WebPage\",\"ItemPage\"],\"@id\":\"https:\\\/\\\/vitablanca.ma\\\/produit\\\/raneen-eau-de-parfum-pour-femmes-et-hommes-asdaaf-100ml\\\/\",\"url\":\"https:\\\/\\\/vitablanca.ma\\\/produit\\\/raneen-eau-de-parfum-pour-femmes-et-hommes-asdaaf-100ml\\\/\",\"name\":\"RANEEN EAU DE PARFUM ASDAAF 100ml - Maroc Prix\",\"isPartOf\":{\"@id\":\"https:\\\/\\\/vitablanca.ma\\\/#website\"},\"primaryImageOfPage\":{\"@id\":\"https:\\\/\\\/vitablanca.ma\\\/produit\\\/raneen-eau-de-parfum-pour-femmes-et-hommes-asdaaf-100ml\\\/#primaryimage\"},\"image\":{\"@id\":\"https:\\\/\\\/vitablanca.ma\\\/produit\\\/raneen-eau-de-parfum-pour-femmes-et-hommes-asdaaf-100ml\\\/#primaryimage\"},\"thumbnailUrl\":\"https:\\\/\\\/vitablanca.ma\\\/wp-content\\\/uploads\\\/2026\\\/03\\\/RANEEN.png\",\"datePublished\":\"2026-03-04T02:36:08+00:00\",\"dateModified\":\"2026-04-17T22:32:35+00:00\",\"description\":\"Raneen Asdaaf Eau de Parfum 100ml pour hommes et femmes. Fragrance unisexe sophistiqu\u00e9e aux notes florales et bois\u00e9es, durable et captivante .\",\"breadcrumb\":{\"@id\":\"https:\\\/\\\/vitablanca.ma\\\/produit\\\/raneen-eau-de-parfum-pour-femmes-et-hommes-asdaaf-100ml\\\/#breadcrumb\"},\"inLanguage\":\"ar\",\"potentialAction\":[{\"@type\":\"ReadAction\",\"target\":[\"https:\\\/\\\/vitablanca.ma\\\/produit\\\/raneen-eau-de-parfum-pour-femmes-et-hommes-asdaaf-100ml\\\/\"]}]},{\"@type\":\"ImageObject\",\"inLanguage\":\"ar\",\"@id\":\"https:\\\/\\\/vitablanca.ma\\\/produit\\\/raneen-eau-de-parfum-pour-femmes-et-hommes-asdaaf-100ml\\\/#primaryimage\",\"url\":\"https:\\\/\\\/vitablanca.ma\\\/wp-content\\\/uploads\\\/2026\\\/03\\\/RANEEN.png\",\"contentUrl\":\"https:\\\/\\\/vitablanca.ma\\\/wp-content\\\/uploads\\\/2026\\\/03\\\/RANEEN.png\",\"width\":933,\"height\":815},{\"@type\":\"BreadcrumbList\",\"@id\":\"https:\\\/\\\/vitablanca.ma\\\/produit\\\/raneen-eau-de-parfum-pour-femmes-et-hommes-asdaaf-100ml\\\/#breadcrumb\",\"itemListElement\":[{\"@type\":\"ListItem\",\"position\":1,\"name\":\"Home\",\"item\":\"https:\\\/\\\/vitablanca.ma\\\/\"},{\"@type\":\"ListItem\",\"position\":2,\"name\":\"Tous Les Produits\",\"item\":\"https:\\\/\\\/vitablanca.ma\\\/tous-les-produits\\\/\"},{\"@type\":\"ListItem\",\"position\":3,\"name\":\"RANEEN EAU DE PARFUM Pour Femmes et Hommes &#8211; ASDAAF 100ml\"}]},{\"@type\":\"WebSite\",\"@id\":\"https:\\\/\\\/vitablanca.ma\\\/#website\",\"url\":\"https:\\\/\\\/vitablanca.ma\\\/\",\"name\":\"VitaBlanca.ma | Compl\u00e9ments alimentaires, sant\u00e9 & beaut\u00e9 au Maroc\",\"description\":\"vendre vitamines et compl\u00e9ments premium des USA &amp; Canada, Nouvelle Z\u00e9lande,Maroc (NOW Foods, Solgar, Manuka). Livraison rapide partout au Maroc.\",\"publisher\":{\"@id\":\"https:\\\/\\\/vitablanca.ma\\\/#organization\"},\"alternateName\":\"VitaBlanca.ma\",\"potentialAction\":[{\"@type\":\"SearchAction\",\"target\":{\"@type\":\"EntryPoint\",\"urlTemplate\":\"https:\\\/\\\/vitablanca.ma\\\/?s={search_term_string}\"},\"query-input\":{\"@type\":\"PropertyValueSpecification\",\"valueRequired\":true,\"valueName\":\"search_term_string\"}}],\"inLanguage\":\"ar\"},{\"@type\":\"Organization\",\"@id\":\"https:\\\/\\\/vitablanca.ma\\\/#organization\",\"name\":\"VitaBlanca\",\"url\":\"https:\\\/\\\/vitablanca.ma\\\/\",\"logo\":{\"@type\":\"ImageObject\",\"inLanguage\":\"ar\",\"@id\":\"https:\\\/\\\/vitablanca.ma\\\/#\\\/schema\\\/logo\\\/image\\\/\",\"url\":\"https:\\\/\\\/vitablanca.ma\\\/wp-content\\\/uploads\\\/2025\\\/05\\\/cropped-vitablanca.png\",\"contentUrl\":\"https:\\\/\\\/vitablanca.ma\\\/wp-content\\\/uploads\\\/2025\\\/05\\\/cropped-vitablanca.png\",\"width\":360,\"height\":67,\"caption\":\"VitaBlanca\"},\"image\":{\"@id\":\"https:\\\/\\\/vitablanca.ma\\\/#\\\/schema\\\/logo\\\/image\\\/\"},\"sameAs\":[\"https:\\\/\\\/www.facebook.com\\\/profile.php?id=61576678196717\",\"https:\\\/\\\/www.tiktok.com\\\/@vitablanca.ma\",\"https:\\\/\\\/www.instagram.com\\\/vitablanca.ma\\\/\"]}]}<\/script>\n<!-- \/ Yoast SEO plugin. -->","yoast_head_json":{"title":"RANEEN EAU DE PARFUM ASDAAF 100ml - Maroc Prix","description":"Raneen Asdaaf Eau de Parfum 100ml pour hommes et femmes. Fragrance unisexe sophistiqu\u00e9e aux notes florales et bois\u00e9es, durable et captivante .","robots":{"index":"index","follow":"follow","max-snippet":"max-snippet:-1","max-image-preview":"max-image-preview:large","max-video-preview":"max-video-preview:-1"},"canonical":"https:\/\/vitablanca.ma\/ar\/product-2\/raneen-eau-de-parfum-pour-femmes-et-hommes-asdaaf-100ml\/","og_locale":"ar_AR","og_type":"article","og_title":"RANEEN EAU DE PARFUM ASDAAF 100ml - Maroc Prix","og_description":"Raneen Asdaaf Eau de Parfum 100ml pour hommes et femmes. Fragrance unisexe sophistiqu\u00e9e aux notes florales et bois\u00e9es, durable et captivante .","og_url":"https:\/\/vitablanca.ma\/ar\/product-2\/raneen-eau-de-parfum-pour-femmes-et-hommes-asdaaf-100ml\/","og_site_name":"Vitablanca.ma &ndash; Sant&eacute;, vitalit&eacute; et bien-&ecirc;tre pour tous les Marocains","article_publisher":"https:\/\/www.facebook.com\/profile.php?id=61576678196717","article_modified_time":"2026-04-17T22:32:35+00:00","og_image":[{"width":933,"height":815,"url":"https:\/\/vitablanca.ma\/wp-content\/uploads\/2026\/03\/RANEEN.png","type":"image\/png"}],"twitter_card":"summary_large_image","twitter_misc":{"\u0648\u0642\u062a \u0627\u0644\u0642\u0631\u0627\u0621\u0629 \u0627\u0644\u0645\u064f\u0642\u062f\u0651\u0631":"\u062f\u0642\u064a\u0642\u0629 \u0648\u0627\u062d\u062f\u0629"},"schema":{"@context":"https:\/\/schema.org","@graph":[{"@type":["WebPage","ItemPage"],"@id":"https:\/\/vitablanca.ma\/produit\/raneen-eau-de-parfum-pour-femmes-et-hommes-asdaaf-100ml\/","url":"https:\/\/vitablanca.ma\/produit\/raneen-eau-de-parfum-pour-femmes-et-hommes-asdaaf-100ml\/","name":"RANEEN EAU DE PARFUM ASDAAF 100ml - Maroc Prix","isPartOf":{"@id":"https:\/\/vitablanca.ma\/#website"},"primaryImageOfPage":{"@id":"https:\/\/vitablanca.ma\/produit\/raneen-eau-de-parfum-pour-femmes-et-hommes-asdaaf-100ml\/#primaryimage"},"image":{"@id":"https:\/\/vitablanca.ma\/produit\/raneen-eau-de-parfum-pour-femmes-et-hommes-asdaaf-100ml\/#primaryimage"},"thumbnailUrl":"https:\/\/vitablanca.ma\/wp-content\/uploads\/2026\/03\/RANEEN.png","datePublished":"2026-03-04T02:36:08+00:00","dateModified":"2026-04-17T22:32:35+00:00","description":"Raneen Asdaaf Eau de Parfum 100ml pour hommes et femmes. Fragrance unisexe sophistiqu\u00e9e aux notes florales et bois\u00e9es, durable et captivante .","breadcrumb":{"@id":"https:\/\/vitablanca.ma\/produit\/raneen-eau-de-parfum-pour-femmes-et-hommes-asdaaf-100ml\/#breadcrumb"},"inLanguage":"ar","potentialAction":[{"@type":"ReadAction","target":["https:\/\/vitablanca.ma\/produit\/raneen-eau-de-parfum-pour-femmes-et-hommes-asdaaf-100ml\/"]}]},{"@type":"ImageObject","inLanguage":"ar","@id":"https:\/\/vitablanca.ma\/produit\/raneen-eau-de-parfum-pour-femmes-et-hommes-asdaaf-100ml\/#primaryimage","url":"https:\/\/vitablanca.ma\/wp-content\/uploads\/2026\/03\/RANEEN.png","contentUrl":"https:\/\/vitablanca.ma\/wp-content\/uploads\/2026\/03\/RANEEN.png","width":933,"height":815},{"@type":"BreadcrumbList","@id":"https:\/\/vitablanca.ma\/produit\/raneen-eau-de-parfum-pour-femmes-et-hommes-asdaaf-100ml\/#breadcrumb","itemListElement":[{"@type":"ListItem","position":1,"name":"Home","item":"https:\/\/vitablanca.ma\/"},{"@type":"ListItem","position":2,"name":"Tous Les Produits","item":"https:\/\/vitablanca.ma\/tous-les-produits\/"},{"@type":"ListItem","position":3,"name":"RANEEN EAU DE PARFUM Pour Femmes et Hommes &#8211; ASDAAF 100ml"}]},{"@type":"WebSite","@id":"https:\/\/vitablanca.ma\/#website","url":"https:\/\/vitablanca.ma\/","name":"VitaBlanca.ma | \u0627\u0644\u0645\u0643\u0645\u0644\u0627\u062a \u0627\u0644\u063a\u0630\u0627\u0626\u064a\u0629\u060c \u0627\u0644\u0635\u062d\u0629 \u0648\u0627\u0644\u062c\u0645\u0627\u0644 \u0641\u064a \u0627\u0644\u0645\u063a\u0631\u0628","description":"\u0646\u0628\u064a\u0639 \u0641\u064a\u062a\u0627\u0645\u064a\u0646\u0627\u062a \u0648\u0645\u0643\u0645\u0644\u0627\u062a \u063a\u0630\u0627\u0626\u064a\u0629 \u0641\u0627\u062e\u0631\u0629 \u0645\u0646 \u0627\u0644\u0648\u0644\u0627\u064a\u0627\u062a \u0627\u0644\u0645\u062a\u062d\u062f\u0629 \u0627\u0644\u0623\u0645\u0631\u064a\u0643\u064a\u0629 \u0648\u0643\u0646\u062f\u0627 \u0648\u0646\u064a\u0648\u0632\u064a\u0644\u0646\u062f\u0627 \u0648\u0627\u0644\u0645\u063a\u0631\u0628 (\u0646\u0627\u0648 \u0641\u0648\u062f\u0632\u060c \u0633\u0648\u0644\u062c\u0627\u0631\u060c \u0645\u0627\u0646\u0648\u0643\u0627). \u062a\u0648\u0635\u064a\u0644 \u0633\u0631\u064a\u0639 \u0625\u0644\u0649 \u062c\u0645\u064a\u0639 \u0623\u0646\u062d\u0627\u0621 \u0627\u0644\u0645\u063a\u0631\u0628.","publisher":{"@id":"https:\/\/vitablanca.ma\/#organization"},"alternateName":"VitaBlanca.ma","potentialAction":[{"@type":"SearchAction","target":{"@type":"EntryPoint","urlTemplate":"https:\/\/vitablanca.ma\/?s={search_term_string}"},"query-input":{"@type":"PropertyValueSpecification","valueRequired":true,"valueName":"search_term_string"}}],"inLanguage":"ar"},{"@type":"Organization","@id":"https:\/\/vitablanca.ma\/#organization","name":"\u0641\u064a\u062a\u0627\u0628\u0644\u0627\u0646\u0643\u0627","url":"https:\/\/vitablanca.ma\/","logo":{"@type":"ImageObject","inLanguage":"ar","@id":"https:\/\/vitablanca.ma\/#\/schema\/logo\/image\/","url":"https:\/\/vitablanca.ma\/wp-content\/uploads\/2025\/05\/cropped-vitablanca.png","contentUrl":"https:\/\/vitablanca.ma\/wp-content\/uploads\/2025\/05\/cropped-vitablanca.png","width":360,"height":67,"caption":"VitaBlanca"},"image":{"@id":"https:\/\/vitablanca.ma\/#\/schema\/logo\/image\/"},"sameAs":["https:\/\/www.facebook.com\/profile.php?id=61576678196717","https:\/\/www.tiktok.com\/@vitablanca.ma","https:\/\/www.instagram.com\/vitablanca.ma\/"]}]}},"jetpack_sharing_enabled":true,"_links":{"self":[{"href":"https:\/\/vitablanca.ma\/ar\/wp-json\/wp\/v2\/product\/32851","targetHints":{"allow":["GET"]}}],"collection":[{"href":"https:\/\/vitablanca.ma\/ar\/wp-json\/wp\/v2\/product"}],"about":[{"href":"https:\/\/vitablanca.ma\/ar\/wp-json\/wp\/v2\/types\/product"}],"wp:featuredmedia":[{"embeddable":true,"href":"https:\/\/vitablanca.ma\/ar\/wp-json\/wp\/v2\/media\/32848"}],"wp:attachment":[{"href":"https:\/\/vitablanca.ma\/ar\/wp-json\/wp\/v2\/media?parent=32851"}],"wp:term":[{"taxonomy":"product_brand","embeddable":true,"href":"https:\/\/vitablanca.ma\/ar\/wp-json\/wp\/v2\/product_brand?post=32851"},{"taxonomy":"product_cat","embeddable":true,"href":"https:\/\/vitablanca.ma\/ar\/wp-json\/wp\/v2\/product_cat?post=32851"},{"taxonomy":"product_tag","embeddable":true,"href":"https:\/\/vitablanca.ma\/ar\/wp-json\/wp\/v2\/product_tag?post=32851"}],"curies":[{"name":"wp","href":"https:\/\/api.w.org\/{rel}","templated":true}]}}