{"id":32813,"date":"2026-03-04T02:34:52","date_gmt":"2026-03-04T02:34:52","guid":{"rendered":"https:\/\/vitablanca.ma\/produit\/sahebat-al-jamal-eau-de-parfum-ard-al-zaafaran-unisex-70ml\/"},"modified":"2026-03-15T23:08:32","modified_gmt":"2026-03-15T23:08:32","slug":"sahebat-al-jamal-eau-de-parfum-ard-al-zaafaran-unisex-70ml","status":"publish","type":"product","link":"https:\/\/vitablanca.ma\/ar\/product-2\/sahebat-al-jamal-eau-de-parfum-ard-al-zaafaran-unisex-70ml\/","title":{"rendered":"SAHEBAT AL JAMAL EAU DE PARFUM ARD AL ZAAFARAN Unisex &#8211; 70ml"},"content":{"rendered":"<p><strong>Sahebat Al Jamal,\u0635\u0627\u062d\u0628\u0629 \u0627\u0644\u062c\u0645\u0627\u0644<\/strong> une eau de parfum f\u00e9minine sign\u00e9e <strong>Ard Al Zaafaran,<\/strong> qui incame l&rsquo;\u00e9l\u00e9gance et la sensualit\u00e9 \u00e0 travers une composition olfactive raffin\u00e9e. Ce parfum s\u00e9duit par son harmonie parfaite entre notes fruit\u00e9es, florales et bois\u00e9es, offrant une exp\u00e9rience sensorielle inoubliable.<br \/><strong>Sahebat Al Jamal <\/strong>s&rsquo;ouvre sur des notes de l\u00e9te \u00e9clatantes de poivre rose et de fruits rouges, apportant une fra\u00eecheur fruit\u00e9e el \u00e9pic\u00e9e. Le c\u0153ur d\u00e9voile un bouquet floral d\u00e9licat d&rsquo;iris et de fleur d&rsquo;oranger, ajoutant une touche de f\u00e9minit\u00e9 et d&rsquo;\u00e9l\u00e9gance. Enfin, les notes de fond d&rsquo;ambroxan, de musc et de f\u00e8ve tonka conf\u00e8rent \u00e0 la fragrance une chaleur douce et enveloppante.<br \/><strong>Sahebat Al Jamal <\/strong>est le choix id\u00e9al pour les femmes qui recherchent une fragrance \u00e9l\u00e9gante et sophistiqu\u00e9e, parfaite pour toutes les occasions. Son sillage d\u00e9licat et sa composition harmonieuse en font une eau de parfum s\u00e9duisante et m\u00e9morable.<\/p>\n<p class=\"MsoNormal\"><b>Notes olfactives :<\/b><\/p>\n<p style=\"margin-bottom: .0001pt;line-height: normal\" class=\"MsoNormal\"><strong>Notes de t\u00eate\u00a0:<\/strong>\u00a0Poivre rose, Fruits rouges<\/p>\n<p style=\"margin-bottom: .0001pt;line-height: normal\" class=\"MsoNormal\"><strong>\u0645\u0644\u0627\u062d\u0638\u0627\u062a \u0627\u0644\u0642\u0644\u0628:\u00a0<\/strong>Iris, Fleur d&rsquo;oranger<\/p>\n<p style=\"margin-bottom: .0001pt;line-height: normal\" class=\"MsoNormal\"><strong>\u0627\u0644\u0645\u0643\u0648\u0646\u0627\u062a \u0627\u0644\u0623\u0633\u0627\u0633\u064a\u0629:<\/strong> Ambroxan, Musc, F\u00e8ve tonka<\/p>","protected":false},"excerpt":{"rendered":"<p>Sahebat Al Jamal,\u0635\u0627\u062d\u0628\u0629 \u0627\u0644\u062c\u0645\u0627\u0644 une eau de parfum f\u00e9minine sign\u00e9e Ard Al Zaafaran, qui incame l&rsquo;\u00e9l\u00e9gance et la sensualit\u00e9 \u00e0 travers une composition olfactive raffin\u00e9e. Ce parfum s\u00e9duit par son harmonie parfaite entre notes fruit\u00e9es, florales et bois\u00e9es, offrant une exp\u00e9rience sensorielle inoubliable.Sahebat Al Jamal s&rsquo;ouvre sur des notes de l\u00e9te \u00e9clatantes de poivre rose [&hellip;]<\/p>\n","protected":false},"featured_media":32810,"template":"","meta":{"om_disable_all_campaigns":false},"product_brand":[],"product_cat":[18,15,1091],"product_tag":[],"class_list":{"0":"post-32813","1":"product","2":"type-product","3":"status-publish","4":"has-post-thumbnail","6":"product_cat-beaute-sante","7":"product_cat-beaute-sante-complements-alimentaires-soins-et-bien-etre-au-meilleur-prix","8":"product_cat-beaute-parfums-maroc-prix","10":"first","11":"outofstock","12":"taxable","13":"shipping-taxable","14":"purchasable","15":"product-type-simple"},"yoast_head":"<!-- This site is optimized with the Yoast SEO plugin v27.3 - https:\/\/yoast.com\/product\/yoast-seo-wordpress\/ -->\n<title>SAHEBAT AL JAMAL EAU DE PARFUM ARD AL ZAAFARAN Unisex - 70ml - Maroc Prix<\/title>\n<meta name=\"description\" content=\"SAHEBAT AL JAMAL EAU DE PARFUM ARD AL ZAAFARAN Unisex - 70ml\" \/>\n<meta name=\"robots\" content=\"index, follow, max-snippet:-1, max-image-preview:large, max-video-preview:-1\" \/>\n<link rel=\"canonical\" href=\"https:\/\/vitablanca.ma\/ar\/product-2\/sahebat-al-jamal-eau-de-parfum-ard-al-zaafaran-unisex-70ml\/\" \/>\n<meta property=\"og:locale\" content=\"ar_AR\" \/>\n<meta property=\"og:type\" content=\"article\" \/>\n<meta property=\"og:title\" content=\"SAHEBAT AL JAMAL EAU DE PARFUM ARD AL ZAAFARAN Unisex - 70ml - Maroc Prix\" \/>\n<meta property=\"og:description\" content=\"SAHEBAT AL JAMAL EAU DE PARFUM ARD AL ZAAFARAN Unisex - 70ml\" \/>\n<meta property=\"og:url\" content=\"https:\/\/vitablanca.ma\/ar\/product-2\/sahebat-al-jamal-eau-de-parfum-ard-al-zaafaran-unisex-70ml\/\" \/>\n<meta property=\"og:site_name\" content=\"Vitablanca.ma &ndash; Sant&eacute;, vitalit&eacute; et bien-&ecirc;tre pour tous les Marocains\" \/>\n<meta property=\"article:publisher\" content=\"https:\/\/www.facebook.com\/profile.php?id=61576678196717\" \/>\n<meta property=\"article:modified_time\" content=\"2026-03-15T23:08:32+00:00\" \/>\n<meta property=\"og:image\" content=\"https:\/\/vitablanca.ma\/wp-content\/uploads\/2026\/03\/SAHEBATALJAMALEAUDEPARFUMARDALZAAFARANUnisex-70ml1.jpg\" \/>\n\t<meta property=\"og:image:width\" content=\"1080\" \/>\n\t<meta property=\"og:image:height\" content=\"1080\" \/>\n\t<meta property=\"og:image:type\" content=\"image\/jpeg\" \/>\n<meta name=\"twitter:card\" content=\"summary_large_image\" \/>\n<meta name=\"twitter:label1\" content=\"\u0648\u0642\u062a \u0627\u0644\u0642\u0631\u0627\u0621\u0629 \u0627\u0644\u0645\u064f\u0642\u062f\u0651\u0631\" \/>\n\t<meta name=\"twitter:data1\" content=\"\u062f\u0642\u064a\u0642\u0629 \u0648\u0627\u062d\u062f\u0629\" \/>\n<script type=\"application\/ld+json\" class=\"yoast-schema-graph\">{\"@context\":\"https:\\\/\\\/schema.org\",\"@graph\":[{\"@type\":[\"WebPage\",\"ItemPage\"],\"@id\":\"https:\\\/\\\/vitablanca.ma\\\/produit\\\/sahebat-al-jamal-eau-de-parfum-ard-al-zaafaran-unisex-70ml\\\/\",\"url\":\"https:\\\/\\\/vitablanca.ma\\\/produit\\\/sahebat-al-jamal-eau-de-parfum-ard-al-zaafaran-unisex-70ml\\\/\",\"name\":\"SAHEBAT AL JAMAL EAU DE PARFUM ARD AL ZAAFARAN Unisex - 70ml - Maroc Prix\",\"isPartOf\":{\"@id\":\"https:\\\/\\\/vitablanca.ma\\\/#website\"},\"primaryImageOfPage\":{\"@id\":\"https:\\\/\\\/vitablanca.ma\\\/produit\\\/sahebat-al-jamal-eau-de-parfum-ard-al-zaafaran-unisex-70ml\\\/#primaryimage\"},\"image\":{\"@id\":\"https:\\\/\\\/vitablanca.ma\\\/produit\\\/sahebat-al-jamal-eau-de-parfum-ard-al-zaafaran-unisex-70ml\\\/#primaryimage\"},\"thumbnailUrl\":\"https:\\\/\\\/vitablanca.ma\\\/wp-content\\\/uploads\\\/2026\\\/03\\\/SAHEBATALJAMALEAUDEPARFUMARDALZAAFARANUnisex-70ml1.jpg\",\"datePublished\":\"2026-03-04T02:34:52+00:00\",\"dateModified\":\"2026-03-15T23:08:32+00:00\",\"description\":\"SAHEBAT AL JAMAL EAU DE PARFUM ARD AL ZAAFARAN Unisex - 70ml\",\"breadcrumb\":{\"@id\":\"https:\\\/\\\/vitablanca.ma\\\/produit\\\/sahebat-al-jamal-eau-de-parfum-ard-al-zaafaran-unisex-70ml\\\/#breadcrumb\"},\"inLanguage\":\"ar\",\"potentialAction\":[{\"@type\":\"ReadAction\",\"target\":[\"https:\\\/\\\/vitablanca.ma\\\/produit\\\/sahebat-al-jamal-eau-de-parfum-ard-al-zaafaran-unisex-70ml\\\/\"]}]},{\"@type\":\"ImageObject\",\"inLanguage\":\"ar\",\"@id\":\"https:\\\/\\\/vitablanca.ma\\\/produit\\\/sahebat-al-jamal-eau-de-parfum-ard-al-zaafaran-unisex-70ml\\\/#primaryimage\",\"url\":\"https:\\\/\\\/vitablanca.ma\\\/wp-content\\\/uploads\\\/2026\\\/03\\\/SAHEBATALJAMALEAUDEPARFUMARDALZAAFARANUnisex-70ml1.jpg\",\"contentUrl\":\"https:\\\/\\\/vitablanca.ma\\\/wp-content\\\/uploads\\\/2026\\\/03\\\/SAHEBATALJAMALEAUDEPARFUMARDALZAAFARANUnisex-70ml1.jpg\",\"width\":1080,\"height\":1080},{\"@type\":\"BreadcrumbList\",\"@id\":\"https:\\\/\\\/vitablanca.ma\\\/produit\\\/sahebat-al-jamal-eau-de-parfum-ard-al-zaafaran-unisex-70ml\\\/#breadcrumb\",\"itemListElement\":[{\"@type\":\"ListItem\",\"position\":1,\"name\":\"Home\",\"item\":\"https:\\\/\\\/vitablanca.ma\\\/\"},{\"@type\":\"ListItem\",\"position\":2,\"name\":\"Tous Les Produits\",\"item\":\"https:\\\/\\\/vitablanca.ma\\\/tous-les-produits\\\/\"},{\"@type\":\"ListItem\",\"position\":3,\"name\":\"SAHEBAT AL JAMAL EAU DE PARFUM ARD AL ZAAFARAN Unisex &#8211; 70ml\"}]},{\"@type\":\"WebSite\",\"@id\":\"https:\\\/\\\/vitablanca.ma\\\/#website\",\"url\":\"https:\\\/\\\/vitablanca.ma\\\/\",\"name\":\"VitaBlanca.ma | Compl\u00e9ments alimentaires, sant\u00e9 & beaut\u00e9 au Maroc\",\"description\":\"vendre vitamines et compl\u00e9ments premium des USA &amp; Canada, Nouvelle Z\u00e9lande,Maroc (NOW Foods, Solgar, Manuka). Livraison rapide partout au Maroc.\",\"publisher\":{\"@id\":\"https:\\\/\\\/vitablanca.ma\\\/#organization\"},\"alternateName\":\"VitaBlanca.ma\",\"potentialAction\":[{\"@type\":\"SearchAction\",\"target\":{\"@type\":\"EntryPoint\",\"urlTemplate\":\"https:\\\/\\\/vitablanca.ma\\\/?s={search_term_string}\"},\"query-input\":{\"@type\":\"PropertyValueSpecification\",\"valueRequired\":true,\"valueName\":\"search_term_string\"}}],\"inLanguage\":\"ar\"},{\"@type\":\"Organization\",\"@id\":\"https:\\\/\\\/vitablanca.ma\\\/#organization\",\"name\":\"VitaBlanca\",\"url\":\"https:\\\/\\\/vitablanca.ma\\\/\",\"logo\":{\"@type\":\"ImageObject\",\"inLanguage\":\"ar\",\"@id\":\"https:\\\/\\\/vitablanca.ma\\\/#\\\/schema\\\/logo\\\/image\\\/\",\"url\":\"https:\\\/\\\/vitablanca.ma\\\/wp-content\\\/uploads\\\/2025\\\/05\\\/cropped-vitablanca.png\",\"contentUrl\":\"https:\\\/\\\/vitablanca.ma\\\/wp-content\\\/uploads\\\/2025\\\/05\\\/cropped-vitablanca.png\",\"width\":360,\"height\":67,\"caption\":\"VitaBlanca\"},\"image\":{\"@id\":\"https:\\\/\\\/vitablanca.ma\\\/#\\\/schema\\\/logo\\\/image\\\/\"},\"sameAs\":[\"https:\\\/\\\/www.facebook.com\\\/profile.php?id=61576678196717\",\"https:\\\/\\\/www.tiktok.com\\\/@vitablanca.ma\",\"https:\\\/\\\/www.instagram.com\\\/vitablanca.ma\\\/\"]}]}<\/script>\n<!-- \/ Yoast SEO plugin. -->","yoast_head_json":{"title":"SAHEBAT AL JAMAL EAU DE PARFUM ARD AL ZAAFARAN Unisex - 70ml - Maroc Prix","description":"SAHEBAT AL JAMAL EAU DE PARFUM ARD AL ZAAFARAN Unisex - 70ml","robots":{"index":"index","follow":"follow","max-snippet":"max-snippet:-1","max-image-preview":"max-image-preview:large","max-video-preview":"max-video-preview:-1"},"canonical":"https:\/\/vitablanca.ma\/ar\/product-2\/sahebat-al-jamal-eau-de-parfum-ard-al-zaafaran-unisex-70ml\/","og_locale":"ar_AR","og_type":"article","og_title":"SAHEBAT AL JAMAL EAU DE PARFUM ARD AL ZAAFARAN Unisex - 70ml - Maroc Prix","og_description":"SAHEBAT AL JAMAL EAU DE PARFUM ARD AL ZAAFARAN Unisex - 70ml","og_url":"https:\/\/vitablanca.ma\/ar\/product-2\/sahebat-al-jamal-eau-de-parfum-ard-al-zaafaran-unisex-70ml\/","og_site_name":"Vitablanca.ma &ndash; Sant&eacute;, vitalit&eacute; et bien-&ecirc;tre pour tous les Marocains","article_publisher":"https:\/\/www.facebook.com\/profile.php?id=61576678196717","article_modified_time":"2026-03-15T23:08:32+00:00","og_image":[{"width":1080,"height":1080,"url":"https:\/\/vitablanca.ma\/wp-content\/uploads\/2026\/03\/SAHEBATALJAMALEAUDEPARFUMARDALZAAFARANUnisex-70ml1.jpg","type":"image\/jpeg"}],"twitter_card":"summary_large_image","twitter_misc":{"\u0648\u0642\u062a \u0627\u0644\u0642\u0631\u0627\u0621\u0629 \u0627\u0644\u0645\u064f\u0642\u062f\u0651\u0631":"\u062f\u0642\u064a\u0642\u0629 \u0648\u0627\u062d\u062f\u0629"},"schema":{"@context":"https:\/\/schema.org","@graph":[{"@type":["WebPage","ItemPage"],"@id":"https:\/\/vitablanca.ma\/produit\/sahebat-al-jamal-eau-de-parfum-ard-al-zaafaran-unisex-70ml\/","url":"https:\/\/vitablanca.ma\/produit\/sahebat-al-jamal-eau-de-parfum-ard-al-zaafaran-unisex-70ml\/","name":"SAHEBAT AL JAMAL EAU DE PARFUM ARD AL ZAAFARAN Unisex - 70ml - Maroc Prix","isPartOf":{"@id":"https:\/\/vitablanca.ma\/#website"},"primaryImageOfPage":{"@id":"https:\/\/vitablanca.ma\/produit\/sahebat-al-jamal-eau-de-parfum-ard-al-zaafaran-unisex-70ml\/#primaryimage"},"image":{"@id":"https:\/\/vitablanca.ma\/produit\/sahebat-al-jamal-eau-de-parfum-ard-al-zaafaran-unisex-70ml\/#primaryimage"},"thumbnailUrl":"https:\/\/vitablanca.ma\/wp-content\/uploads\/2026\/03\/SAHEBATALJAMALEAUDEPARFUMARDALZAAFARANUnisex-70ml1.jpg","datePublished":"2026-03-04T02:34:52+00:00","dateModified":"2026-03-15T23:08:32+00:00","description":"SAHEBAT AL JAMAL EAU DE PARFUM ARD AL ZAAFARAN Unisex - 70ml","breadcrumb":{"@id":"https:\/\/vitablanca.ma\/produit\/sahebat-al-jamal-eau-de-parfum-ard-al-zaafaran-unisex-70ml\/#breadcrumb"},"inLanguage":"ar","potentialAction":[{"@type":"ReadAction","target":["https:\/\/vitablanca.ma\/produit\/sahebat-al-jamal-eau-de-parfum-ard-al-zaafaran-unisex-70ml\/"]}]},{"@type":"ImageObject","inLanguage":"ar","@id":"https:\/\/vitablanca.ma\/produit\/sahebat-al-jamal-eau-de-parfum-ard-al-zaafaran-unisex-70ml\/#primaryimage","url":"https:\/\/vitablanca.ma\/wp-content\/uploads\/2026\/03\/SAHEBATALJAMALEAUDEPARFUMARDALZAAFARANUnisex-70ml1.jpg","contentUrl":"https:\/\/vitablanca.ma\/wp-content\/uploads\/2026\/03\/SAHEBATALJAMALEAUDEPARFUMARDALZAAFARANUnisex-70ml1.jpg","width":1080,"height":1080},{"@type":"BreadcrumbList","@id":"https:\/\/vitablanca.ma\/produit\/sahebat-al-jamal-eau-de-parfum-ard-al-zaafaran-unisex-70ml\/#breadcrumb","itemListElement":[{"@type":"ListItem","position":1,"name":"Home","item":"https:\/\/vitablanca.ma\/"},{"@type":"ListItem","position":2,"name":"Tous Les Produits","item":"https:\/\/vitablanca.ma\/tous-les-produits\/"},{"@type":"ListItem","position":3,"name":"SAHEBAT AL JAMAL EAU DE PARFUM ARD AL ZAAFARAN Unisex &#8211; 70ml"}]},{"@type":"WebSite","@id":"https:\/\/vitablanca.ma\/#website","url":"https:\/\/vitablanca.ma\/","name":"VitaBlanca.ma | \u0627\u0644\u0645\u0643\u0645\u0644\u0627\u062a \u0627\u0644\u063a\u0630\u0627\u0626\u064a\u0629\u060c \u0627\u0644\u0635\u062d\u0629 \u0648\u0627\u0644\u062c\u0645\u0627\u0644 \u0641\u064a \u0627\u0644\u0645\u063a\u0631\u0628","description":"\u0646\u0628\u064a\u0639 \u0641\u064a\u062a\u0627\u0645\u064a\u0646\u0627\u062a \u0648\u0645\u0643\u0645\u0644\u0627\u062a \u063a\u0630\u0627\u0626\u064a\u0629 \u0641\u0627\u062e\u0631\u0629 \u0645\u0646 \u0627\u0644\u0648\u0644\u0627\u064a\u0627\u062a \u0627\u0644\u0645\u062a\u062d\u062f\u0629 \u0627\u0644\u0623\u0645\u0631\u064a\u0643\u064a\u0629 \u0648\u0643\u0646\u062f\u0627 \u0648\u0646\u064a\u0648\u0632\u064a\u0644\u0646\u062f\u0627 \u0648\u0627\u0644\u0645\u063a\u0631\u0628 (\u0646\u0627\u0648 \u0641\u0648\u062f\u0632\u060c \u0633\u0648\u0644\u062c\u0627\u0631\u060c \u0645\u0627\u0646\u0648\u0643\u0627). \u062a\u0648\u0635\u064a\u0644 \u0633\u0631\u064a\u0639 \u0625\u0644\u0649 \u062c\u0645\u064a\u0639 \u0623\u0646\u062d\u0627\u0621 \u0627\u0644\u0645\u063a\u0631\u0628.","publisher":{"@id":"https:\/\/vitablanca.ma\/#organization"},"alternateName":"VitaBlanca.ma","potentialAction":[{"@type":"SearchAction","target":{"@type":"EntryPoint","urlTemplate":"https:\/\/vitablanca.ma\/?s={search_term_string}"},"query-input":{"@type":"PropertyValueSpecification","valueRequired":true,"valueName":"search_term_string"}}],"inLanguage":"ar"},{"@type":"Organization","@id":"https:\/\/vitablanca.ma\/#organization","name":"\u0641\u064a\u062a\u0627\u0628\u0644\u0627\u0646\u0643\u0627","url":"https:\/\/vitablanca.ma\/","logo":{"@type":"ImageObject","inLanguage":"ar","@id":"https:\/\/vitablanca.ma\/#\/schema\/logo\/image\/","url":"https:\/\/vitablanca.ma\/wp-content\/uploads\/2025\/05\/cropped-vitablanca.png","contentUrl":"https:\/\/vitablanca.ma\/wp-content\/uploads\/2025\/05\/cropped-vitablanca.png","width":360,"height":67,"caption":"VitaBlanca"},"image":{"@id":"https:\/\/vitablanca.ma\/#\/schema\/logo\/image\/"},"sameAs":["https:\/\/www.facebook.com\/profile.php?id=61576678196717","https:\/\/www.tiktok.com\/@vitablanca.ma","https:\/\/www.instagram.com\/vitablanca.ma\/"]}]}},"jetpack_sharing_enabled":true,"_links":{"self":[{"href":"https:\/\/vitablanca.ma\/ar\/wp-json\/wp\/v2\/product\/32813","targetHints":{"allow":["GET"]}}],"collection":[{"href":"https:\/\/vitablanca.ma\/ar\/wp-json\/wp\/v2\/product"}],"about":[{"href":"https:\/\/vitablanca.ma\/ar\/wp-json\/wp\/v2\/types\/product"}],"wp:featuredmedia":[{"embeddable":true,"href":"https:\/\/vitablanca.ma\/ar\/wp-json\/wp\/v2\/media\/32810"}],"wp:attachment":[{"href":"https:\/\/vitablanca.ma\/ar\/wp-json\/wp\/v2\/media?parent=32813"}],"wp:term":[{"taxonomy":"product_brand","embeddable":true,"href":"https:\/\/vitablanca.ma\/ar\/wp-json\/wp\/v2\/product_brand?post=32813"},{"taxonomy":"product_cat","embeddable":true,"href":"https:\/\/vitablanca.ma\/ar\/wp-json\/wp\/v2\/product_cat?post=32813"},{"taxonomy":"product_tag","embeddable":true,"href":"https:\/\/vitablanca.ma\/ar\/wp-json\/wp\/v2\/product_tag?post=32813"}],"curies":[{"name":"wp","href":"https:\/\/api.w.org\/{rel}","templated":true}]}}