{"id":32774,"date":"2026-03-04T02:33:24","date_gmt":"2026-03-04T02:33:24","guid":{"rendered":"https:\/\/vitablanca.ma\/produit\/maison-alhambra-la-voie-eau-de-parfum-pour-femme-100ml\/"},"modified":"2026-04-17T22:32:33","modified_gmt":"2026-04-17T22:32:33","slug":"maison-alhambra-la-voie-eau-de-parfum-pour-femme-100ml","status":"publish","type":"product","link":"https:\/\/vitablanca.ma\/ar\/product-2\/maison-alhambra-la-voie-eau-de-parfum-pour-femme-100ml\/","title":{"rendered":"MAISON ALHAMBRA &#8211; LA VOIE EAU DE PARFUM Pour Femme &#8211; 100ml"},"content":{"rendered":"<p><strong>MAISON ALHAMBRA, LA VOIE EAU DE PARFUM Pour Femme, 100ml<\/strong> Au d\u00e9but, il se sent fort, pas des notes sucr\u00e9es de bergamote et de fleur d\u2019oranger, mais l\u00e9g\u00e8rement amer. Ce n\u2019est qu\u2019alors, apr\u00e8s quelques minutes, que quelque chose de sucr\u00e9 commence \u00e0 appara\u00eetre.<\/p>\n<p>Le jasmin est entrelac\u00e9 avec la tub\u00e9reuse<\/p>\n<p>Ce parfum repr\u00e9sente le monde sensuel de l\u2019Orient, extraordinaire et multiforme.<\/p>\n<p>Les notes de t\u00eate sont \u00e9tonnamment riches en rose velout\u00e9e, qui est habilement compl\u00e9t\u00e9e.<\/p>\n<p class=\"MsoNormal\"><b>Notes olfactives :<\/b><\/p>\n<ul class=\"ul1\">\n<li class=\"li1\"><b>Notes de t\u00eate:<\/b><span class=\"Apple-converted-space\">\u00a0Fleur d\u2019oranger, Bergamote<\/span><\/li>\n<li class=\"li1\"><b>Notes de coeur:<\/b><span class=\"Apple-converted-space\">\u00a0Tub\u00e9reuse, Jasmin d\u2019Inde<\/span><\/li>\n<li class=\"li1\"><b>Notes de fond:<\/b><span class=\"Apple-converted-space\">\u00a0Vanille de Madagascar, Musc blanc, C\u00e8dre de Virginie<\/span><\/li>\n<li class=\"li1\"><b>Similaire:<em><span class=\"Apple-converted-space\">\u00a0Giorgio Armani My Way<\/span><\/em><\/b><\/li>\n<\/ul>","protected":false},"excerpt":{"rendered":"<p>MAISON ALHAMBRA, LA VOIE EAU DE PARFUM Pour Femme, 100ml Au d\u00e9but, il se sent fort, pas des notes sucr\u00e9es de bergamote et de fleur d\u2019oranger, mais l\u00e9g\u00e8rement amer. Ce n\u2019est qu\u2019alors, apr\u00e8s quelques minutes, que quelque chose de sucr\u00e9 commence \u00e0 appara\u00eetre. Le jasmin est entrelac\u00e9 avec la tub\u00e9reuse Ce parfum repr\u00e9sente le monde [&hellip;]<\/p>\n","protected":false},"featured_media":32769,"template":"","meta":{"om_disable_all_campaigns":false},"product_brand":[],"product_cat":[18,15,1091],"product_tag":[3251,9682,11904,11853,11862,6969,9562,11897,11856,11708],"class_list":{"0":"post-32774","1":"product","2":"type-product","3":"status-publish","4":"has-post-thumbnail","6":"product_cat-beaute-sante","7":"product_cat-beaute-sante-complements-alimentaires-soins-et-bien-etre-au-meilleur-prix","8":"product_cat-beaute-parfums-maroc-prix","9":"product_tag-eau-de-parfum","10":"product_tag-fragrance-florale","11":"product_tag-la-voie","12":"product_tag-maison-alhambra","13":"product_tag-parfum-durable","14":"product_tag-parfum-femme","15":"product_tag-parfum-luxe","16":"product_tag-parfum-orientale","17":"product_tag-parfum-raffine","18":"product_tag-parfum-seduisant","20":"first","21":"instock","22":"taxable","23":"shipping-taxable","24":"purchasable","25":"product-type-simple"},"yoast_head":"<!-- This site is optimized with the Yoast SEO plugin v27.5 - https:\/\/yoast.com\/product\/yoast-seo-wordpress\/ -->\n<title>MAISON ALHAMBRA LA VOIE PARFUM - 100ml - Maroc Prix<\/title>\n<meta name=\"description\" content=\"Maison Alhambra La Voie Eau de Parfum 100ml pour femmes. Fragrance florale et orientale sophistiqu\u00e9e, offrant un parfum durable, s\u00e9duisant et \u00e9l\u00e9gant .\" \/>\n<meta name=\"robots\" content=\"index, follow, max-snippet:-1, max-image-preview:large, max-video-preview:-1\" \/>\n<link rel=\"canonical\" href=\"https:\/\/vitablanca.ma\/ar\/product-2\/maison-alhambra-la-voie-eau-de-parfum-pour-femme-100ml\/\" \/>\n<meta property=\"og:locale\" content=\"ar_AR\" \/>\n<meta property=\"og:type\" content=\"article\" \/>\n<meta property=\"og:title\" content=\"MAISON ALHAMBRA LA VOIE PARFUM - 100ml - Maroc Prix\" \/>\n<meta property=\"og:description\" content=\"Maison Alhambra La Voie Eau de Parfum 100ml pour femmes. Fragrance florale et orientale sophistiqu\u00e9e, offrant un parfum durable, s\u00e9duisant et \u00e9l\u00e9gant .\" \/>\n<meta property=\"og:url\" content=\"https:\/\/vitablanca.ma\/ar\/product-2\/maison-alhambra-la-voie-eau-de-parfum-pour-femme-100ml\/\" \/>\n<meta property=\"og:site_name\" content=\"Vitablanca.ma &ndash; Sant&eacute;, vitalit&eacute; et bien-&ecirc;tre pour tous les Marocains\" \/>\n<meta property=\"article:publisher\" content=\"https:\/\/www.facebook.com\/profile.php?id=61576678196717\" \/>\n<meta property=\"article:modified_time\" content=\"2026-04-17T22:32:33+00:00\" \/>\n<meta property=\"og:image\" content=\"https:\/\/vitablanca.ma\/wp-content\/uploads\/2026\/03\/MAISONALHAMBRA-LAVOIEEAUDEPARFUMPourFemme-100ml3.jpg\" \/>\n\t<meta property=\"og:image:width\" content=\"1080\" \/>\n\t<meta property=\"og:image:height\" content=\"1080\" \/>\n\t<meta property=\"og:image:type\" content=\"image\/jpeg\" \/>\n<meta name=\"twitter:card\" content=\"summary_large_image\" \/>\n<meta name=\"twitter:label1\" content=\"\u0648\u0642\u062a \u0627\u0644\u0642\u0631\u0627\u0621\u0629 \u0627\u0644\u0645\u064f\u0642\u062f\u0651\u0631\" \/>\n\t<meta name=\"twitter:data1\" content=\"\u062f\u0642\u064a\u0642\u0629 \u0648\u0627\u062d\u062f\u0629\" \/>\n<script type=\"application\/ld+json\" class=\"yoast-schema-graph\">{\"@context\":\"https:\\\/\\\/schema.org\",\"@graph\":[{\"@type\":[\"WebPage\",\"ItemPage\"],\"@id\":\"https:\\\/\\\/vitablanca.ma\\\/produit\\\/maison-alhambra-la-voie-eau-de-parfum-pour-femme-100ml\\\/\",\"url\":\"https:\\\/\\\/vitablanca.ma\\\/produit\\\/maison-alhambra-la-voie-eau-de-parfum-pour-femme-100ml\\\/\",\"name\":\"MAISON ALHAMBRA LA VOIE PARFUM - 100ml - Maroc Prix\",\"isPartOf\":{\"@id\":\"https:\\\/\\\/vitablanca.ma\\\/#website\"},\"primaryImageOfPage\":{\"@id\":\"https:\\\/\\\/vitablanca.ma\\\/produit\\\/maison-alhambra-la-voie-eau-de-parfum-pour-femme-100ml\\\/#primaryimage\"},\"image\":{\"@id\":\"https:\\\/\\\/vitablanca.ma\\\/produit\\\/maison-alhambra-la-voie-eau-de-parfum-pour-femme-100ml\\\/#primaryimage\"},\"thumbnailUrl\":\"https:\\\/\\\/vitablanca.ma\\\/wp-content\\\/uploads\\\/2026\\\/03\\\/MAISONALHAMBRA-LAVOIEEAUDEPARFUMPourFemme-100ml3.jpg\",\"datePublished\":\"2026-03-04T02:33:24+00:00\",\"dateModified\":\"2026-04-17T22:32:33+00:00\",\"description\":\"Maison Alhambra La Voie Eau de Parfum 100ml pour femmes. Fragrance florale et orientale sophistiqu\u00e9e, offrant un parfum durable, s\u00e9duisant et \u00e9l\u00e9gant .\",\"breadcrumb\":{\"@id\":\"https:\\\/\\\/vitablanca.ma\\\/produit\\\/maison-alhambra-la-voie-eau-de-parfum-pour-femme-100ml\\\/#breadcrumb\"},\"inLanguage\":\"ar\",\"potentialAction\":[{\"@type\":\"ReadAction\",\"target\":[\"https:\\\/\\\/vitablanca.ma\\\/produit\\\/maison-alhambra-la-voie-eau-de-parfum-pour-femme-100ml\\\/\"]}]},{\"@type\":\"ImageObject\",\"inLanguage\":\"ar\",\"@id\":\"https:\\\/\\\/vitablanca.ma\\\/produit\\\/maison-alhambra-la-voie-eau-de-parfum-pour-femme-100ml\\\/#primaryimage\",\"url\":\"https:\\\/\\\/vitablanca.ma\\\/wp-content\\\/uploads\\\/2026\\\/03\\\/MAISONALHAMBRA-LAVOIEEAUDEPARFUMPourFemme-100ml3.jpg\",\"contentUrl\":\"https:\\\/\\\/vitablanca.ma\\\/wp-content\\\/uploads\\\/2026\\\/03\\\/MAISONALHAMBRA-LAVOIEEAUDEPARFUMPourFemme-100ml3.jpg\",\"width\":1080,\"height\":1080},{\"@type\":\"BreadcrumbList\",\"@id\":\"https:\\\/\\\/vitablanca.ma\\\/produit\\\/maison-alhambra-la-voie-eau-de-parfum-pour-femme-100ml\\\/#breadcrumb\",\"itemListElement\":[{\"@type\":\"ListItem\",\"position\":1,\"name\":\"Home\",\"item\":\"https:\\\/\\\/vitablanca.ma\\\/\"},{\"@type\":\"ListItem\",\"position\":2,\"name\":\"Tous Les Produits\",\"item\":\"https:\\\/\\\/vitablanca.ma\\\/tous-les-produits\\\/\"},{\"@type\":\"ListItem\",\"position\":3,\"name\":\"MAISON ALHAMBRA &#8211; LA VOIE EAU DE PARFUM Pour Femme &#8211; 100ml\"}]},{\"@type\":\"WebSite\",\"@id\":\"https:\\\/\\\/vitablanca.ma\\\/#website\",\"url\":\"https:\\\/\\\/vitablanca.ma\\\/\",\"name\":\"VitaBlanca.ma | Compl\u00e9ments alimentaires, sant\u00e9 & beaut\u00e9 au Maroc\",\"description\":\"vendre vitamines et compl\u00e9ments premium des USA &amp; Canada, Nouvelle Z\u00e9lande,Maroc (NOW Foods, Solgar, Manuka). Livraison rapide partout au Maroc.\",\"publisher\":{\"@id\":\"https:\\\/\\\/vitablanca.ma\\\/#organization\"},\"alternateName\":\"VitaBlanca.ma\",\"potentialAction\":[{\"@type\":\"SearchAction\",\"target\":{\"@type\":\"EntryPoint\",\"urlTemplate\":\"https:\\\/\\\/vitablanca.ma\\\/?s={search_term_string}\"},\"query-input\":{\"@type\":\"PropertyValueSpecification\",\"valueRequired\":true,\"valueName\":\"search_term_string\"}}],\"inLanguage\":\"ar\"},{\"@type\":\"Organization\",\"@id\":\"https:\\\/\\\/vitablanca.ma\\\/#organization\",\"name\":\"VitaBlanca\",\"url\":\"https:\\\/\\\/vitablanca.ma\\\/\",\"logo\":{\"@type\":\"ImageObject\",\"inLanguage\":\"ar\",\"@id\":\"https:\\\/\\\/vitablanca.ma\\\/#\\\/schema\\\/logo\\\/image\\\/\",\"url\":\"https:\\\/\\\/vitablanca.ma\\\/wp-content\\\/uploads\\\/2025\\\/05\\\/cropped-vitablanca.png\",\"contentUrl\":\"https:\\\/\\\/vitablanca.ma\\\/wp-content\\\/uploads\\\/2025\\\/05\\\/cropped-vitablanca.png\",\"width\":360,\"height\":67,\"caption\":\"VitaBlanca\"},\"image\":{\"@id\":\"https:\\\/\\\/vitablanca.ma\\\/#\\\/schema\\\/logo\\\/image\\\/\"},\"sameAs\":[\"https:\\\/\\\/www.facebook.com\\\/profile.php?id=61576678196717\",\"https:\\\/\\\/www.tiktok.com\\\/@vitablanca.ma\",\"https:\\\/\\\/www.instagram.com\\\/vitablanca.ma\\\/\"]}]}<\/script>\n<!-- \/ Yoast SEO plugin. -->","yoast_head_json":{"title":"MAISON ALHAMBRA LA VOIE PARFUM - 100ml - Maroc Prix","description":"Maison Alhambra La Voie Eau de Parfum 100ml pour femmes. Fragrance florale et orientale sophistiqu\u00e9e, offrant un parfum durable, s\u00e9duisant et \u00e9l\u00e9gant .","robots":{"index":"index","follow":"follow","max-snippet":"max-snippet:-1","max-image-preview":"max-image-preview:large","max-video-preview":"max-video-preview:-1"},"canonical":"https:\/\/vitablanca.ma\/ar\/product-2\/maison-alhambra-la-voie-eau-de-parfum-pour-femme-100ml\/","og_locale":"ar_AR","og_type":"article","og_title":"MAISON ALHAMBRA LA VOIE PARFUM - 100ml - Maroc Prix","og_description":"Maison Alhambra La Voie Eau de Parfum 100ml pour femmes. Fragrance florale et orientale sophistiqu\u00e9e, offrant un parfum durable, s\u00e9duisant et \u00e9l\u00e9gant .","og_url":"https:\/\/vitablanca.ma\/ar\/product-2\/maison-alhambra-la-voie-eau-de-parfum-pour-femme-100ml\/","og_site_name":"Vitablanca.ma &ndash; Sant&eacute;, vitalit&eacute; et bien-&ecirc;tre pour tous les Marocains","article_publisher":"https:\/\/www.facebook.com\/profile.php?id=61576678196717","article_modified_time":"2026-04-17T22:32:33+00:00","og_image":[{"width":1080,"height":1080,"url":"https:\/\/vitablanca.ma\/wp-content\/uploads\/2026\/03\/MAISONALHAMBRA-LAVOIEEAUDEPARFUMPourFemme-100ml3.jpg","type":"image\/jpeg"}],"twitter_card":"summary_large_image","twitter_misc":{"\u0648\u0642\u062a \u0627\u0644\u0642\u0631\u0627\u0621\u0629 \u0627\u0644\u0645\u064f\u0642\u062f\u0651\u0631":"\u062f\u0642\u064a\u0642\u0629 \u0648\u0627\u062d\u062f\u0629"},"schema":{"@context":"https:\/\/schema.org","@graph":[{"@type":["WebPage","ItemPage"],"@id":"https:\/\/vitablanca.ma\/produit\/maison-alhambra-la-voie-eau-de-parfum-pour-femme-100ml\/","url":"https:\/\/vitablanca.ma\/produit\/maison-alhambra-la-voie-eau-de-parfum-pour-femme-100ml\/","name":"MAISON ALHAMBRA LA VOIE PARFUM - 100ml - Maroc Prix","isPartOf":{"@id":"https:\/\/vitablanca.ma\/#website"},"primaryImageOfPage":{"@id":"https:\/\/vitablanca.ma\/produit\/maison-alhambra-la-voie-eau-de-parfum-pour-femme-100ml\/#primaryimage"},"image":{"@id":"https:\/\/vitablanca.ma\/produit\/maison-alhambra-la-voie-eau-de-parfum-pour-femme-100ml\/#primaryimage"},"thumbnailUrl":"https:\/\/vitablanca.ma\/wp-content\/uploads\/2026\/03\/MAISONALHAMBRA-LAVOIEEAUDEPARFUMPourFemme-100ml3.jpg","datePublished":"2026-03-04T02:33:24+00:00","dateModified":"2026-04-17T22:32:33+00:00","description":"Maison Alhambra La Voie Eau de Parfum 100ml pour femmes. Fragrance florale et orientale sophistiqu\u00e9e, offrant un parfum durable, s\u00e9duisant et \u00e9l\u00e9gant .","breadcrumb":{"@id":"https:\/\/vitablanca.ma\/produit\/maison-alhambra-la-voie-eau-de-parfum-pour-femme-100ml\/#breadcrumb"},"inLanguage":"ar","potentialAction":[{"@type":"ReadAction","target":["https:\/\/vitablanca.ma\/produit\/maison-alhambra-la-voie-eau-de-parfum-pour-femme-100ml\/"]}]},{"@type":"ImageObject","inLanguage":"ar","@id":"https:\/\/vitablanca.ma\/produit\/maison-alhambra-la-voie-eau-de-parfum-pour-femme-100ml\/#primaryimage","url":"https:\/\/vitablanca.ma\/wp-content\/uploads\/2026\/03\/MAISONALHAMBRA-LAVOIEEAUDEPARFUMPourFemme-100ml3.jpg","contentUrl":"https:\/\/vitablanca.ma\/wp-content\/uploads\/2026\/03\/MAISONALHAMBRA-LAVOIEEAUDEPARFUMPourFemme-100ml3.jpg","width":1080,"height":1080},{"@type":"BreadcrumbList","@id":"https:\/\/vitablanca.ma\/produit\/maison-alhambra-la-voie-eau-de-parfum-pour-femme-100ml\/#breadcrumb","itemListElement":[{"@type":"ListItem","position":1,"name":"Home","item":"https:\/\/vitablanca.ma\/"},{"@type":"ListItem","position":2,"name":"Tous Les Produits","item":"https:\/\/vitablanca.ma\/tous-les-produits\/"},{"@type":"ListItem","position":3,"name":"MAISON ALHAMBRA &#8211; LA VOIE EAU DE PARFUM Pour Femme &#8211; 100ml"}]},{"@type":"WebSite","@id":"https:\/\/vitablanca.ma\/#website","url":"https:\/\/vitablanca.ma\/","name":"VitaBlanca.ma | \u0627\u0644\u0645\u0643\u0645\u0644\u0627\u062a \u0627\u0644\u063a\u0630\u0627\u0626\u064a\u0629\u060c \u0627\u0644\u0635\u062d\u0629 \u0648\u0627\u0644\u062c\u0645\u0627\u0644 \u0641\u064a \u0627\u0644\u0645\u063a\u0631\u0628","description":"\u0646\u0628\u064a\u0639 \u0641\u064a\u062a\u0627\u0645\u064a\u0646\u0627\u062a \u0648\u0645\u0643\u0645\u0644\u0627\u062a \u063a\u0630\u0627\u0626\u064a\u0629 \u0641\u0627\u062e\u0631\u0629 \u0645\u0646 \u0627\u0644\u0648\u0644\u0627\u064a\u0627\u062a \u0627\u0644\u0645\u062a\u062d\u062f\u0629 \u0627\u0644\u0623\u0645\u0631\u064a\u0643\u064a\u0629 \u0648\u0643\u0646\u062f\u0627 \u0648\u0646\u064a\u0648\u0632\u064a\u0644\u0646\u062f\u0627 \u0648\u0627\u0644\u0645\u063a\u0631\u0628 (\u0646\u0627\u0648 \u0641\u0648\u062f\u0632\u060c \u0633\u0648\u0644\u062c\u0627\u0631\u060c \u0645\u0627\u0646\u0648\u0643\u0627). \u062a\u0648\u0635\u064a\u0644 \u0633\u0631\u064a\u0639 \u0625\u0644\u0649 \u062c\u0645\u064a\u0639 \u0623\u0646\u062d\u0627\u0621 \u0627\u0644\u0645\u063a\u0631\u0628.","publisher":{"@id":"https:\/\/vitablanca.ma\/#organization"},"alternateName":"VitaBlanca.ma","potentialAction":[{"@type":"SearchAction","target":{"@type":"EntryPoint","urlTemplate":"https:\/\/vitablanca.ma\/?s={search_term_string}"},"query-input":{"@type":"PropertyValueSpecification","valueRequired":true,"valueName":"search_term_string"}}],"inLanguage":"ar"},{"@type":"Organization","@id":"https:\/\/vitablanca.ma\/#organization","name":"\u0641\u064a\u062a\u0627\u0628\u0644\u0627\u0646\u0643\u0627","url":"https:\/\/vitablanca.ma\/","logo":{"@type":"ImageObject","inLanguage":"ar","@id":"https:\/\/vitablanca.ma\/#\/schema\/logo\/image\/","url":"https:\/\/vitablanca.ma\/wp-content\/uploads\/2025\/05\/cropped-vitablanca.png","contentUrl":"https:\/\/vitablanca.ma\/wp-content\/uploads\/2025\/05\/cropped-vitablanca.png","width":360,"height":67,"caption":"VitaBlanca"},"image":{"@id":"https:\/\/vitablanca.ma\/#\/schema\/logo\/image\/"},"sameAs":["https:\/\/www.facebook.com\/profile.php?id=61576678196717","https:\/\/www.tiktok.com\/@vitablanca.ma","https:\/\/www.instagram.com\/vitablanca.ma\/"]}]}},"jetpack_sharing_enabled":true,"_links":{"self":[{"href":"https:\/\/vitablanca.ma\/ar\/wp-json\/wp\/v2\/product\/32774","targetHints":{"allow":["GET"]}}],"collection":[{"href":"https:\/\/vitablanca.ma\/ar\/wp-json\/wp\/v2\/product"}],"about":[{"href":"https:\/\/vitablanca.ma\/ar\/wp-json\/wp\/v2\/types\/product"}],"wp:featuredmedia":[{"embeddable":true,"href":"https:\/\/vitablanca.ma\/ar\/wp-json\/wp\/v2\/media\/32769"}],"wp:attachment":[{"href":"https:\/\/vitablanca.ma\/ar\/wp-json\/wp\/v2\/media?parent=32774"}],"wp:term":[{"taxonomy":"product_brand","embeddable":true,"href":"https:\/\/vitablanca.ma\/ar\/wp-json\/wp\/v2\/product_brand?post=32774"},{"taxonomy":"product_cat","embeddable":true,"href":"https:\/\/vitablanca.ma\/ar\/wp-json\/wp\/v2\/product_cat?post=32774"},{"taxonomy":"product_tag","embeddable":true,"href":"https:\/\/vitablanca.ma\/ar\/wp-json\/wp\/v2\/product_tag?post=32774"}],"curies":[{"name":"wp","href":"https:\/\/api.w.org\/{rel}","templated":true}]}}