{"id":32768,"date":"2026-03-04T02:33:14","date_gmt":"2026-03-04T02:33:14","guid":{"rendered":"https:\/\/vitablanca.ma\/produit\/lattafa-afeef-eau-de-parfum-unisexe-100ml\/"},"modified":"2026-04-17T22:32:45","modified_gmt":"2026-04-17T22:32:45","slug":"lattafa-afeef-eau-de-parfum-unisexe-100ml","status":"publish","type":"product","link":"https:\/\/vitablanca.ma\/ar\/product-2\/lattafa-afeef-eau-de-parfum-unisexe-100ml\/","title":{"rendered":"LATTAFA \u2013 AFEEF Eau de Parfum UNISEXE \u2013 100ml"},"content":{"rendered":"<p>L\u2019eau de <strong>Parfum LATTAFA AFEEF \u0639\u0641\u064a\u0641<\/strong> est un parfum polyvalent con\u00e7u pour tous, offrant un m\u00e9lange harmonieux de notes fraiches, florales et chaudes dans un vaporisateur de 100 ml.<\/p>\n<p>Il s\u2019ouvre sur une explosion revigorante de bergamote, accentu\u00e9e par l\u2019epice subtile du poivre rose et une touche de p\u00eache juteuse. En son c\u0153ur, un bouquet enchanteur de jasmin, de fleur d\u2019oranger et de tub\u00e9reuse ajoute de la profondeur et de l\u2019\u00e9l\u00e9gance florale.<\/p>\n<p>Le parfum s\u2019installe dans une base chaleureuse et invitante de bois de santai, d\u2019ambre, de praline et de patchouli, laissant un sillage m\u00e9morable et sophistiqu\u00e9 adapt\u00e9 \u00e0 toutes les occasions.<\/p>\n<p><strong>Notes Olfactives:<\/strong><\/p>\n<ul>\n<li><strong>Notes de t\u00eate\u00a0\u22c5<\/strong>\u00a0Bergamote, Poivre Rose, P\u00eache<\/li>\n<li><strong>Notes de c\u0153ur\u00a0\u22c5<\/strong>\u00a0Jasmin, Fleur d\u2019Oranger, Tub\u00e9reuse<\/li>\n<li><strong>Notes de fond\u00a0\u22c5<\/strong>\u00a0Bois de Santal, Ambre, Praline, Patchouli<\/li>\n<\/ul>","protected":false},"excerpt":{"rendered":"<p>L\u2019eau de Parfum LATTAFA AFEEF \u0639\u0641\u064a\u0641 est un parfum polyvalent con\u00e7u pour tous, offrant un m\u00e9lange harmonieux de notes fraiches, florales et chaudes dans un vaporisateur de 100 ml. Il s\u2019ouvre sur une explosion revigorante de bergamote, accentu\u00e9e par l\u2019epice subtile du poivre rose et une touche de p\u00eache juteuse. En son c\u0153ur, un bouquet [&hellip;]<\/p>\n","protected":false},"featured_media":32764,"template":"","meta":{"om_disable_all_campaigns":false},"product_brand":[],"product_cat":[18,15,1091],"product_tag":[11887,3251,9682,11733,11888,11862,6719,9562,11856,11696],"class_list":{"0":"post-32768","1":"product","2":"type-product","3":"status-publish","4":"has-post-thumbnail","6":"product_cat-beaute-sante","7":"product_cat-beaute-sante-complements-alimentaires-soins-et-bien-etre-au-meilleur-prix","8":"product_cat-beaute-parfums-maroc-prix","9":"product_tag-afeef","10":"product_tag-eau-de-parfum","11":"product_tag-fragrance-florale","12":"product_tag-lattafa","13":"product_tag-parfum-boise","14":"product_tag-parfum-durable","15":"product_tag-parfum-elegant","16":"product_tag-parfum-luxe","17":"product_tag-parfum-raffine","18":"product_tag-parfum-unisexe","20":"first","21":"instock","22":"taxable","23":"shipping-taxable","24":"purchasable","25":"product-type-simple"},"yoast_head":"<!-- This site is optimized with the Yoast SEO plugin v27.5 - https:\/\/yoast.com\/product\/yoast-seo-wordpress\/ -->\n<title>LATTAFA \u2013 AFEEF Eau de Parfum UNISEXE \u2013 100ml - Maroc Prix<\/title>\n<meta name=\"description\" content=\"Lattafa Afeef Eau de Parfum 100ml pour hommes et femmes. Fragrance unisexe sophistiqu\u00e9e aux notes florales et bois\u00e9es, longue tenue et captivante\" \/>\n<meta name=\"robots\" content=\"index, follow, max-snippet:-1, max-image-preview:large, max-video-preview:-1\" \/>\n<link rel=\"canonical\" href=\"https:\/\/vitablanca.ma\/ar\/product-2\/lattafa-afeef-eau-de-parfum-unisexe-100ml\/\" \/>\n<meta property=\"og:locale\" content=\"ar_AR\" \/>\n<meta property=\"og:type\" content=\"article\" \/>\n<meta property=\"og:title\" content=\"LATTAFA \u2013 AFEEF Eau de Parfum UNISEXE \u2013 100ml - Maroc Prix\" \/>\n<meta property=\"og:description\" content=\"Lattafa Afeef Eau de Parfum 100ml pour hommes et femmes. Fragrance unisexe sophistiqu\u00e9e aux notes florales et bois\u00e9es, longue tenue et captivante\" \/>\n<meta property=\"og:url\" content=\"https:\/\/vitablanca.ma\/ar\/product-2\/lattafa-afeef-eau-de-parfum-unisexe-100ml\/\" \/>\n<meta property=\"og:site_name\" content=\"Vitablanca.ma &ndash; Sant&eacute;, vitalit&eacute; et bien-&ecirc;tre pour tous les Marocains\" \/>\n<meta property=\"article:publisher\" content=\"https:\/\/www.facebook.com\/profile.php?id=61576678196717\" \/>\n<meta property=\"article:modified_time\" content=\"2026-04-17T22:32:45+00:00\" \/>\n<meta property=\"og:image\" content=\"https:\/\/vitablanca.ma\/wp-content\/uploads\/2026\/03\/LATTAFA_AFEEFEaudeParfumUNISEXE_100ml3.jpg\" \/>\n\t<meta property=\"og:image:width\" content=\"1080\" \/>\n\t<meta property=\"og:image:height\" content=\"1080\" \/>\n\t<meta property=\"og:image:type\" content=\"image\/jpeg\" \/>\n<meta name=\"twitter:card\" content=\"summary_large_image\" \/>\n<meta name=\"twitter:label1\" content=\"\u0648\u0642\u062a \u0627\u0644\u0642\u0631\u0627\u0621\u0629 \u0627\u0644\u0645\u064f\u0642\u062f\u0651\u0631\" \/>\n\t<meta name=\"twitter:data1\" content=\"\u062f\u0642\u064a\u0642\u0629 \u0648\u0627\u062d\u062f\u0629\" \/>\n<script type=\"application\/ld+json\" class=\"yoast-schema-graph\">{\"@context\":\"https:\\\/\\\/schema.org\",\"@graph\":[{\"@type\":[\"WebPage\",\"ItemPage\"],\"@id\":\"https:\\\/\\\/vitablanca.ma\\\/produit\\\/lattafa-afeef-eau-de-parfum-unisexe-100ml\\\/\",\"url\":\"https:\\\/\\\/vitablanca.ma\\\/produit\\\/lattafa-afeef-eau-de-parfum-unisexe-100ml\\\/\",\"name\":\"LATTAFA \u2013 AFEEF Eau de Parfum UNISEXE \u2013 100ml - Maroc Prix\",\"isPartOf\":{\"@id\":\"https:\\\/\\\/vitablanca.ma\\\/#website\"},\"primaryImageOfPage\":{\"@id\":\"https:\\\/\\\/vitablanca.ma\\\/produit\\\/lattafa-afeef-eau-de-parfum-unisexe-100ml\\\/#primaryimage\"},\"image\":{\"@id\":\"https:\\\/\\\/vitablanca.ma\\\/produit\\\/lattafa-afeef-eau-de-parfum-unisexe-100ml\\\/#primaryimage\"},\"thumbnailUrl\":\"https:\\\/\\\/vitablanca.ma\\\/wp-content\\\/uploads\\\/2026\\\/03\\\/LATTAFA_AFEEFEaudeParfumUNISEXE_100ml3.jpg\",\"datePublished\":\"2026-03-04T02:33:14+00:00\",\"dateModified\":\"2026-04-17T22:32:45+00:00\",\"description\":\"Lattafa Afeef Eau de Parfum 100ml pour hommes et femmes. Fragrance unisexe sophistiqu\u00e9e aux notes florales et bois\u00e9es, longue tenue et captivante\",\"breadcrumb\":{\"@id\":\"https:\\\/\\\/vitablanca.ma\\\/produit\\\/lattafa-afeef-eau-de-parfum-unisexe-100ml\\\/#breadcrumb\"},\"inLanguage\":\"ar\",\"potentialAction\":[{\"@type\":\"ReadAction\",\"target\":[\"https:\\\/\\\/vitablanca.ma\\\/produit\\\/lattafa-afeef-eau-de-parfum-unisexe-100ml\\\/\"]}]},{\"@type\":\"ImageObject\",\"inLanguage\":\"ar\",\"@id\":\"https:\\\/\\\/vitablanca.ma\\\/produit\\\/lattafa-afeef-eau-de-parfum-unisexe-100ml\\\/#primaryimage\",\"url\":\"https:\\\/\\\/vitablanca.ma\\\/wp-content\\\/uploads\\\/2026\\\/03\\\/LATTAFA_AFEEFEaudeParfumUNISEXE_100ml3.jpg\",\"contentUrl\":\"https:\\\/\\\/vitablanca.ma\\\/wp-content\\\/uploads\\\/2026\\\/03\\\/LATTAFA_AFEEFEaudeParfumUNISEXE_100ml3.jpg\",\"width\":1080,\"height\":1080},{\"@type\":\"BreadcrumbList\",\"@id\":\"https:\\\/\\\/vitablanca.ma\\\/produit\\\/lattafa-afeef-eau-de-parfum-unisexe-100ml\\\/#breadcrumb\",\"itemListElement\":[{\"@type\":\"ListItem\",\"position\":1,\"name\":\"Home\",\"item\":\"https:\\\/\\\/vitablanca.ma\\\/\"},{\"@type\":\"ListItem\",\"position\":2,\"name\":\"Tous Les Produits\",\"item\":\"https:\\\/\\\/vitablanca.ma\\\/tous-les-produits\\\/\"},{\"@type\":\"ListItem\",\"position\":3,\"name\":\"LATTAFA \u2013 AFEEF Eau de Parfum UNISEXE \u2013 100ml\"}]},{\"@type\":\"WebSite\",\"@id\":\"https:\\\/\\\/vitablanca.ma\\\/#website\",\"url\":\"https:\\\/\\\/vitablanca.ma\\\/\",\"name\":\"VitaBlanca.ma | Compl\u00e9ments alimentaires, sant\u00e9 & beaut\u00e9 au Maroc\",\"description\":\"vendre vitamines et compl\u00e9ments premium des USA &amp; Canada, Nouvelle Z\u00e9lande,Maroc (NOW Foods, Solgar, Manuka). Livraison rapide partout au Maroc.\",\"publisher\":{\"@id\":\"https:\\\/\\\/vitablanca.ma\\\/#organization\"},\"alternateName\":\"VitaBlanca.ma\",\"potentialAction\":[{\"@type\":\"SearchAction\",\"target\":{\"@type\":\"EntryPoint\",\"urlTemplate\":\"https:\\\/\\\/vitablanca.ma\\\/?s={search_term_string}\"},\"query-input\":{\"@type\":\"PropertyValueSpecification\",\"valueRequired\":true,\"valueName\":\"search_term_string\"}}],\"inLanguage\":\"ar\"},{\"@type\":\"Organization\",\"@id\":\"https:\\\/\\\/vitablanca.ma\\\/#organization\",\"name\":\"VitaBlanca\",\"url\":\"https:\\\/\\\/vitablanca.ma\\\/\",\"logo\":{\"@type\":\"ImageObject\",\"inLanguage\":\"ar\",\"@id\":\"https:\\\/\\\/vitablanca.ma\\\/#\\\/schema\\\/logo\\\/image\\\/\",\"url\":\"https:\\\/\\\/vitablanca.ma\\\/wp-content\\\/uploads\\\/2025\\\/05\\\/cropped-vitablanca.png\",\"contentUrl\":\"https:\\\/\\\/vitablanca.ma\\\/wp-content\\\/uploads\\\/2025\\\/05\\\/cropped-vitablanca.png\",\"width\":360,\"height\":67,\"caption\":\"VitaBlanca\"},\"image\":{\"@id\":\"https:\\\/\\\/vitablanca.ma\\\/#\\\/schema\\\/logo\\\/image\\\/\"},\"sameAs\":[\"https:\\\/\\\/www.facebook.com\\\/profile.php?id=61576678196717\",\"https:\\\/\\\/www.tiktok.com\\\/@vitablanca.ma\",\"https:\\\/\\\/www.instagram.com\\\/vitablanca.ma\\\/\"]}]}<\/script>\n<!-- \/ Yoast SEO plugin. -->","yoast_head_json":{"title":"LATTAFA \u2013 AFEEF Eau de Parfum UNISEXE \u2013 100ml - Maroc Prix","description":"Lattafa Afeef Eau de Parfum 100ml pour hommes et femmes. Fragrance unisexe sophistiqu\u00e9e aux notes florales et bois\u00e9es, longue tenue et captivante","robots":{"index":"index","follow":"follow","max-snippet":"max-snippet:-1","max-image-preview":"max-image-preview:large","max-video-preview":"max-video-preview:-1"},"canonical":"https:\/\/vitablanca.ma\/ar\/product-2\/lattafa-afeef-eau-de-parfum-unisexe-100ml\/","og_locale":"ar_AR","og_type":"article","og_title":"LATTAFA \u2013 AFEEF Eau de Parfum UNISEXE \u2013 100ml - Maroc Prix","og_description":"Lattafa Afeef Eau de Parfum 100ml pour hommes et femmes. Fragrance unisexe sophistiqu\u00e9e aux notes florales et bois\u00e9es, longue tenue et captivante","og_url":"https:\/\/vitablanca.ma\/ar\/product-2\/lattafa-afeef-eau-de-parfum-unisexe-100ml\/","og_site_name":"Vitablanca.ma &ndash; Sant&eacute;, vitalit&eacute; et bien-&ecirc;tre pour tous les Marocains","article_publisher":"https:\/\/www.facebook.com\/profile.php?id=61576678196717","article_modified_time":"2026-04-17T22:32:45+00:00","og_image":[{"width":1080,"height":1080,"url":"https:\/\/vitablanca.ma\/wp-content\/uploads\/2026\/03\/LATTAFA_AFEEFEaudeParfumUNISEXE_100ml3.jpg","type":"image\/jpeg"}],"twitter_card":"summary_large_image","twitter_misc":{"\u0648\u0642\u062a \u0627\u0644\u0642\u0631\u0627\u0621\u0629 \u0627\u0644\u0645\u064f\u0642\u062f\u0651\u0631":"\u062f\u0642\u064a\u0642\u0629 \u0648\u0627\u062d\u062f\u0629"},"schema":{"@context":"https:\/\/schema.org","@graph":[{"@type":["WebPage","ItemPage"],"@id":"https:\/\/vitablanca.ma\/produit\/lattafa-afeef-eau-de-parfum-unisexe-100ml\/","url":"https:\/\/vitablanca.ma\/produit\/lattafa-afeef-eau-de-parfum-unisexe-100ml\/","name":"LATTAFA \u2013 AFEEF Eau de Parfum UNISEXE \u2013 100ml - Maroc Prix","isPartOf":{"@id":"https:\/\/vitablanca.ma\/#website"},"primaryImageOfPage":{"@id":"https:\/\/vitablanca.ma\/produit\/lattafa-afeef-eau-de-parfum-unisexe-100ml\/#primaryimage"},"image":{"@id":"https:\/\/vitablanca.ma\/produit\/lattafa-afeef-eau-de-parfum-unisexe-100ml\/#primaryimage"},"thumbnailUrl":"https:\/\/vitablanca.ma\/wp-content\/uploads\/2026\/03\/LATTAFA_AFEEFEaudeParfumUNISEXE_100ml3.jpg","datePublished":"2026-03-04T02:33:14+00:00","dateModified":"2026-04-17T22:32:45+00:00","description":"Lattafa Afeef Eau de Parfum 100ml pour hommes et femmes. Fragrance unisexe sophistiqu\u00e9e aux notes florales et bois\u00e9es, longue tenue et captivante","breadcrumb":{"@id":"https:\/\/vitablanca.ma\/produit\/lattafa-afeef-eau-de-parfum-unisexe-100ml\/#breadcrumb"},"inLanguage":"ar","potentialAction":[{"@type":"ReadAction","target":["https:\/\/vitablanca.ma\/produit\/lattafa-afeef-eau-de-parfum-unisexe-100ml\/"]}]},{"@type":"ImageObject","inLanguage":"ar","@id":"https:\/\/vitablanca.ma\/produit\/lattafa-afeef-eau-de-parfum-unisexe-100ml\/#primaryimage","url":"https:\/\/vitablanca.ma\/wp-content\/uploads\/2026\/03\/LATTAFA_AFEEFEaudeParfumUNISEXE_100ml3.jpg","contentUrl":"https:\/\/vitablanca.ma\/wp-content\/uploads\/2026\/03\/LATTAFA_AFEEFEaudeParfumUNISEXE_100ml3.jpg","width":1080,"height":1080},{"@type":"BreadcrumbList","@id":"https:\/\/vitablanca.ma\/produit\/lattafa-afeef-eau-de-parfum-unisexe-100ml\/#breadcrumb","itemListElement":[{"@type":"ListItem","position":1,"name":"Home","item":"https:\/\/vitablanca.ma\/"},{"@type":"ListItem","position":2,"name":"Tous Les Produits","item":"https:\/\/vitablanca.ma\/tous-les-produits\/"},{"@type":"ListItem","position":3,"name":"LATTAFA \u2013 AFEEF Eau de Parfum UNISEXE \u2013 100ml"}]},{"@type":"WebSite","@id":"https:\/\/vitablanca.ma\/#website","url":"https:\/\/vitablanca.ma\/","name":"VitaBlanca.ma | \u0627\u0644\u0645\u0643\u0645\u0644\u0627\u062a \u0627\u0644\u063a\u0630\u0627\u0626\u064a\u0629\u060c \u0627\u0644\u0635\u062d\u0629 \u0648\u0627\u0644\u062c\u0645\u0627\u0644 \u0641\u064a \u0627\u0644\u0645\u063a\u0631\u0628","description":"\u0646\u0628\u064a\u0639 \u0641\u064a\u062a\u0627\u0645\u064a\u0646\u0627\u062a \u0648\u0645\u0643\u0645\u0644\u0627\u062a \u063a\u0630\u0627\u0626\u064a\u0629 \u0641\u0627\u062e\u0631\u0629 \u0645\u0646 \u0627\u0644\u0648\u0644\u0627\u064a\u0627\u062a \u0627\u0644\u0645\u062a\u062d\u062f\u0629 \u0627\u0644\u0623\u0645\u0631\u064a\u0643\u064a\u0629 \u0648\u0643\u0646\u062f\u0627 \u0648\u0646\u064a\u0648\u0632\u064a\u0644\u0646\u062f\u0627 \u0648\u0627\u0644\u0645\u063a\u0631\u0628 (\u0646\u0627\u0648 \u0641\u0648\u062f\u0632\u060c \u0633\u0648\u0644\u062c\u0627\u0631\u060c \u0645\u0627\u0646\u0648\u0643\u0627). \u062a\u0648\u0635\u064a\u0644 \u0633\u0631\u064a\u0639 \u0625\u0644\u0649 \u062c\u0645\u064a\u0639 \u0623\u0646\u062d\u0627\u0621 \u0627\u0644\u0645\u063a\u0631\u0628.","publisher":{"@id":"https:\/\/vitablanca.ma\/#organization"},"alternateName":"VitaBlanca.ma","potentialAction":[{"@type":"SearchAction","target":{"@type":"EntryPoint","urlTemplate":"https:\/\/vitablanca.ma\/?s={search_term_string}"},"query-input":{"@type":"PropertyValueSpecification","valueRequired":true,"valueName":"search_term_string"}}],"inLanguage":"ar"},{"@type":"Organization","@id":"https:\/\/vitablanca.ma\/#organization","name":"\u0641\u064a\u062a\u0627\u0628\u0644\u0627\u0646\u0643\u0627","url":"https:\/\/vitablanca.ma\/","logo":{"@type":"ImageObject","inLanguage":"ar","@id":"https:\/\/vitablanca.ma\/#\/schema\/logo\/image\/","url":"https:\/\/vitablanca.ma\/wp-content\/uploads\/2025\/05\/cropped-vitablanca.png","contentUrl":"https:\/\/vitablanca.ma\/wp-content\/uploads\/2025\/05\/cropped-vitablanca.png","width":360,"height":67,"caption":"VitaBlanca"},"image":{"@id":"https:\/\/vitablanca.ma\/#\/schema\/logo\/image\/"},"sameAs":["https:\/\/www.facebook.com\/profile.php?id=61576678196717","https:\/\/www.tiktok.com\/@vitablanca.ma","https:\/\/www.instagram.com\/vitablanca.ma\/"]}]}},"jetpack_sharing_enabled":true,"_links":{"self":[{"href":"https:\/\/vitablanca.ma\/ar\/wp-json\/wp\/v2\/product\/32768","targetHints":{"allow":["GET"]}}],"collection":[{"href":"https:\/\/vitablanca.ma\/ar\/wp-json\/wp\/v2\/product"}],"about":[{"href":"https:\/\/vitablanca.ma\/ar\/wp-json\/wp\/v2\/types\/product"}],"wp:featuredmedia":[{"embeddable":true,"href":"https:\/\/vitablanca.ma\/ar\/wp-json\/wp\/v2\/media\/32764"}],"wp:attachment":[{"href":"https:\/\/vitablanca.ma\/ar\/wp-json\/wp\/v2\/media?parent=32768"}],"wp:term":[{"taxonomy":"product_brand","embeddable":true,"href":"https:\/\/vitablanca.ma\/ar\/wp-json\/wp\/v2\/product_brand?post=32768"},{"taxonomy":"product_cat","embeddable":true,"href":"https:\/\/vitablanca.ma\/ar\/wp-json\/wp\/v2\/product_cat?post=32768"},{"taxonomy":"product_tag","embeddable":true,"href":"https:\/\/vitablanca.ma\/ar\/wp-json\/wp\/v2\/product_tag?post=32768"}],"curies":[{"name":"wp","href":"https:\/\/api.w.org\/{rel}","templated":true}]}}