{"id":32752,"date":"2026-03-04T02:32:47","date_gmt":"2026-03-04T02:32:47","guid":{"rendered":"https:\/\/vitablanca.ma\/produit\/al-qannas-eau-de-parfum-ard-al-zaafaran-pour-hommes-100ml\/"},"modified":"2026-03-15T23:08:33","modified_gmt":"2026-03-15T23:08:33","slug":"al-qannas-eau-de-parfum-ard-al-zaafaran-pour-hommes-100ml","status":"publish","type":"product","link":"https:\/\/vitablanca.ma\/ar\/product-2\/al-qannas-eau-de-parfum-ard-al-zaafaran-pour-hommes-100ml\/","title":{"rendered":"AL QANNAS EAU DE PARFUM ARD AL ZAAFARAN Pour Hommes \u2013 100ml"},"content":{"rendered":"<p><strong>Al Qannas un parfum pour hommes de la maison Ard al Zaafaran Dubai.<\/strong><\/p>\n<p>La base du m\u00e9lange<span>\u00a0<\/span><strong>au c\u0153ur<\/strong><span>\u00a0<\/span>prends la<span>\u00a0<\/span><strong>direction ambr\u00e9e<\/strong><span>\u00a0<\/span>, l\u00e9g\u00e8rement<span>\u00a0<\/span><strong>\u00e9pic\u00e9e<\/strong><span>\u00a0<\/span>la f<strong>euille de souche<\/strong>t vient faire un rappel<span>\u00a0<\/span><strong>floral<\/strong><span>\u00a0<\/span>\u0648<span>\u00a0<\/span><strong>tonique<\/strong><span>\u00a0<\/span>.<\/p>\n<p>Enfin<span>\u00a0<\/span><strong>le fond<\/strong><span>\u00a0<\/span>comme souvent contient du<strong><span>\u00a0<\/span>musc blanc<\/strong><span>\u00a0<\/span>la douceur par excellence , du<span>\u00a0<\/span><strong>patchouli<\/strong><span>\u00a0<\/span>(<em>la plante tropicale apporte de la rondeur<\/em><span>\u00a0<\/span>) ;<\/p>\n<p>N\u00e9anmoins , le th\u00e8me \u00e9tant<span>\u00a0<\/span><strong>la fra\u00eecheur de l\u2019oc\u00e9an<\/strong>\u00a0 : les<span>\u00a0<\/span><strong>encens orientaux<\/strong><span>\u00a0<\/span>alli\u00e9s au<span>\u00a0<\/span><strong>safran<\/strong><span>\u00a0<\/span>nous font un<span>\u00a0<\/span><strong>rappel vivifiant et \u00e9pic\u00e9<\/strong><span>\u00a0<\/span>en fin pyramide .<\/p>\n<p>clairement masculin aux fragrances<span>\u00a0<\/span><strong>toniques<\/strong><span>\u00a0<\/span>,<span>\u00a0<\/span><strong>bois\u00e9es<\/strong><span>\u00a0<\/span>, finement\u00a0<span>\u00a0<\/span><strong>musqu\u00e9es<\/strong><span>\u00a0<\/span>.<\/p>\n<p><strong>En fin de compte le m\u00e9lange peu convenir aux amateurs de ouds\u00a0 orientaux frais comme aux adeptes de parfums occidentaux plus classiques.<\/strong><\/p>\n<p class=\"MsoNormal\"><b>Notes olfactives :<\/b><\/p>\n<ul>\n<li>\u0627\u0644\u0645\u0643\u0648\u0646\u0627\u062a \u0627\u0644\u0639\u0644\u064a\u0627:\u00a0<span>\u00a0<\/span><b>Bergamotes de Calabre , pamplemousse , notes aquatiques , feuilles de figuier<\/b>\n<\/li>\n<li>\u0645\u0644\u0627\u062d\u0638\u0627\u062a \u0627\u0644\u0642\u0644\u0628:<span>\u00a0<\/span><b>Ambre , grains de poivre noir , patchouli , feuilles de souchet du Nil\u00a0(<\/b><em>Cyperus papyrus )<\/em>\n<\/li>\n<li>\u0627\u0644\u0645\u0643\u0648\u0646\u0627\u062a \u0627\u0644\u0623\u0633\u0627\u0633\u064a\u0629:<span>\u00a0<\/span><b>Musc blanc , encens orientaux , patchouli , fleur de safran\u00a0<\/b>\n<\/li>\n<\/ul>","protected":false},"excerpt":{"rendered":"<p>Al Qannas un parfum pour hommes de la maison Ard al Zaafaran Dubai. La base du m\u00e9lange\u00a0au c\u0153ur\u00a0prends la\u00a0direction ambr\u00e9e\u00a0, l\u00e9g\u00e8rement\u00a0\u00e9pic\u00e9e\u00a0la feuille de souchet vient faire un rappel\u00a0floral\u00a0et\u00a0tonique\u00a0. Enfin\u00a0le fond\u00a0comme souvent contient du\u00a0musc blanc\u00a0la douceur par excellence , du\u00a0patchouli\u00a0(la plante tropicale apporte de la rondeur\u00a0) ; N\u00e9anmoins , le th\u00e8me \u00e9tant\u00a0la fra\u00eecheur de l\u2019oc\u00e9an\u00a0 : [&hellip;]<\/p>\n","protected":false},"featured_media":32747,"template":"","meta":{"om_disable_all_campaigns":false},"product_brand":[],"product_cat":[18,15,1091],"product_tag":[],"class_list":{"0":"post-32752","1":"product","2":"type-product","3":"status-publish","4":"has-post-thumbnail","6":"product_cat-beaute-sante","7":"product_cat-beaute-sante-complements-alimentaires-soins-et-bien-etre-au-meilleur-prix","8":"product_cat-beaute-parfums-maroc-prix","10":"first","11":"outofstock","12":"taxable","13":"shipping-taxable","14":"purchasable","15":"product-type-simple"},"yoast_head":"<!-- This site is optimized with the Yoast SEO plugin v27.3 - https:\/\/yoast.com\/product\/yoast-seo-wordpress\/ -->\n<title>AL QANNAS EAU DE PARFUM ARD AL ZAAFARAN Pour Hommes \u2013 100ml - Maroc Prix<\/title>\n<meta name=\"description\" content=\"AL QANNAS EAU DE PARFUM ARD AL ZAAFARAN Pour Hommes \u2013 100ml\" \/>\n<meta name=\"robots\" content=\"index, follow, max-snippet:-1, max-image-preview:large, max-video-preview:-1\" \/>\n<link rel=\"canonical\" href=\"https:\/\/vitablanca.ma\/ar\/product-2\/al-qannas-eau-de-parfum-ard-al-zaafaran-pour-hommes-100ml\/\" \/>\n<meta property=\"og:locale\" content=\"ar_AR\" \/>\n<meta property=\"og:type\" content=\"article\" \/>\n<meta property=\"og:title\" content=\"AL QANNAS EAU DE PARFUM ARD AL ZAAFARAN Pour Hommes \u2013 100ml - Maroc Prix\" \/>\n<meta property=\"og:description\" content=\"AL QANNAS EAU DE PARFUM ARD AL ZAAFARAN Pour Hommes \u2013 100ml\" \/>\n<meta property=\"og:url\" content=\"https:\/\/vitablanca.ma\/ar\/product-2\/al-qannas-eau-de-parfum-ard-al-zaafaran-pour-hommes-100ml\/\" \/>\n<meta property=\"og:site_name\" content=\"Vitablanca.ma &ndash; Sant&eacute;, vitalit&eacute; et bien-&ecirc;tre pour tous les Marocains\" \/>\n<meta property=\"article:publisher\" content=\"https:\/\/www.facebook.com\/profile.php?id=61576678196717\" \/>\n<meta property=\"article:modified_time\" content=\"2026-03-15T23:08:33+00:00\" \/>\n<meta property=\"og:image\" content=\"https:\/\/vitablanca.ma\/wp-content\/uploads\/2026\/03\/ALQANNASEAUDEPARFUMARDALZAAFARANPourHommes_100ml2.jpg\" \/>\n\t<meta property=\"og:image:width\" content=\"1080\" \/>\n\t<meta property=\"og:image:height\" content=\"1080\" \/>\n\t<meta property=\"og:image:type\" content=\"image\/jpeg\" \/>\n<meta name=\"twitter:card\" content=\"summary_large_image\" \/>\n<meta name=\"twitter:label1\" content=\"\u0648\u0642\u062a \u0627\u0644\u0642\u0631\u0627\u0621\u0629 \u0627\u0644\u0645\u064f\u0642\u062f\u0651\u0631\" \/>\n\t<meta name=\"twitter:data1\" content=\"\u062f\u0642\u064a\u0642\u0629 \u0648\u0627\u062d\u062f\u0629\" \/>\n<script type=\"application\/ld+json\" class=\"yoast-schema-graph\">{\"@context\":\"https:\\\/\\\/schema.org\",\"@graph\":[{\"@type\":[\"WebPage\",\"ItemPage\"],\"@id\":\"https:\\\/\\\/vitablanca.ma\\\/produit\\\/al-qannas-eau-de-parfum-ard-al-zaafaran-pour-hommes-100ml\\\/\",\"url\":\"https:\\\/\\\/vitablanca.ma\\\/produit\\\/al-qannas-eau-de-parfum-ard-al-zaafaran-pour-hommes-100ml\\\/\",\"name\":\"AL QANNAS EAU DE PARFUM ARD AL ZAAFARAN Pour Hommes \u2013 100ml - Maroc Prix\",\"isPartOf\":{\"@id\":\"https:\\\/\\\/vitablanca.ma\\\/#website\"},\"primaryImageOfPage\":{\"@id\":\"https:\\\/\\\/vitablanca.ma\\\/produit\\\/al-qannas-eau-de-parfum-ard-al-zaafaran-pour-hommes-100ml\\\/#primaryimage\"},\"image\":{\"@id\":\"https:\\\/\\\/vitablanca.ma\\\/produit\\\/al-qannas-eau-de-parfum-ard-al-zaafaran-pour-hommes-100ml\\\/#primaryimage\"},\"thumbnailUrl\":\"https:\\\/\\\/vitablanca.ma\\\/wp-content\\\/uploads\\\/2026\\\/03\\\/ALQANNASEAUDEPARFUMARDALZAAFARANPourHommes_100ml2.jpg\",\"datePublished\":\"2026-03-04T02:32:47+00:00\",\"dateModified\":\"2026-03-15T23:08:33+00:00\",\"description\":\"AL QANNAS EAU DE PARFUM ARD AL ZAAFARAN Pour Hommes \u2013 100ml\",\"breadcrumb\":{\"@id\":\"https:\\\/\\\/vitablanca.ma\\\/produit\\\/al-qannas-eau-de-parfum-ard-al-zaafaran-pour-hommes-100ml\\\/#breadcrumb\"},\"inLanguage\":\"ar\",\"potentialAction\":[{\"@type\":\"ReadAction\",\"target\":[\"https:\\\/\\\/vitablanca.ma\\\/produit\\\/al-qannas-eau-de-parfum-ard-al-zaafaran-pour-hommes-100ml\\\/\"]}]},{\"@type\":\"ImageObject\",\"inLanguage\":\"ar\",\"@id\":\"https:\\\/\\\/vitablanca.ma\\\/produit\\\/al-qannas-eau-de-parfum-ard-al-zaafaran-pour-hommes-100ml\\\/#primaryimage\",\"url\":\"https:\\\/\\\/vitablanca.ma\\\/wp-content\\\/uploads\\\/2026\\\/03\\\/ALQANNASEAUDEPARFUMARDALZAAFARANPourHommes_100ml2.jpg\",\"contentUrl\":\"https:\\\/\\\/vitablanca.ma\\\/wp-content\\\/uploads\\\/2026\\\/03\\\/ALQANNASEAUDEPARFUMARDALZAAFARANPourHommes_100ml2.jpg\",\"width\":1080,\"height\":1080},{\"@type\":\"BreadcrumbList\",\"@id\":\"https:\\\/\\\/vitablanca.ma\\\/produit\\\/al-qannas-eau-de-parfum-ard-al-zaafaran-pour-hommes-100ml\\\/#breadcrumb\",\"itemListElement\":[{\"@type\":\"ListItem\",\"position\":1,\"name\":\"Home\",\"item\":\"https:\\\/\\\/vitablanca.ma\\\/\"},{\"@type\":\"ListItem\",\"position\":2,\"name\":\"Tous Les Produits\",\"item\":\"https:\\\/\\\/vitablanca.ma\\\/tous-les-produits\\\/\"},{\"@type\":\"ListItem\",\"position\":3,\"name\":\"AL QANNAS EAU DE PARFUM ARD AL ZAAFARAN Pour Hommes \u2013 100ml\"}]},{\"@type\":\"WebSite\",\"@id\":\"https:\\\/\\\/vitablanca.ma\\\/#website\",\"url\":\"https:\\\/\\\/vitablanca.ma\\\/\",\"name\":\"VitaBlanca.ma | Compl\u00e9ments alimentaires, sant\u00e9 & beaut\u00e9 au Maroc\",\"description\":\"vendre vitamines et compl\u00e9ments premium des USA &amp; Canada, Nouvelle Z\u00e9lande,Maroc (NOW Foods, Solgar, Manuka). Livraison rapide partout au Maroc.\",\"publisher\":{\"@id\":\"https:\\\/\\\/vitablanca.ma\\\/#organization\"},\"alternateName\":\"VitaBlanca.ma\",\"potentialAction\":[{\"@type\":\"SearchAction\",\"target\":{\"@type\":\"EntryPoint\",\"urlTemplate\":\"https:\\\/\\\/vitablanca.ma\\\/?s={search_term_string}\"},\"query-input\":{\"@type\":\"PropertyValueSpecification\",\"valueRequired\":true,\"valueName\":\"search_term_string\"}}],\"inLanguage\":\"ar\"},{\"@type\":\"Organization\",\"@id\":\"https:\\\/\\\/vitablanca.ma\\\/#organization\",\"name\":\"VitaBlanca\",\"url\":\"https:\\\/\\\/vitablanca.ma\\\/\",\"logo\":{\"@type\":\"ImageObject\",\"inLanguage\":\"ar\",\"@id\":\"https:\\\/\\\/vitablanca.ma\\\/#\\\/schema\\\/logo\\\/image\\\/\",\"url\":\"https:\\\/\\\/vitablanca.ma\\\/wp-content\\\/uploads\\\/2025\\\/05\\\/cropped-vitablanca.png\",\"contentUrl\":\"https:\\\/\\\/vitablanca.ma\\\/wp-content\\\/uploads\\\/2025\\\/05\\\/cropped-vitablanca.png\",\"width\":360,\"height\":67,\"caption\":\"VitaBlanca\"},\"image\":{\"@id\":\"https:\\\/\\\/vitablanca.ma\\\/#\\\/schema\\\/logo\\\/image\\\/\"},\"sameAs\":[\"https:\\\/\\\/www.facebook.com\\\/profile.php?id=61576678196717\",\"https:\\\/\\\/www.tiktok.com\\\/@vitablanca.ma\",\"https:\\\/\\\/www.instagram.com\\\/vitablanca.ma\\\/\"]}]}<\/script>\n<!-- \/ Yoast SEO plugin. -->","yoast_head_json":{"title":"AL QANNAS EAU DE PARFUM ARD AL ZAAFARAN Pour Hommes \u2013 100ml - Maroc Prix","description":"AL QANNAS EAU DE PARFUM ARD AL ZAAFARAN Pour Hommes \u2013 100ml","robots":{"index":"index","follow":"follow","max-snippet":"max-snippet:-1","max-image-preview":"max-image-preview:large","max-video-preview":"max-video-preview:-1"},"canonical":"https:\/\/vitablanca.ma\/ar\/product-2\/al-qannas-eau-de-parfum-ard-al-zaafaran-pour-hommes-100ml\/","og_locale":"ar_AR","og_type":"article","og_title":"AL QANNAS EAU DE PARFUM ARD AL ZAAFARAN Pour Hommes \u2013 100ml - Maroc Prix","og_description":"AL QANNAS EAU DE PARFUM ARD AL ZAAFARAN Pour Hommes \u2013 100ml","og_url":"https:\/\/vitablanca.ma\/ar\/product-2\/al-qannas-eau-de-parfum-ard-al-zaafaran-pour-hommes-100ml\/","og_site_name":"Vitablanca.ma &ndash; Sant&eacute;, vitalit&eacute; et bien-&ecirc;tre pour tous les Marocains","article_publisher":"https:\/\/www.facebook.com\/profile.php?id=61576678196717","article_modified_time":"2026-03-15T23:08:33+00:00","og_image":[{"width":1080,"height":1080,"url":"https:\/\/vitablanca.ma\/wp-content\/uploads\/2026\/03\/ALQANNASEAUDEPARFUMARDALZAAFARANPourHommes_100ml2.jpg","type":"image\/jpeg"}],"twitter_card":"summary_large_image","twitter_misc":{"\u0648\u0642\u062a \u0627\u0644\u0642\u0631\u0627\u0621\u0629 \u0627\u0644\u0645\u064f\u0642\u062f\u0651\u0631":"\u062f\u0642\u064a\u0642\u0629 \u0648\u0627\u062d\u062f\u0629"},"schema":{"@context":"https:\/\/schema.org","@graph":[{"@type":["WebPage","ItemPage"],"@id":"https:\/\/vitablanca.ma\/produit\/al-qannas-eau-de-parfum-ard-al-zaafaran-pour-hommes-100ml\/","url":"https:\/\/vitablanca.ma\/produit\/al-qannas-eau-de-parfum-ard-al-zaafaran-pour-hommes-100ml\/","name":"AL QANNAS EAU DE PARFUM ARD AL ZAAFARAN Pour Hommes \u2013 100ml - Maroc Prix","isPartOf":{"@id":"https:\/\/vitablanca.ma\/#website"},"primaryImageOfPage":{"@id":"https:\/\/vitablanca.ma\/produit\/al-qannas-eau-de-parfum-ard-al-zaafaran-pour-hommes-100ml\/#primaryimage"},"image":{"@id":"https:\/\/vitablanca.ma\/produit\/al-qannas-eau-de-parfum-ard-al-zaafaran-pour-hommes-100ml\/#primaryimage"},"thumbnailUrl":"https:\/\/vitablanca.ma\/wp-content\/uploads\/2026\/03\/ALQANNASEAUDEPARFUMARDALZAAFARANPourHommes_100ml2.jpg","datePublished":"2026-03-04T02:32:47+00:00","dateModified":"2026-03-15T23:08:33+00:00","description":"AL QANNAS EAU DE PARFUM ARD AL ZAAFARAN Pour Hommes \u2013 100ml","breadcrumb":{"@id":"https:\/\/vitablanca.ma\/produit\/al-qannas-eau-de-parfum-ard-al-zaafaran-pour-hommes-100ml\/#breadcrumb"},"inLanguage":"ar","potentialAction":[{"@type":"ReadAction","target":["https:\/\/vitablanca.ma\/produit\/al-qannas-eau-de-parfum-ard-al-zaafaran-pour-hommes-100ml\/"]}]},{"@type":"ImageObject","inLanguage":"ar","@id":"https:\/\/vitablanca.ma\/produit\/al-qannas-eau-de-parfum-ard-al-zaafaran-pour-hommes-100ml\/#primaryimage","url":"https:\/\/vitablanca.ma\/wp-content\/uploads\/2026\/03\/ALQANNASEAUDEPARFUMARDALZAAFARANPourHommes_100ml2.jpg","contentUrl":"https:\/\/vitablanca.ma\/wp-content\/uploads\/2026\/03\/ALQANNASEAUDEPARFUMARDALZAAFARANPourHommes_100ml2.jpg","width":1080,"height":1080},{"@type":"BreadcrumbList","@id":"https:\/\/vitablanca.ma\/produit\/al-qannas-eau-de-parfum-ard-al-zaafaran-pour-hommes-100ml\/#breadcrumb","itemListElement":[{"@type":"ListItem","position":1,"name":"Home","item":"https:\/\/vitablanca.ma\/"},{"@type":"ListItem","position":2,"name":"Tous Les Produits","item":"https:\/\/vitablanca.ma\/tous-les-produits\/"},{"@type":"ListItem","position":3,"name":"AL QANNAS EAU DE PARFUM ARD AL ZAAFARAN Pour Hommes \u2013 100ml"}]},{"@type":"WebSite","@id":"https:\/\/vitablanca.ma\/#website","url":"https:\/\/vitablanca.ma\/","name":"VitaBlanca.ma | \u0627\u0644\u0645\u0643\u0645\u0644\u0627\u062a \u0627\u0644\u063a\u0630\u0627\u0626\u064a\u0629\u060c \u0627\u0644\u0635\u062d\u0629 \u0648\u0627\u0644\u062c\u0645\u0627\u0644 \u0641\u064a \u0627\u0644\u0645\u063a\u0631\u0628","description":"\u0646\u0628\u064a\u0639 \u0641\u064a\u062a\u0627\u0645\u064a\u0646\u0627\u062a \u0648\u0645\u0643\u0645\u0644\u0627\u062a \u063a\u0630\u0627\u0626\u064a\u0629 \u0641\u0627\u062e\u0631\u0629 \u0645\u0646 \u0627\u0644\u0648\u0644\u0627\u064a\u0627\u062a \u0627\u0644\u0645\u062a\u062d\u062f\u0629 \u0627\u0644\u0623\u0645\u0631\u064a\u0643\u064a\u0629 \u0648\u0643\u0646\u062f\u0627 \u0648\u0646\u064a\u0648\u0632\u064a\u0644\u0646\u062f\u0627 \u0648\u0627\u0644\u0645\u063a\u0631\u0628 (\u0646\u0627\u0648 \u0641\u0648\u062f\u0632\u060c \u0633\u0648\u0644\u062c\u0627\u0631\u060c \u0645\u0627\u0646\u0648\u0643\u0627). \u062a\u0648\u0635\u064a\u0644 \u0633\u0631\u064a\u0639 \u0625\u0644\u0649 \u062c\u0645\u064a\u0639 \u0623\u0646\u062d\u0627\u0621 \u0627\u0644\u0645\u063a\u0631\u0628.","publisher":{"@id":"https:\/\/vitablanca.ma\/#organization"},"alternateName":"VitaBlanca.ma","potentialAction":[{"@type":"SearchAction","target":{"@type":"EntryPoint","urlTemplate":"https:\/\/vitablanca.ma\/?s={search_term_string}"},"query-input":{"@type":"PropertyValueSpecification","valueRequired":true,"valueName":"search_term_string"}}],"inLanguage":"ar"},{"@type":"Organization","@id":"https:\/\/vitablanca.ma\/#organization","name":"\u0641\u064a\u062a\u0627\u0628\u0644\u0627\u0646\u0643\u0627","url":"https:\/\/vitablanca.ma\/","logo":{"@type":"ImageObject","inLanguage":"ar","@id":"https:\/\/vitablanca.ma\/#\/schema\/logo\/image\/","url":"https:\/\/vitablanca.ma\/wp-content\/uploads\/2025\/05\/cropped-vitablanca.png","contentUrl":"https:\/\/vitablanca.ma\/wp-content\/uploads\/2025\/05\/cropped-vitablanca.png","width":360,"height":67,"caption":"VitaBlanca"},"image":{"@id":"https:\/\/vitablanca.ma\/#\/schema\/logo\/image\/"},"sameAs":["https:\/\/www.facebook.com\/profile.php?id=61576678196717","https:\/\/www.tiktok.com\/@vitablanca.ma","https:\/\/www.instagram.com\/vitablanca.ma\/"]}]}},"jetpack_sharing_enabled":true,"_links":{"self":[{"href":"https:\/\/vitablanca.ma\/ar\/wp-json\/wp\/v2\/product\/32752","targetHints":{"allow":["GET"]}}],"collection":[{"href":"https:\/\/vitablanca.ma\/ar\/wp-json\/wp\/v2\/product"}],"about":[{"href":"https:\/\/vitablanca.ma\/ar\/wp-json\/wp\/v2\/types\/product"}],"wp:featuredmedia":[{"embeddable":true,"href":"https:\/\/vitablanca.ma\/ar\/wp-json\/wp\/v2\/media\/32747"}],"wp:attachment":[{"href":"https:\/\/vitablanca.ma\/ar\/wp-json\/wp\/v2\/media?parent=32752"}],"wp:term":[{"taxonomy":"product_brand","embeddable":true,"href":"https:\/\/vitablanca.ma\/ar\/wp-json\/wp\/v2\/product_brand?post=32752"},{"taxonomy":"product_cat","embeddable":true,"href":"https:\/\/vitablanca.ma\/ar\/wp-json\/wp\/v2\/product_cat?post=32752"},{"taxonomy":"product_tag","embeddable":true,"href":"https:\/\/vitablanca.ma\/ar\/wp-json\/wp\/v2\/product_tag?post=32752"}],"curies":[{"name":"wp","href":"https:\/\/api.w.org\/{rel}","templated":true}]}}