{"id":32717,"date":"2026-03-04T02:31:44","date_gmt":"2026-03-04T02:31:44","guid":{"rendered":"https:\/\/vitablanca.ma\/produit\/fragrance-world-ameer-al-oud-arabian-noir-eau-de-parfum-unisexe-100ml\/"},"modified":"2026-04-17T22:32:22","modified_gmt":"2026-04-17T22:32:22","slug":"fragrance-world-ameer-al-oud-arabian-noir-eau-de-parfum-unisexe-100ml","status":"publish","type":"product","link":"https:\/\/vitablanca.ma\/ar\/product-2\/fragrance-world-ameer-al-oud-arabian-noir-eau-de-parfum-unisexe-100ml\/","title":{"rendered":"Fragrance World \u2013 AMEER AL OUD ARABIAN NOIR Eau De Parfum Unisexe \u2013 100ml"},"content":{"rendered":"<p><strong>Fragrance World Ameer Al Oud Arabian Noir \u0623\u0645\u064a\u0631 \u0627\u0644\u0639\u0648\u062f<\/strong>, parfum <strong>pour homme et femme<\/strong>, eau de parfum 80 ml Parfum charmant et passionnant centr\u00e9 autour de la quintessence commune du bois de oud, l\u2019eau de parfum Ameer Al Oud Arabian Noir (Badee Al Oud) d\u2019Initiation Parfums Priv\u00e9s tirerait son \u00e9nergie des sources des math\u00e9matiques sacro-saintes. S\u2019ouvrant sur des notes diff\u00e9renciatrices de lavande nouvelle et de muscade chaude, le c\u0153ur de ce parfum salue l\u2019odeur caract\u00e9ristique de la toison de oud et de l\u2019huile de bois d\u2019agar pour une finition chaleureuse. Ameer Al Oud ou Oud for Glory est un parfum de oud tr\u00e8s prestigieux avec une signature forte. C\u2019est l\u2019un des parfums les plus r\u00e9cents de Fragrance World. Il a \u00e9galement une bonne projection et une tr\u00e8s longue dur\u00e9e. Chaud, Patchouli, musc, Bois de oud commun, huile de bois d\u2019agar ordinaire, Lavande, safran, muscade <strong>EAU DE PARFUM SPRAY NATUREL \u2013 VAPORISATEUR 100ml. \u2013 3. 4Fl.oz EAU DE PARFUM NATUREL SPRAY \u2013 VAPORISATEUR<\/strong><\/p>\n<p class=\"MsoNormal\" style=\"margin-bottom: .0001pt;line-height: 115%\"><strong>\u0627\u0644\u0645\u0643\u0648\u0646\u0627\u062a \u0627\u0644\u0639\u0644\u064a\u0627:<\/strong> sont Noix de muscade, Safran et Lavande.<\/p>\n<p class=\"MsoNormal\" style=\"margin-bottom: .0001pt;line-height: 115%\"><strong>Notes de coeur :<\/strong> sont Cannelle, C\u00e8dre, Ambre, Rose et Oud.<\/p>\n<p class=\"MsoNormal\" style=\"margin-bottom: .0001pt;line-height: 115%\"><strong>\u0627\u0644\u0645\u0643\u0648\u0646\u0627\u062a \u0627\u0644\u0623\u0633\u0627\u0633\u064a\u0629:<\/strong> sont Bois de santal, Vanille, Ciste, Musc blanc et Mousse de ch\u00eane.<\/p>","protected":false},"excerpt":{"rendered":"<p>Fragrance World Ameer Al Oud Arabian Noir \u0623\u0645\u064a\u0631 \u0627\u0644\u0639\u0648\u062f, parfum pour homme et femme, eau de parfum 80 ml Parfum charmant et passionnant centr\u00e9 autour de la quintessence commune du bois de oud, l\u2019eau de parfum Ameer Al Oud Arabian Noir (Badee Al Oud) d\u2019Initiation Parfums Priv\u00e9s tirerait son \u00e9nergie des sources des math\u00e9matiques sacro-saintes. [&hellip;]<\/p>\n","protected":false},"featured_media":32710,"template":"","meta":{"om_disable_all_campaigns":false},"product_brand":[],"product_cat":[18,15,1091],"product_tag":[],"class_list":{"0":"post-32717","1":"product","2":"type-product","3":"status-publish","4":"has-post-thumbnail","6":"product_cat-beaute-sante","7":"product_cat-beaute-sante-complements-alimentaires-soins-et-bien-etre-au-meilleur-prix","8":"product_cat-beaute-parfums-maroc-prix","10":"first","11":"instock","12":"taxable","13":"shipping-taxable","14":"purchasable","15":"product-type-simple"},"yoast_head":"<!-- This site is optimized with the Yoast SEO plugin v27.5 - https:\/\/yoast.com\/product\/yoast-seo-wordpress\/ -->\n<title>Fragrance World \u2013 AMEER AL OUD ARABIAN NOIR Eau De Parfum Unisexe \u2013 100ml - Maroc Prix<\/title>\n<meta name=\"description\" content=\"Fragrance World \u2013 AMEER AL OUD ARABIAN NOIR Eau De Parfum Unisexe \u2013 100ml\" \/>\n<meta name=\"robots\" content=\"index, follow, max-snippet:-1, max-image-preview:large, max-video-preview:-1\" \/>\n<link rel=\"canonical\" href=\"https:\/\/vitablanca.ma\/ar\/product-2\/fragrance-world-ameer-al-oud-arabian-noir-eau-de-parfum-unisexe-100ml\/\" \/>\n<meta property=\"og:locale\" content=\"ar_AR\" \/>\n<meta property=\"og:type\" content=\"article\" \/>\n<meta property=\"og:title\" content=\"Fragrance World \u2013 AMEER AL OUD ARABIAN NOIR Eau De Parfum Unisexe \u2013 100ml - Maroc Prix\" \/>\n<meta property=\"og:description\" content=\"Fragrance World \u2013 AMEER AL OUD ARABIAN NOIR Eau De Parfum Unisexe \u2013 100ml\" \/>\n<meta property=\"og:url\" content=\"https:\/\/vitablanca.ma\/ar\/product-2\/fragrance-world-ameer-al-oud-arabian-noir-eau-de-parfum-unisexe-100ml\/\" \/>\n<meta property=\"og:site_name\" content=\"Vitablanca.ma &ndash; Sant&eacute;, vitalit&eacute; et bien-&ecirc;tre pour tous les Marocains\" \/>\n<meta property=\"article:publisher\" content=\"https:\/\/www.facebook.com\/profile.php?id=61576678196717\" \/>\n<meta property=\"article:modified_time\" content=\"2026-04-17T22:32:22+00:00\" \/>\n<meta property=\"og:image\" content=\"https:\/\/vitablanca.ma\/wp-content\/uploads\/2026\/03\/FragranceWorld_AMEERALOUDARABIANNOIREauDeParfumUnisexe_100ml1.jpg\" \/>\n\t<meta property=\"og:image:width\" content=\"1080\" \/>\n\t<meta property=\"og:image:height\" content=\"1080\" \/>\n\t<meta property=\"og:image:type\" content=\"image\/jpeg\" \/>\n<meta name=\"twitter:card\" content=\"summary_large_image\" \/>\n<meta name=\"twitter:label1\" content=\"\u0648\u0642\u062a \u0627\u0644\u0642\u0631\u0627\u0621\u0629 \u0627\u0644\u0645\u064f\u0642\u062f\u0651\u0631\" \/>\n\t<meta name=\"twitter:data1\" content=\"\u062f\u0642\u064a\u0642\u0629 \u0648\u0627\u062d\u062f\u0629\" \/>\n<script type=\"application\/ld+json\" class=\"yoast-schema-graph\">{\"@context\":\"https:\\\/\\\/schema.org\",\"@graph\":[{\"@type\":[\"WebPage\",\"ItemPage\"],\"@id\":\"https:\\\/\\\/vitablanca.ma\\\/produit\\\/fragrance-world-ameer-al-oud-arabian-noir-eau-de-parfum-unisexe-100ml\\\/\",\"url\":\"https:\\\/\\\/vitablanca.ma\\\/produit\\\/fragrance-world-ameer-al-oud-arabian-noir-eau-de-parfum-unisexe-100ml\\\/\",\"name\":\"Fragrance World \u2013 AMEER AL OUD ARABIAN NOIR Eau De Parfum Unisexe \u2013 100ml - Maroc Prix\",\"isPartOf\":{\"@id\":\"https:\\\/\\\/vitablanca.ma\\\/#website\"},\"primaryImageOfPage\":{\"@id\":\"https:\\\/\\\/vitablanca.ma\\\/produit\\\/fragrance-world-ameer-al-oud-arabian-noir-eau-de-parfum-unisexe-100ml\\\/#primaryimage\"},\"image\":{\"@id\":\"https:\\\/\\\/vitablanca.ma\\\/produit\\\/fragrance-world-ameer-al-oud-arabian-noir-eau-de-parfum-unisexe-100ml\\\/#primaryimage\"},\"thumbnailUrl\":\"https:\\\/\\\/vitablanca.ma\\\/wp-content\\\/uploads\\\/2026\\\/03\\\/FragranceWorld_AMEERALOUDARABIANNOIREauDeParfumUnisexe_100ml1.jpg\",\"datePublished\":\"2026-03-04T02:31:44+00:00\",\"dateModified\":\"2026-04-17T22:32:22+00:00\",\"description\":\"Fragrance World \u2013 AMEER AL OUD ARABIAN NOIR Eau De Parfum Unisexe \u2013 100ml\",\"breadcrumb\":{\"@id\":\"https:\\\/\\\/vitablanca.ma\\\/produit\\\/fragrance-world-ameer-al-oud-arabian-noir-eau-de-parfum-unisexe-100ml\\\/#breadcrumb\"},\"inLanguage\":\"ar\",\"potentialAction\":[{\"@type\":\"ReadAction\",\"target\":[\"https:\\\/\\\/vitablanca.ma\\\/produit\\\/fragrance-world-ameer-al-oud-arabian-noir-eau-de-parfum-unisexe-100ml\\\/\"]}]},{\"@type\":\"ImageObject\",\"inLanguage\":\"ar\",\"@id\":\"https:\\\/\\\/vitablanca.ma\\\/produit\\\/fragrance-world-ameer-al-oud-arabian-noir-eau-de-parfum-unisexe-100ml\\\/#primaryimage\",\"url\":\"https:\\\/\\\/vitablanca.ma\\\/wp-content\\\/uploads\\\/2026\\\/03\\\/FragranceWorld_AMEERALOUDARABIANNOIREauDeParfumUnisexe_100ml1.jpg\",\"contentUrl\":\"https:\\\/\\\/vitablanca.ma\\\/wp-content\\\/uploads\\\/2026\\\/03\\\/FragranceWorld_AMEERALOUDARABIANNOIREauDeParfumUnisexe_100ml1.jpg\",\"width\":1080,\"height\":1080},{\"@type\":\"BreadcrumbList\",\"@id\":\"https:\\\/\\\/vitablanca.ma\\\/produit\\\/fragrance-world-ameer-al-oud-arabian-noir-eau-de-parfum-unisexe-100ml\\\/#breadcrumb\",\"itemListElement\":[{\"@type\":\"ListItem\",\"position\":1,\"name\":\"Home\",\"item\":\"https:\\\/\\\/vitablanca.ma\\\/\"},{\"@type\":\"ListItem\",\"position\":2,\"name\":\"Tous Les Produits\",\"item\":\"https:\\\/\\\/vitablanca.ma\\\/tous-les-produits\\\/\"},{\"@type\":\"ListItem\",\"position\":3,\"name\":\"Fragrance World \u2013 AMEER AL OUD ARABIAN NOIR Eau De Parfum Unisexe \u2013 100ml\"}]},{\"@type\":\"WebSite\",\"@id\":\"https:\\\/\\\/vitablanca.ma\\\/#website\",\"url\":\"https:\\\/\\\/vitablanca.ma\\\/\",\"name\":\"VitaBlanca.ma | Compl\u00e9ments alimentaires, sant\u00e9 & beaut\u00e9 au Maroc\",\"description\":\"vendre vitamines et compl\u00e9ments premium des USA &amp; Canada, Nouvelle Z\u00e9lande,Maroc (NOW Foods, Solgar, Manuka). Livraison rapide partout au Maroc.\",\"publisher\":{\"@id\":\"https:\\\/\\\/vitablanca.ma\\\/#organization\"},\"alternateName\":\"VitaBlanca.ma\",\"potentialAction\":[{\"@type\":\"SearchAction\",\"target\":{\"@type\":\"EntryPoint\",\"urlTemplate\":\"https:\\\/\\\/vitablanca.ma\\\/?s={search_term_string}\"},\"query-input\":{\"@type\":\"PropertyValueSpecification\",\"valueRequired\":true,\"valueName\":\"search_term_string\"}}],\"inLanguage\":\"ar\"},{\"@type\":\"Organization\",\"@id\":\"https:\\\/\\\/vitablanca.ma\\\/#organization\",\"name\":\"VitaBlanca\",\"url\":\"https:\\\/\\\/vitablanca.ma\\\/\",\"logo\":{\"@type\":\"ImageObject\",\"inLanguage\":\"ar\",\"@id\":\"https:\\\/\\\/vitablanca.ma\\\/#\\\/schema\\\/logo\\\/image\\\/\",\"url\":\"https:\\\/\\\/vitablanca.ma\\\/wp-content\\\/uploads\\\/2025\\\/05\\\/cropped-vitablanca.png\",\"contentUrl\":\"https:\\\/\\\/vitablanca.ma\\\/wp-content\\\/uploads\\\/2025\\\/05\\\/cropped-vitablanca.png\",\"width\":360,\"height\":67,\"caption\":\"VitaBlanca\"},\"image\":{\"@id\":\"https:\\\/\\\/vitablanca.ma\\\/#\\\/schema\\\/logo\\\/image\\\/\"},\"sameAs\":[\"https:\\\/\\\/www.facebook.com\\\/profile.php?id=61576678196717\",\"https:\\\/\\\/www.tiktok.com\\\/@vitablanca.ma\",\"https:\\\/\\\/www.instagram.com\\\/vitablanca.ma\\\/\"]}]}<\/script>\n<!-- \/ Yoast SEO plugin. -->","yoast_head_json":{"title":"Fragrance World \u2013 AMEER AL OUD ARABIAN NOIR Eau De Parfum Unisexe \u2013 100ml - Maroc Prix","description":"Fragrance World \u2013 AMEER AL OUD ARABIAN NOIR Eau De Parfum Unisexe \u2013 100ml","robots":{"index":"index","follow":"follow","max-snippet":"max-snippet:-1","max-image-preview":"max-image-preview:large","max-video-preview":"max-video-preview:-1"},"canonical":"https:\/\/vitablanca.ma\/ar\/product-2\/fragrance-world-ameer-al-oud-arabian-noir-eau-de-parfum-unisexe-100ml\/","og_locale":"ar_AR","og_type":"article","og_title":"Fragrance World \u2013 AMEER AL OUD ARABIAN NOIR Eau De Parfum Unisexe \u2013 100ml - Maroc Prix","og_description":"Fragrance World \u2013 AMEER AL OUD ARABIAN NOIR Eau De Parfum Unisexe \u2013 100ml","og_url":"https:\/\/vitablanca.ma\/ar\/product-2\/fragrance-world-ameer-al-oud-arabian-noir-eau-de-parfum-unisexe-100ml\/","og_site_name":"Vitablanca.ma &ndash; Sant&eacute;, vitalit&eacute; et bien-&ecirc;tre pour tous les Marocains","article_publisher":"https:\/\/www.facebook.com\/profile.php?id=61576678196717","article_modified_time":"2026-04-17T22:32:22+00:00","og_image":[{"width":1080,"height":1080,"url":"https:\/\/vitablanca.ma\/wp-content\/uploads\/2026\/03\/FragranceWorld_AMEERALOUDARABIANNOIREauDeParfumUnisexe_100ml1.jpg","type":"image\/jpeg"}],"twitter_card":"summary_large_image","twitter_misc":{"\u0648\u0642\u062a \u0627\u0644\u0642\u0631\u0627\u0621\u0629 \u0627\u0644\u0645\u064f\u0642\u062f\u0651\u0631":"\u062f\u0642\u064a\u0642\u0629 \u0648\u0627\u062d\u062f\u0629"},"schema":{"@context":"https:\/\/schema.org","@graph":[{"@type":["WebPage","ItemPage"],"@id":"https:\/\/vitablanca.ma\/produit\/fragrance-world-ameer-al-oud-arabian-noir-eau-de-parfum-unisexe-100ml\/","url":"https:\/\/vitablanca.ma\/produit\/fragrance-world-ameer-al-oud-arabian-noir-eau-de-parfum-unisexe-100ml\/","name":"Fragrance World \u2013 AMEER AL OUD ARABIAN NOIR Eau De Parfum Unisexe \u2013 100ml - Maroc Prix","isPartOf":{"@id":"https:\/\/vitablanca.ma\/#website"},"primaryImageOfPage":{"@id":"https:\/\/vitablanca.ma\/produit\/fragrance-world-ameer-al-oud-arabian-noir-eau-de-parfum-unisexe-100ml\/#primaryimage"},"image":{"@id":"https:\/\/vitablanca.ma\/produit\/fragrance-world-ameer-al-oud-arabian-noir-eau-de-parfum-unisexe-100ml\/#primaryimage"},"thumbnailUrl":"https:\/\/vitablanca.ma\/wp-content\/uploads\/2026\/03\/FragranceWorld_AMEERALOUDARABIANNOIREauDeParfumUnisexe_100ml1.jpg","datePublished":"2026-03-04T02:31:44+00:00","dateModified":"2026-04-17T22:32:22+00:00","description":"Fragrance World \u2013 AMEER AL OUD ARABIAN NOIR Eau De Parfum Unisexe \u2013 100ml","breadcrumb":{"@id":"https:\/\/vitablanca.ma\/produit\/fragrance-world-ameer-al-oud-arabian-noir-eau-de-parfum-unisexe-100ml\/#breadcrumb"},"inLanguage":"ar","potentialAction":[{"@type":"ReadAction","target":["https:\/\/vitablanca.ma\/produit\/fragrance-world-ameer-al-oud-arabian-noir-eau-de-parfum-unisexe-100ml\/"]}]},{"@type":"ImageObject","inLanguage":"ar","@id":"https:\/\/vitablanca.ma\/produit\/fragrance-world-ameer-al-oud-arabian-noir-eau-de-parfum-unisexe-100ml\/#primaryimage","url":"https:\/\/vitablanca.ma\/wp-content\/uploads\/2026\/03\/FragranceWorld_AMEERALOUDARABIANNOIREauDeParfumUnisexe_100ml1.jpg","contentUrl":"https:\/\/vitablanca.ma\/wp-content\/uploads\/2026\/03\/FragranceWorld_AMEERALOUDARABIANNOIREauDeParfumUnisexe_100ml1.jpg","width":1080,"height":1080},{"@type":"BreadcrumbList","@id":"https:\/\/vitablanca.ma\/produit\/fragrance-world-ameer-al-oud-arabian-noir-eau-de-parfum-unisexe-100ml\/#breadcrumb","itemListElement":[{"@type":"ListItem","position":1,"name":"Home","item":"https:\/\/vitablanca.ma\/"},{"@type":"ListItem","position":2,"name":"Tous Les Produits","item":"https:\/\/vitablanca.ma\/tous-les-produits\/"},{"@type":"ListItem","position":3,"name":"Fragrance World \u2013 AMEER AL OUD ARABIAN NOIR Eau De Parfum Unisexe \u2013 100ml"}]},{"@type":"WebSite","@id":"https:\/\/vitablanca.ma\/#website","url":"https:\/\/vitablanca.ma\/","name":"VitaBlanca.ma | \u0627\u0644\u0645\u0643\u0645\u0644\u0627\u062a \u0627\u0644\u063a\u0630\u0627\u0626\u064a\u0629\u060c \u0627\u0644\u0635\u062d\u0629 \u0648\u0627\u0644\u062c\u0645\u0627\u0644 \u0641\u064a \u0627\u0644\u0645\u063a\u0631\u0628","description":"\u0646\u0628\u064a\u0639 \u0641\u064a\u062a\u0627\u0645\u064a\u0646\u0627\u062a \u0648\u0645\u0643\u0645\u0644\u0627\u062a \u063a\u0630\u0627\u0626\u064a\u0629 \u0641\u0627\u062e\u0631\u0629 \u0645\u0646 \u0627\u0644\u0648\u0644\u0627\u064a\u0627\u062a \u0627\u0644\u0645\u062a\u062d\u062f\u0629 \u0627\u0644\u0623\u0645\u0631\u064a\u0643\u064a\u0629 \u0648\u0643\u0646\u062f\u0627 \u0648\u0646\u064a\u0648\u0632\u064a\u0644\u0646\u062f\u0627 \u0648\u0627\u0644\u0645\u063a\u0631\u0628 (\u0646\u0627\u0648 \u0641\u0648\u062f\u0632\u060c \u0633\u0648\u0644\u062c\u0627\u0631\u060c \u0645\u0627\u0646\u0648\u0643\u0627). \u062a\u0648\u0635\u064a\u0644 \u0633\u0631\u064a\u0639 \u0625\u0644\u0649 \u062c\u0645\u064a\u0639 \u0623\u0646\u062d\u0627\u0621 \u0627\u0644\u0645\u063a\u0631\u0628.","publisher":{"@id":"https:\/\/vitablanca.ma\/#organization"},"alternateName":"VitaBlanca.ma","potentialAction":[{"@type":"SearchAction","target":{"@type":"EntryPoint","urlTemplate":"https:\/\/vitablanca.ma\/?s={search_term_string}"},"query-input":{"@type":"PropertyValueSpecification","valueRequired":true,"valueName":"search_term_string"}}],"inLanguage":"ar"},{"@type":"Organization","@id":"https:\/\/vitablanca.ma\/#organization","name":"\u0641\u064a\u062a\u0627\u0628\u0644\u0627\u0646\u0643\u0627","url":"https:\/\/vitablanca.ma\/","logo":{"@type":"ImageObject","inLanguage":"ar","@id":"https:\/\/vitablanca.ma\/#\/schema\/logo\/image\/","url":"https:\/\/vitablanca.ma\/wp-content\/uploads\/2025\/05\/cropped-vitablanca.png","contentUrl":"https:\/\/vitablanca.ma\/wp-content\/uploads\/2025\/05\/cropped-vitablanca.png","width":360,"height":67,"caption":"VitaBlanca"},"image":{"@id":"https:\/\/vitablanca.ma\/#\/schema\/logo\/image\/"},"sameAs":["https:\/\/www.facebook.com\/profile.php?id=61576678196717","https:\/\/www.tiktok.com\/@vitablanca.ma","https:\/\/www.instagram.com\/vitablanca.ma\/"]}]}},"jetpack_sharing_enabled":true,"_links":{"self":[{"href":"https:\/\/vitablanca.ma\/ar\/wp-json\/wp\/v2\/product\/32717","targetHints":{"allow":["GET"]}}],"collection":[{"href":"https:\/\/vitablanca.ma\/ar\/wp-json\/wp\/v2\/product"}],"about":[{"href":"https:\/\/vitablanca.ma\/ar\/wp-json\/wp\/v2\/types\/product"}],"wp:featuredmedia":[{"embeddable":true,"href":"https:\/\/vitablanca.ma\/ar\/wp-json\/wp\/v2\/media\/32710"}],"wp:attachment":[{"href":"https:\/\/vitablanca.ma\/ar\/wp-json\/wp\/v2\/media?parent=32717"}],"wp:term":[{"taxonomy":"product_brand","embeddable":true,"href":"https:\/\/vitablanca.ma\/ar\/wp-json\/wp\/v2\/product_brand?post=32717"},{"taxonomy":"product_cat","embeddable":true,"href":"https:\/\/vitablanca.ma\/ar\/wp-json\/wp\/v2\/product_cat?post=32717"},{"taxonomy":"product_tag","embeddable":true,"href":"https:\/\/vitablanca.ma\/ar\/wp-json\/wp\/v2\/product_tag?post=32717"}],"curies":[{"name":"wp","href":"https:\/\/api.w.org\/{rel}","templated":true}]}}