{"id":327,"date":"2025-04-21T15:08:28","date_gmt":"2025-04-21T15:08:28","guid":{"rendered":"https:\/\/vitablanca.ma\/?post_type=product&#038;p=327"},"modified":"2026-02-10T12:45:06","modified_gmt":"2026-02-10T12:45:06","slug":"fairhaven-health-myo-inositol-pour-les-femmes-et-les-hommes-120-capsules","status":"publish","type":"product","link":"https:\/\/vitablanca.ma\/ar\/product-2\/fairhaven-health-myo-inositol-pour-les-femmes-et-les-hommes-120-capsules\/","title":{"rendered":"Fairhaven Health Myo Inositol pour les femmes et les hommes, 120 capsules"},"content":{"rendered":"<p>Le myo inositol est une substance naturelle qui appartient \u00e0 la famille des vitamines du complexe B.<\/p>\n<p>Ce produit peut \u00eatre consomm\u00e9 avec d&rsquo;autres compl\u00e9ments de Fairhaven Health pour la fertilite des hommes et des femmes.<\/p>\n<p>Soutient l&rsquo;\u00e9quilibre hormonal<\/p>\n<p>Am\u00e9liore la fonction ovarienne et la qualit\u00e9 des ovules chez les femmes<\/p>\n<p>Aide \u00e0 la bonne sant\u00e9 du cycle menstruel<\/p>\n<p>Am\u00e9liore la sant\u00e9 des spermatozo\u00efdes chez les hommes<\/p>\n<p>\u0645\u0643\u0645\u0644 \u063a\u0630\u0627\u0626\u064a<\/p>\n<p>R\u00e9serve d&rsquo;un mois<\/p>","protected":false},"excerpt":{"rendered":"<ul>\n<li>Soutient l&rsquo;\u00e9quilibre hormonal<\/li>\n<li>Am\u00e9liore la fonction ovarienne et la qualit\u00e9 des ovules chez les femmes<\/li>\n<li>Aide \u00e0 la bonne sant\u00e9 du cycle menstruel<\/li>\n<li>Am\u00e9liore la sant\u00e9 des spermatozo\u00efdes chez les hommes<\/li>\n<\/ul>","protected":false},"featured_media":328,"template":"","meta":{"om_disable_all_campaigns":false},"product_brand":[339],"product_cat":[18,3366,20,19],"product_tag":[345,341,343,342,344,340],"class_list":{"0":"post-327","1":"product","2":"type-product","3":"status-publish","4":"has-post-thumbnail","6":"product_brand-fairhaven-health","7":"product_cat-beaute-sante","8":"product_cat-complements-alimentaires-au-maroc-vitablanca","9":"product_cat-supplements","10":"product_cat-vitamines-supplements-dietetiques","11":"product_tag-equilibre-hormonal","12":"product_tag-fairhaven-health-casa","13":"product_tag-fairhaven-health-iherb","14":"product_tag-fairhaven-health-jumia","15":"product_tag-fairhaven-health-marjan-mall","16":"product_tag-myo-inositol","18":"first","19":"instock","20":"sale","21":"taxable","22":"shipping-taxable","23":"purchasable","24":"product-type-simple"},"yoast_head":"<!-- This site is optimized with the Yoast SEO plugin v27.3 - https:\/\/yoast.com\/product\/yoast-seo-wordpress\/ -->\n<title>Fairhaven Health Myo-Inositol, 120 Capsules - Maroc Prix<\/title>\n<meta name=\"description\" content=\"Achetez Fairhaven Health Myo-Inositol au Maroc. 120 capsules pour soutenir la fertilit\u00e9 f\u00e9minine, la sant\u00e9 hormonale et la sant\u00e9 reproductive masculine.\" \/>\n<meta name=\"robots\" content=\"index, follow, max-snippet:-1, max-image-preview:large, max-video-preview:-1\" \/>\n<link rel=\"canonical\" href=\"https:\/\/vitablanca.ma\/ar\/product-2\/fairhaven-health-myo-inositol-pour-les-femmes-et-les-hommes-120-capsules\/\" \/>\n<meta property=\"og:locale\" content=\"ar_AR\" \/>\n<meta property=\"og:type\" content=\"article\" \/>\n<meta property=\"og:title\" content=\"Fairhaven Health Myo-Inositol, 120 Capsules - Maroc Prix\" \/>\n<meta property=\"og:description\" content=\"Achetez Fairhaven Health Myo-Inositol au Maroc. 120 capsules pour soutenir la fertilit\u00e9 f\u00e9minine, la sant\u00e9 hormonale et la sant\u00e9 reproductive masculine.\" \/>\n<meta property=\"og:url\" content=\"https:\/\/vitablanca.ma\/ar\/product-2\/fairhaven-health-myo-inositol-pour-les-femmes-et-les-hommes-120-capsules\/\" \/>\n<meta property=\"og:site_name\" content=\"Vitablanca.ma &ndash; Sant&eacute;, vitalit&eacute; et bien-&ecirc;tre pour tous les Marocains\" \/>\n<meta property=\"article:publisher\" content=\"https:\/\/www.facebook.com\/profile.php?id=61576678196717\" \/>\n<meta property=\"article:modified_time\" content=\"2026-02-10T12:45:06+00:00\" \/>\n<meta property=\"og:image\" content=\"https:\/\/vitablanca.ma\/wp-content\/uploads\/2025\/04\/myo-inositol-pour-les-femmes-et-les-hommes-120-.jpg\" \/>\n\t<meta property=\"og:image:width\" content=\"680\" \/>\n\t<meta property=\"og:image:height\" content=\"680\" \/>\n\t<meta property=\"og:image:type\" content=\"image\/jpeg\" \/>\n<meta name=\"twitter:card\" content=\"summary_large_image\" \/>\n<meta name=\"twitter:label1\" content=\"\u0648\u0642\u062a \u0627\u0644\u0642\u0631\u0627\u0621\u0629 \u0627\u0644\u0645\u064f\u0642\u062f\u0651\u0631\" \/>\n\t<meta name=\"twitter:data1\" content=\"\u062f\u0642\u064a\u0642\u0629 \u0648\u0627\u062d\u062f\u0629\" \/>\n<script type=\"application\/ld+json\" class=\"yoast-schema-graph\">{\"@context\":\"https:\\\/\\\/schema.org\",\"@graph\":[{\"@type\":[\"WebPage\",\"ItemPage\"],\"@id\":\"https:\\\/\\\/vitablanca.ma\\\/produit\\\/fairhaven-health-myo-inositol-pour-les-femmes-et-les-hommes-120-capsules\\\/\",\"url\":\"https:\\\/\\\/vitablanca.ma\\\/produit\\\/fairhaven-health-myo-inositol-pour-les-femmes-et-les-hommes-120-capsules\\\/\",\"name\":\"Fairhaven Health Myo-Inositol, 120 Capsules - Maroc Prix\",\"isPartOf\":{\"@id\":\"https:\\\/\\\/vitablanca.ma\\\/#website\"},\"primaryImageOfPage\":{\"@id\":\"https:\\\/\\\/vitablanca.ma\\\/produit\\\/fairhaven-health-myo-inositol-pour-les-femmes-et-les-hommes-120-capsules\\\/#primaryimage\"},\"image\":{\"@id\":\"https:\\\/\\\/vitablanca.ma\\\/produit\\\/fairhaven-health-myo-inositol-pour-les-femmes-et-les-hommes-120-capsules\\\/#primaryimage\"},\"thumbnailUrl\":\"https:\\\/\\\/vitablanca.ma\\\/wp-content\\\/uploads\\\/2025\\\/04\\\/myo-inositol-pour-les-femmes-et-les-hommes-120-.jpg\",\"datePublished\":\"2025-04-21T15:08:28+00:00\",\"dateModified\":\"2026-02-10T12:45:06+00:00\",\"description\":\"Achetez Fairhaven Health Myo-Inositol au Maroc. 120 capsules pour soutenir la fertilit\u00e9 f\u00e9minine, la sant\u00e9 hormonale et la sant\u00e9 reproductive masculine.\",\"breadcrumb\":{\"@id\":\"https:\\\/\\\/vitablanca.ma\\\/produit\\\/fairhaven-health-myo-inositol-pour-les-femmes-et-les-hommes-120-capsules\\\/#breadcrumb\"},\"inLanguage\":\"ar\",\"potentialAction\":[{\"@type\":\"ReadAction\",\"target\":[\"https:\\\/\\\/vitablanca.ma\\\/produit\\\/fairhaven-health-myo-inositol-pour-les-femmes-et-les-hommes-120-capsules\\\/\"]}]},{\"@type\":\"ImageObject\",\"inLanguage\":\"ar\",\"@id\":\"https:\\\/\\\/vitablanca.ma\\\/produit\\\/fairhaven-health-myo-inositol-pour-les-femmes-et-les-hommes-120-capsules\\\/#primaryimage\",\"url\":\"https:\\\/\\\/vitablanca.ma\\\/wp-content\\\/uploads\\\/2025\\\/04\\\/myo-inositol-pour-les-femmes-et-les-hommes-120-.jpg\",\"contentUrl\":\"https:\\\/\\\/vitablanca.ma\\\/wp-content\\\/uploads\\\/2025\\\/04\\\/myo-inositol-pour-les-femmes-et-les-hommes-120-.jpg\",\"width\":680,\"height\":680},{\"@type\":\"BreadcrumbList\",\"@id\":\"https:\\\/\\\/vitablanca.ma\\\/produit\\\/fairhaven-health-myo-inositol-pour-les-femmes-et-les-hommes-120-capsules\\\/#breadcrumb\",\"itemListElement\":[{\"@type\":\"ListItem\",\"position\":1,\"name\":\"Home\",\"item\":\"https:\\\/\\\/vitablanca.ma\\\/\"},{\"@type\":\"ListItem\",\"position\":2,\"name\":\"Tous Les Produits\",\"item\":\"https:\\\/\\\/vitablanca.ma\\\/tous-les-produits\\\/\"},{\"@type\":\"ListItem\",\"position\":3,\"name\":\"Fairhaven Health Myo Inositol pour les femmes et les hommes, 120 capsules\"}]},{\"@type\":\"WebSite\",\"@id\":\"https:\\\/\\\/vitablanca.ma\\\/#website\",\"url\":\"https:\\\/\\\/vitablanca.ma\\\/\",\"name\":\"VitaBlanca.ma | Compl\u00e9ments alimentaires, sant\u00e9 & beaut\u00e9 au Maroc\",\"description\":\"vendre vitamines et compl\u00e9ments premium des USA &amp; Canada, Nouvelle Z\u00e9lande,Maroc (NOW Foods, Solgar, Manuka). Livraison rapide partout au Maroc.\",\"publisher\":{\"@id\":\"https:\\\/\\\/vitablanca.ma\\\/#organization\"},\"alternateName\":\"VitaBlanca.ma\",\"potentialAction\":[{\"@type\":\"SearchAction\",\"target\":{\"@type\":\"EntryPoint\",\"urlTemplate\":\"https:\\\/\\\/vitablanca.ma\\\/?s={search_term_string}\"},\"query-input\":{\"@type\":\"PropertyValueSpecification\",\"valueRequired\":true,\"valueName\":\"search_term_string\"}}],\"inLanguage\":\"ar\"},{\"@type\":\"Organization\",\"@id\":\"https:\\\/\\\/vitablanca.ma\\\/#organization\",\"name\":\"VitaBlanca\",\"url\":\"https:\\\/\\\/vitablanca.ma\\\/\",\"logo\":{\"@type\":\"ImageObject\",\"inLanguage\":\"ar\",\"@id\":\"https:\\\/\\\/vitablanca.ma\\\/#\\\/schema\\\/logo\\\/image\\\/\",\"url\":\"https:\\\/\\\/vitablanca.ma\\\/wp-content\\\/uploads\\\/2025\\\/05\\\/cropped-vitablanca.png\",\"contentUrl\":\"https:\\\/\\\/vitablanca.ma\\\/wp-content\\\/uploads\\\/2025\\\/05\\\/cropped-vitablanca.png\",\"width\":360,\"height\":67,\"caption\":\"VitaBlanca\"},\"image\":{\"@id\":\"https:\\\/\\\/vitablanca.ma\\\/#\\\/schema\\\/logo\\\/image\\\/\"},\"sameAs\":[\"https:\\\/\\\/www.facebook.com\\\/profile.php?id=61576678196717\",\"https:\\\/\\\/www.tiktok.com\\\/@vitablanca.ma\",\"https:\\\/\\\/www.instagram.com\\\/vitablanca.ma\\\/\"]}]}<\/script>\n<!-- \/ Yoast SEO plugin. -->","yoast_head_json":{"title":"Fairhaven Health Myo-Inositol, 120 Capsules - Maroc Prix","description":"Achetez Fairhaven Health Myo-Inositol au Maroc. 120 capsules pour soutenir la fertilit\u00e9 f\u00e9minine, la sant\u00e9 hormonale et la sant\u00e9 reproductive masculine.","robots":{"index":"index","follow":"follow","max-snippet":"max-snippet:-1","max-image-preview":"max-image-preview:large","max-video-preview":"max-video-preview:-1"},"canonical":"https:\/\/vitablanca.ma\/ar\/product-2\/fairhaven-health-myo-inositol-pour-les-femmes-et-les-hommes-120-capsules\/","og_locale":"ar_AR","og_type":"article","og_title":"Fairhaven Health Myo-Inositol, 120 Capsules - Maroc Prix","og_description":"Achetez Fairhaven Health Myo-Inositol au Maroc. 120 capsules pour soutenir la fertilit\u00e9 f\u00e9minine, la sant\u00e9 hormonale et la sant\u00e9 reproductive masculine.","og_url":"https:\/\/vitablanca.ma\/ar\/product-2\/fairhaven-health-myo-inositol-pour-les-femmes-et-les-hommes-120-capsules\/","og_site_name":"Vitablanca.ma &ndash; Sant&eacute;, vitalit&eacute; et bien-&ecirc;tre pour tous les Marocains","article_publisher":"https:\/\/www.facebook.com\/profile.php?id=61576678196717","article_modified_time":"2026-02-10T12:45:06+00:00","og_image":[{"width":680,"height":680,"url":"https:\/\/vitablanca.ma\/wp-content\/uploads\/2025\/04\/myo-inositol-pour-les-femmes-et-les-hommes-120-.jpg","type":"image\/jpeg"}],"twitter_card":"summary_large_image","twitter_misc":{"\u0648\u0642\u062a \u0627\u0644\u0642\u0631\u0627\u0621\u0629 \u0627\u0644\u0645\u064f\u0642\u062f\u0651\u0631":"\u062f\u0642\u064a\u0642\u0629 \u0648\u0627\u062d\u062f\u0629"},"schema":{"@context":"https:\/\/schema.org","@graph":[{"@type":["WebPage","ItemPage"],"@id":"https:\/\/vitablanca.ma\/produit\/fairhaven-health-myo-inositol-pour-les-femmes-et-les-hommes-120-capsules\/","url":"https:\/\/vitablanca.ma\/produit\/fairhaven-health-myo-inositol-pour-les-femmes-et-les-hommes-120-capsules\/","name":"Fairhaven Health Myo-Inositol, 120 Capsules - Maroc Prix","isPartOf":{"@id":"https:\/\/vitablanca.ma\/#website"},"primaryImageOfPage":{"@id":"https:\/\/vitablanca.ma\/produit\/fairhaven-health-myo-inositol-pour-les-femmes-et-les-hommes-120-capsules\/#primaryimage"},"image":{"@id":"https:\/\/vitablanca.ma\/produit\/fairhaven-health-myo-inositol-pour-les-femmes-et-les-hommes-120-capsules\/#primaryimage"},"thumbnailUrl":"https:\/\/vitablanca.ma\/wp-content\/uploads\/2025\/04\/myo-inositol-pour-les-femmes-et-les-hommes-120-.jpg","datePublished":"2025-04-21T15:08:28+00:00","dateModified":"2026-02-10T12:45:06+00:00","description":"Achetez Fairhaven Health Myo-Inositol au Maroc. 120 capsules pour soutenir la fertilit\u00e9 f\u00e9minine, la sant\u00e9 hormonale et la sant\u00e9 reproductive masculine.","breadcrumb":{"@id":"https:\/\/vitablanca.ma\/produit\/fairhaven-health-myo-inositol-pour-les-femmes-et-les-hommes-120-capsules\/#breadcrumb"},"inLanguage":"ar","potentialAction":[{"@type":"ReadAction","target":["https:\/\/vitablanca.ma\/produit\/fairhaven-health-myo-inositol-pour-les-femmes-et-les-hommes-120-capsules\/"]}]},{"@type":"ImageObject","inLanguage":"ar","@id":"https:\/\/vitablanca.ma\/produit\/fairhaven-health-myo-inositol-pour-les-femmes-et-les-hommes-120-capsules\/#primaryimage","url":"https:\/\/vitablanca.ma\/wp-content\/uploads\/2025\/04\/myo-inositol-pour-les-femmes-et-les-hommes-120-.jpg","contentUrl":"https:\/\/vitablanca.ma\/wp-content\/uploads\/2025\/04\/myo-inositol-pour-les-femmes-et-les-hommes-120-.jpg","width":680,"height":680},{"@type":"BreadcrumbList","@id":"https:\/\/vitablanca.ma\/produit\/fairhaven-health-myo-inositol-pour-les-femmes-et-les-hommes-120-capsules\/#breadcrumb","itemListElement":[{"@type":"ListItem","position":1,"name":"Home","item":"https:\/\/vitablanca.ma\/"},{"@type":"ListItem","position":2,"name":"Tous Les Produits","item":"https:\/\/vitablanca.ma\/tous-les-produits\/"},{"@type":"ListItem","position":3,"name":"Fairhaven Health Myo Inositol pour les femmes et les hommes, 120 capsules"}]},{"@type":"WebSite","@id":"https:\/\/vitablanca.ma\/#website","url":"https:\/\/vitablanca.ma\/","name":"VitaBlanca.ma | \u0627\u0644\u0645\u0643\u0645\u0644\u0627\u062a \u0627\u0644\u063a\u0630\u0627\u0626\u064a\u0629\u060c \u0627\u0644\u0635\u062d\u0629 \u0648\u0627\u0644\u062c\u0645\u0627\u0644 \u0641\u064a \u0627\u0644\u0645\u063a\u0631\u0628","description":"\u0646\u0628\u064a\u0639 \u0641\u064a\u062a\u0627\u0645\u064a\u0646\u0627\u062a \u0648\u0645\u0643\u0645\u0644\u0627\u062a \u063a\u0630\u0627\u0626\u064a\u0629 \u0641\u0627\u062e\u0631\u0629 \u0645\u0646 \u0627\u0644\u0648\u0644\u0627\u064a\u0627\u062a \u0627\u0644\u0645\u062a\u062d\u062f\u0629 \u0627\u0644\u0623\u0645\u0631\u064a\u0643\u064a\u0629 \u0648\u0643\u0646\u062f\u0627 \u0648\u0646\u064a\u0648\u0632\u064a\u0644\u0646\u062f\u0627 \u0648\u0627\u0644\u0645\u063a\u0631\u0628 (\u0646\u0627\u0648 \u0641\u0648\u062f\u0632\u060c \u0633\u0648\u0644\u062c\u0627\u0631\u060c \u0645\u0627\u0646\u0648\u0643\u0627). \u062a\u0648\u0635\u064a\u0644 \u0633\u0631\u064a\u0639 \u0625\u0644\u0649 \u062c\u0645\u064a\u0639 \u0623\u0646\u062d\u0627\u0621 \u0627\u0644\u0645\u063a\u0631\u0628.","publisher":{"@id":"https:\/\/vitablanca.ma\/#organization"},"alternateName":"VitaBlanca.ma","potentialAction":[{"@type":"SearchAction","target":{"@type":"EntryPoint","urlTemplate":"https:\/\/vitablanca.ma\/?s={search_term_string}"},"query-input":{"@type":"PropertyValueSpecification","valueRequired":true,"valueName":"search_term_string"}}],"inLanguage":"ar"},{"@type":"Organization","@id":"https:\/\/vitablanca.ma\/#organization","name":"\u0641\u064a\u062a\u0627\u0628\u0644\u0627\u0646\u0643\u0627","url":"https:\/\/vitablanca.ma\/","logo":{"@type":"ImageObject","inLanguage":"ar","@id":"https:\/\/vitablanca.ma\/#\/schema\/logo\/image\/","url":"https:\/\/vitablanca.ma\/wp-content\/uploads\/2025\/05\/cropped-vitablanca.png","contentUrl":"https:\/\/vitablanca.ma\/wp-content\/uploads\/2025\/05\/cropped-vitablanca.png","width":360,"height":67,"caption":"VitaBlanca"},"image":{"@id":"https:\/\/vitablanca.ma\/#\/schema\/logo\/image\/"},"sameAs":["https:\/\/www.facebook.com\/profile.php?id=61576678196717","https:\/\/www.tiktok.com\/@vitablanca.ma","https:\/\/www.instagram.com\/vitablanca.ma\/"]}]}},"jetpack_sharing_enabled":true,"_links":{"self":[{"href":"https:\/\/vitablanca.ma\/ar\/wp-json\/wp\/v2\/product\/327","targetHints":{"allow":["GET"]}}],"collection":[{"href":"https:\/\/vitablanca.ma\/ar\/wp-json\/wp\/v2\/product"}],"about":[{"href":"https:\/\/vitablanca.ma\/ar\/wp-json\/wp\/v2\/types\/product"}],"wp:featuredmedia":[{"embeddable":true,"href":"https:\/\/vitablanca.ma\/ar\/wp-json\/wp\/v2\/media\/328"}],"wp:attachment":[{"href":"https:\/\/vitablanca.ma\/ar\/wp-json\/wp\/v2\/media?parent=327"}],"wp:term":[{"taxonomy":"product_brand","embeddable":true,"href":"https:\/\/vitablanca.ma\/ar\/wp-json\/wp\/v2\/product_brand?post=327"},{"taxonomy":"product_cat","embeddable":true,"href":"https:\/\/vitablanca.ma\/ar\/wp-json\/wp\/v2\/product_cat?post=327"},{"taxonomy":"product_tag","embeddable":true,"href":"https:\/\/vitablanca.ma\/ar\/wp-json\/wp\/v2\/product_tag?post=327"}],"curies":[{"name":"wp","href":"https:\/\/api.w.org\/{rel}","templated":true}]}}