{"id":32637,"date":"2026-03-04T02:29:06","date_gmt":"2026-03-04T02:29:06","guid":{"rendered":"https:\/\/vitablanca.ma\/produit\/la-vita-bella-eau-de-parfum-de-maison-alhambra-pour-femme-100ml\/"},"modified":"2026-04-17T22:32:32","modified_gmt":"2026-04-17T22:32:32","slug":"la-vita-bella-eau-de-parfum-de-maison-alhambra-pour-femme-100ml","status":"publish","type":"product","link":"https:\/\/vitablanca.ma\/ar\/product-2\/la-vita-bella-eau-de-parfum-de-maison-alhambra-pour-femme-100ml\/","title":{"rendered":"La Vita Bella Eau de Parfum de MAISON ALHAMBRA Pour Femme &#8211; 100ml"},"content":{"rendered":"<p class=\"MsoNormal\" style=\"margin-bottom: .0001pt;line-height: 115%\">D\u00e9couvrez le parfum <b>La Vita Bella de Maison Alhambra<\/b>, une ode \u00e0 la joie de vivre el \u00e0 la beaut\u00e9 de l\u2019instant pr\u00e9sent.<\/p>\n<p class=\"MsoNormal\" style=\"margin-bottom: .0001pt;line-height: 115%\">\u00a0<\/p>\n<p class=\"MsoNormal\" style=\"margin-bottom: .0001pt;line-height: 115%\"><b>La Vita Bella de Maison Alhambra<\/b> est une fragrance envo\u00fbtante qui c\u00e9l\u00e8bre l\u2019\u00e9l\u00e9gance, la f\u00e9minit\u00e9 et la confiance en sol. Ce parfum captivant est une invitation \u00e0 savourer les plaisirs simples de la vie et a embrasser chaque instant avec passion.<\/p>\n<p class=\"MsoNormal\" style=\"margin-bottom: .0001pt;line-height: 115%\">\u00a0<\/p>\n<p class=\"MsoNormal\" style=\"margin-bottom: .0001pt;line-height: 115%\">Les notes de t\u00eate lumineuses de <b>La Vita Bella<\/b> vous accueillent avec un \u00e9clat de cassis juteux et de poire croquante. Ces notes fruit\u00e9es apportent une fra\u00eecheur p\u00e9tillante qui \u00e9veille vos sens et cr\u00e9e une aura de l\u00e9g\u00e8ret\u00e9.<\/p>\n<p class=\"MsoNormal\" style=\"margin-bottom: .0001pt;line-height: 115%\">\u00a0<\/p>\n<p class=\"MsoNormal\" style=\"margin-bottom: .0001pt;line-height: 115%\">Au c\u0153ur de celle fragrance se trouve l\u2019accord delicat de l\u2019iris, qui conf\u00e9re une dimension florale \u00e9l\u00e9gante el raffin\u00e9e. L\u2019iris est sublim\u00e9 par des nuances de jasmin sambac et de fleur d\u2019oranger, ajoutant une touche de douceur et de sensualit\u00e9 \u00e0 l\u2019ensemble.<\/p>\n<p class=\"MsoNormal\" style=\"margin-bottom: .0001pt;line-height: 115%\">\u00a0<\/p>\n<p class=\"MsoNormal\" style=\"margin-bottom: .0001pt;line-height: 115%\">Les notes de fond chaleureuses et enveloppantes de <b>La Vita Bella<\/b> laissent un sillage inoubliable. L\u2019accord gourmand de la vanille associ\u00e9 \u00e0 des nuances de praline et de fove tonka cr\u00e9e une douceur r\u00e9confortante et addictive. Ces notes sont envelopp\u00e9es dans un voile de patchouli, qui apporte une profondeur envo\u00fbtante et une dimension seduisante a la fragrance.<\/p>\n<p class=\"MsoNormal\" style=\"margin-bottom: .0001pt;line-height: 115%\">\u00a0<\/p>\n<p class=\"MsoNormal\" style=\"margin-bottom: .0001pt;line-height: 115%\"><strong>Notes olfactives :<\/strong><\/p>\n<p class=\"MsoNormal\" style=\"margin-bottom: .0001pt;line-height: 115%\">\u00a0<\/p>\n<p style=\"margin-bottom: .0001pt;line-height: 115%\" class=\"MsoNormal\"><b>\u0627\u0644\u0645\u0643\u0648\u0646\u0627\u062a \u0627\u0644\u0639\u0644\u064a\u0627:<\/b> Bergamote, Faux-poivrier, Fraises rouges, Framboise<\/p>\n<p style=\"margin-bottom: .0001pt;line-height: 115%\" class=\"MsoNormal\"><b>\u0645\u0644\u0627\u062d\u0638\u0627\u062a \u0627\u0644\u0642\u0644\u0628:<\/b> Muguet de mai, Pivoine, Rose<\/p>\n<p style=\"margin-bottom: .0001pt;line-height: 115%\" class=\"MsoNormal\"><b>\u0627\u0644\u0645\u0643\u0648\u0646\u0627\u062a \u0627\u0644\u0623\u0633\u0627\u0633\u064a\u0629:<\/b> Ambre, Musc, Patchouli<\/p>\n<p style=\"margin-bottom: .0001pt;line-height: 115%\" class=\"MsoNormal\"><b>Inspir\u00e9 :<\/b> La vie est belle<\/p>","protected":false},"excerpt":{"rendered":"<p>D\u00e9couvrez le parfum La Vita Bella de Maison Alhambra, une ode \u00e0 la joie de vivre el \u00e0 la beaut\u00e9 de l\u2019instant pr\u00e9sent. \u00a0 La Vita Bella de Maison Alhambra est une fragrance envo\u00fbtante qui c\u00e9l\u00e8bre l\u2019\u00e9l\u00e9gance, la f\u00e9minit\u00e9 et la confiance en sol. Ce parfum captivant est une invitation \u00e0 savourer les plaisirs simples [&hellip;]<\/p>\n","protected":false},"featured_media":32632,"template":"","meta":{"om_disable_all_campaigns":false},"product_brand":[],"product_cat":[18,15,1091],"product_tag":[],"class_list":{"0":"post-32637","1":"product","2":"type-product","3":"status-publish","4":"has-post-thumbnail","6":"product_cat-beaute-sante","7":"product_cat-beaute-sante-complements-alimentaires-soins-et-bien-etre-au-meilleur-prix","8":"product_cat-beaute-parfums-maroc-prix","10":"first","11":"instock","12":"taxable","13":"shipping-taxable","14":"purchasable","15":"product-type-simple"},"yoast_head":"<!-- This site is optimized with the Yoast SEO plugin v27.5 - https:\/\/yoast.com\/product\/yoast-seo-wordpress\/ -->\n<title>La Vita Bella Eau de Parfum de MAISON ALHAMBRA Pour Femme - 100ml - Maroc Prix<\/title>\n<meta name=\"description\" content=\"La Vita Bella Eau de Parfum de MAISON ALHAMBRA Pour Femme - 100ml\" \/>\n<meta name=\"robots\" content=\"index, follow, max-snippet:-1, max-image-preview:large, max-video-preview:-1\" \/>\n<link rel=\"canonical\" href=\"https:\/\/vitablanca.ma\/ar\/product-2\/la-vita-bella-eau-de-parfum-de-maison-alhambra-pour-femme-100ml\/\" \/>\n<meta property=\"og:locale\" content=\"ar_AR\" \/>\n<meta property=\"og:type\" content=\"article\" \/>\n<meta property=\"og:title\" content=\"La Vita Bella Eau de Parfum de MAISON ALHAMBRA Pour Femme - 100ml - Maroc Prix\" \/>\n<meta property=\"og:description\" content=\"La Vita Bella Eau de Parfum de MAISON ALHAMBRA Pour Femme - 100ml\" \/>\n<meta property=\"og:url\" content=\"https:\/\/vitablanca.ma\/ar\/product-2\/la-vita-bella-eau-de-parfum-de-maison-alhambra-pour-femme-100ml\/\" \/>\n<meta property=\"og:site_name\" content=\"Vitablanca.ma &ndash; Sant&eacute;, vitalit&eacute; et bien-&ecirc;tre pour tous les Marocains\" \/>\n<meta property=\"article:publisher\" content=\"https:\/\/www.facebook.com\/profile.php?id=61576678196717\" \/>\n<meta property=\"article:modified_time\" content=\"2026-04-17T22:32:32+00:00\" \/>\n<meta property=\"og:image\" content=\"https:\/\/vitablanca.ma\/wp-content\/uploads\/2026\/03\/LaVitaBella1.jpg\" \/>\n\t<meta property=\"og:image:width\" content=\"1080\" \/>\n\t<meta property=\"og:image:height\" content=\"1080\" \/>\n\t<meta property=\"og:image:type\" content=\"image\/jpeg\" \/>\n<meta name=\"twitter:card\" content=\"summary_large_image\" \/>\n<meta name=\"twitter:label1\" content=\"\u0648\u0642\u062a \u0627\u0644\u0642\u0631\u0627\u0621\u0629 \u0627\u0644\u0645\u064f\u0642\u062f\u0651\u0631\" \/>\n\t<meta name=\"twitter:data1\" content=\"\u062f\u0642\u064a\u0642\u0629 \u0648\u0627\u062d\u062f\u0629\" \/>\n<script type=\"application\/ld+json\" class=\"yoast-schema-graph\">{\"@context\":\"https:\\\/\\\/schema.org\",\"@graph\":[{\"@type\":[\"WebPage\",\"ItemPage\"],\"@id\":\"https:\\\/\\\/vitablanca.ma\\\/produit\\\/la-vita-bella-eau-de-parfum-de-maison-alhambra-pour-femme-100ml\\\/\",\"url\":\"https:\\\/\\\/vitablanca.ma\\\/produit\\\/la-vita-bella-eau-de-parfum-de-maison-alhambra-pour-femme-100ml\\\/\",\"name\":\"La Vita Bella Eau de Parfum de MAISON ALHAMBRA Pour Femme - 100ml - Maroc Prix\",\"isPartOf\":{\"@id\":\"https:\\\/\\\/vitablanca.ma\\\/#website\"},\"primaryImageOfPage\":{\"@id\":\"https:\\\/\\\/vitablanca.ma\\\/produit\\\/la-vita-bella-eau-de-parfum-de-maison-alhambra-pour-femme-100ml\\\/#primaryimage\"},\"image\":{\"@id\":\"https:\\\/\\\/vitablanca.ma\\\/produit\\\/la-vita-bella-eau-de-parfum-de-maison-alhambra-pour-femme-100ml\\\/#primaryimage\"},\"thumbnailUrl\":\"https:\\\/\\\/vitablanca.ma\\\/wp-content\\\/uploads\\\/2026\\\/03\\\/LaVitaBella1.jpg\",\"datePublished\":\"2026-03-04T02:29:06+00:00\",\"dateModified\":\"2026-04-17T22:32:32+00:00\",\"description\":\"La Vita Bella Eau de Parfum de MAISON ALHAMBRA Pour Femme - 100ml\",\"breadcrumb\":{\"@id\":\"https:\\\/\\\/vitablanca.ma\\\/produit\\\/la-vita-bella-eau-de-parfum-de-maison-alhambra-pour-femme-100ml\\\/#breadcrumb\"},\"inLanguage\":\"ar\",\"potentialAction\":[{\"@type\":\"ReadAction\",\"target\":[\"https:\\\/\\\/vitablanca.ma\\\/produit\\\/la-vita-bella-eau-de-parfum-de-maison-alhambra-pour-femme-100ml\\\/\"]}]},{\"@type\":\"ImageObject\",\"inLanguage\":\"ar\",\"@id\":\"https:\\\/\\\/vitablanca.ma\\\/produit\\\/la-vita-bella-eau-de-parfum-de-maison-alhambra-pour-femme-100ml\\\/#primaryimage\",\"url\":\"https:\\\/\\\/vitablanca.ma\\\/wp-content\\\/uploads\\\/2026\\\/03\\\/LaVitaBella1.jpg\",\"contentUrl\":\"https:\\\/\\\/vitablanca.ma\\\/wp-content\\\/uploads\\\/2026\\\/03\\\/LaVitaBella1.jpg\",\"width\":1080,\"height\":1080},{\"@type\":\"BreadcrumbList\",\"@id\":\"https:\\\/\\\/vitablanca.ma\\\/produit\\\/la-vita-bella-eau-de-parfum-de-maison-alhambra-pour-femme-100ml\\\/#breadcrumb\",\"itemListElement\":[{\"@type\":\"ListItem\",\"position\":1,\"name\":\"Home\",\"item\":\"https:\\\/\\\/vitablanca.ma\\\/\"},{\"@type\":\"ListItem\",\"position\":2,\"name\":\"Tous Les Produits\",\"item\":\"https:\\\/\\\/vitablanca.ma\\\/tous-les-produits\\\/\"},{\"@type\":\"ListItem\",\"position\":3,\"name\":\"La Vita Bella Eau de Parfum de MAISON ALHAMBRA Pour Femme &#8211; 100ml\"}]},{\"@type\":\"WebSite\",\"@id\":\"https:\\\/\\\/vitablanca.ma\\\/#website\",\"url\":\"https:\\\/\\\/vitablanca.ma\\\/\",\"name\":\"VitaBlanca.ma | Compl\u00e9ments alimentaires, sant\u00e9 & beaut\u00e9 au Maroc\",\"description\":\"vendre vitamines et compl\u00e9ments premium des USA &amp; Canada, Nouvelle Z\u00e9lande,Maroc (NOW Foods, Solgar, Manuka). Livraison rapide partout au Maroc.\",\"publisher\":{\"@id\":\"https:\\\/\\\/vitablanca.ma\\\/#organization\"},\"alternateName\":\"VitaBlanca.ma\",\"potentialAction\":[{\"@type\":\"SearchAction\",\"target\":{\"@type\":\"EntryPoint\",\"urlTemplate\":\"https:\\\/\\\/vitablanca.ma\\\/?s={search_term_string}\"},\"query-input\":{\"@type\":\"PropertyValueSpecification\",\"valueRequired\":true,\"valueName\":\"search_term_string\"}}],\"inLanguage\":\"ar\"},{\"@type\":\"Organization\",\"@id\":\"https:\\\/\\\/vitablanca.ma\\\/#organization\",\"name\":\"VitaBlanca\",\"url\":\"https:\\\/\\\/vitablanca.ma\\\/\",\"logo\":{\"@type\":\"ImageObject\",\"inLanguage\":\"ar\",\"@id\":\"https:\\\/\\\/vitablanca.ma\\\/#\\\/schema\\\/logo\\\/image\\\/\",\"url\":\"https:\\\/\\\/vitablanca.ma\\\/wp-content\\\/uploads\\\/2025\\\/05\\\/cropped-vitablanca.png\",\"contentUrl\":\"https:\\\/\\\/vitablanca.ma\\\/wp-content\\\/uploads\\\/2025\\\/05\\\/cropped-vitablanca.png\",\"width\":360,\"height\":67,\"caption\":\"VitaBlanca\"},\"image\":{\"@id\":\"https:\\\/\\\/vitablanca.ma\\\/#\\\/schema\\\/logo\\\/image\\\/\"},\"sameAs\":[\"https:\\\/\\\/www.facebook.com\\\/profile.php?id=61576678196717\",\"https:\\\/\\\/www.tiktok.com\\\/@vitablanca.ma\",\"https:\\\/\\\/www.instagram.com\\\/vitablanca.ma\\\/\"]}]}<\/script>\n<!-- \/ Yoast SEO plugin. -->","yoast_head_json":{"title":"La Vita Bella Eau de Parfum de MAISON ALHAMBRA Pour Femme - 100ml - Maroc Prix","description":"La Vita Bella Eau de Parfum de MAISON ALHAMBRA Pour Femme - 100ml","robots":{"index":"index","follow":"follow","max-snippet":"max-snippet:-1","max-image-preview":"max-image-preview:large","max-video-preview":"max-video-preview:-1"},"canonical":"https:\/\/vitablanca.ma\/ar\/product-2\/la-vita-bella-eau-de-parfum-de-maison-alhambra-pour-femme-100ml\/","og_locale":"ar_AR","og_type":"article","og_title":"La Vita Bella Eau de Parfum de MAISON ALHAMBRA Pour Femme - 100ml - Maroc Prix","og_description":"La Vita Bella Eau de Parfum de MAISON ALHAMBRA Pour Femme - 100ml","og_url":"https:\/\/vitablanca.ma\/ar\/product-2\/la-vita-bella-eau-de-parfum-de-maison-alhambra-pour-femme-100ml\/","og_site_name":"Vitablanca.ma &ndash; Sant&eacute;, vitalit&eacute; et bien-&ecirc;tre pour tous les Marocains","article_publisher":"https:\/\/www.facebook.com\/profile.php?id=61576678196717","article_modified_time":"2026-04-17T22:32:32+00:00","og_image":[{"width":1080,"height":1080,"url":"https:\/\/vitablanca.ma\/wp-content\/uploads\/2026\/03\/LaVitaBella1.jpg","type":"image\/jpeg"}],"twitter_card":"summary_large_image","twitter_misc":{"\u0648\u0642\u062a \u0627\u0644\u0642\u0631\u0627\u0621\u0629 \u0627\u0644\u0645\u064f\u0642\u062f\u0651\u0631":"\u062f\u0642\u064a\u0642\u0629 \u0648\u0627\u062d\u062f\u0629"},"schema":{"@context":"https:\/\/schema.org","@graph":[{"@type":["WebPage","ItemPage"],"@id":"https:\/\/vitablanca.ma\/produit\/la-vita-bella-eau-de-parfum-de-maison-alhambra-pour-femme-100ml\/","url":"https:\/\/vitablanca.ma\/produit\/la-vita-bella-eau-de-parfum-de-maison-alhambra-pour-femme-100ml\/","name":"La Vita Bella Eau de Parfum de MAISON ALHAMBRA Pour Femme - 100ml - Maroc Prix","isPartOf":{"@id":"https:\/\/vitablanca.ma\/#website"},"primaryImageOfPage":{"@id":"https:\/\/vitablanca.ma\/produit\/la-vita-bella-eau-de-parfum-de-maison-alhambra-pour-femme-100ml\/#primaryimage"},"image":{"@id":"https:\/\/vitablanca.ma\/produit\/la-vita-bella-eau-de-parfum-de-maison-alhambra-pour-femme-100ml\/#primaryimage"},"thumbnailUrl":"https:\/\/vitablanca.ma\/wp-content\/uploads\/2026\/03\/LaVitaBella1.jpg","datePublished":"2026-03-04T02:29:06+00:00","dateModified":"2026-04-17T22:32:32+00:00","description":"La Vita Bella Eau de Parfum de MAISON ALHAMBRA Pour Femme - 100ml","breadcrumb":{"@id":"https:\/\/vitablanca.ma\/produit\/la-vita-bella-eau-de-parfum-de-maison-alhambra-pour-femme-100ml\/#breadcrumb"},"inLanguage":"ar","potentialAction":[{"@type":"ReadAction","target":["https:\/\/vitablanca.ma\/produit\/la-vita-bella-eau-de-parfum-de-maison-alhambra-pour-femme-100ml\/"]}]},{"@type":"ImageObject","inLanguage":"ar","@id":"https:\/\/vitablanca.ma\/produit\/la-vita-bella-eau-de-parfum-de-maison-alhambra-pour-femme-100ml\/#primaryimage","url":"https:\/\/vitablanca.ma\/wp-content\/uploads\/2026\/03\/LaVitaBella1.jpg","contentUrl":"https:\/\/vitablanca.ma\/wp-content\/uploads\/2026\/03\/LaVitaBella1.jpg","width":1080,"height":1080},{"@type":"BreadcrumbList","@id":"https:\/\/vitablanca.ma\/produit\/la-vita-bella-eau-de-parfum-de-maison-alhambra-pour-femme-100ml\/#breadcrumb","itemListElement":[{"@type":"ListItem","position":1,"name":"Home","item":"https:\/\/vitablanca.ma\/"},{"@type":"ListItem","position":2,"name":"Tous Les Produits","item":"https:\/\/vitablanca.ma\/tous-les-produits\/"},{"@type":"ListItem","position":3,"name":"La Vita Bella Eau de Parfum de MAISON ALHAMBRA Pour Femme &#8211; 100ml"}]},{"@type":"WebSite","@id":"https:\/\/vitablanca.ma\/#website","url":"https:\/\/vitablanca.ma\/","name":"VitaBlanca.ma | \u0627\u0644\u0645\u0643\u0645\u0644\u0627\u062a \u0627\u0644\u063a\u0630\u0627\u0626\u064a\u0629\u060c \u0627\u0644\u0635\u062d\u0629 \u0648\u0627\u0644\u062c\u0645\u0627\u0644 \u0641\u064a \u0627\u0644\u0645\u063a\u0631\u0628","description":"\u0646\u0628\u064a\u0639 \u0641\u064a\u062a\u0627\u0645\u064a\u0646\u0627\u062a \u0648\u0645\u0643\u0645\u0644\u0627\u062a \u063a\u0630\u0627\u0626\u064a\u0629 \u0641\u0627\u062e\u0631\u0629 \u0645\u0646 \u0627\u0644\u0648\u0644\u0627\u064a\u0627\u062a \u0627\u0644\u0645\u062a\u062d\u062f\u0629 \u0627\u0644\u0623\u0645\u0631\u064a\u0643\u064a\u0629 \u0648\u0643\u0646\u062f\u0627 \u0648\u0646\u064a\u0648\u0632\u064a\u0644\u0646\u062f\u0627 \u0648\u0627\u0644\u0645\u063a\u0631\u0628 (\u0646\u0627\u0648 \u0641\u0648\u062f\u0632\u060c \u0633\u0648\u0644\u062c\u0627\u0631\u060c \u0645\u0627\u0646\u0648\u0643\u0627). \u062a\u0648\u0635\u064a\u0644 \u0633\u0631\u064a\u0639 \u0625\u0644\u0649 \u062c\u0645\u064a\u0639 \u0623\u0646\u062d\u0627\u0621 \u0627\u0644\u0645\u063a\u0631\u0628.","publisher":{"@id":"https:\/\/vitablanca.ma\/#organization"},"alternateName":"VitaBlanca.ma","potentialAction":[{"@type":"SearchAction","target":{"@type":"EntryPoint","urlTemplate":"https:\/\/vitablanca.ma\/?s={search_term_string}"},"query-input":{"@type":"PropertyValueSpecification","valueRequired":true,"valueName":"search_term_string"}}],"inLanguage":"ar"},{"@type":"Organization","@id":"https:\/\/vitablanca.ma\/#organization","name":"\u0641\u064a\u062a\u0627\u0628\u0644\u0627\u0646\u0643\u0627","url":"https:\/\/vitablanca.ma\/","logo":{"@type":"ImageObject","inLanguage":"ar","@id":"https:\/\/vitablanca.ma\/#\/schema\/logo\/image\/","url":"https:\/\/vitablanca.ma\/wp-content\/uploads\/2025\/05\/cropped-vitablanca.png","contentUrl":"https:\/\/vitablanca.ma\/wp-content\/uploads\/2025\/05\/cropped-vitablanca.png","width":360,"height":67,"caption":"VitaBlanca"},"image":{"@id":"https:\/\/vitablanca.ma\/#\/schema\/logo\/image\/"},"sameAs":["https:\/\/www.facebook.com\/profile.php?id=61576678196717","https:\/\/www.tiktok.com\/@vitablanca.ma","https:\/\/www.instagram.com\/vitablanca.ma\/"]}]}},"jetpack_sharing_enabled":true,"_links":{"self":[{"href":"https:\/\/vitablanca.ma\/ar\/wp-json\/wp\/v2\/product\/32637","targetHints":{"allow":["GET"]}}],"collection":[{"href":"https:\/\/vitablanca.ma\/ar\/wp-json\/wp\/v2\/product"}],"about":[{"href":"https:\/\/vitablanca.ma\/ar\/wp-json\/wp\/v2\/types\/product"}],"wp:featuredmedia":[{"embeddable":true,"href":"https:\/\/vitablanca.ma\/ar\/wp-json\/wp\/v2\/media\/32632"}],"wp:attachment":[{"href":"https:\/\/vitablanca.ma\/ar\/wp-json\/wp\/v2\/media?parent=32637"}],"wp:term":[{"taxonomy":"product_brand","embeddable":true,"href":"https:\/\/vitablanca.ma\/ar\/wp-json\/wp\/v2\/product_brand?post=32637"},{"taxonomy":"product_cat","embeddable":true,"href":"https:\/\/vitablanca.ma\/ar\/wp-json\/wp\/v2\/product_cat?post=32637"},{"taxonomy":"product_tag","embeddable":true,"href":"https:\/\/vitablanca.ma\/ar\/wp-json\/wp\/v2\/product_tag?post=32637"}],"curies":[{"name":"wp","href":"https:\/\/api.w.org\/{rel}","templated":true}]}}