{"id":32595,"date":"2026-03-04T02:28:01","date_gmt":"2026-03-04T02:28:01","guid":{"rendered":"https:\/\/vitablanca.ma\/produit\/azzure-oud-eau-de-parfum-french-avenue-unisexe-100-ml\/"},"modified":"2026-03-15T23:08:35","modified_gmt":"2026-03-15T23:08:35","slug":"azzure-oud-eau-de-parfum-french-avenue-unisexe-100-ml","status":"publish","type":"product","link":"https:\/\/vitablanca.ma\/ar\/product-2\/azzure-oud-eau-de-parfum-french-avenue-unisexe-100-ml\/","title":{"rendered":"AZZURE OUD Eau de Parfum FRENCH AVENUE Unisexe &#8211; 100 ml"},"content":{"rendered":"<p class=\"MsoNormal\" style=\"margin-bottom: .0001pt;line-height: 150%\"><b>Azzure Oud de French Avenue<\/b> : Parfum Unisexe Fruit\u00e9 et Bois\u00e9 de Luxe<\/p>\n<p class=\"MsoNormal\" style=\"margin-bottom: .0001pt;line-height: 150%\">\u064a\u0643\u062a\u0634\u0641 <b>Azzure Oud<\/b> \u0644 <b>French Avenue<\/b>, une eau de parfum unisexe qui fusionne harmonieusement des notes fruit\u00e9es et bois\u00e9es. Con\u00e7u pour les hommes et les femmes recherchant un parfum sophistiqu\u00e9 et une tenue longue dur\u00e9e, <b>Azzure Oud<\/b> captive les sens et laisse un sillage inoubliable.<\/p>\n<p class=\"MsoNormal\" style=\"margin-bottom: .0001pt;line-height: 150%\">\u00a0<\/p>\n<p class=\"MsoNormal\" style=\"margin-bottom: .0001pt;line-height: 150%\"><b>Notes olfactives :<\/b><\/p>\n<h3><\/h3>\n<ul>\n<li>\n<strong>Notes de t\u00eate:<\/strong><span>\u00a0<\/span>Fruit de la passion, Notes fruit\u00e9es, Rose, Safran<\/li>\n<li>\n<strong>Notes de coeur:<\/strong><span>\u00a0<\/span>Oud, Benjoin, Patchouli<\/li>\n<li>\n<strong>Notes de fond:<\/strong><span>\u00a0<\/span>Cuir, Ga\u00efac, Vanille, Ambre, Ciste, C\u00e8dre, Bois de santal<\/li>\n<li>\n<strong>Dupe:<span>\u00a0<\/span><\/strong>Oud Maracuja<\/li>\n<\/ul>","protected":false},"excerpt":{"rendered":"<p>Azzure Oud de French Avenue : Parfum Unisexe Fruit\u00e9 et Bois\u00e9 de Luxe D\u00e9couvrez Azzure Oud de French Avenue, une eau de parfum unisexe qui fusionne harmonieusement des notes fruit\u00e9es et bois\u00e9es. Con\u00e7u pour les hommes et les femmes recherchant un parfum sophistiqu\u00e9 et une tenue longue dur\u00e9e, Azzure Oud captive les sens et laisse [&hellip;]<\/p>\n","protected":false},"featured_media":32589,"template":"","meta":{"om_disable_all_campaigns":false},"product_brand":[],"product_cat":[18,15,1091],"product_tag":[],"class_list":{"0":"post-32595","1":"product","2":"type-product","3":"status-publish","4":"has-post-thumbnail","6":"product_cat-beaute-sante","7":"product_cat-beaute-sante-complements-alimentaires-soins-et-bien-etre-au-meilleur-prix","8":"product_cat-beaute-parfums-maroc-prix","10":"first","11":"outofstock","12":"taxable","13":"shipping-taxable","14":"purchasable","15":"product-type-simple"},"yoast_head":"<!-- This site is optimized with the Yoast SEO plugin v27.3 - https:\/\/yoast.com\/product\/yoast-seo-wordpress\/ -->\n<title>AZZURE OUD Eau de Parfum FRENCH AVENUE Unisexe - 100 ml - Maroc Prix<\/title>\n<meta name=\"description\" content=\"AZZURE OUD Eau de Parfum FRENCH AVENUE Unisexe - 100 ml\" \/>\n<meta name=\"robots\" content=\"index, follow, max-snippet:-1, max-image-preview:large, max-video-preview:-1\" \/>\n<link rel=\"canonical\" href=\"https:\/\/vitablanca.ma\/ar\/product-2\/azzure-oud-eau-de-parfum-french-avenue-unisexe-100-ml\/\" \/>\n<meta property=\"og:locale\" content=\"ar_AR\" \/>\n<meta property=\"og:type\" content=\"article\" \/>\n<meta property=\"og:title\" content=\"AZZURE OUD Eau de Parfum FRENCH AVENUE Unisexe - 100 ml - Maroc Prix\" \/>\n<meta property=\"og:description\" content=\"AZZURE OUD Eau de Parfum FRENCH AVENUE Unisexe - 100 ml\" \/>\n<meta property=\"og:url\" content=\"https:\/\/vitablanca.ma\/ar\/product-2\/azzure-oud-eau-de-parfum-french-avenue-unisexe-100-ml\/\" \/>\n<meta property=\"og:site_name\" content=\"Vitablanca.ma &ndash; Sant&eacute;, vitalit&eacute; et bien-&ecirc;tre pour tous les Marocains\" \/>\n<meta property=\"article:publisher\" content=\"https:\/\/www.facebook.com\/profile.php?id=61576678196717\" \/>\n<meta property=\"article:modified_time\" content=\"2026-03-15T23:08:35+00:00\" \/>\n<meta property=\"og:image\" content=\"https:\/\/vitablanca.ma\/wp-content\/uploads\/2026\/03\/AZZUREOUDEaudeParfumFRENCHAVENUEUnisexe2.jpg\" \/>\n\t<meta property=\"og:image:width\" content=\"1080\" \/>\n\t<meta property=\"og:image:height\" content=\"1080\" \/>\n\t<meta property=\"og:image:type\" content=\"image\/jpeg\" \/>\n<meta name=\"twitter:card\" content=\"summary_large_image\" \/>\n<meta name=\"twitter:label1\" content=\"\u0648\u0642\u062a \u0627\u0644\u0642\u0631\u0627\u0621\u0629 \u0627\u0644\u0645\u064f\u0642\u062f\u0651\u0631\" \/>\n\t<meta name=\"twitter:data1\" content=\"\u062f\u0642\u064a\u0642\u0629 \u0648\u0627\u062d\u062f\u0629\" \/>\n<script type=\"application\/ld+json\" class=\"yoast-schema-graph\">{\"@context\":\"https:\\\/\\\/schema.org\",\"@graph\":[{\"@type\":[\"WebPage\",\"ItemPage\"],\"@id\":\"https:\\\/\\\/vitablanca.ma\\\/produit\\\/azzure-oud-eau-de-parfum-french-avenue-unisexe-100-ml\\\/\",\"url\":\"https:\\\/\\\/vitablanca.ma\\\/produit\\\/azzure-oud-eau-de-parfum-french-avenue-unisexe-100-ml\\\/\",\"name\":\"AZZURE OUD Eau de Parfum FRENCH AVENUE Unisexe - 100 ml - Maroc Prix\",\"isPartOf\":{\"@id\":\"https:\\\/\\\/vitablanca.ma\\\/#website\"},\"primaryImageOfPage\":{\"@id\":\"https:\\\/\\\/vitablanca.ma\\\/produit\\\/azzure-oud-eau-de-parfum-french-avenue-unisexe-100-ml\\\/#primaryimage\"},\"image\":{\"@id\":\"https:\\\/\\\/vitablanca.ma\\\/produit\\\/azzure-oud-eau-de-parfum-french-avenue-unisexe-100-ml\\\/#primaryimage\"},\"thumbnailUrl\":\"https:\\\/\\\/vitablanca.ma\\\/wp-content\\\/uploads\\\/2026\\\/03\\\/AZZUREOUDEaudeParfumFRENCHAVENUEUnisexe2.jpg\",\"datePublished\":\"2026-03-04T02:28:01+00:00\",\"dateModified\":\"2026-03-15T23:08:35+00:00\",\"description\":\"AZZURE OUD Eau de Parfum FRENCH AVENUE Unisexe - 100 ml\",\"breadcrumb\":{\"@id\":\"https:\\\/\\\/vitablanca.ma\\\/produit\\\/azzure-oud-eau-de-parfum-french-avenue-unisexe-100-ml\\\/#breadcrumb\"},\"inLanguage\":\"ar\",\"potentialAction\":[{\"@type\":\"ReadAction\",\"target\":[\"https:\\\/\\\/vitablanca.ma\\\/produit\\\/azzure-oud-eau-de-parfum-french-avenue-unisexe-100-ml\\\/\"]}]},{\"@type\":\"ImageObject\",\"inLanguage\":\"ar\",\"@id\":\"https:\\\/\\\/vitablanca.ma\\\/produit\\\/azzure-oud-eau-de-parfum-french-avenue-unisexe-100-ml\\\/#primaryimage\",\"url\":\"https:\\\/\\\/vitablanca.ma\\\/wp-content\\\/uploads\\\/2026\\\/03\\\/AZZUREOUDEaudeParfumFRENCHAVENUEUnisexe2.jpg\",\"contentUrl\":\"https:\\\/\\\/vitablanca.ma\\\/wp-content\\\/uploads\\\/2026\\\/03\\\/AZZUREOUDEaudeParfumFRENCHAVENUEUnisexe2.jpg\",\"width\":1080,\"height\":1080},{\"@type\":\"BreadcrumbList\",\"@id\":\"https:\\\/\\\/vitablanca.ma\\\/produit\\\/azzure-oud-eau-de-parfum-french-avenue-unisexe-100-ml\\\/#breadcrumb\",\"itemListElement\":[{\"@type\":\"ListItem\",\"position\":1,\"name\":\"Home\",\"item\":\"https:\\\/\\\/vitablanca.ma\\\/\"},{\"@type\":\"ListItem\",\"position\":2,\"name\":\"Tous Les Produits\",\"item\":\"https:\\\/\\\/vitablanca.ma\\\/tous-les-produits\\\/\"},{\"@type\":\"ListItem\",\"position\":3,\"name\":\"AZZURE OUD Eau de Parfum FRENCH AVENUE Unisexe &#8211; 100 ml\"}]},{\"@type\":\"WebSite\",\"@id\":\"https:\\\/\\\/vitablanca.ma\\\/#website\",\"url\":\"https:\\\/\\\/vitablanca.ma\\\/\",\"name\":\"VitaBlanca.ma | Compl\u00e9ments alimentaires, sant\u00e9 & beaut\u00e9 au Maroc\",\"description\":\"vendre vitamines et compl\u00e9ments premium des USA &amp; Canada, Nouvelle Z\u00e9lande,Maroc (NOW Foods, Solgar, Manuka). Livraison rapide partout au Maroc.\",\"publisher\":{\"@id\":\"https:\\\/\\\/vitablanca.ma\\\/#organization\"},\"alternateName\":\"VitaBlanca.ma\",\"potentialAction\":[{\"@type\":\"SearchAction\",\"target\":{\"@type\":\"EntryPoint\",\"urlTemplate\":\"https:\\\/\\\/vitablanca.ma\\\/?s={search_term_string}\"},\"query-input\":{\"@type\":\"PropertyValueSpecification\",\"valueRequired\":true,\"valueName\":\"search_term_string\"}}],\"inLanguage\":\"ar\"},{\"@type\":\"Organization\",\"@id\":\"https:\\\/\\\/vitablanca.ma\\\/#organization\",\"name\":\"VitaBlanca\",\"url\":\"https:\\\/\\\/vitablanca.ma\\\/\",\"logo\":{\"@type\":\"ImageObject\",\"inLanguage\":\"ar\",\"@id\":\"https:\\\/\\\/vitablanca.ma\\\/#\\\/schema\\\/logo\\\/image\\\/\",\"url\":\"https:\\\/\\\/vitablanca.ma\\\/wp-content\\\/uploads\\\/2025\\\/05\\\/cropped-vitablanca.png\",\"contentUrl\":\"https:\\\/\\\/vitablanca.ma\\\/wp-content\\\/uploads\\\/2025\\\/05\\\/cropped-vitablanca.png\",\"width\":360,\"height\":67,\"caption\":\"VitaBlanca\"},\"image\":{\"@id\":\"https:\\\/\\\/vitablanca.ma\\\/#\\\/schema\\\/logo\\\/image\\\/\"},\"sameAs\":[\"https:\\\/\\\/www.facebook.com\\\/profile.php?id=61576678196717\",\"https:\\\/\\\/www.tiktok.com\\\/@vitablanca.ma\",\"https:\\\/\\\/www.instagram.com\\\/vitablanca.ma\\\/\"]}]}<\/script>\n<!-- \/ Yoast SEO plugin. -->","yoast_head_json":{"title":"AZZURE OUD Eau de Parfum FRENCH AVENUE Unisexe - 100 ml - Maroc Prix","description":"AZZURE OUD Eau de Parfum FRENCH AVENUE Unisexe - 100 ml","robots":{"index":"index","follow":"follow","max-snippet":"max-snippet:-1","max-image-preview":"max-image-preview:large","max-video-preview":"max-video-preview:-1"},"canonical":"https:\/\/vitablanca.ma\/ar\/product-2\/azzure-oud-eau-de-parfum-french-avenue-unisexe-100-ml\/","og_locale":"ar_AR","og_type":"article","og_title":"AZZURE OUD Eau de Parfum FRENCH AVENUE Unisexe - 100 ml - Maroc Prix","og_description":"AZZURE OUD Eau de Parfum FRENCH AVENUE Unisexe - 100 ml","og_url":"https:\/\/vitablanca.ma\/ar\/product-2\/azzure-oud-eau-de-parfum-french-avenue-unisexe-100-ml\/","og_site_name":"Vitablanca.ma &ndash; Sant&eacute;, vitalit&eacute; et bien-&ecirc;tre pour tous les Marocains","article_publisher":"https:\/\/www.facebook.com\/profile.php?id=61576678196717","article_modified_time":"2026-03-15T23:08:35+00:00","og_image":[{"width":1080,"height":1080,"url":"https:\/\/vitablanca.ma\/wp-content\/uploads\/2026\/03\/AZZUREOUDEaudeParfumFRENCHAVENUEUnisexe2.jpg","type":"image\/jpeg"}],"twitter_card":"summary_large_image","twitter_misc":{"\u0648\u0642\u062a \u0627\u0644\u0642\u0631\u0627\u0621\u0629 \u0627\u0644\u0645\u064f\u0642\u062f\u0651\u0631":"\u062f\u0642\u064a\u0642\u0629 \u0648\u0627\u062d\u062f\u0629"},"schema":{"@context":"https:\/\/schema.org","@graph":[{"@type":["WebPage","ItemPage"],"@id":"https:\/\/vitablanca.ma\/produit\/azzure-oud-eau-de-parfum-french-avenue-unisexe-100-ml\/","url":"https:\/\/vitablanca.ma\/produit\/azzure-oud-eau-de-parfum-french-avenue-unisexe-100-ml\/","name":"AZZURE OUD Eau de Parfum FRENCH AVENUE Unisexe - 100 ml - Maroc Prix","isPartOf":{"@id":"https:\/\/vitablanca.ma\/#website"},"primaryImageOfPage":{"@id":"https:\/\/vitablanca.ma\/produit\/azzure-oud-eau-de-parfum-french-avenue-unisexe-100-ml\/#primaryimage"},"image":{"@id":"https:\/\/vitablanca.ma\/produit\/azzure-oud-eau-de-parfum-french-avenue-unisexe-100-ml\/#primaryimage"},"thumbnailUrl":"https:\/\/vitablanca.ma\/wp-content\/uploads\/2026\/03\/AZZUREOUDEaudeParfumFRENCHAVENUEUnisexe2.jpg","datePublished":"2026-03-04T02:28:01+00:00","dateModified":"2026-03-15T23:08:35+00:00","description":"AZZURE OUD Eau de Parfum FRENCH AVENUE Unisexe - 100 ml","breadcrumb":{"@id":"https:\/\/vitablanca.ma\/produit\/azzure-oud-eau-de-parfum-french-avenue-unisexe-100-ml\/#breadcrumb"},"inLanguage":"ar","potentialAction":[{"@type":"ReadAction","target":["https:\/\/vitablanca.ma\/produit\/azzure-oud-eau-de-parfum-french-avenue-unisexe-100-ml\/"]}]},{"@type":"ImageObject","inLanguage":"ar","@id":"https:\/\/vitablanca.ma\/produit\/azzure-oud-eau-de-parfum-french-avenue-unisexe-100-ml\/#primaryimage","url":"https:\/\/vitablanca.ma\/wp-content\/uploads\/2026\/03\/AZZUREOUDEaudeParfumFRENCHAVENUEUnisexe2.jpg","contentUrl":"https:\/\/vitablanca.ma\/wp-content\/uploads\/2026\/03\/AZZUREOUDEaudeParfumFRENCHAVENUEUnisexe2.jpg","width":1080,"height":1080},{"@type":"BreadcrumbList","@id":"https:\/\/vitablanca.ma\/produit\/azzure-oud-eau-de-parfum-french-avenue-unisexe-100-ml\/#breadcrumb","itemListElement":[{"@type":"ListItem","position":1,"name":"Home","item":"https:\/\/vitablanca.ma\/"},{"@type":"ListItem","position":2,"name":"Tous Les Produits","item":"https:\/\/vitablanca.ma\/tous-les-produits\/"},{"@type":"ListItem","position":3,"name":"AZZURE OUD Eau de Parfum FRENCH AVENUE Unisexe &#8211; 100 ml"}]},{"@type":"WebSite","@id":"https:\/\/vitablanca.ma\/#website","url":"https:\/\/vitablanca.ma\/","name":"VitaBlanca.ma | \u0627\u0644\u0645\u0643\u0645\u0644\u0627\u062a \u0627\u0644\u063a\u0630\u0627\u0626\u064a\u0629\u060c \u0627\u0644\u0635\u062d\u0629 \u0648\u0627\u0644\u062c\u0645\u0627\u0644 \u0641\u064a \u0627\u0644\u0645\u063a\u0631\u0628","description":"\u0646\u0628\u064a\u0639 \u0641\u064a\u062a\u0627\u0645\u064a\u0646\u0627\u062a \u0648\u0645\u0643\u0645\u0644\u0627\u062a \u063a\u0630\u0627\u0626\u064a\u0629 \u0641\u0627\u062e\u0631\u0629 \u0645\u0646 \u0627\u0644\u0648\u0644\u0627\u064a\u0627\u062a \u0627\u0644\u0645\u062a\u062d\u062f\u0629 \u0627\u0644\u0623\u0645\u0631\u064a\u0643\u064a\u0629 \u0648\u0643\u0646\u062f\u0627 \u0648\u0646\u064a\u0648\u0632\u064a\u0644\u0646\u062f\u0627 \u0648\u0627\u0644\u0645\u063a\u0631\u0628 (\u0646\u0627\u0648 \u0641\u0648\u062f\u0632\u060c \u0633\u0648\u0644\u062c\u0627\u0631\u060c \u0645\u0627\u0646\u0648\u0643\u0627). \u062a\u0648\u0635\u064a\u0644 \u0633\u0631\u064a\u0639 \u0625\u0644\u0649 \u062c\u0645\u064a\u0639 \u0623\u0646\u062d\u0627\u0621 \u0627\u0644\u0645\u063a\u0631\u0628.","publisher":{"@id":"https:\/\/vitablanca.ma\/#organization"},"alternateName":"VitaBlanca.ma","potentialAction":[{"@type":"SearchAction","target":{"@type":"EntryPoint","urlTemplate":"https:\/\/vitablanca.ma\/?s={search_term_string}"},"query-input":{"@type":"PropertyValueSpecification","valueRequired":true,"valueName":"search_term_string"}}],"inLanguage":"ar"},{"@type":"Organization","@id":"https:\/\/vitablanca.ma\/#organization","name":"\u0641\u064a\u062a\u0627\u0628\u0644\u0627\u0646\u0643\u0627","url":"https:\/\/vitablanca.ma\/","logo":{"@type":"ImageObject","inLanguage":"ar","@id":"https:\/\/vitablanca.ma\/#\/schema\/logo\/image\/","url":"https:\/\/vitablanca.ma\/wp-content\/uploads\/2025\/05\/cropped-vitablanca.png","contentUrl":"https:\/\/vitablanca.ma\/wp-content\/uploads\/2025\/05\/cropped-vitablanca.png","width":360,"height":67,"caption":"VitaBlanca"},"image":{"@id":"https:\/\/vitablanca.ma\/#\/schema\/logo\/image\/"},"sameAs":["https:\/\/www.facebook.com\/profile.php?id=61576678196717","https:\/\/www.tiktok.com\/@vitablanca.ma","https:\/\/www.instagram.com\/vitablanca.ma\/"]}]}},"jetpack_sharing_enabled":true,"_links":{"self":[{"href":"https:\/\/vitablanca.ma\/ar\/wp-json\/wp\/v2\/product\/32595","targetHints":{"allow":["GET"]}}],"collection":[{"href":"https:\/\/vitablanca.ma\/ar\/wp-json\/wp\/v2\/product"}],"about":[{"href":"https:\/\/vitablanca.ma\/ar\/wp-json\/wp\/v2\/types\/product"}],"wp:featuredmedia":[{"embeddable":true,"href":"https:\/\/vitablanca.ma\/ar\/wp-json\/wp\/v2\/media\/32589"}],"wp:attachment":[{"href":"https:\/\/vitablanca.ma\/ar\/wp-json\/wp\/v2\/media?parent=32595"}],"wp:term":[{"taxonomy":"product_brand","embeddable":true,"href":"https:\/\/vitablanca.ma\/ar\/wp-json\/wp\/v2\/product_brand?post=32595"},{"taxonomy":"product_cat","embeddable":true,"href":"https:\/\/vitablanca.ma\/ar\/wp-json\/wp\/v2\/product_cat?post=32595"},{"taxonomy":"product_tag","embeddable":true,"href":"https:\/\/vitablanca.ma\/ar\/wp-json\/wp\/v2\/product_tag?post=32595"}],"curies":[{"name":"wp","href":"https:\/\/api.w.org\/{rel}","templated":true}]}}