{"id":32544,"date":"2026-03-04T02:26:33","date_gmt":"2026-03-04T02:26:33","guid":{"rendered":"https:\/\/vitablanca.ma\/produit\/la-uno-forever-blue-eau-de-parfum-fragrance-world-pour-homme-100ml\/"},"modified":"2026-04-17T22:32:22","modified_gmt":"2026-04-17T22:32:22","slug":"la-uno-forever-blue-eau-de-parfum-fragrance-world-pour-homme-100ml","status":"publish","type":"product","link":"https:\/\/vitablanca.ma\/ar\/product-2\/la-uno-forever-blue-eau-de-parfum-fragrance-world-pour-homme-100ml\/","title":{"rendered":"LA UNO Forever Blue Eau De Parfum Fragrance World Pour Homme \u2013 100ml"},"content":{"rendered":"<p class=\"MsoNormal\"><b><span style=\"font-family: 'Arial','sans-serif';color: black\">La Uno Forever Blue<\/span><\/b><span style=\"font-family: 'Arial','sans-serif';color: black\"> est un parfum frais et tr\u00e8s profond, riche en notes hesp\u00e9rid\u00e9es et bois\u00e9es. Les parfumeurs ont r\u00e9ussi \u00e0 cr\u00e9er un v\u00e9ritable feu d\u2019artifice \u00e0 partir d\u2019une ambiance lumineuse et v\u00e9ritablement estivale, associ\u00e9e \u00e0 une retenue masculine glaciale. <\/span><\/p>\n<p class=\"MsoNormal\"><span style=\"font-family: 'Arial','sans-serif';color: black\">Les notes de t\u00eate r\u00e9v\u00e8lent une combinaison vigoureuse et dynamique de la maturit\u00e9 des mandarines siciliennes, de l\u2019\u00e9nergie du geni\u00e8vre el de la subtile fra\u00eecheur de la bergamote avec une amertume \u00e0 peine perceptible du pamplemousse.<\/span><\/p>\n<p class=\"MsoNormal\"><span style=\"font-family: 'Arial','sans-serif';color: black\"><span>\u00a0<\/span>L\u2019accord de c\u0153ur est une combinaison d\u00e9licate el savoureuse de pr\u00e9cieuses gouttes de r\u00e9sine de bois de rose du Br\u00e9sil avec des notes \u00e9pic\u00e9es de romarin et de poivre. Le sillage de base persiste longtemps sur la peau avec des ar\u00f3mes chauds et enivrants de musc. <\/span><\/p>\n<p class=\"MsoNormal\"><span style=\"font-family: 'Arial','sans-serif';color: black\">d\u2019encens acidul\u00e9 et de mousse de ch\u00e8ne fraiche. Ce parfum est choisi par des individus forts et s\u00fcrs d\u2019eux qui r\u00e9ussissent tout et toujours dans la vie, il n\u2019y a aucun obstacle pour eux<\/span><\/p>\n<p class=\"MsoNormal\"><span style=\"font-family: 'Arial','sans-serif';color: black\">L\u2019Eau de Parfum <b>La Uno Forever Blue<\/b> est le meilleur choix comme accessoire pour les rendez-vous en soir\u00e9e avec votre femme bien-aim\u00e9e ou les r\u00e9unions d\u2019affaires en journ\u00e9e. Le parfum est comme un vent rafraichissant, sentant le voyage et la v\u00e9ritable aventure.<\/span><\/p>\n<p><strong>Notes olfactives :<\/strong><strong><\/strong><\/p>\n<ul>\n<li>\n<strong>\u0627\u0644\u0645\u0643\u0648\u0646\u0627\u062a \u0627\u0644\u0639\u0644\u064a\u0627: <\/strong>Bergamote, Pamplemousse, Gen\u00e9vrier, Mandarine de Sicile<strong><br \/><\/strong>\n<\/li>\n<li>\n<strong>Notes de coeur :\u00a0<\/strong>Palissandre du Br\u00e9sil, Poivre, Romarin<strong><br \/><\/strong>\n<\/li>\n<li>\n<strong>\u0627\u0644\u0645\u0643\u0648\u0646\u0627\u062a \u0627\u0644\u0623\u0633\u0627\u0633\u064a\u0629:\u00a0<\/strong>mousse de ch\u00eane, encens, musc<strong><br \/><\/strong>\n<\/li>\n<li><strong>Dupe : Light Blue Forever Dolce&Gabbana<\/strong><\/li>\n<\/ul>","protected":false},"excerpt":{"rendered":"<p>La Uno Forever Blue est un parfum frais et tr\u00e8s profond, riche en notes hesp\u00e9rid\u00e9es et bois\u00e9es. Les parfumeurs ont r\u00e9ussi \u00e0 cr\u00e9er un v\u00e9ritable feu d\u2019artifice \u00e0 partir d\u2019une ambiance lumineuse et v\u00e9ritablement estivale, associ\u00e9e \u00e0 une retenue masculine glaciale. Les notes de t\u00eate r\u00e9v\u00e8lent une combinaison vigoureuse et dynamique de la maturit\u00e9 des [&hellip;]<\/p>\n","protected":false},"featured_media":32536,"template":"","meta":{"om_disable_all_campaigns":false},"product_brand":[],"product_cat":[18,15,1091],"product_tag":[],"class_list":{"0":"post-32544","1":"product","2":"type-product","3":"status-publish","4":"has-post-thumbnail","6":"product_cat-beaute-sante","7":"product_cat-beaute-sante-complements-alimentaires-soins-et-bien-etre-au-meilleur-prix","8":"product_cat-beaute-parfums-maroc-prix","10":"first","11":"instock","12":"taxable","13":"shipping-taxable","14":"purchasable","15":"product-type-simple"},"yoast_head":"<!-- This site is optimized with the Yoast SEO plugin v27.5 - https:\/\/yoast.com\/product\/yoast-seo-wordpress\/ -->\n<title>LA UNO Forever Blue Eau De Parfum Fragrance World Pour Homme \u2013 100ml - Maroc Prix<\/title>\n<meta name=\"description\" content=\"LA UNO Forever Blue Eau De Parfum Fragrance World Pour Homme \u2013 100ml\" \/>\n<meta name=\"robots\" content=\"index, follow, max-snippet:-1, max-image-preview:large, max-video-preview:-1\" \/>\n<link rel=\"canonical\" href=\"https:\/\/vitablanca.ma\/ar\/product-2\/la-uno-forever-blue-eau-de-parfum-fragrance-world-pour-homme-100ml\/\" \/>\n<meta property=\"og:locale\" content=\"ar_AR\" \/>\n<meta property=\"og:type\" content=\"article\" \/>\n<meta property=\"og:title\" content=\"LA UNO Forever Blue Eau De Parfum Fragrance World Pour Homme \u2013 100ml - Maroc Prix\" \/>\n<meta property=\"og:description\" content=\"LA UNO Forever Blue Eau De Parfum Fragrance World Pour Homme \u2013 100ml\" \/>\n<meta property=\"og:url\" content=\"https:\/\/vitablanca.ma\/ar\/product-2\/la-uno-forever-blue-eau-de-parfum-fragrance-world-pour-homme-100ml\/\" \/>\n<meta property=\"og:site_name\" content=\"Vitablanca.ma &ndash; Sant&eacute;, vitalit&eacute; et bien-&ecirc;tre pour tous les Marocains\" \/>\n<meta property=\"article:publisher\" content=\"https:\/\/www.facebook.com\/profile.php?id=61576678196717\" \/>\n<meta property=\"article:modified_time\" content=\"2026-04-17T22:32:22+00:00\" \/>\n<meta property=\"og:image\" content=\"https:\/\/vitablanca.ma\/wp-content\/uploads\/2026\/03\/LAUNOForeverBlue3.jpg\" \/>\n\t<meta property=\"og:image:width\" content=\"1080\" \/>\n\t<meta property=\"og:image:height\" content=\"1080\" \/>\n\t<meta property=\"og:image:type\" content=\"image\/jpeg\" \/>\n<meta name=\"twitter:card\" content=\"summary_large_image\" \/>\n<meta name=\"twitter:label1\" content=\"\u0648\u0642\u062a \u0627\u0644\u0642\u0631\u0627\u0621\u0629 \u0627\u0644\u0645\u064f\u0642\u062f\u0651\u0631\" \/>\n\t<meta name=\"twitter:data1\" content=\"\u062f\u0642\u064a\u0642\u0629 \u0648\u0627\u062d\u062f\u0629\" \/>\n<script type=\"application\/ld+json\" class=\"yoast-schema-graph\">{\"@context\":\"https:\\\/\\\/schema.org\",\"@graph\":[{\"@type\":[\"WebPage\",\"ItemPage\"],\"@id\":\"https:\\\/\\\/vitablanca.ma\\\/produit\\\/la-uno-forever-blue-eau-de-parfum-fragrance-world-pour-homme-100ml\\\/\",\"url\":\"https:\\\/\\\/vitablanca.ma\\\/produit\\\/la-uno-forever-blue-eau-de-parfum-fragrance-world-pour-homme-100ml\\\/\",\"name\":\"LA UNO Forever Blue Eau De Parfum Fragrance World Pour Homme \u2013 100ml - Maroc Prix\",\"isPartOf\":{\"@id\":\"https:\\\/\\\/vitablanca.ma\\\/#website\"},\"primaryImageOfPage\":{\"@id\":\"https:\\\/\\\/vitablanca.ma\\\/produit\\\/la-uno-forever-blue-eau-de-parfum-fragrance-world-pour-homme-100ml\\\/#primaryimage\"},\"image\":{\"@id\":\"https:\\\/\\\/vitablanca.ma\\\/produit\\\/la-uno-forever-blue-eau-de-parfum-fragrance-world-pour-homme-100ml\\\/#primaryimage\"},\"thumbnailUrl\":\"https:\\\/\\\/vitablanca.ma\\\/wp-content\\\/uploads\\\/2026\\\/03\\\/LAUNOForeverBlue3.jpg\",\"datePublished\":\"2026-03-04T02:26:33+00:00\",\"dateModified\":\"2026-04-17T22:32:22+00:00\",\"description\":\"LA UNO Forever Blue Eau De Parfum Fragrance World Pour Homme \u2013 100ml\",\"breadcrumb\":{\"@id\":\"https:\\\/\\\/vitablanca.ma\\\/produit\\\/la-uno-forever-blue-eau-de-parfum-fragrance-world-pour-homme-100ml\\\/#breadcrumb\"},\"inLanguage\":\"ar\",\"potentialAction\":[{\"@type\":\"ReadAction\",\"target\":[\"https:\\\/\\\/vitablanca.ma\\\/produit\\\/la-uno-forever-blue-eau-de-parfum-fragrance-world-pour-homme-100ml\\\/\"]}]},{\"@type\":\"ImageObject\",\"inLanguage\":\"ar\",\"@id\":\"https:\\\/\\\/vitablanca.ma\\\/produit\\\/la-uno-forever-blue-eau-de-parfum-fragrance-world-pour-homme-100ml\\\/#primaryimage\",\"url\":\"https:\\\/\\\/vitablanca.ma\\\/wp-content\\\/uploads\\\/2026\\\/03\\\/LAUNOForeverBlue3.jpg\",\"contentUrl\":\"https:\\\/\\\/vitablanca.ma\\\/wp-content\\\/uploads\\\/2026\\\/03\\\/LAUNOForeverBlue3.jpg\",\"width\":1080,\"height\":1080},{\"@type\":\"BreadcrumbList\",\"@id\":\"https:\\\/\\\/vitablanca.ma\\\/produit\\\/la-uno-forever-blue-eau-de-parfum-fragrance-world-pour-homme-100ml\\\/#breadcrumb\",\"itemListElement\":[{\"@type\":\"ListItem\",\"position\":1,\"name\":\"Home\",\"item\":\"https:\\\/\\\/vitablanca.ma\\\/\"},{\"@type\":\"ListItem\",\"position\":2,\"name\":\"Tous Les Produits\",\"item\":\"https:\\\/\\\/vitablanca.ma\\\/tous-les-produits\\\/\"},{\"@type\":\"ListItem\",\"position\":3,\"name\":\"LA UNO Forever Blue Eau De Parfum Fragrance World Pour Homme \u2013 100ml\"}]},{\"@type\":\"WebSite\",\"@id\":\"https:\\\/\\\/vitablanca.ma\\\/#website\",\"url\":\"https:\\\/\\\/vitablanca.ma\\\/\",\"name\":\"VitaBlanca.ma | Compl\u00e9ments alimentaires, sant\u00e9 & beaut\u00e9 au Maroc\",\"description\":\"vendre vitamines et compl\u00e9ments premium des USA &amp; Canada, Nouvelle Z\u00e9lande,Maroc (NOW Foods, Solgar, Manuka). Livraison rapide partout au Maroc.\",\"publisher\":{\"@id\":\"https:\\\/\\\/vitablanca.ma\\\/#organization\"},\"alternateName\":\"VitaBlanca.ma\",\"potentialAction\":[{\"@type\":\"SearchAction\",\"target\":{\"@type\":\"EntryPoint\",\"urlTemplate\":\"https:\\\/\\\/vitablanca.ma\\\/?s={search_term_string}\"},\"query-input\":{\"@type\":\"PropertyValueSpecification\",\"valueRequired\":true,\"valueName\":\"search_term_string\"}}],\"inLanguage\":\"ar\"},{\"@type\":\"Organization\",\"@id\":\"https:\\\/\\\/vitablanca.ma\\\/#organization\",\"name\":\"VitaBlanca\",\"url\":\"https:\\\/\\\/vitablanca.ma\\\/\",\"logo\":{\"@type\":\"ImageObject\",\"inLanguage\":\"ar\",\"@id\":\"https:\\\/\\\/vitablanca.ma\\\/#\\\/schema\\\/logo\\\/image\\\/\",\"url\":\"https:\\\/\\\/vitablanca.ma\\\/wp-content\\\/uploads\\\/2025\\\/05\\\/cropped-vitablanca.png\",\"contentUrl\":\"https:\\\/\\\/vitablanca.ma\\\/wp-content\\\/uploads\\\/2025\\\/05\\\/cropped-vitablanca.png\",\"width\":360,\"height\":67,\"caption\":\"VitaBlanca\"},\"image\":{\"@id\":\"https:\\\/\\\/vitablanca.ma\\\/#\\\/schema\\\/logo\\\/image\\\/\"},\"sameAs\":[\"https:\\\/\\\/www.facebook.com\\\/profile.php?id=61576678196717\",\"https:\\\/\\\/www.tiktok.com\\\/@vitablanca.ma\",\"https:\\\/\\\/www.instagram.com\\\/vitablanca.ma\\\/\"]}]}<\/script>\n<!-- \/ Yoast SEO plugin. -->","yoast_head_json":{"title":"LA UNO Forever Blue Eau De Parfum Fragrance World Pour Homme \u2013 100ml - Maroc Prix","description":"LA UNO Forever Blue Eau De Parfum Fragrance World Pour Homme \u2013 100ml","robots":{"index":"index","follow":"follow","max-snippet":"max-snippet:-1","max-image-preview":"max-image-preview:large","max-video-preview":"max-video-preview:-1"},"canonical":"https:\/\/vitablanca.ma\/ar\/product-2\/la-uno-forever-blue-eau-de-parfum-fragrance-world-pour-homme-100ml\/","og_locale":"ar_AR","og_type":"article","og_title":"LA UNO Forever Blue Eau De Parfum Fragrance World Pour Homme \u2013 100ml - Maroc Prix","og_description":"LA UNO Forever Blue Eau De Parfum Fragrance World Pour Homme \u2013 100ml","og_url":"https:\/\/vitablanca.ma\/ar\/product-2\/la-uno-forever-blue-eau-de-parfum-fragrance-world-pour-homme-100ml\/","og_site_name":"Vitablanca.ma &ndash; Sant&eacute;, vitalit&eacute; et bien-&ecirc;tre pour tous les Marocains","article_publisher":"https:\/\/www.facebook.com\/profile.php?id=61576678196717","article_modified_time":"2026-04-17T22:32:22+00:00","og_image":[{"width":1080,"height":1080,"url":"https:\/\/vitablanca.ma\/wp-content\/uploads\/2026\/03\/LAUNOForeverBlue3.jpg","type":"image\/jpeg"}],"twitter_card":"summary_large_image","twitter_misc":{"\u0648\u0642\u062a \u0627\u0644\u0642\u0631\u0627\u0621\u0629 \u0627\u0644\u0645\u064f\u0642\u062f\u0651\u0631":"\u062f\u0642\u064a\u0642\u0629 \u0648\u0627\u062d\u062f\u0629"},"schema":{"@context":"https:\/\/schema.org","@graph":[{"@type":["WebPage","ItemPage"],"@id":"https:\/\/vitablanca.ma\/produit\/la-uno-forever-blue-eau-de-parfum-fragrance-world-pour-homme-100ml\/","url":"https:\/\/vitablanca.ma\/produit\/la-uno-forever-blue-eau-de-parfum-fragrance-world-pour-homme-100ml\/","name":"LA UNO Forever Blue Eau De Parfum Fragrance World Pour Homme \u2013 100ml - Maroc Prix","isPartOf":{"@id":"https:\/\/vitablanca.ma\/#website"},"primaryImageOfPage":{"@id":"https:\/\/vitablanca.ma\/produit\/la-uno-forever-blue-eau-de-parfum-fragrance-world-pour-homme-100ml\/#primaryimage"},"image":{"@id":"https:\/\/vitablanca.ma\/produit\/la-uno-forever-blue-eau-de-parfum-fragrance-world-pour-homme-100ml\/#primaryimage"},"thumbnailUrl":"https:\/\/vitablanca.ma\/wp-content\/uploads\/2026\/03\/LAUNOForeverBlue3.jpg","datePublished":"2026-03-04T02:26:33+00:00","dateModified":"2026-04-17T22:32:22+00:00","description":"LA UNO Forever Blue Eau De Parfum Fragrance World Pour Homme \u2013 100ml","breadcrumb":{"@id":"https:\/\/vitablanca.ma\/produit\/la-uno-forever-blue-eau-de-parfum-fragrance-world-pour-homme-100ml\/#breadcrumb"},"inLanguage":"ar","potentialAction":[{"@type":"ReadAction","target":["https:\/\/vitablanca.ma\/produit\/la-uno-forever-blue-eau-de-parfum-fragrance-world-pour-homme-100ml\/"]}]},{"@type":"ImageObject","inLanguage":"ar","@id":"https:\/\/vitablanca.ma\/produit\/la-uno-forever-blue-eau-de-parfum-fragrance-world-pour-homme-100ml\/#primaryimage","url":"https:\/\/vitablanca.ma\/wp-content\/uploads\/2026\/03\/LAUNOForeverBlue3.jpg","contentUrl":"https:\/\/vitablanca.ma\/wp-content\/uploads\/2026\/03\/LAUNOForeverBlue3.jpg","width":1080,"height":1080},{"@type":"BreadcrumbList","@id":"https:\/\/vitablanca.ma\/produit\/la-uno-forever-blue-eau-de-parfum-fragrance-world-pour-homme-100ml\/#breadcrumb","itemListElement":[{"@type":"ListItem","position":1,"name":"Home","item":"https:\/\/vitablanca.ma\/"},{"@type":"ListItem","position":2,"name":"Tous Les Produits","item":"https:\/\/vitablanca.ma\/tous-les-produits\/"},{"@type":"ListItem","position":3,"name":"LA UNO Forever Blue Eau De Parfum Fragrance World Pour Homme \u2013 100ml"}]},{"@type":"WebSite","@id":"https:\/\/vitablanca.ma\/#website","url":"https:\/\/vitablanca.ma\/","name":"VitaBlanca.ma | \u0627\u0644\u0645\u0643\u0645\u0644\u0627\u062a \u0627\u0644\u063a\u0630\u0627\u0626\u064a\u0629\u060c \u0627\u0644\u0635\u062d\u0629 \u0648\u0627\u0644\u062c\u0645\u0627\u0644 \u0641\u064a \u0627\u0644\u0645\u063a\u0631\u0628","description":"\u0646\u0628\u064a\u0639 \u0641\u064a\u062a\u0627\u0645\u064a\u0646\u0627\u062a \u0648\u0645\u0643\u0645\u0644\u0627\u062a \u063a\u0630\u0627\u0626\u064a\u0629 \u0641\u0627\u062e\u0631\u0629 \u0645\u0646 \u0627\u0644\u0648\u0644\u0627\u064a\u0627\u062a \u0627\u0644\u0645\u062a\u062d\u062f\u0629 \u0627\u0644\u0623\u0645\u0631\u064a\u0643\u064a\u0629 \u0648\u0643\u0646\u062f\u0627 \u0648\u0646\u064a\u0648\u0632\u064a\u0644\u0646\u062f\u0627 \u0648\u0627\u0644\u0645\u063a\u0631\u0628 (\u0646\u0627\u0648 \u0641\u0648\u062f\u0632\u060c \u0633\u0648\u0644\u062c\u0627\u0631\u060c \u0645\u0627\u0646\u0648\u0643\u0627). \u062a\u0648\u0635\u064a\u0644 \u0633\u0631\u064a\u0639 \u0625\u0644\u0649 \u062c\u0645\u064a\u0639 \u0623\u0646\u062d\u0627\u0621 \u0627\u0644\u0645\u063a\u0631\u0628.","publisher":{"@id":"https:\/\/vitablanca.ma\/#organization"},"alternateName":"VitaBlanca.ma","potentialAction":[{"@type":"SearchAction","target":{"@type":"EntryPoint","urlTemplate":"https:\/\/vitablanca.ma\/?s={search_term_string}"},"query-input":{"@type":"PropertyValueSpecification","valueRequired":true,"valueName":"search_term_string"}}],"inLanguage":"ar"},{"@type":"Organization","@id":"https:\/\/vitablanca.ma\/#organization","name":"\u0641\u064a\u062a\u0627\u0628\u0644\u0627\u0646\u0643\u0627","url":"https:\/\/vitablanca.ma\/","logo":{"@type":"ImageObject","inLanguage":"ar","@id":"https:\/\/vitablanca.ma\/#\/schema\/logo\/image\/","url":"https:\/\/vitablanca.ma\/wp-content\/uploads\/2025\/05\/cropped-vitablanca.png","contentUrl":"https:\/\/vitablanca.ma\/wp-content\/uploads\/2025\/05\/cropped-vitablanca.png","width":360,"height":67,"caption":"VitaBlanca"},"image":{"@id":"https:\/\/vitablanca.ma\/#\/schema\/logo\/image\/"},"sameAs":["https:\/\/www.facebook.com\/profile.php?id=61576678196717","https:\/\/www.tiktok.com\/@vitablanca.ma","https:\/\/www.instagram.com\/vitablanca.ma\/"]}]}},"jetpack_sharing_enabled":true,"_links":{"self":[{"href":"https:\/\/vitablanca.ma\/ar\/wp-json\/wp\/v2\/product\/32544","targetHints":{"allow":["GET"]}}],"collection":[{"href":"https:\/\/vitablanca.ma\/ar\/wp-json\/wp\/v2\/product"}],"about":[{"href":"https:\/\/vitablanca.ma\/ar\/wp-json\/wp\/v2\/types\/product"}],"wp:featuredmedia":[{"embeddable":true,"href":"https:\/\/vitablanca.ma\/ar\/wp-json\/wp\/v2\/media\/32536"}],"wp:attachment":[{"href":"https:\/\/vitablanca.ma\/ar\/wp-json\/wp\/v2\/media?parent=32544"}],"wp:term":[{"taxonomy":"product_brand","embeddable":true,"href":"https:\/\/vitablanca.ma\/ar\/wp-json\/wp\/v2\/product_brand?post=32544"},{"taxonomy":"product_cat","embeddable":true,"href":"https:\/\/vitablanca.ma\/ar\/wp-json\/wp\/v2\/product_cat?post=32544"},{"taxonomy":"product_tag","embeddable":true,"href":"https:\/\/vitablanca.ma\/ar\/wp-json\/wp\/v2\/product_tag?post=32544"}],"curies":[{"name":"wp","href":"https:\/\/api.w.org\/{rel}","templated":true}]}}