{"id":32480,"date":"2026-03-04T02:24:43","date_gmt":"2026-03-04T02:24:43","guid":{"rendered":"https:\/\/vitablanca.ma\/produit\/venus-de-milo-eau-de-parfum-french-avenue-pour-femme-100-ml\/"},"modified":"2026-04-17T22:32:45","modified_gmt":"2026-04-17T22:32:45","slug":"venus-de-milo-eau-de-parfum-french-avenue-pour-femme-100-ml","status":"publish","type":"product","link":"https:\/\/vitablanca.ma\/ar\/product-2\/venus-de-milo-eau-de-parfum-french-avenue-pour-femme-100-ml\/","title":{"rendered":"VENUS DE MILO Eau de Parfum FRENCH AVENUE Pour Femme &#8211; 100 ml"},"content":{"rendered":"<p class=\"MsoNormal\">Jeu enivrant de douceur et de tendresse, <b>Venus de Milo<\/b> \u0644 <b>French Avenue <\/b>est un parfum qui s\u00e9duit d\u00e8s la premi\u00e8re touche. <span style=\"font-size: 6.0pt;line-height: 107%\"><\/span><\/p>\n<p class=\"MsoNormal\">Les notes de t\u00eate r\u00e9v\u00e8lent un m\u00e9lange d\u2019oranges douces m\u00fcries au soleil, de nectar de poire et de caramel comme la premi\u00e8re bouch\u00e9e d\u2019un dessert qui \u00e9veille les sens et promet du plaisir. <span style=\"font-size: 6.0pt;line-height: 107%\"><\/span><\/p>\n<p class=\"MsoNormal\">En co\u0153ur, l\u2019arome s\u2019enrichit d\u2019accords lact\u00e9s soyeux, de d\u00e9licates fleurs blanches, de lys et de jasmin blanc sensuel, cr\u00e9ant une touche de tendresse luxueuse et feminine. <span style=\"font-size: 6.0pt;line-height: 107%\"><\/span><\/p>\n<p class=\"MsoNormal\">Le fond est complete par une touche chaude et sucr\u00e9e de vanille de Madagascar, qui se m\u0113le \u00e0 l\u2019\u00e9l\u00e9gance de l\u2019ambroxan, \u00e0 la douceur r\u00e9sineuse du benjoin et \u00e0 la sensualit\u00e9 du musc, cr\u00e9ant un sillage profond et persistant, captivant et hypnolisant. <span style=\"font-size: 6.0pt;line-height: 107%\"><\/span><\/p>\n<p class=\"MsoNormal\">Ce parfum parle sans mots doux, chaleureux, s\u00e9duisant et incroyablement feminin.<\/p>\n<p class=\"MsoNormal\"><b>Notes olfactives :<\/b><\/p>\n<ul>\n<li class=\"MsoNormal\">\n<b>\u0627\u0644\u0645\u0643\u0648\u0646\u0627\u062a \u0627\u0644\u0639\u0644\u064a\u0627:<\/b> orange douce, nectar de poire, caramel.<\/li>\n<li class=\"MsoNormal\">\n<b>\u0645\u0644\u0627\u062d\u0638\u0627\u062a \u0627\u0644\u0642\u0644\u0628:<\/b> fleurs blanches, accords lact\u00e9s, lys, jasmin blanc.<\/li>\n<li class=\"MsoNormal\">\n<b>\u0627\u0644\u0645\u0643\u0648\u0646\u0627\u062a \u0627\u0644\u0623\u0633\u0627\u0633\u064a\u0629:<\/b> Vanille de Madagascar, ambroxan, benjoin, musc.<\/li>\n<\/ul>","protected":false},"excerpt":{"rendered":"<p>Jeu enivrant de douceur et de tendresse, Venus de Milo de French Avenue est un parfum qui s\u00e9duit d\u00e8s la premi\u00e8re touche. Les notes de t\u00eate r\u00e9v\u00e8lent un m\u00e9lange d\u2019oranges douces m\u00fcries au soleil, de nectar de poire et de caramel comme la premi\u00e8re bouch\u00e9e d\u2019un dessert qui \u00e9veille les sens et promet du plaisir. [&hellip;]<\/p>\n","protected":false},"featured_media":32475,"template":"","meta":{"om_disable_all_campaigns":false},"product_brand":[],"product_cat":[18,15,1091],"product_tag":[],"class_list":{"0":"post-32480","1":"product","2":"type-product","3":"status-publish","4":"has-post-thumbnail","6":"product_cat-beaute-sante","7":"product_cat-beaute-sante-complements-alimentaires-soins-et-bien-etre-au-meilleur-prix","8":"product_cat-beaute-parfums-maroc-prix","10":"first","11":"instock","12":"taxable","13":"shipping-taxable","14":"purchasable","15":"product-type-simple"},"yoast_head":"<!-- This site is optimized with the Yoast SEO plugin v27.5 - https:\/\/yoast.com\/product\/yoast-seo-wordpress\/ -->\n<title>VENUS DE MILO Eau de Parfum FRENCH AVENUE Pour Femme - 100 ml - Maroc Prix<\/title>\n<meta name=\"description\" content=\"VENUS DE MILO Eau de Parfum FRENCH AVENUE Pour Femme - 100 ml\" \/>\n<meta name=\"robots\" content=\"index, follow, max-snippet:-1, max-image-preview:large, max-video-preview:-1\" \/>\n<link rel=\"canonical\" href=\"https:\/\/vitablanca.ma\/ar\/product-2\/venus-de-milo-eau-de-parfum-french-avenue-pour-femme-100-ml\/\" \/>\n<meta property=\"og:locale\" content=\"ar_AR\" \/>\n<meta property=\"og:type\" content=\"article\" \/>\n<meta property=\"og:title\" content=\"VENUS DE MILO Eau de Parfum FRENCH AVENUE Pour Femme - 100 ml - Maroc Prix\" \/>\n<meta property=\"og:description\" content=\"VENUS DE MILO Eau de Parfum FRENCH AVENUE Pour Femme - 100 ml\" \/>\n<meta property=\"og:url\" content=\"https:\/\/vitablanca.ma\/ar\/product-2\/venus-de-milo-eau-de-parfum-french-avenue-pour-femme-100-ml\/\" \/>\n<meta property=\"og:site_name\" content=\"Vitablanca.ma &ndash; Sant&eacute;, vitalit&eacute; et bien-&ecirc;tre pour tous les Marocains\" \/>\n<meta property=\"article:publisher\" content=\"https:\/\/www.facebook.com\/profile.php?id=61576678196717\" \/>\n<meta property=\"article:modified_time\" content=\"2026-04-17T22:32:45+00:00\" \/>\n<meta property=\"og:image\" content=\"https:\/\/vitablanca.ma\/wp-content\/uploads\/2026\/03\/VENUSDEMILOEaudeParfumFRENCHAVENUEPourFemme-100ml5.jpg\" \/>\n\t<meta property=\"og:image:width\" content=\"1080\" \/>\n\t<meta property=\"og:image:height\" content=\"1080\" \/>\n\t<meta property=\"og:image:type\" content=\"image\/jpeg\" \/>\n<meta name=\"twitter:card\" content=\"summary_large_image\" \/>\n<meta name=\"twitter:label1\" content=\"\u0648\u0642\u062a \u0627\u0644\u0642\u0631\u0627\u0621\u0629 \u0627\u0644\u0645\u064f\u0642\u062f\u0651\u0631\" \/>\n\t<meta name=\"twitter:data1\" content=\"\u062f\u0642\u064a\u0642\u0629 \u0648\u0627\u062d\u062f\u0629\" \/>\n<script type=\"application\/ld+json\" class=\"yoast-schema-graph\">{\"@context\":\"https:\\\/\\\/schema.org\",\"@graph\":[{\"@type\":[\"WebPage\",\"ItemPage\"],\"@id\":\"https:\\\/\\\/vitablanca.ma\\\/produit\\\/venus-de-milo-eau-de-parfum-french-avenue-pour-femme-100-ml\\\/\",\"url\":\"https:\\\/\\\/vitablanca.ma\\\/produit\\\/venus-de-milo-eau-de-parfum-french-avenue-pour-femme-100-ml\\\/\",\"name\":\"VENUS DE MILO Eau de Parfum FRENCH AVENUE Pour Femme - 100 ml - Maroc Prix\",\"isPartOf\":{\"@id\":\"https:\\\/\\\/vitablanca.ma\\\/#website\"},\"primaryImageOfPage\":{\"@id\":\"https:\\\/\\\/vitablanca.ma\\\/produit\\\/venus-de-milo-eau-de-parfum-french-avenue-pour-femme-100-ml\\\/#primaryimage\"},\"image\":{\"@id\":\"https:\\\/\\\/vitablanca.ma\\\/produit\\\/venus-de-milo-eau-de-parfum-french-avenue-pour-femme-100-ml\\\/#primaryimage\"},\"thumbnailUrl\":\"https:\\\/\\\/vitablanca.ma\\\/wp-content\\\/uploads\\\/2026\\\/03\\\/VENUSDEMILOEaudeParfumFRENCHAVENUEPourFemme-100ml5.jpg\",\"datePublished\":\"2026-03-04T02:24:43+00:00\",\"dateModified\":\"2026-04-17T22:32:45+00:00\",\"description\":\"VENUS DE MILO Eau de Parfum FRENCH AVENUE Pour Femme - 100 ml\",\"breadcrumb\":{\"@id\":\"https:\\\/\\\/vitablanca.ma\\\/produit\\\/venus-de-milo-eau-de-parfum-french-avenue-pour-femme-100-ml\\\/#breadcrumb\"},\"inLanguage\":\"ar\",\"potentialAction\":[{\"@type\":\"ReadAction\",\"target\":[\"https:\\\/\\\/vitablanca.ma\\\/produit\\\/venus-de-milo-eau-de-parfum-french-avenue-pour-femme-100-ml\\\/\"]}]},{\"@type\":\"ImageObject\",\"inLanguage\":\"ar\",\"@id\":\"https:\\\/\\\/vitablanca.ma\\\/produit\\\/venus-de-milo-eau-de-parfum-french-avenue-pour-femme-100-ml\\\/#primaryimage\",\"url\":\"https:\\\/\\\/vitablanca.ma\\\/wp-content\\\/uploads\\\/2026\\\/03\\\/VENUSDEMILOEaudeParfumFRENCHAVENUEPourFemme-100ml5.jpg\",\"contentUrl\":\"https:\\\/\\\/vitablanca.ma\\\/wp-content\\\/uploads\\\/2026\\\/03\\\/VENUSDEMILOEaudeParfumFRENCHAVENUEPourFemme-100ml5.jpg\",\"width\":1080,\"height\":1080},{\"@type\":\"BreadcrumbList\",\"@id\":\"https:\\\/\\\/vitablanca.ma\\\/produit\\\/venus-de-milo-eau-de-parfum-french-avenue-pour-femme-100-ml\\\/#breadcrumb\",\"itemListElement\":[{\"@type\":\"ListItem\",\"position\":1,\"name\":\"Home\",\"item\":\"https:\\\/\\\/vitablanca.ma\\\/\"},{\"@type\":\"ListItem\",\"position\":2,\"name\":\"Tous Les Produits\",\"item\":\"https:\\\/\\\/vitablanca.ma\\\/tous-les-produits\\\/\"},{\"@type\":\"ListItem\",\"position\":3,\"name\":\"VENUS DE MILO Eau de Parfum FRENCH AVENUE Pour Femme &#8211; 100 ml\"}]},{\"@type\":\"WebSite\",\"@id\":\"https:\\\/\\\/vitablanca.ma\\\/#website\",\"url\":\"https:\\\/\\\/vitablanca.ma\\\/\",\"name\":\"VitaBlanca.ma | Compl\u00e9ments alimentaires, sant\u00e9 & beaut\u00e9 au Maroc\",\"description\":\"vendre vitamines et compl\u00e9ments premium des USA &amp; Canada, Nouvelle Z\u00e9lande,Maroc (NOW Foods, Solgar, Manuka). Livraison rapide partout au Maroc.\",\"publisher\":{\"@id\":\"https:\\\/\\\/vitablanca.ma\\\/#organization\"},\"alternateName\":\"VitaBlanca.ma\",\"potentialAction\":[{\"@type\":\"SearchAction\",\"target\":{\"@type\":\"EntryPoint\",\"urlTemplate\":\"https:\\\/\\\/vitablanca.ma\\\/?s={search_term_string}\"},\"query-input\":{\"@type\":\"PropertyValueSpecification\",\"valueRequired\":true,\"valueName\":\"search_term_string\"}}],\"inLanguage\":\"ar\"},{\"@type\":\"Organization\",\"@id\":\"https:\\\/\\\/vitablanca.ma\\\/#organization\",\"name\":\"VitaBlanca\",\"url\":\"https:\\\/\\\/vitablanca.ma\\\/\",\"logo\":{\"@type\":\"ImageObject\",\"inLanguage\":\"ar\",\"@id\":\"https:\\\/\\\/vitablanca.ma\\\/#\\\/schema\\\/logo\\\/image\\\/\",\"url\":\"https:\\\/\\\/vitablanca.ma\\\/wp-content\\\/uploads\\\/2025\\\/05\\\/cropped-vitablanca.png\",\"contentUrl\":\"https:\\\/\\\/vitablanca.ma\\\/wp-content\\\/uploads\\\/2025\\\/05\\\/cropped-vitablanca.png\",\"width\":360,\"height\":67,\"caption\":\"VitaBlanca\"},\"image\":{\"@id\":\"https:\\\/\\\/vitablanca.ma\\\/#\\\/schema\\\/logo\\\/image\\\/\"},\"sameAs\":[\"https:\\\/\\\/www.facebook.com\\\/profile.php?id=61576678196717\",\"https:\\\/\\\/www.tiktok.com\\\/@vitablanca.ma\",\"https:\\\/\\\/www.instagram.com\\\/vitablanca.ma\\\/\"]}]}<\/script>\n<!-- \/ Yoast SEO plugin. -->","yoast_head_json":{"title":"VENUS DE MILO Eau de Parfum FRENCH AVENUE Pour Femme - 100 ml - Maroc Prix","description":"VENUS DE MILO Eau de Parfum FRENCH AVENUE Pour Femme - 100 ml","robots":{"index":"index","follow":"follow","max-snippet":"max-snippet:-1","max-image-preview":"max-image-preview:large","max-video-preview":"max-video-preview:-1"},"canonical":"https:\/\/vitablanca.ma\/ar\/product-2\/venus-de-milo-eau-de-parfum-french-avenue-pour-femme-100-ml\/","og_locale":"ar_AR","og_type":"article","og_title":"VENUS DE MILO Eau de Parfum FRENCH AVENUE Pour Femme - 100 ml - Maroc Prix","og_description":"VENUS DE MILO Eau de Parfum FRENCH AVENUE Pour Femme - 100 ml","og_url":"https:\/\/vitablanca.ma\/ar\/product-2\/venus-de-milo-eau-de-parfum-french-avenue-pour-femme-100-ml\/","og_site_name":"Vitablanca.ma &ndash; Sant&eacute;, vitalit&eacute; et bien-&ecirc;tre pour tous les Marocains","article_publisher":"https:\/\/www.facebook.com\/profile.php?id=61576678196717","article_modified_time":"2026-04-17T22:32:45+00:00","og_image":[{"width":1080,"height":1080,"url":"https:\/\/vitablanca.ma\/wp-content\/uploads\/2026\/03\/VENUSDEMILOEaudeParfumFRENCHAVENUEPourFemme-100ml5.jpg","type":"image\/jpeg"}],"twitter_card":"summary_large_image","twitter_misc":{"\u0648\u0642\u062a \u0627\u0644\u0642\u0631\u0627\u0621\u0629 \u0627\u0644\u0645\u064f\u0642\u062f\u0651\u0631":"\u062f\u0642\u064a\u0642\u0629 \u0648\u0627\u062d\u062f\u0629"},"schema":{"@context":"https:\/\/schema.org","@graph":[{"@type":["WebPage","ItemPage"],"@id":"https:\/\/vitablanca.ma\/produit\/venus-de-milo-eau-de-parfum-french-avenue-pour-femme-100-ml\/","url":"https:\/\/vitablanca.ma\/produit\/venus-de-milo-eau-de-parfum-french-avenue-pour-femme-100-ml\/","name":"VENUS DE MILO Eau de Parfum FRENCH AVENUE Pour Femme - 100 ml - Maroc Prix","isPartOf":{"@id":"https:\/\/vitablanca.ma\/#website"},"primaryImageOfPage":{"@id":"https:\/\/vitablanca.ma\/produit\/venus-de-milo-eau-de-parfum-french-avenue-pour-femme-100-ml\/#primaryimage"},"image":{"@id":"https:\/\/vitablanca.ma\/produit\/venus-de-milo-eau-de-parfum-french-avenue-pour-femme-100-ml\/#primaryimage"},"thumbnailUrl":"https:\/\/vitablanca.ma\/wp-content\/uploads\/2026\/03\/VENUSDEMILOEaudeParfumFRENCHAVENUEPourFemme-100ml5.jpg","datePublished":"2026-03-04T02:24:43+00:00","dateModified":"2026-04-17T22:32:45+00:00","description":"VENUS DE MILO Eau de Parfum FRENCH AVENUE Pour Femme - 100 ml","breadcrumb":{"@id":"https:\/\/vitablanca.ma\/produit\/venus-de-milo-eau-de-parfum-french-avenue-pour-femme-100-ml\/#breadcrumb"},"inLanguage":"ar","potentialAction":[{"@type":"ReadAction","target":["https:\/\/vitablanca.ma\/produit\/venus-de-milo-eau-de-parfum-french-avenue-pour-femme-100-ml\/"]}]},{"@type":"ImageObject","inLanguage":"ar","@id":"https:\/\/vitablanca.ma\/produit\/venus-de-milo-eau-de-parfum-french-avenue-pour-femme-100-ml\/#primaryimage","url":"https:\/\/vitablanca.ma\/wp-content\/uploads\/2026\/03\/VENUSDEMILOEaudeParfumFRENCHAVENUEPourFemme-100ml5.jpg","contentUrl":"https:\/\/vitablanca.ma\/wp-content\/uploads\/2026\/03\/VENUSDEMILOEaudeParfumFRENCHAVENUEPourFemme-100ml5.jpg","width":1080,"height":1080},{"@type":"BreadcrumbList","@id":"https:\/\/vitablanca.ma\/produit\/venus-de-milo-eau-de-parfum-french-avenue-pour-femme-100-ml\/#breadcrumb","itemListElement":[{"@type":"ListItem","position":1,"name":"Home","item":"https:\/\/vitablanca.ma\/"},{"@type":"ListItem","position":2,"name":"Tous Les Produits","item":"https:\/\/vitablanca.ma\/tous-les-produits\/"},{"@type":"ListItem","position":3,"name":"VENUS DE MILO Eau de Parfum FRENCH AVENUE Pour Femme &#8211; 100 ml"}]},{"@type":"WebSite","@id":"https:\/\/vitablanca.ma\/#website","url":"https:\/\/vitablanca.ma\/","name":"VitaBlanca.ma | \u0627\u0644\u0645\u0643\u0645\u0644\u0627\u062a \u0627\u0644\u063a\u0630\u0627\u0626\u064a\u0629\u060c \u0627\u0644\u0635\u062d\u0629 \u0648\u0627\u0644\u062c\u0645\u0627\u0644 \u0641\u064a \u0627\u0644\u0645\u063a\u0631\u0628","description":"\u0646\u0628\u064a\u0639 \u0641\u064a\u062a\u0627\u0645\u064a\u0646\u0627\u062a \u0648\u0645\u0643\u0645\u0644\u0627\u062a \u063a\u0630\u0627\u0626\u064a\u0629 \u0641\u0627\u062e\u0631\u0629 \u0645\u0646 \u0627\u0644\u0648\u0644\u0627\u064a\u0627\u062a \u0627\u0644\u0645\u062a\u062d\u062f\u0629 \u0627\u0644\u0623\u0645\u0631\u064a\u0643\u064a\u0629 \u0648\u0643\u0646\u062f\u0627 \u0648\u0646\u064a\u0648\u0632\u064a\u0644\u0646\u062f\u0627 \u0648\u0627\u0644\u0645\u063a\u0631\u0628 (\u0646\u0627\u0648 \u0641\u0648\u062f\u0632\u060c \u0633\u0648\u0644\u062c\u0627\u0631\u060c \u0645\u0627\u0646\u0648\u0643\u0627). \u062a\u0648\u0635\u064a\u0644 \u0633\u0631\u064a\u0639 \u0625\u0644\u0649 \u062c\u0645\u064a\u0639 \u0623\u0646\u062d\u0627\u0621 \u0627\u0644\u0645\u063a\u0631\u0628.","publisher":{"@id":"https:\/\/vitablanca.ma\/#organization"},"alternateName":"VitaBlanca.ma","potentialAction":[{"@type":"SearchAction","target":{"@type":"EntryPoint","urlTemplate":"https:\/\/vitablanca.ma\/?s={search_term_string}"},"query-input":{"@type":"PropertyValueSpecification","valueRequired":true,"valueName":"search_term_string"}}],"inLanguage":"ar"},{"@type":"Organization","@id":"https:\/\/vitablanca.ma\/#organization","name":"\u0641\u064a\u062a\u0627\u0628\u0644\u0627\u0646\u0643\u0627","url":"https:\/\/vitablanca.ma\/","logo":{"@type":"ImageObject","inLanguage":"ar","@id":"https:\/\/vitablanca.ma\/#\/schema\/logo\/image\/","url":"https:\/\/vitablanca.ma\/wp-content\/uploads\/2025\/05\/cropped-vitablanca.png","contentUrl":"https:\/\/vitablanca.ma\/wp-content\/uploads\/2025\/05\/cropped-vitablanca.png","width":360,"height":67,"caption":"VitaBlanca"},"image":{"@id":"https:\/\/vitablanca.ma\/#\/schema\/logo\/image\/"},"sameAs":["https:\/\/www.facebook.com\/profile.php?id=61576678196717","https:\/\/www.tiktok.com\/@vitablanca.ma","https:\/\/www.instagram.com\/vitablanca.ma\/"]}]}},"jetpack_sharing_enabled":true,"_links":{"self":[{"href":"https:\/\/vitablanca.ma\/ar\/wp-json\/wp\/v2\/product\/32480","targetHints":{"allow":["GET"]}}],"collection":[{"href":"https:\/\/vitablanca.ma\/ar\/wp-json\/wp\/v2\/product"}],"about":[{"href":"https:\/\/vitablanca.ma\/ar\/wp-json\/wp\/v2\/types\/product"}],"wp:featuredmedia":[{"embeddable":true,"href":"https:\/\/vitablanca.ma\/ar\/wp-json\/wp\/v2\/media\/32475"}],"wp:attachment":[{"href":"https:\/\/vitablanca.ma\/ar\/wp-json\/wp\/v2\/media?parent=32480"}],"wp:term":[{"taxonomy":"product_brand","embeddable":true,"href":"https:\/\/vitablanca.ma\/ar\/wp-json\/wp\/v2\/product_brand?post=32480"},{"taxonomy":"product_cat","embeddable":true,"href":"https:\/\/vitablanca.ma\/ar\/wp-json\/wp\/v2\/product_cat?post=32480"},{"taxonomy":"product_tag","embeddable":true,"href":"https:\/\/vitablanca.ma\/ar\/wp-json\/wp\/v2\/product_tag?post=32480"}],"curies":[{"name":"wp","href":"https:\/\/api.w.org\/{rel}","templated":true}]}}