{"id":32430,"date":"2026-03-04T02:23:17","date_gmt":"2026-03-04T02:23:17","guid":{"rendered":"https:\/\/vitablanca.ma\/produit\/chic-oriental-collection-privee-paris-geparlys-100-ml\/"},"modified":"2026-03-19T12:55:05","modified_gmt":"2026-03-19T12:55:05","slug":"chic-oriental-collection-privee-paris-geparlys-100-ml","status":"publish","type":"product","link":"https:\/\/vitablanca.ma\/ar\/product-2\/chic-oriental-collection-privee-paris-geparlys-100-ml\/","title":{"rendered":"CHIC ORIENTAL &#8211; Collection Priv\u00e9e Paris &#8211; Geparlys 100 ML"},"content":{"rendered":"<p class=\"MsoNormal\"><b><span style=\"font-family: 'Arial','sans-serif'\">Chic Oriental de Geparlys.<\/span><\/b><\/p>\n<p class=\"MsoNormal\"><span style=\"font-family: 'Arial','sans-serif'\">Sublimez votre style avec <b>Chic Oriental<\/b>, une Eau de Parfum sophistiqu\u00e9e pour homme, pr\u00e9sent\u00e9e dans un g\u00e9n\u00e9reux flacon de 100 ml. Ce parfum captivant allie \u00e9l\u00e9gance et sensualit\u00e9 avec une touche orientale.<\/span><\/p>\n<p class=\"MsoNormal\"><b><span style=\"font-family: 'Arial','sans-serif'\">\u0627\u0644\u0645\u0643\u0648\u0646\u0627\u062a \u0627\u0644\u0639\u0644\u064a\u0627:<\/span><\/b><span style=\"font-family: 'Arial','sans-serif'\"> Le voyage commence par une bouff\u00e9e rafra\u00eechissante de bergamote, rehauss\u00e9e par la douceur d\u00e9licate de la rose et la fra\u00eecheur croquante de la pomme<\/span><\/p>\n<p class=\"MsoNormal\"><b><span style=\"font-family: 'Arial','sans-serif'\">\u0645\u0644\u0627\u062d\u0638\u0627\u062a \u0627\u0644\u0642\u0644\u0628:<\/span><\/b><span style=\"font-family: 'Arial','sans-serif'\"> En son c\u0153ur, une combinaison gourmande de pralin\u00e9, de bois de c\u00e8dre et de prune juteuse cr\u00e9e un caract\u00e8re chaleureux et raffin\u00e9.<\/span><\/p>\n<p class=\"MsoNormal\"><b><span style=\"font-family: 'Arial','sans-serif'\">\u0627\u0644\u0645\u0643\u0648\u0646\u0627\u062a \u0627\u0644\u0623\u0633\u0627\u0633\u064a\u0629:<\/span><\/b><span style=\"font-family: 'Arial','sans-serif'\"> Le parfum s&rsquo;intensifie avec la richesse de l&rsquo;ambre, la douceur cr\u00e9meuse de la vanille et l&rsquo;\u00e9treinte sensuelle du musc, laissant une empreinte inoubliable<\/span><\/p>\n<p class=\"MsoNormal\"><span style=\"font-family: 'Arial','sans-serif'\">Parfait pour l&rsquo;homme moderne qui incarne le charme, la confiance et le raffinement. Que ce soit pour le quotidien ou les occasions sp\u00e9ciales, <b>Chic Oriental<\/b> est une d\u00e9claration d&rsquo;\u00e9l\u00e9gance intemporelle.<\/span><\/p>\n<p class=\"MsoNormal\"><strong><span style=\"font-family: 'Arial','sans-serif'\">Notes olfactives :<\/span><\/strong><span style=\"font-family: 'Arial','sans-serif'\"><\/span><\/p>\n<ul>\n<li class=\"MsoNormal\">\n<b><span style=\"font-family: 'Arial','sans-serif'\">\u0627\u0644\u0645\u0643\u0648\u0646\u0627\u062a \u0627\u0644\u0639\u0644\u064a\u0627:<\/span><\/b><span style=\"font-family: 'Arial','sans-serif'\"> Bergamote, Rose, Pomme<\/span>\n<\/li>\n<li class=\"MsoNormal\">\n<b><span style=\"font-family: 'Arial','sans-serif'\">\u0645\u0644\u0627\u062d\u0638\u0627\u062a \u0627\u0644\u0642\u0644\u0628:<\/span><\/b><span style=\"font-family: 'Arial','sans-serif'\"> Pralin\u00e9, Bois de C\u00e8dre, Prune<\/span>\n<\/li>\n<li class=\"MsoNormal\">\n<b><span style=\"font-family: 'Arial','sans-serif'\">\u0627\u0644\u0645\u0643\u0648\u0646\u0627\u062a \u0627\u0644\u0623\u0633\u0627\u0633\u064a\u0629:<\/span><\/b><span style=\"font-family: 'Arial','sans-serif'\"> Ambre, Vanille, Musc<\/span>\n<\/li>\n<\/ul>","protected":false},"excerpt":{"rendered":"<p>Chic Oriental de Geparlys. Sublimez votre style avec Chic Oriental, une Eau de Parfum sophistiqu\u00e9e pour homme, pr\u00e9sent\u00e9e dans un g\u00e9n\u00e9reux flacon de 100 ml. Ce parfum captivant allie \u00e9l\u00e9gance et sensualit\u00e9 avec une touche orientale. Notes de t\u00eate : Le voyage commence par une bouff\u00e9e rafra\u00eechissante de bergamote, rehauss\u00e9e par la douceur d\u00e9licate de [&hellip;]<\/p>\n","protected":false},"featured_media":32426,"template":"","meta":{"om_disable_all_campaigns":false},"product_brand":[],"product_cat":[18,15,1091],"product_tag":[],"class_list":{"0":"post-32430","1":"product","2":"type-product","3":"status-publish","4":"has-post-thumbnail","6":"product_cat-beaute-sante","7":"product_cat-beaute-sante-complements-alimentaires-soins-et-bien-etre-au-meilleur-prix","8":"product_cat-beaute-parfums-maroc-prix","10":"first","11":"outofstock","12":"taxable","13":"shipping-taxable","14":"purchasable","15":"product-type-simple"},"yoast_head":"<!-- This site is optimized with the Yoast SEO plugin v27.3 - https:\/\/yoast.com\/product\/yoast-seo-wordpress\/ -->\n<title>CHIC ORIENTAL - Collection Priv\u00e9e Paris - Geparlys 100 ML - Maroc Prix<\/title>\n<meta name=\"description\" content=\"CHIC ORIENTAL - Collection Priv\u00e9e Paris - Geparlys 100 ML\" \/>\n<meta name=\"robots\" content=\"index, follow, max-snippet:-1, max-image-preview:large, max-video-preview:-1\" \/>\n<link rel=\"canonical\" href=\"https:\/\/vitablanca.ma\/ar\/product-2\/chic-oriental-collection-privee-paris-geparlys-100-ml\/\" \/>\n<meta property=\"og:locale\" content=\"ar_AR\" \/>\n<meta property=\"og:type\" content=\"article\" \/>\n<meta property=\"og:title\" content=\"CHIC ORIENTAL - Collection Priv\u00e9e Paris - Geparlys 100 ML - Maroc Prix\" \/>\n<meta property=\"og:description\" content=\"CHIC ORIENTAL - Collection Priv\u00e9e Paris - Geparlys 100 ML\" \/>\n<meta property=\"og:url\" content=\"https:\/\/vitablanca.ma\/ar\/product-2\/chic-oriental-collection-privee-paris-geparlys-100-ml\/\" \/>\n<meta property=\"og:site_name\" content=\"Vitablanca.ma &ndash; Sant&eacute;, vitalit&eacute; et bien-&ecirc;tre pour tous les Marocains\" \/>\n<meta property=\"article:publisher\" content=\"https:\/\/www.facebook.com\/profile.php?id=61576678196717\" \/>\n<meta property=\"article:modified_time\" content=\"2026-03-19T12:55:05+00:00\" \/>\n<meta property=\"og:image\" content=\"https:\/\/vitablanca.ma\/wp-content\/uploads\/2026\/03\/CHICORIENTAL-CollectionPriveeParis-Geparlys100ML3.jpg\" \/>\n\t<meta property=\"og:image:width\" content=\"1080\" \/>\n\t<meta property=\"og:image:height\" content=\"1080\" \/>\n\t<meta property=\"og:image:type\" content=\"image\/jpeg\" \/>\n<meta name=\"twitter:card\" content=\"summary_large_image\" \/>\n<meta name=\"twitter:label1\" content=\"\u0648\u0642\u062a \u0627\u0644\u0642\u0631\u0627\u0621\u0629 \u0627\u0644\u0645\u064f\u0642\u062f\u0651\u0631\" \/>\n\t<meta name=\"twitter:data1\" content=\"\u062f\u0642\u064a\u0642\u0629 \u0648\u0627\u062d\u062f\u0629\" \/>\n<script type=\"application\/ld+json\" class=\"yoast-schema-graph\">{\"@context\":\"https:\\\/\\\/schema.org\",\"@graph\":[{\"@type\":[\"WebPage\",\"ItemPage\"],\"@id\":\"https:\\\/\\\/vitablanca.ma\\\/produit\\\/chic-oriental-collection-privee-paris-geparlys-100-ml\\\/\",\"url\":\"https:\\\/\\\/vitablanca.ma\\\/produit\\\/chic-oriental-collection-privee-paris-geparlys-100-ml\\\/\",\"name\":\"CHIC ORIENTAL - Collection Priv\u00e9e Paris - Geparlys 100 ML - Maroc Prix\",\"isPartOf\":{\"@id\":\"https:\\\/\\\/vitablanca.ma\\\/#website\"},\"primaryImageOfPage\":{\"@id\":\"https:\\\/\\\/vitablanca.ma\\\/produit\\\/chic-oriental-collection-privee-paris-geparlys-100-ml\\\/#primaryimage\"},\"image\":{\"@id\":\"https:\\\/\\\/vitablanca.ma\\\/produit\\\/chic-oriental-collection-privee-paris-geparlys-100-ml\\\/#primaryimage\"},\"thumbnailUrl\":\"https:\\\/\\\/vitablanca.ma\\\/wp-content\\\/uploads\\\/2026\\\/03\\\/CHICORIENTAL-CollectionPriveeParis-Geparlys100ML3.jpg\",\"datePublished\":\"2026-03-04T02:23:17+00:00\",\"dateModified\":\"2026-03-19T12:55:05+00:00\",\"description\":\"CHIC ORIENTAL - Collection Priv\u00e9e Paris - Geparlys 100 ML\",\"breadcrumb\":{\"@id\":\"https:\\\/\\\/vitablanca.ma\\\/produit\\\/chic-oriental-collection-privee-paris-geparlys-100-ml\\\/#breadcrumb\"},\"inLanguage\":\"ar\",\"potentialAction\":[{\"@type\":\"ReadAction\",\"target\":[\"https:\\\/\\\/vitablanca.ma\\\/produit\\\/chic-oriental-collection-privee-paris-geparlys-100-ml\\\/\"]}]},{\"@type\":\"ImageObject\",\"inLanguage\":\"ar\",\"@id\":\"https:\\\/\\\/vitablanca.ma\\\/produit\\\/chic-oriental-collection-privee-paris-geparlys-100-ml\\\/#primaryimage\",\"url\":\"https:\\\/\\\/vitablanca.ma\\\/wp-content\\\/uploads\\\/2026\\\/03\\\/CHICORIENTAL-CollectionPriveeParis-Geparlys100ML3.jpg\",\"contentUrl\":\"https:\\\/\\\/vitablanca.ma\\\/wp-content\\\/uploads\\\/2026\\\/03\\\/CHICORIENTAL-CollectionPriveeParis-Geparlys100ML3.jpg\",\"width\":1080,\"height\":1080},{\"@type\":\"BreadcrumbList\",\"@id\":\"https:\\\/\\\/vitablanca.ma\\\/produit\\\/chic-oriental-collection-privee-paris-geparlys-100-ml\\\/#breadcrumb\",\"itemListElement\":[{\"@type\":\"ListItem\",\"position\":1,\"name\":\"Home\",\"item\":\"https:\\\/\\\/vitablanca.ma\\\/\"},{\"@type\":\"ListItem\",\"position\":2,\"name\":\"Tous Les Produits\",\"item\":\"https:\\\/\\\/vitablanca.ma\\\/tous-les-produits\\\/\"},{\"@type\":\"ListItem\",\"position\":3,\"name\":\"CHIC ORIENTAL &#8211; Collection Priv\u00e9e Paris &#8211; Geparlys 100 ML\"}]},{\"@type\":\"WebSite\",\"@id\":\"https:\\\/\\\/vitablanca.ma\\\/#website\",\"url\":\"https:\\\/\\\/vitablanca.ma\\\/\",\"name\":\"VitaBlanca.ma | Compl\u00e9ments alimentaires, sant\u00e9 & beaut\u00e9 au Maroc\",\"description\":\"vendre vitamines et compl\u00e9ments premium des USA &amp; Canada, Nouvelle Z\u00e9lande,Maroc (NOW Foods, Solgar, Manuka). Livraison rapide partout au Maroc.\",\"publisher\":{\"@id\":\"https:\\\/\\\/vitablanca.ma\\\/#organization\"},\"alternateName\":\"VitaBlanca.ma\",\"potentialAction\":[{\"@type\":\"SearchAction\",\"target\":{\"@type\":\"EntryPoint\",\"urlTemplate\":\"https:\\\/\\\/vitablanca.ma\\\/?s={search_term_string}\"},\"query-input\":{\"@type\":\"PropertyValueSpecification\",\"valueRequired\":true,\"valueName\":\"search_term_string\"}}],\"inLanguage\":\"ar\"},{\"@type\":\"Organization\",\"@id\":\"https:\\\/\\\/vitablanca.ma\\\/#organization\",\"name\":\"VitaBlanca\",\"url\":\"https:\\\/\\\/vitablanca.ma\\\/\",\"logo\":{\"@type\":\"ImageObject\",\"inLanguage\":\"ar\",\"@id\":\"https:\\\/\\\/vitablanca.ma\\\/#\\\/schema\\\/logo\\\/image\\\/\",\"url\":\"https:\\\/\\\/vitablanca.ma\\\/wp-content\\\/uploads\\\/2025\\\/05\\\/cropped-vitablanca.png\",\"contentUrl\":\"https:\\\/\\\/vitablanca.ma\\\/wp-content\\\/uploads\\\/2025\\\/05\\\/cropped-vitablanca.png\",\"width\":360,\"height\":67,\"caption\":\"VitaBlanca\"},\"image\":{\"@id\":\"https:\\\/\\\/vitablanca.ma\\\/#\\\/schema\\\/logo\\\/image\\\/\"},\"sameAs\":[\"https:\\\/\\\/www.facebook.com\\\/profile.php?id=61576678196717\",\"https:\\\/\\\/www.tiktok.com\\\/@vitablanca.ma\",\"https:\\\/\\\/www.instagram.com\\\/vitablanca.ma\\\/\"]}]}<\/script>\n<!-- \/ Yoast SEO plugin. -->","yoast_head_json":{"title":"CHIC ORIENTAL - Collection Priv\u00e9e Paris - Geparlys 100 ML - Maroc Prix","description":"CHIC ORIENTAL - Collection Priv\u00e9e Paris - Geparlys 100 ML","robots":{"index":"index","follow":"follow","max-snippet":"max-snippet:-1","max-image-preview":"max-image-preview:large","max-video-preview":"max-video-preview:-1"},"canonical":"https:\/\/vitablanca.ma\/ar\/product-2\/chic-oriental-collection-privee-paris-geparlys-100-ml\/","og_locale":"ar_AR","og_type":"article","og_title":"CHIC ORIENTAL - Collection Priv\u00e9e Paris - Geparlys 100 ML - Maroc Prix","og_description":"CHIC ORIENTAL - Collection Priv\u00e9e Paris - Geparlys 100 ML","og_url":"https:\/\/vitablanca.ma\/ar\/product-2\/chic-oriental-collection-privee-paris-geparlys-100-ml\/","og_site_name":"Vitablanca.ma &ndash; Sant&eacute;, vitalit&eacute; et bien-&ecirc;tre pour tous les Marocains","article_publisher":"https:\/\/www.facebook.com\/profile.php?id=61576678196717","article_modified_time":"2026-03-19T12:55:05+00:00","og_image":[{"width":1080,"height":1080,"url":"https:\/\/vitablanca.ma\/wp-content\/uploads\/2026\/03\/CHICORIENTAL-CollectionPriveeParis-Geparlys100ML3.jpg","type":"image\/jpeg"}],"twitter_card":"summary_large_image","twitter_misc":{"\u0648\u0642\u062a \u0627\u0644\u0642\u0631\u0627\u0621\u0629 \u0627\u0644\u0645\u064f\u0642\u062f\u0651\u0631":"\u062f\u0642\u064a\u0642\u0629 \u0648\u0627\u062d\u062f\u0629"},"schema":{"@context":"https:\/\/schema.org","@graph":[{"@type":["WebPage","ItemPage"],"@id":"https:\/\/vitablanca.ma\/produit\/chic-oriental-collection-privee-paris-geparlys-100-ml\/","url":"https:\/\/vitablanca.ma\/produit\/chic-oriental-collection-privee-paris-geparlys-100-ml\/","name":"CHIC ORIENTAL - Collection Priv\u00e9e Paris - Geparlys 100 ML - Maroc Prix","isPartOf":{"@id":"https:\/\/vitablanca.ma\/#website"},"primaryImageOfPage":{"@id":"https:\/\/vitablanca.ma\/produit\/chic-oriental-collection-privee-paris-geparlys-100-ml\/#primaryimage"},"image":{"@id":"https:\/\/vitablanca.ma\/produit\/chic-oriental-collection-privee-paris-geparlys-100-ml\/#primaryimage"},"thumbnailUrl":"https:\/\/vitablanca.ma\/wp-content\/uploads\/2026\/03\/CHICORIENTAL-CollectionPriveeParis-Geparlys100ML3.jpg","datePublished":"2026-03-04T02:23:17+00:00","dateModified":"2026-03-19T12:55:05+00:00","description":"CHIC ORIENTAL - Collection Priv\u00e9e Paris - Geparlys 100 ML","breadcrumb":{"@id":"https:\/\/vitablanca.ma\/produit\/chic-oriental-collection-privee-paris-geparlys-100-ml\/#breadcrumb"},"inLanguage":"ar","potentialAction":[{"@type":"ReadAction","target":["https:\/\/vitablanca.ma\/produit\/chic-oriental-collection-privee-paris-geparlys-100-ml\/"]}]},{"@type":"ImageObject","inLanguage":"ar","@id":"https:\/\/vitablanca.ma\/produit\/chic-oriental-collection-privee-paris-geparlys-100-ml\/#primaryimage","url":"https:\/\/vitablanca.ma\/wp-content\/uploads\/2026\/03\/CHICORIENTAL-CollectionPriveeParis-Geparlys100ML3.jpg","contentUrl":"https:\/\/vitablanca.ma\/wp-content\/uploads\/2026\/03\/CHICORIENTAL-CollectionPriveeParis-Geparlys100ML3.jpg","width":1080,"height":1080},{"@type":"BreadcrumbList","@id":"https:\/\/vitablanca.ma\/produit\/chic-oriental-collection-privee-paris-geparlys-100-ml\/#breadcrumb","itemListElement":[{"@type":"ListItem","position":1,"name":"Home","item":"https:\/\/vitablanca.ma\/"},{"@type":"ListItem","position":2,"name":"Tous Les Produits","item":"https:\/\/vitablanca.ma\/tous-les-produits\/"},{"@type":"ListItem","position":3,"name":"CHIC ORIENTAL &#8211; Collection Priv\u00e9e Paris &#8211; Geparlys 100 ML"}]},{"@type":"WebSite","@id":"https:\/\/vitablanca.ma\/#website","url":"https:\/\/vitablanca.ma\/","name":"VitaBlanca.ma | \u0627\u0644\u0645\u0643\u0645\u0644\u0627\u062a \u0627\u0644\u063a\u0630\u0627\u0626\u064a\u0629\u060c \u0627\u0644\u0635\u062d\u0629 \u0648\u0627\u0644\u062c\u0645\u0627\u0644 \u0641\u064a \u0627\u0644\u0645\u063a\u0631\u0628","description":"\u0646\u0628\u064a\u0639 \u0641\u064a\u062a\u0627\u0645\u064a\u0646\u0627\u062a \u0648\u0645\u0643\u0645\u0644\u0627\u062a \u063a\u0630\u0627\u0626\u064a\u0629 \u0641\u0627\u062e\u0631\u0629 \u0645\u0646 \u0627\u0644\u0648\u0644\u0627\u064a\u0627\u062a \u0627\u0644\u0645\u062a\u062d\u062f\u0629 \u0627\u0644\u0623\u0645\u0631\u064a\u0643\u064a\u0629 \u0648\u0643\u0646\u062f\u0627 \u0648\u0646\u064a\u0648\u0632\u064a\u0644\u0646\u062f\u0627 \u0648\u0627\u0644\u0645\u063a\u0631\u0628 (\u0646\u0627\u0648 \u0641\u0648\u062f\u0632\u060c \u0633\u0648\u0644\u062c\u0627\u0631\u060c \u0645\u0627\u0646\u0648\u0643\u0627). \u062a\u0648\u0635\u064a\u0644 \u0633\u0631\u064a\u0639 \u0625\u0644\u0649 \u062c\u0645\u064a\u0639 \u0623\u0646\u062d\u0627\u0621 \u0627\u0644\u0645\u063a\u0631\u0628.","publisher":{"@id":"https:\/\/vitablanca.ma\/#organization"},"alternateName":"VitaBlanca.ma","potentialAction":[{"@type":"SearchAction","target":{"@type":"EntryPoint","urlTemplate":"https:\/\/vitablanca.ma\/?s={search_term_string}"},"query-input":{"@type":"PropertyValueSpecification","valueRequired":true,"valueName":"search_term_string"}}],"inLanguage":"ar"},{"@type":"Organization","@id":"https:\/\/vitablanca.ma\/#organization","name":"\u0641\u064a\u062a\u0627\u0628\u0644\u0627\u0646\u0643\u0627","url":"https:\/\/vitablanca.ma\/","logo":{"@type":"ImageObject","inLanguage":"ar","@id":"https:\/\/vitablanca.ma\/#\/schema\/logo\/image\/","url":"https:\/\/vitablanca.ma\/wp-content\/uploads\/2025\/05\/cropped-vitablanca.png","contentUrl":"https:\/\/vitablanca.ma\/wp-content\/uploads\/2025\/05\/cropped-vitablanca.png","width":360,"height":67,"caption":"VitaBlanca"},"image":{"@id":"https:\/\/vitablanca.ma\/#\/schema\/logo\/image\/"},"sameAs":["https:\/\/www.facebook.com\/profile.php?id=61576678196717","https:\/\/www.tiktok.com\/@vitablanca.ma","https:\/\/www.instagram.com\/vitablanca.ma\/"]}]}},"jetpack_sharing_enabled":true,"_links":{"self":[{"href":"https:\/\/vitablanca.ma\/ar\/wp-json\/wp\/v2\/product\/32430","targetHints":{"allow":["GET"]}}],"collection":[{"href":"https:\/\/vitablanca.ma\/ar\/wp-json\/wp\/v2\/product"}],"about":[{"href":"https:\/\/vitablanca.ma\/ar\/wp-json\/wp\/v2\/types\/product"}],"wp:featuredmedia":[{"embeddable":true,"href":"https:\/\/vitablanca.ma\/ar\/wp-json\/wp\/v2\/media\/32426"}],"wp:attachment":[{"href":"https:\/\/vitablanca.ma\/ar\/wp-json\/wp\/v2\/media?parent=32430"}],"wp:term":[{"taxonomy":"product_brand","embeddable":true,"href":"https:\/\/vitablanca.ma\/ar\/wp-json\/wp\/v2\/product_brand?post=32430"},{"taxonomy":"product_cat","embeddable":true,"href":"https:\/\/vitablanca.ma\/ar\/wp-json\/wp\/v2\/product_cat?post=32430"},{"taxonomy":"product_tag","embeddable":true,"href":"https:\/\/vitablanca.ma\/ar\/wp-json\/wp\/v2\/product_tag?post=32430"}],"curies":[{"name":"wp","href":"https:\/\/api.w.org\/{rel}","templated":true}]}}