{"id":32412,"date":"2026-03-04T02:22:45","date_gmt":"2026-03-04T02:22:45","guid":{"rendered":"https:\/\/vitablanca.ma\/produit\/minerale-gold-eau-de-parfum-maison-alhambra-unisexe-100ml\/"},"modified":"2026-04-17T22:32:41","modified_gmt":"2026-04-17T22:32:41","slug":"minerale-gold-eau-de-parfum-maison-alhambra-unisexe-100ml","status":"publish","type":"product","link":"https:\/\/vitablanca.ma\/ar\/product-2\/minerale-gold-eau-de-parfum-maison-alhambra-unisexe-100ml\/","title":{"rendered":"MINERALE GOLD &#8211; EAU DE PARFUM Maison Alhambra  Unisexe &#8211; 100ml"},"content":{"rendered":"<p><span style=\"font-size: 11.0pt;font-family: 'Arial','sans-serif';letter-spacing: .45pt\">D\u00e9couvrez l\u2019\u00e9l\u00e9gance singuli\u00e8re de\u00a0<strong data-start=\"247\" data-end=\"266\"><span style=\"font-family: 'Arial','sans-serif'\">Min\u00e9rale <\/span><\/strong>\u0644 <b>Maison Alhambra<\/b>, un parfum mixte lanc\u00e9 en 2025. Une fragrance raffin\u00e9e o\u00f9 les notes \u00e9pic\u00e9es et florales rencontrent un fond min\u00e9ral et cuir\u00e9 d\u2019une grande modernit\u00e9.<\/span><\/p>\n<p><span style=\"font-size: 11.0pt;font-family: 'Arial','sans-serif';letter-spacing: .45pt\">L\u2019ouverture lumineuse marie le safran et la mandarine d\u2019Italie. Le c\u0153ur d\u00e9voile un bouquet subtil d\u2019osmanthus, de feuille de violette et d\u2019immortelle.<\/span><span style=\"font-size: 4.0pt;font-family: 'Arial','sans-serif';letter-spacing: .45pt\"><\/span><\/p>\n<p><span style=\"font-size: 11.0pt;font-family: 'Arial','sans-serif';letter-spacing: .45pt\">Enfin, la base profonde associe des notes min\u00e9rales avec du daim, du bois d\u2019Akigala, du musc, du c\u00e8dre et du patchouli, pour un sillage sophistiqu\u00e9 et \u00e9l\u00e9gant.<\/span><\/p>\n<p><strong><span style=\"font-size: 11.0pt;font-family: 'Arial','sans-serif';letter-spacing: .45pt\">Notes olfactives :<\/span><\/strong><span style=\"font-size: 11.0pt;font-family: 'Arial','sans-serif';letter-spacing: .45pt\"><\/span><\/p>\n<ul>\n<li>\n<b><span style=\"font-size: 11.0pt;font-family: 'Arial','sans-serif';letter-spacing: .45pt\">T\u00eate :<\/span><\/b><span style=\"font-size: 11.0pt;font-family: 'Arial','sans-serif';letter-spacing: .45pt\"> Safran, Mandarine d\u2019Italie<\/span>\n<\/li>\n<li>\n<b><span style=\"font-size: 11.0pt;font-family: 'Arial','sans-serif';letter-spacing: .45pt\">C\u0153ur :<\/span><\/b><span style=\"font-size: 11.0pt;font-family: 'Arial','sans-serif';letter-spacing: .45pt\"> Osmanthus, Feuille de violette, Immortelle<\/span>\n<\/li>\n<li>\n<b><span style=\"font-size: 11.0pt;font-family: 'Arial','sans-serif';letter-spacing: .45pt\">Fond :<\/span><\/b><span style=\"font-size: 11.0pt;font-family: 'Arial','sans-serif';letter-spacing: .45pt\"> Notes min\u00e9rales, Daim, Bois d\u2019Akigala, Musc, C\u00e8dre, Patchouli<\/span>\n<\/li>\n<\/ul>\n<p><span style=\"font-size: 11.0pt;font-family: 'Arial','sans-serif'\">\u00a0<\/span><\/p>","protected":false},"excerpt":{"rendered":"<p>D\u00e9couvrez l\u2019\u00e9l\u00e9gance singuli\u00e8re de\u00a0Min\u00e9rale de Maison Alhambra, un parfum mixte lanc\u00e9 en 2025. Une fragrance raffin\u00e9e o\u00f9 les notes \u00e9pic\u00e9es et florales rencontrent un fond min\u00e9ral et cuir\u00e9 d\u2019une grande modernit\u00e9. L\u2019ouverture lumineuse marie le safran et la mandarine d\u2019Italie. Le c\u0153ur d\u00e9voile un bouquet subtil d\u2019osmanthus, de feuille de violette et d\u2019immortelle. Enfin, la [&hellip;]<\/p>\n","protected":false},"featured_media":32408,"template":"","meta":{"om_disable_all_campaigns":false},"product_brand":[],"product_cat":[18,15,1091],"product_tag":[],"class_list":{"0":"post-32412","1":"product","2":"type-product","3":"status-publish","4":"has-post-thumbnail","6":"product_cat-beaute-sante","7":"product_cat-beaute-sante-complements-alimentaires-soins-et-bien-etre-au-meilleur-prix","8":"product_cat-beaute-parfums-maroc-prix","10":"first","11":"instock","12":"taxable","13":"shipping-taxable","14":"purchasable","15":"product-type-simple"},"yoast_head":"<!-- This site is optimized with the Yoast SEO plugin v27.5 - https:\/\/yoast.com\/product\/yoast-seo-wordpress\/ -->\n<title>MINERALE GOLD - EAU DE PARFUM Maison Alhambra Unisexe - 100ml - Maroc Prix<\/title>\n<meta name=\"description\" content=\"MINERALE GOLD - EAU DE PARFUM Maison Alhambra Unisexe - 100ml\" \/>\n<meta name=\"robots\" content=\"index, follow, max-snippet:-1, max-image-preview:large, max-video-preview:-1\" \/>\n<link rel=\"canonical\" href=\"https:\/\/vitablanca.ma\/ar\/product-2\/minerale-gold-eau-de-parfum-maison-alhambra-unisexe-100ml\/\" \/>\n<meta property=\"og:locale\" content=\"ar_AR\" \/>\n<meta property=\"og:type\" content=\"article\" \/>\n<meta property=\"og:title\" content=\"MINERALE GOLD - EAU DE PARFUM Maison Alhambra Unisexe - 100ml - Maroc Prix\" \/>\n<meta property=\"og:description\" content=\"MINERALE GOLD - EAU DE PARFUM Maison Alhambra Unisexe - 100ml\" \/>\n<meta property=\"og:url\" content=\"https:\/\/vitablanca.ma\/ar\/product-2\/minerale-gold-eau-de-parfum-maison-alhambra-unisexe-100ml\/\" \/>\n<meta property=\"og:site_name\" content=\"Vitablanca.ma &ndash; Sant&eacute;, vitalit&eacute; et bien-&ecirc;tre pour tous les Marocains\" \/>\n<meta property=\"article:publisher\" content=\"https:\/\/www.facebook.com\/profile.php?id=61576678196717\" \/>\n<meta property=\"article:modified_time\" content=\"2026-04-17T22:32:41+00:00\" \/>\n<meta property=\"og:image\" content=\"https:\/\/vitablanca.ma\/wp-content\/uploads\/2026\/03\/MINERALE_GOLD_-_EAU_DE_PARFUM_Maison_Alhambra_Unisexe_-_100ml.jpg\" \/>\n\t<meta property=\"og:image:width\" content=\"1080\" \/>\n\t<meta property=\"og:image:height\" content=\"1080\" \/>\n\t<meta property=\"og:image:type\" content=\"image\/jpeg\" \/>\n<meta name=\"twitter:card\" content=\"summary_large_image\" \/>\n<meta name=\"twitter:label1\" content=\"\u0648\u0642\u062a \u0627\u0644\u0642\u0631\u0627\u0621\u0629 \u0627\u0644\u0645\u064f\u0642\u062f\u0651\u0631\" \/>\n\t<meta name=\"twitter:data1\" content=\"\u062f\u0642\u064a\u0642\u0629 \u0648\u0627\u062d\u062f\u0629\" \/>\n<script type=\"application\/ld+json\" class=\"yoast-schema-graph\">{\"@context\":\"https:\\\/\\\/schema.org\",\"@graph\":[{\"@type\":[\"WebPage\",\"ItemPage\"],\"@id\":\"https:\\\/\\\/vitablanca.ma\\\/produit\\\/minerale-gold-eau-de-parfum-maison-alhambra-unisexe-100ml\\\/\",\"url\":\"https:\\\/\\\/vitablanca.ma\\\/produit\\\/minerale-gold-eau-de-parfum-maison-alhambra-unisexe-100ml\\\/\",\"name\":\"MINERALE GOLD - EAU DE PARFUM Maison Alhambra Unisexe - 100ml - Maroc Prix\",\"isPartOf\":{\"@id\":\"https:\\\/\\\/vitablanca.ma\\\/#website\"},\"primaryImageOfPage\":{\"@id\":\"https:\\\/\\\/vitablanca.ma\\\/produit\\\/minerale-gold-eau-de-parfum-maison-alhambra-unisexe-100ml\\\/#primaryimage\"},\"image\":{\"@id\":\"https:\\\/\\\/vitablanca.ma\\\/produit\\\/minerale-gold-eau-de-parfum-maison-alhambra-unisexe-100ml\\\/#primaryimage\"},\"thumbnailUrl\":\"https:\\\/\\\/vitablanca.ma\\\/wp-content\\\/uploads\\\/2026\\\/03\\\/MINERALE_GOLD_-_EAU_DE_PARFUM_Maison_Alhambra_Unisexe_-_100ml.jpg\",\"datePublished\":\"2026-03-04T02:22:45+00:00\",\"dateModified\":\"2026-04-17T22:32:41+00:00\",\"description\":\"MINERALE GOLD - EAU DE PARFUM Maison Alhambra Unisexe - 100ml\",\"breadcrumb\":{\"@id\":\"https:\\\/\\\/vitablanca.ma\\\/produit\\\/minerale-gold-eau-de-parfum-maison-alhambra-unisexe-100ml\\\/#breadcrumb\"},\"inLanguage\":\"ar\",\"potentialAction\":[{\"@type\":\"ReadAction\",\"target\":[\"https:\\\/\\\/vitablanca.ma\\\/produit\\\/minerale-gold-eau-de-parfum-maison-alhambra-unisexe-100ml\\\/\"]}]},{\"@type\":\"ImageObject\",\"inLanguage\":\"ar\",\"@id\":\"https:\\\/\\\/vitablanca.ma\\\/produit\\\/minerale-gold-eau-de-parfum-maison-alhambra-unisexe-100ml\\\/#primaryimage\",\"url\":\"https:\\\/\\\/vitablanca.ma\\\/wp-content\\\/uploads\\\/2026\\\/03\\\/MINERALE_GOLD_-_EAU_DE_PARFUM_Maison_Alhambra_Unisexe_-_100ml.jpg\",\"contentUrl\":\"https:\\\/\\\/vitablanca.ma\\\/wp-content\\\/uploads\\\/2026\\\/03\\\/MINERALE_GOLD_-_EAU_DE_PARFUM_Maison_Alhambra_Unisexe_-_100ml.jpg\",\"width\":1080,\"height\":1080},{\"@type\":\"BreadcrumbList\",\"@id\":\"https:\\\/\\\/vitablanca.ma\\\/produit\\\/minerale-gold-eau-de-parfum-maison-alhambra-unisexe-100ml\\\/#breadcrumb\",\"itemListElement\":[{\"@type\":\"ListItem\",\"position\":1,\"name\":\"Home\",\"item\":\"https:\\\/\\\/vitablanca.ma\\\/\"},{\"@type\":\"ListItem\",\"position\":2,\"name\":\"Tous Les Produits\",\"item\":\"https:\\\/\\\/vitablanca.ma\\\/tous-les-produits\\\/\"},{\"@type\":\"ListItem\",\"position\":3,\"name\":\"MINERALE GOLD &#8211; EAU DE PARFUM Maison Alhambra Unisexe &#8211; 100ml\"}]},{\"@type\":\"WebSite\",\"@id\":\"https:\\\/\\\/vitablanca.ma\\\/#website\",\"url\":\"https:\\\/\\\/vitablanca.ma\\\/\",\"name\":\"VitaBlanca.ma | Compl\u00e9ments alimentaires, sant\u00e9 & beaut\u00e9 au Maroc\",\"description\":\"vendre vitamines et compl\u00e9ments premium des USA &amp; Canada, Nouvelle Z\u00e9lande,Maroc (NOW Foods, Solgar, Manuka). Livraison rapide partout au Maroc.\",\"publisher\":{\"@id\":\"https:\\\/\\\/vitablanca.ma\\\/#organization\"},\"alternateName\":\"VitaBlanca.ma\",\"potentialAction\":[{\"@type\":\"SearchAction\",\"target\":{\"@type\":\"EntryPoint\",\"urlTemplate\":\"https:\\\/\\\/vitablanca.ma\\\/?s={search_term_string}\"},\"query-input\":{\"@type\":\"PropertyValueSpecification\",\"valueRequired\":true,\"valueName\":\"search_term_string\"}}],\"inLanguage\":\"ar\"},{\"@type\":\"Organization\",\"@id\":\"https:\\\/\\\/vitablanca.ma\\\/#organization\",\"name\":\"VitaBlanca\",\"url\":\"https:\\\/\\\/vitablanca.ma\\\/\",\"logo\":{\"@type\":\"ImageObject\",\"inLanguage\":\"ar\",\"@id\":\"https:\\\/\\\/vitablanca.ma\\\/#\\\/schema\\\/logo\\\/image\\\/\",\"url\":\"https:\\\/\\\/vitablanca.ma\\\/wp-content\\\/uploads\\\/2025\\\/05\\\/cropped-vitablanca.png\",\"contentUrl\":\"https:\\\/\\\/vitablanca.ma\\\/wp-content\\\/uploads\\\/2025\\\/05\\\/cropped-vitablanca.png\",\"width\":360,\"height\":67,\"caption\":\"VitaBlanca\"},\"image\":{\"@id\":\"https:\\\/\\\/vitablanca.ma\\\/#\\\/schema\\\/logo\\\/image\\\/\"},\"sameAs\":[\"https:\\\/\\\/www.facebook.com\\\/profile.php?id=61576678196717\",\"https:\\\/\\\/www.tiktok.com\\\/@vitablanca.ma\",\"https:\\\/\\\/www.instagram.com\\\/vitablanca.ma\\\/\"]}]}<\/script>\n<!-- \/ Yoast SEO plugin. -->","yoast_head_json":{"title":"MINERALE GOLD - EAU DE PARFUM Maison Alhambra Unisexe - 100ml - Maroc Prix","description":"MINERALE GOLD - EAU DE PARFUM Maison Alhambra Unisexe - 100ml","robots":{"index":"index","follow":"follow","max-snippet":"max-snippet:-1","max-image-preview":"max-image-preview:large","max-video-preview":"max-video-preview:-1"},"canonical":"https:\/\/vitablanca.ma\/ar\/product-2\/minerale-gold-eau-de-parfum-maison-alhambra-unisexe-100ml\/","og_locale":"ar_AR","og_type":"article","og_title":"MINERALE GOLD - EAU DE PARFUM Maison Alhambra Unisexe - 100ml - Maroc Prix","og_description":"MINERALE GOLD - EAU DE PARFUM Maison Alhambra Unisexe - 100ml","og_url":"https:\/\/vitablanca.ma\/ar\/product-2\/minerale-gold-eau-de-parfum-maison-alhambra-unisexe-100ml\/","og_site_name":"Vitablanca.ma &ndash; Sant&eacute;, vitalit&eacute; et bien-&ecirc;tre pour tous les Marocains","article_publisher":"https:\/\/www.facebook.com\/profile.php?id=61576678196717","article_modified_time":"2026-04-17T22:32:41+00:00","og_image":[{"width":1080,"height":1080,"url":"https:\/\/vitablanca.ma\/wp-content\/uploads\/2026\/03\/MINERALE_GOLD_-_EAU_DE_PARFUM_Maison_Alhambra_Unisexe_-_100ml.jpg","type":"image\/jpeg"}],"twitter_card":"summary_large_image","twitter_misc":{"\u0648\u0642\u062a \u0627\u0644\u0642\u0631\u0627\u0621\u0629 \u0627\u0644\u0645\u064f\u0642\u062f\u0651\u0631":"\u062f\u0642\u064a\u0642\u0629 \u0648\u0627\u062d\u062f\u0629"},"schema":{"@context":"https:\/\/schema.org","@graph":[{"@type":["WebPage","ItemPage"],"@id":"https:\/\/vitablanca.ma\/produit\/minerale-gold-eau-de-parfum-maison-alhambra-unisexe-100ml\/","url":"https:\/\/vitablanca.ma\/produit\/minerale-gold-eau-de-parfum-maison-alhambra-unisexe-100ml\/","name":"MINERALE GOLD - EAU DE PARFUM Maison Alhambra Unisexe - 100ml - Maroc Prix","isPartOf":{"@id":"https:\/\/vitablanca.ma\/#website"},"primaryImageOfPage":{"@id":"https:\/\/vitablanca.ma\/produit\/minerale-gold-eau-de-parfum-maison-alhambra-unisexe-100ml\/#primaryimage"},"image":{"@id":"https:\/\/vitablanca.ma\/produit\/minerale-gold-eau-de-parfum-maison-alhambra-unisexe-100ml\/#primaryimage"},"thumbnailUrl":"https:\/\/vitablanca.ma\/wp-content\/uploads\/2026\/03\/MINERALE_GOLD_-_EAU_DE_PARFUM_Maison_Alhambra_Unisexe_-_100ml.jpg","datePublished":"2026-03-04T02:22:45+00:00","dateModified":"2026-04-17T22:32:41+00:00","description":"MINERALE GOLD - EAU DE PARFUM Maison Alhambra Unisexe - 100ml","breadcrumb":{"@id":"https:\/\/vitablanca.ma\/produit\/minerale-gold-eau-de-parfum-maison-alhambra-unisexe-100ml\/#breadcrumb"},"inLanguage":"ar","potentialAction":[{"@type":"ReadAction","target":["https:\/\/vitablanca.ma\/produit\/minerale-gold-eau-de-parfum-maison-alhambra-unisexe-100ml\/"]}]},{"@type":"ImageObject","inLanguage":"ar","@id":"https:\/\/vitablanca.ma\/produit\/minerale-gold-eau-de-parfum-maison-alhambra-unisexe-100ml\/#primaryimage","url":"https:\/\/vitablanca.ma\/wp-content\/uploads\/2026\/03\/MINERALE_GOLD_-_EAU_DE_PARFUM_Maison_Alhambra_Unisexe_-_100ml.jpg","contentUrl":"https:\/\/vitablanca.ma\/wp-content\/uploads\/2026\/03\/MINERALE_GOLD_-_EAU_DE_PARFUM_Maison_Alhambra_Unisexe_-_100ml.jpg","width":1080,"height":1080},{"@type":"BreadcrumbList","@id":"https:\/\/vitablanca.ma\/produit\/minerale-gold-eau-de-parfum-maison-alhambra-unisexe-100ml\/#breadcrumb","itemListElement":[{"@type":"ListItem","position":1,"name":"Home","item":"https:\/\/vitablanca.ma\/"},{"@type":"ListItem","position":2,"name":"Tous Les Produits","item":"https:\/\/vitablanca.ma\/tous-les-produits\/"},{"@type":"ListItem","position":3,"name":"MINERALE GOLD &#8211; EAU DE PARFUM Maison Alhambra Unisexe &#8211; 100ml"}]},{"@type":"WebSite","@id":"https:\/\/vitablanca.ma\/#website","url":"https:\/\/vitablanca.ma\/","name":"VitaBlanca.ma | \u0627\u0644\u0645\u0643\u0645\u0644\u0627\u062a \u0627\u0644\u063a\u0630\u0627\u0626\u064a\u0629\u060c \u0627\u0644\u0635\u062d\u0629 \u0648\u0627\u0644\u062c\u0645\u0627\u0644 \u0641\u064a \u0627\u0644\u0645\u063a\u0631\u0628","description":"\u0646\u0628\u064a\u0639 \u0641\u064a\u062a\u0627\u0645\u064a\u0646\u0627\u062a \u0648\u0645\u0643\u0645\u0644\u0627\u062a \u063a\u0630\u0627\u0626\u064a\u0629 \u0641\u0627\u062e\u0631\u0629 \u0645\u0646 \u0627\u0644\u0648\u0644\u0627\u064a\u0627\u062a \u0627\u0644\u0645\u062a\u062d\u062f\u0629 \u0627\u0644\u0623\u0645\u0631\u064a\u0643\u064a\u0629 \u0648\u0643\u0646\u062f\u0627 \u0648\u0646\u064a\u0648\u0632\u064a\u0644\u0646\u062f\u0627 \u0648\u0627\u0644\u0645\u063a\u0631\u0628 (\u0646\u0627\u0648 \u0641\u0648\u062f\u0632\u060c \u0633\u0648\u0644\u062c\u0627\u0631\u060c \u0645\u0627\u0646\u0648\u0643\u0627). \u062a\u0648\u0635\u064a\u0644 \u0633\u0631\u064a\u0639 \u0625\u0644\u0649 \u062c\u0645\u064a\u0639 \u0623\u0646\u062d\u0627\u0621 \u0627\u0644\u0645\u063a\u0631\u0628.","publisher":{"@id":"https:\/\/vitablanca.ma\/#organization"},"alternateName":"VitaBlanca.ma","potentialAction":[{"@type":"SearchAction","target":{"@type":"EntryPoint","urlTemplate":"https:\/\/vitablanca.ma\/?s={search_term_string}"},"query-input":{"@type":"PropertyValueSpecification","valueRequired":true,"valueName":"search_term_string"}}],"inLanguage":"ar"},{"@type":"Organization","@id":"https:\/\/vitablanca.ma\/#organization","name":"\u0641\u064a\u062a\u0627\u0628\u0644\u0627\u0646\u0643\u0627","url":"https:\/\/vitablanca.ma\/","logo":{"@type":"ImageObject","inLanguage":"ar","@id":"https:\/\/vitablanca.ma\/#\/schema\/logo\/image\/","url":"https:\/\/vitablanca.ma\/wp-content\/uploads\/2025\/05\/cropped-vitablanca.png","contentUrl":"https:\/\/vitablanca.ma\/wp-content\/uploads\/2025\/05\/cropped-vitablanca.png","width":360,"height":67,"caption":"VitaBlanca"},"image":{"@id":"https:\/\/vitablanca.ma\/#\/schema\/logo\/image\/"},"sameAs":["https:\/\/www.facebook.com\/profile.php?id=61576678196717","https:\/\/www.tiktok.com\/@vitablanca.ma","https:\/\/www.instagram.com\/vitablanca.ma\/"]}]}},"jetpack_sharing_enabled":true,"_links":{"self":[{"href":"https:\/\/vitablanca.ma\/ar\/wp-json\/wp\/v2\/product\/32412","targetHints":{"allow":["GET"]}}],"collection":[{"href":"https:\/\/vitablanca.ma\/ar\/wp-json\/wp\/v2\/product"}],"about":[{"href":"https:\/\/vitablanca.ma\/ar\/wp-json\/wp\/v2\/types\/product"}],"wp:featuredmedia":[{"embeddable":true,"href":"https:\/\/vitablanca.ma\/ar\/wp-json\/wp\/v2\/media\/32408"}],"wp:attachment":[{"href":"https:\/\/vitablanca.ma\/ar\/wp-json\/wp\/v2\/media?parent=32412"}],"wp:term":[{"taxonomy":"product_brand","embeddable":true,"href":"https:\/\/vitablanca.ma\/ar\/wp-json\/wp\/v2\/product_brand?post=32412"},{"taxonomy":"product_cat","embeddable":true,"href":"https:\/\/vitablanca.ma\/ar\/wp-json\/wp\/v2\/product_cat?post=32412"},{"taxonomy":"product_tag","embeddable":true,"href":"https:\/\/vitablanca.ma\/ar\/wp-json\/wp\/v2\/product_tag?post=32412"}],"curies":[{"name":"wp","href":"https:\/\/api.w.org\/{rel}","templated":true}]}}