{"id":32407,"date":"2026-03-04T02:22:36","date_gmt":"2026-03-04T02:22:36","guid":{"rendered":"https:\/\/vitablanca.ma\/produit\/domino-essence-maison-alhambra-unisexe-100ml\/"},"modified":"2026-03-15T23:08:38","modified_gmt":"2026-03-15T23:08:38","slug":"domino-essence-maison-alhambra-unisexe-100ml","status":"publish","type":"product","link":"https:\/\/vitablanca.ma\/ar\/product-2\/domino-essence-maison-alhambra-unisexe-100ml\/","title":{"rendered":"Domino Essence \u2013 Maison Alhambra  Unisexe &#8211; 100ml"},"content":{"rendered":"<p style=\"margin: 0cm;margin-bottom: .0001pt;background: white;vertical-align: baseline\"><span style=\"font-size: 11.0pt;font-family: 'Arial','sans-serif';color: #0d0d0d\">D\u00e9couvrez le parfum\u00a0<strong style=\"font-style: inherit;font-variant: inherit;line-height: inherit\"><span style=\"font-family: 'Arial','sans-serif';border: none windowtext 1.0pt;padding: 0cm\">Maison Alhambra Domino Essence<\/span><\/strong>\u00a0en format 100ml. <\/span><span style=\"font-size: 4.0pt;font-family: 'Arial','sans-serif';color: #0d0d0d\"><\/span><\/p>\n<p style=\"margin: 0cm;margin-bottom: .0001pt;background: white;vertical-align: baseline\"><span style=\"font-size: 11.0pt;font-family: 'Arial','sans-serif';color: #0d0d0d\">Ce parfum captivant de\u00a0<strong style=\"font-style: inherit;font-variant: inherit;line-height: inherit\"><span style=\"font-family: 'Arial','sans-serif';border: none windowtext 1.0pt;padding: 0cm\">Maison Alhambra<\/span><\/strong>\u00a0vous transporte dans un voyage olfactif unique, o\u00f9 l\u2019\u00e9l\u00e9gance et le raffinement se marient harmonieusement.<\/span><span style=\"font-size: 6.0pt;font-family: 'Arial','sans-serif';color: #0d0d0d\"><\/span><\/p>\n<p style=\"margin: 0cm;margin-bottom: .0001pt;background: white;vertical-align: baseline\"><span style=\"font-size: 6.0pt;font-family: 'Arial','sans-serif';color: #0d0d0d\">\u00a0<\/span><\/p>\n<p style=\"margin: 0cm;margin-bottom: .0001pt;background: white;vertical-align: baseline;line-height: inherit;text-align: start\"><span style=\"font-size: 11.0pt;font-family: 'Arial','sans-serif';color: #0d0d0d\">\u0627\u0644\u0639\u0637\u0631\u00a0<strong style=\"font-style: inherit;font-variant: inherit;line-height: inherit\"><span style=\"font-family: 'Arial','sans-serif';border: none windowtext 1.0pt;padding: 0cm\">Maison Alhambra Domino Essence<\/span><\/strong>\u00a0est une fragrance sensuelle et myst\u00e9rieuse, con\u00e7ue pour les hommes et les femmes qui recherchent une exp\u00e9rience olfactive inoubliable. Les notes de t\u00eate s\u2019ouvrent sur un m\u00e9lange rafra\u00eechissant d\u2019agrumes et de notes vertes, cr\u00e9ant une sensation de fra\u00eecheur et de vivacit\u00e9.<\/span><span style=\"font-size: 6.0pt;font-family: 'Arial','sans-serif';color: #0d0d0d\"><\/span><\/p>\n<p style=\"margin: 0cm;margin-bottom: .0001pt;background: white;vertical-align: baseline\"><span style=\"font-size: 6.0pt;font-family: 'Arial','sans-serif';color: #0d0d0d\">\u00a0<\/span><\/p>\n<p style=\"background: white;vertical-align: baseline;line-height: inherit;text-align: start;margin: 0cm 0cm 15.0pt 0cm\"><span style=\"font-size: 11.0pt;font-family: 'Arial','sans-serif';color: #0d0d0d\">Au c\u0153ur de la fragrance, les notes florales et bois\u00e9es se m\u00ealent harmonieusement, apportant une profondeur et une chaleur envo\u00fbtantes.<\/span><span style=\"font-size: 6.0pt;font-family: 'Arial','sans-serif';color: #0d0d0d\"><\/span><\/p>\n<p style=\"background: white;vertical-align: baseline;margin: 0cm 0cm 15.0pt 0cm\"><span style=\"font-size: 11.0pt;font-family: 'Arial','sans-serif';color: #0d0d0d\">Les notes de fond r\u00e9v\u00e8lent un accord ambr\u00e9, accompagn\u00e9 de touches de musc et de vanille, ajoutant une douceur sensuelle et un caract\u00e8re enivrant \u00e0 la composition.<\/span><span style=\"font-size: 6.0pt;font-family: 'Arial','sans-serif';color: #0d0d0d\"><\/span><\/p>\n<p class=\"MsoNormal\" style=\"margin-bottom: .0001pt;line-height: normal;background: white;vertical-align: baseline\"><b><span style=\"font-family: 'Arial','sans-serif';color: #0d0d0d;border: none windowtext 1.0pt;padding: 0cm\">Notes olfactives :<\/span><\/b><b><span style=\"font-family: 'Arial','sans-serif';color: #0d0d0d;border: none windowtext 1.0pt;padding: 0cm\"><\/span><\/b><\/p>\n<ul>\n<li>\n<b><span style=\"font-family: 'Arial','sans-serif';color: #0d0d0d;border: none windowtext 1.0pt;padding: 0cm\">\u0627\u0644\u0645\u0643\u0648\u0646\u0627\u062a \u0627\u0644\u0639\u0644\u064a\u0627:<\/span><\/b><span style=\"font-family: 'Arial','sans-serif';color: #0d0d0d\">\u00a0\u00c9pices, fleurs exotiques<\/span>\n<\/li>\n<li class=\"MsoNormal\" style=\"line-height: normal;background: white;vertical-align: baseline\">\n<b><span style=\"font-family: 'Arial','sans-serif';color: #0d0d0d;border: none windowtext 1.0pt;padding: 0cm\">\u0645\u0644\u0627\u062d\u0638\u0627\u062a \u0627\u0644\u0642\u0644\u0628:<\/span><\/b><span style=\"font-family: 'Arial','sans-serif';color: #0d0d0d\">\u00a0\u0152illet, muguet, fleur de neige<\/span>\n<\/li>\n<li class=\"MsoNormal\" style=\"line-height: normal;background: white;vertical-align: baseline\">\n<b><span style=\"font-family: 'Arial','sans-serif';color: #0d0d0d;border: none windowtext 1.0pt;padding: 0cm\">\u0627\u0644\u0645\u0643\u0648\u0646\u0627\u062a \u0627\u0644\u0623\u0633\u0627\u0633\u064a\u0629:<\/span><\/b><span style=\"font-family: 'Arial','sans-serif';color: #0d0d0d\">\u00a0Ambre, vanille, musc<\/span>\n<\/li>\n<li class=\"MsoNormal\" style=\"line-height: normal;background: white;vertical-align: baseline\">\n<b><span lang=\"EN-US\" style=\"font-family: 'Arial','sans-serif';color: #0d0d0d;border: none windowtext 1.0pt;padding: 0cm\">Dupe :<\/span><\/b><span lang=\"EN-US\" style=\"font-family: 'Arial','sans-serif';color: #0d0d0d\">\u00a0Rosendo Mateu N\u00ba 5 Floral, Amber, Sensual Musk Rosendo Mateu Olfactive Expressions<\/span>\n<\/li>\n<\/ul>\n<p><\/p>","protected":false},"excerpt":{"rendered":"<p>D\u00e9couvrez le parfum\u00a0Maison Alhambra Domino Essence\u00a0en format 100ml. Ce parfum captivant de\u00a0Maison Alhambra\u00a0vous transporte dans un voyage olfactif unique, o\u00f9 l\u2019\u00e9l\u00e9gance et le raffinement se marient harmonieusement. \u00a0 Le parfum\u00a0Maison Alhambra Domino Essence\u00a0est une fragrance sensuelle et myst\u00e9rieuse, con\u00e7ue pour les hommes et les femmes qui recherchent une exp\u00e9rience olfactive inoubliable. Les notes de t\u00eate [&hellip;]<\/p>\n","protected":false},"featured_media":32403,"template":"","meta":{"om_disable_all_campaigns":false},"product_brand":[],"product_cat":[18,15,1091],"product_tag":[],"class_list":{"0":"post-32407","1":"product","2":"type-product","3":"status-publish","4":"has-post-thumbnail","6":"product_cat-beaute-sante","7":"product_cat-beaute-sante-complements-alimentaires-soins-et-bien-etre-au-meilleur-prix","8":"product_cat-beaute-parfums-maroc-prix","10":"first","11":"outofstock","12":"taxable","13":"shipping-taxable","14":"purchasable","15":"product-type-simple"},"yoast_head":"<!-- This site is optimized with the Yoast SEO plugin v27.3 - https:\/\/yoast.com\/product\/yoast-seo-wordpress\/ -->\n<title>Domino Essence \u2013 Maison Alhambra Unisexe - 100ml - Maroc Prix<\/title>\n<meta name=\"description\" content=\"Domino Essence \u2013 Maison Alhambra Unisexe - 100ml\" \/>\n<meta name=\"robots\" content=\"index, follow, max-snippet:-1, max-image-preview:large, max-video-preview:-1\" \/>\n<link rel=\"canonical\" href=\"https:\/\/vitablanca.ma\/ar\/product-2\/domino-essence-maison-alhambra-unisexe-100ml\/\" \/>\n<meta property=\"og:locale\" content=\"ar_AR\" \/>\n<meta property=\"og:type\" content=\"article\" \/>\n<meta property=\"og:title\" content=\"Domino Essence \u2013 Maison Alhambra Unisexe - 100ml - Maroc Prix\" \/>\n<meta property=\"og:description\" content=\"Domino Essence \u2013 Maison Alhambra Unisexe - 100ml\" \/>\n<meta property=\"og:url\" content=\"https:\/\/vitablanca.ma\/ar\/product-2\/domino-essence-maison-alhambra-unisexe-100ml\/\" \/>\n<meta property=\"og:site_name\" content=\"Vitablanca.ma &ndash; Sant&eacute;, vitalit&eacute; et bien-&ecirc;tre pour tous les Marocains\" \/>\n<meta property=\"article:publisher\" content=\"https:\/\/www.facebook.com\/profile.php?id=61576678196717\" \/>\n<meta property=\"article:modified_time\" content=\"2026-03-15T23:08:38+00:00\" \/>\n<meta property=\"og:image\" content=\"https:\/\/vitablanca.ma\/wp-content\/uploads\/2026\/03\/Domino_Essence_Maison_Alhambra_Unisexe_-_100ml_2.jpg\" \/>\n\t<meta property=\"og:image:width\" content=\"1080\" \/>\n\t<meta property=\"og:image:height\" content=\"1080\" \/>\n\t<meta property=\"og:image:type\" content=\"image\/jpeg\" \/>\n<meta name=\"twitter:card\" content=\"summary_large_image\" \/>\n<meta name=\"twitter:label1\" content=\"\u0648\u0642\u062a \u0627\u0644\u0642\u0631\u0627\u0621\u0629 \u0627\u0644\u0645\u064f\u0642\u062f\u0651\u0631\" \/>\n\t<meta name=\"twitter:data1\" content=\"\u062f\u0642\u064a\u0642\u0629 \u0648\u0627\u062d\u062f\u0629\" \/>\n<script type=\"application\/ld+json\" class=\"yoast-schema-graph\">{\"@context\":\"https:\\\/\\\/schema.org\",\"@graph\":[{\"@type\":[\"WebPage\",\"ItemPage\"],\"@id\":\"https:\\\/\\\/vitablanca.ma\\\/produit\\\/domino-essence-maison-alhambra-unisexe-100ml\\\/\",\"url\":\"https:\\\/\\\/vitablanca.ma\\\/produit\\\/domino-essence-maison-alhambra-unisexe-100ml\\\/\",\"name\":\"Domino Essence \u2013 Maison Alhambra Unisexe - 100ml - Maroc Prix\",\"isPartOf\":{\"@id\":\"https:\\\/\\\/vitablanca.ma\\\/#website\"},\"primaryImageOfPage\":{\"@id\":\"https:\\\/\\\/vitablanca.ma\\\/produit\\\/domino-essence-maison-alhambra-unisexe-100ml\\\/#primaryimage\"},\"image\":{\"@id\":\"https:\\\/\\\/vitablanca.ma\\\/produit\\\/domino-essence-maison-alhambra-unisexe-100ml\\\/#primaryimage\"},\"thumbnailUrl\":\"https:\\\/\\\/vitablanca.ma\\\/wp-content\\\/uploads\\\/2026\\\/03\\\/Domino_Essence_Maison_Alhambra_Unisexe_-_100ml_2.jpg\",\"datePublished\":\"2026-03-04T02:22:36+00:00\",\"dateModified\":\"2026-03-15T23:08:38+00:00\",\"description\":\"Domino Essence \u2013 Maison Alhambra Unisexe - 100ml\",\"breadcrumb\":{\"@id\":\"https:\\\/\\\/vitablanca.ma\\\/produit\\\/domino-essence-maison-alhambra-unisexe-100ml\\\/#breadcrumb\"},\"inLanguage\":\"ar\",\"potentialAction\":[{\"@type\":\"ReadAction\",\"target\":[\"https:\\\/\\\/vitablanca.ma\\\/produit\\\/domino-essence-maison-alhambra-unisexe-100ml\\\/\"]}]},{\"@type\":\"ImageObject\",\"inLanguage\":\"ar\",\"@id\":\"https:\\\/\\\/vitablanca.ma\\\/produit\\\/domino-essence-maison-alhambra-unisexe-100ml\\\/#primaryimage\",\"url\":\"https:\\\/\\\/vitablanca.ma\\\/wp-content\\\/uploads\\\/2026\\\/03\\\/Domino_Essence_Maison_Alhambra_Unisexe_-_100ml_2.jpg\",\"contentUrl\":\"https:\\\/\\\/vitablanca.ma\\\/wp-content\\\/uploads\\\/2026\\\/03\\\/Domino_Essence_Maison_Alhambra_Unisexe_-_100ml_2.jpg\",\"width\":1080,\"height\":1080},{\"@type\":\"BreadcrumbList\",\"@id\":\"https:\\\/\\\/vitablanca.ma\\\/produit\\\/domino-essence-maison-alhambra-unisexe-100ml\\\/#breadcrumb\",\"itemListElement\":[{\"@type\":\"ListItem\",\"position\":1,\"name\":\"Home\",\"item\":\"https:\\\/\\\/vitablanca.ma\\\/\"},{\"@type\":\"ListItem\",\"position\":2,\"name\":\"Tous Les Produits\",\"item\":\"https:\\\/\\\/vitablanca.ma\\\/tous-les-produits\\\/\"},{\"@type\":\"ListItem\",\"position\":3,\"name\":\"Domino Essence \u2013 Maison Alhambra Unisexe &#8211; 100ml\"}]},{\"@type\":\"WebSite\",\"@id\":\"https:\\\/\\\/vitablanca.ma\\\/#website\",\"url\":\"https:\\\/\\\/vitablanca.ma\\\/\",\"name\":\"VitaBlanca.ma | Compl\u00e9ments alimentaires, sant\u00e9 & beaut\u00e9 au Maroc\",\"description\":\"vendre vitamines et compl\u00e9ments premium des USA &amp; Canada, Nouvelle Z\u00e9lande,Maroc (NOW Foods, Solgar, Manuka). Livraison rapide partout au Maroc.\",\"publisher\":{\"@id\":\"https:\\\/\\\/vitablanca.ma\\\/#organization\"},\"alternateName\":\"VitaBlanca.ma\",\"potentialAction\":[{\"@type\":\"SearchAction\",\"target\":{\"@type\":\"EntryPoint\",\"urlTemplate\":\"https:\\\/\\\/vitablanca.ma\\\/?s={search_term_string}\"},\"query-input\":{\"@type\":\"PropertyValueSpecification\",\"valueRequired\":true,\"valueName\":\"search_term_string\"}}],\"inLanguage\":\"ar\"},{\"@type\":\"Organization\",\"@id\":\"https:\\\/\\\/vitablanca.ma\\\/#organization\",\"name\":\"VitaBlanca\",\"url\":\"https:\\\/\\\/vitablanca.ma\\\/\",\"logo\":{\"@type\":\"ImageObject\",\"inLanguage\":\"ar\",\"@id\":\"https:\\\/\\\/vitablanca.ma\\\/#\\\/schema\\\/logo\\\/image\\\/\",\"url\":\"https:\\\/\\\/vitablanca.ma\\\/wp-content\\\/uploads\\\/2025\\\/05\\\/cropped-vitablanca.png\",\"contentUrl\":\"https:\\\/\\\/vitablanca.ma\\\/wp-content\\\/uploads\\\/2025\\\/05\\\/cropped-vitablanca.png\",\"width\":360,\"height\":67,\"caption\":\"VitaBlanca\"},\"image\":{\"@id\":\"https:\\\/\\\/vitablanca.ma\\\/#\\\/schema\\\/logo\\\/image\\\/\"},\"sameAs\":[\"https:\\\/\\\/www.facebook.com\\\/profile.php?id=61576678196717\",\"https:\\\/\\\/www.tiktok.com\\\/@vitablanca.ma\",\"https:\\\/\\\/www.instagram.com\\\/vitablanca.ma\\\/\"]}]}<\/script>\n<!-- \/ Yoast SEO plugin. -->","yoast_head_json":{"title":"Domino Essence \u2013 Maison Alhambra Unisexe - 100ml - Maroc Prix","description":"Domino Essence \u2013 Maison Alhambra Unisexe - 100ml","robots":{"index":"index","follow":"follow","max-snippet":"max-snippet:-1","max-image-preview":"max-image-preview:large","max-video-preview":"max-video-preview:-1"},"canonical":"https:\/\/vitablanca.ma\/ar\/product-2\/domino-essence-maison-alhambra-unisexe-100ml\/","og_locale":"ar_AR","og_type":"article","og_title":"Domino Essence \u2013 Maison Alhambra Unisexe - 100ml - Maroc Prix","og_description":"Domino Essence \u2013 Maison Alhambra Unisexe - 100ml","og_url":"https:\/\/vitablanca.ma\/ar\/product-2\/domino-essence-maison-alhambra-unisexe-100ml\/","og_site_name":"Vitablanca.ma &ndash; Sant&eacute;, vitalit&eacute; et bien-&ecirc;tre pour tous les Marocains","article_publisher":"https:\/\/www.facebook.com\/profile.php?id=61576678196717","article_modified_time":"2026-03-15T23:08:38+00:00","og_image":[{"width":1080,"height":1080,"url":"https:\/\/vitablanca.ma\/wp-content\/uploads\/2026\/03\/Domino_Essence_Maison_Alhambra_Unisexe_-_100ml_2.jpg","type":"image\/jpeg"}],"twitter_card":"summary_large_image","twitter_misc":{"\u0648\u0642\u062a \u0627\u0644\u0642\u0631\u0627\u0621\u0629 \u0627\u0644\u0645\u064f\u0642\u062f\u0651\u0631":"\u062f\u0642\u064a\u0642\u0629 \u0648\u0627\u062d\u062f\u0629"},"schema":{"@context":"https:\/\/schema.org","@graph":[{"@type":["WebPage","ItemPage"],"@id":"https:\/\/vitablanca.ma\/produit\/domino-essence-maison-alhambra-unisexe-100ml\/","url":"https:\/\/vitablanca.ma\/produit\/domino-essence-maison-alhambra-unisexe-100ml\/","name":"Domino Essence \u2013 Maison Alhambra Unisexe - 100ml - Maroc Prix","isPartOf":{"@id":"https:\/\/vitablanca.ma\/#website"},"primaryImageOfPage":{"@id":"https:\/\/vitablanca.ma\/produit\/domino-essence-maison-alhambra-unisexe-100ml\/#primaryimage"},"image":{"@id":"https:\/\/vitablanca.ma\/produit\/domino-essence-maison-alhambra-unisexe-100ml\/#primaryimage"},"thumbnailUrl":"https:\/\/vitablanca.ma\/wp-content\/uploads\/2026\/03\/Domino_Essence_Maison_Alhambra_Unisexe_-_100ml_2.jpg","datePublished":"2026-03-04T02:22:36+00:00","dateModified":"2026-03-15T23:08:38+00:00","description":"Domino Essence \u2013 Maison Alhambra Unisexe - 100ml","breadcrumb":{"@id":"https:\/\/vitablanca.ma\/produit\/domino-essence-maison-alhambra-unisexe-100ml\/#breadcrumb"},"inLanguage":"ar","potentialAction":[{"@type":"ReadAction","target":["https:\/\/vitablanca.ma\/produit\/domino-essence-maison-alhambra-unisexe-100ml\/"]}]},{"@type":"ImageObject","inLanguage":"ar","@id":"https:\/\/vitablanca.ma\/produit\/domino-essence-maison-alhambra-unisexe-100ml\/#primaryimage","url":"https:\/\/vitablanca.ma\/wp-content\/uploads\/2026\/03\/Domino_Essence_Maison_Alhambra_Unisexe_-_100ml_2.jpg","contentUrl":"https:\/\/vitablanca.ma\/wp-content\/uploads\/2026\/03\/Domino_Essence_Maison_Alhambra_Unisexe_-_100ml_2.jpg","width":1080,"height":1080},{"@type":"BreadcrumbList","@id":"https:\/\/vitablanca.ma\/produit\/domino-essence-maison-alhambra-unisexe-100ml\/#breadcrumb","itemListElement":[{"@type":"ListItem","position":1,"name":"Home","item":"https:\/\/vitablanca.ma\/"},{"@type":"ListItem","position":2,"name":"Tous Les Produits","item":"https:\/\/vitablanca.ma\/tous-les-produits\/"},{"@type":"ListItem","position":3,"name":"Domino Essence \u2013 Maison Alhambra Unisexe &#8211; 100ml"}]},{"@type":"WebSite","@id":"https:\/\/vitablanca.ma\/#website","url":"https:\/\/vitablanca.ma\/","name":"VitaBlanca.ma | \u0627\u0644\u0645\u0643\u0645\u0644\u0627\u062a \u0627\u0644\u063a\u0630\u0627\u0626\u064a\u0629\u060c \u0627\u0644\u0635\u062d\u0629 \u0648\u0627\u0644\u062c\u0645\u0627\u0644 \u0641\u064a \u0627\u0644\u0645\u063a\u0631\u0628","description":"\u0646\u0628\u064a\u0639 \u0641\u064a\u062a\u0627\u0645\u064a\u0646\u0627\u062a \u0648\u0645\u0643\u0645\u0644\u0627\u062a \u063a\u0630\u0627\u0626\u064a\u0629 \u0641\u0627\u062e\u0631\u0629 \u0645\u0646 \u0627\u0644\u0648\u0644\u0627\u064a\u0627\u062a \u0627\u0644\u0645\u062a\u062d\u062f\u0629 \u0627\u0644\u0623\u0645\u0631\u064a\u0643\u064a\u0629 \u0648\u0643\u0646\u062f\u0627 \u0648\u0646\u064a\u0648\u0632\u064a\u0644\u0646\u062f\u0627 \u0648\u0627\u0644\u0645\u063a\u0631\u0628 (\u0646\u0627\u0648 \u0641\u0648\u062f\u0632\u060c \u0633\u0648\u0644\u062c\u0627\u0631\u060c \u0645\u0627\u0646\u0648\u0643\u0627). \u062a\u0648\u0635\u064a\u0644 \u0633\u0631\u064a\u0639 \u0625\u0644\u0649 \u062c\u0645\u064a\u0639 \u0623\u0646\u062d\u0627\u0621 \u0627\u0644\u0645\u063a\u0631\u0628.","publisher":{"@id":"https:\/\/vitablanca.ma\/#organization"},"alternateName":"VitaBlanca.ma","potentialAction":[{"@type":"SearchAction","target":{"@type":"EntryPoint","urlTemplate":"https:\/\/vitablanca.ma\/?s={search_term_string}"},"query-input":{"@type":"PropertyValueSpecification","valueRequired":true,"valueName":"search_term_string"}}],"inLanguage":"ar"},{"@type":"Organization","@id":"https:\/\/vitablanca.ma\/#organization","name":"\u0641\u064a\u062a\u0627\u0628\u0644\u0627\u0646\u0643\u0627","url":"https:\/\/vitablanca.ma\/","logo":{"@type":"ImageObject","inLanguage":"ar","@id":"https:\/\/vitablanca.ma\/#\/schema\/logo\/image\/","url":"https:\/\/vitablanca.ma\/wp-content\/uploads\/2025\/05\/cropped-vitablanca.png","contentUrl":"https:\/\/vitablanca.ma\/wp-content\/uploads\/2025\/05\/cropped-vitablanca.png","width":360,"height":67,"caption":"VitaBlanca"},"image":{"@id":"https:\/\/vitablanca.ma\/#\/schema\/logo\/image\/"},"sameAs":["https:\/\/www.facebook.com\/profile.php?id=61576678196717","https:\/\/www.tiktok.com\/@vitablanca.ma","https:\/\/www.instagram.com\/vitablanca.ma\/"]}]}},"jetpack_sharing_enabled":true,"_links":{"self":[{"href":"https:\/\/vitablanca.ma\/ar\/wp-json\/wp\/v2\/product\/32407","targetHints":{"allow":["GET"]}}],"collection":[{"href":"https:\/\/vitablanca.ma\/ar\/wp-json\/wp\/v2\/product"}],"about":[{"href":"https:\/\/vitablanca.ma\/ar\/wp-json\/wp\/v2\/types\/product"}],"wp:featuredmedia":[{"embeddable":true,"href":"https:\/\/vitablanca.ma\/ar\/wp-json\/wp\/v2\/media\/32403"}],"wp:attachment":[{"href":"https:\/\/vitablanca.ma\/ar\/wp-json\/wp\/v2\/media?parent=32407"}],"wp:term":[{"taxonomy":"product_brand","embeddable":true,"href":"https:\/\/vitablanca.ma\/ar\/wp-json\/wp\/v2\/product_brand?post=32407"},{"taxonomy":"product_cat","embeddable":true,"href":"https:\/\/vitablanca.ma\/ar\/wp-json\/wp\/v2\/product_cat?post=32407"},{"taxonomy":"product_tag","embeddable":true,"href":"https:\/\/vitablanca.ma\/ar\/wp-json\/wp\/v2\/product_tag?post=32407"}],"curies":[{"name":"wp","href":"https:\/\/api.w.org\/{rel}","templated":true}]}}