{"id":32402,"date":"2026-03-04T02:22:28","date_gmt":"2026-03-04T02:22:28","guid":{"rendered":"https:\/\/vitablanca.ma\/produit\/fire-on-ice-eau-de-parfum-lattafa-unisexe-100ml\/"},"modified":"2026-03-15T23:08:38","modified_gmt":"2026-03-15T23:08:38","slug":"fire-on-ice-eau-de-parfum-lattafa-unisexe-100ml","status":"publish","type":"product","link":"https:\/\/vitablanca.ma\/ar\/product-2\/fire-on-ice-eau-de-parfum-lattafa-unisexe-100ml\/","title":{"rendered":"Fire On Ice Eau de Parfum Lattafa Unisexe &#8211; 100ml"},"content":{"rendered":"<p class=\"MsoNormal\" style=\"margin-bottom: .0001pt;line-height: normal;background: white;vertical-align: baseline\"><span style=\"font-family: 'Arial','sans-serif';color: #0d0d0d\">\u064a\u0643\u062a\u0634\u0641\u00a0<b><span style=\"border: none windowtext 1.0pt;padding: 0cm\">Fire On Ice<\/span><\/b>\u00a0\u0644\u00a0<b><span style=\"border: none windowtext 1.0pt;padding: 0cm\">Lattafa<\/span><\/b>, un parfum de <b>Duba\u00ef unisexe<\/b> qui marie la chaleur des \u00e9pices \u00e0 la fra\u00eecheur florale. Une fragrance moderne et magn\u00e9tique, id\u00e9ale pour les amateurs de parfums puissants et sophistiqu\u00e9s.<\/span><\/p>\n<p class=\"MsoNormal\" style=\"line-height: normal;background: white;vertical-align: baseline;margin: 0cm 0cm .0001pt 18.0pt\"><span style=\"font-family: 'Arial','sans-serif';color: #0d0d0d\">\u00a0<\/span><\/p>\n<p class=\"MsoNormal\" style=\"margin-bottom: .0001pt;line-height: normal;background: white;vertical-align: baseline\"><span style=\"font-family: 'Arial','sans-serif';color: #0d0d0d\">Les notes de t\u00eate m\u00ealent la framboise noire, la cannelle et le cognac, offrant une ouverture enivrante et luxueuse.<\/span><span style=\"font-size: 6.0pt;font-family: 'Arial','sans-serif';color: #0d0d0d\"><\/span><\/p>\n<p class=\"MsoNormal\" style=\"margin-bottom: .0001pt;line-height: normal;background: white;vertical-align: baseline\"><span style=\"font-family: 'Arial','sans-serif';color: #0d0d0d\">Le c\u0153ur r\u00e9v\u00e8le la d\u00e9licatesse des p\u00e9tales de rose glac\u00e9s adoucis par le caramel et la mousse, tandis que le fond d\u00e9ploie des notes bois\u00e9es et r\u00e9sineuses de ch\u00eane, myrrhe, c\u00e8dre et ambroxan pour un sillage intense et inoubliable.<\/span><\/p>\n<p class=\"MsoNormal\" style=\"line-height: normal;background: white;vertical-align: baseline;margin: 0cm 0cm .0001pt 18.0pt\"><span style=\"font-family: 'Arial','sans-serif';color: #0d0d0d\">\u00a0<\/span><\/p>\n<p class=\"MsoNormal\" style=\"margin-bottom: .0001pt;line-height: normal;background: white;vertical-align: baseline\"><strong><span style=\"font-family: 'Arial','sans-serif';color: #0d0d0d\">Notes olfactives :<\/span><\/strong><\/p>\n<ul>\n<li class=\"MsoNormal\" style=\"line-height: normal;background: white;vertical-align: baseline\">\n<b><span style=\"font-family: 'Arial','sans-serif';color: #0d0d0d;border: none windowtext 1.0pt;padding: 0cm\">Notes de t\u00eate\u00a0:<\/span><\/b><span style=\"font-family: 'Arial','sans-serif';color: #0d0d0d\">\u00a0Framboise noire, Cannelle, Cognac (liqueur)<\/span>\n<\/li>\n<li class=\"MsoNormal\" style=\"line-height: normal;background: white;vertical-align: baseline\">\n<b><span style=\"font-family: 'Arial','sans-serif';color: #0d0d0d;border: none windowtext 1.0pt;padding: 0cm\">Notes de c\u0153ur\u00a0:<\/span><\/b><span style=\"font-family: 'Arial','sans-serif';color: #0d0d0d\">\u00a0P\u00e9tales de rose glac\u00e9s, Caramel, Mousse<\/span>\n<\/li>\n<li class=\"MsoNormal\" style=\"line-height: normal;background: white;vertical-align: baseline\">\n<b><span style=\"font-family: 'Arial','sans-serif';color: #0d0d0d;border: none windowtext 1.0pt;padding: 0cm\">Notes de fond\u00a0:<\/span><\/b><span style=\"font-family: 'Arial','sans-serif';color: #0d0d0d\">\u00a0Bois de ch\u00eane, Myrrhe, Bois de c\u00e8dre, Ambroxan<\/span>\n<\/li>\n<li class=\"MsoNormal\" style=\"line-height: normal;background: white;vertical-align: baseline\">\n<b><span style=\"font-family: 'Arial','sans-serif';color: #0d0d0d;border: none windowtext 1.0pt;padding: 0cm\">Dupe\u00a0:<\/span><\/b><span style=\"font-family: 'Arial','sans-serif';color: #0d0d0d\">\u00a0<b><i><span style=\"border: none windowtext 1.0pt;padding: 0cm\">Angels\u2019 Share Paradis de Kilian<\/span><\/i><\/b><\/span>\n<\/li>\n<\/ul>\n<p><span lang=\"EN-US\" style=\"font-size: 11.0pt;font-family: 'Arial','sans-serif';color: #0d0d0d\">\u00a0<\/span><\/p>","protected":false},"excerpt":{"rendered":"<p>D\u00e9couvrez\u00a0Fire On Ice\u00a0de\u00a0Lattafa, un parfum de Duba\u00ef unisexe qui marie la chaleur des \u00e9pices \u00e0 la fra\u00eecheur florale. Une fragrance moderne et magn\u00e9tique, id\u00e9ale pour les amateurs de parfums puissants et sophistiqu\u00e9s. \u00a0 Les notes de t\u00eate m\u00ealent la framboise noire, la cannelle et le cognac, offrant une ouverture enivrante et luxueuse. Le c\u0153ur r\u00e9v\u00e8le [&hellip;]<\/p>\n","protected":false},"featured_media":32397,"template":"","meta":{"om_disable_all_campaigns":false},"product_brand":[],"product_cat":[18,15,1091],"product_tag":[],"class_list":{"0":"post-32402","1":"product","2":"type-product","3":"status-publish","4":"has-post-thumbnail","6":"product_cat-beaute-sante","7":"product_cat-beaute-sante-complements-alimentaires-soins-et-bien-etre-au-meilleur-prix","8":"product_cat-beaute-parfums-maroc-prix","10":"first","11":"outofstock","12":"taxable","13":"shipping-taxable","14":"purchasable","15":"product-type-simple"},"yoast_head":"<!-- This site is optimized with the Yoast SEO plugin v27.3 - https:\/\/yoast.com\/product\/yoast-seo-wordpress\/ -->\n<title>Fire On Ice Eau de Parfum Lattafa Unisexe - 100ml - Maroc Prix<\/title>\n<meta name=\"description\" content=\"Fire On Ice Eau de Parfum Lattafa Unisexe - 100ml\" \/>\n<meta name=\"robots\" content=\"index, follow, max-snippet:-1, max-image-preview:large, max-video-preview:-1\" \/>\n<link rel=\"canonical\" href=\"https:\/\/vitablanca.ma\/ar\/product-2\/fire-on-ice-eau-de-parfum-lattafa-unisexe-100ml\/\" \/>\n<meta property=\"og:locale\" content=\"ar_AR\" \/>\n<meta property=\"og:type\" content=\"article\" \/>\n<meta property=\"og:title\" content=\"Fire On Ice Eau de Parfum Lattafa Unisexe - 100ml - Maroc Prix\" \/>\n<meta property=\"og:description\" content=\"Fire On Ice Eau de Parfum Lattafa Unisexe - 100ml\" \/>\n<meta property=\"og:url\" content=\"https:\/\/vitablanca.ma\/ar\/product-2\/fire-on-ice-eau-de-parfum-lattafa-unisexe-100ml\/\" \/>\n<meta property=\"og:site_name\" content=\"Vitablanca.ma &ndash; Sant&eacute;, vitalit&eacute; et bien-&ecirc;tre pour tous les Marocains\" \/>\n<meta property=\"article:publisher\" content=\"https:\/\/www.facebook.com\/profile.php?id=61576678196717\" \/>\n<meta property=\"article:modified_time\" content=\"2026-03-15T23:08:38+00:00\" \/>\n<meta property=\"og:image\" content=\"https:\/\/vitablanca.ma\/wp-content\/uploads\/2026\/03\/Fire_On_Ice_Eau_de_Parfum_Lattafa_Unisexe_-_100ml_1.jpg\" \/>\n\t<meta property=\"og:image:width\" content=\"1080\" \/>\n\t<meta property=\"og:image:height\" content=\"1080\" \/>\n\t<meta property=\"og:image:type\" content=\"image\/jpeg\" \/>\n<meta name=\"twitter:card\" content=\"summary_large_image\" \/>\n<meta name=\"twitter:label1\" content=\"\u0648\u0642\u062a \u0627\u0644\u0642\u0631\u0627\u0621\u0629 \u0627\u0644\u0645\u064f\u0642\u062f\u0651\u0631\" \/>\n\t<meta name=\"twitter:data1\" content=\"\u062f\u0642\u064a\u0642\u0629 \u0648\u0627\u062d\u062f\u0629\" \/>\n<script type=\"application\/ld+json\" class=\"yoast-schema-graph\">{\"@context\":\"https:\\\/\\\/schema.org\",\"@graph\":[{\"@type\":[\"WebPage\",\"ItemPage\"],\"@id\":\"https:\\\/\\\/vitablanca.ma\\\/produit\\\/fire-on-ice-eau-de-parfum-lattafa-unisexe-100ml\\\/\",\"url\":\"https:\\\/\\\/vitablanca.ma\\\/produit\\\/fire-on-ice-eau-de-parfum-lattafa-unisexe-100ml\\\/\",\"name\":\"Fire On Ice Eau de Parfum Lattafa Unisexe - 100ml - Maroc Prix\",\"isPartOf\":{\"@id\":\"https:\\\/\\\/vitablanca.ma\\\/#website\"},\"primaryImageOfPage\":{\"@id\":\"https:\\\/\\\/vitablanca.ma\\\/produit\\\/fire-on-ice-eau-de-parfum-lattafa-unisexe-100ml\\\/#primaryimage\"},\"image\":{\"@id\":\"https:\\\/\\\/vitablanca.ma\\\/produit\\\/fire-on-ice-eau-de-parfum-lattafa-unisexe-100ml\\\/#primaryimage\"},\"thumbnailUrl\":\"https:\\\/\\\/vitablanca.ma\\\/wp-content\\\/uploads\\\/2026\\\/03\\\/Fire_On_Ice_Eau_de_Parfum_Lattafa_Unisexe_-_100ml_1.jpg\",\"datePublished\":\"2026-03-04T02:22:28+00:00\",\"dateModified\":\"2026-03-15T23:08:38+00:00\",\"description\":\"Fire On Ice Eau de Parfum Lattafa Unisexe - 100ml\",\"breadcrumb\":{\"@id\":\"https:\\\/\\\/vitablanca.ma\\\/produit\\\/fire-on-ice-eau-de-parfum-lattafa-unisexe-100ml\\\/#breadcrumb\"},\"inLanguage\":\"ar\",\"potentialAction\":[{\"@type\":\"ReadAction\",\"target\":[\"https:\\\/\\\/vitablanca.ma\\\/produit\\\/fire-on-ice-eau-de-parfum-lattafa-unisexe-100ml\\\/\"]}]},{\"@type\":\"ImageObject\",\"inLanguage\":\"ar\",\"@id\":\"https:\\\/\\\/vitablanca.ma\\\/produit\\\/fire-on-ice-eau-de-parfum-lattafa-unisexe-100ml\\\/#primaryimage\",\"url\":\"https:\\\/\\\/vitablanca.ma\\\/wp-content\\\/uploads\\\/2026\\\/03\\\/Fire_On_Ice_Eau_de_Parfum_Lattafa_Unisexe_-_100ml_1.jpg\",\"contentUrl\":\"https:\\\/\\\/vitablanca.ma\\\/wp-content\\\/uploads\\\/2026\\\/03\\\/Fire_On_Ice_Eau_de_Parfum_Lattafa_Unisexe_-_100ml_1.jpg\",\"width\":1080,\"height\":1080},{\"@type\":\"BreadcrumbList\",\"@id\":\"https:\\\/\\\/vitablanca.ma\\\/produit\\\/fire-on-ice-eau-de-parfum-lattafa-unisexe-100ml\\\/#breadcrumb\",\"itemListElement\":[{\"@type\":\"ListItem\",\"position\":1,\"name\":\"Home\",\"item\":\"https:\\\/\\\/vitablanca.ma\\\/\"},{\"@type\":\"ListItem\",\"position\":2,\"name\":\"Tous Les Produits\",\"item\":\"https:\\\/\\\/vitablanca.ma\\\/tous-les-produits\\\/\"},{\"@type\":\"ListItem\",\"position\":3,\"name\":\"Fire On Ice Eau de Parfum Lattafa Unisexe &#8211; 100ml\"}]},{\"@type\":\"WebSite\",\"@id\":\"https:\\\/\\\/vitablanca.ma\\\/#website\",\"url\":\"https:\\\/\\\/vitablanca.ma\\\/\",\"name\":\"VitaBlanca.ma | Compl\u00e9ments alimentaires, sant\u00e9 & beaut\u00e9 au Maroc\",\"description\":\"vendre vitamines et compl\u00e9ments premium des USA &amp; Canada, Nouvelle Z\u00e9lande,Maroc (NOW Foods, Solgar, Manuka). Livraison rapide partout au Maroc.\",\"publisher\":{\"@id\":\"https:\\\/\\\/vitablanca.ma\\\/#organization\"},\"alternateName\":\"VitaBlanca.ma\",\"potentialAction\":[{\"@type\":\"SearchAction\",\"target\":{\"@type\":\"EntryPoint\",\"urlTemplate\":\"https:\\\/\\\/vitablanca.ma\\\/?s={search_term_string}\"},\"query-input\":{\"@type\":\"PropertyValueSpecification\",\"valueRequired\":true,\"valueName\":\"search_term_string\"}}],\"inLanguage\":\"ar\"},{\"@type\":\"Organization\",\"@id\":\"https:\\\/\\\/vitablanca.ma\\\/#organization\",\"name\":\"VitaBlanca\",\"url\":\"https:\\\/\\\/vitablanca.ma\\\/\",\"logo\":{\"@type\":\"ImageObject\",\"inLanguage\":\"ar\",\"@id\":\"https:\\\/\\\/vitablanca.ma\\\/#\\\/schema\\\/logo\\\/image\\\/\",\"url\":\"https:\\\/\\\/vitablanca.ma\\\/wp-content\\\/uploads\\\/2025\\\/05\\\/cropped-vitablanca.png\",\"contentUrl\":\"https:\\\/\\\/vitablanca.ma\\\/wp-content\\\/uploads\\\/2025\\\/05\\\/cropped-vitablanca.png\",\"width\":360,\"height\":67,\"caption\":\"VitaBlanca\"},\"image\":{\"@id\":\"https:\\\/\\\/vitablanca.ma\\\/#\\\/schema\\\/logo\\\/image\\\/\"},\"sameAs\":[\"https:\\\/\\\/www.facebook.com\\\/profile.php?id=61576678196717\",\"https:\\\/\\\/www.tiktok.com\\\/@vitablanca.ma\",\"https:\\\/\\\/www.instagram.com\\\/vitablanca.ma\\\/\"]}]}<\/script>\n<!-- \/ Yoast SEO plugin. -->","yoast_head_json":{"title":"Fire On Ice Eau de Parfum Lattafa Unisexe - 100ml - Maroc Prix","description":"Fire On Ice Eau de Parfum Lattafa Unisexe - 100ml","robots":{"index":"index","follow":"follow","max-snippet":"max-snippet:-1","max-image-preview":"max-image-preview:large","max-video-preview":"max-video-preview:-1"},"canonical":"https:\/\/vitablanca.ma\/ar\/product-2\/fire-on-ice-eau-de-parfum-lattafa-unisexe-100ml\/","og_locale":"ar_AR","og_type":"article","og_title":"Fire On Ice Eau de Parfum Lattafa Unisexe - 100ml - Maroc Prix","og_description":"Fire On Ice Eau de Parfum Lattafa Unisexe - 100ml","og_url":"https:\/\/vitablanca.ma\/ar\/product-2\/fire-on-ice-eau-de-parfum-lattafa-unisexe-100ml\/","og_site_name":"Vitablanca.ma &ndash; Sant&eacute;, vitalit&eacute; et bien-&ecirc;tre pour tous les Marocains","article_publisher":"https:\/\/www.facebook.com\/profile.php?id=61576678196717","article_modified_time":"2026-03-15T23:08:38+00:00","og_image":[{"width":1080,"height":1080,"url":"https:\/\/vitablanca.ma\/wp-content\/uploads\/2026\/03\/Fire_On_Ice_Eau_de_Parfum_Lattafa_Unisexe_-_100ml_1.jpg","type":"image\/jpeg"}],"twitter_card":"summary_large_image","twitter_misc":{"\u0648\u0642\u062a \u0627\u0644\u0642\u0631\u0627\u0621\u0629 \u0627\u0644\u0645\u064f\u0642\u062f\u0651\u0631":"\u062f\u0642\u064a\u0642\u0629 \u0648\u0627\u062d\u062f\u0629"},"schema":{"@context":"https:\/\/schema.org","@graph":[{"@type":["WebPage","ItemPage"],"@id":"https:\/\/vitablanca.ma\/produit\/fire-on-ice-eau-de-parfum-lattafa-unisexe-100ml\/","url":"https:\/\/vitablanca.ma\/produit\/fire-on-ice-eau-de-parfum-lattafa-unisexe-100ml\/","name":"Fire On Ice Eau de Parfum Lattafa Unisexe - 100ml - Maroc Prix","isPartOf":{"@id":"https:\/\/vitablanca.ma\/#website"},"primaryImageOfPage":{"@id":"https:\/\/vitablanca.ma\/produit\/fire-on-ice-eau-de-parfum-lattafa-unisexe-100ml\/#primaryimage"},"image":{"@id":"https:\/\/vitablanca.ma\/produit\/fire-on-ice-eau-de-parfum-lattafa-unisexe-100ml\/#primaryimage"},"thumbnailUrl":"https:\/\/vitablanca.ma\/wp-content\/uploads\/2026\/03\/Fire_On_Ice_Eau_de_Parfum_Lattafa_Unisexe_-_100ml_1.jpg","datePublished":"2026-03-04T02:22:28+00:00","dateModified":"2026-03-15T23:08:38+00:00","description":"Fire On Ice Eau de Parfum Lattafa Unisexe - 100ml","breadcrumb":{"@id":"https:\/\/vitablanca.ma\/produit\/fire-on-ice-eau-de-parfum-lattafa-unisexe-100ml\/#breadcrumb"},"inLanguage":"ar","potentialAction":[{"@type":"ReadAction","target":["https:\/\/vitablanca.ma\/produit\/fire-on-ice-eau-de-parfum-lattafa-unisexe-100ml\/"]}]},{"@type":"ImageObject","inLanguage":"ar","@id":"https:\/\/vitablanca.ma\/produit\/fire-on-ice-eau-de-parfum-lattafa-unisexe-100ml\/#primaryimage","url":"https:\/\/vitablanca.ma\/wp-content\/uploads\/2026\/03\/Fire_On_Ice_Eau_de_Parfum_Lattafa_Unisexe_-_100ml_1.jpg","contentUrl":"https:\/\/vitablanca.ma\/wp-content\/uploads\/2026\/03\/Fire_On_Ice_Eau_de_Parfum_Lattafa_Unisexe_-_100ml_1.jpg","width":1080,"height":1080},{"@type":"BreadcrumbList","@id":"https:\/\/vitablanca.ma\/produit\/fire-on-ice-eau-de-parfum-lattafa-unisexe-100ml\/#breadcrumb","itemListElement":[{"@type":"ListItem","position":1,"name":"Home","item":"https:\/\/vitablanca.ma\/"},{"@type":"ListItem","position":2,"name":"Tous Les Produits","item":"https:\/\/vitablanca.ma\/tous-les-produits\/"},{"@type":"ListItem","position":3,"name":"Fire On Ice Eau de Parfum Lattafa Unisexe &#8211; 100ml"}]},{"@type":"WebSite","@id":"https:\/\/vitablanca.ma\/#website","url":"https:\/\/vitablanca.ma\/","name":"VitaBlanca.ma | \u0627\u0644\u0645\u0643\u0645\u0644\u0627\u062a \u0627\u0644\u063a\u0630\u0627\u0626\u064a\u0629\u060c \u0627\u0644\u0635\u062d\u0629 \u0648\u0627\u0644\u062c\u0645\u0627\u0644 \u0641\u064a \u0627\u0644\u0645\u063a\u0631\u0628","description":"\u0646\u0628\u064a\u0639 \u0641\u064a\u062a\u0627\u0645\u064a\u0646\u0627\u062a \u0648\u0645\u0643\u0645\u0644\u0627\u062a \u063a\u0630\u0627\u0626\u064a\u0629 \u0641\u0627\u062e\u0631\u0629 \u0645\u0646 \u0627\u0644\u0648\u0644\u0627\u064a\u0627\u062a \u0627\u0644\u0645\u062a\u062d\u062f\u0629 \u0627\u0644\u0623\u0645\u0631\u064a\u0643\u064a\u0629 \u0648\u0643\u0646\u062f\u0627 \u0648\u0646\u064a\u0648\u0632\u064a\u0644\u0646\u062f\u0627 \u0648\u0627\u0644\u0645\u063a\u0631\u0628 (\u0646\u0627\u0648 \u0641\u0648\u062f\u0632\u060c \u0633\u0648\u0644\u062c\u0627\u0631\u060c \u0645\u0627\u0646\u0648\u0643\u0627). \u062a\u0648\u0635\u064a\u0644 \u0633\u0631\u064a\u0639 \u0625\u0644\u0649 \u062c\u0645\u064a\u0639 \u0623\u0646\u062d\u0627\u0621 \u0627\u0644\u0645\u063a\u0631\u0628.","publisher":{"@id":"https:\/\/vitablanca.ma\/#organization"},"alternateName":"VitaBlanca.ma","potentialAction":[{"@type":"SearchAction","target":{"@type":"EntryPoint","urlTemplate":"https:\/\/vitablanca.ma\/?s={search_term_string}"},"query-input":{"@type":"PropertyValueSpecification","valueRequired":true,"valueName":"search_term_string"}}],"inLanguage":"ar"},{"@type":"Organization","@id":"https:\/\/vitablanca.ma\/#organization","name":"\u0641\u064a\u062a\u0627\u0628\u0644\u0627\u0646\u0643\u0627","url":"https:\/\/vitablanca.ma\/","logo":{"@type":"ImageObject","inLanguage":"ar","@id":"https:\/\/vitablanca.ma\/#\/schema\/logo\/image\/","url":"https:\/\/vitablanca.ma\/wp-content\/uploads\/2025\/05\/cropped-vitablanca.png","contentUrl":"https:\/\/vitablanca.ma\/wp-content\/uploads\/2025\/05\/cropped-vitablanca.png","width":360,"height":67,"caption":"VitaBlanca"},"image":{"@id":"https:\/\/vitablanca.ma\/#\/schema\/logo\/image\/"},"sameAs":["https:\/\/www.facebook.com\/profile.php?id=61576678196717","https:\/\/www.tiktok.com\/@vitablanca.ma","https:\/\/www.instagram.com\/vitablanca.ma\/"]}]}},"jetpack_sharing_enabled":true,"_links":{"self":[{"href":"https:\/\/vitablanca.ma\/ar\/wp-json\/wp\/v2\/product\/32402","targetHints":{"allow":["GET"]}}],"collection":[{"href":"https:\/\/vitablanca.ma\/ar\/wp-json\/wp\/v2\/product"}],"about":[{"href":"https:\/\/vitablanca.ma\/ar\/wp-json\/wp\/v2\/types\/product"}],"wp:featuredmedia":[{"embeddable":true,"href":"https:\/\/vitablanca.ma\/ar\/wp-json\/wp\/v2\/media\/32397"}],"wp:attachment":[{"href":"https:\/\/vitablanca.ma\/ar\/wp-json\/wp\/v2\/media?parent=32402"}],"wp:term":[{"taxonomy":"product_brand","embeddable":true,"href":"https:\/\/vitablanca.ma\/ar\/wp-json\/wp\/v2\/product_brand?post=32402"},{"taxonomy":"product_cat","embeddable":true,"href":"https:\/\/vitablanca.ma\/ar\/wp-json\/wp\/v2\/product_cat?post=32402"},{"taxonomy":"product_tag","embeddable":true,"href":"https:\/\/vitablanca.ma\/ar\/wp-json\/wp\/v2\/product_tag?post=32402"}],"curies":[{"name":"wp","href":"https:\/\/api.w.org\/{rel}","templated":true}]}}