{"id":32391,"date":"2026-03-04T02:22:08","date_gmt":"2026-03-04T02:22:08","guid":{"rendered":"https:\/\/vitablanca.ma\/produit\/nebula-ii-eau-de-parfum-de-maison-alhambra-pour-femme-100ml\/"},"modified":"2026-03-15T23:08:38","modified_gmt":"2026-03-15T23:08:38","slug":"nebula-ii-eau-de-parfum-de-maison-alhambra-pour-femme-100ml","status":"publish","type":"product","link":"https:\/\/vitablanca.ma\/ar\/product-2\/nebula-ii-eau-de-parfum-de-maison-alhambra-pour-femme-100ml\/","title":{"rendered":"Nebula II \u2013 EAU DE PARFUM de Maison Alhambra  Pour Femme &#8211; 100ml"},"content":{"rendered":"<p style=\"margin-bottom: .0001pt;line-height: normal;background: white;vertical-align: baseline\" class=\"MsoNormal\"><span style=\"font-family: 'Arial','sans-serif';color: #0d0d0d;background: white\">L\u2019Eau de Parfum\u00a0<\/span><strong style=\"line-height: inherit;text-align: start\"><span style=\"font-family: 'Arial','sans-serif';border: none windowtext 1.0pt;padding: 0cm\">Maison Alhambra Nebula II<\/span><\/strong><span style=\"text-align: start;float: none\">\u00a0est une fragrance f\u00e9minine exceptionnellement \u00e9quilibr\u00e9e. Elle allie fra\u00eecheur florale et douceur vanill\u00e9e.<\/span><span style=\"font-size: 6.0pt;font-family: 'Arial','sans-serif';color: #0d0d0d;background: white\"><\/span><\/p>\n<p style=\"margin-bottom: .0001pt;line-height: normal;background: white;vertical-align: baseline\" class=\"MsoNormal\"><span style=\"font-size: 6.0pt;font-family: 'Arial','sans-serif';color: #0d0d0d;background: white\">\u00a0<\/span><\/p>\n<p style=\"margin-bottom: .0001pt;line-height: normal;background: white;vertical-align: baseline\" class=\"MsoNormal\"><span style=\"font-family: 'Arial','sans-serif';color: #0d0d0d;background: white\">Elle s\u2019ouvre sur un bouquet l\u00e9ger de fleur d\u2019oranger, diffusant imm\u00e9diatement une fra\u00eecheur florale s\u00e9duisante. Le jasmin \u00e9l\u00e9gant lui conf\u00e8re une profondeur f\u00e9minine.<\/span><span style=\"font-size: 6.0pt;font-family: 'Arial','sans-serif';color: #0d0d0d;background: white\"><\/span><\/p>\n<p style=\"margin-bottom: .0001pt;line-height: normal;background: white;vertical-align: baseline\" class=\"MsoNormal\"><span style=\"font-size: 6.0pt;font-family: 'Arial','sans-serif';color: #0d0d0d;background: white\">\u00a0<\/span><\/p>\n<p style=\"margin-bottom: .0001pt;line-height: normal;background: white;vertical-align: baseline\" class=\"MsoNormal\"><span style=\"font-family: 'Arial','sans-serif';color: #0d0d0d;background: white\">Le fond de vanille velout\u00e9e offre une chaleur cr\u00e9meuse qui sublime harmonieusement le bouquet floral et assure une \u00e9l\u00e9gance longue dur\u00e9e, id\u00e9ale pour toutes les occasions, du bureau \u00e0 la soir\u00e9e.<\/span><span style=\"font-size: 6.0pt;font-family: 'Arial','sans-serif';color: #0d0d0d;background: white\"><\/span><\/p>\n<p style=\"margin-bottom: .0001pt;line-height: normal;background: white;vertical-align: baseline\" class=\"MsoNormal\"><span style=\"font-size: 6.0pt;font-family: 'Arial','sans-serif';color: #0d0d0d;background: white\">\u00a0<\/span><span style=\"font-family: 'Arial','sans-serif';color: #0d0d0d;background: white\">Maison Alhambra <b>Nebula II<\/b> appartient \u00e0 la famille des parfums floraux, vanill\u00e9s et unisexes et offre un profil universel et attrayant pour les amateurs de fragrances d\u00e9licates et onctueuses.<\/span><span style=\"font-size: 6.0pt;font-family: 'Arial','sans-serif';color: #0d0d0d;background: white\"><\/span><\/p>\n<p style=\"margin-bottom: .0001pt;line-height: normal;background: white;vertical-align: baseline\" class=\"MsoNormal\"><span style=\"font-size: 6.0pt;font-family: 'Arial','sans-serif';color: #0d0d0d;background: white\">\u00a0<\/span><span style=\"font-family: 'Arial','sans-serif';color: #0d0d0d;background: white\">Selon le fabricant, elle est parfaite pour les occasions formelles comme d\u00e9contract\u00e9es.<\/span><\/p>\n<p style=\"margin-bottom: .0001pt;line-height: normal;background: white;vertical-align: baseline\" class=\"MsoNormal\"><span style=\"font-family: 'Arial','sans-serif';color: #0d0d0d\">\u00a0<\/span><\/p>\n<p style=\"margin-bottom: .0001pt;line-height: normal;background: white;vertical-align: baseline\" class=\"MsoNormal\"><strong><span style=\"font-family: 'Arial','sans-serif';color: #0d0d0d\">Notes olfactives :<\/span><\/strong><\/p>\n<ul>\n<li style=\"line-height: normal;background: white;vertical-align: baseline\" class=\"MsoNormal\">\n<b><span style=\"font-family: 'Arial','sans-serif';color: #0d0d0d;border: none windowtext 1.0pt;padding: 0cm\">\u0627\u0644\u0645\u0643\u0648\u0646\u0627\u062a \u0627\u0644\u0639\u0644\u064a\u0627:<\/span><\/b><span style=\"font-family: 'Arial','sans-serif';color: #0d0d0d\">\u00a0Amande<\/span><b><span style=\"font-family: 'Arial','sans-serif';color: #0d0d0d\"><\/span><\/b>\n<\/li>\n<li style=\"line-height: normal;background: white;vertical-align: baseline\" class=\"MsoNormal\">\n<b><span style=\"font-family: 'Arial','sans-serif';color: #0d0d0d;border: none windowtext 1.0pt;padding: 0cm\">Notes de coeur :<\/span><\/b><span style=\"font-family: 'Arial','sans-serif';color: #0d0d0d\">\u00a0Cannelle, Fleur d\u2019oranger, Rose de Turquie<\/span><b><span style=\"font-family: 'Arial','sans-serif';color: #0d0d0d\"><\/span><\/b>\n<\/li>\n<li style=\"line-height: normal;background: white;vertical-align: baseline\" class=\"MsoNormal\">\n<b><span style=\"font-family: 'Arial','sans-serif';color: #0d0d0d;border: none windowtext 1.0pt;padding: 0cm\">\u0627\u0644\u0645\u0643\u0648\u0646\u0627\u062a \u0627\u0644\u0623\u0633\u0627\u0633\u064a\u0629:<\/span><\/b><span style=\"font-family: 'Arial','sans-serif';color: #0d0d0d\">\u00a0F\u00e8ve de tonka, Amberwood, Vanille<\/span><b><span style=\"font-family: 'Arial','sans-serif';color: #0d0d0d\"><\/span><\/b>\n<\/li>\n<li style=\"line-height: normal;background: white;vertical-align: baseline\" class=\"MsoNormal\">\n<b><span style=\"font-family: 'Arial','sans-serif';color: #0d0d0d;border: none windowtext 1.0pt;padding: 0cm\">Ce parfum rappelle:<\/span><\/b><span style=\"font-family: 'Arial','sans-serif';color: #0d0d0d\">\u00a0Shaghaf Oud Tonka Swiss Arabian<\/span><b><span style=\"font-family: 'Arial','sans-serif';color: #0d0d0d\"><\/span><\/b>\n<\/li>\n<\/ul>\n<p><span style=\"font-size: 11.0pt;font-family: 'Arial','sans-serif';color: #0d0d0d\">\u00a0<\/span><\/p>","protected":false},"excerpt":{"rendered":"<p>L\u2019Eau de Parfum\u00a0Maison Alhambra Nebula II\u00a0est une fragrance f\u00e9minine exceptionnellement \u00e9quilibr\u00e9e. Elle allie fra\u00eecheur florale et douceur vanill\u00e9e. \u00a0 Elle s\u2019ouvre sur un bouquet l\u00e9ger de fleur d\u2019oranger, diffusant imm\u00e9diatement une fra\u00eecheur florale s\u00e9duisante. Le jasmin \u00e9l\u00e9gant lui conf\u00e8re une profondeur f\u00e9minine. \u00a0 Le fond de vanille velout\u00e9e offre une chaleur cr\u00e9meuse qui sublime harmonieusement [&hellip;]<\/p>\n","protected":false},"featured_media":32386,"template":"","meta":{"om_disable_all_campaigns":false},"product_brand":[],"product_cat":[18,15,1091],"product_tag":[],"class_list":{"0":"post-32391","1":"product","2":"type-product","3":"status-publish","4":"has-post-thumbnail","6":"product_cat-beaute-sante","7":"product_cat-beaute-sante-complements-alimentaires-soins-et-bien-etre-au-meilleur-prix","8":"product_cat-beaute-parfums-maroc-prix","10":"first","11":"outofstock","12":"taxable","13":"shipping-taxable","14":"purchasable","15":"product-type-simple"},"yoast_head":"<!-- This site is optimized with the Yoast SEO plugin v27.3 - https:\/\/yoast.com\/product\/yoast-seo-wordpress\/ -->\n<title>Nebula II \u2013 EAU DE PARFUM de Maison Alhambra Pour Femme - 100ml - Maroc Prix<\/title>\n<meta name=\"description\" content=\"Nebula II \u2013 EAU DE PARFUM de Maison Alhambra Pour Femme - 100ml\" \/>\n<meta name=\"robots\" content=\"index, follow, max-snippet:-1, max-image-preview:large, max-video-preview:-1\" \/>\n<link rel=\"canonical\" href=\"https:\/\/vitablanca.ma\/ar\/product-2\/nebula-ii-eau-de-parfum-de-maison-alhambra-pour-femme-100ml\/\" \/>\n<meta property=\"og:locale\" content=\"ar_AR\" \/>\n<meta property=\"og:type\" content=\"article\" \/>\n<meta property=\"og:title\" content=\"Nebula II \u2013 EAU DE PARFUM de Maison Alhambra Pour Femme - 100ml - Maroc Prix\" \/>\n<meta property=\"og:description\" content=\"Nebula II \u2013 EAU DE PARFUM de Maison Alhambra Pour Femme - 100ml\" \/>\n<meta property=\"og:url\" content=\"https:\/\/vitablanca.ma\/ar\/product-2\/nebula-ii-eau-de-parfum-de-maison-alhambra-pour-femme-100ml\/\" \/>\n<meta property=\"og:site_name\" content=\"Vitablanca.ma &ndash; Sant&eacute;, vitalit&eacute; et bien-&ecirc;tre pour tous les Marocains\" \/>\n<meta property=\"article:publisher\" content=\"https:\/\/www.facebook.com\/profile.php?id=61576678196717\" \/>\n<meta property=\"article:modified_time\" content=\"2026-03-15T23:08:38+00:00\" \/>\n<meta property=\"og:image\" content=\"https:\/\/vitablanca.ma\/wp-content\/uploads\/2026\/03\/Nebula_II_EAU_DE_PARFUM_de_Maison_Alhambra_Pour_Femme_-_100ml_1.jpg\" \/>\n\t<meta property=\"og:image:width\" content=\"1080\" \/>\n\t<meta property=\"og:image:height\" content=\"1080\" \/>\n\t<meta property=\"og:image:type\" content=\"image\/jpeg\" \/>\n<meta name=\"twitter:card\" content=\"summary_large_image\" \/>\n<meta name=\"twitter:label1\" content=\"\u0648\u0642\u062a \u0627\u0644\u0642\u0631\u0627\u0621\u0629 \u0627\u0644\u0645\u064f\u0642\u062f\u0651\u0631\" \/>\n\t<meta name=\"twitter:data1\" content=\"\u062f\u0642\u064a\u0642\u0629 \u0648\u0627\u062d\u062f\u0629\" \/>\n<script type=\"application\/ld+json\" class=\"yoast-schema-graph\">{\"@context\":\"https:\\\/\\\/schema.org\",\"@graph\":[{\"@type\":[\"WebPage\",\"ItemPage\"],\"@id\":\"https:\\\/\\\/vitablanca.ma\\\/produit\\\/nebula-ii-eau-de-parfum-de-maison-alhambra-pour-femme-100ml\\\/\",\"url\":\"https:\\\/\\\/vitablanca.ma\\\/produit\\\/nebula-ii-eau-de-parfum-de-maison-alhambra-pour-femme-100ml\\\/\",\"name\":\"Nebula II \u2013 EAU DE PARFUM de Maison Alhambra Pour Femme - 100ml - Maroc Prix\",\"isPartOf\":{\"@id\":\"https:\\\/\\\/vitablanca.ma\\\/#website\"},\"primaryImageOfPage\":{\"@id\":\"https:\\\/\\\/vitablanca.ma\\\/produit\\\/nebula-ii-eau-de-parfum-de-maison-alhambra-pour-femme-100ml\\\/#primaryimage\"},\"image\":{\"@id\":\"https:\\\/\\\/vitablanca.ma\\\/produit\\\/nebula-ii-eau-de-parfum-de-maison-alhambra-pour-femme-100ml\\\/#primaryimage\"},\"thumbnailUrl\":\"https:\\\/\\\/vitablanca.ma\\\/wp-content\\\/uploads\\\/2026\\\/03\\\/Nebula_II_EAU_DE_PARFUM_de_Maison_Alhambra_Pour_Femme_-_100ml_1.jpg\",\"datePublished\":\"2026-03-04T02:22:08+00:00\",\"dateModified\":\"2026-03-15T23:08:38+00:00\",\"description\":\"Nebula II \u2013 EAU DE PARFUM de Maison Alhambra Pour Femme - 100ml\",\"breadcrumb\":{\"@id\":\"https:\\\/\\\/vitablanca.ma\\\/produit\\\/nebula-ii-eau-de-parfum-de-maison-alhambra-pour-femme-100ml\\\/#breadcrumb\"},\"inLanguage\":\"ar\",\"potentialAction\":[{\"@type\":\"ReadAction\",\"target\":[\"https:\\\/\\\/vitablanca.ma\\\/produit\\\/nebula-ii-eau-de-parfum-de-maison-alhambra-pour-femme-100ml\\\/\"]}]},{\"@type\":\"ImageObject\",\"inLanguage\":\"ar\",\"@id\":\"https:\\\/\\\/vitablanca.ma\\\/produit\\\/nebula-ii-eau-de-parfum-de-maison-alhambra-pour-femme-100ml\\\/#primaryimage\",\"url\":\"https:\\\/\\\/vitablanca.ma\\\/wp-content\\\/uploads\\\/2026\\\/03\\\/Nebula_II_EAU_DE_PARFUM_de_Maison_Alhambra_Pour_Femme_-_100ml_1.jpg\",\"contentUrl\":\"https:\\\/\\\/vitablanca.ma\\\/wp-content\\\/uploads\\\/2026\\\/03\\\/Nebula_II_EAU_DE_PARFUM_de_Maison_Alhambra_Pour_Femme_-_100ml_1.jpg\",\"width\":1080,\"height\":1080},{\"@type\":\"BreadcrumbList\",\"@id\":\"https:\\\/\\\/vitablanca.ma\\\/produit\\\/nebula-ii-eau-de-parfum-de-maison-alhambra-pour-femme-100ml\\\/#breadcrumb\",\"itemListElement\":[{\"@type\":\"ListItem\",\"position\":1,\"name\":\"Home\",\"item\":\"https:\\\/\\\/vitablanca.ma\\\/\"},{\"@type\":\"ListItem\",\"position\":2,\"name\":\"Tous Les Produits\",\"item\":\"https:\\\/\\\/vitablanca.ma\\\/tous-les-produits\\\/\"},{\"@type\":\"ListItem\",\"position\":3,\"name\":\"Nebula II \u2013 EAU DE PARFUM de Maison Alhambra Pour Femme &#8211; 100ml\"}]},{\"@type\":\"WebSite\",\"@id\":\"https:\\\/\\\/vitablanca.ma\\\/#website\",\"url\":\"https:\\\/\\\/vitablanca.ma\\\/\",\"name\":\"VitaBlanca.ma | Compl\u00e9ments alimentaires, sant\u00e9 & beaut\u00e9 au Maroc\",\"description\":\"vendre vitamines et compl\u00e9ments premium des USA &amp; Canada, Nouvelle Z\u00e9lande,Maroc (NOW Foods, Solgar, Manuka). Livraison rapide partout au Maroc.\",\"publisher\":{\"@id\":\"https:\\\/\\\/vitablanca.ma\\\/#organization\"},\"alternateName\":\"VitaBlanca.ma\",\"potentialAction\":[{\"@type\":\"SearchAction\",\"target\":{\"@type\":\"EntryPoint\",\"urlTemplate\":\"https:\\\/\\\/vitablanca.ma\\\/?s={search_term_string}\"},\"query-input\":{\"@type\":\"PropertyValueSpecification\",\"valueRequired\":true,\"valueName\":\"search_term_string\"}}],\"inLanguage\":\"ar\"},{\"@type\":\"Organization\",\"@id\":\"https:\\\/\\\/vitablanca.ma\\\/#organization\",\"name\":\"VitaBlanca\",\"url\":\"https:\\\/\\\/vitablanca.ma\\\/\",\"logo\":{\"@type\":\"ImageObject\",\"inLanguage\":\"ar\",\"@id\":\"https:\\\/\\\/vitablanca.ma\\\/#\\\/schema\\\/logo\\\/image\\\/\",\"url\":\"https:\\\/\\\/vitablanca.ma\\\/wp-content\\\/uploads\\\/2025\\\/05\\\/cropped-vitablanca.png\",\"contentUrl\":\"https:\\\/\\\/vitablanca.ma\\\/wp-content\\\/uploads\\\/2025\\\/05\\\/cropped-vitablanca.png\",\"width\":360,\"height\":67,\"caption\":\"VitaBlanca\"},\"image\":{\"@id\":\"https:\\\/\\\/vitablanca.ma\\\/#\\\/schema\\\/logo\\\/image\\\/\"},\"sameAs\":[\"https:\\\/\\\/www.facebook.com\\\/profile.php?id=61576678196717\",\"https:\\\/\\\/www.tiktok.com\\\/@vitablanca.ma\",\"https:\\\/\\\/www.instagram.com\\\/vitablanca.ma\\\/\"]}]}<\/script>\n<!-- \/ Yoast SEO plugin. -->","yoast_head_json":{"title":"Nebula II \u2013 EAU DE PARFUM de Maison Alhambra Pour Femme - 100ml - Maroc Prix","description":"Nebula II \u2013 EAU DE PARFUM de Maison Alhambra Pour Femme - 100ml","robots":{"index":"index","follow":"follow","max-snippet":"max-snippet:-1","max-image-preview":"max-image-preview:large","max-video-preview":"max-video-preview:-1"},"canonical":"https:\/\/vitablanca.ma\/ar\/product-2\/nebula-ii-eau-de-parfum-de-maison-alhambra-pour-femme-100ml\/","og_locale":"ar_AR","og_type":"article","og_title":"Nebula II \u2013 EAU DE PARFUM de Maison Alhambra Pour Femme - 100ml - Maroc Prix","og_description":"Nebula II \u2013 EAU DE PARFUM de Maison Alhambra Pour Femme - 100ml","og_url":"https:\/\/vitablanca.ma\/ar\/product-2\/nebula-ii-eau-de-parfum-de-maison-alhambra-pour-femme-100ml\/","og_site_name":"Vitablanca.ma &ndash; Sant&eacute;, vitalit&eacute; et bien-&ecirc;tre pour tous les Marocains","article_publisher":"https:\/\/www.facebook.com\/profile.php?id=61576678196717","article_modified_time":"2026-03-15T23:08:38+00:00","og_image":[{"width":1080,"height":1080,"url":"https:\/\/vitablanca.ma\/wp-content\/uploads\/2026\/03\/Nebula_II_EAU_DE_PARFUM_de_Maison_Alhambra_Pour_Femme_-_100ml_1.jpg","type":"image\/jpeg"}],"twitter_card":"summary_large_image","twitter_misc":{"\u0648\u0642\u062a \u0627\u0644\u0642\u0631\u0627\u0621\u0629 \u0627\u0644\u0645\u064f\u0642\u062f\u0651\u0631":"\u062f\u0642\u064a\u0642\u0629 \u0648\u0627\u062d\u062f\u0629"},"schema":{"@context":"https:\/\/schema.org","@graph":[{"@type":["WebPage","ItemPage"],"@id":"https:\/\/vitablanca.ma\/produit\/nebula-ii-eau-de-parfum-de-maison-alhambra-pour-femme-100ml\/","url":"https:\/\/vitablanca.ma\/produit\/nebula-ii-eau-de-parfum-de-maison-alhambra-pour-femme-100ml\/","name":"Nebula II \u2013 EAU DE PARFUM de Maison Alhambra Pour Femme - 100ml - Maroc Prix","isPartOf":{"@id":"https:\/\/vitablanca.ma\/#website"},"primaryImageOfPage":{"@id":"https:\/\/vitablanca.ma\/produit\/nebula-ii-eau-de-parfum-de-maison-alhambra-pour-femme-100ml\/#primaryimage"},"image":{"@id":"https:\/\/vitablanca.ma\/produit\/nebula-ii-eau-de-parfum-de-maison-alhambra-pour-femme-100ml\/#primaryimage"},"thumbnailUrl":"https:\/\/vitablanca.ma\/wp-content\/uploads\/2026\/03\/Nebula_II_EAU_DE_PARFUM_de_Maison_Alhambra_Pour_Femme_-_100ml_1.jpg","datePublished":"2026-03-04T02:22:08+00:00","dateModified":"2026-03-15T23:08:38+00:00","description":"Nebula II \u2013 EAU DE PARFUM de Maison Alhambra Pour Femme - 100ml","breadcrumb":{"@id":"https:\/\/vitablanca.ma\/produit\/nebula-ii-eau-de-parfum-de-maison-alhambra-pour-femme-100ml\/#breadcrumb"},"inLanguage":"ar","potentialAction":[{"@type":"ReadAction","target":["https:\/\/vitablanca.ma\/produit\/nebula-ii-eau-de-parfum-de-maison-alhambra-pour-femme-100ml\/"]}]},{"@type":"ImageObject","inLanguage":"ar","@id":"https:\/\/vitablanca.ma\/produit\/nebula-ii-eau-de-parfum-de-maison-alhambra-pour-femme-100ml\/#primaryimage","url":"https:\/\/vitablanca.ma\/wp-content\/uploads\/2026\/03\/Nebula_II_EAU_DE_PARFUM_de_Maison_Alhambra_Pour_Femme_-_100ml_1.jpg","contentUrl":"https:\/\/vitablanca.ma\/wp-content\/uploads\/2026\/03\/Nebula_II_EAU_DE_PARFUM_de_Maison_Alhambra_Pour_Femme_-_100ml_1.jpg","width":1080,"height":1080},{"@type":"BreadcrumbList","@id":"https:\/\/vitablanca.ma\/produit\/nebula-ii-eau-de-parfum-de-maison-alhambra-pour-femme-100ml\/#breadcrumb","itemListElement":[{"@type":"ListItem","position":1,"name":"Home","item":"https:\/\/vitablanca.ma\/"},{"@type":"ListItem","position":2,"name":"Tous Les Produits","item":"https:\/\/vitablanca.ma\/tous-les-produits\/"},{"@type":"ListItem","position":3,"name":"Nebula II \u2013 EAU DE PARFUM de Maison Alhambra Pour Femme &#8211; 100ml"}]},{"@type":"WebSite","@id":"https:\/\/vitablanca.ma\/#website","url":"https:\/\/vitablanca.ma\/","name":"VitaBlanca.ma | \u0627\u0644\u0645\u0643\u0645\u0644\u0627\u062a \u0627\u0644\u063a\u0630\u0627\u0626\u064a\u0629\u060c \u0627\u0644\u0635\u062d\u0629 \u0648\u0627\u0644\u062c\u0645\u0627\u0644 \u0641\u064a \u0627\u0644\u0645\u063a\u0631\u0628","description":"\u0646\u0628\u064a\u0639 \u0641\u064a\u062a\u0627\u0645\u064a\u0646\u0627\u062a \u0648\u0645\u0643\u0645\u0644\u0627\u062a \u063a\u0630\u0627\u0626\u064a\u0629 \u0641\u0627\u062e\u0631\u0629 \u0645\u0646 \u0627\u0644\u0648\u0644\u0627\u064a\u0627\u062a \u0627\u0644\u0645\u062a\u062d\u062f\u0629 \u0627\u0644\u0623\u0645\u0631\u064a\u0643\u064a\u0629 \u0648\u0643\u0646\u062f\u0627 \u0648\u0646\u064a\u0648\u0632\u064a\u0644\u0646\u062f\u0627 \u0648\u0627\u0644\u0645\u063a\u0631\u0628 (\u0646\u0627\u0648 \u0641\u0648\u062f\u0632\u060c \u0633\u0648\u0644\u062c\u0627\u0631\u060c \u0645\u0627\u0646\u0648\u0643\u0627). \u062a\u0648\u0635\u064a\u0644 \u0633\u0631\u064a\u0639 \u0625\u0644\u0649 \u062c\u0645\u064a\u0639 \u0623\u0646\u062d\u0627\u0621 \u0627\u0644\u0645\u063a\u0631\u0628.","publisher":{"@id":"https:\/\/vitablanca.ma\/#organization"},"alternateName":"VitaBlanca.ma","potentialAction":[{"@type":"SearchAction","target":{"@type":"EntryPoint","urlTemplate":"https:\/\/vitablanca.ma\/?s={search_term_string}"},"query-input":{"@type":"PropertyValueSpecification","valueRequired":true,"valueName":"search_term_string"}}],"inLanguage":"ar"},{"@type":"Organization","@id":"https:\/\/vitablanca.ma\/#organization","name":"\u0641\u064a\u062a\u0627\u0628\u0644\u0627\u0646\u0643\u0627","url":"https:\/\/vitablanca.ma\/","logo":{"@type":"ImageObject","inLanguage":"ar","@id":"https:\/\/vitablanca.ma\/#\/schema\/logo\/image\/","url":"https:\/\/vitablanca.ma\/wp-content\/uploads\/2025\/05\/cropped-vitablanca.png","contentUrl":"https:\/\/vitablanca.ma\/wp-content\/uploads\/2025\/05\/cropped-vitablanca.png","width":360,"height":67,"caption":"VitaBlanca"},"image":{"@id":"https:\/\/vitablanca.ma\/#\/schema\/logo\/image\/"},"sameAs":["https:\/\/www.facebook.com\/profile.php?id=61576678196717","https:\/\/www.tiktok.com\/@vitablanca.ma","https:\/\/www.instagram.com\/vitablanca.ma\/"]}]}},"jetpack_sharing_enabled":true,"_links":{"self":[{"href":"https:\/\/vitablanca.ma\/ar\/wp-json\/wp\/v2\/product\/32391","targetHints":{"allow":["GET"]}}],"collection":[{"href":"https:\/\/vitablanca.ma\/ar\/wp-json\/wp\/v2\/product"}],"about":[{"href":"https:\/\/vitablanca.ma\/ar\/wp-json\/wp\/v2\/types\/product"}],"wp:featuredmedia":[{"embeddable":true,"href":"https:\/\/vitablanca.ma\/ar\/wp-json\/wp\/v2\/media\/32386"}],"wp:attachment":[{"href":"https:\/\/vitablanca.ma\/ar\/wp-json\/wp\/v2\/media?parent=32391"}],"wp:term":[{"taxonomy":"product_brand","embeddable":true,"href":"https:\/\/vitablanca.ma\/ar\/wp-json\/wp\/v2\/product_brand?post=32391"},{"taxonomy":"product_cat","embeddable":true,"href":"https:\/\/vitablanca.ma\/ar\/wp-json\/wp\/v2\/product_cat?post=32391"},{"taxonomy":"product_tag","embeddable":true,"href":"https:\/\/vitablanca.ma\/ar\/wp-json\/wp\/v2\/product_tag?post=32391"}],"curies":[{"name":"wp","href":"https:\/\/api.w.org\/{rel}","templated":true}]}}