{"id":31923,"date":"2026-03-04T02:08:23","date_gmt":"2026-03-04T02:08:23","guid":{"rendered":"https:\/\/vitablanca.ma\/produit\/sultry-woods-eau-de-parfum-french-avenue-pour-homme-80-ml\/"},"modified":"2026-03-15T23:08:45","modified_gmt":"2026-03-15T23:08:45","slug":"sultry-woods-eau-de-parfum-french-avenue-pour-homme-80-ml","status":"publish","type":"product","link":"https:\/\/vitablanca.ma\/ar\/product-2\/sultry-woods-eau-de-parfum-french-avenue-pour-homme-80-ml\/","title":{"rendered":"Sultry Woods Eau de Parfum FRENCH AVENUE Pour Homme &#8211; 80 ml"},"content":{"rendered":"<p class=\"MsoNormal\"><span style=\"font-family: 'Arial','sans-serif';color: #262626\">\u064a\u0643\u062a\u0634\u0641 <b>Sultry Woods Eau de Parfum de 80 ml<\/b> \u0644 <b>French Avenue,<\/b> une cr\u00e9ation distingu\u00e9e de Fragrance World. Ce parfum sophistiqu\u00e9 associe des notes riches et terreuses \u00e0 des \u00e9pices Chaudes et des nuances sensuelles, cr\u00e9ant une exp\u00e9rience \u00e0 la fois captivante et \u00e9l\u00e9gante.<\/span><\/p>\n<p class=\"MsoNormal\"><b><span style=\"font-family: 'Arial','sans-serif';color: #262626\">Notes olfactives :<\/span><\/b><span style=\"font-family: 'Arial','sans-serif';color: #262626\"><\/span><\/p>\n<ul>\n<li class=\"MsoNormal\">\n<b><span style=\"font-family: 'Arial','sans-serif';color: #262626\">\u0627\u0644\u0645\u0643\u0648\u0646\u0627\u062a \u0627\u0644\u0639\u0644\u064a\u0627:<\/span><\/b><span style=\"font-family: 'Arial','sans-serif';color: #262626\"> Bergamote, Sauge sclar\u00e9e, Lavande<\/span>\n<\/li>\n<li class=\"MsoNormal\">\n<b><span style=\"font-family: 'Arial','sans-serif';color: #262626\">\u0645\u0644\u0627\u062d\u0638\u0627\u062a \u0627\u0644\u0642\u0644\u0628:<\/span><\/b><span style=\"font-family: 'Arial','sans-serif';color: #262626\"> Bois de c\u00e8dre, Praline, Safran<\/span>\n<\/li>\n<li class=\"MsoNormal\">\n<b><span style=\"font-family: 'Arial','sans-serif';color: #262626\">\u0627\u0644\u0645\u0643\u0648\u0646\u0627\u062a \u0627\u0644\u0623\u0633\u0627\u0633\u064a\u0629:<\/span><\/b><span style=\"font-family: 'Arial','sans-serif';color: #262626\"> Cuir, Musc, Patchouli<\/span>\n<\/li>\n<li class=\"MsoNormal\"><b><span style=\"font-family: 'Arial','sans-serif';color: #262626\">Dupe : Shem Nishane<\/span><\/b><\/li>\n<\/ul>","protected":false},"excerpt":{"rendered":"<p>D\u00e9couvrez Sultry Woods Eau de Parfum de 80 ml de French Avenue, une cr\u00e9ation distingu\u00e9e de Fragrance World. Ce parfum sophistiqu\u00e9 associe des notes riches et terreuses \u00e0 des \u00e9pices Chaudes et des nuances sensuelles, cr\u00e9ant une exp\u00e9rience \u00e0 la fois captivante et \u00e9l\u00e9gante. Notes olfactives : Notes de t\u00eate : Bergamote, Sauge sclar\u00e9e, Lavande [&hellip;]<\/p>\n","protected":false},"featured_media":31919,"template":"","meta":{"om_disable_all_campaigns":false},"product_brand":[],"product_cat":[18,15,1091],"product_tag":[],"class_list":{"0":"post-31923","1":"product","2":"type-product","3":"status-publish","4":"has-post-thumbnail","6":"product_cat-beaute-sante","7":"product_cat-beaute-sante-complements-alimentaires-soins-et-bien-etre-au-meilleur-prix","8":"product_cat-beaute-parfums-maroc-prix","10":"first","11":"outofstock","12":"taxable","13":"shipping-taxable","14":"purchasable","15":"product-type-simple"},"yoast_head":"<!-- This site is optimized with the Yoast SEO plugin v27.3 - https:\/\/yoast.com\/product\/yoast-seo-wordpress\/ -->\n<title>Sultry Woods Eau de Parfum FRENCH AVENUE Pour Homme - 80 ml - Maroc Prix<\/title>\n<meta name=\"description\" content=\"Sultry Woods Eau de Parfum FRENCH AVENUE Pour Homme - 80 ml\" \/>\n<meta name=\"robots\" content=\"index, follow, max-snippet:-1, max-image-preview:large, max-video-preview:-1\" \/>\n<link rel=\"canonical\" href=\"https:\/\/vitablanca.ma\/ar\/product-2\/sultry-woods-eau-de-parfum-french-avenue-pour-homme-80-ml\/\" \/>\n<meta property=\"og:locale\" content=\"ar_AR\" \/>\n<meta property=\"og:type\" content=\"article\" \/>\n<meta property=\"og:title\" content=\"Sultry Woods Eau de Parfum FRENCH AVENUE Pour Homme - 80 ml - Maroc Prix\" \/>\n<meta property=\"og:description\" content=\"Sultry Woods Eau de Parfum FRENCH AVENUE Pour Homme - 80 ml\" \/>\n<meta property=\"og:url\" content=\"https:\/\/vitablanca.ma\/ar\/product-2\/sultry-woods-eau-de-parfum-french-avenue-pour-homme-80-ml\/\" \/>\n<meta property=\"og:site_name\" content=\"Vitablanca.ma &ndash; Sant&eacute;, vitalit&eacute; et bien-&ecirc;tre pour tous les Marocains\" \/>\n<meta property=\"article:publisher\" content=\"https:\/\/www.facebook.com\/profile.php?id=61576678196717\" \/>\n<meta property=\"article:modified_time\" content=\"2026-03-15T23:08:45+00:00\" \/>\n<meta property=\"og:image\" content=\"https:\/\/vitablanca.ma\/wp-content\/uploads\/2026\/03\/SultryWoodsEaudeParfumFRENCHAVENUEPourHomme-80ml3.jpg\" \/>\n\t<meta property=\"og:image:width\" content=\"1080\" \/>\n\t<meta property=\"og:image:height\" content=\"1080\" \/>\n\t<meta property=\"og:image:type\" content=\"image\/jpeg\" \/>\n<meta name=\"twitter:card\" content=\"summary_large_image\" \/>\n<script type=\"application\/ld+json\" class=\"yoast-schema-graph\">{\"@context\":\"https:\\\/\\\/schema.org\",\"@graph\":[{\"@type\":[\"WebPage\",\"ItemPage\"],\"@id\":\"https:\\\/\\\/vitablanca.ma\\\/produit\\\/sultry-woods-eau-de-parfum-french-avenue-pour-homme-80-ml\\\/\",\"url\":\"https:\\\/\\\/vitablanca.ma\\\/produit\\\/sultry-woods-eau-de-parfum-french-avenue-pour-homme-80-ml\\\/\",\"name\":\"Sultry Woods Eau de Parfum FRENCH AVENUE Pour Homme - 80 ml - Maroc Prix\",\"isPartOf\":{\"@id\":\"https:\\\/\\\/vitablanca.ma\\\/#website\"},\"primaryImageOfPage\":{\"@id\":\"https:\\\/\\\/vitablanca.ma\\\/produit\\\/sultry-woods-eau-de-parfum-french-avenue-pour-homme-80-ml\\\/#primaryimage\"},\"image\":{\"@id\":\"https:\\\/\\\/vitablanca.ma\\\/produit\\\/sultry-woods-eau-de-parfum-french-avenue-pour-homme-80-ml\\\/#primaryimage\"},\"thumbnailUrl\":\"https:\\\/\\\/vitablanca.ma\\\/wp-content\\\/uploads\\\/2026\\\/03\\\/SultryWoodsEaudeParfumFRENCHAVENUEPourHomme-80ml3.jpg\",\"datePublished\":\"2026-03-04T02:08:23+00:00\",\"dateModified\":\"2026-03-15T23:08:45+00:00\",\"description\":\"Sultry Woods Eau de Parfum FRENCH AVENUE Pour Homme - 80 ml\",\"breadcrumb\":{\"@id\":\"https:\\\/\\\/vitablanca.ma\\\/produit\\\/sultry-woods-eau-de-parfum-french-avenue-pour-homme-80-ml\\\/#breadcrumb\"},\"inLanguage\":\"ar\",\"potentialAction\":[{\"@type\":\"ReadAction\",\"target\":[\"https:\\\/\\\/vitablanca.ma\\\/produit\\\/sultry-woods-eau-de-parfum-french-avenue-pour-homme-80-ml\\\/\"]}]},{\"@type\":\"ImageObject\",\"inLanguage\":\"ar\",\"@id\":\"https:\\\/\\\/vitablanca.ma\\\/produit\\\/sultry-woods-eau-de-parfum-french-avenue-pour-homme-80-ml\\\/#primaryimage\",\"url\":\"https:\\\/\\\/vitablanca.ma\\\/wp-content\\\/uploads\\\/2026\\\/03\\\/SultryWoodsEaudeParfumFRENCHAVENUEPourHomme-80ml3.jpg\",\"contentUrl\":\"https:\\\/\\\/vitablanca.ma\\\/wp-content\\\/uploads\\\/2026\\\/03\\\/SultryWoodsEaudeParfumFRENCHAVENUEPourHomme-80ml3.jpg\",\"width\":1080,\"height\":1080},{\"@type\":\"BreadcrumbList\",\"@id\":\"https:\\\/\\\/vitablanca.ma\\\/produit\\\/sultry-woods-eau-de-parfum-french-avenue-pour-homme-80-ml\\\/#breadcrumb\",\"itemListElement\":[{\"@type\":\"ListItem\",\"position\":1,\"name\":\"Home\",\"item\":\"https:\\\/\\\/vitablanca.ma\\\/\"},{\"@type\":\"ListItem\",\"position\":2,\"name\":\"Tous Les Produits\",\"item\":\"https:\\\/\\\/vitablanca.ma\\\/tous-les-produits\\\/\"},{\"@type\":\"ListItem\",\"position\":3,\"name\":\"Sultry Woods Eau de Parfum FRENCH AVENUE Pour Homme &#8211; 80 ml\"}]},{\"@type\":\"WebSite\",\"@id\":\"https:\\\/\\\/vitablanca.ma\\\/#website\",\"url\":\"https:\\\/\\\/vitablanca.ma\\\/\",\"name\":\"VitaBlanca.ma | Compl\u00e9ments alimentaires, sant\u00e9 & beaut\u00e9 au Maroc\",\"description\":\"vendre vitamines et compl\u00e9ments premium des USA &amp; Canada, Nouvelle Z\u00e9lande,Maroc (NOW Foods, Solgar, Manuka). Livraison rapide partout au Maroc.\",\"publisher\":{\"@id\":\"https:\\\/\\\/vitablanca.ma\\\/#organization\"},\"alternateName\":\"VitaBlanca.ma\",\"potentialAction\":[{\"@type\":\"SearchAction\",\"target\":{\"@type\":\"EntryPoint\",\"urlTemplate\":\"https:\\\/\\\/vitablanca.ma\\\/?s={search_term_string}\"},\"query-input\":{\"@type\":\"PropertyValueSpecification\",\"valueRequired\":true,\"valueName\":\"search_term_string\"}}],\"inLanguage\":\"ar\"},{\"@type\":\"Organization\",\"@id\":\"https:\\\/\\\/vitablanca.ma\\\/#organization\",\"name\":\"VitaBlanca\",\"url\":\"https:\\\/\\\/vitablanca.ma\\\/\",\"logo\":{\"@type\":\"ImageObject\",\"inLanguage\":\"ar\",\"@id\":\"https:\\\/\\\/vitablanca.ma\\\/#\\\/schema\\\/logo\\\/image\\\/\",\"url\":\"https:\\\/\\\/vitablanca.ma\\\/wp-content\\\/uploads\\\/2025\\\/05\\\/cropped-vitablanca.png\",\"contentUrl\":\"https:\\\/\\\/vitablanca.ma\\\/wp-content\\\/uploads\\\/2025\\\/05\\\/cropped-vitablanca.png\",\"width\":360,\"height\":67,\"caption\":\"VitaBlanca\"},\"image\":{\"@id\":\"https:\\\/\\\/vitablanca.ma\\\/#\\\/schema\\\/logo\\\/image\\\/\"},\"sameAs\":[\"https:\\\/\\\/www.facebook.com\\\/profile.php?id=61576678196717\",\"https:\\\/\\\/www.tiktok.com\\\/@vitablanca.ma\",\"https:\\\/\\\/www.instagram.com\\\/vitablanca.ma\\\/\"]}]}<\/script>\n<!-- \/ Yoast SEO plugin. -->","yoast_head_json":{"title":"Sultry Woods Eau de Parfum FRENCH AVENUE Pour Homme - 80 ml - Maroc Prix","description":"Sultry Woods Eau de Parfum FRENCH AVENUE Pour Homme - 80 ml","robots":{"index":"index","follow":"follow","max-snippet":"max-snippet:-1","max-image-preview":"max-image-preview:large","max-video-preview":"max-video-preview:-1"},"canonical":"https:\/\/vitablanca.ma\/ar\/product-2\/sultry-woods-eau-de-parfum-french-avenue-pour-homme-80-ml\/","og_locale":"ar_AR","og_type":"article","og_title":"Sultry Woods Eau de Parfum FRENCH AVENUE Pour Homme - 80 ml - Maroc Prix","og_description":"Sultry Woods Eau de Parfum FRENCH AVENUE Pour Homme - 80 ml","og_url":"https:\/\/vitablanca.ma\/ar\/product-2\/sultry-woods-eau-de-parfum-french-avenue-pour-homme-80-ml\/","og_site_name":"Vitablanca.ma &ndash; Sant&eacute;, vitalit&eacute; et bien-&ecirc;tre pour tous les Marocains","article_publisher":"https:\/\/www.facebook.com\/profile.php?id=61576678196717","article_modified_time":"2026-03-15T23:08:45+00:00","og_image":[{"width":1080,"height":1080,"url":"https:\/\/vitablanca.ma\/wp-content\/uploads\/2026\/03\/SultryWoodsEaudeParfumFRENCHAVENUEPourHomme-80ml3.jpg","type":"image\/jpeg"}],"twitter_card":"summary_large_image","schema":{"@context":"https:\/\/schema.org","@graph":[{"@type":["WebPage","ItemPage"],"@id":"https:\/\/vitablanca.ma\/produit\/sultry-woods-eau-de-parfum-french-avenue-pour-homme-80-ml\/","url":"https:\/\/vitablanca.ma\/produit\/sultry-woods-eau-de-parfum-french-avenue-pour-homme-80-ml\/","name":"Sultry Woods Eau de Parfum FRENCH AVENUE Pour Homme - 80 ml - Maroc Prix","isPartOf":{"@id":"https:\/\/vitablanca.ma\/#website"},"primaryImageOfPage":{"@id":"https:\/\/vitablanca.ma\/produit\/sultry-woods-eau-de-parfum-french-avenue-pour-homme-80-ml\/#primaryimage"},"image":{"@id":"https:\/\/vitablanca.ma\/produit\/sultry-woods-eau-de-parfum-french-avenue-pour-homme-80-ml\/#primaryimage"},"thumbnailUrl":"https:\/\/vitablanca.ma\/wp-content\/uploads\/2026\/03\/SultryWoodsEaudeParfumFRENCHAVENUEPourHomme-80ml3.jpg","datePublished":"2026-03-04T02:08:23+00:00","dateModified":"2026-03-15T23:08:45+00:00","description":"Sultry Woods Eau de Parfum FRENCH AVENUE Pour Homme - 80 ml","breadcrumb":{"@id":"https:\/\/vitablanca.ma\/produit\/sultry-woods-eau-de-parfum-french-avenue-pour-homme-80-ml\/#breadcrumb"},"inLanguage":"ar","potentialAction":[{"@type":"ReadAction","target":["https:\/\/vitablanca.ma\/produit\/sultry-woods-eau-de-parfum-french-avenue-pour-homme-80-ml\/"]}]},{"@type":"ImageObject","inLanguage":"ar","@id":"https:\/\/vitablanca.ma\/produit\/sultry-woods-eau-de-parfum-french-avenue-pour-homme-80-ml\/#primaryimage","url":"https:\/\/vitablanca.ma\/wp-content\/uploads\/2026\/03\/SultryWoodsEaudeParfumFRENCHAVENUEPourHomme-80ml3.jpg","contentUrl":"https:\/\/vitablanca.ma\/wp-content\/uploads\/2026\/03\/SultryWoodsEaudeParfumFRENCHAVENUEPourHomme-80ml3.jpg","width":1080,"height":1080},{"@type":"BreadcrumbList","@id":"https:\/\/vitablanca.ma\/produit\/sultry-woods-eau-de-parfum-french-avenue-pour-homme-80-ml\/#breadcrumb","itemListElement":[{"@type":"ListItem","position":1,"name":"Home","item":"https:\/\/vitablanca.ma\/"},{"@type":"ListItem","position":2,"name":"Tous Les Produits","item":"https:\/\/vitablanca.ma\/tous-les-produits\/"},{"@type":"ListItem","position":3,"name":"Sultry Woods Eau de Parfum FRENCH AVENUE Pour Homme &#8211; 80 ml"}]},{"@type":"WebSite","@id":"https:\/\/vitablanca.ma\/#website","url":"https:\/\/vitablanca.ma\/","name":"VitaBlanca.ma | \u0627\u0644\u0645\u0643\u0645\u0644\u0627\u062a \u0627\u0644\u063a\u0630\u0627\u0626\u064a\u0629\u060c \u0627\u0644\u0635\u062d\u0629 \u0648\u0627\u0644\u062c\u0645\u0627\u0644 \u0641\u064a \u0627\u0644\u0645\u063a\u0631\u0628","description":"\u0646\u0628\u064a\u0639 \u0641\u064a\u062a\u0627\u0645\u064a\u0646\u0627\u062a \u0648\u0645\u0643\u0645\u0644\u0627\u062a \u063a\u0630\u0627\u0626\u064a\u0629 \u0641\u0627\u062e\u0631\u0629 \u0645\u0646 \u0627\u0644\u0648\u0644\u0627\u064a\u0627\u062a \u0627\u0644\u0645\u062a\u062d\u062f\u0629 \u0627\u0644\u0623\u0645\u0631\u064a\u0643\u064a\u0629 \u0648\u0643\u0646\u062f\u0627 \u0648\u0646\u064a\u0648\u0632\u064a\u0644\u0646\u062f\u0627 \u0648\u0627\u0644\u0645\u063a\u0631\u0628 (\u0646\u0627\u0648 \u0641\u0648\u062f\u0632\u060c \u0633\u0648\u0644\u062c\u0627\u0631\u060c \u0645\u0627\u0646\u0648\u0643\u0627). \u062a\u0648\u0635\u064a\u0644 \u0633\u0631\u064a\u0639 \u0625\u0644\u0649 \u062c\u0645\u064a\u0639 \u0623\u0646\u062d\u0627\u0621 \u0627\u0644\u0645\u063a\u0631\u0628.","publisher":{"@id":"https:\/\/vitablanca.ma\/#organization"},"alternateName":"VitaBlanca.ma","potentialAction":[{"@type":"SearchAction","target":{"@type":"EntryPoint","urlTemplate":"https:\/\/vitablanca.ma\/?s={search_term_string}"},"query-input":{"@type":"PropertyValueSpecification","valueRequired":true,"valueName":"search_term_string"}}],"inLanguage":"ar"},{"@type":"Organization","@id":"https:\/\/vitablanca.ma\/#organization","name":"\u0641\u064a\u062a\u0627\u0628\u0644\u0627\u0646\u0643\u0627","url":"https:\/\/vitablanca.ma\/","logo":{"@type":"ImageObject","inLanguage":"ar","@id":"https:\/\/vitablanca.ma\/#\/schema\/logo\/image\/","url":"https:\/\/vitablanca.ma\/wp-content\/uploads\/2025\/05\/cropped-vitablanca.png","contentUrl":"https:\/\/vitablanca.ma\/wp-content\/uploads\/2025\/05\/cropped-vitablanca.png","width":360,"height":67,"caption":"VitaBlanca"},"image":{"@id":"https:\/\/vitablanca.ma\/#\/schema\/logo\/image\/"},"sameAs":["https:\/\/www.facebook.com\/profile.php?id=61576678196717","https:\/\/www.tiktok.com\/@vitablanca.ma","https:\/\/www.instagram.com\/vitablanca.ma\/"]}]}},"jetpack_sharing_enabled":true,"_links":{"self":[{"href":"https:\/\/vitablanca.ma\/ar\/wp-json\/wp\/v2\/product\/31923","targetHints":{"allow":["GET"]}}],"collection":[{"href":"https:\/\/vitablanca.ma\/ar\/wp-json\/wp\/v2\/product"}],"about":[{"href":"https:\/\/vitablanca.ma\/ar\/wp-json\/wp\/v2\/types\/product"}],"wp:featuredmedia":[{"embeddable":true,"href":"https:\/\/vitablanca.ma\/ar\/wp-json\/wp\/v2\/media\/31919"}],"wp:attachment":[{"href":"https:\/\/vitablanca.ma\/ar\/wp-json\/wp\/v2\/media?parent=31923"}],"wp:term":[{"taxonomy":"product_brand","embeddable":true,"href":"https:\/\/vitablanca.ma\/ar\/wp-json\/wp\/v2\/product_brand?post=31923"},{"taxonomy":"product_cat","embeddable":true,"href":"https:\/\/vitablanca.ma\/ar\/wp-json\/wp\/v2\/product_cat?post=31923"},{"taxonomy":"product_tag","embeddable":true,"href":"https:\/\/vitablanca.ma\/ar\/wp-json\/wp\/v2\/product_tag?post=31923"}],"curies":[{"name":"wp","href":"https:\/\/api.w.org\/{rel}","templated":true}]}}