{"id":31736,"date":"2026-03-04T02:03:18","date_gmt":"2026-03-04T02:03:18","guid":{"rendered":"https:\/\/vitablanca.ma\/produit\/lattafa-his-confession-noir-eau-de-parfum-pour-homme-100m\/"},"modified":"2026-03-15T23:08:47","modified_gmt":"2026-03-15T23:08:47","slug":"lattafa-his-confession-noir-eau-de-parfum-pour-homme-100m","status":"publish","type":"product","link":"https:\/\/vitablanca.ma\/ar\/product-2\/lattafa-his-confession-noir-eau-de-parfum-pour-homme-100m\/","title":{"rendered":"LATTAFA \u2013 HIS CONFESSION NOIR Eau de Parfum Pour Homme \u2013 100m"},"content":{"rendered":"<p><strong>His Confession NOIR de Lattafa Perfumes, une eau de parfum pour homme de 100 ml<\/strong> qui incarne l&rsquo;\u00e9l\u00e9gance et la sophistication masculines. Cette fragrance orientale bois\u00e9e offre une exp\u00e9rience olfactive riche et captivante.<br \/><strong>His Confession<\/strong> s&rsquo;ouvre sur des notes de t\u00eate dynamiques de mandarine, de cannelle et de lavande, cr\u00e9ant une premi\u00e8re impression fra\u00eeche et \u00e9pic\u00e9e. Le coeur r\u00e9v\u00e8le un m\u00e9lange raffin\u00e9 d&rsquo;iris, de cypr\u00e8s, de benjoin et de mahonial, apportant une profondeur florale et r\u00e9sineuse. Les notes de fond associent la vanille, la f\u00e8ve tonka, l&rsquo;ambre, l&rsquo;encens, le c\u00e8dre et le patchouli, offrant une base chaleureuse et bois\u00e9e qui laisse un sillage durable et s\u00e9duisant<br \/>Cette composition harmonieuse est ideale pour l&rsquo;homme moderne en qu\u00eate d&rsquo;un parfum \u00e0 la fois sophistique el intemporel, adapte \u00e0 toutes les occasions.<\/p>\n<p class=\"MsoNormal\"><b>Notes olfactives :<\/b><\/p>\n<ul>\n<li>\n<strong>\u0627\u0644\u0645\u0643\u0648\u0646\u0627\u062a \u0627\u0644\u0639\u0644\u064a\u0627:<\/strong> Mandarine, Cannelle, Lavande<\/li>\n<li>\n<strong>\u0645\u0644\u0627\u062d\u0638\u0627\u062a \u0627\u0644\u0642\u0644\u0628: <\/strong>Iris, Cypr\u00e8s, Benjoin, Mahonial<\/li>\n<li>\n<strong>\u0627\u0644\u0645\u0643\u0648\u0646\u0627\u062a \u0627\u0644\u0623\u0633\u0627\u0633\u064a\u0629: <\/strong>Vanille, F\u00e8ve tonka, Ambre, Encens, C\u00e8dre, Patchouli<\/li>\n<li>\n<strong>Dupe :<\/strong> Gentleman Eau de Parfum Givenchy<\/li>\n<\/ul>","protected":false},"excerpt":{"rendered":"<p>His Confession NOIR de Lattafa Perfumes, une eau de parfum pour homme de 100 ml qui incarne l&rsquo;\u00e9l\u00e9gance et la sophistication masculines. Cette fragrance orientale bois\u00e9e offre une exp\u00e9rience olfactive riche et captivante.His Confession s&rsquo;ouvre sur des notes de t\u00eate dynamiques de mandarine, de cannelle et de lavande, cr\u00e9ant une premi\u00e8re impression fra\u00eeche et \u00e9pic\u00e9e. [&hellip;]<\/p>\n","protected":false},"featured_media":31730,"template":"","meta":{"om_disable_all_campaigns":false},"product_brand":[],"product_cat":[18,15,1091],"product_tag":[],"class_list":{"0":"post-31736","1":"product","2":"type-product","3":"status-publish","4":"has-post-thumbnail","6":"product_cat-beaute-sante","7":"product_cat-beaute-sante-complements-alimentaires-soins-et-bien-etre-au-meilleur-prix","8":"product_cat-beaute-parfums-maroc-prix","10":"first","11":"outofstock","12":"taxable","13":"shipping-taxable","14":"purchasable","15":"product-type-simple"},"yoast_head":"<!-- This site is optimized with the Yoast SEO plugin v27.3 - https:\/\/yoast.com\/product\/yoast-seo-wordpress\/ -->\n<title>LATTAFA \u2013 HIS CONFESSION NOIR Eau de Parfum Pour Homme \u2013 100m - Maroc Prix<\/title>\n<meta name=\"description\" content=\"LATTAFA \u2013 HIS CONFESSION NOIR Eau de Parfum Pour Homme \u2013 100m\" \/>\n<meta name=\"robots\" content=\"index, follow, max-snippet:-1, max-image-preview:large, max-video-preview:-1\" \/>\n<link rel=\"canonical\" href=\"https:\/\/vitablanca.ma\/ar\/product-2\/lattafa-his-confession-noir-eau-de-parfum-pour-homme-100m\/\" \/>\n<meta property=\"og:locale\" content=\"ar_AR\" \/>\n<meta property=\"og:type\" content=\"article\" \/>\n<meta property=\"og:title\" content=\"LATTAFA \u2013 HIS CONFESSION NOIR Eau de Parfum Pour Homme \u2013 100m - Maroc Prix\" \/>\n<meta property=\"og:description\" content=\"LATTAFA \u2013 HIS CONFESSION NOIR Eau de Parfum Pour Homme \u2013 100m\" \/>\n<meta property=\"og:url\" content=\"https:\/\/vitablanca.ma\/ar\/product-2\/lattafa-his-confession-noir-eau-de-parfum-pour-homme-100m\/\" \/>\n<meta property=\"og:site_name\" content=\"Vitablanca.ma &ndash; Sant&eacute;, vitalit&eacute; et bien-&ecirc;tre pour tous les Marocains\" \/>\n<meta property=\"article:publisher\" content=\"https:\/\/www.facebook.com\/profile.php?id=61576678196717\" \/>\n<meta property=\"article:modified_time\" content=\"2026-03-15T23:08:47+00:00\" \/>\n<meta property=\"og:image\" content=\"https:\/\/vitablanca.ma\/wp-content\/uploads\/2026\/03\/LATTAFA_HISCONFESSIONEaudeParfumPourHomme_100m2.jpg\" \/>\n\t<meta property=\"og:image:width\" content=\"1080\" \/>\n\t<meta property=\"og:image:height\" content=\"1080\" \/>\n\t<meta property=\"og:image:type\" content=\"image\/jpeg\" \/>\n<meta name=\"twitter:card\" content=\"summary_large_image\" \/>\n<meta name=\"twitter:label1\" content=\"\u0648\u0642\u062a \u0627\u0644\u0642\u0631\u0627\u0621\u0629 \u0627\u0644\u0645\u064f\u0642\u062f\u0651\u0631\" \/>\n\t<meta name=\"twitter:data1\" content=\"\u062f\u0642\u064a\u0642\u0629 \u0648\u0627\u062d\u062f\u0629\" \/>\n<script type=\"application\/ld+json\" class=\"yoast-schema-graph\">{\"@context\":\"https:\\\/\\\/schema.org\",\"@graph\":[{\"@type\":[\"WebPage\",\"ItemPage\"],\"@id\":\"https:\\\/\\\/vitablanca.ma\\\/produit\\\/lattafa-his-confession-noir-eau-de-parfum-pour-homme-100m\\\/\",\"url\":\"https:\\\/\\\/vitablanca.ma\\\/produit\\\/lattafa-his-confession-noir-eau-de-parfum-pour-homme-100m\\\/\",\"name\":\"LATTAFA \u2013 HIS CONFESSION NOIR Eau de Parfum Pour Homme \u2013 100m - Maroc Prix\",\"isPartOf\":{\"@id\":\"https:\\\/\\\/vitablanca.ma\\\/#website\"},\"primaryImageOfPage\":{\"@id\":\"https:\\\/\\\/vitablanca.ma\\\/produit\\\/lattafa-his-confession-noir-eau-de-parfum-pour-homme-100m\\\/#primaryimage\"},\"image\":{\"@id\":\"https:\\\/\\\/vitablanca.ma\\\/produit\\\/lattafa-his-confession-noir-eau-de-parfum-pour-homme-100m\\\/#primaryimage\"},\"thumbnailUrl\":\"https:\\\/\\\/vitablanca.ma\\\/wp-content\\\/uploads\\\/2026\\\/03\\\/LATTAFA_HISCONFESSIONEaudeParfumPourHomme_100m2.jpg\",\"datePublished\":\"2026-03-04T02:03:18+00:00\",\"dateModified\":\"2026-03-15T23:08:47+00:00\",\"description\":\"LATTAFA \u2013 HIS CONFESSION NOIR Eau de Parfum Pour Homme \u2013 100m\",\"breadcrumb\":{\"@id\":\"https:\\\/\\\/vitablanca.ma\\\/produit\\\/lattafa-his-confession-noir-eau-de-parfum-pour-homme-100m\\\/#breadcrumb\"},\"inLanguage\":\"ar\",\"potentialAction\":[{\"@type\":\"ReadAction\",\"target\":[\"https:\\\/\\\/vitablanca.ma\\\/produit\\\/lattafa-his-confession-noir-eau-de-parfum-pour-homme-100m\\\/\"]}]},{\"@type\":\"ImageObject\",\"inLanguage\":\"ar\",\"@id\":\"https:\\\/\\\/vitablanca.ma\\\/produit\\\/lattafa-his-confession-noir-eau-de-parfum-pour-homme-100m\\\/#primaryimage\",\"url\":\"https:\\\/\\\/vitablanca.ma\\\/wp-content\\\/uploads\\\/2026\\\/03\\\/LATTAFA_HISCONFESSIONEaudeParfumPourHomme_100m2.jpg\",\"contentUrl\":\"https:\\\/\\\/vitablanca.ma\\\/wp-content\\\/uploads\\\/2026\\\/03\\\/LATTAFA_HISCONFESSIONEaudeParfumPourHomme_100m2.jpg\",\"width\":1080,\"height\":1080},{\"@type\":\"BreadcrumbList\",\"@id\":\"https:\\\/\\\/vitablanca.ma\\\/produit\\\/lattafa-his-confession-noir-eau-de-parfum-pour-homme-100m\\\/#breadcrumb\",\"itemListElement\":[{\"@type\":\"ListItem\",\"position\":1,\"name\":\"Home\",\"item\":\"https:\\\/\\\/vitablanca.ma\\\/\"},{\"@type\":\"ListItem\",\"position\":2,\"name\":\"Tous Les Produits\",\"item\":\"https:\\\/\\\/vitablanca.ma\\\/tous-les-produits\\\/\"},{\"@type\":\"ListItem\",\"position\":3,\"name\":\"LATTAFA \u2013 HIS CONFESSION NOIR Eau de Parfum Pour Homme \u2013 100m\"}]},{\"@type\":\"WebSite\",\"@id\":\"https:\\\/\\\/vitablanca.ma\\\/#website\",\"url\":\"https:\\\/\\\/vitablanca.ma\\\/\",\"name\":\"VitaBlanca.ma | Compl\u00e9ments alimentaires, sant\u00e9 & beaut\u00e9 au Maroc\",\"description\":\"vendre vitamines et compl\u00e9ments premium des USA &amp; Canada, Nouvelle Z\u00e9lande,Maroc (NOW Foods, Solgar, Manuka). Livraison rapide partout au Maroc.\",\"publisher\":{\"@id\":\"https:\\\/\\\/vitablanca.ma\\\/#organization\"},\"alternateName\":\"VitaBlanca.ma\",\"potentialAction\":[{\"@type\":\"SearchAction\",\"target\":{\"@type\":\"EntryPoint\",\"urlTemplate\":\"https:\\\/\\\/vitablanca.ma\\\/?s={search_term_string}\"},\"query-input\":{\"@type\":\"PropertyValueSpecification\",\"valueRequired\":true,\"valueName\":\"search_term_string\"}}],\"inLanguage\":\"ar\"},{\"@type\":\"Organization\",\"@id\":\"https:\\\/\\\/vitablanca.ma\\\/#organization\",\"name\":\"VitaBlanca\",\"url\":\"https:\\\/\\\/vitablanca.ma\\\/\",\"logo\":{\"@type\":\"ImageObject\",\"inLanguage\":\"ar\",\"@id\":\"https:\\\/\\\/vitablanca.ma\\\/#\\\/schema\\\/logo\\\/image\\\/\",\"url\":\"https:\\\/\\\/vitablanca.ma\\\/wp-content\\\/uploads\\\/2025\\\/05\\\/cropped-vitablanca.png\",\"contentUrl\":\"https:\\\/\\\/vitablanca.ma\\\/wp-content\\\/uploads\\\/2025\\\/05\\\/cropped-vitablanca.png\",\"width\":360,\"height\":67,\"caption\":\"VitaBlanca\"},\"image\":{\"@id\":\"https:\\\/\\\/vitablanca.ma\\\/#\\\/schema\\\/logo\\\/image\\\/\"},\"sameAs\":[\"https:\\\/\\\/www.facebook.com\\\/profile.php?id=61576678196717\",\"https:\\\/\\\/www.tiktok.com\\\/@vitablanca.ma\",\"https:\\\/\\\/www.instagram.com\\\/vitablanca.ma\\\/\"]}]}<\/script>\n<!-- \/ Yoast SEO plugin. -->","yoast_head_json":{"title":"LATTAFA \u2013 HIS CONFESSION NOIR Eau de Parfum Pour Homme \u2013 100m - Maroc Prix","description":"LATTAFA \u2013 HIS CONFESSION NOIR Eau de Parfum Pour Homme \u2013 100m","robots":{"index":"index","follow":"follow","max-snippet":"max-snippet:-1","max-image-preview":"max-image-preview:large","max-video-preview":"max-video-preview:-1"},"canonical":"https:\/\/vitablanca.ma\/ar\/product-2\/lattafa-his-confession-noir-eau-de-parfum-pour-homme-100m\/","og_locale":"ar_AR","og_type":"article","og_title":"LATTAFA \u2013 HIS CONFESSION NOIR Eau de Parfum Pour Homme \u2013 100m - Maroc Prix","og_description":"LATTAFA \u2013 HIS CONFESSION NOIR Eau de Parfum Pour Homme \u2013 100m","og_url":"https:\/\/vitablanca.ma\/ar\/product-2\/lattafa-his-confession-noir-eau-de-parfum-pour-homme-100m\/","og_site_name":"Vitablanca.ma &ndash; Sant&eacute;, vitalit&eacute; et bien-&ecirc;tre pour tous les Marocains","article_publisher":"https:\/\/www.facebook.com\/profile.php?id=61576678196717","article_modified_time":"2026-03-15T23:08:47+00:00","og_image":[{"width":1080,"height":1080,"url":"https:\/\/vitablanca.ma\/wp-content\/uploads\/2026\/03\/LATTAFA_HISCONFESSIONEaudeParfumPourHomme_100m2.jpg","type":"image\/jpeg"}],"twitter_card":"summary_large_image","twitter_misc":{"\u0648\u0642\u062a \u0627\u0644\u0642\u0631\u0627\u0621\u0629 \u0627\u0644\u0645\u064f\u0642\u062f\u0651\u0631":"\u062f\u0642\u064a\u0642\u0629 \u0648\u0627\u062d\u062f\u0629"},"schema":{"@context":"https:\/\/schema.org","@graph":[{"@type":["WebPage","ItemPage"],"@id":"https:\/\/vitablanca.ma\/produit\/lattafa-his-confession-noir-eau-de-parfum-pour-homme-100m\/","url":"https:\/\/vitablanca.ma\/produit\/lattafa-his-confession-noir-eau-de-parfum-pour-homme-100m\/","name":"LATTAFA \u2013 HIS CONFESSION NOIR Eau de Parfum Pour Homme \u2013 100m - Maroc Prix","isPartOf":{"@id":"https:\/\/vitablanca.ma\/#website"},"primaryImageOfPage":{"@id":"https:\/\/vitablanca.ma\/produit\/lattafa-his-confession-noir-eau-de-parfum-pour-homme-100m\/#primaryimage"},"image":{"@id":"https:\/\/vitablanca.ma\/produit\/lattafa-his-confession-noir-eau-de-parfum-pour-homme-100m\/#primaryimage"},"thumbnailUrl":"https:\/\/vitablanca.ma\/wp-content\/uploads\/2026\/03\/LATTAFA_HISCONFESSIONEaudeParfumPourHomme_100m2.jpg","datePublished":"2026-03-04T02:03:18+00:00","dateModified":"2026-03-15T23:08:47+00:00","description":"LATTAFA \u2013 HIS CONFESSION NOIR Eau de Parfum Pour Homme \u2013 100m","breadcrumb":{"@id":"https:\/\/vitablanca.ma\/produit\/lattafa-his-confession-noir-eau-de-parfum-pour-homme-100m\/#breadcrumb"},"inLanguage":"ar","potentialAction":[{"@type":"ReadAction","target":["https:\/\/vitablanca.ma\/produit\/lattafa-his-confession-noir-eau-de-parfum-pour-homme-100m\/"]}]},{"@type":"ImageObject","inLanguage":"ar","@id":"https:\/\/vitablanca.ma\/produit\/lattafa-his-confession-noir-eau-de-parfum-pour-homme-100m\/#primaryimage","url":"https:\/\/vitablanca.ma\/wp-content\/uploads\/2026\/03\/LATTAFA_HISCONFESSIONEaudeParfumPourHomme_100m2.jpg","contentUrl":"https:\/\/vitablanca.ma\/wp-content\/uploads\/2026\/03\/LATTAFA_HISCONFESSIONEaudeParfumPourHomme_100m2.jpg","width":1080,"height":1080},{"@type":"BreadcrumbList","@id":"https:\/\/vitablanca.ma\/produit\/lattafa-his-confession-noir-eau-de-parfum-pour-homme-100m\/#breadcrumb","itemListElement":[{"@type":"ListItem","position":1,"name":"Home","item":"https:\/\/vitablanca.ma\/"},{"@type":"ListItem","position":2,"name":"Tous Les Produits","item":"https:\/\/vitablanca.ma\/tous-les-produits\/"},{"@type":"ListItem","position":3,"name":"LATTAFA \u2013 HIS CONFESSION NOIR Eau de Parfum Pour Homme \u2013 100m"}]},{"@type":"WebSite","@id":"https:\/\/vitablanca.ma\/#website","url":"https:\/\/vitablanca.ma\/","name":"VitaBlanca.ma | \u0627\u0644\u0645\u0643\u0645\u0644\u0627\u062a \u0627\u0644\u063a\u0630\u0627\u0626\u064a\u0629\u060c \u0627\u0644\u0635\u062d\u0629 \u0648\u0627\u0644\u062c\u0645\u0627\u0644 \u0641\u064a \u0627\u0644\u0645\u063a\u0631\u0628","description":"\u0646\u0628\u064a\u0639 \u0641\u064a\u062a\u0627\u0645\u064a\u0646\u0627\u062a \u0648\u0645\u0643\u0645\u0644\u0627\u062a \u063a\u0630\u0627\u0626\u064a\u0629 \u0641\u0627\u062e\u0631\u0629 \u0645\u0646 \u0627\u0644\u0648\u0644\u0627\u064a\u0627\u062a \u0627\u0644\u0645\u062a\u062d\u062f\u0629 \u0627\u0644\u0623\u0645\u0631\u064a\u0643\u064a\u0629 \u0648\u0643\u0646\u062f\u0627 \u0648\u0646\u064a\u0648\u0632\u064a\u0644\u0646\u062f\u0627 \u0648\u0627\u0644\u0645\u063a\u0631\u0628 (\u0646\u0627\u0648 \u0641\u0648\u062f\u0632\u060c \u0633\u0648\u0644\u062c\u0627\u0631\u060c \u0645\u0627\u0646\u0648\u0643\u0627). \u062a\u0648\u0635\u064a\u0644 \u0633\u0631\u064a\u0639 \u0625\u0644\u0649 \u062c\u0645\u064a\u0639 \u0623\u0646\u062d\u0627\u0621 \u0627\u0644\u0645\u063a\u0631\u0628.","publisher":{"@id":"https:\/\/vitablanca.ma\/#organization"},"alternateName":"VitaBlanca.ma","potentialAction":[{"@type":"SearchAction","target":{"@type":"EntryPoint","urlTemplate":"https:\/\/vitablanca.ma\/?s={search_term_string}"},"query-input":{"@type":"PropertyValueSpecification","valueRequired":true,"valueName":"search_term_string"}}],"inLanguage":"ar"},{"@type":"Organization","@id":"https:\/\/vitablanca.ma\/#organization","name":"\u0641\u064a\u062a\u0627\u0628\u0644\u0627\u0646\u0643\u0627","url":"https:\/\/vitablanca.ma\/","logo":{"@type":"ImageObject","inLanguage":"ar","@id":"https:\/\/vitablanca.ma\/#\/schema\/logo\/image\/","url":"https:\/\/vitablanca.ma\/wp-content\/uploads\/2025\/05\/cropped-vitablanca.png","contentUrl":"https:\/\/vitablanca.ma\/wp-content\/uploads\/2025\/05\/cropped-vitablanca.png","width":360,"height":67,"caption":"VitaBlanca"},"image":{"@id":"https:\/\/vitablanca.ma\/#\/schema\/logo\/image\/"},"sameAs":["https:\/\/www.facebook.com\/profile.php?id=61576678196717","https:\/\/www.tiktok.com\/@vitablanca.ma","https:\/\/www.instagram.com\/vitablanca.ma\/"]}]}},"jetpack_sharing_enabled":true,"_links":{"self":[{"href":"https:\/\/vitablanca.ma\/ar\/wp-json\/wp\/v2\/product\/31736","targetHints":{"allow":["GET"]}}],"collection":[{"href":"https:\/\/vitablanca.ma\/ar\/wp-json\/wp\/v2\/product"}],"about":[{"href":"https:\/\/vitablanca.ma\/ar\/wp-json\/wp\/v2\/types\/product"}],"wp:featuredmedia":[{"embeddable":true,"href":"https:\/\/vitablanca.ma\/ar\/wp-json\/wp\/v2\/media\/31730"}],"wp:attachment":[{"href":"https:\/\/vitablanca.ma\/ar\/wp-json\/wp\/v2\/media?parent=31736"}],"wp:term":[{"taxonomy":"product_brand","embeddable":true,"href":"https:\/\/vitablanca.ma\/ar\/wp-json\/wp\/v2\/product_brand?post=31736"},{"taxonomy":"product_cat","embeddable":true,"href":"https:\/\/vitablanca.ma\/ar\/wp-json\/wp\/v2\/product_cat?post=31736"},{"taxonomy":"product_tag","embeddable":true,"href":"https:\/\/vitablanca.ma\/ar\/wp-json\/wp\/v2\/product_tag?post=31736"}],"curies":[{"name":"wp","href":"https:\/\/api.w.org\/{rel}","templated":true}]}}