{"id":31705,"date":"2026-03-04T02:02:32","date_gmt":"2026-03-04T02:02:32","guid":{"rendered":"https:\/\/vitablanca.ma\/produit\/cocoa-morado-eau-de-parfum-french-avenue-unisexe-100-ml\/"},"modified":"2026-03-15T23:08:48","modified_gmt":"2026-03-15T23:08:48","slug":"cocoa-morado-eau-de-parfum-french-avenue-unisexe-100-ml","status":"publish","type":"product","link":"https:\/\/vitablanca.ma\/ar\/product-2\/cocoa-morado-eau-de-parfum-french-avenue-unisexe-100-ml\/","title":{"rendered":"COCOA MORADO Eau de Parfum FRENCH AVENUE Unisexe &#8211; 100 ml"},"content":{"rendered":"<p class=\"MsoNormal\" style=\"margin-bottom: .0001pt;line-height: 150%\"><b>Cocoa Morado<\/b> \u0644 <b>French Avenue <\/b>est une eau de parfum riche et captivante inspir\u00e9e par l&rsquo;Oud Cadenza, offrant une fusion luxueuse de notes \u00e9pic\u00e9es, gourmandes et bois\u00e9es. Elle s&rsquo;ouvre sur une explosion vibrante de safran, de cannelle, de cardamome, de gingembre, de poivre rose et de muscade, cr\u00e9ant une entr\u00e9e exotique et chaleureuse qui captive instantan\u00e9ment les sens.<span style=\"font-size: 6.0pt;line-height: 150%\"><\/span><\/p>\n<p class=\"MsoNormal\" style=\"margin-bottom: .0001pt;line-height: 150%\"><span style=\"font-size: 6.0pt;line-height: 150%\">\u00a0<\/span><\/p>\n<p class=\"MsoNormal\" style=\"margin-bottom: .0001pt;line-height: 150%\">En son c\u0153ur, des notes d\u00e9cadentes de dattes, de oud, de caramel et de canne \u00e0 sucre se m\u00e9langent \u00e0 la chaleur du bois d&rsquo;ambre, de l&rsquo;encens, de la myrrhe et du davana, offrant une exp\u00e9rience profond\u00e9ment aromatique et sensuelle.<span style=\"font-size: 6.0pt;line-height: 150%\"><\/span><\/p>\n<p class=\"MsoNormal\" style=\"margin-bottom: .0001pt;line-height: 150%\"><span style=\"font-size: 6.0pt;line-height: 150%\">\u00a0<\/span><\/p>\n<p class=\"MsoNormal\" style=\"margin-bottom: .0001pt;line-height: 150%\">Le parfum s&rsquo;installe dans une base indulgente de vanille de Madagascar, de tonka, de beurre de cacao et de muse, enrichie par les tons terreux du cuir, du benjoin, du labdanum, du mat\u00e9 et du patchouli, laissant un sillage luxueux et durable.<span style=\"font-size: 6.0pt;line-height: 150%\"><\/span><\/p>\n<p class=\"MsoNormal\" style=\"margin-bottom: .0001pt;line-height: 150%\"><span style=\"font-size: 6.0pt;line-height: 150%\">\u00a0<\/span><\/p>\n<p class=\"MsoNormal\" style=\"margin-bottom: .0001pt;line-height: 150%\"><b>Cocoa Morado<\/b> est le choix parfait pour ceux qui appr\u00e9cient un parfum complexe et superpos\u00e9 qui combine \u00e9pices, douceur et chaleur, ce qui le rend id\u00e9al pour les occasions sp\u00e9ciales ou les moments o\u00f9 vous souhaitez laisser une impression inoubliable.<\/p>\n<p class=\"MsoNormal\" style=\"margin-bottom: .0001pt;line-height: 150%\">\u00a0<\/p>\n<p style=\"margin-bottom: .0001pt;line-height: 150%\" class=\"MsoNormal\"><b>Notes olfactives :<\/b><\/p>\n<p style=\"margin-bottom: .0001pt;line-height: 150%\" class=\"MsoNormal\"><b>\u00a0<\/b><\/p>\n<p style=\"margin-bottom: .0001pt;line-height: 150%\" class=\"MsoNormal\"><b>\u0627\u0644\u0645\u0643\u0648\u0646\u0627\u062a \u0627\u0644\u0639\u0644\u064a\u0627:<\/b> Safran, cannelle, cardamome, gingembre muscade<\/p>\n<p style=\"margin-bottom: .0001pt;line-height: 150%\" class=\"MsoNormal\"><b>\u0645\u0644\u0627\u062d\u0638\u0627\u062a \u0627\u0644\u0642\u0644\u0628:<\/b> Dattes, oud, caramel, bois d&rsquo;ambre, encens<\/p>\n<p style=\"margin-bottom: .0001pt;line-height: 150%\" class=\"MsoNormal\"><b>\u0627\u0644\u0645\u0643\u0648\u0646\u0627\u062a \u0627\u0644\u0623\u0633\u0627\u0633\u064a\u0629:<\/b> Vanille de Madagascar, f\u00e8ve tonka, beurre de cacao, musc, cuir, benjoin, labdanum.<\/p>\n<p style=\"margin-bottom: .0001pt;line-height: 150%\" class=\"MsoNormal\"><b>Dupe : Oud Cadenza Maison Crivelli<\/b><\/p>","protected":false},"excerpt":{"rendered":"<p>Cocoa Morado de French Avenue est une eau de parfum riche et captivante inspir\u00e9e par l&rsquo;Oud Cadenza, offrant une fusion luxueuse de notes \u00e9pic\u00e9es, gourmandes et bois\u00e9es. Elle s&rsquo;ouvre sur une explosion vibrante de safran, de cannelle, de cardamome, de gingembre, de poivre rose et de muscade, cr\u00e9ant une entr\u00e9e exotique et chaleureuse qui captive [&hellip;]<\/p>\n","protected":false},"featured_media":31700,"template":"","meta":{"om_disable_all_campaigns":false},"product_brand":[],"product_cat":[18,15,1091],"product_tag":[],"class_list":{"0":"post-31705","1":"product","2":"type-product","3":"status-publish","4":"has-post-thumbnail","6":"product_cat-beaute-sante","7":"product_cat-beaute-sante-complements-alimentaires-soins-et-bien-etre-au-meilleur-prix","8":"product_cat-beaute-parfums-maroc-prix","10":"first","11":"outofstock","12":"taxable","13":"shipping-taxable","14":"purchasable","15":"product-type-simple"},"yoast_head":"<!-- This site is optimized with the Yoast SEO plugin v27.3 - https:\/\/yoast.com\/product\/yoast-seo-wordpress\/ -->\n<title>COCOA MORADO Eau de Parfum FRENCH AVENUE Unisexe - 100 ml - Maroc Prix<\/title>\n<meta name=\"description\" content=\"COCOA MORADO Eau de Parfum FRENCH AVENUE Unisexe - 100 ml\" \/>\n<meta name=\"robots\" content=\"index, follow, max-snippet:-1, max-image-preview:large, max-video-preview:-1\" \/>\n<link rel=\"canonical\" href=\"https:\/\/vitablanca.ma\/ar\/product-2\/cocoa-morado-eau-de-parfum-french-avenue-unisexe-100-ml\/\" \/>\n<meta property=\"og:locale\" content=\"ar_AR\" \/>\n<meta property=\"og:type\" content=\"article\" \/>\n<meta property=\"og:title\" content=\"COCOA MORADO Eau de Parfum FRENCH AVENUE Unisexe - 100 ml - Maroc Prix\" \/>\n<meta property=\"og:description\" content=\"COCOA MORADO Eau de Parfum FRENCH AVENUE Unisexe - 100 ml\" \/>\n<meta property=\"og:url\" content=\"https:\/\/vitablanca.ma\/ar\/product-2\/cocoa-morado-eau-de-parfum-french-avenue-unisexe-100-ml\/\" \/>\n<meta property=\"og:site_name\" content=\"Vitablanca.ma &ndash; Sant&eacute;, vitalit&eacute; et bien-&ecirc;tre pour tous les Marocains\" \/>\n<meta property=\"article:publisher\" content=\"https:\/\/www.facebook.com\/profile.php?id=61576678196717\" \/>\n<meta property=\"article:modified_time\" content=\"2026-03-15T23:08:48+00:00\" \/>\n<meta property=\"og:image\" content=\"https:\/\/vitablanca.ma\/wp-content\/uploads\/2026\/03\/COCOAMORADOEaudeParfumFRENCHAVENUEUnisexe3.jpg\" \/>\n\t<meta property=\"og:image:width\" content=\"1080\" \/>\n\t<meta property=\"og:image:height\" content=\"1080\" \/>\n\t<meta property=\"og:image:type\" content=\"image\/jpeg\" \/>\n<meta name=\"twitter:card\" content=\"summary_large_image\" \/>\n<meta name=\"twitter:label1\" content=\"\u0648\u0642\u062a \u0627\u0644\u0642\u0631\u0627\u0621\u0629 \u0627\u0644\u0645\u064f\u0642\u062f\u0651\u0631\" \/>\n\t<meta name=\"twitter:data1\" content=\"\u062f\u0642\u064a\u0642\u0629 \u0648\u0627\u062d\u062f\u0629\" \/>\n<script type=\"application\/ld+json\" class=\"yoast-schema-graph\">{\"@context\":\"https:\\\/\\\/schema.org\",\"@graph\":[{\"@type\":[\"WebPage\",\"ItemPage\"],\"@id\":\"https:\\\/\\\/vitablanca.ma\\\/produit\\\/cocoa-morado-eau-de-parfum-french-avenue-unisexe-100-ml\\\/\",\"url\":\"https:\\\/\\\/vitablanca.ma\\\/produit\\\/cocoa-morado-eau-de-parfum-french-avenue-unisexe-100-ml\\\/\",\"name\":\"COCOA MORADO Eau de Parfum FRENCH AVENUE Unisexe - 100 ml - Maroc Prix\",\"isPartOf\":{\"@id\":\"https:\\\/\\\/vitablanca.ma\\\/#website\"},\"primaryImageOfPage\":{\"@id\":\"https:\\\/\\\/vitablanca.ma\\\/produit\\\/cocoa-morado-eau-de-parfum-french-avenue-unisexe-100-ml\\\/#primaryimage\"},\"image\":{\"@id\":\"https:\\\/\\\/vitablanca.ma\\\/produit\\\/cocoa-morado-eau-de-parfum-french-avenue-unisexe-100-ml\\\/#primaryimage\"},\"thumbnailUrl\":\"https:\\\/\\\/vitablanca.ma\\\/wp-content\\\/uploads\\\/2026\\\/03\\\/COCOAMORADOEaudeParfumFRENCHAVENUEUnisexe3.jpg\",\"datePublished\":\"2026-03-04T02:02:32+00:00\",\"dateModified\":\"2026-03-15T23:08:48+00:00\",\"description\":\"COCOA MORADO Eau de Parfum FRENCH AVENUE Unisexe - 100 ml\",\"breadcrumb\":{\"@id\":\"https:\\\/\\\/vitablanca.ma\\\/produit\\\/cocoa-morado-eau-de-parfum-french-avenue-unisexe-100-ml\\\/#breadcrumb\"},\"inLanguage\":\"ar\",\"potentialAction\":[{\"@type\":\"ReadAction\",\"target\":[\"https:\\\/\\\/vitablanca.ma\\\/produit\\\/cocoa-morado-eau-de-parfum-french-avenue-unisexe-100-ml\\\/\"]}]},{\"@type\":\"ImageObject\",\"inLanguage\":\"ar\",\"@id\":\"https:\\\/\\\/vitablanca.ma\\\/produit\\\/cocoa-morado-eau-de-parfum-french-avenue-unisexe-100-ml\\\/#primaryimage\",\"url\":\"https:\\\/\\\/vitablanca.ma\\\/wp-content\\\/uploads\\\/2026\\\/03\\\/COCOAMORADOEaudeParfumFRENCHAVENUEUnisexe3.jpg\",\"contentUrl\":\"https:\\\/\\\/vitablanca.ma\\\/wp-content\\\/uploads\\\/2026\\\/03\\\/COCOAMORADOEaudeParfumFRENCHAVENUEUnisexe3.jpg\",\"width\":1080,\"height\":1080},{\"@type\":\"BreadcrumbList\",\"@id\":\"https:\\\/\\\/vitablanca.ma\\\/produit\\\/cocoa-morado-eau-de-parfum-french-avenue-unisexe-100-ml\\\/#breadcrumb\",\"itemListElement\":[{\"@type\":\"ListItem\",\"position\":1,\"name\":\"Home\",\"item\":\"https:\\\/\\\/vitablanca.ma\\\/\"},{\"@type\":\"ListItem\",\"position\":2,\"name\":\"Tous Les Produits\",\"item\":\"https:\\\/\\\/vitablanca.ma\\\/tous-les-produits\\\/\"},{\"@type\":\"ListItem\",\"position\":3,\"name\":\"COCOA MORADO Eau de Parfum FRENCH AVENUE Unisexe &#8211; 100 ml\"}]},{\"@type\":\"WebSite\",\"@id\":\"https:\\\/\\\/vitablanca.ma\\\/#website\",\"url\":\"https:\\\/\\\/vitablanca.ma\\\/\",\"name\":\"VitaBlanca.ma | Compl\u00e9ments alimentaires, sant\u00e9 & beaut\u00e9 au Maroc\",\"description\":\"vendre vitamines et compl\u00e9ments premium des USA &amp; Canada, Nouvelle Z\u00e9lande,Maroc (NOW Foods, Solgar, Manuka). Livraison rapide partout au Maroc.\",\"publisher\":{\"@id\":\"https:\\\/\\\/vitablanca.ma\\\/#organization\"},\"alternateName\":\"VitaBlanca.ma\",\"potentialAction\":[{\"@type\":\"SearchAction\",\"target\":{\"@type\":\"EntryPoint\",\"urlTemplate\":\"https:\\\/\\\/vitablanca.ma\\\/?s={search_term_string}\"},\"query-input\":{\"@type\":\"PropertyValueSpecification\",\"valueRequired\":true,\"valueName\":\"search_term_string\"}}],\"inLanguage\":\"ar\"},{\"@type\":\"Organization\",\"@id\":\"https:\\\/\\\/vitablanca.ma\\\/#organization\",\"name\":\"VitaBlanca\",\"url\":\"https:\\\/\\\/vitablanca.ma\\\/\",\"logo\":{\"@type\":\"ImageObject\",\"inLanguage\":\"ar\",\"@id\":\"https:\\\/\\\/vitablanca.ma\\\/#\\\/schema\\\/logo\\\/image\\\/\",\"url\":\"https:\\\/\\\/vitablanca.ma\\\/wp-content\\\/uploads\\\/2025\\\/05\\\/cropped-vitablanca.png\",\"contentUrl\":\"https:\\\/\\\/vitablanca.ma\\\/wp-content\\\/uploads\\\/2025\\\/05\\\/cropped-vitablanca.png\",\"width\":360,\"height\":67,\"caption\":\"VitaBlanca\"},\"image\":{\"@id\":\"https:\\\/\\\/vitablanca.ma\\\/#\\\/schema\\\/logo\\\/image\\\/\"},\"sameAs\":[\"https:\\\/\\\/www.facebook.com\\\/profile.php?id=61576678196717\",\"https:\\\/\\\/www.tiktok.com\\\/@vitablanca.ma\",\"https:\\\/\\\/www.instagram.com\\\/vitablanca.ma\\\/\"]}]}<\/script>\n<!-- \/ Yoast SEO plugin. -->","yoast_head_json":{"title":"COCOA MORADO Eau de Parfum FRENCH AVENUE Unisexe - 100 ml - Maroc Prix","description":"COCOA MORADO Eau de Parfum FRENCH AVENUE Unisexe - 100 ml","robots":{"index":"index","follow":"follow","max-snippet":"max-snippet:-1","max-image-preview":"max-image-preview:large","max-video-preview":"max-video-preview:-1"},"canonical":"https:\/\/vitablanca.ma\/ar\/product-2\/cocoa-morado-eau-de-parfum-french-avenue-unisexe-100-ml\/","og_locale":"ar_AR","og_type":"article","og_title":"COCOA MORADO Eau de Parfum FRENCH AVENUE Unisexe - 100 ml - Maroc Prix","og_description":"COCOA MORADO Eau de Parfum FRENCH AVENUE Unisexe - 100 ml","og_url":"https:\/\/vitablanca.ma\/ar\/product-2\/cocoa-morado-eau-de-parfum-french-avenue-unisexe-100-ml\/","og_site_name":"Vitablanca.ma &ndash; Sant&eacute;, vitalit&eacute; et bien-&ecirc;tre pour tous les Marocains","article_publisher":"https:\/\/www.facebook.com\/profile.php?id=61576678196717","article_modified_time":"2026-03-15T23:08:48+00:00","og_image":[{"width":1080,"height":1080,"url":"https:\/\/vitablanca.ma\/wp-content\/uploads\/2026\/03\/COCOAMORADOEaudeParfumFRENCHAVENUEUnisexe3.jpg","type":"image\/jpeg"}],"twitter_card":"summary_large_image","twitter_misc":{"\u0648\u0642\u062a \u0627\u0644\u0642\u0631\u0627\u0621\u0629 \u0627\u0644\u0645\u064f\u0642\u062f\u0651\u0631":"\u062f\u0642\u064a\u0642\u0629 \u0648\u0627\u062d\u062f\u0629"},"schema":{"@context":"https:\/\/schema.org","@graph":[{"@type":["WebPage","ItemPage"],"@id":"https:\/\/vitablanca.ma\/produit\/cocoa-morado-eau-de-parfum-french-avenue-unisexe-100-ml\/","url":"https:\/\/vitablanca.ma\/produit\/cocoa-morado-eau-de-parfum-french-avenue-unisexe-100-ml\/","name":"COCOA MORADO Eau de Parfum FRENCH AVENUE Unisexe - 100 ml - Maroc Prix","isPartOf":{"@id":"https:\/\/vitablanca.ma\/#website"},"primaryImageOfPage":{"@id":"https:\/\/vitablanca.ma\/produit\/cocoa-morado-eau-de-parfum-french-avenue-unisexe-100-ml\/#primaryimage"},"image":{"@id":"https:\/\/vitablanca.ma\/produit\/cocoa-morado-eau-de-parfum-french-avenue-unisexe-100-ml\/#primaryimage"},"thumbnailUrl":"https:\/\/vitablanca.ma\/wp-content\/uploads\/2026\/03\/COCOAMORADOEaudeParfumFRENCHAVENUEUnisexe3.jpg","datePublished":"2026-03-04T02:02:32+00:00","dateModified":"2026-03-15T23:08:48+00:00","description":"COCOA MORADO Eau de Parfum FRENCH AVENUE Unisexe - 100 ml","breadcrumb":{"@id":"https:\/\/vitablanca.ma\/produit\/cocoa-morado-eau-de-parfum-french-avenue-unisexe-100-ml\/#breadcrumb"},"inLanguage":"ar","potentialAction":[{"@type":"ReadAction","target":["https:\/\/vitablanca.ma\/produit\/cocoa-morado-eau-de-parfum-french-avenue-unisexe-100-ml\/"]}]},{"@type":"ImageObject","inLanguage":"ar","@id":"https:\/\/vitablanca.ma\/produit\/cocoa-morado-eau-de-parfum-french-avenue-unisexe-100-ml\/#primaryimage","url":"https:\/\/vitablanca.ma\/wp-content\/uploads\/2026\/03\/COCOAMORADOEaudeParfumFRENCHAVENUEUnisexe3.jpg","contentUrl":"https:\/\/vitablanca.ma\/wp-content\/uploads\/2026\/03\/COCOAMORADOEaudeParfumFRENCHAVENUEUnisexe3.jpg","width":1080,"height":1080},{"@type":"BreadcrumbList","@id":"https:\/\/vitablanca.ma\/produit\/cocoa-morado-eau-de-parfum-french-avenue-unisexe-100-ml\/#breadcrumb","itemListElement":[{"@type":"ListItem","position":1,"name":"Home","item":"https:\/\/vitablanca.ma\/"},{"@type":"ListItem","position":2,"name":"Tous Les Produits","item":"https:\/\/vitablanca.ma\/tous-les-produits\/"},{"@type":"ListItem","position":3,"name":"COCOA MORADO Eau de Parfum FRENCH AVENUE Unisexe &#8211; 100 ml"}]},{"@type":"WebSite","@id":"https:\/\/vitablanca.ma\/#website","url":"https:\/\/vitablanca.ma\/","name":"VitaBlanca.ma | \u0627\u0644\u0645\u0643\u0645\u0644\u0627\u062a \u0627\u0644\u063a\u0630\u0627\u0626\u064a\u0629\u060c \u0627\u0644\u0635\u062d\u0629 \u0648\u0627\u0644\u062c\u0645\u0627\u0644 \u0641\u064a \u0627\u0644\u0645\u063a\u0631\u0628","description":"\u0646\u0628\u064a\u0639 \u0641\u064a\u062a\u0627\u0645\u064a\u0646\u0627\u062a \u0648\u0645\u0643\u0645\u0644\u0627\u062a \u063a\u0630\u0627\u0626\u064a\u0629 \u0641\u0627\u062e\u0631\u0629 \u0645\u0646 \u0627\u0644\u0648\u0644\u0627\u064a\u0627\u062a \u0627\u0644\u0645\u062a\u062d\u062f\u0629 \u0627\u0644\u0623\u0645\u0631\u064a\u0643\u064a\u0629 \u0648\u0643\u0646\u062f\u0627 \u0648\u0646\u064a\u0648\u0632\u064a\u0644\u0646\u062f\u0627 \u0648\u0627\u0644\u0645\u063a\u0631\u0628 (\u0646\u0627\u0648 \u0641\u0648\u062f\u0632\u060c \u0633\u0648\u0644\u062c\u0627\u0631\u060c \u0645\u0627\u0646\u0648\u0643\u0627). \u062a\u0648\u0635\u064a\u0644 \u0633\u0631\u064a\u0639 \u0625\u0644\u0649 \u062c\u0645\u064a\u0639 \u0623\u0646\u062d\u0627\u0621 \u0627\u0644\u0645\u063a\u0631\u0628.","publisher":{"@id":"https:\/\/vitablanca.ma\/#organization"},"alternateName":"VitaBlanca.ma","potentialAction":[{"@type":"SearchAction","target":{"@type":"EntryPoint","urlTemplate":"https:\/\/vitablanca.ma\/?s={search_term_string}"},"query-input":{"@type":"PropertyValueSpecification","valueRequired":true,"valueName":"search_term_string"}}],"inLanguage":"ar"},{"@type":"Organization","@id":"https:\/\/vitablanca.ma\/#organization","name":"\u0641\u064a\u062a\u0627\u0628\u0644\u0627\u0646\u0643\u0627","url":"https:\/\/vitablanca.ma\/","logo":{"@type":"ImageObject","inLanguage":"ar","@id":"https:\/\/vitablanca.ma\/#\/schema\/logo\/image\/","url":"https:\/\/vitablanca.ma\/wp-content\/uploads\/2025\/05\/cropped-vitablanca.png","contentUrl":"https:\/\/vitablanca.ma\/wp-content\/uploads\/2025\/05\/cropped-vitablanca.png","width":360,"height":67,"caption":"VitaBlanca"},"image":{"@id":"https:\/\/vitablanca.ma\/#\/schema\/logo\/image\/"},"sameAs":["https:\/\/www.facebook.com\/profile.php?id=61576678196717","https:\/\/www.tiktok.com\/@vitablanca.ma","https:\/\/www.instagram.com\/vitablanca.ma\/"]}]}},"jetpack_sharing_enabled":true,"_links":{"self":[{"href":"https:\/\/vitablanca.ma\/ar\/wp-json\/wp\/v2\/product\/31705","targetHints":{"allow":["GET"]}}],"collection":[{"href":"https:\/\/vitablanca.ma\/ar\/wp-json\/wp\/v2\/product"}],"about":[{"href":"https:\/\/vitablanca.ma\/ar\/wp-json\/wp\/v2\/types\/product"}],"wp:featuredmedia":[{"embeddable":true,"href":"https:\/\/vitablanca.ma\/ar\/wp-json\/wp\/v2\/media\/31700"}],"wp:attachment":[{"href":"https:\/\/vitablanca.ma\/ar\/wp-json\/wp\/v2\/media?parent=31705"}],"wp:term":[{"taxonomy":"product_brand","embeddable":true,"href":"https:\/\/vitablanca.ma\/ar\/wp-json\/wp\/v2\/product_brand?post=31705"},{"taxonomy":"product_cat","embeddable":true,"href":"https:\/\/vitablanca.ma\/ar\/wp-json\/wp\/v2\/product_cat?post=31705"},{"taxonomy":"product_tag","embeddable":true,"href":"https:\/\/vitablanca.ma\/ar\/wp-json\/wp\/v2\/product_tag?post=31705"}],"curies":[{"name":"wp","href":"https:\/\/api.w.org\/{rel}","templated":true}]}}