{"id":31630,"date":"2026-03-04T02:00:41","date_gmt":"2026-03-04T02:00:41","guid":{"rendered":"https:\/\/vitablanca.ma\/produit\/atlas-eau-de-parfum-lattafa-unisexe-55-ml\/"},"modified":"2026-03-15T23:08:48","modified_gmt":"2026-03-15T23:08:48","slug":"atlas-eau-de-parfum-lattafa-unisexe-55-ml","status":"publish","type":"product","link":"https:\/\/vitablanca.ma\/ar\/product-2\/atlas-eau-de-parfum-lattafa-unisexe-55-ml\/","title":{"rendered":"ATLAS Eau de Parfum Lattafa Unisexe &#8211; 55 ml"},"content":{"rendered":"<p class=\"MsoNormal\" style=\"margin-bottom: .0001pt;line-height: normal;background: white;vertical-align: baseline\"><strong><span style=\"font-family: 'Arial','sans-serif';color: #212121;border: none windowtext 1.0pt;padding: 0cm;background: white\">\u00a0<\/span><\/strong><\/p>\n<p class=\"MsoNormal\" style=\"margin-bottom: .0001pt;line-height: normal;background: white;vertical-align: baseline\"><span style=\"font-family: 'Arial','sans-serif';color: #222222;background: white\">\u0644&#039;<\/span><strong style=\"text-align: start\"><span style=\"font-family: 'Arial','sans-serif'\">eau de parfum mixte Atlas en 55ml<\/span><\/strong><span style=\"text-align: start;float: none\">\u00a0\u0645\u0646 \u0627\u0644\u0639\u0644\u0627\u0645\u0629 \u0627\u0644\u062a\u062c\u0627\u0631\u064a\u0629<b> Lattafa<\/b> s\u00e9duit par son\u00a0<\/span><strong style=\"text-align: start\"><span style=\"font-family: 'Arial','sans-serif'\">charme universel<\/span><\/strong><span style=\"text-align: start;float: none\">\u00a0et ses accords olfactifs uniques.<\/span><\/p>\n<p class=\"MsoNormal\" style=\"margin-bottom: .0001pt;line-height: normal;background: white;vertical-align: baseline\"><span style=\"font-family: 'Arial','sans-serif';color: #222222;background: white\">\u00a0<\/span><span style=\"font-family: 'Arial','sans-serif';color: #222222;background: white\">Adapt\u00e9e \u00e0 toutes les saisons, cette fragrance unisexe conjugue raffinement, fra\u00eecheur et profondeur.<\/span><\/p>\n<p class=\"MsoNormal\" style=\"margin-bottom: .0001pt;line-height: normal;background: white;vertical-align: baseline\"><span style=\"font-family: 'Arial','sans-serif';color: #222222;background: white\">\u00a0<\/span><span style=\"font-family: 'Arial','sans-serif';color: #222222;background: white\">D\u00e9couvrez ici toutes les facettes qui rendent ce parfum incontournable, aussi agr\u00e9able \u00e0 offrir qu\u2019\u00e0 porter au quotidien.<\/span><\/p>\n<p class=\"MsoNormal\" style=\"margin-bottom: .0001pt;line-height: normal;background: white;vertical-align: baseline\">\u00a0<\/p>\n<p class=\"MsoNormal\" style=\"margin-bottom: .0001pt;line-height: normal;background: white;vertical-align: baseline\"><span style=\"font-family: 'Arial','sans-serif';color: #222222;background: white\"><strong><span style=\"font-family: 'Arial','sans-serif';color: #0d0d0d\">\u0646\u0648\u062a\u0627\u062a \u0634\u0645\u064a\u0629 <span style=\"font-family: 'Arial','sans-serif';color: #212121;border: none windowtext 1.0pt;padding: 0cm;background: white\"><span style=\"font-family: 'Arial','sans-serif';color: #212121;border: none windowtext 1.0pt;padding: 0cm;background: white\">:\u00a0<\/span>\u00a0<\/span><\/span><\/strong><\/span><\/p>\n<ul>\n<li>\n<strong><span style=\"font-family: 'Arial','sans-serif';color: #212121;border: none windowtext 1.0pt;padding: 0cm;background: white\">Famille Olfactive :\u00a0<\/span><\/strong><span style=\"font-family: 'Arial','sans-serif';color: #212121;background: white\"><span style=\"text-align: start;float: none\">frais, marine, orientale, \u00e9pic\u00e9e<\/span><\/span>\n<\/li>\n<li><span style=\"font-family: 'Arial','sans-serif';color: #212121\"><strong style=\"text-align: start\"><span style=\"font-family: 'Arial','sans-serif';border: none windowtext 1.0pt;padding: 0cm;background: white\">\u0627\u0644\u0645\u0643\u0648\u0646\u0627\u062a \u0627\u0644\u0639\u0644\u064a\u0627: <\/span><\/strong><span style=\"background: white\"><span style=\"text-align: start;float: none\">Notes aqueuses, Notes de mer<\/span><\/span><\/span><\/li>\n<li><span style=\"font-family: 'Arial','sans-serif';color: #212121\"><strong style=\"text-align: start\"><span style=\"font-family: 'Arial','sans-serif';border: none windowtext 1.0pt;padding: 0cm;background: white\">\u0645\u0644\u0627\u062d\u0638\u0627\u062a \u0627\u0644\u0642\u0644\u0628: <\/span><\/strong><span style=\"background: white\"><span style=\"text-align: start;float: none\">Jasmin<\/span><\/span><\/span><\/li>\n<li>\n<span style=\"font-family: 'Arial','sans-serif';color: #212121\"><strong style=\"text-align: start\"><span style=\"font-family: 'Arial','sans-serif';border: none windowtext 1.0pt;padding: 0cm;background: white\">\u0627\u0644\u0645\u0643\u0648\u0646\u0627\u062a \u0627\u0644\u0623\u0633\u0627\u0633\u064a\u0629: <\/span><\/strong><span style=\"background: white\"><span style=\"text-align: start;float: none\">C\u00e8dre, Musc<\/span><\/span><\/span><span style=\"font-family: 'Arial','sans-serif';color: #262626\"><\/span>\n<\/li>\n<\/ul>\n<p><span style=\"font-size: 11.0pt;font-family: 'Arial','sans-serif';color: #0d0d0d\" lang=\"EN-US\">\u00a0<\/span><\/p>","protected":false},"excerpt":{"rendered":"<p>\u00a0 L\u2019eau de parfum mixte Atlas en 55ml\u00a0de la marque Lattafa s\u00e9duit par son\u00a0charme universel\u00a0et ses accords olfactifs uniques. \u00a0Adapt\u00e9e \u00e0 toutes les saisons, cette fragrance unisexe conjugue raffinement, fra\u00eecheur et profondeur. \u00a0D\u00e9couvrez ici toutes les facettes qui rendent ce parfum incontournable, aussi agr\u00e9able \u00e0 offrir qu\u2019\u00e0 porter au quotidien. \u00a0 Notes olfactives :\u00a0\u00a0 Famille [&hellip;]<\/p>\n","protected":false},"featured_media":31624,"template":"","meta":{"om_disable_all_campaigns":false},"product_brand":[],"product_cat":[18,15,1091],"product_tag":[],"class_list":{"0":"post-31630","1":"product","2":"type-product","3":"status-publish","4":"has-post-thumbnail","6":"product_cat-beaute-sante","7":"product_cat-beaute-sante-complements-alimentaires-soins-et-bien-etre-au-meilleur-prix","8":"product_cat-beaute-parfums-maroc-prix","10":"first","11":"outofstock","12":"taxable","13":"shipping-taxable","14":"purchasable","15":"product-type-simple"},"yoast_head":"<!-- This site is optimized with the Yoast SEO plugin v27.3 - https:\/\/yoast.com\/product\/yoast-seo-wordpress\/ -->\n<title>ATLAS Eau de Parfum Lattafa Unisexe - 55 ml - Maroc Prix<\/title>\n<meta name=\"description\" content=\"ATLAS Eau de Parfum Lattafa Unisexe - 55 ml\" \/>\n<meta name=\"robots\" content=\"index, follow, max-snippet:-1, max-image-preview:large, max-video-preview:-1\" \/>\n<link rel=\"canonical\" href=\"https:\/\/vitablanca.ma\/ar\/product-2\/atlas-eau-de-parfum-lattafa-unisexe-55-ml\/\" \/>\n<meta property=\"og:locale\" content=\"ar_AR\" \/>\n<meta property=\"og:type\" content=\"article\" \/>\n<meta property=\"og:title\" content=\"ATLAS Eau de Parfum Lattafa Unisexe - 55 ml - Maroc Prix\" \/>\n<meta property=\"og:description\" content=\"ATLAS Eau de Parfum Lattafa Unisexe - 55 ml\" \/>\n<meta property=\"og:url\" content=\"https:\/\/vitablanca.ma\/ar\/product-2\/atlas-eau-de-parfum-lattafa-unisexe-55-ml\/\" \/>\n<meta property=\"og:site_name\" content=\"Vitablanca.ma &ndash; Sant&eacute;, vitalit&eacute; et bien-&ecirc;tre pour tous les Marocains\" \/>\n<meta property=\"article:publisher\" content=\"https:\/\/www.facebook.com\/profile.php?id=61576678196717\" \/>\n<meta property=\"article:modified_time\" content=\"2026-03-15T23:08:48+00:00\" \/>\n<meta property=\"og:image\" content=\"https:\/\/vitablanca.ma\/wp-content\/uploads\/2026\/03\/ATLASEaudeParfumLattafaUnisexe-55ml6.jpg\" \/>\n\t<meta property=\"og:image:width\" content=\"1080\" \/>\n\t<meta property=\"og:image:height\" content=\"1080\" \/>\n\t<meta property=\"og:image:type\" content=\"image\/jpeg\" \/>\n<meta name=\"twitter:card\" content=\"summary_large_image\" \/>\n<script type=\"application\/ld+json\" class=\"yoast-schema-graph\">{\"@context\":\"https:\\\/\\\/schema.org\",\"@graph\":[{\"@type\":[\"WebPage\",\"ItemPage\"],\"@id\":\"https:\\\/\\\/vitablanca.ma\\\/produit\\\/atlas-eau-de-parfum-lattafa-unisexe-55-ml\\\/\",\"url\":\"https:\\\/\\\/vitablanca.ma\\\/produit\\\/atlas-eau-de-parfum-lattafa-unisexe-55-ml\\\/\",\"name\":\"ATLAS Eau de Parfum Lattafa Unisexe - 55 ml - Maroc Prix\",\"isPartOf\":{\"@id\":\"https:\\\/\\\/vitablanca.ma\\\/#website\"},\"primaryImageOfPage\":{\"@id\":\"https:\\\/\\\/vitablanca.ma\\\/produit\\\/atlas-eau-de-parfum-lattafa-unisexe-55-ml\\\/#primaryimage\"},\"image\":{\"@id\":\"https:\\\/\\\/vitablanca.ma\\\/produit\\\/atlas-eau-de-parfum-lattafa-unisexe-55-ml\\\/#primaryimage\"},\"thumbnailUrl\":\"https:\\\/\\\/vitablanca.ma\\\/wp-content\\\/uploads\\\/2026\\\/03\\\/ATLASEaudeParfumLattafaUnisexe-55ml6.jpg\",\"datePublished\":\"2026-03-04T02:00:41+00:00\",\"dateModified\":\"2026-03-15T23:08:48+00:00\",\"description\":\"ATLAS Eau de Parfum Lattafa Unisexe - 55 ml\",\"breadcrumb\":{\"@id\":\"https:\\\/\\\/vitablanca.ma\\\/produit\\\/atlas-eau-de-parfum-lattafa-unisexe-55-ml\\\/#breadcrumb\"},\"inLanguage\":\"ar\",\"potentialAction\":[{\"@type\":\"ReadAction\",\"target\":[\"https:\\\/\\\/vitablanca.ma\\\/produit\\\/atlas-eau-de-parfum-lattafa-unisexe-55-ml\\\/\"]}]},{\"@type\":\"ImageObject\",\"inLanguage\":\"ar\",\"@id\":\"https:\\\/\\\/vitablanca.ma\\\/produit\\\/atlas-eau-de-parfum-lattafa-unisexe-55-ml\\\/#primaryimage\",\"url\":\"https:\\\/\\\/vitablanca.ma\\\/wp-content\\\/uploads\\\/2026\\\/03\\\/ATLASEaudeParfumLattafaUnisexe-55ml6.jpg\",\"contentUrl\":\"https:\\\/\\\/vitablanca.ma\\\/wp-content\\\/uploads\\\/2026\\\/03\\\/ATLASEaudeParfumLattafaUnisexe-55ml6.jpg\",\"width\":1080,\"height\":1080},{\"@type\":\"BreadcrumbList\",\"@id\":\"https:\\\/\\\/vitablanca.ma\\\/produit\\\/atlas-eau-de-parfum-lattafa-unisexe-55-ml\\\/#breadcrumb\",\"itemListElement\":[{\"@type\":\"ListItem\",\"position\":1,\"name\":\"Home\",\"item\":\"https:\\\/\\\/vitablanca.ma\\\/\"},{\"@type\":\"ListItem\",\"position\":2,\"name\":\"Tous Les Produits\",\"item\":\"https:\\\/\\\/vitablanca.ma\\\/tous-les-produits\\\/\"},{\"@type\":\"ListItem\",\"position\":3,\"name\":\"ATLAS Eau de Parfum Lattafa Unisexe &#8211; 55 ml\"}]},{\"@type\":\"WebSite\",\"@id\":\"https:\\\/\\\/vitablanca.ma\\\/#website\",\"url\":\"https:\\\/\\\/vitablanca.ma\\\/\",\"name\":\"VitaBlanca.ma | Compl\u00e9ments alimentaires, sant\u00e9 & beaut\u00e9 au Maroc\",\"description\":\"vendre vitamines et compl\u00e9ments premium des USA &amp; Canada, Nouvelle Z\u00e9lande,Maroc (NOW Foods, Solgar, Manuka). Livraison rapide partout au Maroc.\",\"publisher\":{\"@id\":\"https:\\\/\\\/vitablanca.ma\\\/#organization\"},\"alternateName\":\"VitaBlanca.ma\",\"potentialAction\":[{\"@type\":\"SearchAction\",\"target\":{\"@type\":\"EntryPoint\",\"urlTemplate\":\"https:\\\/\\\/vitablanca.ma\\\/?s={search_term_string}\"},\"query-input\":{\"@type\":\"PropertyValueSpecification\",\"valueRequired\":true,\"valueName\":\"search_term_string\"}}],\"inLanguage\":\"ar\"},{\"@type\":\"Organization\",\"@id\":\"https:\\\/\\\/vitablanca.ma\\\/#organization\",\"name\":\"VitaBlanca\",\"url\":\"https:\\\/\\\/vitablanca.ma\\\/\",\"logo\":{\"@type\":\"ImageObject\",\"inLanguage\":\"ar\",\"@id\":\"https:\\\/\\\/vitablanca.ma\\\/#\\\/schema\\\/logo\\\/image\\\/\",\"url\":\"https:\\\/\\\/vitablanca.ma\\\/wp-content\\\/uploads\\\/2025\\\/05\\\/cropped-vitablanca.png\",\"contentUrl\":\"https:\\\/\\\/vitablanca.ma\\\/wp-content\\\/uploads\\\/2025\\\/05\\\/cropped-vitablanca.png\",\"width\":360,\"height\":67,\"caption\":\"VitaBlanca\"},\"image\":{\"@id\":\"https:\\\/\\\/vitablanca.ma\\\/#\\\/schema\\\/logo\\\/image\\\/\"},\"sameAs\":[\"https:\\\/\\\/www.facebook.com\\\/profile.php?id=61576678196717\",\"https:\\\/\\\/www.tiktok.com\\\/@vitablanca.ma\",\"https:\\\/\\\/www.instagram.com\\\/vitablanca.ma\\\/\"]}]}<\/script>\n<!-- \/ Yoast SEO plugin. -->","yoast_head_json":{"title":"ATLAS Eau de Parfum Lattafa Unisexe - 55 ml - Maroc Prix","description":"ATLAS Eau de Parfum Lattafa Unisexe - 55 ml","robots":{"index":"index","follow":"follow","max-snippet":"max-snippet:-1","max-image-preview":"max-image-preview:large","max-video-preview":"max-video-preview:-1"},"canonical":"https:\/\/vitablanca.ma\/ar\/product-2\/atlas-eau-de-parfum-lattafa-unisexe-55-ml\/","og_locale":"ar_AR","og_type":"article","og_title":"ATLAS Eau de Parfum Lattafa Unisexe - 55 ml - Maroc Prix","og_description":"ATLAS Eau de Parfum Lattafa Unisexe - 55 ml","og_url":"https:\/\/vitablanca.ma\/ar\/product-2\/atlas-eau-de-parfum-lattafa-unisexe-55-ml\/","og_site_name":"Vitablanca.ma &ndash; Sant&eacute;, vitalit&eacute; et bien-&ecirc;tre pour tous les Marocains","article_publisher":"https:\/\/www.facebook.com\/profile.php?id=61576678196717","article_modified_time":"2026-03-15T23:08:48+00:00","og_image":[{"width":1080,"height":1080,"url":"https:\/\/vitablanca.ma\/wp-content\/uploads\/2026\/03\/ATLASEaudeParfumLattafaUnisexe-55ml6.jpg","type":"image\/jpeg"}],"twitter_card":"summary_large_image","schema":{"@context":"https:\/\/schema.org","@graph":[{"@type":["WebPage","ItemPage"],"@id":"https:\/\/vitablanca.ma\/produit\/atlas-eau-de-parfum-lattafa-unisexe-55-ml\/","url":"https:\/\/vitablanca.ma\/produit\/atlas-eau-de-parfum-lattafa-unisexe-55-ml\/","name":"ATLAS Eau de Parfum Lattafa Unisexe - 55 ml - Maroc Prix","isPartOf":{"@id":"https:\/\/vitablanca.ma\/#website"},"primaryImageOfPage":{"@id":"https:\/\/vitablanca.ma\/produit\/atlas-eau-de-parfum-lattafa-unisexe-55-ml\/#primaryimage"},"image":{"@id":"https:\/\/vitablanca.ma\/produit\/atlas-eau-de-parfum-lattafa-unisexe-55-ml\/#primaryimage"},"thumbnailUrl":"https:\/\/vitablanca.ma\/wp-content\/uploads\/2026\/03\/ATLASEaudeParfumLattafaUnisexe-55ml6.jpg","datePublished":"2026-03-04T02:00:41+00:00","dateModified":"2026-03-15T23:08:48+00:00","description":"ATLAS Eau de Parfum Lattafa Unisexe - 55 ml","breadcrumb":{"@id":"https:\/\/vitablanca.ma\/produit\/atlas-eau-de-parfum-lattafa-unisexe-55-ml\/#breadcrumb"},"inLanguage":"ar","potentialAction":[{"@type":"ReadAction","target":["https:\/\/vitablanca.ma\/produit\/atlas-eau-de-parfum-lattafa-unisexe-55-ml\/"]}]},{"@type":"ImageObject","inLanguage":"ar","@id":"https:\/\/vitablanca.ma\/produit\/atlas-eau-de-parfum-lattafa-unisexe-55-ml\/#primaryimage","url":"https:\/\/vitablanca.ma\/wp-content\/uploads\/2026\/03\/ATLASEaudeParfumLattafaUnisexe-55ml6.jpg","contentUrl":"https:\/\/vitablanca.ma\/wp-content\/uploads\/2026\/03\/ATLASEaudeParfumLattafaUnisexe-55ml6.jpg","width":1080,"height":1080},{"@type":"BreadcrumbList","@id":"https:\/\/vitablanca.ma\/produit\/atlas-eau-de-parfum-lattafa-unisexe-55-ml\/#breadcrumb","itemListElement":[{"@type":"ListItem","position":1,"name":"Home","item":"https:\/\/vitablanca.ma\/"},{"@type":"ListItem","position":2,"name":"Tous Les Produits","item":"https:\/\/vitablanca.ma\/tous-les-produits\/"},{"@type":"ListItem","position":3,"name":"ATLAS Eau de Parfum Lattafa Unisexe &#8211; 55 ml"}]},{"@type":"WebSite","@id":"https:\/\/vitablanca.ma\/#website","url":"https:\/\/vitablanca.ma\/","name":"VitaBlanca.ma | \u0627\u0644\u0645\u0643\u0645\u0644\u0627\u062a \u0627\u0644\u063a\u0630\u0627\u0626\u064a\u0629\u060c \u0627\u0644\u0635\u062d\u0629 \u0648\u0627\u0644\u062c\u0645\u0627\u0644 \u0641\u064a \u0627\u0644\u0645\u063a\u0631\u0628","description":"\u0646\u0628\u064a\u0639 \u0641\u064a\u062a\u0627\u0645\u064a\u0646\u0627\u062a \u0648\u0645\u0643\u0645\u0644\u0627\u062a \u063a\u0630\u0627\u0626\u064a\u0629 \u0641\u0627\u062e\u0631\u0629 \u0645\u0646 \u0627\u0644\u0648\u0644\u0627\u064a\u0627\u062a \u0627\u0644\u0645\u062a\u062d\u062f\u0629 \u0627\u0644\u0623\u0645\u0631\u064a\u0643\u064a\u0629 \u0648\u0643\u0646\u062f\u0627 \u0648\u0646\u064a\u0648\u0632\u064a\u0644\u0646\u062f\u0627 \u0648\u0627\u0644\u0645\u063a\u0631\u0628 (\u0646\u0627\u0648 \u0641\u0648\u062f\u0632\u060c \u0633\u0648\u0644\u062c\u0627\u0631\u060c \u0645\u0627\u0646\u0648\u0643\u0627). \u062a\u0648\u0635\u064a\u0644 \u0633\u0631\u064a\u0639 \u0625\u0644\u0649 \u062c\u0645\u064a\u0639 \u0623\u0646\u062d\u0627\u0621 \u0627\u0644\u0645\u063a\u0631\u0628.","publisher":{"@id":"https:\/\/vitablanca.ma\/#organization"},"alternateName":"VitaBlanca.ma","potentialAction":[{"@type":"SearchAction","target":{"@type":"EntryPoint","urlTemplate":"https:\/\/vitablanca.ma\/?s={search_term_string}"},"query-input":{"@type":"PropertyValueSpecification","valueRequired":true,"valueName":"search_term_string"}}],"inLanguage":"ar"},{"@type":"Organization","@id":"https:\/\/vitablanca.ma\/#organization","name":"\u0641\u064a\u062a\u0627\u0628\u0644\u0627\u0646\u0643\u0627","url":"https:\/\/vitablanca.ma\/","logo":{"@type":"ImageObject","inLanguage":"ar","@id":"https:\/\/vitablanca.ma\/#\/schema\/logo\/image\/","url":"https:\/\/vitablanca.ma\/wp-content\/uploads\/2025\/05\/cropped-vitablanca.png","contentUrl":"https:\/\/vitablanca.ma\/wp-content\/uploads\/2025\/05\/cropped-vitablanca.png","width":360,"height":67,"caption":"VitaBlanca"},"image":{"@id":"https:\/\/vitablanca.ma\/#\/schema\/logo\/image\/"},"sameAs":["https:\/\/www.facebook.com\/profile.php?id=61576678196717","https:\/\/www.tiktok.com\/@vitablanca.ma","https:\/\/www.instagram.com\/vitablanca.ma\/"]}]}},"jetpack_sharing_enabled":true,"_links":{"self":[{"href":"https:\/\/vitablanca.ma\/ar\/wp-json\/wp\/v2\/product\/31630","targetHints":{"allow":["GET"]}}],"collection":[{"href":"https:\/\/vitablanca.ma\/ar\/wp-json\/wp\/v2\/product"}],"about":[{"href":"https:\/\/vitablanca.ma\/ar\/wp-json\/wp\/v2\/types\/product"}],"wp:featuredmedia":[{"embeddable":true,"href":"https:\/\/vitablanca.ma\/ar\/wp-json\/wp\/v2\/media\/31624"}],"wp:attachment":[{"href":"https:\/\/vitablanca.ma\/ar\/wp-json\/wp\/v2\/media?parent=31630"}],"wp:term":[{"taxonomy":"product_brand","embeddable":true,"href":"https:\/\/vitablanca.ma\/ar\/wp-json\/wp\/v2\/product_brand?post=31630"},{"taxonomy":"product_cat","embeddable":true,"href":"https:\/\/vitablanca.ma\/ar\/wp-json\/wp\/v2\/product_cat?post=31630"},{"taxonomy":"product_tag","embeddable":true,"href":"https:\/\/vitablanca.ma\/ar\/wp-json\/wp\/v2\/product_tag?post=31630"}],"curies":[{"name":"wp","href":"https:\/\/api.w.org\/{rel}","templated":true}]}}