{"id":31377,"date":"2026-03-04T01:54:38","date_gmt":"2026-03-04T01:54:38","guid":{"rendered":"https:\/\/vitablanca.ma\/produit\/bint-hooran-rose-passion-eau-de-parfum-ard-al-zaafaran-pour-femme-100ml\/"},"modified":"2026-03-15T23:08:51","modified_gmt":"2026-03-15T23:08:51","slug":"bint-hooran-rose-passion-eau-de-parfum-ard-al-zaafaran-pour-femme-100ml","status":"publish","type":"product","link":"https:\/\/vitablanca.ma\/ar\/product-2\/bint-hooran-rose-passion-eau-de-parfum-ard-al-zaafaran-pour-femme-100ml\/","title":{"rendered":"BINT HOORAN ROSE PASSION EAU DE PARFUM ARD AL ZAAFARAN Pour Femme \u2013 100ml"},"content":{"rendered":"<p><span>\u064a\u0643\u062a\u0634\u0641\u00a0<\/span><b>Bint Hooran Rose Passion ( \u0628\u0646\u062a \u062d\u0648\u0631\u0627\u0646 )<\/b><span>, une\u00a0<\/span><b>eau de parfum pour femme de 100ml<\/b><span>\u00a0de la maison\u00a0<\/span><span><strong><a style=\"text-decoration: underline\" href=\"https:\/\/parfumstore.ma\/ard-al-zaafaran\/\">Ard Al Zaafaran<\/a><\/strong><\/span><span><span><strong>. <\/strong><\/span>Ce parfum est une r\u00e9interpr\u00e9tation magistrale et une\u00a0<\/span><b>alternative exceptionnelle \u00e0 l\u2019embl\u00e9matique Eden Sparkling Lychee de Kayali<\/b><span>. Con\u00e7u pour la femme qui rayonne de joie et de gourmandise,\u00a0<\/span><b>Bint Hooran Rose Passion<\/b><span>\u00a0est une fragrance qui combine la fra\u00eecheur des fruits avec la douceur de la vanille et un fond sensuel.<\/span><\/p>\n<p><strong>Notes olfactives :<\/strong><\/p>\n<ul>\n<li>\n<strong>\u0627\u0644\u0645\u0643\u0648\u0646\u0627\u062a \u0627\u0644\u0639\u0644\u064a\u0627: <\/strong>Mandarine verte, cassis<\/li>\n<li>\n<strong>Notes de coeur :\u00a0<\/strong>Bonbons \u00e0 la fraise, gard\u00e9nia<\/li>\n<li>\n<strong>\u0627\u0644\u0645\u0643\u0648\u0646\u0627\u062a \u0627\u0644\u0623\u0633\u0627\u0633\u064a\u0629:\u00a0<\/strong>Bois de santal, sirop de vanille, musc, ambre<\/li>\n<\/ul>","protected":false},"excerpt":{"rendered":"<p>D\u00e9couvrez\u00a0Bint Hooran Rose Passion ( \u0628\u0646\u062a \u062d\u0648\u0631\u0627\u0646 ), une\u00a0eau de parfum pour femme de 100ml\u00a0de la maison\u00a0Ard Al Zaafaran. Ce parfum est une r\u00e9interpr\u00e9tation magistrale et une\u00a0alternative exceptionnelle \u00e0 l\u2019embl\u00e9matique Eden Sparkling Lychee de Kayali. Con\u00e7u pour la femme qui rayonne de joie et de gourmandise,\u00a0Bint Hooran Rose Passion\u00a0est une fragrance qui combine la fra\u00eecheur [&hellip;]<\/p>\n","protected":false},"featured_media":31372,"template":"","meta":{"om_disable_all_campaigns":false},"product_brand":[],"product_cat":[18,15,1091],"product_tag":[],"class_list":{"0":"post-31377","1":"product","2":"type-product","3":"status-publish","4":"has-post-thumbnail","6":"product_cat-beaute-sante","7":"product_cat-beaute-sante-complements-alimentaires-soins-et-bien-etre-au-meilleur-prix","8":"product_cat-beaute-parfums-maroc-prix","10":"first","11":"outofstock","12":"taxable","13":"shipping-taxable","14":"purchasable","15":"product-type-simple"},"yoast_head":"<!-- This site is optimized with the Yoast SEO plugin v27.3 - https:\/\/yoast.com\/product\/yoast-seo-wordpress\/ -->\n<title>BINT HOORAN ROSE PASSION EAU DE PARFUM ARD AL ZAAFARAN Pour Femme \u2013 100ml - Maroc Prix<\/title>\n<meta name=\"description\" content=\"BINT HOORAN ROSE PASSION EAU DE PARFUM ARD AL ZAAFARAN Pour Femme \u2013 100ml\" \/>\n<meta name=\"robots\" content=\"index, follow, max-snippet:-1, max-image-preview:large, max-video-preview:-1\" \/>\n<link rel=\"canonical\" href=\"https:\/\/vitablanca.ma\/ar\/product-2\/bint-hooran-rose-passion-eau-de-parfum-ard-al-zaafaran-pour-femme-100ml\/\" \/>\n<meta property=\"og:locale\" content=\"ar_AR\" \/>\n<meta property=\"og:type\" content=\"article\" \/>\n<meta property=\"og:title\" content=\"BINT HOORAN ROSE PASSION EAU DE PARFUM ARD AL ZAAFARAN Pour Femme \u2013 100ml - Maroc Prix\" \/>\n<meta property=\"og:description\" content=\"BINT HOORAN ROSE PASSION EAU DE PARFUM ARD AL ZAAFARAN Pour Femme \u2013 100ml\" \/>\n<meta property=\"og:url\" content=\"https:\/\/vitablanca.ma\/ar\/product-2\/bint-hooran-rose-passion-eau-de-parfum-ard-al-zaafaran-pour-femme-100ml\/\" \/>\n<meta property=\"og:site_name\" content=\"Vitablanca.ma &ndash; Sant&eacute;, vitalit&eacute; et bien-&ecirc;tre pour tous les Marocains\" \/>\n<meta property=\"article:publisher\" content=\"https:\/\/www.facebook.com\/profile.php?id=61576678196717\" \/>\n<meta property=\"article:modified_time\" content=\"2026-03-15T23:08:51+00:00\" \/>\n<meta property=\"og:image\" content=\"https:\/\/vitablanca.ma\/wp-content\/uploads\/2026\/03\/BINTHOORANROSEPASSIONEAUDEPARFUMARDALZAAFARANPourFemme1.jpg\" \/>\n\t<meta property=\"og:image:width\" content=\"1080\" \/>\n\t<meta property=\"og:image:height\" content=\"1080\" \/>\n\t<meta property=\"og:image:type\" content=\"image\/jpeg\" \/>\n<meta name=\"twitter:card\" content=\"summary_large_image\" \/>\n<meta name=\"twitter:label1\" content=\"\u0648\u0642\u062a \u0627\u0644\u0642\u0631\u0627\u0621\u0629 \u0627\u0644\u0645\u064f\u0642\u062f\u0651\u0631\" \/>\n\t<meta name=\"twitter:data1\" content=\"\u062f\u0642\u064a\u0642\u0629 \u0648\u0627\u062d\u062f\u0629\" \/>\n<script type=\"application\/ld+json\" class=\"yoast-schema-graph\">{\"@context\":\"https:\\\/\\\/schema.org\",\"@graph\":[{\"@type\":[\"WebPage\",\"ItemPage\"],\"@id\":\"https:\\\/\\\/vitablanca.ma\\\/produit\\\/bint-hooran-rose-passion-eau-de-parfum-ard-al-zaafaran-pour-femme-100ml\\\/\",\"url\":\"https:\\\/\\\/vitablanca.ma\\\/produit\\\/bint-hooran-rose-passion-eau-de-parfum-ard-al-zaafaran-pour-femme-100ml\\\/\",\"name\":\"BINT HOORAN ROSE PASSION EAU DE PARFUM ARD AL ZAAFARAN Pour Femme \u2013 100ml - Maroc Prix\",\"isPartOf\":{\"@id\":\"https:\\\/\\\/vitablanca.ma\\\/#website\"},\"primaryImageOfPage\":{\"@id\":\"https:\\\/\\\/vitablanca.ma\\\/produit\\\/bint-hooran-rose-passion-eau-de-parfum-ard-al-zaafaran-pour-femme-100ml\\\/#primaryimage\"},\"image\":{\"@id\":\"https:\\\/\\\/vitablanca.ma\\\/produit\\\/bint-hooran-rose-passion-eau-de-parfum-ard-al-zaafaran-pour-femme-100ml\\\/#primaryimage\"},\"thumbnailUrl\":\"https:\\\/\\\/vitablanca.ma\\\/wp-content\\\/uploads\\\/2026\\\/03\\\/BINTHOORANROSEPASSIONEAUDEPARFUMARDALZAAFARANPourFemme1.jpg\",\"datePublished\":\"2026-03-04T01:54:38+00:00\",\"dateModified\":\"2026-03-15T23:08:51+00:00\",\"description\":\"BINT HOORAN ROSE PASSION EAU DE PARFUM ARD AL ZAAFARAN Pour Femme \u2013 100ml\",\"breadcrumb\":{\"@id\":\"https:\\\/\\\/vitablanca.ma\\\/produit\\\/bint-hooran-rose-passion-eau-de-parfum-ard-al-zaafaran-pour-femme-100ml\\\/#breadcrumb\"},\"inLanguage\":\"ar\",\"potentialAction\":[{\"@type\":\"ReadAction\",\"target\":[\"https:\\\/\\\/vitablanca.ma\\\/produit\\\/bint-hooran-rose-passion-eau-de-parfum-ard-al-zaafaran-pour-femme-100ml\\\/\"]}]},{\"@type\":\"ImageObject\",\"inLanguage\":\"ar\",\"@id\":\"https:\\\/\\\/vitablanca.ma\\\/produit\\\/bint-hooran-rose-passion-eau-de-parfum-ard-al-zaafaran-pour-femme-100ml\\\/#primaryimage\",\"url\":\"https:\\\/\\\/vitablanca.ma\\\/wp-content\\\/uploads\\\/2026\\\/03\\\/BINTHOORANROSEPASSIONEAUDEPARFUMARDALZAAFARANPourFemme1.jpg\",\"contentUrl\":\"https:\\\/\\\/vitablanca.ma\\\/wp-content\\\/uploads\\\/2026\\\/03\\\/BINTHOORANROSEPASSIONEAUDEPARFUMARDALZAAFARANPourFemme1.jpg\",\"width\":1080,\"height\":1080},{\"@type\":\"BreadcrumbList\",\"@id\":\"https:\\\/\\\/vitablanca.ma\\\/produit\\\/bint-hooran-rose-passion-eau-de-parfum-ard-al-zaafaran-pour-femme-100ml\\\/#breadcrumb\",\"itemListElement\":[{\"@type\":\"ListItem\",\"position\":1,\"name\":\"Home\",\"item\":\"https:\\\/\\\/vitablanca.ma\\\/\"},{\"@type\":\"ListItem\",\"position\":2,\"name\":\"Tous Les Produits\",\"item\":\"https:\\\/\\\/vitablanca.ma\\\/tous-les-produits\\\/\"},{\"@type\":\"ListItem\",\"position\":3,\"name\":\"BINT HOORAN ROSE PASSION EAU DE PARFUM ARD AL ZAAFARAN Pour Femme \u2013 100ml\"}]},{\"@type\":\"WebSite\",\"@id\":\"https:\\\/\\\/vitablanca.ma\\\/#website\",\"url\":\"https:\\\/\\\/vitablanca.ma\\\/\",\"name\":\"VitaBlanca.ma | Compl\u00e9ments alimentaires, sant\u00e9 & beaut\u00e9 au Maroc\",\"description\":\"vendre vitamines et compl\u00e9ments premium des USA &amp; Canada, Nouvelle Z\u00e9lande,Maroc (NOW Foods, Solgar, Manuka). Livraison rapide partout au Maroc.\",\"publisher\":{\"@id\":\"https:\\\/\\\/vitablanca.ma\\\/#organization\"},\"alternateName\":\"VitaBlanca.ma\",\"potentialAction\":[{\"@type\":\"SearchAction\",\"target\":{\"@type\":\"EntryPoint\",\"urlTemplate\":\"https:\\\/\\\/vitablanca.ma\\\/?s={search_term_string}\"},\"query-input\":{\"@type\":\"PropertyValueSpecification\",\"valueRequired\":true,\"valueName\":\"search_term_string\"}}],\"inLanguage\":\"ar\"},{\"@type\":\"Organization\",\"@id\":\"https:\\\/\\\/vitablanca.ma\\\/#organization\",\"name\":\"VitaBlanca\",\"url\":\"https:\\\/\\\/vitablanca.ma\\\/\",\"logo\":{\"@type\":\"ImageObject\",\"inLanguage\":\"ar\",\"@id\":\"https:\\\/\\\/vitablanca.ma\\\/#\\\/schema\\\/logo\\\/image\\\/\",\"url\":\"https:\\\/\\\/vitablanca.ma\\\/wp-content\\\/uploads\\\/2025\\\/05\\\/cropped-vitablanca.png\",\"contentUrl\":\"https:\\\/\\\/vitablanca.ma\\\/wp-content\\\/uploads\\\/2025\\\/05\\\/cropped-vitablanca.png\",\"width\":360,\"height\":67,\"caption\":\"VitaBlanca\"},\"image\":{\"@id\":\"https:\\\/\\\/vitablanca.ma\\\/#\\\/schema\\\/logo\\\/image\\\/\"},\"sameAs\":[\"https:\\\/\\\/www.facebook.com\\\/profile.php?id=61576678196717\",\"https:\\\/\\\/www.tiktok.com\\\/@vitablanca.ma\",\"https:\\\/\\\/www.instagram.com\\\/vitablanca.ma\\\/\"]}]}<\/script>\n<!-- \/ Yoast SEO plugin. -->","yoast_head_json":{"title":"BINT HOORAN ROSE PASSION EAU DE PARFUM ARD AL ZAAFARAN Pour Femme \u2013 100ml - Maroc Prix","description":"BINT HOORAN ROSE PASSION EAU DE PARFUM ARD AL ZAAFARAN Pour Femme \u2013 100ml","robots":{"index":"index","follow":"follow","max-snippet":"max-snippet:-1","max-image-preview":"max-image-preview:large","max-video-preview":"max-video-preview:-1"},"canonical":"https:\/\/vitablanca.ma\/ar\/product-2\/bint-hooran-rose-passion-eau-de-parfum-ard-al-zaafaran-pour-femme-100ml\/","og_locale":"ar_AR","og_type":"article","og_title":"BINT HOORAN ROSE PASSION EAU DE PARFUM ARD AL ZAAFARAN Pour Femme \u2013 100ml - Maroc Prix","og_description":"BINT HOORAN ROSE PASSION EAU DE PARFUM ARD AL ZAAFARAN Pour Femme \u2013 100ml","og_url":"https:\/\/vitablanca.ma\/ar\/product-2\/bint-hooran-rose-passion-eau-de-parfum-ard-al-zaafaran-pour-femme-100ml\/","og_site_name":"Vitablanca.ma &ndash; Sant&eacute;, vitalit&eacute; et bien-&ecirc;tre pour tous les Marocains","article_publisher":"https:\/\/www.facebook.com\/profile.php?id=61576678196717","article_modified_time":"2026-03-15T23:08:51+00:00","og_image":[{"width":1080,"height":1080,"url":"https:\/\/vitablanca.ma\/wp-content\/uploads\/2026\/03\/BINTHOORANROSEPASSIONEAUDEPARFUMARDALZAAFARANPourFemme1.jpg","type":"image\/jpeg"}],"twitter_card":"summary_large_image","twitter_misc":{"\u0648\u0642\u062a \u0627\u0644\u0642\u0631\u0627\u0621\u0629 \u0627\u0644\u0645\u064f\u0642\u062f\u0651\u0631":"\u062f\u0642\u064a\u0642\u0629 \u0648\u0627\u062d\u062f\u0629"},"schema":{"@context":"https:\/\/schema.org","@graph":[{"@type":["WebPage","ItemPage"],"@id":"https:\/\/vitablanca.ma\/produit\/bint-hooran-rose-passion-eau-de-parfum-ard-al-zaafaran-pour-femme-100ml\/","url":"https:\/\/vitablanca.ma\/produit\/bint-hooran-rose-passion-eau-de-parfum-ard-al-zaafaran-pour-femme-100ml\/","name":"BINT HOORAN ROSE PASSION EAU DE PARFUM ARD AL ZAAFARAN Pour Femme \u2013 100ml - Maroc Prix","isPartOf":{"@id":"https:\/\/vitablanca.ma\/#website"},"primaryImageOfPage":{"@id":"https:\/\/vitablanca.ma\/produit\/bint-hooran-rose-passion-eau-de-parfum-ard-al-zaafaran-pour-femme-100ml\/#primaryimage"},"image":{"@id":"https:\/\/vitablanca.ma\/produit\/bint-hooran-rose-passion-eau-de-parfum-ard-al-zaafaran-pour-femme-100ml\/#primaryimage"},"thumbnailUrl":"https:\/\/vitablanca.ma\/wp-content\/uploads\/2026\/03\/BINTHOORANROSEPASSIONEAUDEPARFUMARDALZAAFARANPourFemme1.jpg","datePublished":"2026-03-04T01:54:38+00:00","dateModified":"2026-03-15T23:08:51+00:00","description":"BINT HOORAN ROSE PASSION EAU DE PARFUM ARD AL ZAAFARAN Pour Femme \u2013 100ml","breadcrumb":{"@id":"https:\/\/vitablanca.ma\/produit\/bint-hooran-rose-passion-eau-de-parfum-ard-al-zaafaran-pour-femme-100ml\/#breadcrumb"},"inLanguage":"ar","potentialAction":[{"@type":"ReadAction","target":["https:\/\/vitablanca.ma\/produit\/bint-hooran-rose-passion-eau-de-parfum-ard-al-zaafaran-pour-femme-100ml\/"]}]},{"@type":"ImageObject","inLanguage":"ar","@id":"https:\/\/vitablanca.ma\/produit\/bint-hooran-rose-passion-eau-de-parfum-ard-al-zaafaran-pour-femme-100ml\/#primaryimage","url":"https:\/\/vitablanca.ma\/wp-content\/uploads\/2026\/03\/BINTHOORANROSEPASSIONEAUDEPARFUMARDALZAAFARANPourFemme1.jpg","contentUrl":"https:\/\/vitablanca.ma\/wp-content\/uploads\/2026\/03\/BINTHOORANROSEPASSIONEAUDEPARFUMARDALZAAFARANPourFemme1.jpg","width":1080,"height":1080},{"@type":"BreadcrumbList","@id":"https:\/\/vitablanca.ma\/produit\/bint-hooran-rose-passion-eau-de-parfum-ard-al-zaafaran-pour-femme-100ml\/#breadcrumb","itemListElement":[{"@type":"ListItem","position":1,"name":"Home","item":"https:\/\/vitablanca.ma\/"},{"@type":"ListItem","position":2,"name":"Tous Les Produits","item":"https:\/\/vitablanca.ma\/tous-les-produits\/"},{"@type":"ListItem","position":3,"name":"BINT HOORAN ROSE PASSION EAU DE PARFUM ARD AL ZAAFARAN Pour Femme \u2013 100ml"}]},{"@type":"WebSite","@id":"https:\/\/vitablanca.ma\/#website","url":"https:\/\/vitablanca.ma\/","name":"VitaBlanca.ma | \u0627\u0644\u0645\u0643\u0645\u0644\u0627\u062a \u0627\u0644\u063a\u0630\u0627\u0626\u064a\u0629\u060c \u0627\u0644\u0635\u062d\u0629 \u0648\u0627\u0644\u062c\u0645\u0627\u0644 \u0641\u064a \u0627\u0644\u0645\u063a\u0631\u0628","description":"\u0646\u0628\u064a\u0639 \u0641\u064a\u062a\u0627\u0645\u064a\u0646\u0627\u062a \u0648\u0645\u0643\u0645\u0644\u0627\u062a \u063a\u0630\u0627\u0626\u064a\u0629 \u0641\u0627\u062e\u0631\u0629 \u0645\u0646 \u0627\u0644\u0648\u0644\u0627\u064a\u0627\u062a \u0627\u0644\u0645\u062a\u062d\u062f\u0629 \u0627\u0644\u0623\u0645\u0631\u064a\u0643\u064a\u0629 \u0648\u0643\u0646\u062f\u0627 \u0648\u0646\u064a\u0648\u0632\u064a\u0644\u0646\u062f\u0627 \u0648\u0627\u0644\u0645\u063a\u0631\u0628 (\u0646\u0627\u0648 \u0641\u0648\u062f\u0632\u060c \u0633\u0648\u0644\u062c\u0627\u0631\u060c \u0645\u0627\u0646\u0648\u0643\u0627). \u062a\u0648\u0635\u064a\u0644 \u0633\u0631\u064a\u0639 \u0625\u0644\u0649 \u062c\u0645\u064a\u0639 \u0623\u0646\u062d\u0627\u0621 \u0627\u0644\u0645\u063a\u0631\u0628.","publisher":{"@id":"https:\/\/vitablanca.ma\/#organization"},"alternateName":"VitaBlanca.ma","potentialAction":[{"@type":"SearchAction","target":{"@type":"EntryPoint","urlTemplate":"https:\/\/vitablanca.ma\/?s={search_term_string}"},"query-input":{"@type":"PropertyValueSpecification","valueRequired":true,"valueName":"search_term_string"}}],"inLanguage":"ar"},{"@type":"Organization","@id":"https:\/\/vitablanca.ma\/#organization","name":"\u0641\u064a\u062a\u0627\u0628\u0644\u0627\u0646\u0643\u0627","url":"https:\/\/vitablanca.ma\/","logo":{"@type":"ImageObject","inLanguage":"ar","@id":"https:\/\/vitablanca.ma\/#\/schema\/logo\/image\/","url":"https:\/\/vitablanca.ma\/wp-content\/uploads\/2025\/05\/cropped-vitablanca.png","contentUrl":"https:\/\/vitablanca.ma\/wp-content\/uploads\/2025\/05\/cropped-vitablanca.png","width":360,"height":67,"caption":"VitaBlanca"},"image":{"@id":"https:\/\/vitablanca.ma\/#\/schema\/logo\/image\/"},"sameAs":["https:\/\/www.facebook.com\/profile.php?id=61576678196717","https:\/\/www.tiktok.com\/@vitablanca.ma","https:\/\/www.instagram.com\/vitablanca.ma\/"]}]}},"jetpack_sharing_enabled":true,"_links":{"self":[{"href":"https:\/\/vitablanca.ma\/ar\/wp-json\/wp\/v2\/product\/31377","targetHints":{"allow":["GET"]}}],"collection":[{"href":"https:\/\/vitablanca.ma\/ar\/wp-json\/wp\/v2\/product"}],"about":[{"href":"https:\/\/vitablanca.ma\/ar\/wp-json\/wp\/v2\/types\/product"}],"wp:featuredmedia":[{"embeddable":true,"href":"https:\/\/vitablanca.ma\/ar\/wp-json\/wp\/v2\/media\/31372"}],"wp:attachment":[{"href":"https:\/\/vitablanca.ma\/ar\/wp-json\/wp\/v2\/media?parent=31377"}],"wp:term":[{"taxonomy":"product_brand","embeddable":true,"href":"https:\/\/vitablanca.ma\/ar\/wp-json\/wp\/v2\/product_brand?post=31377"},{"taxonomy":"product_cat","embeddable":true,"href":"https:\/\/vitablanca.ma\/ar\/wp-json\/wp\/v2\/product_cat?post=31377"},{"taxonomy":"product_tag","embeddable":true,"href":"https:\/\/vitablanca.ma\/ar\/wp-json\/wp\/v2\/product_tag?post=31377"}],"curies":[{"name":"wp","href":"https:\/\/api.w.org\/{rel}","templated":true}]}}