{"id":31330,"date":"2026-03-04T01:53:20","date_gmt":"2026-03-04T01:53:20","guid":{"rendered":"https:\/\/vitablanca.ma\/produit\/fragrance-world-elysia-vanilla-eau-de-parfum-unisexe-100ml\/"},"modified":"2026-04-17T22:32:34","modified_gmt":"2026-04-17T22:32:34","slug":"fragrance-world-elysia-vanilla-eau-de-parfum-unisexe-100ml","status":"publish","type":"product","link":"https:\/\/vitablanca.ma\/ar\/product-2\/fragrance-world-elysia-vanilla-eau-de-parfum-unisexe-100ml\/","title":{"rendered":"Fragrance World \u2013 ELYSIA VANILLA Eau De Parfum Unisexe \u2013 100ml"},"content":{"rendered":"<p><strong>Douceur raffin\u00e9e & sensualit\u00e9 enveloppante<\/strong><span>\u00a0<\/span>-<span>\u00a0<\/span><strong>Elysia Vanilla<\/strong><span>\u00a0<\/span>\u0644<span>\u00a0<\/span><em>Fragrance World<\/em><span>\u00a0<\/span>est une d\u00e9claration olfactive subtilement luxueuse. Inspir\u00e9 par<span>\u00a0<\/span><em>Kayali Vanilla 28<\/em>, ce parfum unisexe offre une chaleur exquise, un \u00e9quilibre d\u00e9licat entre la douceur gourmande et une \u00e9l\u00e9gance enveloppante. Il \u00e9voque une vanille poudr\u00e9e, dor\u00e9e et profonde, parfaite pour se distinguer avec douceur et caract\u00e8re<\/p>\n<p>D\u00e8s l\u2019ouverture, l\u2019<strong>orchid\u00e9e vanill\u00e9e<\/strong><span>\u00a0<\/span>se m\u00eale au<span>\u00a0<\/span><strong>jasmin<\/strong><span>\u00a0<\/span>pour cr\u00e9er une touche florale velout\u00e9e, d\u00e9licate et f\u00e9minine. Le c\u0153ur d\u00e9voile un accord<span>\u00a0<\/span><strong>gourmand<\/strong><span>\u00a0<\/span>\u0644<span>\u00a0<\/span><strong>cassonade<\/strong><span>\u00a0<\/span>\u0648\u0645\u0646<span>\u00a0<\/span><strong>f\u00e8ve tonka<\/strong>, chaleureux mais jamais \u00e9c\u0153urant. En fond, un mariage \u00e9l\u00e9gant de<span>\u00a0<\/span><strong>musc<\/strong>,<span>\u00a0<\/span><strong>ambre<\/strong>,<span>\u00a0<\/span><strong>bois ambr\u00e9<\/strong><span>\u00a0<\/span>\u0648<span>\u00a0<\/span><strong>patchouli<\/strong><span>\u00a0<\/span>prolonge l\u2019exp\u00e9rience dans un sillage doux et sensuel, tel un manteau d\u2019\u00e9l\u00e9gance invisible.<\/p>\n<p><b>Notes olfactives :<\/b><\/p>\n<p><span><strong>Note de t\u00eate :<\/strong> Orchid\u00e9e Vanill\u00e9e, Jasmin<\/span><br \/><span><strong>Note de coeur : <\/strong>Cassonade, F\u00e8ve de tonka<\/span><br \/><span><strong>Note de fond :<\/strong> Ambre, Amberwood, Musc, Patchouli<\/span><\/p>","protected":false},"excerpt":{"rendered":"<p>Douceur raffin\u00e9e &#038; sensualit\u00e9 enveloppante\u00a0\u2013\u00a0Elysia Vanilla\u00a0de\u00a0Fragrance World\u00a0est une d\u00e9claration olfactive subtilement luxueuse. Inspir\u00e9 par\u00a0Kayali Vanilla 28, ce parfum unisexe offre une chaleur exquise, un \u00e9quilibre d\u00e9licat entre la douceur gourmande et une \u00e9l\u00e9gance enveloppante. Il \u00e9voque une vanille poudr\u00e9e, dor\u00e9e et profonde, parfaite pour se distinguer avec douceur et caract\u00e8re D\u00e8s l\u2019ouverture, l\u2019orchid\u00e9e vanill\u00e9e\u00a0se m\u00eale [&hellip;]<\/p>\n","protected":false},"featured_media":31328,"template":"","meta":{"om_disable_all_campaigns":false},"product_brand":[],"product_cat":[18,15,1091],"product_tag":[],"class_list":{"0":"post-31330","1":"product","2":"type-product","3":"status-publish","4":"has-post-thumbnail","6":"product_cat-beaute-sante","7":"product_cat-beaute-sante-complements-alimentaires-soins-et-bien-etre-au-meilleur-prix","8":"product_cat-beaute-parfums-maroc-prix","10":"first","11":"instock","12":"taxable","13":"shipping-taxable","14":"purchasable","15":"product-type-simple"},"yoast_head":"<!-- This site is optimized with the Yoast SEO plugin v27.5 - https:\/\/yoast.com\/product\/yoast-seo-wordpress\/ -->\n<title>Fragrance World \u2013 ELYSIA VANILLA Eau De Parfum Unisexe \u2013 100ml - Maroc Prix<\/title>\n<meta name=\"description\" content=\"Fragrance World \u2013 ELYSIA VANILLA Eau De Parfum Unisexe \u2013 100ml\" \/>\n<meta name=\"robots\" content=\"index, follow, max-snippet:-1, max-image-preview:large, max-video-preview:-1\" \/>\n<link rel=\"canonical\" href=\"https:\/\/vitablanca.ma\/ar\/product-2\/fragrance-world-elysia-vanilla-eau-de-parfum-unisexe-100ml\/\" \/>\n<meta property=\"og:locale\" content=\"ar_AR\" \/>\n<meta property=\"og:type\" content=\"article\" \/>\n<meta property=\"og:title\" content=\"Fragrance World \u2013 ELYSIA VANILLA Eau De Parfum Unisexe \u2013 100ml - Maroc Prix\" \/>\n<meta property=\"og:description\" content=\"Fragrance World \u2013 ELYSIA VANILLA Eau De Parfum Unisexe \u2013 100ml\" \/>\n<meta property=\"og:url\" content=\"https:\/\/vitablanca.ma\/ar\/product-2\/fragrance-world-elysia-vanilla-eau-de-parfum-unisexe-100ml\/\" \/>\n<meta property=\"og:site_name\" content=\"Vitablanca.ma &ndash; Sant&eacute;, vitalit&eacute; et bien-&ecirc;tre pour tous les Marocains\" \/>\n<meta property=\"article:publisher\" content=\"https:\/\/www.facebook.com\/profile.php?id=61576678196717\" \/>\n<meta property=\"article:modified_time\" content=\"2026-04-17T22:32:34+00:00\" \/>\n<meta property=\"og:image\" content=\"https:\/\/vitablanca.ma\/wp-content\/uploads\/2026\/03\/FragranceWorld_ElysiaVanille_100ml2.jpg\" \/>\n\t<meta property=\"og:image:width\" content=\"1080\" \/>\n\t<meta property=\"og:image:height\" content=\"1080\" \/>\n\t<meta property=\"og:image:type\" content=\"image\/jpeg\" \/>\n<meta name=\"twitter:card\" content=\"summary_large_image\" \/>\n<meta name=\"twitter:label1\" content=\"\u0648\u0642\u062a \u0627\u0644\u0642\u0631\u0627\u0621\u0629 \u0627\u0644\u0645\u064f\u0642\u062f\u0651\u0631\" \/>\n\t<meta name=\"twitter:data1\" content=\"\u062f\u0642\u064a\u0642\u0629 \u0648\u0627\u062d\u062f\u0629\" \/>\n<script type=\"application\/ld+json\" class=\"yoast-schema-graph\">{\"@context\":\"https:\\\/\\\/schema.org\",\"@graph\":[{\"@type\":[\"WebPage\",\"ItemPage\"],\"@id\":\"https:\\\/\\\/vitablanca.ma\\\/produit\\\/fragrance-world-elysia-vanilla-eau-de-parfum-unisexe-100ml\\\/\",\"url\":\"https:\\\/\\\/vitablanca.ma\\\/produit\\\/fragrance-world-elysia-vanilla-eau-de-parfum-unisexe-100ml\\\/\",\"name\":\"Fragrance World \u2013 ELYSIA VANILLA Eau De Parfum Unisexe \u2013 100ml - Maroc Prix\",\"isPartOf\":{\"@id\":\"https:\\\/\\\/vitablanca.ma\\\/#website\"},\"primaryImageOfPage\":{\"@id\":\"https:\\\/\\\/vitablanca.ma\\\/produit\\\/fragrance-world-elysia-vanilla-eau-de-parfum-unisexe-100ml\\\/#primaryimage\"},\"image\":{\"@id\":\"https:\\\/\\\/vitablanca.ma\\\/produit\\\/fragrance-world-elysia-vanilla-eau-de-parfum-unisexe-100ml\\\/#primaryimage\"},\"thumbnailUrl\":\"https:\\\/\\\/vitablanca.ma\\\/wp-content\\\/uploads\\\/2026\\\/03\\\/FragranceWorld_ElysiaVanille_100ml2.jpg\",\"datePublished\":\"2026-03-04T01:53:20+00:00\",\"dateModified\":\"2026-04-17T22:32:34+00:00\",\"description\":\"Fragrance World \u2013 ELYSIA VANILLA Eau De Parfum Unisexe \u2013 100ml\",\"breadcrumb\":{\"@id\":\"https:\\\/\\\/vitablanca.ma\\\/produit\\\/fragrance-world-elysia-vanilla-eau-de-parfum-unisexe-100ml\\\/#breadcrumb\"},\"inLanguage\":\"ar\",\"potentialAction\":[{\"@type\":\"ReadAction\",\"target\":[\"https:\\\/\\\/vitablanca.ma\\\/produit\\\/fragrance-world-elysia-vanilla-eau-de-parfum-unisexe-100ml\\\/\"]}]},{\"@type\":\"ImageObject\",\"inLanguage\":\"ar\",\"@id\":\"https:\\\/\\\/vitablanca.ma\\\/produit\\\/fragrance-world-elysia-vanilla-eau-de-parfum-unisexe-100ml\\\/#primaryimage\",\"url\":\"https:\\\/\\\/vitablanca.ma\\\/wp-content\\\/uploads\\\/2026\\\/03\\\/FragranceWorld_ElysiaVanille_100ml2.jpg\",\"contentUrl\":\"https:\\\/\\\/vitablanca.ma\\\/wp-content\\\/uploads\\\/2026\\\/03\\\/FragranceWorld_ElysiaVanille_100ml2.jpg\",\"width\":1080,\"height\":1080},{\"@type\":\"BreadcrumbList\",\"@id\":\"https:\\\/\\\/vitablanca.ma\\\/produit\\\/fragrance-world-elysia-vanilla-eau-de-parfum-unisexe-100ml\\\/#breadcrumb\",\"itemListElement\":[{\"@type\":\"ListItem\",\"position\":1,\"name\":\"Home\",\"item\":\"https:\\\/\\\/vitablanca.ma\\\/\"},{\"@type\":\"ListItem\",\"position\":2,\"name\":\"Tous Les Produits\",\"item\":\"https:\\\/\\\/vitablanca.ma\\\/tous-les-produits\\\/\"},{\"@type\":\"ListItem\",\"position\":3,\"name\":\"Fragrance World \u2013 ELYSIA VANILLA Eau De Parfum Unisexe \u2013 100ml\"}]},{\"@type\":\"WebSite\",\"@id\":\"https:\\\/\\\/vitablanca.ma\\\/#website\",\"url\":\"https:\\\/\\\/vitablanca.ma\\\/\",\"name\":\"VitaBlanca.ma | Compl\u00e9ments alimentaires, sant\u00e9 & beaut\u00e9 au Maroc\",\"description\":\"vendre vitamines et compl\u00e9ments premium des USA &amp; Canada, Nouvelle Z\u00e9lande,Maroc (NOW Foods, Solgar, Manuka). Livraison rapide partout au Maroc.\",\"publisher\":{\"@id\":\"https:\\\/\\\/vitablanca.ma\\\/#organization\"},\"alternateName\":\"VitaBlanca.ma\",\"potentialAction\":[{\"@type\":\"SearchAction\",\"target\":{\"@type\":\"EntryPoint\",\"urlTemplate\":\"https:\\\/\\\/vitablanca.ma\\\/?s={search_term_string}\"},\"query-input\":{\"@type\":\"PropertyValueSpecification\",\"valueRequired\":true,\"valueName\":\"search_term_string\"}}],\"inLanguage\":\"ar\"},{\"@type\":\"Organization\",\"@id\":\"https:\\\/\\\/vitablanca.ma\\\/#organization\",\"name\":\"VitaBlanca\",\"url\":\"https:\\\/\\\/vitablanca.ma\\\/\",\"logo\":{\"@type\":\"ImageObject\",\"inLanguage\":\"ar\",\"@id\":\"https:\\\/\\\/vitablanca.ma\\\/#\\\/schema\\\/logo\\\/image\\\/\",\"url\":\"https:\\\/\\\/vitablanca.ma\\\/wp-content\\\/uploads\\\/2025\\\/05\\\/cropped-vitablanca.png\",\"contentUrl\":\"https:\\\/\\\/vitablanca.ma\\\/wp-content\\\/uploads\\\/2025\\\/05\\\/cropped-vitablanca.png\",\"width\":360,\"height\":67,\"caption\":\"VitaBlanca\"},\"image\":{\"@id\":\"https:\\\/\\\/vitablanca.ma\\\/#\\\/schema\\\/logo\\\/image\\\/\"},\"sameAs\":[\"https:\\\/\\\/www.facebook.com\\\/profile.php?id=61576678196717\",\"https:\\\/\\\/www.tiktok.com\\\/@vitablanca.ma\",\"https:\\\/\\\/www.instagram.com\\\/vitablanca.ma\\\/\"]}]}<\/script>\n<!-- \/ Yoast SEO plugin. -->","yoast_head_json":{"title":"Fragrance World \u2013 ELYSIA VANILLA Eau De Parfum Unisexe \u2013 100ml - Maroc Prix","description":"Fragrance World \u2013 ELYSIA VANILLA Eau De Parfum Unisexe \u2013 100ml","robots":{"index":"index","follow":"follow","max-snippet":"max-snippet:-1","max-image-preview":"max-image-preview:large","max-video-preview":"max-video-preview:-1"},"canonical":"https:\/\/vitablanca.ma\/ar\/product-2\/fragrance-world-elysia-vanilla-eau-de-parfum-unisexe-100ml\/","og_locale":"ar_AR","og_type":"article","og_title":"Fragrance World \u2013 ELYSIA VANILLA Eau De Parfum Unisexe \u2013 100ml - Maroc Prix","og_description":"Fragrance World \u2013 ELYSIA VANILLA Eau De Parfum Unisexe \u2013 100ml","og_url":"https:\/\/vitablanca.ma\/ar\/product-2\/fragrance-world-elysia-vanilla-eau-de-parfum-unisexe-100ml\/","og_site_name":"Vitablanca.ma &ndash; Sant&eacute;, vitalit&eacute; et bien-&ecirc;tre pour tous les Marocains","article_publisher":"https:\/\/www.facebook.com\/profile.php?id=61576678196717","article_modified_time":"2026-04-17T22:32:34+00:00","og_image":[{"width":1080,"height":1080,"url":"https:\/\/vitablanca.ma\/wp-content\/uploads\/2026\/03\/FragranceWorld_ElysiaVanille_100ml2.jpg","type":"image\/jpeg"}],"twitter_card":"summary_large_image","twitter_misc":{"\u0648\u0642\u062a \u0627\u0644\u0642\u0631\u0627\u0621\u0629 \u0627\u0644\u0645\u064f\u0642\u062f\u0651\u0631":"\u062f\u0642\u064a\u0642\u0629 \u0648\u0627\u062d\u062f\u0629"},"schema":{"@context":"https:\/\/schema.org","@graph":[{"@type":["WebPage","ItemPage"],"@id":"https:\/\/vitablanca.ma\/produit\/fragrance-world-elysia-vanilla-eau-de-parfum-unisexe-100ml\/","url":"https:\/\/vitablanca.ma\/produit\/fragrance-world-elysia-vanilla-eau-de-parfum-unisexe-100ml\/","name":"Fragrance World \u2013 ELYSIA VANILLA Eau De Parfum Unisexe \u2013 100ml - Maroc Prix","isPartOf":{"@id":"https:\/\/vitablanca.ma\/#website"},"primaryImageOfPage":{"@id":"https:\/\/vitablanca.ma\/produit\/fragrance-world-elysia-vanilla-eau-de-parfum-unisexe-100ml\/#primaryimage"},"image":{"@id":"https:\/\/vitablanca.ma\/produit\/fragrance-world-elysia-vanilla-eau-de-parfum-unisexe-100ml\/#primaryimage"},"thumbnailUrl":"https:\/\/vitablanca.ma\/wp-content\/uploads\/2026\/03\/FragranceWorld_ElysiaVanille_100ml2.jpg","datePublished":"2026-03-04T01:53:20+00:00","dateModified":"2026-04-17T22:32:34+00:00","description":"Fragrance World \u2013 ELYSIA VANILLA Eau De Parfum Unisexe \u2013 100ml","breadcrumb":{"@id":"https:\/\/vitablanca.ma\/produit\/fragrance-world-elysia-vanilla-eau-de-parfum-unisexe-100ml\/#breadcrumb"},"inLanguage":"ar","potentialAction":[{"@type":"ReadAction","target":["https:\/\/vitablanca.ma\/produit\/fragrance-world-elysia-vanilla-eau-de-parfum-unisexe-100ml\/"]}]},{"@type":"ImageObject","inLanguage":"ar","@id":"https:\/\/vitablanca.ma\/produit\/fragrance-world-elysia-vanilla-eau-de-parfum-unisexe-100ml\/#primaryimage","url":"https:\/\/vitablanca.ma\/wp-content\/uploads\/2026\/03\/FragranceWorld_ElysiaVanille_100ml2.jpg","contentUrl":"https:\/\/vitablanca.ma\/wp-content\/uploads\/2026\/03\/FragranceWorld_ElysiaVanille_100ml2.jpg","width":1080,"height":1080},{"@type":"BreadcrumbList","@id":"https:\/\/vitablanca.ma\/produit\/fragrance-world-elysia-vanilla-eau-de-parfum-unisexe-100ml\/#breadcrumb","itemListElement":[{"@type":"ListItem","position":1,"name":"Home","item":"https:\/\/vitablanca.ma\/"},{"@type":"ListItem","position":2,"name":"Tous Les Produits","item":"https:\/\/vitablanca.ma\/tous-les-produits\/"},{"@type":"ListItem","position":3,"name":"Fragrance World \u2013 ELYSIA VANILLA Eau De Parfum Unisexe \u2013 100ml"}]},{"@type":"WebSite","@id":"https:\/\/vitablanca.ma\/#website","url":"https:\/\/vitablanca.ma\/","name":"VitaBlanca.ma | \u0627\u0644\u0645\u0643\u0645\u0644\u0627\u062a \u0627\u0644\u063a\u0630\u0627\u0626\u064a\u0629\u060c \u0627\u0644\u0635\u062d\u0629 \u0648\u0627\u0644\u062c\u0645\u0627\u0644 \u0641\u064a \u0627\u0644\u0645\u063a\u0631\u0628","description":"\u0646\u0628\u064a\u0639 \u0641\u064a\u062a\u0627\u0645\u064a\u0646\u0627\u062a \u0648\u0645\u0643\u0645\u0644\u0627\u062a \u063a\u0630\u0627\u0626\u064a\u0629 \u0641\u0627\u062e\u0631\u0629 \u0645\u0646 \u0627\u0644\u0648\u0644\u0627\u064a\u0627\u062a \u0627\u0644\u0645\u062a\u062d\u062f\u0629 \u0627\u0644\u0623\u0645\u0631\u064a\u0643\u064a\u0629 \u0648\u0643\u0646\u062f\u0627 \u0648\u0646\u064a\u0648\u0632\u064a\u0644\u0646\u062f\u0627 \u0648\u0627\u0644\u0645\u063a\u0631\u0628 (\u0646\u0627\u0648 \u0641\u0648\u062f\u0632\u060c \u0633\u0648\u0644\u062c\u0627\u0631\u060c \u0645\u0627\u0646\u0648\u0643\u0627). \u062a\u0648\u0635\u064a\u0644 \u0633\u0631\u064a\u0639 \u0625\u0644\u0649 \u062c\u0645\u064a\u0639 \u0623\u0646\u062d\u0627\u0621 \u0627\u0644\u0645\u063a\u0631\u0628.","publisher":{"@id":"https:\/\/vitablanca.ma\/#organization"},"alternateName":"VitaBlanca.ma","potentialAction":[{"@type":"SearchAction","target":{"@type":"EntryPoint","urlTemplate":"https:\/\/vitablanca.ma\/?s={search_term_string}"},"query-input":{"@type":"PropertyValueSpecification","valueRequired":true,"valueName":"search_term_string"}}],"inLanguage":"ar"},{"@type":"Organization","@id":"https:\/\/vitablanca.ma\/#organization","name":"\u0641\u064a\u062a\u0627\u0628\u0644\u0627\u0646\u0643\u0627","url":"https:\/\/vitablanca.ma\/","logo":{"@type":"ImageObject","inLanguage":"ar","@id":"https:\/\/vitablanca.ma\/#\/schema\/logo\/image\/","url":"https:\/\/vitablanca.ma\/wp-content\/uploads\/2025\/05\/cropped-vitablanca.png","contentUrl":"https:\/\/vitablanca.ma\/wp-content\/uploads\/2025\/05\/cropped-vitablanca.png","width":360,"height":67,"caption":"VitaBlanca"},"image":{"@id":"https:\/\/vitablanca.ma\/#\/schema\/logo\/image\/"},"sameAs":["https:\/\/www.facebook.com\/profile.php?id=61576678196717","https:\/\/www.tiktok.com\/@vitablanca.ma","https:\/\/www.instagram.com\/vitablanca.ma\/"]}]}},"jetpack_sharing_enabled":true,"_links":{"self":[{"href":"https:\/\/vitablanca.ma\/ar\/wp-json\/wp\/v2\/product\/31330","targetHints":{"allow":["GET"]}}],"collection":[{"href":"https:\/\/vitablanca.ma\/ar\/wp-json\/wp\/v2\/product"}],"about":[{"href":"https:\/\/vitablanca.ma\/ar\/wp-json\/wp\/v2\/types\/product"}],"wp:featuredmedia":[{"embeddable":true,"href":"https:\/\/vitablanca.ma\/ar\/wp-json\/wp\/v2\/media\/31328"}],"wp:attachment":[{"href":"https:\/\/vitablanca.ma\/ar\/wp-json\/wp\/v2\/media?parent=31330"}],"wp:term":[{"taxonomy":"product_brand","embeddable":true,"href":"https:\/\/vitablanca.ma\/ar\/wp-json\/wp\/v2\/product_brand?post=31330"},{"taxonomy":"product_cat","embeddable":true,"href":"https:\/\/vitablanca.ma\/ar\/wp-json\/wp\/v2\/product_cat?post=31330"},{"taxonomy":"product_tag","embeddable":true,"href":"https:\/\/vitablanca.ma\/ar\/wp-json\/wp\/v2\/product_tag?post=31330"}],"curies":[{"name":"wp","href":"https:\/\/api.w.org\/{rel}","templated":true}]}}