{"id":31327,"date":"2026-03-04T01:53:15","date_gmt":"2026-03-04T01:53:15","guid":{"rendered":"https:\/\/vitablanca.ma\/produit\/fragrance-world-elysia-lychee-fizz-eau-de-parfum-pour-femmes-100ml\/"},"modified":"2026-04-17T22:32:34","modified_gmt":"2026-04-17T22:32:34","slug":"fragrance-world-elysia-lychee-fizz-eau-de-parfum-pour-femmes-100ml","status":"publish","type":"product","link":"https:\/\/vitablanca.ma\/ar\/product-2\/fragrance-world-elysia-lychee-fizz-eau-de-parfum-pour-femmes-100ml\/","title":{"rendered":"Fragrance World \u2013 ELYSIA LYCHEE FIZZ Eau De Parfum Pour Femmes \u2013 100ml"},"content":{"rendered":"<p><strong>L\u2019Eau de Parfum Elysia \u2013 Lychee Fizz de la marque Fragrance World, en format 100 ml, <\/strong>d\u00e9bute avec une explosion vibrante de litchi frais, citron acidul\u00e9, cassis juteux et pomme rouge croquante. Ces notes de t\u00eate fruit\u00e9es et rafra\u00eechissantes \u00e9veillent imm\u00e9diatement les sens, offrant une premi\u00e8re impression ludique et pleine d\u2019\u00e9nergie. Ce parfum est parfait pour ceux qui recherchent une fragrance fruit\u00e9e et p\u00e9tillante.<\/p>\n<p>Au c\u0153ur de l\u2019Eau de Parfum Elysia \u2013 Lychee Fizz, un bouquet floral se d\u00e9ploie avec douceur. La violette confite, la rose de Damas \u00e9l\u00e9gante et le jasmin sambac exotique cr\u00e9ent une harmonie romantique et raffin\u00e9e. Ces notes florales apportent une d\u00e9licatesse subtile, enveloppant la fragrance d\u2019une atmosph\u00e8re gracieuse et onirique. Ce c\u0153ur floral est au c\u0153ur de l\u2019identit\u00e9 unique de ce parfum Fragrance World.<\/p>\n<p>Enfin, les notes de fond de l\u2019Eau de Parfum Elysia \u2013 Lychee Fizz d\u00e9voilent une profondeur chaleureuse et enveloppante. L\u2019ambre, le c\u00e8dre, le santal, le musc et l\u2019absolu de vanille apportent une finition riche et durable qui persiste toute la journ\u00e9e. Cette base bois\u00e9e et gourmande fait de ce parfum un choix id\u00e9al pour une signature olfactive captivante, disponible en 100 ml chez Fragrance World.<\/p>\n<p><span><strong>Note de t\u00eate :<\/strong> Litchi, citron, cassis, pomme rouge<\/span><br \/><span><strong>Note de coeur : <\/strong>Violette confite, rose de damas, jasmin sambac<\/span><br \/><span><strong>Note de fond : <\/strong>Ambre, c\u00e8dre, santal, musc, absolu de vanille<\/span><\/p>","protected":false},"excerpt":{"rendered":"<p>L\u2019Eau de Parfum Elysia \u2013 Lychee Fizz de la marque Fragrance World, en format 100 ml, d\u00e9bute avec une explosion vibrante de litchi frais, citron acidul\u00e9, cassis juteux et pomme rouge croquante. Ces notes de t\u00eate fruit\u00e9es et rafra\u00eechissantes \u00e9veillent imm\u00e9diatement les sens, offrant une premi\u00e8re impression ludique et pleine d\u2019\u00e9nergie. Ce parfum est parfait [&hellip;]<\/p>\n","protected":false},"featured_media":31324,"template":"","meta":{"om_disable_all_campaigns":false},"product_brand":[],"product_cat":[18,15,1091],"product_tag":[],"class_list":{"0":"post-31327","1":"product","2":"type-product","3":"status-publish","4":"has-post-thumbnail","6":"product_cat-beaute-sante","7":"product_cat-beaute-sante-complements-alimentaires-soins-et-bien-etre-au-meilleur-prix","8":"product_cat-beaute-parfums-maroc-prix","10":"first","11":"instock","12":"taxable","13":"shipping-taxable","14":"purchasable","15":"product-type-simple"},"yoast_head":"<!-- This site is optimized with the Yoast SEO plugin v27.5 - https:\/\/yoast.com\/product\/yoast-seo-wordpress\/ -->\n<title>Fragrance World \u2013 ELYSIA LYCHEE FIZZ Eau De Parfum Pour Femmes \u2013 100ml - Maroc Prix<\/title>\n<meta name=\"description\" content=\"Fragrance World \u2013 ELYSIA LYCHEE FIZZ Eau De Parfum Pour Femmes \u2013 100ml\" \/>\n<meta name=\"robots\" content=\"index, follow, max-snippet:-1, max-image-preview:large, max-video-preview:-1\" \/>\n<link rel=\"canonical\" href=\"https:\/\/vitablanca.ma\/ar\/product-2\/fragrance-world-elysia-lychee-fizz-eau-de-parfum-pour-femmes-100ml\/\" \/>\n<meta property=\"og:locale\" content=\"ar_AR\" \/>\n<meta property=\"og:type\" content=\"article\" \/>\n<meta property=\"og:title\" content=\"Fragrance World \u2013 ELYSIA LYCHEE FIZZ Eau De Parfum Pour Femmes \u2013 100ml - Maroc Prix\" \/>\n<meta property=\"og:description\" content=\"Fragrance World \u2013 ELYSIA LYCHEE FIZZ Eau De Parfum Pour Femmes \u2013 100ml\" \/>\n<meta property=\"og:url\" content=\"https:\/\/vitablanca.ma\/ar\/product-2\/fragrance-world-elysia-lychee-fizz-eau-de-parfum-pour-femmes-100ml\/\" \/>\n<meta property=\"og:site_name\" content=\"Vitablanca.ma &ndash; Sant&eacute;, vitalit&eacute; et bien-&ecirc;tre pour tous les Marocains\" \/>\n<meta property=\"article:publisher\" content=\"https:\/\/www.facebook.com\/profile.php?id=61576678196717\" \/>\n<meta property=\"article:modified_time\" content=\"2026-04-17T22:32:34+00:00\" \/>\n<meta property=\"og:image\" content=\"https:\/\/vitablanca.ma\/wp-content\/uploads\/2026\/03\/FragranceWorld_LycheeFizz_100ml3.jpg\" \/>\n\t<meta property=\"og:image:width\" content=\"1080\" \/>\n\t<meta property=\"og:image:height\" content=\"1080\" \/>\n\t<meta property=\"og:image:type\" content=\"image\/jpeg\" \/>\n<meta name=\"twitter:card\" content=\"summary_large_image\" \/>\n<meta name=\"twitter:label1\" content=\"\u0648\u0642\u062a \u0627\u0644\u0642\u0631\u0627\u0621\u0629 \u0627\u0644\u0645\u064f\u0642\u062f\u0651\u0631\" \/>\n\t<meta name=\"twitter:data1\" content=\"\u062f\u0642\u064a\u0642\u0629 \u0648\u0627\u062d\u062f\u0629\" \/>\n<script type=\"application\/ld+json\" class=\"yoast-schema-graph\">{\"@context\":\"https:\\\/\\\/schema.org\",\"@graph\":[{\"@type\":[\"WebPage\",\"ItemPage\"],\"@id\":\"https:\\\/\\\/vitablanca.ma\\\/produit\\\/fragrance-world-elysia-lychee-fizz-eau-de-parfum-pour-femmes-100ml\\\/\",\"url\":\"https:\\\/\\\/vitablanca.ma\\\/produit\\\/fragrance-world-elysia-lychee-fizz-eau-de-parfum-pour-femmes-100ml\\\/\",\"name\":\"Fragrance World \u2013 ELYSIA LYCHEE FIZZ Eau De Parfum Pour Femmes \u2013 100ml - Maroc Prix\",\"isPartOf\":{\"@id\":\"https:\\\/\\\/vitablanca.ma\\\/#website\"},\"primaryImageOfPage\":{\"@id\":\"https:\\\/\\\/vitablanca.ma\\\/produit\\\/fragrance-world-elysia-lychee-fizz-eau-de-parfum-pour-femmes-100ml\\\/#primaryimage\"},\"image\":{\"@id\":\"https:\\\/\\\/vitablanca.ma\\\/produit\\\/fragrance-world-elysia-lychee-fizz-eau-de-parfum-pour-femmes-100ml\\\/#primaryimage\"},\"thumbnailUrl\":\"https:\\\/\\\/vitablanca.ma\\\/wp-content\\\/uploads\\\/2026\\\/03\\\/FragranceWorld_LycheeFizz_100ml3.jpg\",\"datePublished\":\"2026-03-04T01:53:15+00:00\",\"dateModified\":\"2026-04-17T22:32:34+00:00\",\"description\":\"Fragrance World \u2013 ELYSIA LYCHEE FIZZ Eau De Parfum Pour Femmes \u2013 100ml\",\"breadcrumb\":{\"@id\":\"https:\\\/\\\/vitablanca.ma\\\/produit\\\/fragrance-world-elysia-lychee-fizz-eau-de-parfum-pour-femmes-100ml\\\/#breadcrumb\"},\"inLanguage\":\"ar\",\"potentialAction\":[{\"@type\":\"ReadAction\",\"target\":[\"https:\\\/\\\/vitablanca.ma\\\/produit\\\/fragrance-world-elysia-lychee-fizz-eau-de-parfum-pour-femmes-100ml\\\/\"]}]},{\"@type\":\"ImageObject\",\"inLanguage\":\"ar\",\"@id\":\"https:\\\/\\\/vitablanca.ma\\\/produit\\\/fragrance-world-elysia-lychee-fizz-eau-de-parfum-pour-femmes-100ml\\\/#primaryimage\",\"url\":\"https:\\\/\\\/vitablanca.ma\\\/wp-content\\\/uploads\\\/2026\\\/03\\\/FragranceWorld_LycheeFizz_100ml3.jpg\",\"contentUrl\":\"https:\\\/\\\/vitablanca.ma\\\/wp-content\\\/uploads\\\/2026\\\/03\\\/FragranceWorld_LycheeFizz_100ml3.jpg\",\"width\":1080,\"height\":1080},{\"@type\":\"BreadcrumbList\",\"@id\":\"https:\\\/\\\/vitablanca.ma\\\/produit\\\/fragrance-world-elysia-lychee-fizz-eau-de-parfum-pour-femmes-100ml\\\/#breadcrumb\",\"itemListElement\":[{\"@type\":\"ListItem\",\"position\":1,\"name\":\"Home\",\"item\":\"https:\\\/\\\/vitablanca.ma\\\/\"},{\"@type\":\"ListItem\",\"position\":2,\"name\":\"Tous Les Produits\",\"item\":\"https:\\\/\\\/vitablanca.ma\\\/tous-les-produits\\\/\"},{\"@type\":\"ListItem\",\"position\":3,\"name\":\"Fragrance World \u2013 ELYSIA LYCHEE FIZZ Eau De Parfum Pour Femmes \u2013 100ml\"}]},{\"@type\":\"WebSite\",\"@id\":\"https:\\\/\\\/vitablanca.ma\\\/#website\",\"url\":\"https:\\\/\\\/vitablanca.ma\\\/\",\"name\":\"VitaBlanca.ma | Compl\u00e9ments alimentaires, sant\u00e9 & beaut\u00e9 au Maroc\",\"description\":\"vendre vitamines et compl\u00e9ments premium des USA &amp; Canada, Nouvelle Z\u00e9lande,Maroc (NOW Foods, Solgar, Manuka). Livraison rapide partout au Maroc.\",\"publisher\":{\"@id\":\"https:\\\/\\\/vitablanca.ma\\\/#organization\"},\"alternateName\":\"VitaBlanca.ma\",\"potentialAction\":[{\"@type\":\"SearchAction\",\"target\":{\"@type\":\"EntryPoint\",\"urlTemplate\":\"https:\\\/\\\/vitablanca.ma\\\/?s={search_term_string}\"},\"query-input\":{\"@type\":\"PropertyValueSpecification\",\"valueRequired\":true,\"valueName\":\"search_term_string\"}}],\"inLanguage\":\"ar\"},{\"@type\":\"Organization\",\"@id\":\"https:\\\/\\\/vitablanca.ma\\\/#organization\",\"name\":\"VitaBlanca\",\"url\":\"https:\\\/\\\/vitablanca.ma\\\/\",\"logo\":{\"@type\":\"ImageObject\",\"inLanguage\":\"ar\",\"@id\":\"https:\\\/\\\/vitablanca.ma\\\/#\\\/schema\\\/logo\\\/image\\\/\",\"url\":\"https:\\\/\\\/vitablanca.ma\\\/wp-content\\\/uploads\\\/2025\\\/05\\\/cropped-vitablanca.png\",\"contentUrl\":\"https:\\\/\\\/vitablanca.ma\\\/wp-content\\\/uploads\\\/2025\\\/05\\\/cropped-vitablanca.png\",\"width\":360,\"height\":67,\"caption\":\"VitaBlanca\"},\"image\":{\"@id\":\"https:\\\/\\\/vitablanca.ma\\\/#\\\/schema\\\/logo\\\/image\\\/\"},\"sameAs\":[\"https:\\\/\\\/www.facebook.com\\\/profile.php?id=61576678196717\",\"https:\\\/\\\/www.tiktok.com\\\/@vitablanca.ma\",\"https:\\\/\\\/www.instagram.com\\\/vitablanca.ma\\\/\"]}]}<\/script>\n<!-- \/ Yoast SEO plugin. -->","yoast_head_json":{"title":"Fragrance World \u2013 ELYSIA LYCHEE FIZZ Eau De Parfum Pour Femmes \u2013 100ml - Maroc Prix","description":"Fragrance World \u2013 ELYSIA LYCHEE FIZZ Eau De Parfum Pour Femmes \u2013 100ml","robots":{"index":"index","follow":"follow","max-snippet":"max-snippet:-1","max-image-preview":"max-image-preview:large","max-video-preview":"max-video-preview:-1"},"canonical":"https:\/\/vitablanca.ma\/ar\/product-2\/fragrance-world-elysia-lychee-fizz-eau-de-parfum-pour-femmes-100ml\/","og_locale":"ar_AR","og_type":"article","og_title":"Fragrance World \u2013 ELYSIA LYCHEE FIZZ Eau De Parfum Pour Femmes \u2013 100ml - Maroc Prix","og_description":"Fragrance World \u2013 ELYSIA LYCHEE FIZZ Eau De Parfum Pour Femmes \u2013 100ml","og_url":"https:\/\/vitablanca.ma\/ar\/product-2\/fragrance-world-elysia-lychee-fizz-eau-de-parfum-pour-femmes-100ml\/","og_site_name":"Vitablanca.ma &ndash; Sant&eacute;, vitalit&eacute; et bien-&ecirc;tre pour tous les Marocains","article_publisher":"https:\/\/www.facebook.com\/profile.php?id=61576678196717","article_modified_time":"2026-04-17T22:32:34+00:00","og_image":[{"width":1080,"height":1080,"url":"https:\/\/vitablanca.ma\/wp-content\/uploads\/2026\/03\/FragranceWorld_LycheeFizz_100ml3.jpg","type":"image\/jpeg"}],"twitter_card":"summary_large_image","twitter_misc":{"\u0648\u0642\u062a \u0627\u0644\u0642\u0631\u0627\u0621\u0629 \u0627\u0644\u0645\u064f\u0642\u062f\u0651\u0631":"\u062f\u0642\u064a\u0642\u0629 \u0648\u0627\u062d\u062f\u0629"},"schema":{"@context":"https:\/\/schema.org","@graph":[{"@type":["WebPage","ItemPage"],"@id":"https:\/\/vitablanca.ma\/produit\/fragrance-world-elysia-lychee-fizz-eau-de-parfum-pour-femmes-100ml\/","url":"https:\/\/vitablanca.ma\/produit\/fragrance-world-elysia-lychee-fizz-eau-de-parfum-pour-femmes-100ml\/","name":"Fragrance World \u2013 ELYSIA LYCHEE FIZZ Eau De Parfum Pour Femmes \u2013 100ml - Maroc Prix","isPartOf":{"@id":"https:\/\/vitablanca.ma\/#website"},"primaryImageOfPage":{"@id":"https:\/\/vitablanca.ma\/produit\/fragrance-world-elysia-lychee-fizz-eau-de-parfum-pour-femmes-100ml\/#primaryimage"},"image":{"@id":"https:\/\/vitablanca.ma\/produit\/fragrance-world-elysia-lychee-fizz-eau-de-parfum-pour-femmes-100ml\/#primaryimage"},"thumbnailUrl":"https:\/\/vitablanca.ma\/wp-content\/uploads\/2026\/03\/FragranceWorld_LycheeFizz_100ml3.jpg","datePublished":"2026-03-04T01:53:15+00:00","dateModified":"2026-04-17T22:32:34+00:00","description":"Fragrance World \u2013 ELYSIA LYCHEE FIZZ Eau De Parfum Pour Femmes \u2013 100ml","breadcrumb":{"@id":"https:\/\/vitablanca.ma\/produit\/fragrance-world-elysia-lychee-fizz-eau-de-parfum-pour-femmes-100ml\/#breadcrumb"},"inLanguage":"ar","potentialAction":[{"@type":"ReadAction","target":["https:\/\/vitablanca.ma\/produit\/fragrance-world-elysia-lychee-fizz-eau-de-parfum-pour-femmes-100ml\/"]}]},{"@type":"ImageObject","inLanguage":"ar","@id":"https:\/\/vitablanca.ma\/produit\/fragrance-world-elysia-lychee-fizz-eau-de-parfum-pour-femmes-100ml\/#primaryimage","url":"https:\/\/vitablanca.ma\/wp-content\/uploads\/2026\/03\/FragranceWorld_LycheeFizz_100ml3.jpg","contentUrl":"https:\/\/vitablanca.ma\/wp-content\/uploads\/2026\/03\/FragranceWorld_LycheeFizz_100ml3.jpg","width":1080,"height":1080},{"@type":"BreadcrumbList","@id":"https:\/\/vitablanca.ma\/produit\/fragrance-world-elysia-lychee-fizz-eau-de-parfum-pour-femmes-100ml\/#breadcrumb","itemListElement":[{"@type":"ListItem","position":1,"name":"Home","item":"https:\/\/vitablanca.ma\/"},{"@type":"ListItem","position":2,"name":"Tous Les Produits","item":"https:\/\/vitablanca.ma\/tous-les-produits\/"},{"@type":"ListItem","position":3,"name":"Fragrance World \u2013 ELYSIA LYCHEE FIZZ Eau De Parfum Pour Femmes \u2013 100ml"}]},{"@type":"WebSite","@id":"https:\/\/vitablanca.ma\/#website","url":"https:\/\/vitablanca.ma\/","name":"VitaBlanca.ma | \u0627\u0644\u0645\u0643\u0645\u0644\u0627\u062a \u0627\u0644\u063a\u0630\u0627\u0626\u064a\u0629\u060c \u0627\u0644\u0635\u062d\u0629 \u0648\u0627\u0644\u062c\u0645\u0627\u0644 \u0641\u064a \u0627\u0644\u0645\u063a\u0631\u0628","description":"\u0646\u0628\u064a\u0639 \u0641\u064a\u062a\u0627\u0645\u064a\u0646\u0627\u062a \u0648\u0645\u0643\u0645\u0644\u0627\u062a \u063a\u0630\u0627\u0626\u064a\u0629 \u0641\u0627\u062e\u0631\u0629 \u0645\u0646 \u0627\u0644\u0648\u0644\u0627\u064a\u0627\u062a \u0627\u0644\u0645\u062a\u062d\u062f\u0629 \u0627\u0644\u0623\u0645\u0631\u064a\u0643\u064a\u0629 \u0648\u0643\u0646\u062f\u0627 \u0648\u0646\u064a\u0648\u0632\u064a\u0644\u0646\u062f\u0627 \u0648\u0627\u0644\u0645\u063a\u0631\u0628 (\u0646\u0627\u0648 \u0641\u0648\u062f\u0632\u060c \u0633\u0648\u0644\u062c\u0627\u0631\u060c \u0645\u0627\u0646\u0648\u0643\u0627). \u062a\u0648\u0635\u064a\u0644 \u0633\u0631\u064a\u0639 \u0625\u0644\u0649 \u062c\u0645\u064a\u0639 \u0623\u0646\u062d\u0627\u0621 \u0627\u0644\u0645\u063a\u0631\u0628.","publisher":{"@id":"https:\/\/vitablanca.ma\/#organization"},"alternateName":"VitaBlanca.ma","potentialAction":[{"@type":"SearchAction","target":{"@type":"EntryPoint","urlTemplate":"https:\/\/vitablanca.ma\/?s={search_term_string}"},"query-input":{"@type":"PropertyValueSpecification","valueRequired":true,"valueName":"search_term_string"}}],"inLanguage":"ar"},{"@type":"Organization","@id":"https:\/\/vitablanca.ma\/#organization","name":"\u0641\u064a\u062a\u0627\u0628\u0644\u0627\u0646\u0643\u0627","url":"https:\/\/vitablanca.ma\/","logo":{"@type":"ImageObject","inLanguage":"ar","@id":"https:\/\/vitablanca.ma\/#\/schema\/logo\/image\/","url":"https:\/\/vitablanca.ma\/wp-content\/uploads\/2025\/05\/cropped-vitablanca.png","contentUrl":"https:\/\/vitablanca.ma\/wp-content\/uploads\/2025\/05\/cropped-vitablanca.png","width":360,"height":67,"caption":"VitaBlanca"},"image":{"@id":"https:\/\/vitablanca.ma\/#\/schema\/logo\/image\/"},"sameAs":["https:\/\/www.facebook.com\/profile.php?id=61576678196717","https:\/\/www.tiktok.com\/@vitablanca.ma","https:\/\/www.instagram.com\/vitablanca.ma\/"]}]}},"jetpack_sharing_enabled":true,"_links":{"self":[{"href":"https:\/\/vitablanca.ma\/ar\/wp-json\/wp\/v2\/product\/31327","targetHints":{"allow":["GET"]}}],"collection":[{"href":"https:\/\/vitablanca.ma\/ar\/wp-json\/wp\/v2\/product"}],"about":[{"href":"https:\/\/vitablanca.ma\/ar\/wp-json\/wp\/v2\/types\/product"}],"wp:featuredmedia":[{"embeddable":true,"href":"https:\/\/vitablanca.ma\/ar\/wp-json\/wp\/v2\/media\/31324"}],"wp:attachment":[{"href":"https:\/\/vitablanca.ma\/ar\/wp-json\/wp\/v2\/media?parent=31327"}],"wp:term":[{"taxonomy":"product_brand","embeddable":true,"href":"https:\/\/vitablanca.ma\/ar\/wp-json\/wp\/v2\/product_brand?post=31327"},{"taxonomy":"product_cat","embeddable":true,"href":"https:\/\/vitablanca.ma\/ar\/wp-json\/wp\/v2\/product_cat?post=31327"},{"taxonomy":"product_tag","embeddable":true,"href":"https:\/\/vitablanca.ma\/ar\/wp-json\/wp\/v2\/product_tag?post=31327"}],"curies":[{"name":"wp","href":"https:\/\/api.w.org\/{rel}","templated":true}]}}