{"id":30999,"date":"2026-03-04T01:41:06","date_gmt":"2026-03-04T01:41:06","guid":{"rendered":"https:\/\/vitablanca.ma\/produit\/kemei-km-3209-rasoir-a-barbe-rechargeable-electrique-pour-hommes-tondeuse-a-poils-flottante-appareil-de-rasage-pour-le-visage\/"},"modified":"2026-03-04T01:41:06","modified_gmt":"2026-03-04T01:41:06","slug":"kemei-km-3209-rasoir-a-barbe-rechargeable-electrique-pour-hommes-tondeuse-a-poils-flottante-appareil-de-rasage-pour-le-visage","status":"publish","type":"product","link":"https:\/\/vitablanca.ma\/ar\/product-2\/kemei-km-3209-rasoir-a-barbe-rechargeable-electrique-pour-hommes-tondeuse-a-poils-flottante-appareil-de-rasage-pour-le-visage\/","title":{"rendered":"KEMEI KM-3209 Rasoir \u00e0 barbe rechargeable, \u00e9lectrique pour hommes, tondeuse \u00e0 poils flottante, appareil de rasage pour le visage"},"content":{"rendered":"<p style=\"margin: 0cm;margin-bottom: .0001pt;background: white\"><span style=\"font-size: 11.0pt;font-family: 'Arial','sans-serif';color: #262626\">\u0627\u0644 <b>Kemei KM-3209 <\/b>est id\u00e9ale pour un rasage net et pr\u00e9cis, sur peau s\u00e8che ou humide, ce qui la rend parfaite pour un usage quotidien comme pour les occasions sp\u00e9ciales. Ce rasoir vous offre des performances de haute qualit\u00e9.<\/span><\/p>\n<p style=\"margin-bottom: .0001pt;line-height: normal;background: white\" class=\"MsoNormal\"><span style=\"font-family: 'Arial','sans-serif';color: #262626\">Ce rasoir \u00e9lectrique poss\u00e8de plusieurs caract\u00e9ristiques qui le distinguent des autres. Son syst\u00e8me d&rsquo;utilisation polyvalent permet un rasage \u00e0 sec ou sur peau humide, et ses trois t\u00eates s&rsquo;adaptent \u00e0 diff\u00e9rents types de poils, pour un r\u00e9sultat impeccable en toute simplicit\u00e9.<\/span><\/p>\n<p style=\"line-height: 21.0pt;background: white\" class=\"MsoNormal\"><b><span style=\"font-family: 'Arial','sans-serif';color: #262626\">\u0627\u0644\u0645\u0645\u064a\u0632\u0627\u062a \u0627\u0644\u0631\u0626\u064a\u0633\u064a\u0629:<\/span><\/b><\/p>\n<p style=\"margin-bottom: 9.0pt;line-height: 18.0pt;background: white\" class=\"MsoNormal\"><b><span style=\"font-family: 'Arial','sans-serif';color: #262626\">Technologie de rasage :<\/span><\/b><span style=\"font-family: 'Arial','sans-serif';color: #262626\">\u00a0Trois t\u00eates de rasage flottantes et flexibles s&rsquo;adaptant aux contours du visage, avec des lames en acier inoxydable pour une coupe efficace et sans irritation.<\/span><\/p>\n<p style=\"margin-bottom: 9.0pt;line-height: 18.0pt;background: white\" class=\"MsoNormal\"><b><span style=\"font-family: 'Arial','sans-serif';color: #262626\">\u064a\u0633\u062a\u062e\u062f\u0645 :<\/span><\/b><span style=\"font-family: 'Arial','sans-serif';color: #262626\">\u00a0Peut \u00eatre utilis\u00e9 pour un rasage humide ou sec, m\u00eame sous la douche, gr\u00e2ce \u00e0 son \u00e9tanch\u00e9it\u00e9 IPX4.<\/span><\/p>\n<p style=\"margin-bottom: 9.0pt;line-height: 18.0pt;background: white\" class=\"MsoNormal\"><b><span style=\"font-family: 'Arial','sans-serif';color: #262626\">Recharge :<\/span><\/b><span style=\"font-family: 'Arial','sans-serif';color: #262626\">\u00a0Rechargeable via USB, offrant environ 60 minutes d&rsquo;autonomie apr\u00e8s 1 heure de charge rapide.<\/span><\/p>\n<p style=\"margin-bottom: 9.0pt;line-height: 18.0pt;background: white\" class=\"MsoNormal\"><b><span style=\"font-family: 'Arial','sans-serif';color: #262626\">\u062a\u0635\u0645\u064a\u0645:<\/span><\/b><span style=\"font-family: 'Arial','sans-serif';color: #262626\">\u00a0L\u00e9ger (environ 136g), portable, id\u00e9al pour les voyages.<\/span><\/p>\n<p style=\"margin-bottom: 9.0pt;line-height: 18.0pt;background: white\" class=\"MsoNormal\"><b><span style=\"font-family: 'Arial','sans-serif';color: #262626\">Fonctionnalit\u00e9s :<\/span><\/b><span style=\"font-family: 'Arial','sans-serif';color: #262626\">\u00a0\u00c9cran LCD (sur certains mod\u00e8les), moteur puissant, facile \u00e0 nettoyer.<\/span><\/p>\n<p style=\"margin-bottom: 9.0pt;line-height: 18.0pt;background: white\" class=\"MsoNormal\"><b><span style=\"font-family: 'Arial','sans-serif';color: #262626\">Inclus :<\/span><\/b><span style=\"font-family: 'Arial','sans-serif';color: #262626\">\u00a0Souvent livr\u00e9 avec une base de charge, un c\u00e2ble USB, un capuchon de protection et une brosse de nettoyage.\u00a0<\/span><\/p>\n<p style=\"line-height: 21.0pt;background: white\" class=\"MsoNormal\"><b><span style=\"font-family: 'Arial','sans-serif';color: #262626\">\u0623\u0628\u0631\u0632 \u0627\u0644\u0646\u0642\u0627\u0637:<\/span><\/b><\/p>\n<ul>\n<li style=\"line-height: 18pt;background: white\" class=\"MsoNormal\"><span style=\"font-family: 'Arial','sans-serif';color: #262626\">Rasage de pr\u00e8s et confortable, sans bosses ni irritation.<\/span><\/li>\n<li style=\"line-height: 18pt;background: white\" class=\"MsoNormal\"><span style=\"font-family: 'Arial','sans-serif';color: #262626\">Polyvalence avec l&rsquo;option humide\/sec.<\/span><\/li>\n<li style=\"line-height: 18pt;background: white\" class=\"MsoNormal\"><span style=\"font-family: 'Arial','sans-serif';color: #262626\">Bonne autonomie et recharge rapide.<\/span><\/li>\n<li style=\"line-height: 18pt;background: white\" class=\"MsoNormal\"><span style=\"font-family: 'Arial','sans-serif';color: #262626\">Excellent pour les d\u00e9placements gr\u00e2ce \u00e0 sa l\u00e9g\u00e8ret\u00e9.<\/span><\/li>\n<li style=\"line-height: 18pt;background: white\" class=\"MsoNormal\"><span style=\"font-family: 'Arial','sans-serif';color: #262626\">Facilit\u00e9 d&rsquo;entretien.\u00a0<\/span><\/li>\n<\/ul>\n<p style=\"line-height: 21.0pt;background: white\" class=\"MsoNormal\"><b><span style=\"font-family: 'Arial','sans-serif';color: #262626\">En r\u00e9sum\u00e9 :<\/span><\/b><\/p>\n<p style=\"line-height: 21.0pt;background: white\" class=\"MsoNormal\"><span style=\"font-family: 'Arial','sans-serif';color: #262626\">Le Kemei KM-3209 est un rasoir \u00e9lectrique abordable et polyvalent, particuli\u00e8rement adapt\u00e9 pour ceux qui cherchent une solution de rasage fiable pour un usage quotidien ou en voyage, offrant des performances similaires \u00e0 des mod\u00e8les plus co\u00fbteux.\u00a0<b><\/b><\/span><\/p>","protected":false},"excerpt":{"rendered":"<p>Le Kemei KM-3209 est id\u00e9ale pour un rasage net et pr\u00e9cis, sur peau s\u00e8che ou humide, ce qui la rend parfaite pour un usage quotidien comme pour les occasions sp\u00e9ciales. Ce rasoir vous offre des performances de haute qualit\u00e9. Ce rasoir \u00e9lectrique poss\u00e8de plusieurs caract\u00e9ristiques qui le distinguent des autres. Son syst\u00e8me d&rsquo;utilisation polyvalent permet [&hellip;]<\/p>\n","protected":false},"featured_media":30994,"template":"","meta":{"om_disable_all_campaigns":false},"product_brand":[],"product_cat":[15],"product_tag":[],"class_list":{"0":"post-30999","1":"product","2":"type-product","3":"status-publish","4":"has-post-thumbnail","6":"product_cat-beaute-sante-complements-alimentaires-soins-et-bien-etre-au-meilleur-prix","8":"first","9":"instock","10":"taxable","11":"shipping-taxable","12":"purchasable","13":"product-type-simple"},"yoast_head":"<!-- This site is optimized with the Yoast SEO plugin v27.3 - https:\/\/yoast.com\/product\/yoast-seo-wordpress\/ -->\n<title>KEMEI KM-3209 Rasoir \u00e0 barbe rechargeable, \u00e9lectrique pour hommes, tondeuse \u00e0 poils flottante, appareil de rasage pour le visage - Maroc Prix<\/title>\n<meta name=\"description\" content=\"KEMEI KM-3209 Rasoir \u00e0 barbe rechargeable, \u00e9lectrique pour hommes, tondeuse \u00e0 poils flottante, appareil de rasage pour le visage\" \/>\n<meta name=\"robots\" content=\"index, follow, max-snippet:-1, max-image-preview:large, max-video-preview:-1\" \/>\n<link rel=\"canonical\" href=\"https:\/\/vitablanca.ma\/ar\/product-2\/kemei-km-3209-rasoir-a-barbe-rechargeable-electrique-pour-hommes-tondeuse-a-poils-flottante-appareil-de-rasage-pour-le-visage\/\" \/>\n<meta property=\"og:locale\" content=\"ar_AR\" \/>\n<meta property=\"og:type\" content=\"article\" \/>\n<meta property=\"og:title\" content=\"KEMEI KM-3209 Rasoir \u00e0 barbe rechargeable, \u00e9lectrique pour hommes, tondeuse \u00e0 poils flottante, appareil de rasage pour le visage - Maroc Prix\" \/>\n<meta property=\"og:description\" content=\"KEMEI KM-3209 Rasoir \u00e0 barbe rechargeable, \u00e9lectrique pour hommes, tondeuse \u00e0 poils flottante, appareil de rasage pour le visage\" \/>\n<meta property=\"og:url\" content=\"https:\/\/vitablanca.ma\/ar\/product-2\/kemei-km-3209-rasoir-a-barbe-rechargeable-electrique-pour-hommes-tondeuse-a-poils-flottante-appareil-de-rasage-pour-le-visage\/\" \/>\n<meta property=\"og:site_name\" content=\"Vitablanca.ma &ndash; Sant&eacute;, vitalit&eacute; et bien-&ecirc;tre pour tous les Marocains\" \/>\n<meta property=\"article:publisher\" content=\"https:\/\/www.facebook.com\/profile.php?id=61576678196717\" \/>\n<meta property=\"og:image\" content=\"https:\/\/vitablanca.ma\/wp-content\/uploads\/2025\/06\/Magnesium_2024_1400_x787_002.jpg\" \/>\n\t<meta property=\"og:image:width\" content=\"950\" \/>\n\t<meta property=\"og:image:height\" content=\"534\" \/>\n\t<meta property=\"og:image:type\" content=\"image\/jpeg\" \/>\n<meta name=\"twitter:card\" content=\"summary_large_image\" \/>\n<meta name=\"twitter:label1\" content=\"\u0648\u0642\u062a \u0627\u0644\u0642\u0631\u0627\u0621\u0629 \u0627\u0644\u0645\u064f\u0642\u062f\u0651\u0631\" \/>\n\t<meta name=\"twitter:data1\" content=\"\u062f\u0642\u064a\u0642\u0629 \u0648\u0627\u062d\u062f\u0629\" \/>\n<script type=\"application\/ld+json\" class=\"yoast-schema-graph\">{\"@context\":\"https:\\\/\\\/schema.org\",\"@graph\":[{\"@type\":[\"WebPage\",\"ItemPage\"],\"@id\":\"https:\\\/\\\/vitablanca.ma\\\/produit\\\/kemei-km-3209-rasoir-a-barbe-rechargeable-electrique-pour-hommes-tondeuse-a-poils-flottante-appareil-de-rasage-pour-le-visage\\\/\",\"url\":\"https:\\\/\\\/vitablanca.ma\\\/produit\\\/kemei-km-3209-rasoir-a-barbe-rechargeable-electrique-pour-hommes-tondeuse-a-poils-flottante-appareil-de-rasage-pour-le-visage\\\/\",\"name\":\"KEMEI KM-3209 Rasoir \u00e0 barbe rechargeable, \u00e9lectrique pour hommes, tondeuse \u00e0 poils flottante, appareil de rasage pour le visage - Maroc Prix\",\"isPartOf\":{\"@id\":\"https:\\\/\\\/vitablanca.ma\\\/#website\"},\"primaryImageOfPage\":{\"@id\":\"https:\\\/\\\/vitablanca.ma\\\/produit\\\/kemei-km-3209-rasoir-a-barbe-rechargeable-electrique-pour-hommes-tondeuse-a-poils-flottante-appareil-de-rasage-pour-le-visage\\\/#primaryimage\"},\"image\":{\"@id\":\"https:\\\/\\\/vitablanca.ma\\\/produit\\\/kemei-km-3209-rasoir-a-barbe-rechargeable-electrique-pour-hommes-tondeuse-a-poils-flottante-appareil-de-rasage-pour-le-visage\\\/#primaryimage\"},\"thumbnailUrl\":\"https:\\\/\\\/vitablanca.ma\\\/wp-content\\\/uploads\\\/2026\\\/03\\\/KEMEIKM-32091.jpg\",\"datePublished\":\"2026-03-04T01:41:06+00:00\",\"description\":\"KEMEI KM-3209 Rasoir \u00e0 barbe rechargeable, \u00e9lectrique pour hommes, tondeuse \u00e0 poils flottante, appareil de rasage pour le visage\",\"breadcrumb\":{\"@id\":\"https:\\\/\\\/vitablanca.ma\\\/produit\\\/kemei-km-3209-rasoir-a-barbe-rechargeable-electrique-pour-hommes-tondeuse-a-poils-flottante-appareil-de-rasage-pour-le-visage\\\/#breadcrumb\"},\"inLanguage\":\"ar\",\"potentialAction\":[{\"@type\":\"ReadAction\",\"target\":[\"https:\\\/\\\/vitablanca.ma\\\/produit\\\/kemei-km-3209-rasoir-a-barbe-rechargeable-electrique-pour-hommes-tondeuse-a-poils-flottante-appareil-de-rasage-pour-le-visage\\\/\"]}]},{\"@type\":\"ImageObject\",\"inLanguage\":\"ar\",\"@id\":\"https:\\\/\\\/vitablanca.ma\\\/produit\\\/kemei-km-3209-rasoir-a-barbe-rechargeable-electrique-pour-hommes-tondeuse-a-poils-flottante-appareil-de-rasage-pour-le-visage\\\/#primaryimage\",\"url\":\"https:\\\/\\\/vitablanca.ma\\\/wp-content\\\/uploads\\\/2026\\\/03\\\/KEMEIKM-32091.jpg\",\"contentUrl\":\"https:\\\/\\\/vitablanca.ma\\\/wp-content\\\/uploads\\\/2026\\\/03\\\/KEMEIKM-32091.jpg\",\"width\":1080,\"height\":1080},{\"@type\":\"BreadcrumbList\",\"@id\":\"https:\\\/\\\/vitablanca.ma\\\/produit\\\/kemei-km-3209-rasoir-a-barbe-rechargeable-electrique-pour-hommes-tondeuse-a-poils-flottante-appareil-de-rasage-pour-le-visage\\\/#breadcrumb\",\"itemListElement\":[{\"@type\":\"ListItem\",\"position\":1,\"name\":\"Home\",\"item\":\"https:\\\/\\\/vitablanca.ma\\\/\"},{\"@type\":\"ListItem\",\"position\":2,\"name\":\"Tous Les Produits\",\"item\":\"https:\\\/\\\/vitablanca.ma\\\/tous-les-produits\\\/\"},{\"@type\":\"ListItem\",\"position\":3,\"name\":\"KEMEI KM-3209 Rasoir \u00e0 barbe rechargeable, \u00e9lectrique pour hommes, tondeuse \u00e0 poils flottante, appareil de rasage pour le visage\"}]},{\"@type\":\"WebSite\",\"@id\":\"https:\\\/\\\/vitablanca.ma\\\/#website\",\"url\":\"https:\\\/\\\/vitablanca.ma\\\/\",\"name\":\"VitaBlanca.ma | Compl\u00e9ments alimentaires, sant\u00e9 & beaut\u00e9 au Maroc\",\"description\":\"vendre vitamines et compl\u00e9ments premium des USA &amp; Canada, Nouvelle Z\u00e9lande,Maroc (NOW Foods, Solgar, Manuka). Livraison rapide partout au Maroc.\",\"publisher\":{\"@id\":\"https:\\\/\\\/vitablanca.ma\\\/#organization\"},\"alternateName\":\"VitaBlanca.ma\",\"potentialAction\":[{\"@type\":\"SearchAction\",\"target\":{\"@type\":\"EntryPoint\",\"urlTemplate\":\"https:\\\/\\\/vitablanca.ma\\\/?s={search_term_string}\"},\"query-input\":{\"@type\":\"PropertyValueSpecification\",\"valueRequired\":true,\"valueName\":\"search_term_string\"}}],\"inLanguage\":\"ar\"},{\"@type\":\"Organization\",\"@id\":\"https:\\\/\\\/vitablanca.ma\\\/#organization\",\"name\":\"VitaBlanca\",\"url\":\"https:\\\/\\\/vitablanca.ma\\\/\",\"logo\":{\"@type\":\"ImageObject\",\"inLanguage\":\"ar\",\"@id\":\"https:\\\/\\\/vitablanca.ma\\\/#\\\/schema\\\/logo\\\/image\\\/\",\"url\":\"https:\\\/\\\/vitablanca.ma\\\/wp-content\\\/uploads\\\/2025\\\/05\\\/cropped-vitablanca.png\",\"contentUrl\":\"https:\\\/\\\/vitablanca.ma\\\/wp-content\\\/uploads\\\/2025\\\/05\\\/cropped-vitablanca.png\",\"width\":360,\"height\":67,\"caption\":\"VitaBlanca\"},\"image\":{\"@id\":\"https:\\\/\\\/vitablanca.ma\\\/#\\\/schema\\\/logo\\\/image\\\/\"},\"sameAs\":[\"https:\\\/\\\/www.facebook.com\\\/profile.php?id=61576678196717\",\"https:\\\/\\\/www.tiktok.com\\\/@vitablanca.ma\",\"https:\\\/\\\/www.instagram.com\\\/vitablanca.ma\\\/\"]}]}<\/script>\n<!-- \/ Yoast SEO plugin. -->","yoast_head_json":{"title":"KEMEI KM-3209 Rasoir \u00e0 barbe rechargeable, \u00e9lectrique pour hommes, tondeuse \u00e0 poils flottante, appareil de rasage pour le visage - Maroc Prix","description":"KEMEI KM-3209 Rasoir \u00e0 barbe rechargeable, \u00e9lectrique pour hommes, tondeuse \u00e0 poils flottante, appareil de rasage pour le visage","robots":{"index":"index","follow":"follow","max-snippet":"max-snippet:-1","max-image-preview":"max-image-preview:large","max-video-preview":"max-video-preview:-1"},"canonical":"https:\/\/vitablanca.ma\/ar\/product-2\/kemei-km-3209-rasoir-a-barbe-rechargeable-electrique-pour-hommes-tondeuse-a-poils-flottante-appareil-de-rasage-pour-le-visage\/","og_locale":"ar_AR","og_type":"article","og_title":"KEMEI KM-3209 Rasoir \u00e0 barbe rechargeable, \u00e9lectrique pour hommes, tondeuse \u00e0 poils flottante, appareil de rasage pour le visage - Maroc Prix","og_description":"KEMEI KM-3209 Rasoir \u00e0 barbe rechargeable, \u00e9lectrique pour hommes, tondeuse \u00e0 poils flottante, appareil de rasage pour le visage","og_url":"https:\/\/vitablanca.ma\/ar\/product-2\/kemei-km-3209-rasoir-a-barbe-rechargeable-electrique-pour-hommes-tondeuse-a-poils-flottante-appareil-de-rasage-pour-le-visage\/","og_site_name":"Vitablanca.ma &ndash; Sant&eacute;, vitalit&eacute; et bien-&ecirc;tre pour tous les Marocains","article_publisher":"https:\/\/www.facebook.com\/profile.php?id=61576678196717","og_image":[{"width":950,"height":534,"url":"https:\/\/vitablanca.ma\/wp-content\/uploads\/2025\/06\/Magnesium_2024_1400_x787_002.jpg","type":"image\/jpeg"}],"twitter_card":"summary_large_image","twitter_misc":{"\u0648\u0642\u062a \u0627\u0644\u0642\u0631\u0627\u0621\u0629 \u0627\u0644\u0645\u064f\u0642\u062f\u0651\u0631":"\u062f\u0642\u064a\u0642\u0629 \u0648\u0627\u062d\u062f\u0629"},"schema":{"@context":"https:\/\/schema.org","@graph":[{"@type":["WebPage","ItemPage"],"@id":"https:\/\/vitablanca.ma\/produit\/kemei-km-3209-rasoir-a-barbe-rechargeable-electrique-pour-hommes-tondeuse-a-poils-flottante-appareil-de-rasage-pour-le-visage\/","url":"https:\/\/vitablanca.ma\/produit\/kemei-km-3209-rasoir-a-barbe-rechargeable-electrique-pour-hommes-tondeuse-a-poils-flottante-appareil-de-rasage-pour-le-visage\/","name":"KEMEI KM-3209 Rasoir \u00e0 barbe rechargeable, \u00e9lectrique pour hommes, tondeuse \u00e0 poils flottante, appareil de rasage pour le visage - Maroc Prix","isPartOf":{"@id":"https:\/\/vitablanca.ma\/#website"},"primaryImageOfPage":{"@id":"https:\/\/vitablanca.ma\/produit\/kemei-km-3209-rasoir-a-barbe-rechargeable-electrique-pour-hommes-tondeuse-a-poils-flottante-appareil-de-rasage-pour-le-visage\/#primaryimage"},"image":{"@id":"https:\/\/vitablanca.ma\/produit\/kemei-km-3209-rasoir-a-barbe-rechargeable-electrique-pour-hommes-tondeuse-a-poils-flottante-appareil-de-rasage-pour-le-visage\/#primaryimage"},"thumbnailUrl":"https:\/\/vitablanca.ma\/wp-content\/uploads\/2026\/03\/KEMEIKM-32091.jpg","datePublished":"2026-03-04T01:41:06+00:00","description":"KEMEI KM-3209 Rasoir \u00e0 barbe rechargeable, \u00e9lectrique pour hommes, tondeuse \u00e0 poils flottante, appareil de rasage pour le visage","breadcrumb":{"@id":"https:\/\/vitablanca.ma\/produit\/kemei-km-3209-rasoir-a-barbe-rechargeable-electrique-pour-hommes-tondeuse-a-poils-flottante-appareil-de-rasage-pour-le-visage\/#breadcrumb"},"inLanguage":"ar","potentialAction":[{"@type":"ReadAction","target":["https:\/\/vitablanca.ma\/produit\/kemei-km-3209-rasoir-a-barbe-rechargeable-electrique-pour-hommes-tondeuse-a-poils-flottante-appareil-de-rasage-pour-le-visage\/"]}]},{"@type":"ImageObject","inLanguage":"ar","@id":"https:\/\/vitablanca.ma\/produit\/kemei-km-3209-rasoir-a-barbe-rechargeable-electrique-pour-hommes-tondeuse-a-poils-flottante-appareil-de-rasage-pour-le-visage\/#primaryimage","url":"https:\/\/vitablanca.ma\/wp-content\/uploads\/2026\/03\/KEMEIKM-32091.jpg","contentUrl":"https:\/\/vitablanca.ma\/wp-content\/uploads\/2026\/03\/KEMEIKM-32091.jpg","width":1080,"height":1080},{"@type":"BreadcrumbList","@id":"https:\/\/vitablanca.ma\/produit\/kemei-km-3209-rasoir-a-barbe-rechargeable-electrique-pour-hommes-tondeuse-a-poils-flottante-appareil-de-rasage-pour-le-visage\/#breadcrumb","itemListElement":[{"@type":"ListItem","position":1,"name":"Home","item":"https:\/\/vitablanca.ma\/"},{"@type":"ListItem","position":2,"name":"Tous Les Produits","item":"https:\/\/vitablanca.ma\/tous-les-produits\/"},{"@type":"ListItem","position":3,"name":"KEMEI KM-3209 Rasoir \u00e0 barbe rechargeable, \u00e9lectrique pour hommes, tondeuse \u00e0 poils flottante, appareil de rasage pour le visage"}]},{"@type":"WebSite","@id":"https:\/\/vitablanca.ma\/#website","url":"https:\/\/vitablanca.ma\/","name":"VitaBlanca.ma | \u0627\u0644\u0645\u0643\u0645\u0644\u0627\u062a \u0627\u0644\u063a\u0630\u0627\u0626\u064a\u0629\u060c \u0627\u0644\u0635\u062d\u0629 \u0648\u0627\u0644\u062c\u0645\u0627\u0644 \u0641\u064a \u0627\u0644\u0645\u063a\u0631\u0628","description":"\u0646\u0628\u064a\u0639 \u0641\u064a\u062a\u0627\u0645\u064a\u0646\u0627\u062a \u0648\u0645\u0643\u0645\u0644\u0627\u062a \u063a\u0630\u0627\u0626\u064a\u0629 \u0641\u0627\u062e\u0631\u0629 \u0645\u0646 \u0627\u0644\u0648\u0644\u0627\u064a\u0627\u062a \u0627\u0644\u0645\u062a\u062d\u062f\u0629 \u0627\u0644\u0623\u0645\u0631\u064a\u0643\u064a\u0629 \u0648\u0643\u0646\u062f\u0627 \u0648\u0646\u064a\u0648\u0632\u064a\u0644\u0646\u062f\u0627 \u0648\u0627\u0644\u0645\u063a\u0631\u0628 (\u0646\u0627\u0648 \u0641\u0648\u062f\u0632\u060c \u0633\u0648\u0644\u062c\u0627\u0631\u060c \u0645\u0627\u0646\u0648\u0643\u0627). \u062a\u0648\u0635\u064a\u0644 \u0633\u0631\u064a\u0639 \u0625\u0644\u0649 \u062c\u0645\u064a\u0639 \u0623\u0646\u062d\u0627\u0621 \u0627\u0644\u0645\u063a\u0631\u0628.","publisher":{"@id":"https:\/\/vitablanca.ma\/#organization"},"alternateName":"VitaBlanca.ma","potentialAction":[{"@type":"SearchAction","target":{"@type":"EntryPoint","urlTemplate":"https:\/\/vitablanca.ma\/?s={search_term_string}"},"query-input":{"@type":"PropertyValueSpecification","valueRequired":true,"valueName":"search_term_string"}}],"inLanguage":"ar"},{"@type":"Organization","@id":"https:\/\/vitablanca.ma\/#organization","name":"\u0641\u064a\u062a\u0627\u0628\u0644\u0627\u0646\u0643\u0627","url":"https:\/\/vitablanca.ma\/","logo":{"@type":"ImageObject","inLanguage":"ar","@id":"https:\/\/vitablanca.ma\/#\/schema\/logo\/image\/","url":"https:\/\/vitablanca.ma\/wp-content\/uploads\/2025\/05\/cropped-vitablanca.png","contentUrl":"https:\/\/vitablanca.ma\/wp-content\/uploads\/2025\/05\/cropped-vitablanca.png","width":360,"height":67,"caption":"VitaBlanca"},"image":{"@id":"https:\/\/vitablanca.ma\/#\/schema\/logo\/image\/"},"sameAs":["https:\/\/www.facebook.com\/profile.php?id=61576678196717","https:\/\/www.tiktok.com\/@vitablanca.ma","https:\/\/www.instagram.com\/vitablanca.ma\/"]}]}},"jetpack_sharing_enabled":true,"_links":{"self":[{"href":"https:\/\/vitablanca.ma\/ar\/wp-json\/wp\/v2\/product\/30999","targetHints":{"allow":["GET"]}}],"collection":[{"href":"https:\/\/vitablanca.ma\/ar\/wp-json\/wp\/v2\/product"}],"about":[{"href":"https:\/\/vitablanca.ma\/ar\/wp-json\/wp\/v2\/types\/product"}],"wp:featuredmedia":[{"embeddable":true,"href":"https:\/\/vitablanca.ma\/ar\/wp-json\/wp\/v2\/media\/30994"}],"wp:attachment":[{"href":"https:\/\/vitablanca.ma\/ar\/wp-json\/wp\/v2\/media?parent=30999"}],"wp:term":[{"taxonomy":"product_brand","embeddable":true,"href":"https:\/\/vitablanca.ma\/ar\/wp-json\/wp\/v2\/product_brand?post=30999"},{"taxonomy":"product_cat","embeddable":true,"href":"https:\/\/vitablanca.ma\/ar\/wp-json\/wp\/v2\/product_cat?post=30999"},{"taxonomy":"product_tag","embeddable":true,"href":"https:\/\/vitablanca.ma\/ar\/wp-json\/wp\/v2\/product_tag?post=30999"}],"curies":[{"name":"wp","href":"https:\/\/api.w.org\/{rel}","templated":true}]}}