{"id":30984,"date":"2026-03-04T01:40:45","date_gmt":"2026-03-04T01:40:45","guid":{"rendered":"https:\/\/vitablanca.ma\/produit\/kemei-km-7103-epilateur-3-en-1-epilation-douce-du-visage-des-jambes-et-du-maillot\/"},"modified":"2026-03-04T01:40:45","modified_gmt":"2026-03-04T01:40:45","slug":"kemei-km-7103-epilateur-3-en-1-epilation-douce-du-visage-des-jambes-et-du-maillot","status":"publish","type":"product","link":"https:\/\/vitablanca.ma\/ar\/product-2\/kemei-km-7103-epilateur-3-en-1-epilation-douce-du-visage-des-jambes-et-du-maillot\/","title":{"rendered":"Kemei KM-7103 \u00c9pilateur 3 en 1 \u2013 \u00c9pilation douce du visage, des jambes et du maillot"},"content":{"rendered":"<p class=\"MsoNormal\"><b><span style=\"font-family: 'Arial','sans-serif';color: #262626;background: white\">KEMEI KM-7103 \u2013 \u00c9pilateuse 3-en-1 Rechargeable Sans Fil<\/span><\/b><span style=\"font-family: 'Arial','sans-serif';color: #262626;background: white\"> Transformez votre routine beaut\u00e9 gr\u00e2ce \u00e0 cette \u00e9pilateur 3-en-1 <b>KEMEI KM-7103<\/b>, adapt\u00e9e aux femmes pour une \u00e9pilation douce, un nettoyage du visage et une finition impeccable. Elle est sans fil, avec une batterie rechargeable, pour une utilisation pratique et sans contrainte.<\/span><\/p>\n<ul>\n<li class=\"MsoNormal\"><span style=\"font-family: 'Arial','sans-serif';color: #262626;background: white\">Mode d&rsquo;alimentation: Chargement USB <\/span><\/li>\n<li class=\"MsoNormal\"><span style=\"font-family: 'Arial','sans-serif';color: #262626;background: white\">Tension de fonctionnement: \u226436V <\/span><\/li>\n<li class=\"MsoNormal\"><span style=\"font-family: 'Arial','sans-serif';color: #262626;background: white\">Propri\u00e9t\u00e9s de la batterie: Batterie rechargeable <\/span><\/li>\n<li class=\"MsoNormal\"><span style=\"font-family: 'Arial','sans-serif';color: #262626;background: white\">Batterie rechargeable: Batterie lithium-polym\u00e8re <\/span><\/li>\n<li class=\"MsoNormal\"><span style=\"font-family: 'Arial','sans-serif';color: #262626;background: white\">Principe de fonctionnement: Autres m\u00e9thodes d&rsquo;\u00e9pilation\/rasage <\/span><\/li>\n<li class=\"MsoNormal\"><span style=\"font-family: 'Arial','sans-serif';color: #262626;background: white\">Produits laser: Sans laser <\/span><\/li>\n<li class=\"MsoNormal\"><span style=\"font-family: 'Arial','sans-serif';color: #262626;background: white\">Marque: KEMEI <\/span><\/li>\n<li class=\"MsoNormal\">\n<span style=\"font-family: 'Arial','sans-serif';color: #262626;background: white\">Capacit\u00e9 de la batterie (mAh): 400<\/span><span style=\"font-family: 'Arial','sans-serif';color: #262626\"><\/span>\n<\/li>\n<\/ul>","protected":false},"excerpt":{"rendered":"<p>KEMEI KM-7103 \u2013 \u00c9pilateuse 3-en-1 Rechargeable Sans Fil Transformez votre routine beaut\u00e9 gr\u00e2ce \u00e0 cette \u00e9pilateur 3-en-1 KEMEI KM-7103, adapt\u00e9e aux femmes pour une \u00e9pilation douce, un nettoyage du visage et une finition impeccable. Elle est sans fil, avec une batterie rechargeable, pour une utilisation pratique et sans contrainte. Mode d&rsquo;alimentation: Chargement USB Tension de [&hellip;]<\/p>\n","protected":false},"featured_media":30976,"template":"","meta":{"om_disable_all_campaigns":false},"product_brand":[],"product_cat":[15],"product_tag":[],"class_list":{"0":"post-30984","1":"product","2":"type-product","3":"status-publish","4":"has-post-thumbnail","6":"product_cat-beaute-sante-complements-alimentaires-soins-et-bien-etre-au-meilleur-prix","8":"first","9":"instock","10":"taxable","11":"shipping-taxable","12":"purchasable","13":"product-type-simple"},"yoast_head":"<!-- This site is optimized with the Yoast SEO plugin v27.3 - https:\/\/yoast.com\/product\/yoast-seo-wordpress\/ -->\n<title>Kemei KM-7103 \u00c9pilateur 3 en 1 \u2013 \u00c9pilation douce du visage, des jambes et du maillot - Maroc Prix<\/title>\n<meta name=\"description\" content=\"Kemei KM-7103 \u00c9pilateur 3 en 1 \u2013 \u00c9pilation douce du visage, des jambes et du maillot\" \/>\n<meta name=\"robots\" content=\"index, follow, max-snippet:-1, max-image-preview:large, max-video-preview:-1\" \/>\n<link rel=\"canonical\" href=\"https:\/\/vitablanca.ma\/ar\/product-2\/kemei-km-7103-epilateur-3-en-1-epilation-douce-du-visage-des-jambes-et-du-maillot\/\" \/>\n<meta property=\"og:locale\" content=\"ar_AR\" \/>\n<meta property=\"og:type\" content=\"article\" \/>\n<meta property=\"og:title\" content=\"Kemei KM-7103 \u00c9pilateur 3 en 1 \u2013 \u00c9pilation douce du visage, des jambes et du maillot - Maroc Prix\" \/>\n<meta property=\"og:description\" content=\"Kemei KM-7103 \u00c9pilateur 3 en 1 \u2013 \u00c9pilation douce du visage, des jambes et du maillot\" \/>\n<meta property=\"og:url\" content=\"https:\/\/vitablanca.ma\/ar\/product-2\/kemei-km-7103-epilateur-3-en-1-epilation-douce-du-visage-des-jambes-et-du-maillot\/\" \/>\n<meta property=\"og:site_name\" content=\"Vitablanca.ma &ndash; Sant&eacute;, vitalit&eacute; et bien-&ecirc;tre pour tous les Marocains\" \/>\n<meta property=\"article:publisher\" content=\"https:\/\/www.facebook.com\/profile.php?id=61576678196717\" \/>\n<meta property=\"og:image\" content=\"https:\/\/vitablanca.ma\/wp-content\/uploads\/2025\/06\/Magnesium_2024_1400_x787_002.jpg\" \/>\n\t<meta property=\"og:image:width\" content=\"950\" \/>\n\t<meta property=\"og:image:height\" content=\"534\" \/>\n\t<meta property=\"og:image:type\" content=\"image\/jpeg\" \/>\n<meta name=\"twitter:card\" content=\"summary_large_image\" \/>\n<script type=\"application\/ld+json\" class=\"yoast-schema-graph\">{\"@context\":\"https:\\\/\\\/schema.org\",\"@graph\":[{\"@type\":[\"WebPage\",\"ItemPage\"],\"@id\":\"https:\\\/\\\/vitablanca.ma\\\/produit\\\/kemei-km-7103-epilateur-3-en-1-epilation-douce-du-visage-des-jambes-et-du-maillot\\\/\",\"url\":\"https:\\\/\\\/vitablanca.ma\\\/produit\\\/kemei-km-7103-epilateur-3-en-1-epilation-douce-du-visage-des-jambes-et-du-maillot\\\/\",\"name\":\"Kemei KM-7103 \u00c9pilateur 3 en 1 \u2013 \u00c9pilation douce du visage, des jambes et du maillot - Maroc Prix\",\"isPartOf\":{\"@id\":\"https:\\\/\\\/vitablanca.ma\\\/#website\"},\"primaryImageOfPage\":{\"@id\":\"https:\\\/\\\/vitablanca.ma\\\/produit\\\/kemei-km-7103-epilateur-3-en-1-epilation-douce-du-visage-des-jambes-et-du-maillot\\\/#primaryimage\"},\"image\":{\"@id\":\"https:\\\/\\\/vitablanca.ma\\\/produit\\\/kemei-km-7103-epilateur-3-en-1-epilation-douce-du-visage-des-jambes-et-du-maillot\\\/#primaryimage\"},\"thumbnailUrl\":\"https:\\\/\\\/vitablanca.ma\\\/wp-content\\\/uploads\\\/2026\\\/03\\\/KemeiKM-7103Epilateur3en1_Epilationdouceduvisage_desjambesetdumaillot6.jpg\",\"datePublished\":\"2026-03-04T01:40:45+00:00\",\"description\":\"Kemei KM-7103 \u00c9pilateur 3 en 1 \u2013 \u00c9pilation douce du visage, des jambes et du maillot\",\"breadcrumb\":{\"@id\":\"https:\\\/\\\/vitablanca.ma\\\/produit\\\/kemei-km-7103-epilateur-3-en-1-epilation-douce-du-visage-des-jambes-et-du-maillot\\\/#breadcrumb\"},\"inLanguage\":\"ar\",\"potentialAction\":[{\"@type\":\"ReadAction\",\"target\":[\"https:\\\/\\\/vitablanca.ma\\\/produit\\\/kemei-km-7103-epilateur-3-en-1-epilation-douce-du-visage-des-jambes-et-du-maillot\\\/\"]}]},{\"@type\":\"ImageObject\",\"inLanguage\":\"ar\",\"@id\":\"https:\\\/\\\/vitablanca.ma\\\/produit\\\/kemei-km-7103-epilateur-3-en-1-epilation-douce-du-visage-des-jambes-et-du-maillot\\\/#primaryimage\",\"url\":\"https:\\\/\\\/vitablanca.ma\\\/wp-content\\\/uploads\\\/2026\\\/03\\\/KemeiKM-7103Epilateur3en1_Epilationdouceduvisage_desjambesetdumaillot6.jpg\",\"contentUrl\":\"https:\\\/\\\/vitablanca.ma\\\/wp-content\\\/uploads\\\/2026\\\/03\\\/KemeiKM-7103Epilateur3en1_Epilationdouceduvisage_desjambesetdumaillot6.jpg\",\"width\":1080,\"height\":1080},{\"@type\":\"BreadcrumbList\",\"@id\":\"https:\\\/\\\/vitablanca.ma\\\/produit\\\/kemei-km-7103-epilateur-3-en-1-epilation-douce-du-visage-des-jambes-et-du-maillot\\\/#breadcrumb\",\"itemListElement\":[{\"@type\":\"ListItem\",\"position\":1,\"name\":\"Home\",\"item\":\"https:\\\/\\\/vitablanca.ma\\\/\"},{\"@type\":\"ListItem\",\"position\":2,\"name\":\"Tous Les Produits\",\"item\":\"https:\\\/\\\/vitablanca.ma\\\/tous-les-produits\\\/\"},{\"@type\":\"ListItem\",\"position\":3,\"name\":\"Kemei KM-7103 \u00c9pilateur 3 en 1 \u2013 \u00c9pilation douce du visage, des jambes et du maillot\"}]},{\"@type\":\"WebSite\",\"@id\":\"https:\\\/\\\/vitablanca.ma\\\/#website\",\"url\":\"https:\\\/\\\/vitablanca.ma\\\/\",\"name\":\"VitaBlanca.ma | Compl\u00e9ments alimentaires, sant\u00e9 & beaut\u00e9 au Maroc\",\"description\":\"vendre vitamines et compl\u00e9ments premium des USA &amp; Canada, Nouvelle Z\u00e9lande,Maroc (NOW Foods, Solgar, Manuka). Livraison rapide partout au Maroc.\",\"publisher\":{\"@id\":\"https:\\\/\\\/vitablanca.ma\\\/#organization\"},\"alternateName\":\"VitaBlanca.ma\",\"potentialAction\":[{\"@type\":\"SearchAction\",\"target\":{\"@type\":\"EntryPoint\",\"urlTemplate\":\"https:\\\/\\\/vitablanca.ma\\\/?s={search_term_string}\"},\"query-input\":{\"@type\":\"PropertyValueSpecification\",\"valueRequired\":true,\"valueName\":\"search_term_string\"}}],\"inLanguage\":\"ar\"},{\"@type\":\"Organization\",\"@id\":\"https:\\\/\\\/vitablanca.ma\\\/#organization\",\"name\":\"VitaBlanca\",\"url\":\"https:\\\/\\\/vitablanca.ma\\\/\",\"logo\":{\"@type\":\"ImageObject\",\"inLanguage\":\"ar\",\"@id\":\"https:\\\/\\\/vitablanca.ma\\\/#\\\/schema\\\/logo\\\/image\\\/\",\"url\":\"https:\\\/\\\/vitablanca.ma\\\/wp-content\\\/uploads\\\/2025\\\/05\\\/cropped-vitablanca.png\",\"contentUrl\":\"https:\\\/\\\/vitablanca.ma\\\/wp-content\\\/uploads\\\/2025\\\/05\\\/cropped-vitablanca.png\",\"width\":360,\"height\":67,\"caption\":\"VitaBlanca\"},\"image\":{\"@id\":\"https:\\\/\\\/vitablanca.ma\\\/#\\\/schema\\\/logo\\\/image\\\/\"},\"sameAs\":[\"https:\\\/\\\/www.facebook.com\\\/profile.php?id=61576678196717\",\"https:\\\/\\\/www.tiktok.com\\\/@vitablanca.ma\",\"https:\\\/\\\/www.instagram.com\\\/vitablanca.ma\\\/\"]}]}<\/script>\n<!-- \/ Yoast SEO plugin. -->","yoast_head_json":{"title":"Kemei KM-7103 \u00c9pilateur 3 en 1 \u2013 \u00c9pilation douce du visage, des jambes et du maillot - Maroc Prix","description":"Kemei KM-7103 \u00c9pilateur 3 en 1 \u2013 \u00c9pilation douce du visage, des jambes et du maillot","robots":{"index":"index","follow":"follow","max-snippet":"max-snippet:-1","max-image-preview":"max-image-preview:large","max-video-preview":"max-video-preview:-1"},"canonical":"https:\/\/vitablanca.ma\/ar\/product-2\/kemei-km-7103-epilateur-3-en-1-epilation-douce-du-visage-des-jambes-et-du-maillot\/","og_locale":"ar_AR","og_type":"article","og_title":"Kemei KM-7103 \u00c9pilateur 3 en 1 \u2013 \u00c9pilation douce du visage, des jambes et du maillot - Maroc Prix","og_description":"Kemei KM-7103 \u00c9pilateur 3 en 1 \u2013 \u00c9pilation douce du visage, des jambes et du maillot","og_url":"https:\/\/vitablanca.ma\/ar\/product-2\/kemei-km-7103-epilateur-3-en-1-epilation-douce-du-visage-des-jambes-et-du-maillot\/","og_site_name":"Vitablanca.ma &ndash; Sant&eacute;, vitalit&eacute; et bien-&ecirc;tre pour tous les Marocains","article_publisher":"https:\/\/www.facebook.com\/profile.php?id=61576678196717","og_image":[{"width":950,"height":534,"url":"https:\/\/vitablanca.ma\/wp-content\/uploads\/2025\/06\/Magnesium_2024_1400_x787_002.jpg","type":"image\/jpeg"}],"twitter_card":"summary_large_image","schema":{"@context":"https:\/\/schema.org","@graph":[{"@type":["WebPage","ItemPage"],"@id":"https:\/\/vitablanca.ma\/produit\/kemei-km-7103-epilateur-3-en-1-epilation-douce-du-visage-des-jambes-et-du-maillot\/","url":"https:\/\/vitablanca.ma\/produit\/kemei-km-7103-epilateur-3-en-1-epilation-douce-du-visage-des-jambes-et-du-maillot\/","name":"Kemei KM-7103 \u00c9pilateur 3 en 1 \u2013 \u00c9pilation douce du visage, des jambes et du maillot - Maroc Prix","isPartOf":{"@id":"https:\/\/vitablanca.ma\/#website"},"primaryImageOfPage":{"@id":"https:\/\/vitablanca.ma\/produit\/kemei-km-7103-epilateur-3-en-1-epilation-douce-du-visage-des-jambes-et-du-maillot\/#primaryimage"},"image":{"@id":"https:\/\/vitablanca.ma\/produit\/kemei-km-7103-epilateur-3-en-1-epilation-douce-du-visage-des-jambes-et-du-maillot\/#primaryimage"},"thumbnailUrl":"https:\/\/vitablanca.ma\/wp-content\/uploads\/2026\/03\/KemeiKM-7103Epilateur3en1_Epilationdouceduvisage_desjambesetdumaillot6.jpg","datePublished":"2026-03-04T01:40:45+00:00","description":"Kemei KM-7103 \u00c9pilateur 3 en 1 \u2013 \u00c9pilation douce du visage, des jambes et du maillot","breadcrumb":{"@id":"https:\/\/vitablanca.ma\/produit\/kemei-km-7103-epilateur-3-en-1-epilation-douce-du-visage-des-jambes-et-du-maillot\/#breadcrumb"},"inLanguage":"ar","potentialAction":[{"@type":"ReadAction","target":["https:\/\/vitablanca.ma\/produit\/kemei-km-7103-epilateur-3-en-1-epilation-douce-du-visage-des-jambes-et-du-maillot\/"]}]},{"@type":"ImageObject","inLanguage":"ar","@id":"https:\/\/vitablanca.ma\/produit\/kemei-km-7103-epilateur-3-en-1-epilation-douce-du-visage-des-jambes-et-du-maillot\/#primaryimage","url":"https:\/\/vitablanca.ma\/wp-content\/uploads\/2026\/03\/KemeiKM-7103Epilateur3en1_Epilationdouceduvisage_desjambesetdumaillot6.jpg","contentUrl":"https:\/\/vitablanca.ma\/wp-content\/uploads\/2026\/03\/KemeiKM-7103Epilateur3en1_Epilationdouceduvisage_desjambesetdumaillot6.jpg","width":1080,"height":1080},{"@type":"BreadcrumbList","@id":"https:\/\/vitablanca.ma\/produit\/kemei-km-7103-epilateur-3-en-1-epilation-douce-du-visage-des-jambes-et-du-maillot\/#breadcrumb","itemListElement":[{"@type":"ListItem","position":1,"name":"Home","item":"https:\/\/vitablanca.ma\/"},{"@type":"ListItem","position":2,"name":"Tous Les Produits","item":"https:\/\/vitablanca.ma\/tous-les-produits\/"},{"@type":"ListItem","position":3,"name":"Kemei KM-7103 \u00c9pilateur 3 en 1 \u2013 \u00c9pilation douce du visage, des jambes et du maillot"}]},{"@type":"WebSite","@id":"https:\/\/vitablanca.ma\/#website","url":"https:\/\/vitablanca.ma\/","name":"VitaBlanca.ma | \u0627\u0644\u0645\u0643\u0645\u0644\u0627\u062a \u0627\u0644\u063a\u0630\u0627\u0626\u064a\u0629\u060c \u0627\u0644\u0635\u062d\u0629 \u0648\u0627\u0644\u062c\u0645\u0627\u0644 \u0641\u064a \u0627\u0644\u0645\u063a\u0631\u0628","description":"\u0646\u0628\u064a\u0639 \u0641\u064a\u062a\u0627\u0645\u064a\u0646\u0627\u062a \u0648\u0645\u0643\u0645\u0644\u0627\u062a \u063a\u0630\u0627\u0626\u064a\u0629 \u0641\u0627\u062e\u0631\u0629 \u0645\u0646 \u0627\u0644\u0648\u0644\u0627\u064a\u0627\u062a \u0627\u0644\u0645\u062a\u062d\u062f\u0629 \u0627\u0644\u0623\u0645\u0631\u064a\u0643\u064a\u0629 \u0648\u0643\u0646\u062f\u0627 \u0648\u0646\u064a\u0648\u0632\u064a\u0644\u0646\u062f\u0627 \u0648\u0627\u0644\u0645\u063a\u0631\u0628 (\u0646\u0627\u0648 \u0641\u0648\u062f\u0632\u060c \u0633\u0648\u0644\u062c\u0627\u0631\u060c \u0645\u0627\u0646\u0648\u0643\u0627). \u062a\u0648\u0635\u064a\u0644 \u0633\u0631\u064a\u0639 \u0625\u0644\u0649 \u062c\u0645\u064a\u0639 \u0623\u0646\u062d\u0627\u0621 \u0627\u0644\u0645\u063a\u0631\u0628.","publisher":{"@id":"https:\/\/vitablanca.ma\/#organization"},"alternateName":"VitaBlanca.ma","potentialAction":[{"@type":"SearchAction","target":{"@type":"EntryPoint","urlTemplate":"https:\/\/vitablanca.ma\/?s={search_term_string}"},"query-input":{"@type":"PropertyValueSpecification","valueRequired":true,"valueName":"search_term_string"}}],"inLanguage":"ar"},{"@type":"Organization","@id":"https:\/\/vitablanca.ma\/#organization","name":"\u0641\u064a\u062a\u0627\u0628\u0644\u0627\u0646\u0643\u0627","url":"https:\/\/vitablanca.ma\/","logo":{"@type":"ImageObject","inLanguage":"ar","@id":"https:\/\/vitablanca.ma\/#\/schema\/logo\/image\/","url":"https:\/\/vitablanca.ma\/wp-content\/uploads\/2025\/05\/cropped-vitablanca.png","contentUrl":"https:\/\/vitablanca.ma\/wp-content\/uploads\/2025\/05\/cropped-vitablanca.png","width":360,"height":67,"caption":"VitaBlanca"},"image":{"@id":"https:\/\/vitablanca.ma\/#\/schema\/logo\/image\/"},"sameAs":["https:\/\/www.facebook.com\/profile.php?id=61576678196717","https:\/\/www.tiktok.com\/@vitablanca.ma","https:\/\/www.instagram.com\/vitablanca.ma\/"]}]}},"jetpack_sharing_enabled":true,"_links":{"self":[{"href":"https:\/\/vitablanca.ma\/ar\/wp-json\/wp\/v2\/product\/30984","targetHints":{"allow":["GET"]}}],"collection":[{"href":"https:\/\/vitablanca.ma\/ar\/wp-json\/wp\/v2\/product"}],"about":[{"href":"https:\/\/vitablanca.ma\/ar\/wp-json\/wp\/v2\/types\/product"}],"wp:featuredmedia":[{"embeddable":true,"href":"https:\/\/vitablanca.ma\/ar\/wp-json\/wp\/v2\/media\/30976"}],"wp:attachment":[{"href":"https:\/\/vitablanca.ma\/ar\/wp-json\/wp\/v2\/media?parent=30984"}],"wp:term":[{"taxonomy":"product_brand","embeddable":true,"href":"https:\/\/vitablanca.ma\/ar\/wp-json\/wp\/v2\/product_brand?post=30984"},{"taxonomy":"product_cat","embeddable":true,"href":"https:\/\/vitablanca.ma\/ar\/wp-json\/wp\/v2\/product_cat?post=30984"},{"taxonomy":"product_tag","embeddable":true,"href":"https:\/\/vitablanca.ma\/ar\/wp-json\/wp\/v2\/product_tag?post=30984"}],"curies":[{"name":"wp","href":"https:\/\/api.w.org\/{rel}","templated":true}]}}