{"id":308,"date":"2025-04-19T20:34:34","date_gmt":"2025-04-19T20:34:34","guid":{"rendered":"https:\/\/vitablanca.ma\/?post_type=product&#038;p=308"},"modified":"2025-08-30T21:28:55","modified_gmt":"2025-08-30T21:28:55","slug":"solgar-calcium-magnesium-plus-bore-250-comprimes","status":"publish","type":"product","link":"https:\/\/vitablanca.ma\/ar\/product-2\/solgar-calcium-magnesium-plus-bore-250-comprimes\/","title":{"rendered":"\u0633\u0648\u0644\u062c\u0627\u0631 \u0643\u0627\u0644\u0633\u064a\u0648\u0645 \u0645\u0627\u063a\u0646\u064a\u0633\u064a\u0648\u0645 \u0628\u0627\u0644\u0625\u0636\u0627\u0641\u0629 \u0625\u0644\u0649 \u0628\u0648\u0631\u0648\u0646\u060c 250 \u0642\u0631\u0635\u064b\u0627"},"content":{"rendered":"<p>Le calcium fournit les \u00e9l\u00e9ments de base permettant de garder des dents et des os solides et sains. Il aide \u00e9galement au bon fonctionnement du c\u0153ur, du syst\u00e8me musculosquelettique et du syst\u00e8me nerveux. Le magn\u00e9sium aide \u00e0 r\u00e9guler le transport du calcium et stimule la s\u00e9cr\u00e9tion de calcitonine, une hormone qui permet l\u2019apport de calcium dans les os. Le magn\u00e9sium fonctionne \u00e9galement en synergie avec l\u2019ATP pour lib\u00e9rer l\u2019\u00e9nergie n\u00e9cessaire \u00e0 la plupart des r\u00e9actions du corps. Il joue un r\u00f4le important dans la formation des prot\u00e9ines et favorise une fonction musculaire saine. Cette formulation contient \u00e9galement du bore, un oligo-\u00e9l\u00e9ment qui permet de faciliter le m\u00e9tabolisme du calcium, favorisant ainsi la sant\u00e9 des os.<\/p>\n<p>Un apport ad\u00e9quat en calcium tout au long de la vie, dans le cadre d\u2019une alimentation \u00e9quilibr\u00e9e, peut diminuer le risque d\u2019ost\u00e9oporose.<\/p>\n<p>\u0627\u0644\u0627\u0633\u062a\u062e\u062f\u0627\u0645 \u0627\u0644\u0645\u0642\u062a\u0631\u062d<\/p>\n<p>En compl\u00e9ment alimentaire chez l\u2019adulte, prenez trois (3) comprim\u00e9s par jour, de pr\u00e9f\u00e9rence durant un repas<\/p>","protected":false},"excerpt":{"rendered":"<ul>\n<li>\u00a0\u064a\u0639\u0632\u0632 \u0635\u062d\u0629 \u0627\u0644\u0639\u0638\u0627\u0645 \u0627\u0644\u062c\u064a\u062f\u0629<\/li>\n<li>\u064a\u0633\u0627\u0647\u0645 \u0641\u064a \u0627\u0644\u0623\u062f\u0627\u0621 \u0627\u0644\u0633\u0644\u064a\u0645 \u0644\u0644\u0623\u0639\u0635\u0627\u0628 \u0648\u0627\u0644\u0639\u0636\u0644\u0627\u062a<\/li>\n<li>\u063a\u064a\u0631 \u0645\u0639\u062f\u0644 \u0648\u0631\u0627\u062b\u064a\u064b\u0627<\/li>\n<li>\u062e\u0627\u0644\u064a \u0645\u0646 \u0627\u0644\u0642\u0645\u062d \u0648\u0645\u0646\u062a\u062c\u0627\u062a \u0627\u0644\u0623\u0644\u0628\u0627\u0646<\/li>\n<li>\u0645\u0646\u0627\u0633\u0628 \u0644\u0644\u0646\u0628\u0627\u062a\u064a\u064a\u0646<\/li>\n<li>\u0645\u0639\u062a\u0645\u062f \u062e\u0627\u0644\u064d \u0645\u0646 \u0627\u0644\u063a\u0644\u0648\u062a\u064a\u0646<\/li>\n<li>\u0645\u0643\u0645\u0644 \u063a\u0630\u0627\u0626\u064a<\/li>\n<li>\u064a\u0648\u0641\u0631 \u0627\u0644\u0643\u0627\u0644\u0633\u064a\u0648\u0645 \u0627\u0644\u0644\u0628\u0646\u0627\u062a \u0627\u0644\u0623\u0633\u0627\u0633\u064a\u0629 \u0644\u0644\u0623\u0633\u0646\u0627\u0646 \u0648\u0627\u0644\u0639\u0638\u0627\u0645 \u0627\u0644\u0642\u0648\u064a\u0629 \u0648\u0627\u0644\u0635\u062d\u064a\u0629.<\/li>\n<\/ul>","protected":false},"featured_media":309,"template":"","meta":{"om_disable_all_campaigns":false},"product_brand":[42],"product_cat":[3366,176,163,19],"product_tag":[315,299,316,317,208,52,51,50,318],"class_list":{"0":"post-308","1":"product","2":"type-product","3":"status-publish","4":"has-post-thumbnail","6":"product_brand-solgar-prix-maroc","7":"product_cat-complements-alimentaires-au-maroc-vitablanca","8":"product_cat-magnesium","9":"product_cat-mineraux","10":"product_cat-vitamines-supplements-dietetiques","11":"product_tag-bon-fonctionnement-du-coeur","12":"product_tag-calcium","13":"product_tag-calcium-magnesium-plus-bore","14":"product_tag-convient-aux-vegan","15":"product_tag-solgar","16":"product_tag-solgar-amazon-maroc","17":"product_tag-solgar-iherb","18":"product_tag-solgar-jumia","19":"product_tag-solgar-prix-a-maroc","21":"first","22":"instock","23":"sale","24":"taxable","25":"shipping-taxable","26":"purchasable","27":"product-type-simple"},"yoast_head":"<!-- This site is optimized with the Yoast SEO plugin v27.5 - https:\/\/yoast.com\/product\/yoast-seo-wordpress\/ -->\n<title>Solgar Calcium Magn\u00e9sium plus Bore, 250 comprim\u00e9s - Maroc Prix<\/title>\n<meta name=\"description\" content=\"Achetez Solgar Calcium Magn\u00e9sium plus Bore au Maroc. 250 comprim\u00e9s pour un soutien complet de la sant\u00e9 osseuse, de la fonction musculaire et du syst\u00e8me nerveux.\" \/>\n<meta name=\"robots\" content=\"index, follow, max-snippet:-1, max-image-preview:large, max-video-preview:-1\" \/>\n<link rel=\"canonical\" href=\"https:\/\/vitablanca.ma\/ar\/product-2\/solgar-calcium-magnesium-plus-bore-250-comprimes\/\" \/>\n<meta property=\"og:locale\" content=\"ar_AR\" \/>\n<meta property=\"og:type\" content=\"article\" \/>\n<meta property=\"og:title\" content=\"Solgar Calcium Magn\u00e9sium plus Bore, 250 comprim\u00e9s - Maroc Prix\" \/>\n<meta property=\"og:description\" content=\"Achetez Solgar Calcium Magn\u00e9sium plus Bore au Maroc. 250 comprim\u00e9s pour un soutien complet de la sant\u00e9 osseuse, de la fonction musculaire et du syst\u00e8me nerveux.\" \/>\n<meta property=\"og:url\" content=\"https:\/\/vitablanca.ma\/ar\/product-2\/solgar-calcium-magnesium-plus-bore-250-comprimes\/\" \/>\n<meta property=\"og:site_name\" content=\"Vitablanca.ma &ndash; Sant&eacute;, vitalit&eacute; et bien-&ecirc;tre pour tous les Marocains\" \/>\n<meta property=\"article:publisher\" content=\"https:\/\/www.facebook.com\/profile.php?id=61576678196717\" \/>\n<meta property=\"article:modified_time\" content=\"2025-08-30T21:28:55+00:00\" \/>\n<meta property=\"og:image\" content=\"https:\/\/vitablanca.ma\/wp-content\/uploads\/2025\/04\/solgar-calcium-magnesium-plus-bore-250-comprimes-casa.jpg\" \/>\n\t<meta property=\"og:image:width\" content=\"680\" \/>\n\t<meta property=\"og:image:height\" content=\"680\" \/>\n\t<meta property=\"og:image:type\" content=\"image\/jpeg\" \/>\n<meta name=\"twitter:card\" content=\"summary_large_image\" \/>\n<meta name=\"twitter:label1\" content=\"\u0648\u0642\u062a \u0627\u0644\u0642\u0631\u0627\u0621\u0629 \u0627\u0644\u0645\u064f\u0642\u062f\u0651\u0631\" \/>\n\t<meta name=\"twitter:data1\" content=\"\u062f\u0642\u064a\u0642\u0629 \u0648\u0627\u062d\u062f\u0629\" \/>\n<script type=\"application\/ld+json\" class=\"yoast-schema-graph\">{\"@context\":\"https:\\\/\\\/schema.org\",\"@graph\":[{\"@type\":[\"WebPage\",\"ItemPage\"],\"@id\":\"https:\\\/\\\/vitablanca.ma\\\/produit\\\/solgar-calcium-magnesium-plus-bore-250-comprimes\\\/\",\"url\":\"https:\\\/\\\/vitablanca.ma\\\/produit\\\/solgar-calcium-magnesium-plus-bore-250-comprimes\\\/\",\"name\":\"Solgar Calcium Magn\u00e9sium plus Bore, 250 comprim\u00e9s - Maroc Prix\",\"isPartOf\":{\"@id\":\"https:\\\/\\\/vitablanca.ma\\\/#website\"},\"primaryImageOfPage\":{\"@id\":\"https:\\\/\\\/vitablanca.ma\\\/produit\\\/solgar-calcium-magnesium-plus-bore-250-comprimes\\\/#primaryimage\"},\"image\":{\"@id\":\"https:\\\/\\\/vitablanca.ma\\\/produit\\\/solgar-calcium-magnesium-plus-bore-250-comprimes\\\/#primaryimage\"},\"thumbnailUrl\":\"https:\\\/\\\/vitablanca.ma\\\/wp-content\\\/uploads\\\/2025\\\/04\\\/solgar-calcium-magnesium-plus-bore-250-comprimes-casa.jpg\",\"datePublished\":\"2025-04-19T20:34:34+00:00\",\"dateModified\":\"2025-08-30T21:28:55+00:00\",\"description\":\"Achetez Solgar Calcium Magn\u00e9sium plus Bore au Maroc. 250 comprim\u00e9s pour un soutien complet de la sant\u00e9 osseuse, de la fonction musculaire et du syst\u00e8me nerveux.\",\"breadcrumb\":{\"@id\":\"https:\\\/\\\/vitablanca.ma\\\/produit\\\/solgar-calcium-magnesium-plus-bore-250-comprimes\\\/#breadcrumb\"},\"inLanguage\":\"ar\",\"potentialAction\":[{\"@type\":\"ReadAction\",\"target\":[\"https:\\\/\\\/vitablanca.ma\\\/produit\\\/solgar-calcium-magnesium-plus-bore-250-comprimes\\\/\"]}]},{\"@type\":\"ImageObject\",\"inLanguage\":\"ar\",\"@id\":\"https:\\\/\\\/vitablanca.ma\\\/produit\\\/solgar-calcium-magnesium-plus-bore-250-comprimes\\\/#primaryimage\",\"url\":\"https:\\\/\\\/vitablanca.ma\\\/wp-content\\\/uploads\\\/2025\\\/04\\\/solgar-calcium-magnesium-plus-bore-250-comprimes-casa.jpg\",\"contentUrl\":\"https:\\\/\\\/vitablanca.ma\\\/wp-content\\\/uploads\\\/2025\\\/04\\\/solgar-calcium-magnesium-plus-bore-250-comprimes-casa.jpg\",\"width\":680,\"height\":680},{\"@type\":\"BreadcrumbList\",\"@id\":\"https:\\\/\\\/vitablanca.ma\\\/produit\\\/solgar-calcium-magnesium-plus-bore-250-comprimes\\\/#breadcrumb\",\"itemListElement\":[{\"@type\":\"ListItem\",\"position\":1,\"name\":\"Home\",\"item\":\"https:\\\/\\\/vitablanca.ma\\\/\"},{\"@type\":\"ListItem\",\"position\":2,\"name\":\"Tous Les Produits\",\"item\":\"https:\\\/\\\/vitablanca.ma\\\/tous-les-produits\\\/\"},{\"@type\":\"ListItem\",\"position\":3,\"name\":\"Solgar Calcium Magn\u00e9sium plus Bore, 250 comprim\u00e9s\"}]},{\"@type\":\"WebSite\",\"@id\":\"https:\\\/\\\/vitablanca.ma\\\/#website\",\"url\":\"https:\\\/\\\/vitablanca.ma\\\/\",\"name\":\"VitaBlanca.ma | Compl\u00e9ments alimentaires, sant\u00e9 & beaut\u00e9 au Maroc\",\"description\":\"vendre vitamines et compl\u00e9ments premium des USA &amp; Canada, Nouvelle Z\u00e9lande,Maroc (NOW Foods, Solgar, Manuka). Livraison rapide partout au Maroc.\",\"publisher\":{\"@id\":\"https:\\\/\\\/vitablanca.ma\\\/#organization\"},\"alternateName\":\"VitaBlanca.ma\",\"potentialAction\":[{\"@type\":\"SearchAction\",\"target\":{\"@type\":\"EntryPoint\",\"urlTemplate\":\"https:\\\/\\\/vitablanca.ma\\\/?s={search_term_string}\"},\"query-input\":{\"@type\":\"PropertyValueSpecification\",\"valueRequired\":true,\"valueName\":\"search_term_string\"}}],\"inLanguage\":\"ar\"},{\"@type\":\"Organization\",\"@id\":\"https:\\\/\\\/vitablanca.ma\\\/#organization\",\"name\":\"VitaBlanca\",\"url\":\"https:\\\/\\\/vitablanca.ma\\\/\",\"logo\":{\"@type\":\"ImageObject\",\"inLanguage\":\"ar\",\"@id\":\"https:\\\/\\\/vitablanca.ma\\\/#\\\/schema\\\/logo\\\/image\\\/\",\"url\":\"https:\\\/\\\/vitablanca.ma\\\/wp-content\\\/uploads\\\/2025\\\/05\\\/cropped-vitablanca.png\",\"contentUrl\":\"https:\\\/\\\/vitablanca.ma\\\/wp-content\\\/uploads\\\/2025\\\/05\\\/cropped-vitablanca.png\",\"width\":360,\"height\":67,\"caption\":\"VitaBlanca\"},\"image\":{\"@id\":\"https:\\\/\\\/vitablanca.ma\\\/#\\\/schema\\\/logo\\\/image\\\/\"},\"sameAs\":[\"https:\\\/\\\/www.facebook.com\\\/profile.php?id=61576678196717\",\"https:\\\/\\\/www.tiktok.com\\\/@vitablanca.ma\",\"https:\\\/\\\/www.instagram.com\\\/vitablanca.ma\\\/\"]}]}<\/script>\n<!-- \/ Yoast SEO plugin. -->","yoast_head_json":{"title":"\u0633\u0648\u0644\u062c\u0627\u0631 \u0643\u0627\u0644\u0633\u064a\u0648\u0645 \u0645\u0627\u063a\u0646\u0633\u064a\u0648\u0645 \u0645\u0639 \u0628\u0648\u0631\u0648\u0646\u060c \u0662\u0665\u0660 \u0642\u0631\u0635\u064b\u0627 - \u0633\u0639\u0631 \u0627\u0644\u0645\u063a\u0631\u0628","description":"\u0627\u0634\u062a\u0631\u064a Solgar \u0643\u0627\u0644\u0633\u064a\u0648\u0645 \u0645\u0627\u063a\u0646\u0633\u064a\u0648\u0645 \u0628\u0627\u0644\u0625\u0636\u0627\u0641\u0629 \u0625\u0644\u0649 \u0628\u0648\u0631\u0648\u0646 \u0641\u064a \u0627\u0644\u0645\u063a\u0631\u0628. 250 \u0642\u0631\u0635\u064b\u0627 \u0644\u062f\u0639\u0645 \u0634\u0627\u0645\u0644 \u0644\u0635\u062d\u0629 \u0627\u0644\u0639\u0638\u0627\u0645 \u0648\u0648\u0638\u064a\u0641\u0629 \u0627\u0644\u0639\u0636\u0644\u0627\u062a \u0648\u0627\u0644\u062c\u0647\u0627\u0632 \u0627\u0644\u0639\u0635\u0628\u064a.","robots":{"index":"index","follow":"follow","max-snippet":"max-snippet:-1","max-image-preview":"max-image-preview:large","max-video-preview":"max-video-preview:-1"},"canonical":"https:\/\/vitablanca.ma\/ar\/product-2\/solgar-calcium-magnesium-plus-bore-250-comprimes\/","og_locale":"ar_AR","og_type":"article","og_title":"Solgar Calcium Magn\u00e9sium plus Bore, 250 comprim\u00e9s - Maroc Prix","og_description":"Achetez Solgar Calcium Magn\u00e9sium plus Bore au Maroc. 250 comprim\u00e9s pour un soutien complet de la sant\u00e9 osseuse, de la fonction musculaire et du syst\u00e8me nerveux.","og_url":"https:\/\/vitablanca.ma\/ar\/product-2\/solgar-calcium-magnesium-plus-bore-250-comprimes\/","og_site_name":"Vitablanca.ma &ndash; Sant&eacute;, vitalit&eacute; et bien-&ecirc;tre pour tous les Marocains","article_publisher":"https:\/\/www.facebook.com\/profile.php?id=61576678196717","article_modified_time":"2025-08-30T21:28:55+00:00","og_image":[{"width":680,"height":680,"url":"https:\/\/vitablanca.ma\/wp-content\/uploads\/2025\/04\/solgar-calcium-magnesium-plus-bore-250-comprimes-casa.jpg","type":"image\/jpeg"}],"twitter_card":"summary_large_image","twitter_misc":{"\u0648\u0642\u062a \u0627\u0644\u0642\u0631\u0627\u0621\u0629 \u0627\u0644\u0645\u064f\u0642\u062f\u0651\u0631":"\u062f\u0642\u064a\u0642\u0629 \u0648\u0627\u062d\u062f\u0629"},"schema":{"@context":"https:\/\/schema.org","@graph":[{"@type":["WebPage","ItemPage"],"@id":"https:\/\/vitablanca.ma\/produit\/solgar-calcium-magnesium-plus-bore-250-comprimes\/","url":"https:\/\/vitablanca.ma\/produit\/solgar-calcium-magnesium-plus-bore-250-comprimes\/","name":"\u0633\u0648\u0644\u062c\u0627\u0631 \u0643\u0627\u0644\u0633\u064a\u0648\u0645 \u0645\u0627\u063a\u0646\u0633\u064a\u0648\u0645 \u0645\u0639 \u0628\u0648\u0631\u0648\u0646\u060c \u0662\u0665\u0660 \u0642\u0631\u0635\u064b\u0627 - \u0633\u0639\u0631 \u0627\u0644\u0645\u063a\u0631\u0628","isPartOf":{"@id":"https:\/\/vitablanca.ma\/#website"},"primaryImageOfPage":{"@id":"https:\/\/vitablanca.ma\/produit\/solgar-calcium-magnesium-plus-bore-250-comprimes\/#primaryimage"},"image":{"@id":"https:\/\/vitablanca.ma\/produit\/solgar-calcium-magnesium-plus-bore-250-comprimes\/#primaryimage"},"thumbnailUrl":"https:\/\/vitablanca.ma\/wp-content\/uploads\/2025\/04\/solgar-calcium-magnesium-plus-bore-250-comprimes-casa.jpg","datePublished":"2025-04-19T20:34:34+00:00","dateModified":"2025-08-30T21:28:55+00:00","description":"\u0627\u0634\u062a\u0631\u064a Solgar \u0643\u0627\u0644\u0633\u064a\u0648\u0645 \u0645\u0627\u063a\u0646\u0633\u064a\u0648\u0645 \u0628\u0627\u0644\u0625\u0636\u0627\u0641\u0629 \u0625\u0644\u0649 \u0628\u0648\u0631\u0648\u0646 \u0641\u064a \u0627\u0644\u0645\u063a\u0631\u0628. 250 \u0642\u0631\u0635\u064b\u0627 \u0644\u062f\u0639\u0645 \u0634\u0627\u0645\u0644 \u0644\u0635\u062d\u0629 \u0627\u0644\u0639\u0638\u0627\u0645 \u0648\u0648\u0638\u064a\u0641\u0629 \u0627\u0644\u0639\u0636\u0644\u0627\u062a \u0648\u0627\u0644\u062c\u0647\u0627\u0632 \u0627\u0644\u0639\u0635\u0628\u064a.","breadcrumb":{"@id":"https:\/\/vitablanca.ma\/produit\/solgar-calcium-magnesium-plus-bore-250-comprimes\/#breadcrumb"},"inLanguage":"ar","potentialAction":[{"@type":"ReadAction","target":["https:\/\/vitablanca.ma\/produit\/solgar-calcium-magnesium-plus-bore-250-comprimes\/"]}]},{"@type":"ImageObject","inLanguage":"ar","@id":"https:\/\/vitablanca.ma\/produit\/solgar-calcium-magnesium-plus-bore-250-comprimes\/#primaryimage","url":"https:\/\/vitablanca.ma\/wp-content\/uploads\/2025\/04\/solgar-calcium-magnesium-plus-bore-250-comprimes-casa.jpg","contentUrl":"https:\/\/vitablanca.ma\/wp-content\/uploads\/2025\/04\/solgar-calcium-magnesium-plus-bore-250-comprimes-casa.jpg","width":680,"height":680},{"@type":"BreadcrumbList","@id":"https:\/\/vitablanca.ma\/produit\/solgar-calcium-magnesium-plus-bore-250-comprimes\/#breadcrumb","itemListElement":[{"@type":"ListItem","position":1,"name":"Home","item":"https:\/\/vitablanca.ma\/"},{"@type":"ListItem","position":2,"name":"Tous Les Produits","item":"https:\/\/vitablanca.ma\/tous-les-produits\/"},{"@type":"ListItem","position":3,"name":"Solgar Calcium Magn\u00e9sium plus Bore, 250 comprim\u00e9s"}]},{"@type":"WebSite","@id":"https:\/\/vitablanca.ma\/#website","url":"https:\/\/vitablanca.ma\/","name":"VitaBlanca.ma | \u0627\u0644\u0645\u0643\u0645\u0644\u0627\u062a \u0627\u0644\u063a\u0630\u0627\u0626\u064a\u0629\u060c \u0627\u0644\u0635\u062d\u0629 \u0648\u0627\u0644\u062c\u0645\u0627\u0644 \u0641\u064a \u0627\u0644\u0645\u063a\u0631\u0628","description":"\u0646\u0628\u064a\u0639 \u0641\u064a\u062a\u0627\u0645\u064a\u0646\u0627\u062a \u0648\u0645\u0643\u0645\u0644\u0627\u062a \u063a\u0630\u0627\u0626\u064a\u0629 \u0641\u0627\u062e\u0631\u0629 \u0645\u0646 \u0627\u0644\u0648\u0644\u0627\u064a\u0627\u062a \u0627\u0644\u0645\u062a\u062d\u062f\u0629 \u0627\u0644\u0623\u0645\u0631\u064a\u0643\u064a\u0629 \u0648\u0643\u0646\u062f\u0627 \u0648\u0646\u064a\u0648\u0632\u064a\u0644\u0646\u062f\u0627 \u0648\u0627\u0644\u0645\u063a\u0631\u0628 (\u0646\u0627\u0648 \u0641\u0648\u062f\u0632\u060c \u0633\u0648\u0644\u062c\u0627\u0631\u060c \u0645\u0627\u0646\u0648\u0643\u0627). \u062a\u0648\u0635\u064a\u0644 \u0633\u0631\u064a\u0639 \u0625\u0644\u0649 \u062c\u0645\u064a\u0639 \u0623\u0646\u062d\u0627\u0621 \u0627\u0644\u0645\u063a\u0631\u0628.","publisher":{"@id":"https:\/\/vitablanca.ma\/#organization"},"alternateName":"VitaBlanca.ma","potentialAction":[{"@type":"SearchAction","target":{"@type":"EntryPoint","urlTemplate":"https:\/\/vitablanca.ma\/?s={search_term_string}"},"query-input":{"@type":"PropertyValueSpecification","valueRequired":true,"valueName":"search_term_string"}}],"inLanguage":"ar"},{"@type":"Organization","@id":"https:\/\/vitablanca.ma\/#organization","name":"\u0641\u064a\u062a\u0627\u0628\u0644\u0627\u0646\u0643\u0627","url":"https:\/\/vitablanca.ma\/","logo":{"@type":"ImageObject","inLanguage":"ar","@id":"https:\/\/vitablanca.ma\/#\/schema\/logo\/image\/","url":"https:\/\/vitablanca.ma\/wp-content\/uploads\/2025\/05\/cropped-vitablanca.png","contentUrl":"https:\/\/vitablanca.ma\/wp-content\/uploads\/2025\/05\/cropped-vitablanca.png","width":360,"height":67,"caption":"VitaBlanca"},"image":{"@id":"https:\/\/vitablanca.ma\/#\/schema\/logo\/image\/"},"sameAs":["https:\/\/www.facebook.com\/profile.php?id=61576678196717","https:\/\/www.tiktok.com\/@vitablanca.ma","https:\/\/www.instagram.com\/vitablanca.ma\/"]}]}},"jetpack_sharing_enabled":true,"_links":{"self":[{"href":"https:\/\/vitablanca.ma\/ar\/wp-json\/wp\/v2\/product\/308","targetHints":{"allow":["GET"]}}],"collection":[{"href":"https:\/\/vitablanca.ma\/ar\/wp-json\/wp\/v2\/product"}],"about":[{"href":"https:\/\/vitablanca.ma\/ar\/wp-json\/wp\/v2\/types\/product"}],"wp:featuredmedia":[{"embeddable":true,"href":"https:\/\/vitablanca.ma\/ar\/wp-json\/wp\/v2\/media\/309"}],"wp:attachment":[{"href":"https:\/\/vitablanca.ma\/ar\/wp-json\/wp\/v2\/media?parent=308"}],"wp:term":[{"taxonomy":"product_brand","embeddable":true,"href":"https:\/\/vitablanca.ma\/ar\/wp-json\/wp\/v2\/product_brand?post=308"},{"taxonomy":"product_cat","embeddable":true,"href":"https:\/\/vitablanca.ma\/ar\/wp-json\/wp\/v2\/product_cat?post=308"},{"taxonomy":"product_tag","embeddable":true,"href":"https:\/\/vitablanca.ma\/ar\/wp-json\/wp\/v2\/product_tag?post=308"}],"curies":[{"name":"wp","href":"https:\/\/api.w.org\/{rel}","templated":true}]}}