{"id":30724,"date":"2026-03-02T03:21:24","date_gmt":"2026-03-02T03:21:24","guid":{"rendered":"https:\/\/vitablanca.ma\/produit\/medicube-txa-niacinamide-15-serum-30ml\/"},"modified":"2026-03-07T19:28:21","modified_gmt":"2026-03-07T19:28:21","slug":"medicube-txa-niacinamide-15-serum-30ml","status":"publish","type":"product","link":"https:\/\/vitablanca.ma\/ar\/product-2\/medicube-txa-niacinamide-15-serum-30ml\/","title":{"rendered":"Medicube TXA Niacinamide 15% Serum &#8211; 30ml"},"content":{"rendered":"<p class=\"MsoNormal\"><strong><span style=\"font-family: 'Arial','sans-serif'; color: black; background: white;\">MEDICUBE TXA Niacinamide 15 Serum<\/span><\/strong><span class=\"decoration-token-text-secondary\"><span style=\"font-family: 'Arial','sans-serif'; color: black; background: white;\">\u00a030ML<\/span><\/span><span class=\"relative\"><span style=\"font-family: 'Arial','sans-serif'; color: black; background: white;\"><span style=\"border-radius: 0px; text-align: start;\">est un\u00a0<\/span><\/span><strong><span style=\"font-family: 'Arial','sans-serif'; color: black; background: white;\">s\u00e9rum cor\u00e9en<\/span><\/strong><span style=\"font-family: 'Arial','sans-serif'; color: black; background: white;\">\u00a0de haute performance con\u00e7u pour illuminer le teint, att\u00e9nuer les taches pigmentaires et am\u00e9liorer la texture de la peau.<\/span><\/span><span style=\"font-family: 'Arial','sans-serif'; color: black; background: white;\"><span style=\"text-align: start; float: none;\">\u00a0<\/span><span class=\"relative\"><span style=\"border-radius: 0px; text-align: start;\">Sa formule puissante associe\u00a0<\/span><strong><span style=\"font-family: 'Arial','sans-serif';\">5 % d&rsquo;acide tranexamiqu<\/span><\/strong>e (TXA),\u00a0<strong><span style=\"font-family: 'Arial','sans-serif';\">10 % de niacinamide<\/span><\/strong>, offrant une action cibl\u00e9e contre l&rsquo;hyperpigmentation tout en hydratant intens\u00e9ment.<\/span><\/span><\/p>\n<h3 style=\"background: #FFF8FD;\"><strong><span style=\"font-size: 11.0pt; line-height: 107%; font-family: 'Arial','sans-serif'; color: black;\">Caract\u00e9ristiques principales<\/span><\/strong><span style=\"font-size: 11.0pt; line-height: 107%; font-family: 'Arial','sans-serif'; color: black;\">\u00a0:<\/span><\/h3>\n<p class=\"MsoNormal\" style=\"text-indent: -18.0pt; line-height: normal; background: #FFF8FD; margin: 0cm 0cm .0001pt 15.0pt;\"><!-- [if !supportLists]--><span style=\"font-size: 10.0pt; font-family: Symbol; color: black;\">\u00b7<span style=\"font: 7.0pt 'Times New Roman';\">\u00a0\u00a0\u00a0\u00a0\u00a0\u00a0 <\/span><\/span><!--[endif]--><strong><span style=\"font-family: 'Arial','sans-serif'; color: black;\">TXA (Acide Tranexamique) \u00e0 15%<\/span><\/strong><span style=\"font-family: 'Arial','sans-serif'; color: black;\">\u00a0: Cet ingr\u00e9dient actif aide \u00e0 \u00e9claircir la peau, \u00e0 r\u00e9duire les taches brunes et \u00e0 am\u00e9liorer l\u2019\u00e9clat g\u00e9n\u00e9ral du teint.<\/span><\/p>\n<p class=\"MsoNormal\" style=\"text-indent: -18.0pt; line-height: normal; background: #FFF8FD; margin: 0cm 0cm .0001pt 15.0pt;\" data-start=\"309\" data-end=\"519\"><!-- [if !supportLists]--><span style=\"font-size: 10.0pt; font-family: Symbol; color: black;\">\u00b7<span style=\"font: 7.0pt 'Times New Roman';\">\u00a0\u00a0\u00a0\u00a0\u00a0\u00a0 <\/span><\/span><!--[endif]--><strong data-start=\"309\" data-end=\"344\"><span style=\"font-family: 'Arial','sans-serif'; color: black;\">Niacinamide (Vitamine B3) \u00e0 15%<\/span><\/strong><span style=\"font-family: 'Arial','sans-serif'; color: black;\">\u00a0: Connu pour ses effets anti-inflammatoires et \u00e9claircissants, le Niacinamide r\u00e9duit l\u2019apparence des pores dilat\u00e9s, am\u00e9liore la texture de la peau et aide \u00e0 unifier le teint.<\/span><\/p>\n<p class=\"MsoNormal\" style=\"text-indent: -18.0pt; line-height: normal; background: #FFF8FD; margin: 0cm 0cm .0001pt 15.0pt;\" data-start=\"522\" data-end=\"653\"><!-- [if !supportLists]--><span style=\"font-size: 10.0pt; font-family: Symbol; color: black;\">\u00b7<span style=\"font: 7.0pt 'Times New Roman';\">\u00a0\u00a0\u00a0\u00a0\u00a0\u00a0 <\/span><\/span><!--[endif]--><strong data-start=\"522\" data-end=\"558\"><span style=\"font-family: 'Arial','sans-serif'; color: black;\">Effet \u00e9claircissant et hydratant<\/span><\/strong><span style=\"font-family: 'Arial','sans-serif'; color: black;\">\u00a0: Ce s\u00e9rum aide \u00e0 att\u00e9nuer l\u2019hyperpigmentation et \u00e0 rendre la peau plus lumineuse et hydrat\u00e9e.<\/span><\/p>\n<p class=\"MsoNormal\" style=\"text-indent: -18.0pt; line-height: normal; background: #FFF8FD; margin: 0cm 0cm .0001pt 15.0pt;\" data-start=\"656\" data-end=\"797\"><!-- [if !supportLists]--><span style=\"font-size: 10.0pt; font-family: Symbol; color: black;\">\u00b7<span style=\"font: 7.0pt 'Times New Roman';\">\u00a0\u00a0\u00a0\u00a0\u00a0\u00a0 <\/span><\/span><!--[endif]--><strong data-start=\"656\" data-end=\"691\"><span style=\"font-family: 'Arial','sans-serif'; color: black;\">Peau plus lumineuse et uniforme<\/span><\/strong><span style=\"font-family: 'Arial','sans-serif'; color: black;\">\u00a0: L\u2019utilisation r\u00e9guli\u00e8re permet d\u2019obtenir un teint plus uniforme et une peau visiblement plus \u00e9clatante.<\/span><\/p>\n<p class=\"MsoNormal\" style=\"text-indent: -18.0pt; line-height: normal; background: #FFF8FD; margin: 0cm 0cm .0001pt 15.0pt;\" data-start=\"800\" data-end=\"928\"><!-- [if !supportLists]--><span style=\"font-size: 10.0pt; font-family: Symbol; color: black;\">\u00b7<span style=\"font: 7.0pt 'Times New Roman';\">\u00a0\u00a0\u00a0\u00a0\u00a0\u00a0 <\/span><\/span><!--[endif]--><strong data-start=\"800\" data-end=\"818\"><span style=\"font-family: 'Arial','sans-serif'; color: black;\">Texture l\u00e9g\u00e8re<\/span><\/strong><span style=\"font-family: 'Arial','sans-serif'; color: black;\">\u00a0: Sa formulation l\u00e9g\u00e8re p\u00e9n\u00e8tre rapidement sans laisser de film gras, id\u00e9ale pour les peaux mixtes \u00e0 grasses.<\/span><\/p>\n<h3 style=\"background: #FFF8FD; margin: 0.5rem; text-align: start;\" data-start=\"930\" data-end=\"962\"><strong data-start=\"934\" data-end=\"960\"><span style=\"font-size: 11.0pt; line-height: 107%; font-family: 'Arial','sans-serif'; color: black;\">Conseils d\u2019utilisation<\/span><\/strong><span style=\"font-size: 11.0pt; line-height: 107%; font-family: 'Arial','sans-serif'; color: black;\">\u00a0:<\/span><\/h3>\n<p class=\"MsoNormal\" style=\"background: #FFF8FD; margin: 0.75rem; text-align: start;\" data-start=\"963\" data-end=\"1084\"><span style=\"font-family: 'Arial','sans-serif'; color: black;\">Appliquez quelques gouttes sur une peau propre et s\u00e8che, matin et soir, en massant doucement pour favoriser l\u2019absorption.<\/span><\/p>\n","protected":false},"excerpt":{"rendered":"<p>MEDICUBE TXA Niacinamide 15 Serum\u00a030MLest un\u00a0s\u00e9rum cor\u00e9en\u00a0de haute performance con\u00e7u pour illuminer le teint, att\u00e9nuer les taches pigmentaires et am\u00e9liorer la texture de la peau.\u00a0Sa formule puissante associe\u00a05 % d&rsquo;acide tranexamique (TXA),\u00a010 % de niacinamide, offrant une action cibl\u00e9e contre l&rsquo;hyperpigmentation tout en hydratant intens\u00e9ment. Caract\u00e9ristiques principales\u00a0: \u00b7\u00a0\u00a0\u00a0\u00a0\u00a0\u00a0 TXA (Acide Tranexamique) \u00e0 15%\u00a0: Cet ingr\u00e9dient [&hellip;]<\/p>\n","protected":false},"featured_media":30720,"template":"","meta":{"om_disable_all_campaigns":false},"product_brand":[6972],"product_cat":[18,15,1117],"product_tag":[11220,11214,11222,11213,11212,11216,11218,3411,6487,11217,10370,11215,11219,11221,11223],"class_list":{"0":"post-30724","1":"product","2":"type-product","3":"status-publish","4":"has-post-thumbnail","6":"product_brand-medicube","7":"product_cat-beaute-sante","8":"product_cat-beaute-sante-complements-alimentaires-soins-et-bien-etre-au-meilleur-prix","9":"product_cat-korean-skin-care","10":"product_tag-k-beauty-serum","11":"product_tag-medicube-serum-anti-taches","12":"product_tag-medicube-skincare","13":"product_tag-medicube-txa-niacinamide-15","14":"product_tag-medicube-txa-niacinamide-serum","15":"product_tag-serum-acide-tranexamique","16":"product_tag-serum-anti-taches-brunes","17":"product_tag-serum-anti-hyperpigmentation","18":"product_tag-serum-anti-imperfections","19":"product_tag-serum-eclaircissant-visage","20":"product_tag-serum-eclat-visage","21":"product_tag-serum-niacinamide-15","22":"product_tag-serum-niacinamide-coree","23":"product_tag-serum-teint-uniforme","24":"product_tag-serum-visage-30ml","26":"first","27":"instock","28":"taxable","29":"shipping-taxable","30":"purchasable","31":"product-type-simple"},"yoast_head":"<!-- This site is optimized with the Yoast SEO plugin v27.3 - https:\/\/yoast.com\/product\/yoast-seo-wordpress\/ -->\n<title>Medicube TXA Niacinamide 15% Serum - 30ml - Maroc Prix<\/title>\n<meta name=\"description\" content=\"Medicube TXA Niacinamide 15% Serum 30ml aide \u00e0 r\u00e9duire les taches pigmentaires, uniformiser le teint et illuminer la peau gr\u00e2ce au niacinamide\" \/>\n<meta name=\"robots\" content=\"index, follow, max-snippet:-1, max-image-preview:large, max-video-preview:-1\" \/>\n<link rel=\"canonical\" href=\"https:\/\/vitablanca.ma\/ar\/product-2\/medicube-txa-niacinamide-15-serum-30ml\/\" \/>\n<meta property=\"og:locale\" content=\"ar_AR\" \/>\n<meta property=\"og:type\" content=\"article\" \/>\n<meta property=\"og:title\" content=\"Medicube TXA Niacinamide 15% Serum - 30ml - Maroc Prix\" \/>\n<meta property=\"og:description\" content=\"Medicube TXA Niacinamide 15% Serum 30ml aide \u00e0 r\u00e9duire les taches pigmentaires, uniformiser le teint et illuminer la peau gr\u00e2ce au niacinamide\" \/>\n<meta property=\"og:url\" content=\"https:\/\/vitablanca.ma\/ar\/product-2\/medicube-txa-niacinamide-15-serum-30ml\/\" \/>\n<meta property=\"og:site_name\" content=\"Vitablanca.ma &ndash; Sant&eacute;, vitalit&eacute; et bien-&ecirc;tre pour tous les Marocains\" \/>\n<meta property=\"article:publisher\" content=\"https:\/\/www.facebook.com\/profile.php?id=61576678196717\" \/>\n<meta property=\"article:modified_time\" content=\"2026-03-07T19:28:21+00:00\" \/>\n<meta property=\"og:image\" content=\"https:\/\/vitablanca.ma\/wp-content\/uploads\/2026\/03\/MedicubeTXANiacinamide15_Serum-30ml1.jpg\" \/>\n\t<meta property=\"og:image:width\" content=\"1080\" \/>\n\t<meta property=\"og:image:height\" content=\"1080\" \/>\n\t<meta property=\"og:image:type\" content=\"image\/jpeg\" \/>\n<meta name=\"twitter:card\" content=\"summary_large_image\" \/>\n<meta name=\"twitter:label1\" content=\"\u0648\u0642\u062a \u0627\u0644\u0642\u0631\u0627\u0621\u0629 \u0627\u0644\u0645\u064f\u0642\u062f\u0651\u0631\" \/>\n\t<meta name=\"twitter:data1\" content=\"\u062f\u0642\u064a\u0642\u062a\u0627\u0646\" \/>\n<script type=\"application\/ld+json\" class=\"yoast-schema-graph\">{\"@context\":\"https:\\\/\\\/schema.org\",\"@graph\":[{\"@type\":[\"WebPage\",\"ItemPage\"],\"@id\":\"https:\\\/\\\/vitablanca.ma\\\/produit\\\/medicube-txa-niacinamide-15-serum-30ml\\\/\",\"url\":\"https:\\\/\\\/vitablanca.ma\\\/produit\\\/medicube-txa-niacinamide-15-serum-30ml\\\/\",\"name\":\"Medicube TXA Niacinamide 15% Serum - 30ml - Maroc Prix\",\"isPartOf\":{\"@id\":\"https:\\\/\\\/vitablanca.ma\\\/#website\"},\"primaryImageOfPage\":{\"@id\":\"https:\\\/\\\/vitablanca.ma\\\/produit\\\/medicube-txa-niacinamide-15-serum-30ml\\\/#primaryimage\"},\"image\":{\"@id\":\"https:\\\/\\\/vitablanca.ma\\\/produit\\\/medicube-txa-niacinamide-15-serum-30ml\\\/#primaryimage\"},\"thumbnailUrl\":\"https:\\\/\\\/vitablanca.ma\\\/wp-content\\\/uploads\\\/2026\\\/03\\\/MedicubeTXANiacinamide15_Serum-30ml1.jpg\",\"datePublished\":\"2026-03-02T03:21:24+00:00\",\"dateModified\":\"2026-03-07T19:28:21+00:00\",\"description\":\"Medicube TXA Niacinamide 15% Serum 30ml aide \u00e0 r\u00e9duire les taches pigmentaires, uniformiser le teint et illuminer la peau gr\u00e2ce au niacinamide\",\"breadcrumb\":{\"@id\":\"https:\\\/\\\/vitablanca.ma\\\/produit\\\/medicube-txa-niacinamide-15-serum-30ml\\\/#breadcrumb\"},\"inLanguage\":\"ar\",\"potentialAction\":[{\"@type\":\"ReadAction\",\"target\":[\"https:\\\/\\\/vitablanca.ma\\\/produit\\\/medicube-txa-niacinamide-15-serum-30ml\\\/\"]}]},{\"@type\":\"ImageObject\",\"inLanguage\":\"ar\",\"@id\":\"https:\\\/\\\/vitablanca.ma\\\/produit\\\/medicube-txa-niacinamide-15-serum-30ml\\\/#primaryimage\",\"url\":\"https:\\\/\\\/vitablanca.ma\\\/wp-content\\\/uploads\\\/2026\\\/03\\\/MedicubeTXANiacinamide15_Serum-30ml1.jpg\",\"contentUrl\":\"https:\\\/\\\/vitablanca.ma\\\/wp-content\\\/uploads\\\/2026\\\/03\\\/MedicubeTXANiacinamide15_Serum-30ml1.jpg\",\"width\":1080,\"height\":1080},{\"@type\":\"BreadcrumbList\",\"@id\":\"https:\\\/\\\/vitablanca.ma\\\/produit\\\/medicube-txa-niacinamide-15-serum-30ml\\\/#breadcrumb\",\"itemListElement\":[{\"@type\":\"ListItem\",\"position\":1,\"name\":\"Home\",\"item\":\"https:\\\/\\\/vitablanca.ma\\\/\"},{\"@type\":\"ListItem\",\"position\":2,\"name\":\"Tous Les Produits\",\"item\":\"https:\\\/\\\/vitablanca.ma\\\/tous-les-produits\\\/\"},{\"@type\":\"ListItem\",\"position\":3,\"name\":\"Medicube TXA Niacinamide 15% Serum &#8211; 30ml\"}]},{\"@type\":\"WebSite\",\"@id\":\"https:\\\/\\\/vitablanca.ma\\\/#website\",\"url\":\"https:\\\/\\\/vitablanca.ma\\\/\",\"name\":\"VitaBlanca.ma | Compl\u00e9ments alimentaires, sant\u00e9 & beaut\u00e9 au Maroc\",\"description\":\"vendre vitamines et compl\u00e9ments premium des USA &amp; Canada, Nouvelle Z\u00e9lande,Maroc (NOW Foods, Solgar, Manuka). Livraison rapide partout au Maroc.\",\"publisher\":{\"@id\":\"https:\\\/\\\/vitablanca.ma\\\/#organization\"},\"alternateName\":\"VitaBlanca.ma\",\"potentialAction\":[{\"@type\":\"SearchAction\",\"target\":{\"@type\":\"EntryPoint\",\"urlTemplate\":\"https:\\\/\\\/vitablanca.ma\\\/?s={search_term_string}\"},\"query-input\":{\"@type\":\"PropertyValueSpecification\",\"valueRequired\":true,\"valueName\":\"search_term_string\"}}],\"inLanguage\":\"ar\"},{\"@type\":\"Organization\",\"@id\":\"https:\\\/\\\/vitablanca.ma\\\/#organization\",\"name\":\"VitaBlanca\",\"url\":\"https:\\\/\\\/vitablanca.ma\\\/\",\"logo\":{\"@type\":\"ImageObject\",\"inLanguage\":\"ar\",\"@id\":\"https:\\\/\\\/vitablanca.ma\\\/#\\\/schema\\\/logo\\\/image\\\/\",\"url\":\"https:\\\/\\\/vitablanca.ma\\\/wp-content\\\/uploads\\\/2025\\\/05\\\/cropped-vitablanca.png\",\"contentUrl\":\"https:\\\/\\\/vitablanca.ma\\\/wp-content\\\/uploads\\\/2025\\\/05\\\/cropped-vitablanca.png\",\"width\":360,\"height\":67,\"caption\":\"VitaBlanca\"},\"image\":{\"@id\":\"https:\\\/\\\/vitablanca.ma\\\/#\\\/schema\\\/logo\\\/image\\\/\"},\"sameAs\":[\"https:\\\/\\\/www.facebook.com\\\/profile.php?id=61576678196717\",\"https:\\\/\\\/www.tiktok.com\\\/@vitablanca.ma\",\"https:\\\/\\\/www.instagram.com\\\/vitablanca.ma\\\/\"]}]}<\/script>\n<!-- \/ Yoast SEO plugin. -->","yoast_head_json":{"title":"Medicube TXA Niacinamide 15% Serum - 30ml - Maroc Prix","description":"Medicube TXA Niacinamide 15% Serum 30ml aide \u00e0 r\u00e9duire les taches pigmentaires, uniformiser le teint et illuminer la peau gr\u00e2ce au niacinamide","robots":{"index":"index","follow":"follow","max-snippet":"max-snippet:-1","max-image-preview":"max-image-preview:large","max-video-preview":"max-video-preview:-1"},"canonical":"https:\/\/vitablanca.ma\/ar\/product-2\/medicube-txa-niacinamide-15-serum-30ml\/","og_locale":"ar_AR","og_type":"article","og_title":"Medicube TXA Niacinamide 15% Serum - 30ml - Maroc Prix","og_description":"Medicube TXA Niacinamide 15% Serum 30ml aide \u00e0 r\u00e9duire les taches pigmentaires, uniformiser le teint et illuminer la peau gr\u00e2ce au niacinamide","og_url":"https:\/\/vitablanca.ma\/ar\/product-2\/medicube-txa-niacinamide-15-serum-30ml\/","og_site_name":"Vitablanca.ma &ndash; Sant&eacute;, vitalit&eacute; et bien-&ecirc;tre pour tous les Marocains","article_publisher":"https:\/\/www.facebook.com\/profile.php?id=61576678196717","article_modified_time":"2026-03-07T19:28:21+00:00","og_image":[{"width":1080,"height":1080,"url":"https:\/\/vitablanca.ma\/wp-content\/uploads\/2026\/03\/MedicubeTXANiacinamide15_Serum-30ml1.jpg","type":"image\/jpeg"}],"twitter_card":"summary_large_image","twitter_misc":{"\u0648\u0642\u062a \u0627\u0644\u0642\u0631\u0627\u0621\u0629 \u0627\u0644\u0645\u064f\u0642\u062f\u0651\u0631":"\u062f\u0642\u064a\u0642\u062a\u0627\u0646"},"schema":{"@context":"https:\/\/schema.org","@graph":[{"@type":["WebPage","ItemPage"],"@id":"https:\/\/vitablanca.ma\/produit\/medicube-txa-niacinamide-15-serum-30ml\/","url":"https:\/\/vitablanca.ma\/produit\/medicube-txa-niacinamide-15-serum-30ml\/","name":"Medicube TXA Niacinamide 15% Serum - 30ml - Maroc Prix","isPartOf":{"@id":"https:\/\/vitablanca.ma\/#website"},"primaryImageOfPage":{"@id":"https:\/\/vitablanca.ma\/produit\/medicube-txa-niacinamide-15-serum-30ml\/#primaryimage"},"image":{"@id":"https:\/\/vitablanca.ma\/produit\/medicube-txa-niacinamide-15-serum-30ml\/#primaryimage"},"thumbnailUrl":"https:\/\/vitablanca.ma\/wp-content\/uploads\/2026\/03\/MedicubeTXANiacinamide15_Serum-30ml1.jpg","datePublished":"2026-03-02T03:21:24+00:00","dateModified":"2026-03-07T19:28:21+00:00","description":"Medicube TXA Niacinamide 15% Serum 30ml aide \u00e0 r\u00e9duire les taches pigmentaires, uniformiser le teint et illuminer la peau gr\u00e2ce au niacinamide","breadcrumb":{"@id":"https:\/\/vitablanca.ma\/produit\/medicube-txa-niacinamide-15-serum-30ml\/#breadcrumb"},"inLanguage":"ar","potentialAction":[{"@type":"ReadAction","target":["https:\/\/vitablanca.ma\/produit\/medicube-txa-niacinamide-15-serum-30ml\/"]}]},{"@type":"ImageObject","inLanguage":"ar","@id":"https:\/\/vitablanca.ma\/produit\/medicube-txa-niacinamide-15-serum-30ml\/#primaryimage","url":"https:\/\/vitablanca.ma\/wp-content\/uploads\/2026\/03\/MedicubeTXANiacinamide15_Serum-30ml1.jpg","contentUrl":"https:\/\/vitablanca.ma\/wp-content\/uploads\/2026\/03\/MedicubeTXANiacinamide15_Serum-30ml1.jpg","width":1080,"height":1080},{"@type":"BreadcrumbList","@id":"https:\/\/vitablanca.ma\/produit\/medicube-txa-niacinamide-15-serum-30ml\/#breadcrumb","itemListElement":[{"@type":"ListItem","position":1,"name":"Home","item":"https:\/\/vitablanca.ma\/"},{"@type":"ListItem","position":2,"name":"Tous Les Produits","item":"https:\/\/vitablanca.ma\/tous-les-produits\/"},{"@type":"ListItem","position":3,"name":"Medicube TXA Niacinamide 15% Serum &#8211; 30ml"}]},{"@type":"WebSite","@id":"https:\/\/vitablanca.ma\/#website","url":"https:\/\/vitablanca.ma\/","name":"VitaBlanca.ma | \u0627\u0644\u0645\u0643\u0645\u0644\u0627\u062a \u0627\u0644\u063a\u0630\u0627\u0626\u064a\u0629\u060c \u0627\u0644\u0635\u062d\u0629 \u0648\u0627\u0644\u062c\u0645\u0627\u0644 \u0641\u064a \u0627\u0644\u0645\u063a\u0631\u0628","description":"\u0646\u0628\u064a\u0639 \u0641\u064a\u062a\u0627\u0645\u064a\u0646\u0627\u062a \u0648\u0645\u0643\u0645\u0644\u0627\u062a \u063a\u0630\u0627\u0626\u064a\u0629 \u0641\u0627\u062e\u0631\u0629 \u0645\u0646 \u0627\u0644\u0648\u0644\u0627\u064a\u0627\u062a \u0627\u0644\u0645\u062a\u062d\u062f\u0629 \u0627\u0644\u0623\u0645\u0631\u064a\u0643\u064a\u0629 \u0648\u0643\u0646\u062f\u0627 \u0648\u0646\u064a\u0648\u0632\u064a\u0644\u0646\u062f\u0627 \u0648\u0627\u0644\u0645\u063a\u0631\u0628 (\u0646\u0627\u0648 \u0641\u0648\u062f\u0632\u060c \u0633\u0648\u0644\u062c\u0627\u0631\u060c \u0645\u0627\u0646\u0648\u0643\u0627). \u062a\u0648\u0635\u064a\u0644 \u0633\u0631\u064a\u0639 \u0625\u0644\u0649 \u062c\u0645\u064a\u0639 \u0623\u0646\u062d\u0627\u0621 \u0627\u0644\u0645\u063a\u0631\u0628.","publisher":{"@id":"https:\/\/vitablanca.ma\/#organization"},"alternateName":"VitaBlanca.ma","potentialAction":[{"@type":"SearchAction","target":{"@type":"EntryPoint","urlTemplate":"https:\/\/vitablanca.ma\/?s={search_term_string}"},"query-input":{"@type":"PropertyValueSpecification","valueRequired":true,"valueName":"search_term_string"}}],"inLanguage":"ar"},{"@type":"Organization","@id":"https:\/\/vitablanca.ma\/#organization","name":"\u0641\u064a\u062a\u0627\u0628\u0644\u0627\u0646\u0643\u0627","url":"https:\/\/vitablanca.ma\/","logo":{"@type":"ImageObject","inLanguage":"ar","@id":"https:\/\/vitablanca.ma\/#\/schema\/logo\/image\/","url":"https:\/\/vitablanca.ma\/wp-content\/uploads\/2025\/05\/cropped-vitablanca.png","contentUrl":"https:\/\/vitablanca.ma\/wp-content\/uploads\/2025\/05\/cropped-vitablanca.png","width":360,"height":67,"caption":"VitaBlanca"},"image":{"@id":"https:\/\/vitablanca.ma\/#\/schema\/logo\/image\/"},"sameAs":["https:\/\/www.facebook.com\/profile.php?id=61576678196717","https:\/\/www.tiktok.com\/@vitablanca.ma","https:\/\/www.instagram.com\/vitablanca.ma\/"]}]}},"jetpack_sharing_enabled":true,"_links":{"self":[{"href":"https:\/\/vitablanca.ma\/ar\/wp-json\/wp\/v2\/product\/30724","targetHints":{"allow":["GET"]}}],"collection":[{"href":"https:\/\/vitablanca.ma\/ar\/wp-json\/wp\/v2\/product"}],"about":[{"href":"https:\/\/vitablanca.ma\/ar\/wp-json\/wp\/v2\/types\/product"}],"wp:featuredmedia":[{"embeddable":true,"href":"https:\/\/vitablanca.ma\/ar\/wp-json\/wp\/v2\/media\/30720"}],"wp:attachment":[{"href":"https:\/\/vitablanca.ma\/ar\/wp-json\/wp\/v2\/media?parent=30724"}],"wp:term":[{"taxonomy":"product_brand","embeddable":true,"href":"https:\/\/vitablanca.ma\/ar\/wp-json\/wp\/v2\/product_brand?post=30724"},{"taxonomy":"product_cat","embeddable":true,"href":"https:\/\/vitablanca.ma\/ar\/wp-json\/wp\/v2\/product_cat?post=30724"},{"taxonomy":"product_tag","embeddable":true,"href":"https:\/\/vitablanca.ma\/ar\/wp-json\/wp\/v2\/product_tag?post=30724"}],"curies":[{"name":"wp","href":"https:\/\/api.w.org\/{rel}","templated":true}]}}