{"id":30713,"date":"2026-03-02T03:17:54","date_gmt":"2026-03-02T03:17:54","guid":{"rendered":"https:\/\/vitablanca.ma\/produit\/pack-celimax-shot-tightening-serum-shot-tightening-booster-suncreen-spf-50-pa\/"},"modified":"2026-03-07T19:33:53","modified_gmt":"2026-03-07T19:33:53","slug":"pack-celimax-shot-tightening-serum-shot-tightening-booster-suncreen-spf-50-pa","status":"publish","type":"product","link":"https:\/\/vitablanca.ma\/ar\/product-2\/pack-celimax-shot-tightening-serum-shot-tightening-booster-suncreen-spf-50-pa\/","title":{"rendered":"PACK CELIMAX &#8211; SHOT TIGHTENING SERUM + SHOT TIGHTENING BOOSTER + SUNCREEN SPF 50+ PA++++"},"content":{"rendered":"<p><strong>1.Retinal Booster EYE CREME :<\/strong> Soin innovant qui r\u00e9pond aux probl\u00e8mes de peau tels que les rides, le grain de peau irr\u00e9gulier et les pores dilat\u00e9s. Infus\u00e9 de fortes concentrations de r\u00e9tinal, une forme plus avanc\u00e9e que le r\u00e9tinol, et de MATRIXYL, une seule goutte apporte une \u00e9lasticit\u00e9 profonde aux zones \u00e0 probl\u00e8mes telles que les rides ou les pores dilat\u00e9s.<\/p>\n<p><strong>2.S\u00e9rum au r\u00e9tinol :<\/strong> Un ingr\u00e9dient microparticulaire raffin\u00e9, 16 fois plus fin que les pores, est con\u00e7u pour p\u00e9n\u00e9trer directement dans les pores et favoriser l\u2019absorption des ingr\u00e9dients actifs. Le r\u00e9tinol \u00e0 la vitamine A pure, et non un d\u00e9riv\u00e9 du r\u00e9tinol, est un ingr\u00e9dient hautement efficace qui am\u00e9liore efficacement les rides et les pores caus\u00e9s par la perte d\u2019\u00e9lasticit\u00e9 de la peau. Neuf peptides fonctionnels diff\u00e9rents agissent ensemble pour am\u00e9liorer l\u2019\u00e9lasticit\u00e9, contribuant ainsi \u00e0 maintenir la peau lisse et ferme.<\/p>\n<p><strong>3.Un \u00e9cran Solaire chimique \u00e0 large Spectre SPF 50+ PA++++<\/strong> qui prot\u00e8ge la <strong>peau des Rayons UV<\/strong> et aide \u00e0 r\u00e9duire l\u2019apparence des taches brunes et des imperfections.<br \/>\nFormul\u00e9 avec de l\u2019acide tranexamique, de la niacinamide et du panth\u00e9nol, il pr\u00e9vient la production excessive de m\u00e9lanine et pr\u00e9vient ainsi l\u2019apparition des taches brunes.<br \/>\nContient 79,3 % d\u2019essence hydratante qui hydrate en profondeur les peaux s\u00e8ches pour une peau lisse et ferme.<\/p>\n<p><strong>\u0637\u0631\u064a\u0642\u0629 \u0627\u0644\u0627\u0633\u062a\u062e\u062f\u0627\u0645:<\/strong> Si vous n\u2019utilisez pas de r\u00e9tinol ou de r\u00e9tinol, appliquez-le un soir sur deux pendant les deux premi\u00e8res semaines. Appliquez une petite quantit\u00e9 sur les zones cibl\u00e9es. En cas d\u2019irritation, r\u00e9duisez la quantit\u00e9 et la fr\u00e9quence d\u2019application, et utilisez une cr\u00e8me hydratante contenant des ingr\u00e9dients apaisants. Le r\u00e9tinol peut provoquer un l\u00e9ger jaunissement de la peau apr\u00e8s application. Il dispara\u00eetra compl\u00e8tement apr\u00e8s le nettoyage.<\/p>\n<p><strong>\u00c0 v\u00e9rifier avant utilisation :<\/strong> \u00c9viter le contact avec les yeux et se laver soigneusement les mains apr\u00e8s application. Ce produit est destin\u00e9 \u00e0 un usage nocturne uniquement ; une protection solaire doit \u00eatre appliqu\u00e9e le lendemain. Une application excessive en une seule fois peut provoquer une irritation cutan\u00e9e.<\/p>","protected":false},"excerpt":{"rendered":"<p>1.Retinal Booster EYE CREME : Soin innovant qui r\u00e9pond aux probl\u00e8mes de peau tels que les rides, le grain de peau irr\u00e9gulier et les pores dilat\u00e9s. Infus\u00e9 de fortes concentrations de r\u00e9tinal, une forme plus avanc\u00e9e que le r\u00e9tinol, et de MATRIXYL, une seule goutte apporte une \u00e9lasticit\u00e9 profonde aux zones \u00e0 probl\u00e8mes telles que [&hellip;]<\/p>\n","protected":false},"featured_media":30705,"template":"","meta":{"om_disable_all_campaigns":false},"product_brand":[7136],"product_cat":[18,15,1117],"product_tag":[11244,11237,11249,11240,11239,11238,11246,11241,11245,11247,11242,11243,11248],"class_list":{"0":"post-30713","1":"product","2":"type-product","3":"status-publish","4":"has-post-thumbnail","6":"product_brand-celimax","7":"product_cat-beaute-sante","8":"product_cat-beaute-sante-complements-alimentaires-soins-et-bien-etre-au-meilleur-prix","9":"product_cat-korean-skin-care","10":"product_tag-booster-anti-pores","11":"product_tag-celimax-shot-tightening-pack","12":"product_tag-celimax-skincare-pack","13":"product_tag-celimax-sunscreen-spf50-pa","14":"product_tag-celimax-tightening-booster","15":"product_tag-celimax-tightening-serum","16":"product_tag-k-beauty-skincare-set","17":"product_tag-pack-soin-visage-celimax","18":"product_tag-protection-solaire-visage-spf50","19":"product_tag-routine-anti-age-visage","20":"product_tag-routine-visage-coreenne","21":"product_tag-serum-raffermissant-visage","22":"product_tag-soin-raffermissant-coreen","24":"first","25":"instock","26":"taxable","27":"shipping-taxable","28":"purchasable","29":"product-type-simple"},"yoast_head":"<!-- This site is optimized with the Yoast SEO plugin v27.4 - https:\/\/yoast.com\/product\/yoast-seo-wordpress\/ -->\n<title>PACK CELIMAX - SHOT TIGHTENING SERUM - Maroc Prix<\/title>\n<meta name=\"description\" content=\"Pack Celimax Shot Tightening : s\u00e9rum raffermissant, booster intensif et cr\u00e8me solaire SPF50+ PA+ pour lisser la peau, prot\u00e9ger efficacement contre les UV.\" \/>\n<meta name=\"robots\" content=\"index, follow, max-snippet:-1, max-image-preview:large, max-video-preview:-1\" \/>\n<link rel=\"canonical\" href=\"https:\/\/vitablanca.ma\/ar\/product-2\/pack-celimax-shot-tightening-serum-shot-tightening-booster-suncreen-spf-50-pa\/\" \/>\n<meta property=\"og:locale\" content=\"ar_AR\" \/>\n<meta property=\"og:type\" content=\"article\" \/>\n<meta property=\"og:title\" content=\"PACK CELIMAX - SHOT TIGHTENING SERUM - Maroc Prix\" \/>\n<meta property=\"og:description\" content=\"Pack Celimax Shot Tightening : s\u00e9rum raffermissant, booster intensif et cr\u00e8me solaire SPF50+ PA+ pour lisser la peau, prot\u00e9ger efficacement contre les UV.\" \/>\n<meta property=\"og:url\" content=\"https:\/\/vitablanca.ma\/ar\/product-2\/pack-celimax-shot-tightening-serum-shot-tightening-booster-suncreen-spf-50-pa\/\" \/>\n<meta property=\"og:site_name\" content=\"Vitablanca.ma &ndash; Sant&eacute;, vitalit&eacute; et bien-&ecirc;tre pour tous les Marocains\" \/>\n<meta property=\"article:publisher\" content=\"https:\/\/www.facebook.com\/profile.php?id=61576678196717\" \/>\n<meta property=\"article:modified_time\" content=\"2026-03-07T19:33:53+00:00\" \/>\n<meta property=\"og:image\" content=\"https:\/\/vitablanca.ma\/wp-content\/uploads\/2026\/03\/PACK.jpg\" \/>\n\t<meta property=\"og:image:width\" content=\"1080\" \/>\n\t<meta property=\"og:image:height\" content=\"1080\" \/>\n\t<meta property=\"og:image:type\" content=\"image\/jpeg\" \/>\n<meta name=\"twitter:card\" content=\"summary_large_image\" \/>\n<meta name=\"twitter:label1\" content=\"\u0648\u0642\u062a \u0627\u0644\u0642\u0631\u0627\u0621\u0629 \u0627\u0644\u0645\u064f\u0642\u062f\u0651\u0631\" \/>\n\t<meta name=\"twitter:data1\" content=\"\u062f\u0642\u064a\u0642\u062a\u0627\u0646\" \/>\n<script type=\"application\/ld+json\" class=\"yoast-schema-graph\">{\"@context\":\"https:\\\/\\\/schema.org\",\"@graph\":[{\"@type\":[\"WebPage\",\"ItemPage\"],\"@id\":\"https:\\\/\\\/vitablanca.ma\\\/produit\\\/pack-celimax-shot-tightening-serum-shot-tightening-booster-suncreen-spf-50-pa\\\/\",\"url\":\"https:\\\/\\\/vitablanca.ma\\\/produit\\\/pack-celimax-shot-tightening-serum-shot-tightening-booster-suncreen-spf-50-pa\\\/\",\"name\":\"PACK CELIMAX - SHOT TIGHTENING SERUM - Maroc Prix\",\"isPartOf\":{\"@id\":\"https:\\\/\\\/vitablanca.ma\\\/#website\"},\"primaryImageOfPage\":{\"@id\":\"https:\\\/\\\/vitablanca.ma\\\/produit\\\/pack-celimax-shot-tightening-serum-shot-tightening-booster-suncreen-spf-50-pa\\\/#primaryimage\"},\"image\":{\"@id\":\"https:\\\/\\\/vitablanca.ma\\\/produit\\\/pack-celimax-shot-tightening-serum-shot-tightening-booster-suncreen-spf-50-pa\\\/#primaryimage\"},\"thumbnailUrl\":\"https:\\\/\\\/vitablanca.ma\\\/wp-content\\\/uploads\\\/2026\\\/03\\\/PACK.jpg\",\"datePublished\":\"2026-03-02T03:17:54+00:00\",\"dateModified\":\"2026-03-07T19:33:53+00:00\",\"description\":\"Pack Celimax Shot Tightening : s\u00e9rum raffermissant, booster intensif et cr\u00e8me solaire SPF50+ PA+ pour lisser la peau, prot\u00e9ger efficacement contre les UV.\",\"breadcrumb\":{\"@id\":\"https:\\\/\\\/vitablanca.ma\\\/produit\\\/pack-celimax-shot-tightening-serum-shot-tightening-booster-suncreen-spf-50-pa\\\/#breadcrumb\"},\"inLanguage\":\"ar\",\"potentialAction\":[{\"@type\":\"ReadAction\",\"target\":[\"https:\\\/\\\/vitablanca.ma\\\/produit\\\/pack-celimax-shot-tightening-serum-shot-tightening-booster-suncreen-spf-50-pa\\\/\"]}]},{\"@type\":\"ImageObject\",\"inLanguage\":\"ar\",\"@id\":\"https:\\\/\\\/vitablanca.ma\\\/produit\\\/pack-celimax-shot-tightening-serum-shot-tightening-booster-suncreen-spf-50-pa\\\/#primaryimage\",\"url\":\"https:\\\/\\\/vitablanca.ma\\\/wp-content\\\/uploads\\\/2026\\\/03\\\/PACK.jpg\",\"contentUrl\":\"https:\\\/\\\/vitablanca.ma\\\/wp-content\\\/uploads\\\/2026\\\/03\\\/PACK.jpg\",\"width\":1080,\"height\":1080},{\"@type\":\"BreadcrumbList\",\"@id\":\"https:\\\/\\\/vitablanca.ma\\\/produit\\\/pack-celimax-shot-tightening-serum-shot-tightening-booster-suncreen-spf-50-pa\\\/#breadcrumb\",\"itemListElement\":[{\"@type\":\"ListItem\",\"position\":1,\"name\":\"Home\",\"item\":\"https:\\\/\\\/vitablanca.ma\\\/\"},{\"@type\":\"ListItem\",\"position\":2,\"name\":\"Tous Les Produits\",\"item\":\"https:\\\/\\\/vitablanca.ma\\\/tous-les-produits\\\/\"},{\"@type\":\"ListItem\",\"position\":3,\"name\":\"PACK CELIMAX &#8211; SHOT TIGHTENING SERUM + SHOT TIGHTENING BOOSTER + SUNCREEN SPF 50+ PA++++\"}]},{\"@type\":\"WebSite\",\"@id\":\"https:\\\/\\\/vitablanca.ma\\\/#website\",\"url\":\"https:\\\/\\\/vitablanca.ma\\\/\",\"name\":\"VitaBlanca.ma | Compl\u00e9ments alimentaires, sant\u00e9 & beaut\u00e9 au Maroc\",\"description\":\"vendre vitamines et compl\u00e9ments premium des USA &amp; Canada, Nouvelle Z\u00e9lande,Maroc (NOW Foods, Solgar, Manuka). Livraison rapide partout au Maroc.\",\"publisher\":{\"@id\":\"https:\\\/\\\/vitablanca.ma\\\/#organization\"},\"alternateName\":\"VitaBlanca.ma\",\"potentialAction\":[{\"@type\":\"SearchAction\",\"target\":{\"@type\":\"EntryPoint\",\"urlTemplate\":\"https:\\\/\\\/vitablanca.ma\\\/?s={search_term_string}\"},\"query-input\":{\"@type\":\"PropertyValueSpecification\",\"valueRequired\":true,\"valueName\":\"search_term_string\"}}],\"inLanguage\":\"ar\"},{\"@type\":\"Organization\",\"@id\":\"https:\\\/\\\/vitablanca.ma\\\/#organization\",\"name\":\"VitaBlanca\",\"url\":\"https:\\\/\\\/vitablanca.ma\\\/\",\"logo\":{\"@type\":\"ImageObject\",\"inLanguage\":\"ar\",\"@id\":\"https:\\\/\\\/vitablanca.ma\\\/#\\\/schema\\\/logo\\\/image\\\/\",\"url\":\"https:\\\/\\\/vitablanca.ma\\\/wp-content\\\/uploads\\\/2025\\\/05\\\/cropped-vitablanca.png\",\"contentUrl\":\"https:\\\/\\\/vitablanca.ma\\\/wp-content\\\/uploads\\\/2025\\\/05\\\/cropped-vitablanca.png\",\"width\":360,\"height\":67,\"caption\":\"VitaBlanca\"},\"image\":{\"@id\":\"https:\\\/\\\/vitablanca.ma\\\/#\\\/schema\\\/logo\\\/image\\\/\"},\"sameAs\":[\"https:\\\/\\\/www.facebook.com\\\/profile.php?id=61576678196717\",\"https:\\\/\\\/www.tiktok.com\\\/@vitablanca.ma\",\"https:\\\/\\\/www.instagram.com\\\/vitablanca.ma\\\/\"]}]}<\/script>\n<!-- \/ Yoast SEO plugin. -->","yoast_head_json":{"title":"PACK CELIMAX - SHOT TIGHTENING SERUM - Maroc Prix","description":"Pack Celimax Shot Tightening : s\u00e9rum raffermissant, booster intensif et cr\u00e8me solaire SPF50+ PA+ pour lisser la peau, prot\u00e9ger efficacement contre les UV.","robots":{"index":"index","follow":"follow","max-snippet":"max-snippet:-1","max-image-preview":"max-image-preview:large","max-video-preview":"max-video-preview:-1"},"canonical":"https:\/\/vitablanca.ma\/ar\/product-2\/pack-celimax-shot-tightening-serum-shot-tightening-booster-suncreen-spf-50-pa\/","og_locale":"ar_AR","og_type":"article","og_title":"PACK CELIMAX - SHOT TIGHTENING SERUM - Maroc Prix","og_description":"Pack Celimax Shot Tightening : s\u00e9rum raffermissant, booster intensif et cr\u00e8me solaire SPF50+ PA+ pour lisser la peau, prot\u00e9ger efficacement contre les UV.","og_url":"https:\/\/vitablanca.ma\/ar\/product-2\/pack-celimax-shot-tightening-serum-shot-tightening-booster-suncreen-spf-50-pa\/","og_site_name":"Vitablanca.ma &ndash; Sant&eacute;, vitalit&eacute; et bien-&ecirc;tre pour tous les Marocains","article_publisher":"https:\/\/www.facebook.com\/profile.php?id=61576678196717","article_modified_time":"2026-03-07T19:33:53+00:00","og_image":[{"width":1080,"height":1080,"url":"https:\/\/vitablanca.ma\/wp-content\/uploads\/2026\/03\/PACK.jpg","type":"image\/jpeg"}],"twitter_card":"summary_large_image","twitter_misc":{"\u0648\u0642\u062a \u0627\u0644\u0642\u0631\u0627\u0621\u0629 \u0627\u0644\u0645\u064f\u0642\u062f\u0651\u0631":"\u062f\u0642\u064a\u0642\u062a\u0627\u0646"},"schema":{"@context":"https:\/\/schema.org","@graph":[{"@type":["WebPage","ItemPage"],"@id":"https:\/\/vitablanca.ma\/produit\/pack-celimax-shot-tightening-serum-shot-tightening-booster-suncreen-spf-50-pa\/","url":"https:\/\/vitablanca.ma\/produit\/pack-celimax-shot-tightening-serum-shot-tightening-booster-suncreen-spf-50-pa\/","name":"PACK CELIMAX - SHOT TIGHTENING SERUM - Maroc Prix","isPartOf":{"@id":"https:\/\/vitablanca.ma\/#website"},"primaryImageOfPage":{"@id":"https:\/\/vitablanca.ma\/produit\/pack-celimax-shot-tightening-serum-shot-tightening-booster-suncreen-spf-50-pa\/#primaryimage"},"image":{"@id":"https:\/\/vitablanca.ma\/produit\/pack-celimax-shot-tightening-serum-shot-tightening-booster-suncreen-spf-50-pa\/#primaryimage"},"thumbnailUrl":"https:\/\/vitablanca.ma\/wp-content\/uploads\/2026\/03\/PACK.jpg","datePublished":"2026-03-02T03:17:54+00:00","dateModified":"2026-03-07T19:33:53+00:00","description":"Pack Celimax Shot Tightening : s\u00e9rum raffermissant, booster intensif et cr\u00e8me solaire SPF50+ PA+ pour lisser la peau, prot\u00e9ger efficacement contre les UV.","breadcrumb":{"@id":"https:\/\/vitablanca.ma\/produit\/pack-celimax-shot-tightening-serum-shot-tightening-booster-suncreen-spf-50-pa\/#breadcrumb"},"inLanguage":"ar","potentialAction":[{"@type":"ReadAction","target":["https:\/\/vitablanca.ma\/produit\/pack-celimax-shot-tightening-serum-shot-tightening-booster-suncreen-spf-50-pa\/"]}]},{"@type":"ImageObject","inLanguage":"ar","@id":"https:\/\/vitablanca.ma\/produit\/pack-celimax-shot-tightening-serum-shot-tightening-booster-suncreen-spf-50-pa\/#primaryimage","url":"https:\/\/vitablanca.ma\/wp-content\/uploads\/2026\/03\/PACK.jpg","contentUrl":"https:\/\/vitablanca.ma\/wp-content\/uploads\/2026\/03\/PACK.jpg","width":1080,"height":1080},{"@type":"BreadcrumbList","@id":"https:\/\/vitablanca.ma\/produit\/pack-celimax-shot-tightening-serum-shot-tightening-booster-suncreen-spf-50-pa\/#breadcrumb","itemListElement":[{"@type":"ListItem","position":1,"name":"Home","item":"https:\/\/vitablanca.ma\/"},{"@type":"ListItem","position":2,"name":"Tous Les Produits","item":"https:\/\/vitablanca.ma\/tous-les-produits\/"},{"@type":"ListItem","position":3,"name":"PACK CELIMAX &#8211; SHOT TIGHTENING SERUM + SHOT TIGHTENING BOOSTER + SUNCREEN SPF 50+ PA++++"}]},{"@type":"WebSite","@id":"https:\/\/vitablanca.ma\/#website","url":"https:\/\/vitablanca.ma\/","name":"VitaBlanca.ma | \u0627\u0644\u0645\u0643\u0645\u0644\u0627\u062a \u0627\u0644\u063a\u0630\u0627\u0626\u064a\u0629\u060c \u0627\u0644\u0635\u062d\u0629 \u0648\u0627\u0644\u062c\u0645\u0627\u0644 \u0641\u064a \u0627\u0644\u0645\u063a\u0631\u0628","description":"\u0646\u0628\u064a\u0639 \u0641\u064a\u062a\u0627\u0645\u064a\u0646\u0627\u062a \u0648\u0645\u0643\u0645\u0644\u0627\u062a \u063a\u0630\u0627\u0626\u064a\u0629 \u0641\u0627\u062e\u0631\u0629 \u0645\u0646 \u0627\u0644\u0648\u0644\u0627\u064a\u0627\u062a \u0627\u0644\u0645\u062a\u062d\u062f\u0629 \u0627\u0644\u0623\u0645\u0631\u064a\u0643\u064a\u0629 \u0648\u0643\u0646\u062f\u0627 \u0648\u0646\u064a\u0648\u0632\u064a\u0644\u0646\u062f\u0627 \u0648\u0627\u0644\u0645\u063a\u0631\u0628 (\u0646\u0627\u0648 \u0641\u0648\u062f\u0632\u060c \u0633\u0648\u0644\u062c\u0627\u0631\u060c \u0645\u0627\u0646\u0648\u0643\u0627). \u062a\u0648\u0635\u064a\u0644 \u0633\u0631\u064a\u0639 \u0625\u0644\u0649 \u062c\u0645\u064a\u0639 \u0623\u0646\u062d\u0627\u0621 \u0627\u0644\u0645\u063a\u0631\u0628.","publisher":{"@id":"https:\/\/vitablanca.ma\/#organization"},"alternateName":"VitaBlanca.ma","potentialAction":[{"@type":"SearchAction","target":{"@type":"EntryPoint","urlTemplate":"https:\/\/vitablanca.ma\/?s={search_term_string}"},"query-input":{"@type":"PropertyValueSpecification","valueRequired":true,"valueName":"search_term_string"}}],"inLanguage":"ar"},{"@type":"Organization","@id":"https:\/\/vitablanca.ma\/#organization","name":"\u0641\u064a\u062a\u0627\u0628\u0644\u0627\u0646\u0643\u0627","url":"https:\/\/vitablanca.ma\/","logo":{"@type":"ImageObject","inLanguage":"ar","@id":"https:\/\/vitablanca.ma\/#\/schema\/logo\/image\/","url":"https:\/\/vitablanca.ma\/wp-content\/uploads\/2025\/05\/cropped-vitablanca.png","contentUrl":"https:\/\/vitablanca.ma\/wp-content\/uploads\/2025\/05\/cropped-vitablanca.png","width":360,"height":67,"caption":"VitaBlanca"},"image":{"@id":"https:\/\/vitablanca.ma\/#\/schema\/logo\/image\/"},"sameAs":["https:\/\/www.facebook.com\/profile.php?id=61576678196717","https:\/\/www.tiktok.com\/@vitablanca.ma","https:\/\/www.instagram.com\/vitablanca.ma\/"]}]}},"jetpack_sharing_enabled":true,"_links":{"self":[{"href":"https:\/\/vitablanca.ma\/ar\/wp-json\/wp\/v2\/product\/30713","targetHints":{"allow":["GET"]}}],"collection":[{"href":"https:\/\/vitablanca.ma\/ar\/wp-json\/wp\/v2\/product"}],"about":[{"href":"https:\/\/vitablanca.ma\/ar\/wp-json\/wp\/v2\/types\/product"}],"wp:featuredmedia":[{"embeddable":true,"href":"https:\/\/vitablanca.ma\/ar\/wp-json\/wp\/v2\/media\/30705"}],"wp:attachment":[{"href":"https:\/\/vitablanca.ma\/ar\/wp-json\/wp\/v2\/media?parent=30713"}],"wp:term":[{"taxonomy":"product_brand","embeddable":true,"href":"https:\/\/vitablanca.ma\/ar\/wp-json\/wp\/v2\/product_brand?post=30713"},{"taxonomy":"product_cat","embeddable":true,"href":"https:\/\/vitablanca.ma\/ar\/wp-json\/wp\/v2\/product_cat?post=30713"},{"taxonomy":"product_tag","embeddable":true,"href":"https:\/\/vitablanca.ma\/ar\/wp-json\/wp\/v2\/product_tag?post=30713"}],"curies":[{"name":"wp","href":"https:\/\/api.w.org\/{rel}","templated":true}]}}