{"id":30697,"date":"2026-03-02T03:17:33","date_gmt":"2026-03-02T03:17:33","guid":{"rendered":"https:\/\/vitablanca.ma\/produit\/celimax-retinol-shot-tightening-serum-30-ml\/"},"modified":"2026-03-07T19:38:30","modified_gmt":"2026-03-07T19:38:30","slug":"celimax-retinol-shot-tightening-serum-30-ml","status":"publish","type":"product","link":"https:\/\/vitablanca.ma\/ar\/product-2\/celimax-retinol-shot-tightening-serum-30-ml\/","title":{"rendered":"CELIMAX &#8211; RETINOL SHOT TIGHTENING SERUM &#8211; 30 ml"},"content":{"rendered":"<p><strong>Le S\u00e9rum Raffermissant Celimax THE VITA-A Retinol Shot est un S\u00e9rum<\/strong> au r\u00e9tinol infus\u00e9 de 0,1 % de r\u00e9tinol pur. Gr\u00e2ce \u00e0 l&rsquo;A-Shot, con\u00e7u pour p\u00e9n\u00e9trer directement dans les pores et am\u00e9liorer l&rsquo;absorption, le r\u00e9tinol p\u00e9n\u00e8tre en profondeur pour cibler les rides et les pores dilat\u00e9s, contribuant ainsi \u00e0 une peau lisse et ferme.<\/p>\n<p>Soin innovant \u00e0 base de r\u00e9tinol pur et d&rsquo;un complexe peptidique pour traiter les probl\u00e8mes de peau tels que les rides, les imperfections et les pores dilat\u00e9s. Un ingr\u00e9dient microparticulaire raffin\u00e9, 16 fois plus fin que les pores, est con\u00e7u pour p\u00e9n\u00e9trer directement dans les pores et am\u00e9liorer l&rsquo;absorption des ingr\u00e9dients actifs.<\/p>\n<p>Le r\u00e9tinol \u00e0 la vitamine A pure, et non un d\u00e9riv\u00e9 du r\u00e9tinol, est un ingr\u00e9dient hautement efficace qui am\u00e9liore les rides et les pores caus\u00e9s par la perte d&rsquo;\u00e9lasticit\u00e9 cutan\u00e9e. 9 peptides fonctionnels diff\u00e9rents agissent ensemble pour am\u00e9liorer l&rsquo;\u00e9lasticit\u00e9 et maintenir la peau lisse et ferme.<\/p>\n<p><strong>\u0641\u0648\u0627\u0626\u062f:<\/strong><\/p>\n<p>Un s\u00e9rum anti-\u00e2ge formul\u00e9 avec 0,1 % de r\u00e9tinol pur et un complexe de 9 peptides qui am\u00e9liorent l\u2019\u00e9lasticit\u00e9 de la peau et pr\u00e9viennent l\u2019apparition des rides et ridules.<br \/>\nContient 162 000 A-Shot\u2122, une fine particule qui stimule les peaux ternes et favorise l\u2019absorption des actifs.<br \/>\nHydrate intens\u00e9ment la peau gr\u00e2ce \u00e0 1 % de panth\u00e9nol, de vitamine E et d\u2019allanto\u00efne.<br \/>\nCe s\u00e9rum hautement concentr\u00e9 p\u00e9n\u00e8tre la peau avec une l\u00e9g\u00e8re sensation de picotement et laisse un fini rafra\u00eechissant et hydratant sans effet collant.<\/p>\n<p>Hypoallerg\u00e9nique et approuv\u00e9 dermatologiquement pour les peaux sensibles.<\/p>\n<p><strong>\u0627\u0644\u062a\u063a\u0644\u064a\u0641:<\/strong> 30 \u0645\u0644<\/p>","protected":false},"excerpt":{"rendered":"<p>Le S\u00e9rum Raffermissant Celimax THE VITA-A Retinol Shot est un S\u00e9rum au r\u00e9tinol infus\u00e9 de 0,1 % de r\u00e9tinol pur. Gr\u00e2ce \u00e0 l&rsquo;A-Shot, con\u00e7u pour p\u00e9n\u00e9trer directement dans les pores et am\u00e9liorer l&rsquo;absorption, le r\u00e9tinol p\u00e9n\u00e8tre en profondeur pour cibler les rides et les pores dilat\u00e9s, contribuant ainsi \u00e0 une peau lisse et ferme. Soin [&hellip;]<\/p>\n","protected":false},"featured_media":30688,"template":"","meta":{"om_disable_all_campaigns":false},"product_brand":[7136],"product_cat":[18,15,1117],"product_tag":[11258,11257,11235,11262,11263,11261,11260,11265,11254,11243,11259,11264],"class_list":{"0":"post-30697","1":"product","2":"type-product","3":"status-publish","4":"has-post-thumbnail","6":"product_brand-celimax","7":"product_cat-beaute-sante","8":"product_cat-beaute-sante-complements-alimentaires-soins-et-bien-etre-au-meilleur-prix","9":"product_cat-korean-skin-care","10":"product_tag-celimax-retinol-serum","11":"product_tag-celimax-retinol-shot-tightening-serum","12":"product_tag-celimax-skincare","13":"product_tag-retinol-skincare-k-beauty","14":"product_tag-serum-anti-age-30ml","15":"product_tag-serum-anti-age-coreen","16":"product_tag-serum-anti-rides-retinol","17":"product_tag-serum-lissant-visage","18":"product_tag-serum-pores-dilates","19":"product_tag-serum-raffermissant-visage","20":"product_tag-serum-retinol-visage","21":"product_tag-soin-visage-retinol","23":"first","24":"instock","25":"taxable","26":"shipping-taxable","27":"purchasable","28":"product-type-simple"},"yoast_head":"<!-- This site is optimized with the Yoast SEO plugin v27.4 - https:\/\/yoast.com\/product\/yoast-seo-wordpress\/ -->\n<title>CELIMAX - RETINOL SHOT TIGHTENING - 30 ml - Maroc Prix<\/title>\n<meta name=\"description\" content=\"Le s\u00e9rum Celimax Retinol Shot Tightening Serum 30ml aide \u00e0 lisser les rides, am\u00e9liorer l\u2019\u00e9lasticit\u00e9 de la peau et affiner les pores gr\u00e2ce au r\u00e9tinol .\" \/>\n<meta name=\"robots\" content=\"index, follow, max-snippet:-1, max-image-preview:large, max-video-preview:-1\" \/>\n<link rel=\"canonical\" href=\"https:\/\/vitablanca.ma\/ar\/product-2\/celimax-retinol-shot-tightening-serum-30-ml\/\" \/>\n<meta property=\"og:locale\" content=\"ar_AR\" \/>\n<meta property=\"og:type\" content=\"article\" \/>\n<meta property=\"og:title\" content=\"CELIMAX - RETINOL SHOT TIGHTENING - 30 ml - Maroc Prix\" \/>\n<meta property=\"og:description\" content=\"Le s\u00e9rum Celimax Retinol Shot Tightening Serum 30ml aide \u00e0 lisser les rides, am\u00e9liorer l\u2019\u00e9lasticit\u00e9 de la peau et affiner les pores gr\u00e2ce au r\u00e9tinol .\" \/>\n<meta property=\"og:url\" content=\"https:\/\/vitablanca.ma\/ar\/product-2\/celimax-retinol-shot-tightening-serum-30-ml\/\" \/>\n<meta property=\"og:site_name\" content=\"Vitablanca.ma &ndash; Sant&eacute;, vitalit&eacute; et bien-&ecirc;tre pour tous les Marocains\" \/>\n<meta property=\"article:publisher\" content=\"https:\/\/www.facebook.com\/profile.php?id=61576678196717\" \/>\n<meta property=\"article:modified_time\" content=\"2026-03-07T19:38:30+00:00\" \/>\n<meta property=\"og:image\" content=\"https:\/\/vitablanca.ma\/wp-content\/uploads\/2026\/03\/CELIMAX-RETINOLSHOTTIGHTENINGSERUM-30ml2.jpg\" \/>\n\t<meta property=\"og:image:width\" content=\"1080\" \/>\n\t<meta property=\"og:image:height\" content=\"1080\" \/>\n\t<meta property=\"og:image:type\" content=\"image\/jpeg\" \/>\n<meta name=\"twitter:card\" content=\"summary_large_image\" \/>\n<meta name=\"twitter:label1\" content=\"\u0648\u0642\u062a \u0627\u0644\u0642\u0631\u0627\u0621\u0629 \u0627\u0644\u0645\u064f\u0642\u062f\u0651\u0631\" \/>\n\t<meta name=\"twitter:data1\" content=\"\u062f\u0642\u064a\u0642\u062a\u0627\u0646\" \/>\n<script type=\"application\/ld+json\" class=\"yoast-schema-graph\">{\"@context\":\"https:\\\/\\\/schema.org\",\"@graph\":[{\"@type\":[\"WebPage\",\"ItemPage\"],\"@id\":\"https:\\\/\\\/vitablanca.ma\\\/produit\\\/celimax-retinol-shot-tightening-serum-30-ml\\\/\",\"url\":\"https:\\\/\\\/vitablanca.ma\\\/produit\\\/celimax-retinol-shot-tightening-serum-30-ml\\\/\",\"name\":\"CELIMAX - RETINOL SHOT TIGHTENING - 30 ml - Maroc Prix\",\"isPartOf\":{\"@id\":\"https:\\\/\\\/vitablanca.ma\\\/#website\"},\"primaryImageOfPage\":{\"@id\":\"https:\\\/\\\/vitablanca.ma\\\/produit\\\/celimax-retinol-shot-tightening-serum-30-ml\\\/#primaryimage\"},\"image\":{\"@id\":\"https:\\\/\\\/vitablanca.ma\\\/produit\\\/celimax-retinol-shot-tightening-serum-30-ml\\\/#primaryimage\"},\"thumbnailUrl\":\"https:\\\/\\\/vitablanca.ma\\\/wp-content\\\/uploads\\\/2026\\\/03\\\/CELIMAX-RETINOLSHOTTIGHTENINGSERUM-30ml2.jpg\",\"datePublished\":\"2026-03-02T03:17:33+00:00\",\"dateModified\":\"2026-03-07T19:38:30+00:00\",\"description\":\"Le s\u00e9rum Celimax Retinol Shot Tightening Serum 30ml aide \u00e0 lisser les rides, am\u00e9liorer l\u2019\u00e9lasticit\u00e9 de la peau et affiner les pores gr\u00e2ce au r\u00e9tinol .\",\"breadcrumb\":{\"@id\":\"https:\\\/\\\/vitablanca.ma\\\/produit\\\/celimax-retinol-shot-tightening-serum-30-ml\\\/#breadcrumb\"},\"inLanguage\":\"ar\",\"potentialAction\":[{\"@type\":\"ReadAction\",\"target\":[\"https:\\\/\\\/vitablanca.ma\\\/produit\\\/celimax-retinol-shot-tightening-serum-30-ml\\\/\"]}]},{\"@type\":\"ImageObject\",\"inLanguage\":\"ar\",\"@id\":\"https:\\\/\\\/vitablanca.ma\\\/produit\\\/celimax-retinol-shot-tightening-serum-30-ml\\\/#primaryimage\",\"url\":\"https:\\\/\\\/vitablanca.ma\\\/wp-content\\\/uploads\\\/2026\\\/03\\\/CELIMAX-RETINOLSHOTTIGHTENINGSERUM-30ml2.jpg\",\"contentUrl\":\"https:\\\/\\\/vitablanca.ma\\\/wp-content\\\/uploads\\\/2026\\\/03\\\/CELIMAX-RETINOLSHOTTIGHTENINGSERUM-30ml2.jpg\",\"width\":1080,\"height\":1080},{\"@type\":\"BreadcrumbList\",\"@id\":\"https:\\\/\\\/vitablanca.ma\\\/produit\\\/celimax-retinol-shot-tightening-serum-30-ml\\\/#breadcrumb\",\"itemListElement\":[{\"@type\":\"ListItem\",\"position\":1,\"name\":\"Home\",\"item\":\"https:\\\/\\\/vitablanca.ma\\\/\"},{\"@type\":\"ListItem\",\"position\":2,\"name\":\"Tous Les Produits\",\"item\":\"https:\\\/\\\/vitablanca.ma\\\/tous-les-produits\\\/\"},{\"@type\":\"ListItem\",\"position\":3,\"name\":\"CELIMAX &#8211; RETINOL SHOT TIGHTENING SERUM &#8211; 30 ml\"}]},{\"@type\":\"WebSite\",\"@id\":\"https:\\\/\\\/vitablanca.ma\\\/#website\",\"url\":\"https:\\\/\\\/vitablanca.ma\\\/\",\"name\":\"VitaBlanca.ma | Compl\u00e9ments alimentaires, sant\u00e9 & beaut\u00e9 au Maroc\",\"description\":\"vendre vitamines et compl\u00e9ments premium des USA &amp; Canada, Nouvelle Z\u00e9lande,Maroc (NOW Foods, Solgar, Manuka). Livraison rapide partout au Maroc.\",\"publisher\":{\"@id\":\"https:\\\/\\\/vitablanca.ma\\\/#organization\"},\"alternateName\":\"VitaBlanca.ma\",\"potentialAction\":[{\"@type\":\"SearchAction\",\"target\":{\"@type\":\"EntryPoint\",\"urlTemplate\":\"https:\\\/\\\/vitablanca.ma\\\/?s={search_term_string}\"},\"query-input\":{\"@type\":\"PropertyValueSpecification\",\"valueRequired\":true,\"valueName\":\"search_term_string\"}}],\"inLanguage\":\"ar\"},{\"@type\":\"Organization\",\"@id\":\"https:\\\/\\\/vitablanca.ma\\\/#organization\",\"name\":\"VitaBlanca\",\"url\":\"https:\\\/\\\/vitablanca.ma\\\/\",\"logo\":{\"@type\":\"ImageObject\",\"inLanguage\":\"ar\",\"@id\":\"https:\\\/\\\/vitablanca.ma\\\/#\\\/schema\\\/logo\\\/image\\\/\",\"url\":\"https:\\\/\\\/vitablanca.ma\\\/wp-content\\\/uploads\\\/2025\\\/05\\\/cropped-vitablanca.png\",\"contentUrl\":\"https:\\\/\\\/vitablanca.ma\\\/wp-content\\\/uploads\\\/2025\\\/05\\\/cropped-vitablanca.png\",\"width\":360,\"height\":67,\"caption\":\"VitaBlanca\"},\"image\":{\"@id\":\"https:\\\/\\\/vitablanca.ma\\\/#\\\/schema\\\/logo\\\/image\\\/\"},\"sameAs\":[\"https:\\\/\\\/www.facebook.com\\\/profile.php?id=61576678196717\",\"https:\\\/\\\/www.tiktok.com\\\/@vitablanca.ma\",\"https:\\\/\\\/www.instagram.com\\\/vitablanca.ma\\\/\"]}]}<\/script>\n<!-- \/ Yoast SEO plugin. -->","yoast_head_json":{"title":"CELIMAX - RETINOL SHOT TIGHTENING - 30 ml - Maroc Prix","description":"Le s\u00e9rum Celimax Retinol Shot Tightening Serum 30ml aide \u00e0 lisser les rides, am\u00e9liorer l\u2019\u00e9lasticit\u00e9 de la peau et affiner les pores gr\u00e2ce au r\u00e9tinol .","robots":{"index":"index","follow":"follow","max-snippet":"max-snippet:-1","max-image-preview":"max-image-preview:large","max-video-preview":"max-video-preview:-1"},"canonical":"https:\/\/vitablanca.ma\/ar\/product-2\/celimax-retinol-shot-tightening-serum-30-ml\/","og_locale":"ar_AR","og_type":"article","og_title":"CELIMAX - RETINOL SHOT TIGHTENING - 30 ml - Maroc Prix","og_description":"Le s\u00e9rum Celimax Retinol Shot Tightening Serum 30ml aide \u00e0 lisser les rides, am\u00e9liorer l\u2019\u00e9lasticit\u00e9 de la peau et affiner les pores gr\u00e2ce au r\u00e9tinol .","og_url":"https:\/\/vitablanca.ma\/ar\/product-2\/celimax-retinol-shot-tightening-serum-30-ml\/","og_site_name":"Vitablanca.ma &ndash; Sant&eacute;, vitalit&eacute; et bien-&ecirc;tre pour tous les Marocains","article_publisher":"https:\/\/www.facebook.com\/profile.php?id=61576678196717","article_modified_time":"2026-03-07T19:38:30+00:00","og_image":[{"width":1080,"height":1080,"url":"https:\/\/vitablanca.ma\/wp-content\/uploads\/2026\/03\/CELIMAX-RETINOLSHOTTIGHTENINGSERUM-30ml2.jpg","type":"image\/jpeg"}],"twitter_card":"summary_large_image","twitter_misc":{"\u0648\u0642\u062a \u0627\u0644\u0642\u0631\u0627\u0621\u0629 \u0627\u0644\u0645\u064f\u0642\u062f\u0651\u0631":"\u062f\u0642\u064a\u0642\u062a\u0627\u0646"},"schema":{"@context":"https:\/\/schema.org","@graph":[{"@type":["WebPage","ItemPage"],"@id":"https:\/\/vitablanca.ma\/produit\/celimax-retinol-shot-tightening-serum-30-ml\/","url":"https:\/\/vitablanca.ma\/produit\/celimax-retinol-shot-tightening-serum-30-ml\/","name":"CELIMAX - RETINOL SHOT TIGHTENING - 30 ml - Maroc Prix","isPartOf":{"@id":"https:\/\/vitablanca.ma\/#website"},"primaryImageOfPage":{"@id":"https:\/\/vitablanca.ma\/produit\/celimax-retinol-shot-tightening-serum-30-ml\/#primaryimage"},"image":{"@id":"https:\/\/vitablanca.ma\/produit\/celimax-retinol-shot-tightening-serum-30-ml\/#primaryimage"},"thumbnailUrl":"https:\/\/vitablanca.ma\/wp-content\/uploads\/2026\/03\/CELIMAX-RETINOLSHOTTIGHTENINGSERUM-30ml2.jpg","datePublished":"2026-03-02T03:17:33+00:00","dateModified":"2026-03-07T19:38:30+00:00","description":"Le s\u00e9rum Celimax Retinol Shot Tightening Serum 30ml aide \u00e0 lisser les rides, am\u00e9liorer l\u2019\u00e9lasticit\u00e9 de la peau et affiner les pores gr\u00e2ce au r\u00e9tinol .","breadcrumb":{"@id":"https:\/\/vitablanca.ma\/produit\/celimax-retinol-shot-tightening-serum-30-ml\/#breadcrumb"},"inLanguage":"ar","potentialAction":[{"@type":"ReadAction","target":["https:\/\/vitablanca.ma\/produit\/celimax-retinol-shot-tightening-serum-30-ml\/"]}]},{"@type":"ImageObject","inLanguage":"ar","@id":"https:\/\/vitablanca.ma\/produit\/celimax-retinol-shot-tightening-serum-30-ml\/#primaryimage","url":"https:\/\/vitablanca.ma\/wp-content\/uploads\/2026\/03\/CELIMAX-RETINOLSHOTTIGHTENINGSERUM-30ml2.jpg","contentUrl":"https:\/\/vitablanca.ma\/wp-content\/uploads\/2026\/03\/CELIMAX-RETINOLSHOTTIGHTENINGSERUM-30ml2.jpg","width":1080,"height":1080},{"@type":"BreadcrumbList","@id":"https:\/\/vitablanca.ma\/produit\/celimax-retinol-shot-tightening-serum-30-ml\/#breadcrumb","itemListElement":[{"@type":"ListItem","position":1,"name":"Home","item":"https:\/\/vitablanca.ma\/"},{"@type":"ListItem","position":2,"name":"Tous Les Produits","item":"https:\/\/vitablanca.ma\/tous-les-produits\/"},{"@type":"ListItem","position":3,"name":"CELIMAX &#8211; RETINOL SHOT TIGHTENING SERUM &#8211; 30 ml"}]},{"@type":"WebSite","@id":"https:\/\/vitablanca.ma\/#website","url":"https:\/\/vitablanca.ma\/","name":"VitaBlanca.ma | \u0627\u0644\u0645\u0643\u0645\u0644\u0627\u062a \u0627\u0644\u063a\u0630\u0627\u0626\u064a\u0629\u060c \u0627\u0644\u0635\u062d\u0629 \u0648\u0627\u0644\u062c\u0645\u0627\u0644 \u0641\u064a \u0627\u0644\u0645\u063a\u0631\u0628","description":"\u0646\u0628\u064a\u0639 \u0641\u064a\u062a\u0627\u0645\u064a\u0646\u0627\u062a \u0648\u0645\u0643\u0645\u0644\u0627\u062a \u063a\u0630\u0627\u0626\u064a\u0629 \u0641\u0627\u062e\u0631\u0629 \u0645\u0646 \u0627\u0644\u0648\u0644\u0627\u064a\u0627\u062a \u0627\u0644\u0645\u062a\u062d\u062f\u0629 \u0627\u0644\u0623\u0645\u0631\u064a\u0643\u064a\u0629 \u0648\u0643\u0646\u062f\u0627 \u0648\u0646\u064a\u0648\u0632\u064a\u0644\u0646\u062f\u0627 \u0648\u0627\u0644\u0645\u063a\u0631\u0628 (\u0646\u0627\u0648 \u0641\u0648\u062f\u0632\u060c \u0633\u0648\u0644\u062c\u0627\u0631\u060c \u0645\u0627\u0646\u0648\u0643\u0627). \u062a\u0648\u0635\u064a\u0644 \u0633\u0631\u064a\u0639 \u0625\u0644\u0649 \u062c\u0645\u064a\u0639 \u0623\u0646\u062d\u0627\u0621 \u0627\u0644\u0645\u063a\u0631\u0628.","publisher":{"@id":"https:\/\/vitablanca.ma\/#organization"},"alternateName":"VitaBlanca.ma","potentialAction":[{"@type":"SearchAction","target":{"@type":"EntryPoint","urlTemplate":"https:\/\/vitablanca.ma\/?s={search_term_string}"},"query-input":{"@type":"PropertyValueSpecification","valueRequired":true,"valueName":"search_term_string"}}],"inLanguage":"ar"},{"@type":"Organization","@id":"https:\/\/vitablanca.ma\/#organization","name":"\u0641\u064a\u062a\u0627\u0628\u0644\u0627\u0646\u0643\u0627","url":"https:\/\/vitablanca.ma\/","logo":{"@type":"ImageObject","inLanguage":"ar","@id":"https:\/\/vitablanca.ma\/#\/schema\/logo\/image\/","url":"https:\/\/vitablanca.ma\/wp-content\/uploads\/2025\/05\/cropped-vitablanca.png","contentUrl":"https:\/\/vitablanca.ma\/wp-content\/uploads\/2025\/05\/cropped-vitablanca.png","width":360,"height":67,"caption":"VitaBlanca"},"image":{"@id":"https:\/\/vitablanca.ma\/#\/schema\/logo\/image\/"},"sameAs":["https:\/\/www.facebook.com\/profile.php?id=61576678196717","https:\/\/www.tiktok.com\/@vitablanca.ma","https:\/\/www.instagram.com\/vitablanca.ma\/"]}]}},"jetpack_sharing_enabled":true,"_links":{"self":[{"href":"https:\/\/vitablanca.ma\/ar\/wp-json\/wp\/v2\/product\/30697","targetHints":{"allow":["GET"]}}],"collection":[{"href":"https:\/\/vitablanca.ma\/ar\/wp-json\/wp\/v2\/product"}],"about":[{"href":"https:\/\/vitablanca.ma\/ar\/wp-json\/wp\/v2\/types\/product"}],"wp:featuredmedia":[{"embeddable":true,"href":"https:\/\/vitablanca.ma\/ar\/wp-json\/wp\/v2\/media\/30688"}],"wp:attachment":[{"href":"https:\/\/vitablanca.ma\/ar\/wp-json\/wp\/v2\/media?parent=30697"}],"wp:term":[{"taxonomy":"product_brand","embeddable":true,"href":"https:\/\/vitablanca.ma\/ar\/wp-json\/wp\/v2\/product_brand?post=30697"},{"taxonomy":"product_cat","embeddable":true,"href":"https:\/\/vitablanca.ma\/ar\/wp-json\/wp\/v2\/product_cat?post=30697"},{"taxonomy":"product_tag","embeddable":true,"href":"https:\/\/vitablanca.ma\/ar\/wp-json\/wp\/v2\/product_tag?post=30697"}],"curies":[{"name":"wp","href":"https:\/\/api.w.org\/{rel}","templated":true}]}}