{"id":30680,"date":"2026-03-02T03:17:09","date_gmt":"2026-03-02T03:17:09","guid":{"rendered":"https:\/\/vitablanca.ma\/produit\/celimax-pore-dark-spot-brightening-cream-35-ml\/"},"modified":"2026-03-07T19:43:48","modified_gmt":"2026-03-07T19:43:48","slug":"celimax-pore-dark-spot-brightening-cream-35-ml","status":"publish","type":"product","link":"https:\/\/vitablanca.ma\/ar\/product-2\/celimax-pore-dark-spot-brightening-cream-35-ml\/","title":{"rendered":"CELIMAX PORE + DARK SPOT BRIGHTENING CREAM &#8211; 35 ml"},"content":{"rendered":"<p class=\"MsoNormal\"><span style=\"font-family: 'Arial','sans-serif'; color: black; background: #FFF8FD;\">La\u00a0<\/span><strong style=\"text-align: start;\" data-end=\"1386\" data-start=\"1348\"><span style=\"font-family: 'Arial','sans-serif';\">Pore + Dark Spot Brightening Cream<\/span><\/strong><span style=\"text-align: start; float: none;\">\u00a0est une cr\u00e8me correctrice sp\u00e9cialement formul\u00e9e pour estomper les taches pigmentaires, uniformiser le teint et resserrer les pores. Sa combinaison puissante de niacinamide, acide tranexamique et madecassoside am\u00e9liore visiblement la texture et r\u00e9duit les imperfections persistantes, tout en prot\u00e9geant la barri\u00e8re cutan\u00e9e gr\u00e2ce aux c\u00e9ramides.<\/span><\/p>\n<h3 style=\"background: #FFF8FD;\"><strong><span style=\"font-size: 11.0pt; line-height: 107%; font-family: 'Arial','sans-serif'; color: black;\">Formule (principaux ingr\u00e9dients)<\/span><\/strong><\/h3>\n<ul>\n<li><!-- [if !supportLists]--><span style=\"font-size: 11.0pt; font-family: 'Arial','sans-serif'; color: black;\">Niacinamide 5%<\/span><\/li>\n<li><!-- [if !supportLists]--><span style=\"font-size: 11.0pt; font-family: 'Arial','sans-serif'; color: black;\">Acide Tranexamique 5%<\/span><\/li>\n<li><span style=\"font-size: 10.0pt; font-family: Symbol; color: black;\"><span style=\"font: 7.0pt 'Times New Roman';\">\u00a0<\/span><\/span><!--[endif]--><span style=\"font-size: 11.0pt; font-family: 'Arial','sans-serif'; color: black;\">Madecassoside V12 1%<\/span><\/li>\n<li><!-- [if !supportLists]--><span style=\"font-size: 11.0pt; font-family: 'Arial','sans-serif'; color: black;\">C\u00e9ramide NP 0,1%<\/span><!-- [if !supportLists]--><span style=\"font-size: 11.0pt; font-family: 'Arial','sans-serif'; color: black;\">\u00a0<\/span><\/li>\n<\/ul>\n<h3 style=\"background: #FFF8FD;\"><strong><span style=\"font-size: 11.0pt; line-height: 107%; font-family: 'Arial','sans-serif'; color: black;\">Utilisation<\/span><\/strong><\/h3>\n<p style=\"text-indent: -18.0pt; background: #FFF8FD; margin: 0cm 0cm .0001pt 15.0pt;\" data-end=\"1818\" data-start=\"1753\"><!-- [if !supportLists]--><span style=\"font-size: 10.0pt; font-family: Symbol; color: black;\">\u00b7<span style=\"font: 7.0pt 'Times New Roman';\">\u00a0\u00a0\u00a0\u00a0\u00a0\u00a0 <\/span><\/span><!--[endif]--><span style=\"font-size: 11.0pt; font-family: 'Arial','sans-serif'; color: black;\">Appliquer une fine couche sur le visage, de pr\u00e9f\u00e9rence le soir.<\/span><\/p>\n<p style=\"text-indent: -18.0pt; background: #FFF8FD; margin: 0cm 0cm .0001pt 15.0pt;\" data-end=\"1903\" data-start=\"1821\"><!-- [if !supportLists]--><span style=\"font-size: 10.0pt; font-family: Symbol; color: black;\">\u00b7<span style=\"font: 7.0pt 'Times New Roman';\">\u00a0\u00a0\u00a0\u00a0\u00a0\u00a0 <\/span><\/span><!--[endif]--><span style=\"font-size: 11.0pt; font-family: 'Arial','sans-serif'; color: black;\">Peut \u00eatre utilis\u00e9e en cibl\u00e9 sur les zones de taches ou sur l\u2019ensemble du visage.<\/span><\/p>\n<p style=\"text-indent: -18.0pt; background: #FFF8FD; margin: 0cm 0cm .0001pt 15.0pt;\" data-end=\"1957\" data-start=\"1906\"><!-- [if !supportLists]--><span style=\"font-size: 10.0pt; font-family: Symbol; color: black;\">\u00b7<span style=\"font: 7.0pt 'Times New Roman';\">\u00a0\u00a0\u00a0\u00a0\u00a0\u00a0 <\/span><\/span><!--[endif]--><span style=\"font-size: 11.0pt; font-family: 'Arial','sans-serif'; color: black;\">Toujours appliquer une protection solaire le matin.<\/span><\/p>\n<p class=\"MsoNormal\"><span style=\"font-family: 'Arial','sans-serif'; color: black;\">\u00a0<\/span><\/p>\n","protected":false},"excerpt":{"rendered":"<p>La\u00a0Pore + Dark Spot Brightening Cream\u00a0est une cr\u00e8me correctrice sp\u00e9cialement formul\u00e9e pour estomper les taches pigmentaires, uniformiser le teint et resserrer les pores. Sa combinaison puissante de niacinamide, acide tranexamique et madecassoside am\u00e9liore visiblement la texture et r\u00e9duit les imperfections persistantes, tout en prot\u00e9geant la barri\u00e8re cutan\u00e9e gr\u00e2ce aux c\u00e9ramides. Formule (principaux ingr\u00e9dients) Niacinamide 5% [&hellip;]<\/p>\n","protected":false},"featured_media":30675,"template":"","meta":{"om_disable_all_campaigns":false},"product_brand":[7136],"product_cat":[18,15,1117],"product_tag":[11277,11276,11235,11278,11279,11281,11280,11285,11284,11283,11282,11286],"class_list":{"0":"post-30680","1":"product","2":"type-product","3":"status-publish","4":"has-post-thumbnail","6":"product_brand-celimax","7":"product_cat-beaute-sante","8":"product_cat-beaute-sante-complements-alimentaires-soins-et-bien-etre-au-meilleur-prix","9":"product_cat-korean-skin-care","10":"product_tag-celimax-brightening-cream","11":"product_tag-celimax-pore-dark-spot-brightening-cream","12":"product_tag-celimax-skincare","13":"product_tag-creme-anti-taches-visage","14":"product_tag-creme-eclaircissante-visage","15":"product_tag-creme-hydratante-eclat","16":"product_tag-creme-pores-dilates","17":"product_tag-creme-teint-uniforme","18":"product_tag-creme-visage-coreenne","19":"product_tag-k-beauty-brightening-cream","20":"product_tag-soin-anti-hyperpigmentation","21":"product_tag-soin-visage-35ml","23":"first","24":"instock","25":"taxable","26":"shipping-taxable","27":"purchasable","28":"product-type-simple"},"yoast_head":"<!-- This site is optimized with the Yoast SEO plugin v27.4 - https:\/\/yoast.com\/product\/yoast-seo-wordpress\/ -->\n<title>CELIMAX PORE + DARK SPOT 35 ml - Maroc Prix<\/title>\n<meta name=\"description\" content=\"La cr\u00e8me Celimax Pore + Dark Spot Brightening Cream 35ml aide \u00e0 r\u00e9duire les taches pigmentaires, illuminer le teint tout en hydratant la peau .\" \/>\n<meta name=\"robots\" content=\"index, follow, max-snippet:-1, max-image-preview:large, max-video-preview:-1\" \/>\n<link rel=\"canonical\" href=\"https:\/\/vitablanca.ma\/ar\/product-2\/celimax-pore-dark-spot-brightening-cream-35-ml\/\" \/>\n<meta property=\"og:locale\" content=\"ar_AR\" \/>\n<meta property=\"og:type\" content=\"article\" \/>\n<meta property=\"og:title\" content=\"CELIMAX PORE + DARK SPOT 35 ml - Maroc Prix\" \/>\n<meta property=\"og:description\" content=\"La cr\u00e8me Celimax Pore + Dark Spot Brightening Cream 35ml aide \u00e0 r\u00e9duire les taches pigmentaires, illuminer le teint tout en hydratant la peau .\" \/>\n<meta property=\"og:url\" content=\"https:\/\/vitablanca.ma\/ar\/product-2\/celimax-pore-dark-spot-brightening-cream-35-ml\/\" \/>\n<meta property=\"og:site_name\" content=\"Vitablanca.ma &ndash; Sant&eacute;, vitalit&eacute; et bien-&ecirc;tre pour tous les Marocains\" \/>\n<meta property=\"article:publisher\" content=\"https:\/\/www.facebook.com\/profile.php?id=61576678196717\" \/>\n<meta property=\"article:modified_time\" content=\"2026-03-07T19:43:48+00:00\" \/>\n<meta property=\"og:image\" content=\"https:\/\/vitablanca.ma\/wp-content\/uploads\/2026\/03\/CELIMAXPORE_DARKSPOTBRIGHTENINGCREAM-35ml2.jpg\" \/>\n\t<meta property=\"og:image:width\" content=\"1080\" \/>\n\t<meta property=\"og:image:height\" content=\"1080\" \/>\n\t<meta property=\"og:image:type\" content=\"image\/jpeg\" \/>\n<meta name=\"twitter:card\" content=\"summary_large_image\" \/>\n<meta name=\"twitter:label1\" content=\"\u0648\u0642\u062a \u0627\u0644\u0642\u0631\u0627\u0621\u0629 \u0627\u0644\u0645\u064f\u0642\u062f\u0651\u0631\" \/>\n\t<meta name=\"twitter:data1\" content=\"\u062f\u0642\u064a\u0642\u0629 \u0648\u0627\u062d\u062f\u0629\" \/>\n<script type=\"application\/ld+json\" class=\"yoast-schema-graph\">{\"@context\":\"https:\\\/\\\/schema.org\",\"@graph\":[{\"@type\":[\"WebPage\",\"ItemPage\"],\"@id\":\"https:\\\/\\\/vitablanca.ma\\\/produit\\\/celimax-pore-dark-spot-brightening-cream-35-ml\\\/\",\"url\":\"https:\\\/\\\/vitablanca.ma\\\/produit\\\/celimax-pore-dark-spot-brightening-cream-35-ml\\\/\",\"name\":\"CELIMAX PORE + DARK SPOT 35 ml - Maroc Prix\",\"isPartOf\":{\"@id\":\"https:\\\/\\\/vitablanca.ma\\\/#website\"},\"primaryImageOfPage\":{\"@id\":\"https:\\\/\\\/vitablanca.ma\\\/produit\\\/celimax-pore-dark-spot-brightening-cream-35-ml\\\/#primaryimage\"},\"image\":{\"@id\":\"https:\\\/\\\/vitablanca.ma\\\/produit\\\/celimax-pore-dark-spot-brightening-cream-35-ml\\\/#primaryimage\"},\"thumbnailUrl\":\"https:\\\/\\\/vitablanca.ma\\\/wp-content\\\/uploads\\\/2026\\\/03\\\/CELIMAXPORE_DARKSPOTBRIGHTENINGCREAM-35ml2.jpg\",\"datePublished\":\"2026-03-02T03:17:09+00:00\",\"dateModified\":\"2026-03-07T19:43:48+00:00\",\"description\":\"La cr\u00e8me Celimax Pore + Dark Spot Brightening Cream 35ml aide \u00e0 r\u00e9duire les taches pigmentaires, illuminer le teint tout en hydratant la peau .\",\"breadcrumb\":{\"@id\":\"https:\\\/\\\/vitablanca.ma\\\/produit\\\/celimax-pore-dark-spot-brightening-cream-35-ml\\\/#breadcrumb\"},\"inLanguage\":\"ar\",\"potentialAction\":[{\"@type\":\"ReadAction\",\"target\":[\"https:\\\/\\\/vitablanca.ma\\\/produit\\\/celimax-pore-dark-spot-brightening-cream-35-ml\\\/\"]}]},{\"@type\":\"ImageObject\",\"inLanguage\":\"ar\",\"@id\":\"https:\\\/\\\/vitablanca.ma\\\/produit\\\/celimax-pore-dark-spot-brightening-cream-35-ml\\\/#primaryimage\",\"url\":\"https:\\\/\\\/vitablanca.ma\\\/wp-content\\\/uploads\\\/2026\\\/03\\\/CELIMAXPORE_DARKSPOTBRIGHTENINGCREAM-35ml2.jpg\",\"contentUrl\":\"https:\\\/\\\/vitablanca.ma\\\/wp-content\\\/uploads\\\/2026\\\/03\\\/CELIMAXPORE_DARKSPOTBRIGHTENINGCREAM-35ml2.jpg\",\"width\":1080,\"height\":1080},{\"@type\":\"BreadcrumbList\",\"@id\":\"https:\\\/\\\/vitablanca.ma\\\/produit\\\/celimax-pore-dark-spot-brightening-cream-35-ml\\\/#breadcrumb\",\"itemListElement\":[{\"@type\":\"ListItem\",\"position\":1,\"name\":\"Home\",\"item\":\"https:\\\/\\\/vitablanca.ma\\\/\"},{\"@type\":\"ListItem\",\"position\":2,\"name\":\"Tous Les Produits\",\"item\":\"https:\\\/\\\/vitablanca.ma\\\/tous-les-produits\\\/\"},{\"@type\":\"ListItem\",\"position\":3,\"name\":\"CELIMAX PORE + DARK SPOT BRIGHTENING CREAM &#8211; 35 ml\"}]},{\"@type\":\"WebSite\",\"@id\":\"https:\\\/\\\/vitablanca.ma\\\/#website\",\"url\":\"https:\\\/\\\/vitablanca.ma\\\/\",\"name\":\"VitaBlanca.ma | Compl\u00e9ments alimentaires, sant\u00e9 & beaut\u00e9 au Maroc\",\"description\":\"vendre vitamines et compl\u00e9ments premium des USA &amp; Canada, Nouvelle Z\u00e9lande,Maroc (NOW Foods, Solgar, Manuka). Livraison rapide partout au Maroc.\",\"publisher\":{\"@id\":\"https:\\\/\\\/vitablanca.ma\\\/#organization\"},\"alternateName\":\"VitaBlanca.ma\",\"potentialAction\":[{\"@type\":\"SearchAction\",\"target\":{\"@type\":\"EntryPoint\",\"urlTemplate\":\"https:\\\/\\\/vitablanca.ma\\\/?s={search_term_string}\"},\"query-input\":{\"@type\":\"PropertyValueSpecification\",\"valueRequired\":true,\"valueName\":\"search_term_string\"}}],\"inLanguage\":\"ar\"},{\"@type\":\"Organization\",\"@id\":\"https:\\\/\\\/vitablanca.ma\\\/#organization\",\"name\":\"VitaBlanca\",\"url\":\"https:\\\/\\\/vitablanca.ma\\\/\",\"logo\":{\"@type\":\"ImageObject\",\"inLanguage\":\"ar\",\"@id\":\"https:\\\/\\\/vitablanca.ma\\\/#\\\/schema\\\/logo\\\/image\\\/\",\"url\":\"https:\\\/\\\/vitablanca.ma\\\/wp-content\\\/uploads\\\/2025\\\/05\\\/cropped-vitablanca.png\",\"contentUrl\":\"https:\\\/\\\/vitablanca.ma\\\/wp-content\\\/uploads\\\/2025\\\/05\\\/cropped-vitablanca.png\",\"width\":360,\"height\":67,\"caption\":\"VitaBlanca\"},\"image\":{\"@id\":\"https:\\\/\\\/vitablanca.ma\\\/#\\\/schema\\\/logo\\\/image\\\/\"},\"sameAs\":[\"https:\\\/\\\/www.facebook.com\\\/profile.php?id=61576678196717\",\"https:\\\/\\\/www.tiktok.com\\\/@vitablanca.ma\",\"https:\\\/\\\/www.instagram.com\\\/vitablanca.ma\\\/\"]}]}<\/script>\n<!-- \/ Yoast SEO plugin. -->","yoast_head_json":{"title":"CELIMAX PORE + DARK SPOT 35 ml - Maroc Prix","description":"La cr\u00e8me Celimax Pore + Dark Spot Brightening Cream 35ml aide \u00e0 r\u00e9duire les taches pigmentaires, illuminer le teint tout en hydratant la peau .","robots":{"index":"index","follow":"follow","max-snippet":"max-snippet:-1","max-image-preview":"max-image-preview:large","max-video-preview":"max-video-preview:-1"},"canonical":"https:\/\/vitablanca.ma\/ar\/product-2\/celimax-pore-dark-spot-brightening-cream-35-ml\/","og_locale":"ar_AR","og_type":"article","og_title":"CELIMAX PORE + DARK SPOT 35 ml - Maroc Prix","og_description":"La cr\u00e8me Celimax Pore + Dark Spot Brightening Cream 35ml aide \u00e0 r\u00e9duire les taches pigmentaires, illuminer le teint tout en hydratant la peau .","og_url":"https:\/\/vitablanca.ma\/ar\/product-2\/celimax-pore-dark-spot-brightening-cream-35-ml\/","og_site_name":"Vitablanca.ma &ndash; Sant&eacute;, vitalit&eacute; et bien-&ecirc;tre pour tous les Marocains","article_publisher":"https:\/\/www.facebook.com\/profile.php?id=61576678196717","article_modified_time":"2026-03-07T19:43:48+00:00","og_image":[{"width":1080,"height":1080,"url":"https:\/\/vitablanca.ma\/wp-content\/uploads\/2026\/03\/CELIMAXPORE_DARKSPOTBRIGHTENINGCREAM-35ml2.jpg","type":"image\/jpeg"}],"twitter_card":"summary_large_image","twitter_misc":{"\u0648\u0642\u062a \u0627\u0644\u0642\u0631\u0627\u0621\u0629 \u0627\u0644\u0645\u064f\u0642\u062f\u0651\u0631":"\u062f\u0642\u064a\u0642\u0629 \u0648\u0627\u062d\u062f\u0629"},"schema":{"@context":"https:\/\/schema.org","@graph":[{"@type":["WebPage","ItemPage"],"@id":"https:\/\/vitablanca.ma\/produit\/celimax-pore-dark-spot-brightening-cream-35-ml\/","url":"https:\/\/vitablanca.ma\/produit\/celimax-pore-dark-spot-brightening-cream-35-ml\/","name":"CELIMAX PORE + DARK SPOT 35 ml - Maroc Prix","isPartOf":{"@id":"https:\/\/vitablanca.ma\/#website"},"primaryImageOfPage":{"@id":"https:\/\/vitablanca.ma\/produit\/celimax-pore-dark-spot-brightening-cream-35-ml\/#primaryimage"},"image":{"@id":"https:\/\/vitablanca.ma\/produit\/celimax-pore-dark-spot-brightening-cream-35-ml\/#primaryimage"},"thumbnailUrl":"https:\/\/vitablanca.ma\/wp-content\/uploads\/2026\/03\/CELIMAXPORE_DARKSPOTBRIGHTENINGCREAM-35ml2.jpg","datePublished":"2026-03-02T03:17:09+00:00","dateModified":"2026-03-07T19:43:48+00:00","description":"La cr\u00e8me Celimax Pore + Dark Spot Brightening Cream 35ml aide \u00e0 r\u00e9duire les taches pigmentaires, illuminer le teint tout en hydratant la peau .","breadcrumb":{"@id":"https:\/\/vitablanca.ma\/produit\/celimax-pore-dark-spot-brightening-cream-35-ml\/#breadcrumb"},"inLanguage":"ar","potentialAction":[{"@type":"ReadAction","target":["https:\/\/vitablanca.ma\/produit\/celimax-pore-dark-spot-brightening-cream-35-ml\/"]}]},{"@type":"ImageObject","inLanguage":"ar","@id":"https:\/\/vitablanca.ma\/produit\/celimax-pore-dark-spot-brightening-cream-35-ml\/#primaryimage","url":"https:\/\/vitablanca.ma\/wp-content\/uploads\/2026\/03\/CELIMAXPORE_DARKSPOTBRIGHTENINGCREAM-35ml2.jpg","contentUrl":"https:\/\/vitablanca.ma\/wp-content\/uploads\/2026\/03\/CELIMAXPORE_DARKSPOTBRIGHTENINGCREAM-35ml2.jpg","width":1080,"height":1080},{"@type":"BreadcrumbList","@id":"https:\/\/vitablanca.ma\/produit\/celimax-pore-dark-spot-brightening-cream-35-ml\/#breadcrumb","itemListElement":[{"@type":"ListItem","position":1,"name":"Home","item":"https:\/\/vitablanca.ma\/"},{"@type":"ListItem","position":2,"name":"Tous Les Produits","item":"https:\/\/vitablanca.ma\/tous-les-produits\/"},{"@type":"ListItem","position":3,"name":"CELIMAX PORE + DARK SPOT BRIGHTENING CREAM &#8211; 35 ml"}]},{"@type":"WebSite","@id":"https:\/\/vitablanca.ma\/#website","url":"https:\/\/vitablanca.ma\/","name":"VitaBlanca.ma | \u0627\u0644\u0645\u0643\u0645\u0644\u0627\u062a \u0627\u0644\u063a\u0630\u0627\u0626\u064a\u0629\u060c \u0627\u0644\u0635\u062d\u0629 \u0648\u0627\u0644\u062c\u0645\u0627\u0644 \u0641\u064a \u0627\u0644\u0645\u063a\u0631\u0628","description":"\u0646\u0628\u064a\u0639 \u0641\u064a\u062a\u0627\u0645\u064a\u0646\u0627\u062a \u0648\u0645\u0643\u0645\u0644\u0627\u062a \u063a\u0630\u0627\u0626\u064a\u0629 \u0641\u0627\u062e\u0631\u0629 \u0645\u0646 \u0627\u0644\u0648\u0644\u0627\u064a\u0627\u062a \u0627\u0644\u0645\u062a\u062d\u062f\u0629 \u0627\u0644\u0623\u0645\u0631\u064a\u0643\u064a\u0629 \u0648\u0643\u0646\u062f\u0627 \u0648\u0646\u064a\u0648\u0632\u064a\u0644\u0646\u062f\u0627 \u0648\u0627\u0644\u0645\u063a\u0631\u0628 (\u0646\u0627\u0648 \u0641\u0648\u062f\u0632\u060c \u0633\u0648\u0644\u062c\u0627\u0631\u060c \u0645\u0627\u0646\u0648\u0643\u0627). \u062a\u0648\u0635\u064a\u0644 \u0633\u0631\u064a\u0639 \u0625\u0644\u0649 \u062c\u0645\u064a\u0639 \u0623\u0646\u062d\u0627\u0621 \u0627\u0644\u0645\u063a\u0631\u0628.","publisher":{"@id":"https:\/\/vitablanca.ma\/#organization"},"alternateName":"VitaBlanca.ma","potentialAction":[{"@type":"SearchAction","target":{"@type":"EntryPoint","urlTemplate":"https:\/\/vitablanca.ma\/?s={search_term_string}"},"query-input":{"@type":"PropertyValueSpecification","valueRequired":true,"valueName":"search_term_string"}}],"inLanguage":"ar"},{"@type":"Organization","@id":"https:\/\/vitablanca.ma\/#organization","name":"\u0641\u064a\u062a\u0627\u0628\u0644\u0627\u0646\u0643\u0627","url":"https:\/\/vitablanca.ma\/","logo":{"@type":"ImageObject","inLanguage":"ar","@id":"https:\/\/vitablanca.ma\/#\/schema\/logo\/image\/","url":"https:\/\/vitablanca.ma\/wp-content\/uploads\/2025\/05\/cropped-vitablanca.png","contentUrl":"https:\/\/vitablanca.ma\/wp-content\/uploads\/2025\/05\/cropped-vitablanca.png","width":360,"height":67,"caption":"VitaBlanca"},"image":{"@id":"https:\/\/vitablanca.ma\/#\/schema\/logo\/image\/"},"sameAs":["https:\/\/www.facebook.com\/profile.php?id=61576678196717","https:\/\/www.tiktok.com\/@vitablanca.ma","https:\/\/www.instagram.com\/vitablanca.ma\/"]}]}},"jetpack_sharing_enabled":true,"_links":{"self":[{"href":"https:\/\/vitablanca.ma\/ar\/wp-json\/wp\/v2\/product\/30680","targetHints":{"allow":["GET"]}}],"collection":[{"href":"https:\/\/vitablanca.ma\/ar\/wp-json\/wp\/v2\/product"}],"about":[{"href":"https:\/\/vitablanca.ma\/ar\/wp-json\/wp\/v2\/types\/product"}],"wp:featuredmedia":[{"embeddable":true,"href":"https:\/\/vitablanca.ma\/ar\/wp-json\/wp\/v2\/media\/30675"}],"wp:attachment":[{"href":"https:\/\/vitablanca.ma\/ar\/wp-json\/wp\/v2\/media?parent=30680"}],"wp:term":[{"taxonomy":"product_brand","embeddable":true,"href":"https:\/\/vitablanca.ma\/ar\/wp-json\/wp\/v2\/product_brand?post=30680"},{"taxonomy":"product_cat","embeddable":true,"href":"https:\/\/vitablanca.ma\/ar\/wp-json\/wp\/v2\/product_cat?post=30680"},{"taxonomy":"product_tag","embeddable":true,"href":"https:\/\/vitablanca.ma\/ar\/wp-json\/wp\/v2\/product_tag?post=30680"}],"curies":[{"name":"wp","href":"https:\/\/api.w.org\/{rel}","templated":true}]}}